{"id":12036,"date":"2023-05-03T14:42:15","date_gmt":"2023-05-03T12:42:15","guid":{"rendered":"https:\/\/van-beek.nl\/?page_id=12036"},"modified":"2023-09-12T11:25:42","modified_gmt":"2023-09-12T09:25:42","slug":"omega-schneckenfoerderer","status":"publish","type":"page","link":"https:\/\/www.van-beek.nl\/de\/schneckenfoerderer\/massenguttransport\/omega-schneckenfoerderer\/","title":{"rendered":"Omega F\u00f6rderer"},"content":{"rendered":"<p><strong>Omega-Steigschnecken erm\u00f6glichen einen schnellen Produktwechsel ohne Kontaminationsrisiko. Der Vorteil dieses Steigschnecken-Systems sind die hochklappbaren Deckel, wodurch die Anlage sich leicht reinigen und inspizieren l\u00e4sst. Diese Omega-Steigschnecken werden h\u00e4ufig eingesetzt, um ein Produkt zu einem h\u00f6her gelegenen Sch\u00fcttpunkt zu bef\u00f6rdern.<\/strong><\/p>\n<h2><strong>Was ist eine Omega-Steigschnecke?<\/strong><\/h2>\n<p>Das Omega-Hebesystem besteht aus einer F\u00f6rderschnecke, die in ein spezielles Trogprofil platziert ist. Das System verf\u00fcgt \u00fcber:<\/p>\n<ul>\n<li>Einlauftrichter<\/li>\n<li>Sicherheitsgitter<\/li>\n<li>mobiles oder fest installiertes Gestell<\/li>\n<li>abnehmbare Scharnierdeckel mit Schnellschnallen und Sicherheitsschalter.<\/li>\n<\/ul>\n<h2><strong>Omega-Steigschnecke: Trog- und Rohrschnecke in einem <\/strong><\/h2>\n<p>In Omega-Steigschnecken sind die Eigenschaften van <a href=\"https:\/\/van-beek.nl\/de\/schneckenfoerderer\/massenguttransport\/trogschnecken\/\">Trogschnecken<\/a> und <a href=\"https:\/\/van-beek.nl\/de\/schneckenfoerderer\/massenguttransport\/rohrschnecken\/\">Rohrschnecken<\/a> kombiniert. Die Reinigung und Inspektion der Schnecke und des Trogs erfolgen \u00fcber mehrere Deckel. Der Transport des Produkts nach oben wird durch das Profil der Trogschnecke erm\u00f6glicht, das dem umgekehrten griechischen Buchstaben Omega \u00e4hnelt.<\/p>\n<h2><strong>Bef\u00f6rderung von Rohstoffen f\u00fcr die Nahrungsmittel-, Chemie- und Pharmaindustrie<\/strong><\/h2>\n<p>Omega-Steigschnecken werden unter anderem in Extruderlinien, zur Beschickung von Mischern oder des Hoppers einer Verpackungsmaschine eingesetzt. Sie sind auch zur Steilf\u00f6rderung sehr explosionsgef\u00e4hrdeter Produkte (ATEX) wie St\u00e4rkepulver, Mehl und sonstiger Pulver zu h\u00f6her gelegenen Verarbeitungsanlagen geeignet. Lesen Sie die <a href=\"https:\/\/van-beek.nl\/de\/schneckenfoerderer\/nachrichten\/\">Fallbeispiele<\/a> f\u00fcr Erfahrungen von Unternehmen, die unsere Omega-Steigschnecken verwenden.<\/p>\n<h2><strong>Omega-Steigschnecken auf engem Raum<\/strong><\/h2>\n<p>Omega-Steigschnecken k\u00f6nnen Produkte in einem Winkel von bis zu 90\u00b0 (senkrecht) anheben. Dies ist ideale L\u00f6sung, wenn Stoffe raumsparend unter Einsatz von schnell reinigbaren Steigschnecken nach oben transportiert werden sollen.<\/p>\n<h2><strong>Dino, herk\u00f6mmliche Steigschnecke oder Omega-Steigschnecke?<\/strong><\/h2>\n<p>Ben\u00f6tigen Sie eine geringe Hebekapazit\u00e4t und m\u00f6chten Sie schnell zwischen Produkten wechseln? Muss Ihre Anlage strengsten Lebensmittelsicherheits-, Hygiene- oder ATEX-Vorschriften gen\u00fcgen? Erkundigen Sie sich nach unseren Omega-Steigschnecken.<\/p>\n<h2><strong>Bei Bedarf Einzelanfertigung<\/strong><\/h2>\n<p>Welche Bef\u00f6rderungstechnik passt am besten f\u00fcr Ihre Situation? Van Beek verf\u00fcgt \u00fcber mehr als ein halbes Jahrhundert Erfahrung mit dem Einbau von Schneckenf\u00f6rderern. Wir geh\u00f6ren der <a href=\"http:\/\/www.ehedg.org\/\">European Hygienic Engineering &amp; Design Group<\/a> (EHEDG) und dem <a href=\"http:\/\/www.hdn4food.com\/\">Hygienic Design Network<\/a> (HDN) an. Aufgrund der gemeinsamen Kenntnisse und Erfahrungen wissen wir immer, welcher Weg am besten zu Ihren Verfahren eingeschlagen werden kann.<\/p>\n<p>M\u00f6chten Sie sich n\u00e4her \u00fcber unsere innovativen Reinigungstechniken informieren? Lesen Sie mehr \u00fcber die Einhaltung von Hygienestandards bei <a href=\"https:\/\/van-beek.nl\/schroeftransporteurs\/hypreme-hygienische-transporteurs\/\">Hypreme<\/a>, schauen Sie direkt bei <a href=\"https:\/\/van-beek.nl\/de\/schneckenfoerderer\/hygienische-foerderanlagen\/speedclean\/\">SpeedClean <\/a>und <a href=\"https:\/\/van-beek.nl\/schroeftransporteurs\/hypreme-hygienische-transporteurs\/easyclean\/\">EasyClean <\/a>vorbei oder nehmen Sie <a href=\"https:\/\/van-beek.nl\/de\/kontakt\/\">Kontakt <\/a>mit uns auf.<\/p>\n<h3><strong>M\u00f6chten Sie mehr \u00fcber unsere Omega-Steigschnecken erfahren? Bitte wenden Sie sich dann an uns. <\/strong><\/h3>\n","protected":false},"excerpt":{"rendered":"<p>Omega-Steigschnecken erm\u00f6glichen einen schnellen Produktwechsel ohne Kontaminationsrisiko. Der Vorteil dieses Steigschnecken-Systems sind die hochklappbaren Deckel, wodurch die Anlage sich leicht reinigen und inspizieren l\u00e4sst. Diese Omega-Steigschnecken werden h\u00e4ufig eingesetzt, um ein Produkt zu einem h\u00f6her gelegenen Sch\u00fcttpunkt zu bef\u00f6rdern. Was ist eine Omega-Steigschnecke? Das Omega-Hebesystem besteht aus einer F\u00f6rderschnecke, die in ein spezielles Trogprofil platziert [&hellip;]<\/p>\n","protected":false},"author":5,"featured_media":11999,"parent":3815,"menu_order":3,"comment_status":"closed","ping_status":"closed","template":"product.php","meta":{"_acf_changed":false,"content-type":"","inline_featured_image":false,"footnotes":""},"class_list":["post-12036","page","type-page","status-publish","has-post-thumbnail","hentry"],"acf":[],"yoast_head":"<!-- This site is optimized with the Yoast SEO plugin v27.5 - https:\/\/yoast.com\/product\/yoast-seo-wordpress\/ -->\n<title>- Van Beek Schroeftransport<\/title>\n<meta name=\"robots\" content=\"index, follow, max-snippet:-1, max-image-preview:large, max-video-preview:-1\" \/>\n<link rel=\"canonical\" href=\"https:\/\/www.van-beek.nl\/de\/schneckenfoerderer\/massenguttransport\/omega-schneckenfoerderer\/\" \/>\n<meta property=\"og:locale\" content=\"de_DE\" \/>\n<meta property=\"og:type\" content=\"article\" \/>\n<meta property=\"og:title\" content=\"- Van Beek Schroeftransport\" \/>\n<meta property=\"og:description\" content=\"Omega-Steigschnecken erm\u00f6glichen einen schnellen Produktwechsel ohne Kontaminationsrisiko. Der Vorteil dieses Steigschnecken-Systems sind die hochklappbaren Deckel, wodurch die Anlage sich leicht reinigen und inspizieren l\u00e4sst. Diese Omega-Steigschnecken werden h\u00e4ufig eingesetzt, um ein Produkt zu einem h\u00f6her gelegenen Sch\u00fcttpunkt zu bef\u00f6rdern. Was ist eine Omega-Steigschnecke? Das Omega-Hebesystem besteht aus einer F\u00f6rderschnecke, die in ein spezielles Trogprofil platziert [&hellip;]\" \/>\n<meta property=\"og:url\" content=\"https:\/\/www.van-beek.nl\/de\/schneckenfoerderer\/massenguttransport\/omega-schneckenfoerderer\/\" \/>\n<meta property=\"og:site_name\" content=\"Van Beek Schroeftransport\" \/>\n<meta property=\"article:modified_time\" content=\"2023-09-12T09:25:42+00:00\" \/>\n<meta property=\"og:image\" content=\"https:\/\/www.van-beek.nl\/wp-content\/uploads\/2023\/05\/Omega2.png\" \/>\n\t<meta property=\"og:image:width\" content=\"3999\" \/>\n\t<meta property=\"og:image:height\" content=\"2479\" \/>\n\t<meta property=\"og:image:type\" content=\"image\/png\" \/>\n<meta name=\"twitter:card\" content=\"summary_large_image\" \/>\n<meta name=\"twitter:label1\" content=\"Gesch\u00e4tzte Lesezeit\" \/>\n\t<meta name=\"twitter:data1\" content=\"2\u00a0Minuten\" \/>\n<script type=\"application\/ld+json\" class=\"yoast-schema-graph\">{\"@context\":\"https:\\\/\\\/schema.org\",\"@graph\":[{\"@type\":\"WebPage\",\"@id\":\"https:\\\/\\\/www.van-beek.nl\\\/de\\\/schneckenfoerderer\\\/massenguttransport\\\/omega-schneckenfoerderer\\\/\",\"url\":\"https:\\\/\\\/www.van-beek.nl\\\/de\\\/schneckenfoerderer\\\/massenguttransport\\\/omega-schneckenfoerderer\\\/\",\"name\":\"- Van Beek Schroeftransport\",\"isPartOf\":{\"@id\":\"https:\\\/\\\/www.van-beek.nl\\\/de\\\/#website\"},\"primaryImageOfPage\":{\"@id\":\"https:\\\/\\\/www.van-beek.nl\\\/de\\\/schneckenfoerderer\\\/massenguttransport\\\/omega-schneckenfoerderer\\\/#primaryimage\"},\"image\":{\"@id\":\"https:\\\/\\\/www.van-beek.nl\\\/de\\\/schneckenfoerderer\\\/massenguttransport\\\/omega-schneckenfoerderer\\\/#primaryimage\"},\"thumbnailUrl\":\"https:\\\/\\\/www.van-beek.nl\\\/wp-content\\\/uploads\\\/2023\\\/05\\\/Omega2.png\",\"datePublished\":\"2023-05-03T12:42:15+00:00\",\"dateModified\":\"2023-09-12T09:25:42+00:00\",\"breadcrumb\":{\"@id\":\"https:\\\/\\\/www.van-beek.nl\\\/de\\\/schneckenfoerderer\\\/massenguttransport\\\/omega-schneckenfoerderer\\\/#breadcrumb\"},\"inLanguage\":\"de\",\"potentialAction\":[{\"@type\":\"ReadAction\",\"target\":[\"https:\\\/\\\/www.van-beek.nl\\\/de\\\/schneckenfoerderer\\\/massenguttransport\\\/omega-schneckenfoerderer\\\/\"]}]},{\"@type\":\"ImageObject\",\"inLanguage\":\"de\",\"@id\":\"https:\\\/\\\/www.van-beek.nl\\\/de\\\/schneckenfoerderer\\\/massenguttransport\\\/omega-schneckenfoerderer\\\/#primaryimage\",\"url\":\"https:\\\/\\\/www.van-beek.nl\\\/wp-content\\\/uploads\\\/2023\\\/05\\\/Omega2.png\",\"contentUrl\":\"https:\\\/\\\/www.van-beek.nl\\\/wp-content\\\/uploads\\\/2023\\\/05\\\/Omega2.png\",\"width\":3999,\"height\":2479,\"caption\":\"Met omegaschroeven kunt u snel overschakelen van het ene product op het andere zonder risico op contaminatie.\"},{\"@type\":\"BreadcrumbList\",\"@id\":\"https:\\\/\\\/www.van-beek.nl\\\/de\\\/schneckenfoerderer\\\/massenguttransport\\\/omega-schneckenfoerderer\\\/#breadcrumb\",\"itemListElement\":[{\"@type\":\"ListItem\",\"position\":1,\"name\":\"Home\",\"item\":\"https:\\\/\\\/www.van-beek.nl\\\/de\\\/\"},{\"@type\":\"ListItem\",\"position\":2,\"name\":\"Schneckenf\u00f6rderer\",\"item\":\"https:\\\/\\\/www.van-beek.nl\\\/de\\\/schneckenfoerderer\\\/\"},{\"@type\":\"ListItem\",\"position\":3,\"name\":\"Massenguttransport\",\"item\":\"https:\\\/\\\/www.van-beek.nl\\\/de\\\/schneckenfoerderer\\\/massenguttransport\\\/\"},{\"@type\":\"ListItem\",\"position\":4,\"name\":\"Omega F\u00f6rderer\"}]},{\"@type\":\"WebSite\",\"@id\":\"https:\\\/\\\/www.van-beek.nl\\\/de\\\/#website\",\"url\":\"https:\\\/\\\/www.van-beek.nl\\\/de\\\/\",\"name\":\"Van Beek Schroeftransport\",\"description\":\"\",\"publisher\":{\"@id\":\"https:\\\/\\\/www.van-beek.nl\\\/de\\\/#organization\"},\"potentialAction\":[{\"@type\":\"SearchAction\",\"target\":{\"@type\":\"EntryPoint\",\"urlTemplate\":\"https:\\\/\\\/www.van-beek.nl\\\/de\\\/?s={search_term_string}\"},\"query-input\":{\"@type\":\"PropertyValueSpecification\",\"valueRequired\":true,\"valueName\":\"search_term_string\"}}],\"inLanguage\":\"de\"},{\"@type\":\"Organization\",\"@id\":\"https:\\\/\\\/www.van-beek.nl\\\/de\\\/#organization\",\"name\":\"Transportschroeven- en machinefabriek Van Beek B.V.\",\"url\":\"https:\\\/\\\/www.van-beek.nl\\\/de\\\/\",\"logo\":{\"@type\":\"ImageObject\",\"inLanguage\":\"de\",\"@id\":\"https:\\\/\\\/www.van-beek.nl\\\/de\\\/#\\\/schema\\\/logo\\\/image\\\/\",\"url\":\"https:\\\/\\\/van-beek.nl\\\/wp-content\\\/uploads\\\/2020\\\/04\\\/VanBeek-logo.png\",\"contentUrl\":\"https:\\\/\\\/van-beek.nl\\\/wp-content\\\/uploads\\\/2020\\\/04\\\/VanBeek-logo.png\",\"width\":116,\"height\":22,\"caption\":\"Transportschroeven- en machinefabriek Van Beek B.V.\"},\"image\":{\"@id\":\"https:\\\/\\\/www.van-beek.nl\\\/de\\\/#\\\/schema\\\/logo\\\/image\\\/\"}}]}<\/script>\n<!-- \/ Yoast SEO plugin. -->","yoast_head_json":{"title":"- Van Beek Schroeftransport","robots":{"index":"index","follow":"follow","max-snippet":"max-snippet:-1","max-image-preview":"max-image-preview:large","max-video-preview":"max-video-preview:-1"},"canonical":"https:\/\/www.van-beek.nl\/de\/schneckenfoerderer\/massenguttransport\/omega-schneckenfoerderer\/","og_locale":"de_DE","og_type":"article","og_title":"- Van Beek Schroeftransport","og_description":"Omega-Steigschnecken erm\u00f6glichen einen schnellen Produktwechsel ohne Kontaminationsrisiko. Der Vorteil dieses Steigschnecken-Systems sind die hochklappbaren Deckel, wodurch die Anlage sich leicht reinigen und inspizieren l\u00e4sst. Diese Omega-Steigschnecken werden h\u00e4ufig eingesetzt, um ein Produkt zu einem h\u00f6her gelegenen Sch\u00fcttpunkt zu bef\u00f6rdern. Was ist eine Omega-Steigschnecke? Das Omega-Hebesystem besteht aus einer F\u00f6rderschnecke, die in ein spezielles Trogprofil platziert [&hellip;]","og_url":"https:\/\/www.van-beek.nl\/de\/schneckenfoerderer\/massenguttransport\/omega-schneckenfoerderer\/","og_site_name":"Van Beek Schroeftransport","article_modified_time":"2023-09-12T09:25:42+00:00","og_image":[{"width":3999,"height":2479,"url":"https:\/\/www.van-beek.nl\/wp-content\/uploads\/2023\/05\/Omega2.png","type":"image\/png"}],"twitter_card":"summary_large_image","twitter_misc":{"Gesch\u00e4tzte Lesezeit":"2\u00a0Minuten"},"schema":{"@context":"https:\/\/schema.org","@graph":[{"@type":"WebPage","@id":"https:\/\/www.van-beek.nl\/de\/schneckenfoerderer\/massenguttransport\/omega-schneckenfoerderer\/","url":"https:\/\/www.van-beek.nl\/de\/schneckenfoerderer\/massenguttransport\/omega-schneckenfoerderer\/","name":"- Van Beek Schroeftransport","isPartOf":{"@id":"https:\/\/www.van-beek.nl\/de\/#website"},"primaryImageOfPage":{"@id":"https:\/\/www.van-beek.nl\/de\/schneckenfoerderer\/massenguttransport\/omega-schneckenfoerderer\/#primaryimage"},"image":{"@id":"https:\/\/www.van-beek.nl\/de\/schneckenfoerderer\/massenguttransport\/omega-schneckenfoerderer\/#primaryimage"},"thumbnailUrl":"https:\/\/www.van-beek.nl\/wp-content\/uploads\/2023\/05\/Omega2.png","datePublished":"2023-05-03T12:42:15+00:00","dateModified":"2023-09-12T09:25:42+00:00","breadcrumb":{"@id":"https:\/\/www.van-beek.nl\/de\/schneckenfoerderer\/massenguttransport\/omega-schneckenfoerderer\/#breadcrumb"},"inLanguage":"de","potentialAction":[{"@type":"ReadAction","target":["https:\/\/www.van-beek.nl\/de\/schneckenfoerderer\/massenguttransport\/omega-schneckenfoerderer\/"]}]},{"@type":"ImageObject","inLanguage":"de","@id":"https:\/\/www.van-beek.nl\/de\/schneckenfoerderer\/massenguttransport\/omega-schneckenfoerderer\/#primaryimage","url":"https:\/\/www.van-beek.nl\/wp-content\/uploads\/2023\/05\/Omega2.png","contentUrl":"https:\/\/www.van-beek.nl\/wp-content\/uploads\/2023\/05\/Omega2.png","width":3999,"height":2479,"caption":"Met omegaschroeven kunt u snel overschakelen van het ene product op het andere zonder risico op contaminatie."},{"@type":"BreadcrumbList","@id":"https:\/\/www.van-beek.nl\/de\/schneckenfoerderer\/massenguttransport\/omega-schneckenfoerderer\/#breadcrumb","itemListElement":[{"@type":"ListItem","position":1,"name":"Home","item":"https:\/\/www.van-beek.nl\/de\/"},{"@type":"ListItem","position":2,"name":"Schneckenf\u00f6rderer","item":"https:\/\/www.van-beek.nl\/de\/schneckenfoerderer\/"},{"@type":"ListItem","position":3,"name":"Massenguttransport","item":"https:\/\/www.van-beek.nl\/de\/schneckenfoerderer\/massenguttransport\/"},{"@type":"ListItem","position":4,"name":"Omega F\u00f6rderer"}]},{"@type":"WebSite","@id":"https:\/\/www.van-beek.nl\/de\/#website","url":"https:\/\/www.van-beek.nl\/de\/","name":"Van Beek Schroeftransport","description":"","publisher":{"@id":"https:\/\/www.van-beek.nl\/de\/#organization"},"potentialAction":[{"@type":"SearchAction","target":{"@type":"EntryPoint","urlTemplate":"https:\/\/www.van-beek.nl\/de\/?s={search_term_string}"},"query-input":{"@type":"PropertyValueSpecification","valueRequired":true,"valueName":"search_term_string"}}],"inLanguage":"de"},{"@type":"Organization","@id":"https:\/\/www.van-beek.nl\/de\/#organization","name":"Transportschroeven- en machinefabriek Van Beek B.V.","url":"https:\/\/www.van-beek.nl\/de\/","logo":{"@type":"ImageObject","inLanguage":"de","@id":"https:\/\/www.van-beek.nl\/de\/#\/schema\/logo\/image\/","url":"https:\/\/van-beek.nl\/wp-content\/uploads\/2020\/04\/VanBeek-logo.png","contentUrl":"https:\/\/van-beek.nl\/wp-content\/uploads\/2020\/04\/VanBeek-logo.png","width":116,"height":22,"caption":"Transportschroeven- en machinefabriek Van Beek B.V."},"image":{"@id":"https:\/\/www.van-beek.nl\/de\/#\/schema\/logo\/image\/"}}]}},"_links":{"self":[{"href":"https:\/\/www.van-beek.nl\/de\/wp-json\/wp\/v2\/pages\/12036","targetHints":{"allow":["GET"]}}],"collection":[{"href":"https:\/\/www.van-beek.nl\/de\/wp-json\/wp\/v2\/pages"}],"about":[{"href":"https:\/\/www.van-beek.nl\/de\/wp-json\/wp\/v2\/types\/page"}],"author":[{"embeddable":true,"href":"https:\/\/www.van-beek.nl\/de\/wp-json\/wp\/v2\/users\/5"}],"replies":[{"embeddable":true,"href":"https:\/\/www.van-beek.nl\/de\/wp-json\/wp\/v2\/comments?post=12036"}],"version-history":[{"count":7,"href":"https:\/\/www.van-beek.nl\/de\/wp-json\/wp\/v2\/pages\/12036\/revisions"}],"predecessor-version":[{"id":12312,"href":"https:\/\/www.van-beek.nl\/de\/wp-json\/wp\/v2\/pages\/12036\/revisions\/12312"}],"up":[{"embeddable":true,"href":"https:\/\/www.van-beek.nl\/de\/wp-json\/wp\/v2\/pages\/3815"}],"wp:featuredmedia":[{"embeddable":true,"href":"https:\/\/www.van-beek.nl\/de\/wp-json\/wp\/v2\/media\/11999"}],"wp:attachment":[{"href":"https:\/\/www.van-beek.nl\/de\/wp-json\/wp\/v2\/media?parent=12036"}],"curies":[{"name":"wp","href":"https:\/\/api.w.org\/{rel}","templated":true}]}}