{"id":12981,"date":"2025-01-09T12:23:13","date_gmt":"2025-01-09T10:23:13","guid":{"rendered":"https:\/\/van-beek.nl\/?page_id=12981"},"modified":"2025-01-09T12:23:47","modified_gmt":"2025-01-09T10:23:47","slug":"celsius-volta","status":"publish","type":"page","link":"https:\/\/www.van-beek.nl\/de\/celsius-schneckenwaermetauscher\/celsius-volta\/","title":{"rendered":"Celsius Volta"},"content":{"rendered":"<p><strong>Van Beek lanciert den Celsius Volta, einen innovativen, elektrisch beheizten Schneckenw\u00e4rmetauscher. Diese Neuentwicklung bietet mindestens 25\u00a0% Energieeinsparung und dank der individuell einstellbaren Temperaturzonen eine verbesserte Prozesssteuerung.<\/strong><\/p>\n<h3><strong>Effizient und nachhaltig<\/strong><\/h3>\n<p>Im Celsius Volta werden die Produkte ohne Einsatz eines W\u00e4rmetr\u00e4gers wie Dampf, Hei\u00dfwasser oder thermischem \u00d6l erhitzt und getrocknet. Energieverluste durch W\u00e4rme\u00fcbertragung in Leitungen werden vermieden, das Risiko von Leckagen wird ausgeschlossen und die Energieinfrastruktur des Prozesses wird wesentlich vereinfacht. Die elektrische Erhitzung erfolgt auf effiziente Weise direkt in der Maschine. Da die Anlage ohne W\u00e4rmetr\u00e4ger auskommt, wird sie schneller aufgeheizt. Die Energieverluste beim Abk\u00fchlen werden gesenkt.<\/p>\n<h3><strong>Optimale Prozesssteuerung<\/strong><\/h3>\n<p>Da einzelne Temperaturzonen bestimmt werden k\u00f6nnen, ist das Verfahren genauer kontrollierbar. Das spielt bei Produktionsverfahren, bei denen ein allm\u00e4hlicher Temperaturanstieg gew\u00fcnscht wird oder bestimmte Temperatureinstellungen \u00fcber die L\u00e4nge der Maschine erforderlich sind, eine wichtige Rolle.<\/p>\n<h3><strong>Nachhaltige L\u00f6sung f\u00fcr die Verfahrensindustrie<\/strong><\/h3>\n<p>Die Verfahrensindustrie setzt im Zuge der Verminderung der CO\u2082-Emissionen und der Abh\u00e4ngigkeit von fossilen Brennstoffen verst\u00e4rkt auf Elektrifizierung. Der Celsius Volta erm\u00f6glicht diesen Schritt. Die Technologie wurde komplett im Werk von Van Beek entwickelt. Es wurde bereits ein Patent angemeldet.<\/p>\n<h3><strong>Verf\u00fcgbar f\u00fcr Tests<\/strong><\/h3>\n<p>F\u00fcr Kunden, die die Energieeinsparung und Prozessvorteile des Celsius Volta selbst erfahren m\u00f6chten, ist eine erste Testmaschine verf\u00fcgbar.<\/p>\n<h3><strong>Einsatz in unterschiedlichen Branchen<\/strong><\/h3>\n<p>Der Celsius Volta ist eine effiziente L\u00f6sung zum Erhitzen, Trocknen und Mischen von Produkten, zum Beispiel in der Chemie- oder Lebensmittelindustrie. Die Technologie eignet sich ideal zur Verarbeitung von z\u00e4hfl\u00fcssigen Massen, Pulvern und Granulaten. Die Anlage sorgt f\u00fcr die richtige Temperatur und Verweildauer in der Maschine. Das Ger\u00e4t ist in mehreren Abmessungen lieferbar und kann komplett f\u00fcr die Kundenw\u00fcnsche konfiguriert werden.<\/p>\n<h3><strong>M\u00f6chten Sie mehr erfahren?<\/strong><\/h3>\n<p>Entdecken Sie, wie sich Ihre Prozesse mit dem Celsius Volta verbessern lassen. <a href=\"https:\/\/van-beek.nl\/de\/celsius-schneckenwaermetauscher\/kontakt-celsius\/\">Wenden<\/a> Sie sich an uns.<\/p>\n","protected":false},"excerpt":{"rendered":"<p>Van Beek lanciert den Celsius Volta, einen innovativen, elektrisch beheizten Schneckenw\u00e4rmetauscher. Diese Neuentwicklung bietet mindestens 25\u00a0% Energieeinsparung und dank der individuell einstellbaren Temperaturzonen eine verbesserte Prozesssteuerung. Effizient und nachhaltig Im Celsius Volta werden die Produkte ohne Einsatz eines W\u00e4rmetr\u00e4gers wie Dampf, Hei\u00dfwasser oder thermischem \u00d6l erhitzt und getrocknet. Energieverluste durch W\u00e4rme\u00fcbertragung in Leitungen werden vermieden, [&hellip;]<\/p>\n","protected":false},"author":5,"featured_media":12997,"parent":3804,"menu_order":6,"comment_status":"closed","ping_status":"closed","template":"","meta":{"_acf_changed":false,"content-type":"","inline_featured_image":false,"footnotes":""},"class_list":["post-12981","page","type-page","status-publish","has-post-thumbnail","hentry"],"acf":[],"yoast_head":"<!-- This site is optimized with the Yoast SEO plugin v27.5 - https:\/\/yoast.com\/product\/yoast-seo-wordpress\/ -->\n<title>- Van Beek Schroeftransport<\/title>\n<meta name=\"robots\" content=\"index, follow, max-snippet:-1, max-image-preview:large, max-video-preview:-1\" \/>\n<link rel=\"canonical\" href=\"https:\/\/www.van-beek.nl\/de\/celsius-schneckenwaermetauscher\/celsius-volta\/\" \/>\n<meta property=\"og:locale\" content=\"de_DE\" \/>\n<meta property=\"og:type\" content=\"article\" \/>\n<meta property=\"og:title\" content=\"- Van Beek Schroeftransport\" \/>\n<meta property=\"og:description\" content=\"Van Beek lanciert den Celsius Volta, einen innovativen, elektrisch beheizten Schneckenw\u00e4rmetauscher. Diese Neuentwicklung bietet mindestens 25\u00a0% Energieeinsparung und dank der individuell einstellbaren Temperaturzonen eine verbesserte Prozesssteuerung. Effizient und nachhaltig Im Celsius Volta werden die Produkte ohne Einsatz eines W\u00e4rmetr\u00e4gers wie Dampf, Hei\u00dfwasser oder thermischem \u00d6l erhitzt und getrocknet. Energieverluste durch W\u00e4rme\u00fcbertragung in Leitungen werden vermieden, [&hellip;]\" \/>\n<meta property=\"og:url\" content=\"https:\/\/www.van-beek.nl\/de\/celsius-schneckenwaermetauscher\/celsius-volta\/\" \/>\n<meta property=\"og:site_name\" content=\"Van Beek Schroeftransport\" \/>\n<meta property=\"article:modified_time\" content=\"2025-01-09T10:23:47+00:00\" \/>\n<meta property=\"og:image\" content=\"https:\/\/www.van-beek.nl\/wp-content\/uploads\/2025\/01\/Van-Beek-Celsius-Volta.png\" \/>\n\t<meta property=\"og:image:width\" content=\"292\" \/>\n\t<meta property=\"og:image:height\" content=\"300\" \/>\n\t<meta property=\"og:image:type\" content=\"image\/png\" \/>\n<meta name=\"twitter:card\" content=\"summary_large_image\" \/>\n<meta name=\"twitter:label1\" content=\"Gesch\u00e4tzte Lesezeit\" \/>\n\t<meta name=\"twitter:data1\" content=\"2\u00a0Minuten\" \/>\n<script type=\"application\/ld+json\" class=\"yoast-schema-graph\">{\"@context\":\"https:\\\/\\\/schema.org\",\"@graph\":[{\"@type\":\"WebPage\",\"@id\":\"https:\\\/\\\/www.van-beek.nl\\\/de\\\/celsius-schneckenwaermetauscher\\\/celsius-volta\\\/\",\"url\":\"https:\\\/\\\/www.van-beek.nl\\\/de\\\/celsius-schneckenwaermetauscher\\\/celsius-volta\\\/\",\"name\":\"- Van Beek Schroeftransport\",\"isPartOf\":{\"@id\":\"https:\\\/\\\/www.van-beek.nl\\\/de\\\/#website\"},\"primaryImageOfPage\":{\"@id\":\"https:\\\/\\\/www.van-beek.nl\\\/de\\\/celsius-schneckenwaermetauscher\\\/celsius-volta\\\/#primaryimage\"},\"image\":{\"@id\":\"https:\\\/\\\/www.van-beek.nl\\\/de\\\/celsius-schneckenwaermetauscher\\\/celsius-volta\\\/#primaryimage\"},\"thumbnailUrl\":\"https:\\\/\\\/www.van-beek.nl\\\/wp-content\\\/uploads\\\/2025\\\/01\\\/Van-Beek-Celsius-Volta.png\",\"datePublished\":\"2025-01-09T10:23:13+00:00\",\"dateModified\":\"2025-01-09T10:23:47+00:00\",\"breadcrumb\":{\"@id\":\"https:\\\/\\\/www.van-beek.nl\\\/de\\\/celsius-schneckenwaermetauscher\\\/celsius-volta\\\/#breadcrumb\"},\"inLanguage\":\"de\",\"potentialAction\":[{\"@type\":\"ReadAction\",\"target\":[\"https:\\\/\\\/www.van-beek.nl\\\/de\\\/celsius-schneckenwaermetauscher\\\/celsius-volta\\\/\"]}]},{\"@type\":\"ImageObject\",\"inLanguage\":\"de\",\"@id\":\"https:\\\/\\\/www.van-beek.nl\\\/de\\\/celsius-schneckenwaermetauscher\\\/celsius-volta\\\/#primaryimage\",\"url\":\"https:\\\/\\\/www.van-beek.nl\\\/wp-content\\\/uploads\\\/2025\\\/01\\\/Van-Beek-Celsius-Volta.png\",\"contentUrl\":\"https:\\\/\\\/www.van-beek.nl\\\/wp-content\\\/uploads\\\/2025\\\/01\\\/Van-Beek-Celsius-Volta.png\",\"width\":292,\"height\":300},{\"@type\":\"BreadcrumbList\",\"@id\":\"https:\\\/\\\/www.van-beek.nl\\\/de\\\/celsius-schneckenwaermetauscher\\\/celsius-volta\\\/#breadcrumb\",\"itemListElement\":[{\"@type\":\"ListItem\",\"position\":1,\"name\":\"Home\",\"item\":\"https:\\\/\\\/www.van-beek.nl\\\/de\\\/\"},{\"@type\":\"ListItem\",\"position\":2,\"name\":\"Celsius Schneckenw\u00e4rmetauscher\",\"item\":\"https:\\\/\\\/www.van-beek.nl\\\/de\\\/celsius-schneckenwaermetauscher\\\/\"},{\"@type\":\"ListItem\",\"position\":3,\"name\":\"Celsius Volta\"}]},{\"@type\":\"WebSite\",\"@id\":\"https:\\\/\\\/www.van-beek.nl\\\/de\\\/#website\",\"url\":\"https:\\\/\\\/www.van-beek.nl\\\/de\\\/\",\"name\":\"Van Beek Schroeftransport\",\"description\":\"\",\"publisher\":{\"@id\":\"https:\\\/\\\/www.van-beek.nl\\\/de\\\/#organization\"},\"potentialAction\":[{\"@type\":\"SearchAction\",\"target\":{\"@type\":\"EntryPoint\",\"urlTemplate\":\"https:\\\/\\\/www.van-beek.nl\\\/de\\\/?s={search_term_string}\"},\"query-input\":{\"@type\":\"PropertyValueSpecification\",\"valueRequired\":true,\"valueName\":\"search_term_string\"}}],\"inLanguage\":\"de\"},{\"@type\":\"Organization\",\"@id\":\"https:\\\/\\\/www.van-beek.nl\\\/de\\\/#organization\",\"name\":\"Transportschroeven- en machinefabriek Van Beek B.V.\",\"url\":\"https:\\\/\\\/www.van-beek.nl\\\/de\\\/\",\"logo\":{\"@type\":\"ImageObject\",\"inLanguage\":\"de\",\"@id\":\"https:\\\/\\\/www.van-beek.nl\\\/de\\\/#\\\/schema\\\/logo\\\/image\\\/\",\"url\":\"https:\\\/\\\/van-beek.nl\\\/wp-content\\\/uploads\\\/2020\\\/04\\\/VanBeek-logo.png\",\"contentUrl\":\"https:\\\/\\\/van-beek.nl\\\/wp-content\\\/uploads\\\/2020\\\/04\\\/VanBeek-logo.png\",\"width\":116,\"height\":22,\"caption\":\"Transportschroeven- en machinefabriek Van Beek B.V.\"},\"image\":{\"@id\":\"https:\\\/\\\/www.van-beek.nl\\\/de\\\/#\\\/schema\\\/logo\\\/image\\\/\"}}]}<\/script>\n<!-- \/ Yoast SEO plugin. -->","yoast_head_json":{"title":"- Van Beek Schroeftransport","robots":{"index":"index","follow":"follow","max-snippet":"max-snippet:-1","max-image-preview":"max-image-preview:large","max-video-preview":"max-video-preview:-1"},"canonical":"https:\/\/www.van-beek.nl\/de\/celsius-schneckenwaermetauscher\/celsius-volta\/","og_locale":"de_DE","og_type":"article","og_title":"- Van Beek Schroeftransport","og_description":"Van Beek lanciert den Celsius Volta, einen innovativen, elektrisch beheizten Schneckenw\u00e4rmetauscher. Diese Neuentwicklung bietet mindestens 25\u00a0% Energieeinsparung und dank der individuell einstellbaren Temperaturzonen eine verbesserte Prozesssteuerung. Effizient und nachhaltig Im Celsius Volta werden die Produkte ohne Einsatz eines W\u00e4rmetr\u00e4gers wie Dampf, Hei\u00dfwasser oder thermischem \u00d6l erhitzt und getrocknet. Energieverluste durch W\u00e4rme\u00fcbertragung in Leitungen werden vermieden, [&hellip;]","og_url":"https:\/\/www.van-beek.nl\/de\/celsius-schneckenwaermetauscher\/celsius-volta\/","og_site_name":"Van Beek Schroeftransport","article_modified_time":"2025-01-09T10:23:47+00:00","og_image":[{"width":292,"height":300,"url":"https:\/\/www.van-beek.nl\/wp-content\/uploads\/2025\/01\/Van-Beek-Celsius-Volta.png","type":"image\/png"}],"twitter_card":"summary_large_image","twitter_misc":{"Gesch\u00e4tzte Lesezeit":"2\u00a0Minuten"},"schema":{"@context":"https:\/\/schema.org","@graph":[{"@type":"WebPage","@id":"https:\/\/www.van-beek.nl\/de\/celsius-schneckenwaermetauscher\/celsius-volta\/","url":"https:\/\/www.van-beek.nl\/de\/celsius-schneckenwaermetauscher\/celsius-volta\/","name":"- Van Beek Schroeftransport","isPartOf":{"@id":"https:\/\/www.van-beek.nl\/de\/#website"},"primaryImageOfPage":{"@id":"https:\/\/www.van-beek.nl\/de\/celsius-schneckenwaermetauscher\/celsius-volta\/#primaryimage"},"image":{"@id":"https:\/\/www.van-beek.nl\/de\/celsius-schneckenwaermetauscher\/celsius-volta\/#primaryimage"},"thumbnailUrl":"https:\/\/www.van-beek.nl\/wp-content\/uploads\/2025\/01\/Van-Beek-Celsius-Volta.png","datePublished":"2025-01-09T10:23:13+00:00","dateModified":"2025-01-09T10:23:47+00:00","breadcrumb":{"@id":"https:\/\/www.van-beek.nl\/de\/celsius-schneckenwaermetauscher\/celsius-volta\/#breadcrumb"},"inLanguage":"de","potentialAction":[{"@type":"ReadAction","target":["https:\/\/www.van-beek.nl\/de\/celsius-schneckenwaermetauscher\/celsius-volta\/"]}]},{"@type":"ImageObject","inLanguage":"de","@id":"https:\/\/www.van-beek.nl\/de\/celsius-schneckenwaermetauscher\/celsius-volta\/#primaryimage","url":"https:\/\/www.van-beek.nl\/wp-content\/uploads\/2025\/01\/Van-Beek-Celsius-Volta.png","contentUrl":"https:\/\/www.van-beek.nl\/wp-content\/uploads\/2025\/01\/Van-Beek-Celsius-Volta.png","width":292,"height":300},{"@type":"BreadcrumbList","@id":"https:\/\/www.van-beek.nl\/de\/celsius-schneckenwaermetauscher\/celsius-volta\/#breadcrumb","itemListElement":[{"@type":"ListItem","position":1,"name":"Home","item":"https:\/\/www.van-beek.nl\/de\/"},{"@type":"ListItem","position":2,"name":"Celsius Schneckenw\u00e4rmetauscher","item":"https:\/\/www.van-beek.nl\/de\/celsius-schneckenwaermetauscher\/"},{"@type":"ListItem","position":3,"name":"Celsius Volta"}]},{"@type":"WebSite","@id":"https:\/\/www.van-beek.nl\/de\/#website","url":"https:\/\/www.van-beek.nl\/de\/","name":"Van Beek Schroeftransport","description":"","publisher":{"@id":"https:\/\/www.van-beek.nl\/de\/#organization"},"potentialAction":[{"@type":"SearchAction","target":{"@type":"EntryPoint","urlTemplate":"https:\/\/www.van-beek.nl\/de\/?s={search_term_string}"},"query-input":{"@type":"PropertyValueSpecification","valueRequired":true,"valueName":"search_term_string"}}],"inLanguage":"de"},{"@type":"Organization","@id":"https:\/\/www.van-beek.nl\/de\/#organization","name":"Transportschroeven- en machinefabriek Van Beek B.V.","url":"https:\/\/www.van-beek.nl\/de\/","logo":{"@type":"ImageObject","inLanguage":"de","@id":"https:\/\/www.van-beek.nl\/de\/#\/schema\/logo\/image\/","url":"https:\/\/van-beek.nl\/wp-content\/uploads\/2020\/04\/VanBeek-logo.png","contentUrl":"https:\/\/van-beek.nl\/wp-content\/uploads\/2020\/04\/VanBeek-logo.png","width":116,"height":22,"caption":"Transportschroeven- en machinefabriek Van Beek B.V."},"image":{"@id":"https:\/\/www.van-beek.nl\/de\/#\/schema\/logo\/image\/"}}]}},"_links":{"self":[{"href":"https:\/\/www.van-beek.nl\/de\/wp-json\/wp\/v2\/pages\/12981","targetHints":{"allow":["GET"]}}],"collection":[{"href":"https:\/\/www.van-beek.nl\/de\/wp-json\/wp\/v2\/pages"}],"about":[{"href":"https:\/\/www.van-beek.nl\/de\/wp-json\/wp\/v2\/types\/page"}],"author":[{"embeddable":true,"href":"https:\/\/www.van-beek.nl\/de\/wp-json\/wp\/v2\/users\/5"}],"replies":[{"embeddable":true,"href":"https:\/\/www.van-beek.nl\/de\/wp-json\/wp\/v2\/comments?post=12981"}],"version-history":[{"count":1,"href":"https:\/\/www.van-beek.nl\/de\/wp-json\/wp\/v2\/pages\/12981\/revisions"}],"predecessor-version":[{"id":12985,"href":"https:\/\/www.van-beek.nl\/de\/wp-json\/wp\/v2\/pages\/12981\/revisions\/12985"}],"up":[{"embeddable":true,"href":"https:\/\/www.van-beek.nl\/de\/wp-json\/wp\/v2\/pages\/3804"}],"wp:featuredmedia":[{"embeddable":true,"href":"https:\/\/www.van-beek.nl\/de\/wp-json\/wp\/v2\/media\/12997"}],"wp:attachment":[{"href":"https:\/\/www.van-beek.nl\/de\/wp-json\/wp\/v2\/media?parent=12981"}],"curies":[{"name":"wp","href":"https:\/\/api.w.org\/{rel}","templated":true}]}}