{"id":13051,"date":"2025-01-28T17:19:41","date_gmt":"2025-01-28T15:19:41","guid":{"rendered":"https:\/\/van-beek.nl\/?page_id=13051"},"modified":"2025-02-26T10:48:05","modified_gmt":"2025-02-26T08:48:05","slug":"schnecken","status":"publish","type":"page","link":"https:\/\/www.van-beek.nl\/de\/schneckenfoerderer\/schnecken\/","title":{"rendered":"Schnecken"},"content":{"rendered":"<p><strong>Au\u00dfer Schneckenf\u00f6rderanlagen fertigen wir nat\u00fcrlich auch Schnecken als Bauteile f\u00fcr alle Schneckenf\u00f6rderertypen\u00a0\u2013 sogar f\u00fcr Maschinen, die nicht aus unserem Werk stammen. Fast alle Schneckentypen und -gr\u00f6\u00dfen sind lieferbar: Vollblatt-, Mischspiralschnecken bzw. Paddelschnecken, mit oder ohne Seele, aus fast allen Werkstoffen, mit dem gew\u00fcnschten Durchmesser sowie der richtigen L\u00e4nge und Steigung.<\/strong><\/p>\n<p><strong>Das Herz des Schneckenf\u00f6rderers<br \/>\n<\/strong>Die Schnecke sorgt f\u00fcr die effiziente Bef\u00f6rderung des Massenguts. Dieser wichtige Anlagenteil ist oft auch dem st\u00e4rksten Verschlei\u00df ausgesetzt. Der Grund daf\u00fcr ist, dass die Schnecke st\u00e4ndig im direkten Kontakt mit dem F\u00f6rdergut steht. Sie muss sich w\u00e4hrend des Einsatzes des Schneckenf\u00f6rderers au\u00dferdem konstant drehen. Der rechtzeitige Austausch der Schnecke ist daher wichtig f\u00fcr die einwandfreie Funktion Ihrer Maschine.<\/p>\n<p><strong>Unkomplizierte Regelung durch Van Beek<br \/>\n<\/strong>Es ist ganz einfach, Schnecken bei Van Beek zu bestellen. Wir haben nat\u00fcrlich die Zeichnungen Ihrer Van Beek-Anlage aufbewahrt. Suchen Sie vielleicht eine Schnecke f\u00fcr eine Maschine, die wir nicht hergestellt haben? Nat\u00fcrlich k\u00f6nnen wir auch diese f\u00fcr Sie anfertigen. Legen Sie uns die technische Zeichnung vor \u2013 und wir stellen die Schnecke in den gew\u00fcnschten Ma\u00dfen her. Sollte keine technische Zeichnung vorhanden sein \u2013 dann messen wir die Schnecke gerne bei Ihnen vor Ort durch.<\/p>\n<p><strong>F\u00f6rderspiralen<br \/>\n<\/strong>Mit unserer vollautomatischen Spiralwickelmaschine stellen wir F\u00f6rderspiralen mit einem kleinen Durchmesser her. Unsere Wickelmaschine kann F\u00f6rderspiralen mit einem Au\u00dfendurchmesser von 18 mm bis 100 mm produzieren. F\u00f6rderspiralen sind seelenlose Spiralen, die aus Vierkantstahl oder Rundstahl aus den Werkstoffen Stahl oder Edelstahl AISI 304 oder AISI 316 gefertigt werden. Diese F\u00f6rderspiralen werden einzeln oder in Kleinserien gefertigt und haben deshalb eine relativ kurze Lieferfrist. Nach der Produktion k\u00f6nnen F\u00f6rderspiralen eventuell noch auf eine Antriebswelle oder Achse gezogen werden. Fragen Sie sich, ob wir eine bestimmte Gr\u00f6\u00dfe fertigen k\u00f6nnen, die \u00fcber oder unter den genannten Ma\u00dfen liegt? Bitte wenden Sie sich dann an uns.<\/p>\n<p><strong>Kosteneffiziente L\u00f6sung<br \/>\n<\/strong>Kapazit\u00e4tseinbu\u00dfen, h\u00e4ufiger Stillstand oder ein erh\u00f6hter Energieverbrauch k\u00f6nnen darauf hinweisen, dass die Schnecke bzw. andere Bauteile ersetzt werden sollten. Regelm\u00e4\u00dfige Wartungen und Pr\u00fcfungen des Zustands des F\u00f6rderers erm\u00f6glichen es, rechtzeitig einzugreifen und so unn\u00f6tige Kosten zu vermeiden.<\/p>\n<p><strong>Vorteile des Austauschs<br \/>\n<\/strong>Mit einer neuen Schnecke kann eine F\u00f6rderanlage h\u00e4ufig noch jahrelang betrieben werden. Das gilt insbesondere, wenn die Schnecke aus langlebigen Ausgangsstoffen gefertigt wurde und der F\u00f6rderer regelm\u00e4\u00dfig <a href=\"https:\/\/van-beek.nl\/service\/\">gewartet und inspiziert<\/a> wird. Dabei gilt jedoch, dass die \u00fcbrigen Bauteile des F\u00f6rderers, wie der Trog und die Lager, sich in einem guten Zustand befinden m\u00fcssen.<\/p>\n<p><strong>Reparieren oder ersetzen?<br \/>\n<\/strong>An den Ersatz der Schnecke sollte gedacht werden, wenn Verschlei\u00df oder Besch\u00e4digungen der Schnecke zu stark sind, die Kosten einer Reparatur im Vergleich zur Ersetzung zu hoch sind und die strukturelle Integrit\u00e4t der Schnecke beeintr\u00e4chtigt ist, wodurch eine Reparatur nicht mehr in Frage kommt. Faktoren, die bei der Entscheidung zwischen Reparatur und Ersatz ber\u00fccksichtigt werden m\u00fcssen, sind au\u00dfer der Kosten-Nutzen-Analyse das Alter des Schneckenf\u00f6rderers, die erwartete Lebensdauer nach der Reparatur und die allgemeine betriebliche Effizienz der Anlage. Wir k\u00f6nnen Sie nat\u00fcrlich zu diesen Themen beraten.<\/p>\n<p><strong>Schneckengewinde<br \/>\n<\/strong>M\u00f6chten Sie selbst eine F\u00f6rderschnecke herstellen oder reparieren? Dann sollten Sie wissen, dass wir auch einzelne Scheckenbl\u00e4tter (sogenannte \u201eSchneckensegmente\u201c) liefern k\u00f6nnen.<\/p>\n","protected":false},"excerpt":{"rendered":"<p>Au\u00dfer Schneckenf\u00f6rderanlagen fertigen wir nat\u00fcrlich auch Schnecken als Bauteile f\u00fcr alle Schneckenf\u00f6rderertypen\u00a0\u2013 sogar f\u00fcr Maschinen, die nicht aus unserem Werk stammen. Fast alle Schneckentypen und -gr\u00f6\u00dfen sind lieferbar: Vollblatt-, Mischspiralschnecken bzw. Paddelschnecken, mit oder ohne Seele, aus fast allen Werkstoffen, mit dem gew\u00fcnschten Durchmesser sowie der richtigen L\u00e4nge und Steigung. Das Herz des Schneckenf\u00f6rderers Die [&hellip;]<\/p>\n","protected":false},"author":5,"featured_media":0,"parent":3864,"menu_order":0,"comment_status":"closed","ping_status":"closed","template":"product.php","meta":{"_acf_changed":false,"content-type":"","inline_featured_image":false,"footnotes":""},"class_list":["post-13051","page","type-page","status-publish","hentry"],"acf":[],"yoast_head":"<!-- This site is optimized with the Yoast SEO plugin v27.5 - https:\/\/yoast.com\/product\/yoast-seo-wordpress\/ -->\n<title>- Van Beek Schroeftransport<\/title>\n<meta name=\"robots\" content=\"index, follow, max-snippet:-1, max-image-preview:large, max-video-preview:-1\" \/>\n<link rel=\"canonical\" href=\"https:\/\/www.van-beek.nl\/de\/schneckenfoerderer\/schnecken\/\" \/>\n<meta property=\"og:locale\" content=\"de_DE\" \/>\n<meta property=\"og:type\" content=\"article\" \/>\n<meta property=\"og:title\" content=\"- Van Beek Schroeftransport\" \/>\n<meta property=\"og:description\" content=\"Au\u00dfer Schneckenf\u00f6rderanlagen fertigen wir nat\u00fcrlich auch Schnecken als Bauteile f\u00fcr alle Schneckenf\u00f6rderertypen\u00a0\u2013 sogar f\u00fcr Maschinen, die nicht aus unserem Werk stammen. Fast alle Schneckentypen und -gr\u00f6\u00dfen sind lieferbar: Vollblatt-, Mischspiralschnecken bzw. Paddelschnecken, mit oder ohne Seele, aus fast allen Werkstoffen, mit dem gew\u00fcnschten Durchmesser sowie der richtigen L\u00e4nge und Steigung. Das Herz des Schneckenf\u00f6rderers Die [&hellip;]\" \/>\n<meta property=\"og:url\" content=\"https:\/\/www.van-beek.nl\/de\/schneckenfoerderer\/schnecken\/\" \/>\n<meta property=\"og:site_name\" content=\"Van Beek Schroeftransport\" \/>\n<meta property=\"article:modified_time\" content=\"2025-02-26T08:48:05+00:00\" \/>\n<meta name=\"twitter:card\" content=\"summary_large_image\" \/>\n<meta name=\"twitter:label1\" content=\"Gesch\u00e4tzte Lesezeit\" \/>\n\t<meta name=\"twitter:data1\" content=\"3\u00a0Minuten\" \/>\n<script type=\"application\/ld+json\" class=\"yoast-schema-graph\">{\"@context\":\"https:\\\/\\\/schema.org\",\"@graph\":[{\"@type\":\"WebPage\",\"@id\":\"https:\\\/\\\/www.van-beek.nl\\\/de\\\/schneckenfoerderer\\\/schnecken\\\/\",\"url\":\"https:\\\/\\\/www.van-beek.nl\\\/de\\\/schneckenfoerderer\\\/schnecken\\\/\",\"name\":\"- Van Beek Schroeftransport\",\"isPartOf\":{\"@id\":\"https:\\\/\\\/www.van-beek.nl\\\/de\\\/#website\"},\"datePublished\":\"2025-01-28T15:19:41+00:00\",\"dateModified\":\"2025-02-26T08:48:05+00:00\",\"breadcrumb\":{\"@id\":\"https:\\\/\\\/www.van-beek.nl\\\/de\\\/schneckenfoerderer\\\/schnecken\\\/#breadcrumb\"},\"inLanguage\":\"de\",\"potentialAction\":[{\"@type\":\"ReadAction\",\"target\":[\"https:\\\/\\\/www.van-beek.nl\\\/de\\\/schneckenfoerderer\\\/schnecken\\\/\"]}]},{\"@type\":\"BreadcrumbList\",\"@id\":\"https:\\\/\\\/www.van-beek.nl\\\/de\\\/schneckenfoerderer\\\/schnecken\\\/#breadcrumb\",\"itemListElement\":[{\"@type\":\"ListItem\",\"position\":1,\"name\":\"Home\",\"item\":\"https:\\\/\\\/www.van-beek.nl\\\/de\\\/\"},{\"@type\":\"ListItem\",\"position\":2,\"name\":\"Schneckenf\u00f6rderer\",\"item\":\"https:\\\/\\\/www.van-beek.nl\\\/de\\\/schneckenfoerderer\\\/\"},{\"@type\":\"ListItem\",\"position\":3,\"name\":\"Schnecken\"}]},{\"@type\":\"WebSite\",\"@id\":\"https:\\\/\\\/www.van-beek.nl\\\/de\\\/#website\",\"url\":\"https:\\\/\\\/www.van-beek.nl\\\/de\\\/\",\"name\":\"Van Beek Schroeftransport\",\"description\":\"\",\"publisher\":{\"@id\":\"https:\\\/\\\/www.van-beek.nl\\\/de\\\/#organization\"},\"potentialAction\":[{\"@type\":\"SearchAction\",\"target\":{\"@type\":\"EntryPoint\",\"urlTemplate\":\"https:\\\/\\\/www.van-beek.nl\\\/de\\\/?s={search_term_string}\"},\"query-input\":{\"@type\":\"PropertyValueSpecification\",\"valueRequired\":true,\"valueName\":\"search_term_string\"}}],\"inLanguage\":\"de\"},{\"@type\":\"Organization\",\"@id\":\"https:\\\/\\\/www.van-beek.nl\\\/de\\\/#organization\",\"name\":\"Transportschroeven- en machinefabriek Van Beek B.V.\",\"url\":\"https:\\\/\\\/www.van-beek.nl\\\/de\\\/\",\"logo\":{\"@type\":\"ImageObject\",\"inLanguage\":\"de\",\"@id\":\"https:\\\/\\\/www.van-beek.nl\\\/de\\\/#\\\/schema\\\/logo\\\/image\\\/\",\"url\":\"https:\\\/\\\/van-beek.nl\\\/wp-content\\\/uploads\\\/2020\\\/04\\\/VanBeek-logo.png\",\"contentUrl\":\"https:\\\/\\\/van-beek.nl\\\/wp-content\\\/uploads\\\/2020\\\/04\\\/VanBeek-logo.png\",\"width\":116,\"height\":22,\"caption\":\"Transportschroeven- en machinefabriek Van Beek B.V.\"},\"image\":{\"@id\":\"https:\\\/\\\/www.van-beek.nl\\\/de\\\/#\\\/schema\\\/logo\\\/image\\\/\"}}]}<\/script>\n<!-- \/ Yoast SEO plugin. -->","yoast_head_json":{"title":"- Van Beek Schroeftransport","robots":{"index":"index","follow":"follow","max-snippet":"max-snippet:-1","max-image-preview":"max-image-preview:large","max-video-preview":"max-video-preview:-1"},"canonical":"https:\/\/www.van-beek.nl\/de\/schneckenfoerderer\/schnecken\/","og_locale":"de_DE","og_type":"article","og_title":"- Van Beek Schroeftransport","og_description":"Au\u00dfer Schneckenf\u00f6rderanlagen fertigen wir nat\u00fcrlich auch Schnecken als Bauteile f\u00fcr alle Schneckenf\u00f6rderertypen\u00a0\u2013 sogar f\u00fcr Maschinen, die nicht aus unserem Werk stammen. Fast alle Schneckentypen und -gr\u00f6\u00dfen sind lieferbar: Vollblatt-, Mischspiralschnecken bzw. Paddelschnecken, mit oder ohne Seele, aus fast allen Werkstoffen, mit dem gew\u00fcnschten Durchmesser sowie der richtigen L\u00e4nge und Steigung. Das Herz des Schneckenf\u00f6rderers Die [&hellip;]","og_url":"https:\/\/www.van-beek.nl\/de\/schneckenfoerderer\/schnecken\/","og_site_name":"Van Beek Schroeftransport","article_modified_time":"2025-02-26T08:48:05+00:00","twitter_card":"summary_large_image","twitter_misc":{"Gesch\u00e4tzte Lesezeit":"3\u00a0Minuten"},"schema":{"@context":"https:\/\/schema.org","@graph":[{"@type":"WebPage","@id":"https:\/\/www.van-beek.nl\/de\/schneckenfoerderer\/schnecken\/","url":"https:\/\/www.van-beek.nl\/de\/schneckenfoerderer\/schnecken\/","name":"- Van Beek Schroeftransport","isPartOf":{"@id":"https:\/\/www.van-beek.nl\/de\/#website"},"datePublished":"2025-01-28T15:19:41+00:00","dateModified":"2025-02-26T08:48:05+00:00","breadcrumb":{"@id":"https:\/\/www.van-beek.nl\/de\/schneckenfoerderer\/schnecken\/#breadcrumb"},"inLanguage":"de","potentialAction":[{"@type":"ReadAction","target":["https:\/\/www.van-beek.nl\/de\/schneckenfoerderer\/schnecken\/"]}]},{"@type":"BreadcrumbList","@id":"https:\/\/www.van-beek.nl\/de\/schneckenfoerderer\/schnecken\/#breadcrumb","itemListElement":[{"@type":"ListItem","position":1,"name":"Home","item":"https:\/\/www.van-beek.nl\/de\/"},{"@type":"ListItem","position":2,"name":"Schneckenf\u00f6rderer","item":"https:\/\/www.van-beek.nl\/de\/schneckenfoerderer\/"},{"@type":"ListItem","position":3,"name":"Schnecken"}]},{"@type":"WebSite","@id":"https:\/\/www.van-beek.nl\/de\/#website","url":"https:\/\/www.van-beek.nl\/de\/","name":"Van Beek Schroeftransport","description":"","publisher":{"@id":"https:\/\/www.van-beek.nl\/de\/#organization"},"potentialAction":[{"@type":"SearchAction","target":{"@type":"EntryPoint","urlTemplate":"https:\/\/www.van-beek.nl\/de\/?s={search_term_string}"},"query-input":{"@type":"PropertyValueSpecification","valueRequired":true,"valueName":"search_term_string"}}],"inLanguage":"de"},{"@type":"Organization","@id":"https:\/\/www.van-beek.nl\/de\/#organization","name":"Transportschroeven- en machinefabriek Van Beek B.V.","url":"https:\/\/www.van-beek.nl\/de\/","logo":{"@type":"ImageObject","inLanguage":"de","@id":"https:\/\/www.van-beek.nl\/de\/#\/schema\/logo\/image\/","url":"https:\/\/van-beek.nl\/wp-content\/uploads\/2020\/04\/VanBeek-logo.png","contentUrl":"https:\/\/van-beek.nl\/wp-content\/uploads\/2020\/04\/VanBeek-logo.png","width":116,"height":22,"caption":"Transportschroeven- en machinefabriek Van Beek B.V."},"image":{"@id":"https:\/\/www.van-beek.nl\/de\/#\/schema\/logo\/image\/"}}]}},"_links":{"self":[{"href":"https:\/\/www.van-beek.nl\/de\/wp-json\/wp\/v2\/pages\/13051","targetHints":{"allow":["GET"]}}],"collection":[{"href":"https:\/\/www.van-beek.nl\/de\/wp-json\/wp\/v2\/pages"}],"about":[{"href":"https:\/\/www.van-beek.nl\/de\/wp-json\/wp\/v2\/types\/page"}],"author":[{"embeddable":true,"href":"https:\/\/www.van-beek.nl\/de\/wp-json\/wp\/v2\/users\/5"}],"replies":[{"embeddable":true,"href":"https:\/\/www.van-beek.nl\/de\/wp-json\/wp\/v2\/comments?post=13051"}],"version-history":[{"count":9,"href":"https:\/\/www.van-beek.nl\/de\/wp-json\/wp\/v2\/pages\/13051\/revisions"}],"predecessor-version":[{"id":13178,"href":"https:\/\/www.van-beek.nl\/de\/wp-json\/wp\/v2\/pages\/13051\/revisions\/13178"}],"up":[{"embeddable":true,"href":"https:\/\/www.van-beek.nl\/de\/wp-json\/wp\/v2\/pages\/3864"}],"wp:attachment":[{"href":"https:\/\/www.van-beek.nl\/de\/wp-json\/wp\/v2\/media?parent=13051"}],"curies":[{"name":"wp","href":"https:\/\/api.w.org\/{rel}","templated":true}]}}