{"id":13258,"date":"2025-05-28T11:17:19","date_gmt":"2025-05-28T09:17:19","guid":{"rendered":"https:\/\/van-beek.nl\/?page_id=13258"},"modified":"2025-05-28T11:17:19","modified_gmt":"2025-05-28T09:17:19","slug":"dino-aus-stahl","status":"publish","type":"page","link":"https:\/\/www.van-beek.nl\/de\/silowagenfuellanlagen\/dino-aus-stahl\/","title":{"rendered":"Dino aus Stahl"},"content":{"rendered":"<p><strong>Der Stahldino ist in zwei Modellen verf\u00fcgbar, dem Dino DS300 mit einer Grundkapazit\u00e4t von 40 m\u00b3 und dem leistungsstarken Dino DS400 mit einer hohen Kapazit\u00e4t von 80 m\u00b3. Stahl ist auch als Material mit Werkstoffnummer S235 bekannt.<\/strong><\/p>\n<p>Unternehmen aus der Baustoff-, Kunststoff- oder Recyclingbranche, die in einer rauen Umgebung agieren, entscheiden sich oft f\u00fcr den Stahldino, da Stahl widerstandsf\u00e4higer und somit auch verschlei\u00dffester ist als Edelstahl. Bei diesen Betrieben spielt die hygienische Reinigung eine weniger kritische Rolle, daher ist es nicht notwendig, dass die Maschine aus Edelstahl gefertigt wird.<\/p>\n<p>Mit einer Dino Silowagenf\u00fcllanlage k\u00f6nnen Sie Produkte, die in Bigbags verpackt sind, bzw. loses Sch\u00fcttgut wie Zement, Beton, M\u00f6rtel, Kalkstein, Natriumkarbonat, Bentonit, Glasfaser, Polyethylen (PE) und Polypropylen (PP) automatisiert und staubarm in Silowagen\/Silofahrzeuge oder Tankwagen \/ Tankfahrzeuge verladen. Au\u00dfer mit Bigbags oder losem Sch\u00fcttgut l\u00e4sst sich die Dino Silowagenf\u00fcllanlage auch aus Oktabins (25 kg), S\u00e4cken oder Containern mit Liner bef\u00fcllen. Alternativ kann auch ein Schaufellader, Bobcat oder Frontlader verwendet werden.<\/p>\n<p>Dabei lassen sich H\u00f6henunterschiede von 4 bis 6 Metern \u00fcberbr\u00fccken, sodass au\u00dfer Silofahrzeugen auch Bahnwaggons, Bigbags und Seecontainer beladen werden k\u00f6nnen.<\/p>\n","protected":false},"excerpt":{"rendered":"<p>Der Stahldino ist in zwei Modellen verf\u00fcgbar, dem Dino DS300 mit einer Grundkapazit\u00e4t von 40 m\u00b3 und dem leistungsstarken Dino DS400 mit einer hohen Kapazit\u00e4t von 80 m\u00b3. Stahl ist auch als Material mit Werkstoffnummer S235 bekannt. Unternehmen aus der Baustoff-, Kunststoff- oder Recyclingbranche, die in einer rauen Umgebung agieren, entscheiden sich oft f\u00fcr den [&hellip;]<\/p>\n","protected":false},"author":14,"featured_media":13295,"parent":3793,"menu_order":1,"comment_status":"closed","ping_status":"closed","template":"product.php","meta":{"_acf_changed":false,"content-type":"","inline_featured_image":false,"footnotes":""},"class_list":["post-13258","page","type-page","status-publish","has-post-thumbnail","hentry"],"acf":[],"yoast_head":"<!-- This site is optimized with the Yoast SEO plugin v27.5 - https:\/\/yoast.com\/product\/yoast-seo-wordpress\/ -->\n<title>- Van Beek Schroeftransport<\/title>\n<meta name=\"robots\" content=\"index, follow, max-snippet:-1, max-image-preview:large, max-video-preview:-1\" \/>\n<link rel=\"canonical\" href=\"https:\/\/www.van-beek.nl\/de\/silowagenfuellanlagen\/dino-aus-stahl\/\" \/>\n<meta property=\"og:locale\" content=\"de_DE\" \/>\n<meta property=\"og:type\" content=\"article\" \/>\n<meta property=\"og:title\" content=\"- Van Beek Schroeftransport\" \/>\n<meta property=\"og:description\" content=\"Der Stahldino ist in zwei Modellen verf\u00fcgbar, dem Dino DS300 mit einer Grundkapazit\u00e4t von 40 m\u00b3 und dem leistungsstarken Dino DS400 mit einer hohen Kapazit\u00e4t von 80 m\u00b3. Stahl ist auch als Material mit Werkstoffnummer S235 bekannt. Unternehmen aus der Baustoff-, Kunststoff- oder Recyclingbranche, die in einer rauen Umgebung agieren, entscheiden sich oft f\u00fcr den [&hellip;]\" \/>\n<meta property=\"og:url\" content=\"https:\/\/www.van-beek.nl\/de\/silowagenfuellanlagen\/dino-aus-stahl\/\" \/>\n<meta property=\"og:site_name\" content=\"Van Beek Schroeftransport\" \/>\n<meta property=\"og:image\" content=\"https:\/\/www.van-beek.nl\/wp-content\/uploads\/2025\/05\/Dino.png\" \/>\n\t<meta property=\"og:image:width\" content=\"3999\" \/>\n\t<meta property=\"og:image:height\" content=\"1980\" \/>\n\t<meta property=\"og:image:type\" content=\"image\/png\" \/>\n<meta name=\"twitter:card\" content=\"summary_large_image\" \/>\n<meta name=\"twitter:label1\" content=\"Gesch\u00e4tzte Lesezeit\" \/>\n\t<meta name=\"twitter:data1\" content=\"1\u00a0Minute\" \/>\n<script type=\"application\/ld+json\" class=\"yoast-schema-graph\">{\"@context\":\"https:\\\/\\\/schema.org\",\"@graph\":[{\"@type\":\"WebPage\",\"@id\":\"https:\\\/\\\/www.van-beek.nl\\\/de\\\/silowagenfuellanlagen\\\/dino-aus-stahl\\\/\",\"url\":\"https:\\\/\\\/www.van-beek.nl\\\/de\\\/silowagenfuellanlagen\\\/dino-aus-stahl\\\/\",\"name\":\"- Van Beek Schroeftransport\",\"isPartOf\":{\"@id\":\"https:\\\/\\\/www.van-beek.nl\\\/de\\\/#website\"},\"primaryImageOfPage\":{\"@id\":\"https:\\\/\\\/www.van-beek.nl\\\/de\\\/silowagenfuellanlagen\\\/dino-aus-stahl\\\/#primaryimage\"},\"image\":{\"@id\":\"https:\\\/\\\/www.van-beek.nl\\\/de\\\/silowagenfuellanlagen\\\/dino-aus-stahl\\\/#primaryimage\"},\"thumbnailUrl\":\"https:\\\/\\\/www.van-beek.nl\\\/wp-content\\\/uploads\\\/2025\\\/05\\\/Dino.png\",\"datePublished\":\"2025-05-28T09:17:19+00:00\",\"breadcrumb\":{\"@id\":\"https:\\\/\\\/www.van-beek.nl\\\/de\\\/silowagenfuellanlagen\\\/dino-aus-stahl\\\/#breadcrumb\"},\"inLanguage\":\"de\",\"potentialAction\":[{\"@type\":\"ReadAction\",\"target\":[\"https:\\\/\\\/www.van-beek.nl\\\/de\\\/silowagenfuellanlagen\\\/dino-aus-stahl\\\/\"]}]},{\"@type\":\"ImageObject\",\"inLanguage\":\"de\",\"@id\":\"https:\\\/\\\/www.van-beek.nl\\\/de\\\/silowagenfuellanlagen\\\/dino-aus-stahl\\\/#primaryimage\",\"url\":\"https:\\\/\\\/www.van-beek.nl\\\/wp-content\\\/uploads\\\/2025\\\/05\\\/Dino.png\",\"contentUrl\":\"https:\\\/\\\/www.van-beek.nl\\\/wp-content\\\/uploads\\\/2025\\\/05\\\/Dino.png\",\"width\":3999,\"height\":1980},{\"@type\":\"BreadcrumbList\",\"@id\":\"https:\\\/\\\/www.van-beek.nl\\\/de\\\/silowagenfuellanlagen\\\/dino-aus-stahl\\\/#breadcrumb\",\"itemListElement\":[{\"@type\":\"ListItem\",\"position\":1,\"name\":\"Home\",\"item\":\"https:\\\/\\\/www.van-beek.nl\\\/de\\\/\"},{\"@type\":\"ListItem\",\"position\":2,\"name\":\"Dino Silowagenf\u00fcllanlagen\",\"item\":\"https:\\\/\\\/www.van-beek.nl\\\/de\\\/silowagenfuellanlagen\\\/\"},{\"@type\":\"ListItem\",\"position\":3,\"name\":\"Dino aus Stahl\"}]},{\"@type\":\"WebSite\",\"@id\":\"https:\\\/\\\/www.van-beek.nl\\\/de\\\/#website\",\"url\":\"https:\\\/\\\/www.van-beek.nl\\\/de\\\/\",\"name\":\"Van Beek Schroeftransport\",\"description\":\"\",\"publisher\":{\"@id\":\"https:\\\/\\\/www.van-beek.nl\\\/de\\\/#organization\"},\"potentialAction\":[{\"@type\":\"SearchAction\",\"target\":{\"@type\":\"EntryPoint\",\"urlTemplate\":\"https:\\\/\\\/www.van-beek.nl\\\/de\\\/?s={search_term_string}\"},\"query-input\":{\"@type\":\"PropertyValueSpecification\",\"valueRequired\":true,\"valueName\":\"search_term_string\"}}],\"inLanguage\":\"de\"},{\"@type\":\"Organization\",\"@id\":\"https:\\\/\\\/www.van-beek.nl\\\/de\\\/#organization\",\"name\":\"Transportschroeven- en machinefabriek Van Beek B.V.\",\"url\":\"https:\\\/\\\/www.van-beek.nl\\\/de\\\/\",\"logo\":{\"@type\":\"ImageObject\",\"inLanguage\":\"de\",\"@id\":\"https:\\\/\\\/www.van-beek.nl\\\/de\\\/#\\\/schema\\\/logo\\\/image\\\/\",\"url\":\"https:\\\/\\\/van-beek.nl\\\/wp-content\\\/uploads\\\/2020\\\/04\\\/VanBeek-logo.png\",\"contentUrl\":\"https:\\\/\\\/van-beek.nl\\\/wp-content\\\/uploads\\\/2020\\\/04\\\/VanBeek-logo.png\",\"width\":116,\"height\":22,\"caption\":\"Transportschroeven- en machinefabriek Van Beek B.V.\"},\"image\":{\"@id\":\"https:\\\/\\\/www.van-beek.nl\\\/de\\\/#\\\/schema\\\/logo\\\/image\\\/\"}}]}<\/script>\n<!-- \/ Yoast SEO plugin. -->","yoast_head_json":{"title":"- Van Beek Schroeftransport","robots":{"index":"index","follow":"follow","max-snippet":"max-snippet:-1","max-image-preview":"max-image-preview:large","max-video-preview":"max-video-preview:-1"},"canonical":"https:\/\/www.van-beek.nl\/de\/silowagenfuellanlagen\/dino-aus-stahl\/","og_locale":"de_DE","og_type":"article","og_title":"- Van Beek Schroeftransport","og_description":"Der Stahldino ist in zwei Modellen verf\u00fcgbar, dem Dino DS300 mit einer Grundkapazit\u00e4t von 40 m\u00b3 und dem leistungsstarken Dino DS400 mit einer hohen Kapazit\u00e4t von 80 m\u00b3. Stahl ist auch als Material mit Werkstoffnummer S235 bekannt. Unternehmen aus der Baustoff-, Kunststoff- oder Recyclingbranche, die in einer rauen Umgebung agieren, entscheiden sich oft f\u00fcr den [&hellip;]","og_url":"https:\/\/www.van-beek.nl\/de\/silowagenfuellanlagen\/dino-aus-stahl\/","og_site_name":"Van Beek Schroeftransport","og_image":[{"width":3999,"height":1980,"url":"https:\/\/www.van-beek.nl\/wp-content\/uploads\/2025\/05\/Dino.png","type":"image\/png"}],"twitter_card":"summary_large_image","twitter_misc":{"Gesch\u00e4tzte Lesezeit":"1\u00a0Minute"},"schema":{"@context":"https:\/\/schema.org","@graph":[{"@type":"WebPage","@id":"https:\/\/www.van-beek.nl\/de\/silowagenfuellanlagen\/dino-aus-stahl\/","url":"https:\/\/www.van-beek.nl\/de\/silowagenfuellanlagen\/dino-aus-stahl\/","name":"- Van Beek Schroeftransport","isPartOf":{"@id":"https:\/\/www.van-beek.nl\/de\/#website"},"primaryImageOfPage":{"@id":"https:\/\/www.van-beek.nl\/de\/silowagenfuellanlagen\/dino-aus-stahl\/#primaryimage"},"image":{"@id":"https:\/\/www.van-beek.nl\/de\/silowagenfuellanlagen\/dino-aus-stahl\/#primaryimage"},"thumbnailUrl":"https:\/\/www.van-beek.nl\/wp-content\/uploads\/2025\/05\/Dino.png","datePublished":"2025-05-28T09:17:19+00:00","breadcrumb":{"@id":"https:\/\/www.van-beek.nl\/de\/silowagenfuellanlagen\/dino-aus-stahl\/#breadcrumb"},"inLanguage":"de","potentialAction":[{"@type":"ReadAction","target":["https:\/\/www.van-beek.nl\/de\/silowagenfuellanlagen\/dino-aus-stahl\/"]}]},{"@type":"ImageObject","inLanguage":"de","@id":"https:\/\/www.van-beek.nl\/de\/silowagenfuellanlagen\/dino-aus-stahl\/#primaryimage","url":"https:\/\/www.van-beek.nl\/wp-content\/uploads\/2025\/05\/Dino.png","contentUrl":"https:\/\/www.van-beek.nl\/wp-content\/uploads\/2025\/05\/Dino.png","width":3999,"height":1980},{"@type":"BreadcrumbList","@id":"https:\/\/www.van-beek.nl\/de\/silowagenfuellanlagen\/dino-aus-stahl\/#breadcrumb","itemListElement":[{"@type":"ListItem","position":1,"name":"Home","item":"https:\/\/www.van-beek.nl\/de\/"},{"@type":"ListItem","position":2,"name":"Dino Silowagenf\u00fcllanlagen","item":"https:\/\/www.van-beek.nl\/de\/silowagenfuellanlagen\/"},{"@type":"ListItem","position":3,"name":"Dino aus Stahl"}]},{"@type":"WebSite","@id":"https:\/\/www.van-beek.nl\/de\/#website","url":"https:\/\/www.van-beek.nl\/de\/","name":"Van Beek Schroeftransport","description":"","publisher":{"@id":"https:\/\/www.van-beek.nl\/de\/#organization"},"potentialAction":[{"@type":"SearchAction","target":{"@type":"EntryPoint","urlTemplate":"https:\/\/www.van-beek.nl\/de\/?s={search_term_string}"},"query-input":{"@type":"PropertyValueSpecification","valueRequired":true,"valueName":"search_term_string"}}],"inLanguage":"de"},{"@type":"Organization","@id":"https:\/\/www.van-beek.nl\/de\/#organization","name":"Transportschroeven- en machinefabriek Van Beek B.V.","url":"https:\/\/www.van-beek.nl\/de\/","logo":{"@type":"ImageObject","inLanguage":"de","@id":"https:\/\/www.van-beek.nl\/de\/#\/schema\/logo\/image\/","url":"https:\/\/van-beek.nl\/wp-content\/uploads\/2020\/04\/VanBeek-logo.png","contentUrl":"https:\/\/van-beek.nl\/wp-content\/uploads\/2020\/04\/VanBeek-logo.png","width":116,"height":22,"caption":"Transportschroeven- en machinefabriek Van Beek B.V."},"image":{"@id":"https:\/\/www.van-beek.nl\/de\/#\/schema\/logo\/image\/"}}]}},"_links":{"self":[{"href":"https:\/\/www.van-beek.nl\/de\/wp-json\/wp\/v2\/pages\/13258","targetHints":{"allow":["GET"]}}],"collection":[{"href":"https:\/\/www.van-beek.nl\/de\/wp-json\/wp\/v2\/pages"}],"about":[{"href":"https:\/\/www.van-beek.nl\/de\/wp-json\/wp\/v2\/types\/page"}],"author":[{"embeddable":true,"href":"https:\/\/www.van-beek.nl\/de\/wp-json\/wp\/v2\/users\/14"}],"replies":[{"embeddable":true,"href":"https:\/\/www.van-beek.nl\/de\/wp-json\/wp\/v2\/comments?post=13258"}],"version-history":[{"count":1,"href":"https:\/\/www.van-beek.nl\/de\/wp-json\/wp\/v2\/pages\/13258\/revisions"}],"predecessor-version":[{"id":13259,"href":"https:\/\/www.van-beek.nl\/de\/wp-json\/wp\/v2\/pages\/13258\/revisions\/13259"}],"up":[{"embeddable":true,"href":"https:\/\/www.van-beek.nl\/de\/wp-json\/wp\/v2\/pages\/3793"}],"wp:featuredmedia":[{"embeddable":true,"href":"https:\/\/www.van-beek.nl\/de\/wp-json\/wp\/v2\/media\/13295"}],"wp:attachment":[{"href":"https:\/\/www.van-beek.nl\/de\/wp-json\/wp\/v2\/media?parent=13258"}],"curies":[{"name":"wp","href":"https:\/\/api.w.org\/{rel}","templated":true}]}}