{"id":13605,"date":"2026-01-21T12:03:51","date_gmt":"2026-01-21T10:03:51","guid":{"rendered":"https:\/\/www.van-beek.nl\/?page_id=13605"},"modified":"2026-03-17T10:44:00","modified_gmt":"2026-03-17T08:44:00","slug":"tests-forschung-schneckenfoerderer","status":"publish","type":"page","link":"https:\/\/www.van-beek.nl\/de\/schneckenfoerderer\/tests-forschung-schneckenfoerderer\/","title":{"rendered":"Tests und Forschung"},"content":{"rendered":"<h2>Einblick in das Produktverhalten, fundierte Entscheidungen<\/h2>\n<p><strong>Bei Van Beek kombinieren wir praxisorientierte Tests, Fachwissen und zielgerichtete Forschung, um den Schneckenf\u00f6rderer optimal auf jedes Produkt abzustimmen.<\/strong><\/p>\n<p><img loading=\"lazy\" decoding=\"async\" class=\"size-large wp-image-13874 alignright\" src=\"https:\/\/www.van-beek.nl\/wp-content\/uploads\/2026\/03\/IMG_4237-1024x682.jpg\" alt=\"\" width=\"640\" height=\"426\" srcset=\"https:\/\/www.van-beek.nl\/wp-content\/uploads\/2026\/03\/IMG_4237-1024x682.jpg 1024w, https:\/\/www.van-beek.nl\/wp-content\/uploads\/2026\/03\/IMG_4237-300x200.jpg 300w, https:\/\/www.van-beek.nl\/wp-content\/uploads\/2026\/03\/IMG_4237-768x512.jpg 768w, https:\/\/www.van-beek.nl\/wp-content\/uploads\/2026\/03\/IMG_4237.jpg 1280w\" sizes=\"auto, (max-width: 640px) 100vw, 640px\" \/>In The Blue Zone, unserem voll ausgestatteten Testraum, untersuchen wir, wie sich Materialien w\u00e4hrend des Transports verhalten, welche Risiken auftreten k\u00f6nnen und welche Einstellungen oder Anpassungen erforderlich sind. Dabei verwenden wir verschiedene Testmaschinen, Messaufbauten und flexible Konfigurationen, die realistische Situationen genau nachbilden.<\/p>\n<p>In unserer Forschungs- und Entwicklungsabteilung arbeiten wir kontinuierlich an Verbesserungen und neuen Techniken: von Prototypen und Sensortechnik bis hin zu nachhaltigen Heizl\u00f6sungen. Durch die Kombination von Tests, Analysen und Entwicklungen erm\u00f6glichen wir fundierte Entscheidungen und entwickeln L\u00f6sungen, die praxisnah und zukunftsf\u00e4hig sind.<\/p>\n<h3>M\u00f6chten Sie wissen, ob Ihr Produkt f\u00fcr den Schneckentransport geeignet ist? Dann <a href=\"mailto:warbout@van-beek.nl\">kontaktieren<\/a> Sie uns!<\/h3>\n","protected":false},"excerpt":{"rendered":"<p>Einblick in das Produktverhalten, fundierte Entscheidungen Bei Van Beek kombinieren wir praxisorientierte Tests, Fachwissen und zielgerichtete Forschung, um den Schneckenf\u00f6rderer optimal auf jedes Produkt abzustimmen. In The Blue Zone, unserem voll ausgestatteten Testraum, untersuchen wir, wie sich Materialien w\u00e4hrend des Transports verhalten, welche Risiken auftreten k\u00f6nnen und welche Einstellungen oder Anpassungen erforderlich sind. Dabei verwenden [&hellip;]<\/p>\n","protected":false},"author":5,"featured_media":0,"parent":3864,"menu_order":7,"comment_status":"closed","ping_status":"closed","template":"breed.php","meta":{"_acf_changed":false,"content-type":"","inline_featured_image":false,"footnotes":""},"class_list":["post-13605","page","type-page","status-publish","hentry"],"acf":[],"yoast_head":"<!-- This site is optimized with the Yoast SEO plugin v27.5 - https:\/\/yoast.com\/product\/yoast-seo-wordpress\/ -->\n<title>Testen und Untersuchen von Schneckenf\u00f6rderern | Van Beek<\/title>\n<meta name=\"description\" content=\"Entdecken Sie, wie Van Beek praxisorientierte Tests, spezialisierte Forschung und R&amp;D einsetzt, um Schneckenf\u00f6rderer optimal auf Ihr Produkt abzustimmen.\" \/>\n<meta name=\"robots\" content=\"index, follow, max-snippet:-1, max-image-preview:large, max-video-preview:-1\" \/>\n<link rel=\"canonical\" href=\"https:\/\/www.van-beek.nl\/de\/schneckenfoerderer\/tests-forschung-schneckenfoerderer\/\" \/>\n<meta property=\"og:locale\" content=\"de_DE\" \/>\n<meta property=\"og:type\" content=\"article\" \/>\n<meta property=\"og:title\" content=\"Testen und Untersuchen von Schneckenf\u00f6rderern | Van Beek\" \/>\n<meta property=\"og:description\" content=\"Entdecken Sie, wie Van Beek praxisorientierte Tests, spezialisierte Forschung und R&amp;D einsetzt, um Schneckenf\u00f6rderer optimal auf Ihr Produkt abzustimmen.\" \/>\n<meta property=\"og:url\" content=\"https:\/\/www.van-beek.nl\/de\/schneckenfoerderer\/tests-forschung-schneckenfoerderer\/\" \/>\n<meta property=\"og:site_name\" content=\"Van Beek Schroeftransport\" \/>\n<meta property=\"article:modified_time\" content=\"2026-03-17T08:44:00+00:00\" \/>\n<meta property=\"og:image\" content=\"https:\/\/www.van-beek.nl\/wp-content\/uploads\/2026\/03\/IMG_4237.jpg\" \/>\n\t<meta property=\"og:image:width\" content=\"1280\" \/>\n\t<meta property=\"og:image:height\" content=\"853\" \/>\n\t<meta property=\"og:image:type\" content=\"image\/jpeg\" \/>\n<meta name=\"twitter:card\" content=\"summary_large_image\" \/>\n<meta name=\"twitter:label1\" content=\"Gesch\u00e4tzte Lesezeit\" \/>\n\t<meta name=\"twitter:data1\" content=\"1\u00a0Minute\" \/>\n<script type=\"application\/ld+json\" class=\"yoast-schema-graph\">{\"@context\":\"https:\\\/\\\/schema.org\",\"@graph\":[{\"@type\":\"WebPage\",\"@id\":\"https:\\\/\\\/www.van-beek.nl\\\/de\\\/schneckenfoerderer\\\/tests-forschung-schneckenfoerderer\\\/\",\"url\":\"https:\\\/\\\/www.van-beek.nl\\\/de\\\/schneckenfoerderer\\\/tests-forschung-schneckenfoerderer\\\/\",\"name\":\"Testen und Untersuchen von Schneckenf\u00f6rderern | Van Beek\",\"isPartOf\":{\"@id\":\"https:\\\/\\\/www.van-beek.nl\\\/de\\\/#website\"},\"primaryImageOfPage\":{\"@id\":\"https:\\\/\\\/www.van-beek.nl\\\/de\\\/schneckenfoerderer\\\/tests-forschung-schneckenfoerderer\\\/#primaryimage\"},\"image\":{\"@id\":\"https:\\\/\\\/www.van-beek.nl\\\/de\\\/schneckenfoerderer\\\/tests-forschung-schneckenfoerderer\\\/#primaryimage\"},\"thumbnailUrl\":\"https:\\\/\\\/www.van-beek.nl\\\/wp-content\\\/uploads\\\/2026\\\/03\\\/IMG_4237-1024x682.jpg\",\"datePublished\":\"2026-01-21T10:03:51+00:00\",\"dateModified\":\"2026-03-17T08:44:00+00:00\",\"description\":\"Entdecken Sie, wie Van Beek praxisorientierte Tests, spezialisierte Forschung und R&D einsetzt, um Schneckenf\u00f6rderer optimal auf Ihr Produkt abzustimmen.\",\"breadcrumb\":{\"@id\":\"https:\\\/\\\/www.van-beek.nl\\\/de\\\/schneckenfoerderer\\\/tests-forschung-schneckenfoerderer\\\/#breadcrumb\"},\"inLanguage\":\"de\",\"potentialAction\":[{\"@type\":\"ReadAction\",\"target\":[\"https:\\\/\\\/www.van-beek.nl\\\/de\\\/schneckenfoerderer\\\/tests-forschung-schneckenfoerderer\\\/\"]}]},{\"@type\":\"ImageObject\",\"inLanguage\":\"de\",\"@id\":\"https:\\\/\\\/www.van-beek.nl\\\/de\\\/schneckenfoerderer\\\/tests-forschung-schneckenfoerderer\\\/#primaryimage\",\"url\":\"https:\\\/\\\/www.van-beek.nl\\\/wp-content\\\/uploads\\\/2026\\\/03\\\/IMG_4237-1024x682.jpg\",\"contentUrl\":\"https:\\\/\\\/www.van-beek.nl\\\/wp-content\\\/uploads\\\/2026\\\/03\\\/IMG_4237-1024x682.jpg\"},{\"@type\":\"BreadcrumbList\",\"@id\":\"https:\\\/\\\/www.van-beek.nl\\\/de\\\/schneckenfoerderer\\\/tests-forschung-schneckenfoerderer\\\/#breadcrumb\",\"itemListElement\":[{\"@type\":\"ListItem\",\"position\":1,\"name\":\"Home\",\"item\":\"https:\\\/\\\/www.van-beek.nl\\\/de\\\/\"},{\"@type\":\"ListItem\",\"position\":2,\"name\":\"Schneckenf\u00f6rderer\",\"item\":\"https:\\\/\\\/www.van-beek.nl\\\/de\\\/schneckenfoerderer\\\/\"},{\"@type\":\"ListItem\",\"position\":3,\"name\":\"Tests und Forschung\"}]},{\"@type\":\"WebSite\",\"@id\":\"https:\\\/\\\/www.van-beek.nl\\\/de\\\/#website\",\"url\":\"https:\\\/\\\/www.van-beek.nl\\\/de\\\/\",\"name\":\"Van Beek Schroeftransport\",\"description\":\"\",\"publisher\":{\"@id\":\"https:\\\/\\\/www.van-beek.nl\\\/de\\\/#organization\"},\"potentialAction\":[{\"@type\":\"SearchAction\",\"target\":{\"@type\":\"EntryPoint\",\"urlTemplate\":\"https:\\\/\\\/www.van-beek.nl\\\/de\\\/?s={search_term_string}\"},\"query-input\":{\"@type\":\"PropertyValueSpecification\",\"valueRequired\":true,\"valueName\":\"search_term_string\"}}],\"inLanguage\":\"de\"},{\"@type\":\"Organization\",\"@id\":\"https:\\\/\\\/www.van-beek.nl\\\/de\\\/#organization\",\"name\":\"Transportschroeven- en machinefabriek Van Beek B.V.\",\"url\":\"https:\\\/\\\/www.van-beek.nl\\\/de\\\/\",\"logo\":{\"@type\":\"ImageObject\",\"inLanguage\":\"de\",\"@id\":\"https:\\\/\\\/www.van-beek.nl\\\/de\\\/#\\\/schema\\\/logo\\\/image\\\/\",\"url\":\"https:\\\/\\\/van-beek.nl\\\/wp-content\\\/uploads\\\/2020\\\/04\\\/VanBeek-logo.png\",\"contentUrl\":\"https:\\\/\\\/van-beek.nl\\\/wp-content\\\/uploads\\\/2020\\\/04\\\/VanBeek-logo.png\",\"width\":116,\"height\":22,\"caption\":\"Transportschroeven- en machinefabriek Van Beek B.V.\"},\"image\":{\"@id\":\"https:\\\/\\\/www.van-beek.nl\\\/de\\\/#\\\/schema\\\/logo\\\/image\\\/\"}}]}<\/script>\n<!-- \/ Yoast SEO plugin. -->","yoast_head_json":{"title":"Testen und Untersuchen von Schneckenf\u00f6rderern | Van Beek","description":"Entdecken Sie, wie Van Beek praxisorientierte Tests, spezialisierte Forschung und R&D einsetzt, um Schneckenf\u00f6rderer optimal auf Ihr Produkt abzustimmen.","robots":{"index":"index","follow":"follow","max-snippet":"max-snippet:-1","max-image-preview":"max-image-preview:large","max-video-preview":"max-video-preview:-1"},"canonical":"https:\/\/www.van-beek.nl\/de\/schneckenfoerderer\/tests-forschung-schneckenfoerderer\/","og_locale":"de_DE","og_type":"article","og_title":"Testen und Untersuchen von Schneckenf\u00f6rderern | Van Beek","og_description":"Entdecken Sie, wie Van Beek praxisorientierte Tests, spezialisierte Forschung und R&D einsetzt, um Schneckenf\u00f6rderer optimal auf Ihr Produkt abzustimmen.","og_url":"https:\/\/www.van-beek.nl\/de\/schneckenfoerderer\/tests-forschung-schneckenfoerderer\/","og_site_name":"Van Beek Schroeftransport","article_modified_time":"2026-03-17T08:44:00+00:00","og_image":[{"width":1280,"height":853,"url":"https:\/\/www.van-beek.nl\/wp-content\/uploads\/2026\/03\/IMG_4237.jpg","type":"image\/jpeg"}],"twitter_card":"summary_large_image","twitter_misc":{"Gesch\u00e4tzte Lesezeit":"1\u00a0Minute"},"schema":{"@context":"https:\/\/schema.org","@graph":[{"@type":"WebPage","@id":"https:\/\/www.van-beek.nl\/de\/schneckenfoerderer\/tests-forschung-schneckenfoerderer\/","url":"https:\/\/www.van-beek.nl\/de\/schneckenfoerderer\/tests-forschung-schneckenfoerderer\/","name":"Testen und Untersuchen von Schneckenf\u00f6rderern | Van Beek","isPartOf":{"@id":"https:\/\/www.van-beek.nl\/de\/#website"},"primaryImageOfPage":{"@id":"https:\/\/www.van-beek.nl\/de\/schneckenfoerderer\/tests-forschung-schneckenfoerderer\/#primaryimage"},"image":{"@id":"https:\/\/www.van-beek.nl\/de\/schneckenfoerderer\/tests-forschung-schneckenfoerderer\/#primaryimage"},"thumbnailUrl":"https:\/\/www.van-beek.nl\/wp-content\/uploads\/2026\/03\/IMG_4237-1024x682.jpg","datePublished":"2026-01-21T10:03:51+00:00","dateModified":"2026-03-17T08:44:00+00:00","description":"Entdecken Sie, wie Van Beek praxisorientierte Tests, spezialisierte Forschung und R&D einsetzt, um Schneckenf\u00f6rderer optimal auf Ihr Produkt abzustimmen.","breadcrumb":{"@id":"https:\/\/www.van-beek.nl\/de\/schneckenfoerderer\/tests-forschung-schneckenfoerderer\/#breadcrumb"},"inLanguage":"de","potentialAction":[{"@type":"ReadAction","target":["https:\/\/www.van-beek.nl\/de\/schneckenfoerderer\/tests-forschung-schneckenfoerderer\/"]}]},{"@type":"ImageObject","inLanguage":"de","@id":"https:\/\/www.van-beek.nl\/de\/schneckenfoerderer\/tests-forschung-schneckenfoerderer\/#primaryimage","url":"https:\/\/www.van-beek.nl\/wp-content\/uploads\/2026\/03\/IMG_4237-1024x682.jpg","contentUrl":"https:\/\/www.van-beek.nl\/wp-content\/uploads\/2026\/03\/IMG_4237-1024x682.jpg"},{"@type":"BreadcrumbList","@id":"https:\/\/www.van-beek.nl\/de\/schneckenfoerderer\/tests-forschung-schneckenfoerderer\/#breadcrumb","itemListElement":[{"@type":"ListItem","position":1,"name":"Home","item":"https:\/\/www.van-beek.nl\/de\/"},{"@type":"ListItem","position":2,"name":"Schneckenf\u00f6rderer","item":"https:\/\/www.van-beek.nl\/de\/schneckenfoerderer\/"},{"@type":"ListItem","position":3,"name":"Tests und Forschung"}]},{"@type":"WebSite","@id":"https:\/\/www.van-beek.nl\/de\/#website","url":"https:\/\/www.van-beek.nl\/de\/","name":"Van Beek Schroeftransport","description":"","publisher":{"@id":"https:\/\/www.van-beek.nl\/de\/#organization"},"potentialAction":[{"@type":"SearchAction","target":{"@type":"EntryPoint","urlTemplate":"https:\/\/www.van-beek.nl\/de\/?s={search_term_string}"},"query-input":{"@type":"PropertyValueSpecification","valueRequired":true,"valueName":"search_term_string"}}],"inLanguage":"de"},{"@type":"Organization","@id":"https:\/\/www.van-beek.nl\/de\/#organization","name":"Transportschroeven- en machinefabriek Van Beek B.V.","url":"https:\/\/www.van-beek.nl\/de\/","logo":{"@type":"ImageObject","inLanguage":"de","@id":"https:\/\/www.van-beek.nl\/de\/#\/schema\/logo\/image\/","url":"https:\/\/van-beek.nl\/wp-content\/uploads\/2020\/04\/VanBeek-logo.png","contentUrl":"https:\/\/van-beek.nl\/wp-content\/uploads\/2020\/04\/VanBeek-logo.png","width":116,"height":22,"caption":"Transportschroeven- en machinefabriek Van Beek B.V."},"image":{"@id":"https:\/\/www.van-beek.nl\/de\/#\/schema\/logo\/image\/"}}]}},"_links":{"self":[{"href":"https:\/\/www.van-beek.nl\/de\/wp-json\/wp\/v2\/pages\/13605","targetHints":{"allow":["GET"]}}],"collection":[{"href":"https:\/\/www.van-beek.nl\/de\/wp-json\/wp\/v2\/pages"}],"about":[{"href":"https:\/\/www.van-beek.nl\/de\/wp-json\/wp\/v2\/types\/page"}],"author":[{"embeddable":true,"href":"https:\/\/www.van-beek.nl\/de\/wp-json\/wp\/v2\/users\/5"}],"replies":[{"embeddable":true,"href":"https:\/\/www.van-beek.nl\/de\/wp-json\/wp\/v2\/comments?post=13605"}],"version-history":[{"count":2,"href":"https:\/\/www.van-beek.nl\/de\/wp-json\/wp\/v2\/pages\/13605\/revisions"}],"predecessor-version":[{"id":13934,"href":"https:\/\/www.van-beek.nl\/de\/wp-json\/wp\/v2\/pages\/13605\/revisions\/13934"}],"up":[{"embeddable":true,"href":"https:\/\/www.van-beek.nl\/de\/wp-json\/wp\/v2\/pages\/3864"}],"wp:attachment":[{"href":"https:\/\/www.van-beek.nl\/de\/wp-json\/wp\/v2\/media?parent=13605"}],"curies":[{"name":"wp","href":"https:\/\/api.w.org\/{rel}","templated":true}]}}