{"id":13937,"date":"2026-03-17T10:51:30","date_gmt":"2026-03-17T08:51:30","guid":{"rendered":"https:\/\/www.van-beek.nl\/?page_id=13937"},"modified":"2026-03-17T11:15:53","modified_gmt":"2026-03-17T09:15:53","slug":"testen","status":"publish","type":"page","link":"https:\/\/www.van-beek.nl\/de\/schneckenfoerderer\/tests-forschung-schneckenfoerderer\/testen\/","title":{"rendered":"Testen"},"content":{"rendered":"<h2><strong>Genau wissen, wie es l\u00e4uft<\/strong><\/h2>\n<p><strong>Schneckenf\u00f6rderer sind der Kern vieler interner F\u00f6rdersysteme. Jedes Produkt ist einzigartig. Pulverig, k\u00f6rnig, staubig, feucht, trocken, leicht, schwer, klebrig oder abrasiv: Jedes Produkt verh\u00e4lt sich aufgrund seiner Eigenschaften anders in einem Schneckenf\u00f6rderer. Um nichts dem Zufall zu \u00fcberlassen, testen wir Ihr Produkt bei Van Beek im Vorfeld. Dann k\u00f6nnen wir uns sicher sein, wie es l\u00e4uft.<\/strong><\/p>\n<h3>Der Grund f\u00fcr die Tests<\/h3>\n<p><img loading=\"lazy\" decoding=\"async\" class=\"size-large wp-image-13880 alignleft\" src=\"https:\/\/www.van-beek.nl\/wp-content\/uploads\/2026\/03\/IMG_4269-1024x682.jpg\" alt=\"\" width=\"640\" height=\"426\" srcset=\"https:\/\/www.van-beek.nl\/wp-content\/uploads\/2026\/03\/IMG_4269-1024x682.jpg 1024w, https:\/\/www.van-beek.nl\/wp-content\/uploads\/2026\/03\/IMG_4269-300x200.jpg 300w, https:\/\/www.van-beek.nl\/wp-content\/uploads\/2026\/03\/IMG_4269-768x512.jpg 768w, https:\/\/www.van-beek.nl\/wp-content\/uploads\/2026\/03\/IMG_4269.jpg 1280w\" sizes=\"auto, (max-width: 640px) 100vw, 640px\" \/>Mit einem ausgekl\u00fcgelten Testverfahren werden \u00dcberraschungen vermieden. W\u00e4hrend des Tests untersuchen wir die Flie\u00dff\u00e4higkeit des Produkts in einem Schneckenf\u00f6rderer, pr\u00fcfen, wie viel Restprodukt zur\u00fcckbleibt und ob es zur Br\u00fcckenbildung kommt. Wir kontrollieren auch den Einfluss der Temperatur oder von Feuchtigkeit, Scher- und Sch\u00fcttwinkel und die Auswirkung der F\u00f6rderschnecke auf das Produkt. Wir lernen auf diese Weise das Verhalten des Produkts w\u00e4hrend des Transports kennen, aber auch den Einfluss der Bef\u00f6rderung auf das Produkt und umgekehrt.<\/p>\n<p>Soweit m\u00f6glich, lagern wir ein Muster von jedem getesteten Produkt in unserer physischen Datenbank ein, um auch bei Folgefragen oder neuen Anfragen genau absch\u00e4tzen zu k\u00f6nnen, wie das Produkt sich in der Praxis verh\u00e4lt. Die so gewonnenen Erkenntnisse bleiben verf\u00fcgbar.<\/p>\n<h3>Praxistests<\/h3>\n<p>Jeder Test beginnt mit der Anfrage von Ihnen, dem Kunden. Nach einer ersten Analyse der Produkteigenschaften bestimmen wir gemeinsam das Testziel und stellen eine geeignete Konfiguration zusammen. Bereits ein Liter Ihres Produkts sagt uns viel \u00fcber die Produkteigenschaften. Die Tests erfolgen entweder bei Van Beek in The Blue Zone oder auf Wunsch bei Ihnen vor Ort. Unsere Testmaschinen sind n\u00e4mlich auch f\u00fcr Tests in Ihrer eigenen Produktionsumgebung mietbar. Die Ergebnisse werden in einem klaren Feedback festgelegt, ausgewertet und verarbeitet\u00a0\u2013 h\u00e4ufig mit Bildmaterial und einer Empfehlung.<\/p>\n<h3>Wir testen alle Produktarten<\/h3>\n<p>Wir haben bereits Erfahrungen mit den unterschiedlichsten Produkten gesammelt, wie tiefgek\u00fchlte Donuts, Pumpernickel, Kunststoffgranulat, Kalkpulver, Salze oder Metallchips. Jedes Produkt hat ein charakteristisches Verhalten und bringt eigene Herausforderungen mit sich. Es kann vorkommen, dass ein Produkt anders auf die Maschine reagiert als wir oder die Kunden es erwartet haben. Unabh\u00e4ngig vom Ergebnis jedoch ist ein Test f\u00fcr uns immer erfolgreich. Wir lernen n\u00e4mlich immer etwas daraus.<\/p>\n<h3>Warum es sich lohnt, die Schneckenf\u00f6rderung zu testen<\/h3>\n<p><img loading=\"lazy\" decoding=\"async\" class=\"size-large wp-image-13928 alignright\" src=\"https:\/\/www.van-beek.nl\/wp-content\/uploads\/2026\/03\/IMG_4407-1024x682.jpg\" alt=\"\" width=\"640\" height=\"426\" srcset=\"https:\/\/www.van-beek.nl\/wp-content\/uploads\/2026\/03\/IMG_4407-1024x682.jpg 1024w, https:\/\/www.van-beek.nl\/wp-content\/uploads\/2026\/03\/IMG_4407-300x200.jpg 300w, https:\/\/www.van-beek.nl\/wp-content\/uploads\/2026\/03\/IMG_4407-768x512.jpg 768w, https:\/\/www.van-beek.nl\/wp-content\/uploads\/2026\/03\/IMG_4407.jpg 1280w\" sizes=\"auto, (max-width: 640px) 100vw, 640px\" \/>Bei den Tests erweist sich, ob Ihr Produkt sich gut mit einem Schneckenf\u00f6rderer transportieren l\u00e4sst. Sie erfahren, ob das Produkt zerbricht, klumpt oder aber pr\u00e4zise dosierbar ist. Sie entdecken, wie das Material auf unterschiedliche Geschwindigkeiten, Temperaturen oder Neigungswinkel reagiert. Sie k\u00f6nnen entscheiden, ob die Schneckenf\u00f6rderung das optimale Verfahren f\u00fcr Sie ist oder ob eine andere L\u00f6sung besser passt.<\/p>\n<p>Sie erfahren zudem, ob Risiken wie Produktansammlungen, Verschlei\u00df oder \u00dcberhitzung bestehen und wie die Maschine darauf abgestimmt werden muss. Au\u00dfer der technischen Pr\u00fcfung erhalten Sie Argumente f\u00fcr eine sichere, nachhaltige und gut begr\u00fcndete Investitionsentscheidung.<\/p>\n<h3>M\u00f6chten Sie erfahren, ob Ihr Produkt f\u00fcr die Schneckenf\u00f6rderung geeignet ist? <a href=\"mailto:warbout@van-beek.nl\">Buchen<\/a> Sie einen Test bei Van Beek!<\/h3>\n","protected":false},"excerpt":{"rendered":"<p>Genau wissen, wie es l\u00e4uft Schneckenf\u00f6rderer sind der Kern vieler interner F\u00f6rdersysteme. Jedes Produkt ist einzigartig. Pulverig, k\u00f6rnig, staubig, feucht, trocken, leicht, schwer, klebrig oder abrasiv: Jedes Produkt verh\u00e4lt sich aufgrund seiner Eigenschaften anders in einem Schneckenf\u00f6rderer. Um nichts dem Zufall zu \u00fcberlassen, testen wir Ihr Produkt bei Van Beek im Vorfeld. Dann k\u00f6nnen wir [&hellip;]<\/p>\n","protected":false},"author":5,"featured_media":0,"parent":13605,"menu_order":0,"comment_status":"closed","ping_status":"closed","template":"breed.php","meta":{"_acf_changed":false,"content-type":"","inline_featured_image":false,"footnotes":""},"class_list":["post-13937","page","type-page","status-publish","hentry"],"acf":[],"yoast_head":"<!-- This site is optimized with the Yoast SEO plugin v27.5 - https:\/\/yoast.com\/product\/yoast-seo-wordpress\/ -->\n<title>- Van Beek Schroeftransport<\/title>\n<meta name=\"robots\" content=\"index, follow, max-snippet:-1, max-image-preview:large, max-video-preview:-1\" \/>\n<link rel=\"canonical\" href=\"https:\/\/www.van-beek.nl\/de\/schneckenfoerderer\/tests-forschung-schneckenfoerderer\/testen\/\" \/>\n<meta property=\"og:locale\" content=\"de_DE\" \/>\n<meta property=\"og:type\" content=\"article\" \/>\n<meta property=\"og:title\" content=\"- Van Beek Schroeftransport\" \/>\n<meta property=\"og:description\" content=\"Genau wissen, wie es l\u00e4uft Schneckenf\u00f6rderer sind der Kern vieler interner F\u00f6rdersysteme. Jedes Produkt ist einzigartig. Pulverig, k\u00f6rnig, staubig, feucht, trocken, leicht, schwer, klebrig oder abrasiv: Jedes Produkt verh\u00e4lt sich aufgrund seiner Eigenschaften anders in einem Schneckenf\u00f6rderer. Um nichts dem Zufall zu \u00fcberlassen, testen wir Ihr Produkt bei Van Beek im Vorfeld. Dann k\u00f6nnen wir [&hellip;]\" \/>\n<meta property=\"og:url\" content=\"https:\/\/www.van-beek.nl\/de\/schneckenfoerderer\/tests-forschung-schneckenfoerderer\/testen\/\" \/>\n<meta property=\"og:site_name\" content=\"Van Beek Schroeftransport\" \/>\n<meta property=\"article:modified_time\" content=\"2026-03-17T09:15:53+00:00\" \/>\n<meta property=\"og:image\" content=\"https:\/\/www.van-beek.nl\/wp-content\/uploads\/2026\/03\/IMG_4269.jpg\" \/>\n\t<meta property=\"og:image:width\" content=\"1280\" \/>\n\t<meta property=\"og:image:height\" content=\"853\" \/>\n\t<meta property=\"og:image:type\" content=\"image\/jpeg\" \/>\n<meta name=\"twitter:card\" content=\"summary_large_image\" \/>\n<meta name=\"twitter:label1\" content=\"Gesch\u00e4tzte Lesezeit\" \/>\n\t<meta name=\"twitter:data1\" content=\"3\u00a0Minuten\" \/>\n<script type=\"application\/ld+json\" class=\"yoast-schema-graph\">{\"@context\":\"https:\\\/\\\/schema.org\",\"@graph\":[{\"@type\":\"WebPage\",\"@id\":\"https:\\\/\\\/www.van-beek.nl\\\/de\\\/schneckenfoerderer\\\/tests-forschung-schneckenfoerderer\\\/testen\\\/\",\"url\":\"https:\\\/\\\/www.van-beek.nl\\\/de\\\/schneckenfoerderer\\\/tests-forschung-schneckenfoerderer\\\/testen\\\/\",\"name\":\"- Van Beek Schroeftransport\",\"isPartOf\":{\"@id\":\"https:\\\/\\\/www.van-beek.nl\\\/de\\\/#website\"},\"primaryImageOfPage\":{\"@id\":\"https:\\\/\\\/www.van-beek.nl\\\/de\\\/schneckenfoerderer\\\/tests-forschung-schneckenfoerderer\\\/testen\\\/#primaryimage\"},\"image\":{\"@id\":\"https:\\\/\\\/www.van-beek.nl\\\/de\\\/schneckenfoerderer\\\/tests-forschung-schneckenfoerderer\\\/testen\\\/#primaryimage\"},\"thumbnailUrl\":\"https:\\\/\\\/www.van-beek.nl\\\/wp-content\\\/uploads\\\/2026\\\/03\\\/IMG_4269-1024x682.jpg\",\"datePublished\":\"2026-03-17T08:51:30+00:00\",\"dateModified\":\"2026-03-17T09:15:53+00:00\",\"breadcrumb\":{\"@id\":\"https:\\\/\\\/www.van-beek.nl\\\/de\\\/schneckenfoerderer\\\/tests-forschung-schneckenfoerderer\\\/testen\\\/#breadcrumb\"},\"inLanguage\":\"de\",\"potentialAction\":[{\"@type\":\"ReadAction\",\"target\":[\"https:\\\/\\\/www.van-beek.nl\\\/de\\\/schneckenfoerderer\\\/tests-forschung-schneckenfoerderer\\\/testen\\\/\"]}]},{\"@type\":\"ImageObject\",\"inLanguage\":\"de\",\"@id\":\"https:\\\/\\\/www.van-beek.nl\\\/de\\\/schneckenfoerderer\\\/tests-forschung-schneckenfoerderer\\\/testen\\\/#primaryimage\",\"url\":\"https:\\\/\\\/www.van-beek.nl\\\/wp-content\\\/uploads\\\/2026\\\/03\\\/IMG_4269-1024x682.jpg\",\"contentUrl\":\"https:\\\/\\\/www.van-beek.nl\\\/wp-content\\\/uploads\\\/2026\\\/03\\\/IMG_4269-1024x682.jpg\"},{\"@type\":\"BreadcrumbList\",\"@id\":\"https:\\\/\\\/www.van-beek.nl\\\/de\\\/schneckenfoerderer\\\/tests-forschung-schneckenfoerderer\\\/testen\\\/#breadcrumb\",\"itemListElement\":[{\"@type\":\"ListItem\",\"position\":1,\"name\":\"Home\",\"item\":\"https:\\\/\\\/www.van-beek.nl\\\/de\\\/\"},{\"@type\":\"ListItem\",\"position\":2,\"name\":\"Schneckenf\u00f6rderer\",\"item\":\"https:\\\/\\\/www.van-beek.nl\\\/de\\\/schneckenfoerderer\\\/\"},{\"@type\":\"ListItem\",\"position\":3,\"name\":\"Tests und Forschung\",\"item\":\"https:\\\/\\\/www.van-beek.nl\\\/de\\\/schneckenfoerderer\\\/tests-forschung-schneckenfoerderer\\\/\"},{\"@type\":\"ListItem\",\"position\":4,\"name\":\"Testen\"}]},{\"@type\":\"WebSite\",\"@id\":\"https:\\\/\\\/www.van-beek.nl\\\/de\\\/#website\",\"url\":\"https:\\\/\\\/www.van-beek.nl\\\/de\\\/\",\"name\":\"Van Beek Schroeftransport\",\"description\":\"\",\"publisher\":{\"@id\":\"https:\\\/\\\/www.van-beek.nl\\\/de\\\/#organization\"},\"potentialAction\":[{\"@type\":\"SearchAction\",\"target\":{\"@type\":\"EntryPoint\",\"urlTemplate\":\"https:\\\/\\\/www.van-beek.nl\\\/de\\\/?s={search_term_string}\"},\"query-input\":{\"@type\":\"PropertyValueSpecification\",\"valueRequired\":true,\"valueName\":\"search_term_string\"}}],\"inLanguage\":\"de\"},{\"@type\":\"Organization\",\"@id\":\"https:\\\/\\\/www.van-beek.nl\\\/de\\\/#organization\",\"name\":\"Transportschroeven- en machinefabriek Van Beek B.V.\",\"url\":\"https:\\\/\\\/www.van-beek.nl\\\/de\\\/\",\"logo\":{\"@type\":\"ImageObject\",\"inLanguage\":\"de\",\"@id\":\"https:\\\/\\\/www.van-beek.nl\\\/de\\\/#\\\/schema\\\/logo\\\/image\\\/\",\"url\":\"https:\\\/\\\/van-beek.nl\\\/wp-content\\\/uploads\\\/2020\\\/04\\\/VanBeek-logo.png\",\"contentUrl\":\"https:\\\/\\\/van-beek.nl\\\/wp-content\\\/uploads\\\/2020\\\/04\\\/VanBeek-logo.png\",\"width\":116,\"height\":22,\"caption\":\"Transportschroeven- en machinefabriek Van Beek B.V.\"},\"image\":{\"@id\":\"https:\\\/\\\/www.van-beek.nl\\\/de\\\/#\\\/schema\\\/logo\\\/image\\\/\"}}]}<\/script>\n<!-- \/ Yoast SEO plugin. -->","yoast_head_json":{"title":"- Van Beek Schroeftransport","robots":{"index":"index","follow":"follow","max-snippet":"max-snippet:-1","max-image-preview":"max-image-preview:large","max-video-preview":"max-video-preview:-1"},"canonical":"https:\/\/www.van-beek.nl\/de\/schneckenfoerderer\/tests-forschung-schneckenfoerderer\/testen\/","og_locale":"de_DE","og_type":"article","og_title":"- Van Beek Schroeftransport","og_description":"Genau wissen, wie es l\u00e4uft Schneckenf\u00f6rderer sind der Kern vieler interner F\u00f6rdersysteme. Jedes Produkt ist einzigartig. Pulverig, k\u00f6rnig, staubig, feucht, trocken, leicht, schwer, klebrig oder abrasiv: Jedes Produkt verh\u00e4lt sich aufgrund seiner Eigenschaften anders in einem Schneckenf\u00f6rderer. Um nichts dem Zufall zu \u00fcberlassen, testen wir Ihr Produkt bei Van Beek im Vorfeld. Dann k\u00f6nnen wir [&hellip;]","og_url":"https:\/\/www.van-beek.nl\/de\/schneckenfoerderer\/tests-forschung-schneckenfoerderer\/testen\/","og_site_name":"Van Beek Schroeftransport","article_modified_time":"2026-03-17T09:15:53+00:00","og_image":[{"width":1280,"height":853,"url":"https:\/\/www.van-beek.nl\/wp-content\/uploads\/2026\/03\/IMG_4269.jpg","type":"image\/jpeg"}],"twitter_card":"summary_large_image","twitter_misc":{"Gesch\u00e4tzte Lesezeit":"3\u00a0Minuten"},"schema":{"@context":"https:\/\/schema.org","@graph":[{"@type":"WebPage","@id":"https:\/\/www.van-beek.nl\/de\/schneckenfoerderer\/tests-forschung-schneckenfoerderer\/testen\/","url":"https:\/\/www.van-beek.nl\/de\/schneckenfoerderer\/tests-forschung-schneckenfoerderer\/testen\/","name":"- Van Beek Schroeftransport","isPartOf":{"@id":"https:\/\/www.van-beek.nl\/de\/#website"},"primaryImageOfPage":{"@id":"https:\/\/www.van-beek.nl\/de\/schneckenfoerderer\/tests-forschung-schneckenfoerderer\/testen\/#primaryimage"},"image":{"@id":"https:\/\/www.van-beek.nl\/de\/schneckenfoerderer\/tests-forschung-schneckenfoerderer\/testen\/#primaryimage"},"thumbnailUrl":"https:\/\/www.van-beek.nl\/wp-content\/uploads\/2026\/03\/IMG_4269-1024x682.jpg","datePublished":"2026-03-17T08:51:30+00:00","dateModified":"2026-03-17T09:15:53+00:00","breadcrumb":{"@id":"https:\/\/www.van-beek.nl\/de\/schneckenfoerderer\/tests-forschung-schneckenfoerderer\/testen\/#breadcrumb"},"inLanguage":"de","potentialAction":[{"@type":"ReadAction","target":["https:\/\/www.van-beek.nl\/de\/schneckenfoerderer\/tests-forschung-schneckenfoerderer\/testen\/"]}]},{"@type":"ImageObject","inLanguage":"de","@id":"https:\/\/www.van-beek.nl\/de\/schneckenfoerderer\/tests-forschung-schneckenfoerderer\/testen\/#primaryimage","url":"https:\/\/www.van-beek.nl\/wp-content\/uploads\/2026\/03\/IMG_4269-1024x682.jpg","contentUrl":"https:\/\/www.van-beek.nl\/wp-content\/uploads\/2026\/03\/IMG_4269-1024x682.jpg"},{"@type":"BreadcrumbList","@id":"https:\/\/www.van-beek.nl\/de\/schneckenfoerderer\/tests-forschung-schneckenfoerderer\/testen\/#breadcrumb","itemListElement":[{"@type":"ListItem","position":1,"name":"Home","item":"https:\/\/www.van-beek.nl\/de\/"},{"@type":"ListItem","position":2,"name":"Schneckenf\u00f6rderer","item":"https:\/\/www.van-beek.nl\/de\/schneckenfoerderer\/"},{"@type":"ListItem","position":3,"name":"Tests und Forschung","item":"https:\/\/www.van-beek.nl\/de\/schneckenfoerderer\/tests-forschung-schneckenfoerderer\/"},{"@type":"ListItem","position":4,"name":"Testen"}]},{"@type":"WebSite","@id":"https:\/\/www.van-beek.nl\/de\/#website","url":"https:\/\/www.van-beek.nl\/de\/","name":"Van Beek Schroeftransport","description":"","publisher":{"@id":"https:\/\/www.van-beek.nl\/de\/#organization"},"potentialAction":[{"@type":"SearchAction","target":{"@type":"EntryPoint","urlTemplate":"https:\/\/www.van-beek.nl\/de\/?s={search_term_string}"},"query-input":{"@type":"PropertyValueSpecification","valueRequired":true,"valueName":"search_term_string"}}],"inLanguage":"de"},{"@type":"Organization","@id":"https:\/\/www.van-beek.nl\/de\/#organization","name":"Transportschroeven- en machinefabriek Van Beek B.V.","url":"https:\/\/www.van-beek.nl\/de\/","logo":{"@type":"ImageObject","inLanguage":"de","@id":"https:\/\/www.van-beek.nl\/de\/#\/schema\/logo\/image\/","url":"https:\/\/van-beek.nl\/wp-content\/uploads\/2020\/04\/VanBeek-logo.png","contentUrl":"https:\/\/van-beek.nl\/wp-content\/uploads\/2020\/04\/VanBeek-logo.png","width":116,"height":22,"caption":"Transportschroeven- en machinefabriek Van Beek B.V."},"image":{"@id":"https:\/\/www.van-beek.nl\/de\/#\/schema\/logo\/image\/"}}]}},"_links":{"self":[{"href":"https:\/\/www.van-beek.nl\/de\/wp-json\/wp\/v2\/pages\/13937","targetHints":{"allow":["GET"]}}],"collection":[{"href":"https:\/\/www.van-beek.nl\/de\/wp-json\/wp\/v2\/pages"}],"about":[{"href":"https:\/\/www.van-beek.nl\/de\/wp-json\/wp\/v2\/types\/page"}],"author":[{"embeddable":true,"href":"https:\/\/www.van-beek.nl\/de\/wp-json\/wp\/v2\/users\/5"}],"replies":[{"embeddable":true,"href":"https:\/\/www.van-beek.nl\/de\/wp-json\/wp\/v2\/comments?post=13937"}],"version-history":[{"count":1,"href":"https:\/\/www.van-beek.nl\/de\/wp-json\/wp\/v2\/pages\/13937\/revisions"}],"predecessor-version":[{"id":13938,"href":"https:\/\/www.van-beek.nl\/de\/wp-json\/wp\/v2\/pages\/13937\/revisions\/13938"}],"up":[{"embeddable":true,"href":"https:\/\/www.van-beek.nl\/de\/wp-json\/wp\/v2\/pages\/13605"}],"wp:attachment":[{"href":"https:\/\/www.van-beek.nl\/de\/wp-json\/wp\/v2\/media?parent=13937"}],"curies":[{"name":"wp","href":"https:\/\/api.w.org\/{rel}","templated":true}]}}