{"id":13939,"date":"2026-03-17T12:26:09","date_gmt":"2026-03-17T10:26:09","guid":{"rendered":"https:\/\/www.van-beek.nl\/?page_id=13939"},"modified":"2026-03-17T13:55:47","modified_gmt":"2026-03-17T11:55:47","slug":"testmaschinen","status":"publish","type":"page","link":"https:\/\/www.van-beek.nl\/de\/schneckenfoerderer\/tests-forschung-schneckenfoerderer\/testmaschinen\/","title":{"rendered":"Testmaschinen"},"content":{"rendered":"<h2>Testkonfigurationen f\u00fcr den entscheidenden Vorsprung<\/h2>\n<p><strong>Zum Testen der Schneckenf\u00f6rderer verf\u00fcgt Van Beek \u00fcber eine Reihe spezieller Testanlagen, mit denen m\u00f6glichst viele praktische Situationen realit\u00e4tsnah simulierbar sind So k\u00f6nnen wir gut begr\u00fcndete Entscheidungen treffen, Risiken ausschlie\u00dfen und Ihnen bereits im Vorfeld deutlich zeigen, was funktioniert. <\/strong><\/p>\n<h3>Welche Testmaschinen sind verf\u00fcgbar?<\/h3>\n<p>Wir haben verschiedene Systeme bereitstehen. Jede Maschine ist flexibel einsetzbar und kann eigenst\u00e4ndig oder in Kombination mit anderen Systemen in der Blue Zone oder vor Ort bei Ihnen als Kunde aufgebaut werden. F\u00fcr jede unserer Testmaschinen ist ein technisches Datenblatt verf\u00fcgbar, das Sie unten herunterladen k\u00f6nnen.<\/p>\n<p>&nbsp;<\/p>\n","protected":false},"excerpt":{"rendered":"<p>Testkonfigurationen f\u00fcr den entscheidenden Vorsprung Zum Testen der Schneckenf\u00f6rderer verf\u00fcgt Van Beek \u00fcber eine Reihe spezieller Testanlagen, mit denen m\u00f6glichst viele praktische Situationen realit\u00e4tsnah simulierbar sind So k\u00f6nnen wir gut begr\u00fcndete Entscheidungen treffen, Risiken ausschlie\u00dfen und Ihnen bereits im Vorfeld deutlich zeigen, was funktioniert. Welche Testmaschinen sind verf\u00fcgbar? Wir haben verschiedene Systeme bereitstehen. Jede Maschine [&hellip;]<\/p>\n","protected":false},"author":5,"featured_media":0,"parent":13605,"menu_order":0,"comment_status":"closed","ping_status":"closed","template":"downloads.php","meta":{"_acf_changed":false,"content-type":"","inline_featured_image":false,"footnotes":""},"class_list":["post-13939","page","type-page","status-publish","hentry"],"acf":[],"yoast_head":"<!-- This site is optimized with the Yoast SEO plugin v27.5 - https:\/\/yoast.com\/product\/yoast-seo-wordpress\/ -->\n<title>- Van Beek Schroeftransport<\/title>\n<meta name=\"robots\" content=\"index, follow, max-snippet:-1, max-image-preview:large, max-video-preview:-1\" \/>\n<link rel=\"canonical\" href=\"https:\/\/www.van-beek.nl\/de\/schneckenfoerderer\/tests-forschung-schneckenfoerderer\/testmaschinen\/\" \/>\n<meta property=\"og:locale\" content=\"de_DE\" \/>\n<meta property=\"og:type\" content=\"article\" \/>\n<meta property=\"og:title\" content=\"- Van Beek Schroeftransport\" \/>\n<meta property=\"og:description\" content=\"Testkonfigurationen f\u00fcr den entscheidenden Vorsprung Zum Testen der Schneckenf\u00f6rderer verf\u00fcgt Van Beek \u00fcber eine Reihe spezieller Testanlagen, mit denen m\u00f6glichst viele praktische Situationen realit\u00e4tsnah simulierbar sind So k\u00f6nnen wir gut begr\u00fcndete Entscheidungen treffen, Risiken ausschlie\u00dfen und Ihnen bereits im Vorfeld deutlich zeigen, was funktioniert. Welche Testmaschinen sind verf\u00fcgbar? Wir haben verschiedene Systeme bereitstehen. Jede Maschine [&hellip;]\" \/>\n<meta property=\"og:url\" content=\"https:\/\/www.van-beek.nl\/de\/schneckenfoerderer\/tests-forschung-schneckenfoerderer\/testmaschinen\/\" \/>\n<meta property=\"og:site_name\" content=\"Van Beek Schroeftransport\" \/>\n<meta property=\"article:modified_time\" content=\"2026-03-17T11:55:47+00:00\" \/>\n<meta name=\"twitter:card\" content=\"summary_large_image\" \/>\n<meta name=\"twitter:label1\" content=\"Gesch\u00e4tzte Lesezeit\" \/>\n\t<meta name=\"twitter:data1\" content=\"1\u00a0Minute\" \/>\n<script type=\"application\/ld+json\" class=\"yoast-schema-graph\">{\"@context\":\"https:\\\/\\\/schema.org\",\"@graph\":[{\"@type\":\"WebPage\",\"@id\":\"https:\\\/\\\/www.van-beek.nl\\\/de\\\/schneckenfoerderer\\\/tests-forschung-schneckenfoerderer\\\/testmaschinen\\\/\",\"url\":\"https:\\\/\\\/www.van-beek.nl\\\/de\\\/schneckenfoerderer\\\/tests-forschung-schneckenfoerderer\\\/testmaschinen\\\/\",\"name\":\"- Van Beek Schroeftransport\",\"isPartOf\":{\"@id\":\"https:\\\/\\\/www.van-beek.nl\\\/de\\\/#website\"},\"datePublished\":\"2026-03-17T10:26:09+00:00\",\"dateModified\":\"2026-03-17T11:55:47+00:00\",\"breadcrumb\":{\"@id\":\"https:\\\/\\\/www.van-beek.nl\\\/de\\\/schneckenfoerderer\\\/tests-forschung-schneckenfoerderer\\\/testmaschinen\\\/#breadcrumb\"},\"inLanguage\":\"de\",\"potentialAction\":[{\"@type\":\"ReadAction\",\"target\":[\"https:\\\/\\\/www.van-beek.nl\\\/de\\\/schneckenfoerderer\\\/tests-forschung-schneckenfoerderer\\\/testmaschinen\\\/\"]}]},{\"@type\":\"BreadcrumbList\",\"@id\":\"https:\\\/\\\/www.van-beek.nl\\\/de\\\/schneckenfoerderer\\\/tests-forschung-schneckenfoerderer\\\/testmaschinen\\\/#breadcrumb\",\"itemListElement\":[{\"@type\":\"ListItem\",\"position\":1,\"name\":\"Home\",\"item\":\"https:\\\/\\\/www.van-beek.nl\\\/de\\\/\"},{\"@type\":\"ListItem\",\"position\":2,\"name\":\"Schneckenf\u00f6rderer\",\"item\":\"https:\\\/\\\/www.van-beek.nl\\\/de\\\/schneckenfoerderer\\\/\"},{\"@type\":\"ListItem\",\"position\":3,\"name\":\"Tests und Forschung\",\"item\":\"https:\\\/\\\/www.van-beek.nl\\\/de\\\/schneckenfoerderer\\\/tests-forschung-schneckenfoerderer\\\/\"},{\"@type\":\"ListItem\",\"position\":4,\"name\":\"Testmaschinen\"}]},{\"@type\":\"WebSite\",\"@id\":\"https:\\\/\\\/www.van-beek.nl\\\/de\\\/#website\",\"url\":\"https:\\\/\\\/www.van-beek.nl\\\/de\\\/\",\"name\":\"Van Beek Schroeftransport\",\"description\":\"\",\"publisher\":{\"@id\":\"https:\\\/\\\/www.van-beek.nl\\\/de\\\/#organization\"},\"potentialAction\":[{\"@type\":\"SearchAction\",\"target\":{\"@type\":\"EntryPoint\",\"urlTemplate\":\"https:\\\/\\\/www.van-beek.nl\\\/de\\\/?s={search_term_string}\"},\"query-input\":{\"@type\":\"PropertyValueSpecification\",\"valueRequired\":true,\"valueName\":\"search_term_string\"}}],\"inLanguage\":\"de\"},{\"@type\":\"Organization\",\"@id\":\"https:\\\/\\\/www.van-beek.nl\\\/de\\\/#organization\",\"name\":\"Transportschroeven- en machinefabriek Van Beek B.V.\",\"url\":\"https:\\\/\\\/www.van-beek.nl\\\/de\\\/\",\"logo\":{\"@type\":\"ImageObject\",\"inLanguage\":\"de\",\"@id\":\"https:\\\/\\\/www.van-beek.nl\\\/de\\\/#\\\/schema\\\/logo\\\/image\\\/\",\"url\":\"https:\\\/\\\/van-beek.nl\\\/wp-content\\\/uploads\\\/2020\\\/04\\\/VanBeek-logo.png\",\"contentUrl\":\"https:\\\/\\\/van-beek.nl\\\/wp-content\\\/uploads\\\/2020\\\/04\\\/VanBeek-logo.png\",\"width\":116,\"height\":22,\"caption\":\"Transportschroeven- en machinefabriek Van Beek B.V.\"},\"image\":{\"@id\":\"https:\\\/\\\/www.van-beek.nl\\\/de\\\/#\\\/schema\\\/logo\\\/image\\\/\"}}]}<\/script>\n<!-- \/ Yoast SEO plugin. -->","yoast_head_json":{"title":"- Van Beek Schroeftransport","robots":{"index":"index","follow":"follow","max-snippet":"max-snippet:-1","max-image-preview":"max-image-preview:large","max-video-preview":"max-video-preview:-1"},"canonical":"https:\/\/www.van-beek.nl\/de\/schneckenfoerderer\/tests-forschung-schneckenfoerderer\/testmaschinen\/","og_locale":"de_DE","og_type":"article","og_title":"- Van Beek Schroeftransport","og_description":"Testkonfigurationen f\u00fcr den entscheidenden Vorsprung Zum Testen der Schneckenf\u00f6rderer verf\u00fcgt Van Beek \u00fcber eine Reihe spezieller Testanlagen, mit denen m\u00f6glichst viele praktische Situationen realit\u00e4tsnah simulierbar sind So k\u00f6nnen wir gut begr\u00fcndete Entscheidungen treffen, Risiken ausschlie\u00dfen und Ihnen bereits im Vorfeld deutlich zeigen, was funktioniert. Welche Testmaschinen sind verf\u00fcgbar? Wir haben verschiedene Systeme bereitstehen. Jede Maschine [&hellip;]","og_url":"https:\/\/www.van-beek.nl\/de\/schneckenfoerderer\/tests-forschung-schneckenfoerderer\/testmaschinen\/","og_site_name":"Van Beek Schroeftransport","article_modified_time":"2026-03-17T11:55:47+00:00","twitter_card":"summary_large_image","twitter_misc":{"Gesch\u00e4tzte Lesezeit":"1\u00a0Minute"},"schema":{"@context":"https:\/\/schema.org","@graph":[{"@type":"WebPage","@id":"https:\/\/www.van-beek.nl\/de\/schneckenfoerderer\/tests-forschung-schneckenfoerderer\/testmaschinen\/","url":"https:\/\/www.van-beek.nl\/de\/schneckenfoerderer\/tests-forschung-schneckenfoerderer\/testmaschinen\/","name":"- Van Beek Schroeftransport","isPartOf":{"@id":"https:\/\/www.van-beek.nl\/de\/#website"},"datePublished":"2026-03-17T10:26:09+00:00","dateModified":"2026-03-17T11:55:47+00:00","breadcrumb":{"@id":"https:\/\/www.van-beek.nl\/de\/schneckenfoerderer\/tests-forschung-schneckenfoerderer\/testmaschinen\/#breadcrumb"},"inLanguage":"de","potentialAction":[{"@type":"ReadAction","target":["https:\/\/www.van-beek.nl\/de\/schneckenfoerderer\/tests-forschung-schneckenfoerderer\/testmaschinen\/"]}]},{"@type":"BreadcrumbList","@id":"https:\/\/www.van-beek.nl\/de\/schneckenfoerderer\/tests-forschung-schneckenfoerderer\/testmaschinen\/#breadcrumb","itemListElement":[{"@type":"ListItem","position":1,"name":"Home","item":"https:\/\/www.van-beek.nl\/de\/"},{"@type":"ListItem","position":2,"name":"Schneckenf\u00f6rderer","item":"https:\/\/www.van-beek.nl\/de\/schneckenfoerderer\/"},{"@type":"ListItem","position":3,"name":"Tests und Forschung","item":"https:\/\/www.van-beek.nl\/de\/schneckenfoerderer\/tests-forschung-schneckenfoerderer\/"},{"@type":"ListItem","position":4,"name":"Testmaschinen"}]},{"@type":"WebSite","@id":"https:\/\/www.van-beek.nl\/de\/#website","url":"https:\/\/www.van-beek.nl\/de\/","name":"Van Beek Schroeftransport","description":"","publisher":{"@id":"https:\/\/www.van-beek.nl\/de\/#organization"},"potentialAction":[{"@type":"SearchAction","target":{"@type":"EntryPoint","urlTemplate":"https:\/\/www.van-beek.nl\/de\/?s={search_term_string}"},"query-input":{"@type":"PropertyValueSpecification","valueRequired":true,"valueName":"search_term_string"}}],"inLanguage":"de"},{"@type":"Organization","@id":"https:\/\/www.van-beek.nl\/de\/#organization","name":"Transportschroeven- en machinefabriek Van Beek B.V.","url":"https:\/\/www.van-beek.nl\/de\/","logo":{"@type":"ImageObject","inLanguage":"de","@id":"https:\/\/www.van-beek.nl\/de\/#\/schema\/logo\/image\/","url":"https:\/\/van-beek.nl\/wp-content\/uploads\/2020\/04\/VanBeek-logo.png","contentUrl":"https:\/\/van-beek.nl\/wp-content\/uploads\/2020\/04\/VanBeek-logo.png","width":116,"height":22,"caption":"Transportschroeven- en machinefabriek Van Beek B.V."},"image":{"@id":"https:\/\/www.van-beek.nl\/de\/#\/schema\/logo\/image\/"}}]}},"_links":{"self":[{"href":"https:\/\/www.van-beek.nl\/de\/wp-json\/wp\/v2\/pages\/13939","targetHints":{"allow":["GET"]}}],"collection":[{"href":"https:\/\/www.van-beek.nl\/de\/wp-json\/wp\/v2\/pages"}],"about":[{"href":"https:\/\/www.van-beek.nl\/de\/wp-json\/wp\/v2\/types\/page"}],"author":[{"embeddable":true,"href":"https:\/\/www.van-beek.nl\/de\/wp-json\/wp\/v2\/users\/5"}],"replies":[{"embeddable":true,"href":"https:\/\/www.van-beek.nl\/de\/wp-json\/wp\/v2\/comments?post=13939"}],"version-history":[{"count":4,"href":"https:\/\/www.van-beek.nl\/de\/wp-json\/wp\/v2\/pages\/13939\/revisions"}],"predecessor-version":[{"id":13944,"href":"https:\/\/www.van-beek.nl\/de\/wp-json\/wp\/v2\/pages\/13939\/revisions\/13944"}],"up":[{"embeddable":true,"href":"https:\/\/www.van-beek.nl\/de\/wp-json\/wp\/v2\/pages\/13605"}],"wp:attachment":[{"href":"https:\/\/www.van-beek.nl\/de\/wp-json\/wp\/v2\/media?parent=13939"}],"curies":[{"name":"wp","href":"https:\/\/api.w.org\/{rel}","templated":true}]}}