{"id":13946,"date":"2026-03-17T14:07:46","date_gmt":"2026-03-17T12:07:46","guid":{"rendered":"https:\/\/www.van-beek.nl\/?page_id=13946"},"modified":"2026-03-17T14:13:41","modified_gmt":"2026-03-17T12:13:41","slug":"the-blue-zone","status":"publish","type":"page","link":"https:\/\/www.van-beek.nl\/de\/schneckenfoerderer\/tests-forschung-schneckenfoerderer\/the-blue-zone\/","title":{"rendered":"The Blue Zone"},"content":{"rendered":"<h2>Unser Zentrum f\u00fcr Wissen, Innovation und Tests<\/h2>\n<p><strong>The Blue Zone ist unser komplett ausgestattetes Testzentrum in Drunen. Dieser Raum wurde speziell f\u00fcr die praxisnahe Entwicklung und Erprobung von Schneckenf\u00f6rderanlagen eingerichtet. Hier f\u00fchren wir Kundentests aus, bewerten Prototypen und betreuen Innovationen. So erfahren wir, wie Produkte sich w\u00e4hrend des Transports verhalten, ob Risiken wie Verstopfungen und Anh\u00e4ufungen auftreten k\u00f6nnen und ob weitere Erg\u00e4nzungen erforderlich sind. In The Blue Zone testen und entwickeln wir Produkte und empfangen wir Kunden aus dem In- und Ausland.<\/strong><\/p>\n<h3><img loading=\"lazy\" decoding=\"async\" class=\"alignleft size-large wp-image-13888\" src=\"https:\/\/www.van-beek.nl\/wp-content\/uploads\/2026\/03\/DJI_0198-1024x576.jpg\" alt=\"\" width=\"640\" height=\"360\" srcset=\"https:\/\/www.van-beek.nl\/wp-content\/uploads\/2026\/03\/DJI_0198-1024x576.jpg 1024w, https:\/\/www.van-beek.nl\/wp-content\/uploads\/2026\/03\/DJI_0198-300x169.jpg 300w, https:\/\/www.van-beek.nl\/wp-content\/uploads\/2026\/03\/DJI_0198-768x432.jpg 768w, https:\/\/www.van-beek.nl\/wp-content\/uploads\/2026\/03\/DJI_0198.jpg 1280w\" sizes=\"auto, (max-width: 640px) 100vw, 640px\" \/>Was ist das Spezielle an The Blue Zone?<\/h3>\n<p>Der Raum ist getrennt von der Produktion und komplett als Testanlage ausgestattet, mit flexiblen Anschl\u00fcssen, Messger\u00e4ten und einem eigenen Meeting-Bereich. Die Kunden k\u00f6nnen die Tests mit verfolgen, aber auch in aller Ruhe eine Besprechung abhalten oder arbeiten, w\u00e4hrend wir die Konfigurationen justieren. Aufgrund der vorgegebenen Einteilung, den Hygienemitteln und der professionellen Ausr\u00fcstung k\u00f6nnen wir Umbauten schnell und effizient ausf\u00fchren.<\/p>\n<h3>Was passiert hier?<\/h3>\n<p>The Blue Zone besteht aus drei\u00a0Teilen:<\/p>\n<ul>\n<li><strong>The Test Room<\/strong>: Dies ist ein abgeschlossener Raum, in dem Produkteigenschaften wie Klebrigkeit, F\u00f6rderbarkeit oder Brechbarkeit getestet werden.<\/li>\n<li><strong>The Brain Room:<\/strong> Hier werden alle Testergebnisse sofort ausgelesen, analysiert und besprochen. Jeder Test wird gefilmt und gespeichert.<\/li>\n<li><strong>The Take Off:<\/strong> Hier werden die fertigen Maschinen vom Kunden abgenommen.<\/li>\n<\/ul>\n<p>Im Blue Zone f\u00fchren wir Kundentests aus, bewerten Prototypen und betreuen Innovationen. Wir nutzen den Raum auch f\u00fcr interne Vorf\u00fchrungen, die Schulung von Praktikanten und Mitarbeitern sowie Workshops.<\/p>\n<h3>Produktanalyse<\/h3>\n<p>Ein Test beginnt bei uns oft mit einer Produktanalyse; wir haben eine Messvorrichtung, um verschiedene Produkteigenschaften zu messen und zu analysieren. Dazu geh\u00f6ren beispielsweise die Sch\u00fcttdichte (bulk density), der Scherkraftwinkel, der Sch\u00fcttwinkel und der Feuchtigkeitsgehalt.<\/p>\n<h3>Welche Testkonfigurationen sind m\u00f6glich?<\/h3>\n<p>In unserem Testraum stehen diverse Anlagen bereit, mit denen wir praxisnahe Testkonfigurationen zusammenstellen k\u00f6nnen, wie:<\/p>\n<ul>\n<li>Celsimix mit Beheizung (Strom und \u00d6l)<img loading=\"lazy\" decoding=\"async\" class=\"alignright size-medium wp-image-13893\" src=\"https:\/\/www.van-beek.nl\/wp-content\/uploads\/2026\/03\/IMG_4289-300x200.jpg\" alt=\"\" width=\"300\" height=\"200\" srcset=\"https:\/\/www.van-beek.nl\/wp-content\/uploads\/2026\/03\/IMG_4289-300x200.jpg 300w, https:\/\/www.van-beek.nl\/wp-content\/uploads\/2026\/03\/IMG_4289-1024x682.jpg 1024w, https:\/\/www.van-beek.nl\/wp-content\/uploads\/2026\/03\/IMG_4289-768x512.jpg 768w, https:\/\/www.van-beek.nl\/wp-content\/uploads\/2026\/03\/IMG_4289.jpg 1280w\" sizes=\"auto, (max-width: 300px) 100vw, 300px\" \/><\/li>\n<li>Dosierschnecken<\/li>\n<li>Waagerecht-Senkrechtf\u00f6rderer<\/li>\n<li>Waagerechte Trogschneckenf\u00f6rderer<\/li>\n<li>Klumpenzerkleinerer<\/li>\n<li>Querf\u00f6rderer<\/li>\n<li>Steigschnecken<\/li>\n<li>Schneckenw\u00e4rmetauscher mit Beheizung oder K\u00fchlung (Strom, Wasser, \u00d6l)<\/li>\n<li>Leersackverdichter<\/li>\n<\/ul>\n<p>Ferner verf\u00fcgen wir \u00fcber eine Messanlage f\u00fcr die Vermessung und Analyse diverser Produkteigenschaften, wie beispielsweise der Sch\u00fcttdichte (Bulk Density), dem Scherwinkel, Sch\u00fcttwinkel und Feuchtigkeitsgehalt.<\/p>\n<h3>M\u00f6chten Sie sich The Blue Zone mal anschauen oder einen Test planen? <a href=\"mailto:warbout@van-beek.nl\">Wenden<\/a> Sie sich an unser R&amp;D-Team!<\/h3>\n<p>&nbsp;<\/p>\n<p>&nbsp;<\/p>\n","protected":false},"excerpt":{"rendered":"<p>Unser Zentrum f\u00fcr Wissen, Innovation und Tests The Blue Zone ist unser komplett ausgestattetes Testzentrum in Drunen. Dieser Raum wurde speziell f\u00fcr die praxisnahe Entwicklung und Erprobung von Schneckenf\u00f6rderanlagen eingerichtet. Hier f\u00fchren wir Kundentests aus, bewerten Prototypen und betreuen Innovationen. So erfahren wir, wie Produkte sich w\u00e4hrend des Transports verhalten, ob Risiken wie Verstopfungen und [&hellip;]<\/p>\n","protected":false},"author":5,"featured_media":0,"parent":13605,"menu_order":0,"comment_status":"closed","ping_status":"closed","template":"breed.php","meta":{"_acf_changed":false,"content-type":"","inline_featured_image":false,"footnotes":""},"class_list":["post-13946","page","type-page","status-publish","hentry"],"acf":[],"yoast_head":"<!-- This site is optimized with the Yoast SEO plugin v27.5 - https:\/\/yoast.com\/product\/yoast-seo-wordpress\/ -->\n<title>- Van Beek Schroeftransport<\/title>\n<meta name=\"robots\" content=\"index, follow, max-snippet:-1, max-image-preview:large, max-video-preview:-1\" \/>\n<link rel=\"canonical\" href=\"https:\/\/www.van-beek.nl\/de\/schneckenfoerderer\/tests-forschung-schneckenfoerderer\/the-blue-zone\/\" \/>\n<meta property=\"og:locale\" content=\"de_DE\" \/>\n<meta property=\"og:type\" content=\"article\" \/>\n<meta property=\"og:title\" content=\"- Van Beek Schroeftransport\" \/>\n<meta property=\"og:description\" content=\"Unser Zentrum f\u00fcr Wissen, Innovation und Tests The Blue Zone ist unser komplett ausgestattetes Testzentrum in Drunen. Dieser Raum wurde speziell f\u00fcr die praxisnahe Entwicklung und Erprobung von Schneckenf\u00f6rderanlagen eingerichtet. Hier f\u00fchren wir Kundentests aus, bewerten Prototypen und betreuen Innovationen. So erfahren wir, wie Produkte sich w\u00e4hrend des Transports verhalten, ob Risiken wie Verstopfungen und [&hellip;]\" \/>\n<meta property=\"og:url\" content=\"https:\/\/www.van-beek.nl\/de\/schneckenfoerderer\/tests-forschung-schneckenfoerderer\/the-blue-zone\/\" \/>\n<meta property=\"og:site_name\" content=\"Van Beek Schroeftransport\" \/>\n<meta property=\"article:modified_time\" content=\"2026-03-17T12:13:41+00:00\" \/>\n<meta property=\"og:image\" content=\"https:\/\/www.van-beek.nl\/wp-content\/uploads\/2026\/03\/DJI_0198.jpg\" \/>\n\t<meta property=\"og:image:width\" content=\"1280\" \/>\n\t<meta property=\"og:image:height\" content=\"720\" \/>\n\t<meta property=\"og:image:type\" content=\"image\/jpeg\" \/>\n<meta name=\"twitter:card\" content=\"summary_large_image\" \/>\n<meta name=\"twitter:label1\" content=\"Gesch\u00e4tzte Lesezeit\" \/>\n\t<meta name=\"twitter:data1\" content=\"3\u00a0Minuten\" \/>\n<script type=\"application\/ld+json\" class=\"yoast-schema-graph\">{\"@context\":\"https:\\\/\\\/schema.org\",\"@graph\":[{\"@type\":\"WebPage\",\"@id\":\"https:\\\/\\\/www.van-beek.nl\\\/de\\\/schneckenfoerderer\\\/tests-forschung-schneckenfoerderer\\\/the-blue-zone\\\/\",\"url\":\"https:\\\/\\\/www.van-beek.nl\\\/de\\\/schneckenfoerderer\\\/tests-forschung-schneckenfoerderer\\\/the-blue-zone\\\/\",\"name\":\"- Van Beek Schroeftransport\",\"isPartOf\":{\"@id\":\"https:\\\/\\\/www.van-beek.nl\\\/de\\\/#website\"},\"primaryImageOfPage\":{\"@id\":\"https:\\\/\\\/www.van-beek.nl\\\/de\\\/schneckenfoerderer\\\/tests-forschung-schneckenfoerderer\\\/the-blue-zone\\\/#primaryimage\"},\"image\":{\"@id\":\"https:\\\/\\\/www.van-beek.nl\\\/de\\\/schneckenfoerderer\\\/tests-forschung-schneckenfoerderer\\\/the-blue-zone\\\/#primaryimage\"},\"thumbnailUrl\":\"https:\\\/\\\/www.van-beek.nl\\\/wp-content\\\/uploads\\\/2026\\\/03\\\/DJI_0198-1024x576.jpg\",\"datePublished\":\"2026-03-17T12:07:46+00:00\",\"dateModified\":\"2026-03-17T12:13:41+00:00\",\"breadcrumb\":{\"@id\":\"https:\\\/\\\/www.van-beek.nl\\\/de\\\/schneckenfoerderer\\\/tests-forschung-schneckenfoerderer\\\/the-blue-zone\\\/#breadcrumb\"},\"inLanguage\":\"de\",\"potentialAction\":[{\"@type\":\"ReadAction\",\"target\":[\"https:\\\/\\\/www.van-beek.nl\\\/de\\\/schneckenfoerderer\\\/tests-forschung-schneckenfoerderer\\\/the-blue-zone\\\/\"]}]},{\"@type\":\"ImageObject\",\"inLanguage\":\"de\",\"@id\":\"https:\\\/\\\/www.van-beek.nl\\\/de\\\/schneckenfoerderer\\\/tests-forschung-schneckenfoerderer\\\/the-blue-zone\\\/#primaryimage\",\"url\":\"https:\\\/\\\/www.van-beek.nl\\\/wp-content\\\/uploads\\\/2026\\\/03\\\/DJI_0198-1024x576.jpg\",\"contentUrl\":\"https:\\\/\\\/www.van-beek.nl\\\/wp-content\\\/uploads\\\/2026\\\/03\\\/DJI_0198-1024x576.jpg\"},{\"@type\":\"BreadcrumbList\",\"@id\":\"https:\\\/\\\/www.van-beek.nl\\\/de\\\/schneckenfoerderer\\\/tests-forschung-schneckenfoerderer\\\/the-blue-zone\\\/#breadcrumb\",\"itemListElement\":[{\"@type\":\"ListItem\",\"position\":1,\"name\":\"Home\",\"item\":\"https:\\\/\\\/www.van-beek.nl\\\/de\\\/\"},{\"@type\":\"ListItem\",\"position\":2,\"name\":\"Schneckenf\u00f6rderer\",\"item\":\"https:\\\/\\\/www.van-beek.nl\\\/de\\\/schneckenfoerderer\\\/\"},{\"@type\":\"ListItem\",\"position\":3,\"name\":\"Tests und Forschung\",\"item\":\"https:\\\/\\\/www.van-beek.nl\\\/de\\\/schneckenfoerderer\\\/tests-forschung-schneckenfoerderer\\\/\"},{\"@type\":\"ListItem\",\"position\":4,\"name\":\"The Blue Zone\"}]},{\"@type\":\"WebSite\",\"@id\":\"https:\\\/\\\/www.van-beek.nl\\\/de\\\/#website\",\"url\":\"https:\\\/\\\/www.van-beek.nl\\\/de\\\/\",\"name\":\"Van Beek Schroeftransport\",\"description\":\"\",\"publisher\":{\"@id\":\"https:\\\/\\\/www.van-beek.nl\\\/de\\\/#organization\"},\"potentialAction\":[{\"@type\":\"SearchAction\",\"target\":{\"@type\":\"EntryPoint\",\"urlTemplate\":\"https:\\\/\\\/www.van-beek.nl\\\/de\\\/?s={search_term_string}\"},\"query-input\":{\"@type\":\"PropertyValueSpecification\",\"valueRequired\":true,\"valueName\":\"search_term_string\"}}],\"inLanguage\":\"de\"},{\"@type\":\"Organization\",\"@id\":\"https:\\\/\\\/www.van-beek.nl\\\/de\\\/#organization\",\"name\":\"Transportschroeven- en machinefabriek Van Beek B.V.\",\"url\":\"https:\\\/\\\/www.van-beek.nl\\\/de\\\/\",\"logo\":{\"@type\":\"ImageObject\",\"inLanguage\":\"de\",\"@id\":\"https:\\\/\\\/www.van-beek.nl\\\/de\\\/#\\\/schema\\\/logo\\\/image\\\/\",\"url\":\"https:\\\/\\\/van-beek.nl\\\/wp-content\\\/uploads\\\/2020\\\/04\\\/VanBeek-logo.png\",\"contentUrl\":\"https:\\\/\\\/van-beek.nl\\\/wp-content\\\/uploads\\\/2020\\\/04\\\/VanBeek-logo.png\",\"width\":116,\"height\":22,\"caption\":\"Transportschroeven- en machinefabriek Van Beek B.V.\"},\"image\":{\"@id\":\"https:\\\/\\\/www.van-beek.nl\\\/de\\\/#\\\/schema\\\/logo\\\/image\\\/\"}}]}<\/script>\n<!-- \/ Yoast SEO plugin. -->","yoast_head_json":{"title":"- Van Beek Schroeftransport","robots":{"index":"index","follow":"follow","max-snippet":"max-snippet:-1","max-image-preview":"max-image-preview:large","max-video-preview":"max-video-preview:-1"},"canonical":"https:\/\/www.van-beek.nl\/de\/schneckenfoerderer\/tests-forschung-schneckenfoerderer\/the-blue-zone\/","og_locale":"de_DE","og_type":"article","og_title":"- Van Beek Schroeftransport","og_description":"Unser Zentrum f\u00fcr Wissen, Innovation und Tests The Blue Zone ist unser komplett ausgestattetes Testzentrum in Drunen. Dieser Raum wurde speziell f\u00fcr die praxisnahe Entwicklung und Erprobung von Schneckenf\u00f6rderanlagen eingerichtet. Hier f\u00fchren wir Kundentests aus, bewerten Prototypen und betreuen Innovationen. So erfahren wir, wie Produkte sich w\u00e4hrend des Transports verhalten, ob Risiken wie Verstopfungen und [&hellip;]","og_url":"https:\/\/www.van-beek.nl\/de\/schneckenfoerderer\/tests-forschung-schneckenfoerderer\/the-blue-zone\/","og_site_name":"Van Beek Schroeftransport","article_modified_time":"2026-03-17T12:13:41+00:00","og_image":[{"width":1280,"height":720,"url":"https:\/\/www.van-beek.nl\/wp-content\/uploads\/2026\/03\/DJI_0198.jpg","type":"image\/jpeg"}],"twitter_card":"summary_large_image","twitter_misc":{"Gesch\u00e4tzte Lesezeit":"3\u00a0Minuten"},"schema":{"@context":"https:\/\/schema.org","@graph":[{"@type":"WebPage","@id":"https:\/\/www.van-beek.nl\/de\/schneckenfoerderer\/tests-forschung-schneckenfoerderer\/the-blue-zone\/","url":"https:\/\/www.van-beek.nl\/de\/schneckenfoerderer\/tests-forschung-schneckenfoerderer\/the-blue-zone\/","name":"- Van Beek Schroeftransport","isPartOf":{"@id":"https:\/\/www.van-beek.nl\/de\/#website"},"primaryImageOfPage":{"@id":"https:\/\/www.van-beek.nl\/de\/schneckenfoerderer\/tests-forschung-schneckenfoerderer\/the-blue-zone\/#primaryimage"},"image":{"@id":"https:\/\/www.van-beek.nl\/de\/schneckenfoerderer\/tests-forschung-schneckenfoerderer\/the-blue-zone\/#primaryimage"},"thumbnailUrl":"https:\/\/www.van-beek.nl\/wp-content\/uploads\/2026\/03\/DJI_0198-1024x576.jpg","datePublished":"2026-03-17T12:07:46+00:00","dateModified":"2026-03-17T12:13:41+00:00","breadcrumb":{"@id":"https:\/\/www.van-beek.nl\/de\/schneckenfoerderer\/tests-forschung-schneckenfoerderer\/the-blue-zone\/#breadcrumb"},"inLanguage":"de","potentialAction":[{"@type":"ReadAction","target":["https:\/\/www.van-beek.nl\/de\/schneckenfoerderer\/tests-forschung-schneckenfoerderer\/the-blue-zone\/"]}]},{"@type":"ImageObject","inLanguage":"de","@id":"https:\/\/www.van-beek.nl\/de\/schneckenfoerderer\/tests-forschung-schneckenfoerderer\/the-blue-zone\/#primaryimage","url":"https:\/\/www.van-beek.nl\/wp-content\/uploads\/2026\/03\/DJI_0198-1024x576.jpg","contentUrl":"https:\/\/www.van-beek.nl\/wp-content\/uploads\/2026\/03\/DJI_0198-1024x576.jpg"},{"@type":"BreadcrumbList","@id":"https:\/\/www.van-beek.nl\/de\/schneckenfoerderer\/tests-forschung-schneckenfoerderer\/the-blue-zone\/#breadcrumb","itemListElement":[{"@type":"ListItem","position":1,"name":"Home","item":"https:\/\/www.van-beek.nl\/de\/"},{"@type":"ListItem","position":2,"name":"Schneckenf\u00f6rderer","item":"https:\/\/www.van-beek.nl\/de\/schneckenfoerderer\/"},{"@type":"ListItem","position":3,"name":"Tests und Forschung","item":"https:\/\/www.van-beek.nl\/de\/schneckenfoerderer\/tests-forschung-schneckenfoerderer\/"},{"@type":"ListItem","position":4,"name":"The Blue Zone"}]},{"@type":"WebSite","@id":"https:\/\/www.van-beek.nl\/de\/#website","url":"https:\/\/www.van-beek.nl\/de\/","name":"Van Beek Schroeftransport","description":"","publisher":{"@id":"https:\/\/www.van-beek.nl\/de\/#organization"},"potentialAction":[{"@type":"SearchAction","target":{"@type":"EntryPoint","urlTemplate":"https:\/\/www.van-beek.nl\/de\/?s={search_term_string}"},"query-input":{"@type":"PropertyValueSpecification","valueRequired":true,"valueName":"search_term_string"}}],"inLanguage":"de"},{"@type":"Organization","@id":"https:\/\/www.van-beek.nl\/de\/#organization","name":"Transportschroeven- en machinefabriek Van Beek B.V.","url":"https:\/\/www.van-beek.nl\/de\/","logo":{"@type":"ImageObject","inLanguage":"de","@id":"https:\/\/www.van-beek.nl\/de\/#\/schema\/logo\/image\/","url":"https:\/\/van-beek.nl\/wp-content\/uploads\/2020\/04\/VanBeek-logo.png","contentUrl":"https:\/\/van-beek.nl\/wp-content\/uploads\/2020\/04\/VanBeek-logo.png","width":116,"height":22,"caption":"Transportschroeven- en machinefabriek Van Beek B.V."},"image":{"@id":"https:\/\/www.van-beek.nl\/de\/#\/schema\/logo\/image\/"}}]}},"_links":{"self":[{"href":"https:\/\/www.van-beek.nl\/de\/wp-json\/wp\/v2\/pages\/13946","targetHints":{"allow":["GET"]}}],"collection":[{"href":"https:\/\/www.van-beek.nl\/de\/wp-json\/wp\/v2\/pages"}],"about":[{"href":"https:\/\/www.van-beek.nl\/de\/wp-json\/wp\/v2\/types\/page"}],"author":[{"embeddable":true,"href":"https:\/\/www.van-beek.nl\/de\/wp-json\/wp\/v2\/users\/5"}],"replies":[{"embeddable":true,"href":"https:\/\/www.van-beek.nl\/de\/wp-json\/wp\/v2\/comments?post=13946"}],"version-history":[{"count":5,"href":"https:\/\/www.van-beek.nl\/de\/wp-json\/wp\/v2\/pages\/13946\/revisions"}],"predecessor-version":[{"id":13951,"href":"https:\/\/www.van-beek.nl\/de\/wp-json\/wp\/v2\/pages\/13946\/revisions\/13951"}],"up":[{"embeddable":true,"href":"https:\/\/www.van-beek.nl\/de\/wp-json\/wp\/v2\/pages\/13605"}],"wp:attachment":[{"href":"https:\/\/www.van-beek.nl\/de\/wp-json\/wp\/v2\/media?parent=13946"}],"curies":[{"name":"wp","href":"https:\/\/api.w.org\/{rel}","templated":true}]}}