{"id":13956,"date":"2026-03-17T14:27:01","date_gmt":"2026-03-17T12:27:01","guid":{"rendered":"https:\/\/www.van-beek.nl\/?page_id=13956"},"modified":"2026-03-17T14:27:01","modified_gmt":"2026-03-17T12:27:01","slug":"forschung-und-entwicklung","status":"publish","type":"page","link":"https:\/\/www.van-beek.nl\/de\/schneckenfoerderer\/tests-forschung-schneckenfoerderer\/forschung-und-entwicklung\/","title":{"rendered":"Forschung und Entwicklung"},"content":{"rendered":"<h2>Von der Idee zur Innovation<\/h2>\n<p><strong>Bei Van Beek glauben wir daran, dass Neuerungen mit Neugier beginnen. Unser R&amp;D-Team besch\u00e4ftigt sich laufend mit der Erkundung neuer Techniken, der Verbesserung bestehender Systeme und der Untersuchung der kommenden Marktentwicklungen. Dies wird nicht nur durch Kundenanfragen ausgel\u00f6st, sondern auch, weil wir als Spezialist f\u00fcr Schneckenf\u00f6rderung f\u00fchrend bleiben wollen.<\/strong><\/p>\n<h3>Beispiele f\u00fcr Innovationen<\/h3>\n<p><img loading=\"lazy\" decoding=\"async\" class=\"alignleft size-large wp-image-13904\" src=\"https:\/\/www.van-beek.nl\/wp-content\/uploads\/2026\/03\/IMG_4387-1024x682.jpg\" alt=\"\" width=\"640\" height=\"426\" srcset=\"https:\/\/www.van-beek.nl\/wp-content\/uploads\/2026\/03\/IMG_4387-1024x682.jpg 1024w, https:\/\/www.van-beek.nl\/wp-content\/uploads\/2026\/03\/IMG_4387-300x200.jpg 300w, https:\/\/www.van-beek.nl\/wp-content\/uploads\/2026\/03\/IMG_4387-768x512.jpg 768w, https:\/\/www.van-beek.nl\/wp-content\/uploads\/2026\/03\/IMG_4387.jpg 1280w\" sizes=\"auto, (max-width: 640px) 100vw, 640px\" \/>Ein konkretes Beispiel f\u00fcr ein R&amp;D-Projekt ist der elektrisch beheizte Celsius Volta, der durch den wachsenden Bedarf an Nachhaltigkeit zustandekam. Aber auch kleinere Innovationen werden im Rahmen unserer R&amp;D-Projekte geschaffen, beispielsweise die Marktforschung nach Dichtungen und alternative Verbindungstechniken f\u00fcr unsere Produktion sowie die Anwendung verschiedener Sensoren und Datenlogger.<\/p>\n<h3>Gr\u00fcnde f\u00fcr Neuerungen<\/h3>\n<p>Unsere Projekte entstehen aus unterschiedlichen Anl\u00e4ssen. Dabei kann es sich um einen innovativen Gedanken eines Teammitglieds, eine zu l\u00f6sende technische Frage oder den Wunsch handeln, einen Prozess cleverer, sicherer oder nachhaltiger zu machen. Auch Marktsignale, neue Gesetzgebung (wie ATEX) oder Trends in den Bereichen Energie, Materialnutzung oder Digitalisierung k\u00f6nnen einen Entwicklungsprozess ansto\u00dfen. Wir arbeiten proaktiv an L\u00f6sungen, bevor sie explizit nachgefragt werden, damit wir nicht nur auf den Markt reagieren, sondern ihn auch aktiv mit gestalten k\u00f6nnen.<\/p>\n<h3>Vom Konzept zur Umsetzung<\/h3>\n<p>Wir forschen praktisch und theoretisch, gelegentlich aufgrund einer Idee aus dem Team, oder aber als Antwort auf technologische Trends. Dabei setzen wir auf:<\/p>\n<ul>\n<li>3D-gedruckte Prototypen<\/li>\n<li>Sensoren und Datenlogger<\/li>\n<li>Testkonfigurationen in The Blue Zone<\/li>\n<li>Wissen aus Fachliteratur, Seminaren und Messen.<\/li>\n<\/ul>\n<p><strong>\u00a0<\/strong>Vor der Umsetzung wird eine Innovation erst hypothetisch untersucht, anschlie\u00dfend werden kleine Prototypen und Testkonfigurationen gebaut, wonach vollwertige Maschinen entstehen, die umfassende Tests hinter sich haben. Erst wenn die Anlage wie vorgesehen funktioniert und wir von ihrem Mehrwert \u00fcberzeugt sind, wird das Produkt in Fertigung genommen und auf dem Markt vorgestellt.<\/p>\n<h3>R&amp;D-Team<\/h3>\n<p><img loading=\"lazy\" decoding=\"async\" class=\"alignright wp-image-13897 size-large\" src=\"https:\/\/www.van-beek.nl\/wp-content\/uploads\/2026\/03\/IMG_4335-1024x682.jpg\" alt=\"\" width=\"640\" height=\"426\" srcset=\"https:\/\/www.van-beek.nl\/wp-content\/uploads\/2026\/03\/IMG_4335-1024x682.jpg 1024w, https:\/\/www.van-beek.nl\/wp-content\/uploads\/2026\/03\/IMG_4335-300x200.jpg 300w, https:\/\/www.van-beek.nl\/wp-content\/uploads\/2026\/03\/IMG_4335-768x512.jpg 768w, https:\/\/www.van-beek.nl\/wp-content\/uploads\/2026\/03\/IMG_4335.jpg 1280w\" sizes=\"auto, (max-width: 640px) 100vw, 640px\" \/>Hinter jeder innovativen L\u00f6sung von Van Beek steht ein engagiertes und motiviertes R&amp;D-Team. Daan Mulder und Michiel van Mourik, beide F&amp;E- und Testingenieure, bilden das Herzst\u00fcck unserer Forschungs- und Entwicklungsabteilung. Sie verbinden fundiertes Wissen \u00fcber Schneckenf\u00f6rderer mit einem neugierigen, praxisorientierten Blick in die Zukunft.<\/p>\n<p>In unserem Testzentrum \u201eThe Blue Zone\u201c und bei Kunden bereiten sie Tests sorgf\u00e4ltig vor, begleiten und analysieren sie und setzen die Ergebnisse in konkrete Empfehlungen und Verbesserungen um. Dar\u00fcber hinaus verfolgt das Team aktiv Marktentwicklungen und arbeitet an neuen Anwendungen, Produktoptimierungen und innovativen Konzepten wie beispielsweise der Celsius Volta-Linie.<\/p>\n<p>Neben der Technik ist auch Raum f\u00fcr Wissensaustausch. Unser F&amp;E-Team ist bei Tagen der offenen T\u00fcr und Messen pr\u00e4sent und betreut Studenten und junge Techniker. Denn Innovation beginnt bei den Menschen und beim Teilen von Wissen!<\/p>\n<h3>Sind Sie neugierig, woran wir derzeit arbeiten, oder m\u00f6chten Sie sich mal mit uns \u00fcber Schneckenf\u00f6rderung austauschen? Bitte <a href=\"mailto:warbout@van-beek.nl\">wenden<\/a> Sie sich an uns<\/h3>\n","protected":false},"excerpt":{"rendered":"<p>Von der Idee zur Innovation Bei Van Beek glauben wir daran, dass Neuerungen mit Neugier beginnen. Unser R&amp;D-Team besch\u00e4ftigt sich laufend mit der Erkundung neuer Techniken, der Verbesserung bestehender Systeme und der Untersuchung der kommenden Marktentwicklungen. Dies wird nicht nur durch Kundenanfragen ausgel\u00f6st, sondern auch, weil wir als Spezialist f\u00fcr Schneckenf\u00f6rderung f\u00fchrend bleiben wollen. Beispiele [&hellip;]<\/p>\n","protected":false},"author":5,"featured_media":0,"parent":13605,"menu_order":0,"comment_status":"closed","ping_status":"closed","template":"breed.php","meta":{"_acf_changed":false,"content-type":"","inline_featured_image":false,"footnotes":""},"class_list":["post-13956","page","type-page","status-publish","hentry"],"acf":[],"yoast_head":"<!-- This site is optimized with the Yoast SEO plugin v27.5 - https:\/\/yoast.com\/product\/yoast-seo-wordpress\/ -->\n<title>- Van Beek Schroeftransport<\/title>\n<meta name=\"robots\" content=\"index, follow, max-snippet:-1, max-image-preview:large, max-video-preview:-1\" \/>\n<link rel=\"canonical\" href=\"https:\/\/www.van-beek.nl\/de\/schneckenfoerderer\/tests-forschung-schneckenfoerderer\/forschung-und-entwicklung\/\" \/>\n<meta property=\"og:locale\" content=\"de_DE\" \/>\n<meta property=\"og:type\" content=\"article\" \/>\n<meta property=\"og:title\" content=\"- Van Beek Schroeftransport\" \/>\n<meta property=\"og:description\" content=\"Von der Idee zur Innovation Bei Van Beek glauben wir daran, dass Neuerungen mit Neugier beginnen. Unser R&amp;D-Team besch\u00e4ftigt sich laufend mit der Erkundung neuer Techniken, der Verbesserung bestehender Systeme und der Untersuchung der kommenden Marktentwicklungen. Dies wird nicht nur durch Kundenanfragen ausgel\u00f6st, sondern auch, weil wir als Spezialist f\u00fcr Schneckenf\u00f6rderung f\u00fchrend bleiben wollen. Beispiele [&hellip;]\" \/>\n<meta property=\"og:url\" content=\"https:\/\/www.van-beek.nl\/de\/schneckenfoerderer\/tests-forschung-schneckenfoerderer\/forschung-und-entwicklung\/\" \/>\n<meta property=\"og:site_name\" content=\"Van Beek Schroeftransport\" \/>\n<meta property=\"og:image\" content=\"https:\/\/www.van-beek.nl\/wp-content\/uploads\/2026\/03\/IMG_4387.jpg\" \/>\n\t<meta property=\"og:image:width\" content=\"1280\" \/>\n\t<meta property=\"og:image:height\" content=\"853\" \/>\n\t<meta property=\"og:image:type\" content=\"image\/jpeg\" \/>\n<meta name=\"twitter:card\" content=\"summary_large_image\" \/>\n<meta name=\"twitter:label1\" content=\"Gesch\u00e4tzte Lesezeit\" \/>\n\t<meta name=\"twitter:data1\" content=\"3\u00a0Minuten\" \/>\n<script type=\"application\/ld+json\" class=\"yoast-schema-graph\">{\"@context\":\"https:\\\/\\\/schema.org\",\"@graph\":[{\"@type\":\"WebPage\",\"@id\":\"https:\\\/\\\/www.van-beek.nl\\\/de\\\/schneckenfoerderer\\\/tests-forschung-schneckenfoerderer\\\/forschung-und-entwicklung\\\/\",\"url\":\"https:\\\/\\\/www.van-beek.nl\\\/de\\\/schneckenfoerderer\\\/tests-forschung-schneckenfoerderer\\\/forschung-und-entwicklung\\\/\",\"name\":\"- Van Beek Schroeftransport\",\"isPartOf\":{\"@id\":\"https:\\\/\\\/www.van-beek.nl\\\/de\\\/#website\"},\"primaryImageOfPage\":{\"@id\":\"https:\\\/\\\/www.van-beek.nl\\\/de\\\/schneckenfoerderer\\\/tests-forschung-schneckenfoerderer\\\/forschung-und-entwicklung\\\/#primaryimage\"},\"image\":{\"@id\":\"https:\\\/\\\/www.van-beek.nl\\\/de\\\/schneckenfoerderer\\\/tests-forschung-schneckenfoerderer\\\/forschung-und-entwicklung\\\/#primaryimage\"},\"thumbnailUrl\":\"https:\\\/\\\/www.van-beek.nl\\\/wp-content\\\/uploads\\\/2026\\\/03\\\/IMG_4387-1024x682.jpg\",\"datePublished\":\"2026-03-17T12:27:01+00:00\",\"breadcrumb\":{\"@id\":\"https:\\\/\\\/www.van-beek.nl\\\/de\\\/schneckenfoerderer\\\/tests-forschung-schneckenfoerderer\\\/forschung-und-entwicklung\\\/#breadcrumb\"},\"inLanguage\":\"de\",\"potentialAction\":[{\"@type\":\"ReadAction\",\"target\":[\"https:\\\/\\\/www.van-beek.nl\\\/de\\\/schneckenfoerderer\\\/tests-forschung-schneckenfoerderer\\\/forschung-und-entwicklung\\\/\"]}]},{\"@type\":\"ImageObject\",\"inLanguage\":\"de\",\"@id\":\"https:\\\/\\\/www.van-beek.nl\\\/de\\\/schneckenfoerderer\\\/tests-forschung-schneckenfoerderer\\\/forschung-und-entwicklung\\\/#primaryimage\",\"url\":\"https:\\\/\\\/www.van-beek.nl\\\/wp-content\\\/uploads\\\/2026\\\/03\\\/IMG_4387-1024x682.jpg\",\"contentUrl\":\"https:\\\/\\\/www.van-beek.nl\\\/wp-content\\\/uploads\\\/2026\\\/03\\\/IMG_4387-1024x682.jpg\"},{\"@type\":\"BreadcrumbList\",\"@id\":\"https:\\\/\\\/www.van-beek.nl\\\/de\\\/schneckenfoerderer\\\/tests-forschung-schneckenfoerderer\\\/forschung-und-entwicklung\\\/#breadcrumb\",\"itemListElement\":[{\"@type\":\"ListItem\",\"position\":1,\"name\":\"Home\",\"item\":\"https:\\\/\\\/www.van-beek.nl\\\/de\\\/\"},{\"@type\":\"ListItem\",\"position\":2,\"name\":\"Schneckenf\u00f6rderer\",\"item\":\"https:\\\/\\\/www.van-beek.nl\\\/de\\\/schneckenfoerderer\\\/\"},{\"@type\":\"ListItem\",\"position\":3,\"name\":\"Tests und Forschung\",\"item\":\"https:\\\/\\\/www.van-beek.nl\\\/de\\\/schneckenfoerderer\\\/tests-forschung-schneckenfoerderer\\\/\"},{\"@type\":\"ListItem\",\"position\":4,\"name\":\"Forschung und Entwicklung\"}]},{\"@type\":\"WebSite\",\"@id\":\"https:\\\/\\\/www.van-beek.nl\\\/de\\\/#website\",\"url\":\"https:\\\/\\\/www.van-beek.nl\\\/de\\\/\",\"name\":\"Van Beek Schroeftransport\",\"description\":\"\",\"publisher\":{\"@id\":\"https:\\\/\\\/www.van-beek.nl\\\/de\\\/#organization\"},\"potentialAction\":[{\"@type\":\"SearchAction\",\"target\":{\"@type\":\"EntryPoint\",\"urlTemplate\":\"https:\\\/\\\/www.van-beek.nl\\\/de\\\/?s={search_term_string}\"},\"query-input\":{\"@type\":\"PropertyValueSpecification\",\"valueRequired\":true,\"valueName\":\"search_term_string\"}}],\"inLanguage\":\"de\"},{\"@type\":\"Organization\",\"@id\":\"https:\\\/\\\/www.van-beek.nl\\\/de\\\/#organization\",\"name\":\"Transportschroeven- en machinefabriek Van Beek B.V.\",\"url\":\"https:\\\/\\\/www.van-beek.nl\\\/de\\\/\",\"logo\":{\"@type\":\"ImageObject\",\"inLanguage\":\"de\",\"@id\":\"https:\\\/\\\/www.van-beek.nl\\\/de\\\/#\\\/schema\\\/logo\\\/image\\\/\",\"url\":\"https:\\\/\\\/van-beek.nl\\\/wp-content\\\/uploads\\\/2020\\\/04\\\/VanBeek-logo.png\",\"contentUrl\":\"https:\\\/\\\/van-beek.nl\\\/wp-content\\\/uploads\\\/2020\\\/04\\\/VanBeek-logo.png\",\"width\":116,\"height\":22,\"caption\":\"Transportschroeven- en machinefabriek Van Beek B.V.\"},\"image\":{\"@id\":\"https:\\\/\\\/www.van-beek.nl\\\/de\\\/#\\\/schema\\\/logo\\\/image\\\/\"}}]}<\/script>\n<!-- \/ Yoast SEO plugin. -->","yoast_head_json":{"title":"- Van Beek Schroeftransport","robots":{"index":"index","follow":"follow","max-snippet":"max-snippet:-1","max-image-preview":"max-image-preview:large","max-video-preview":"max-video-preview:-1"},"canonical":"https:\/\/www.van-beek.nl\/de\/schneckenfoerderer\/tests-forschung-schneckenfoerderer\/forschung-und-entwicklung\/","og_locale":"de_DE","og_type":"article","og_title":"- Van Beek Schroeftransport","og_description":"Von der Idee zur Innovation Bei Van Beek glauben wir daran, dass Neuerungen mit Neugier beginnen. Unser R&amp;D-Team besch\u00e4ftigt sich laufend mit der Erkundung neuer Techniken, der Verbesserung bestehender Systeme und der Untersuchung der kommenden Marktentwicklungen. Dies wird nicht nur durch Kundenanfragen ausgel\u00f6st, sondern auch, weil wir als Spezialist f\u00fcr Schneckenf\u00f6rderung f\u00fchrend bleiben wollen. Beispiele [&hellip;]","og_url":"https:\/\/www.van-beek.nl\/de\/schneckenfoerderer\/tests-forschung-schneckenfoerderer\/forschung-und-entwicklung\/","og_site_name":"Van Beek Schroeftransport","og_image":[{"width":1280,"height":853,"url":"https:\/\/www.van-beek.nl\/wp-content\/uploads\/2026\/03\/IMG_4387.jpg","type":"image\/jpeg"}],"twitter_card":"summary_large_image","twitter_misc":{"Gesch\u00e4tzte Lesezeit":"3\u00a0Minuten"},"schema":{"@context":"https:\/\/schema.org","@graph":[{"@type":"WebPage","@id":"https:\/\/www.van-beek.nl\/de\/schneckenfoerderer\/tests-forschung-schneckenfoerderer\/forschung-und-entwicklung\/","url":"https:\/\/www.van-beek.nl\/de\/schneckenfoerderer\/tests-forschung-schneckenfoerderer\/forschung-und-entwicklung\/","name":"- Van Beek Schroeftransport","isPartOf":{"@id":"https:\/\/www.van-beek.nl\/de\/#website"},"primaryImageOfPage":{"@id":"https:\/\/www.van-beek.nl\/de\/schneckenfoerderer\/tests-forschung-schneckenfoerderer\/forschung-und-entwicklung\/#primaryimage"},"image":{"@id":"https:\/\/www.van-beek.nl\/de\/schneckenfoerderer\/tests-forschung-schneckenfoerderer\/forschung-und-entwicklung\/#primaryimage"},"thumbnailUrl":"https:\/\/www.van-beek.nl\/wp-content\/uploads\/2026\/03\/IMG_4387-1024x682.jpg","datePublished":"2026-03-17T12:27:01+00:00","breadcrumb":{"@id":"https:\/\/www.van-beek.nl\/de\/schneckenfoerderer\/tests-forschung-schneckenfoerderer\/forschung-und-entwicklung\/#breadcrumb"},"inLanguage":"de","potentialAction":[{"@type":"ReadAction","target":["https:\/\/www.van-beek.nl\/de\/schneckenfoerderer\/tests-forschung-schneckenfoerderer\/forschung-und-entwicklung\/"]}]},{"@type":"ImageObject","inLanguage":"de","@id":"https:\/\/www.van-beek.nl\/de\/schneckenfoerderer\/tests-forschung-schneckenfoerderer\/forschung-und-entwicklung\/#primaryimage","url":"https:\/\/www.van-beek.nl\/wp-content\/uploads\/2026\/03\/IMG_4387-1024x682.jpg","contentUrl":"https:\/\/www.van-beek.nl\/wp-content\/uploads\/2026\/03\/IMG_4387-1024x682.jpg"},{"@type":"BreadcrumbList","@id":"https:\/\/www.van-beek.nl\/de\/schneckenfoerderer\/tests-forschung-schneckenfoerderer\/forschung-und-entwicklung\/#breadcrumb","itemListElement":[{"@type":"ListItem","position":1,"name":"Home","item":"https:\/\/www.van-beek.nl\/de\/"},{"@type":"ListItem","position":2,"name":"Schneckenf\u00f6rderer","item":"https:\/\/www.van-beek.nl\/de\/schneckenfoerderer\/"},{"@type":"ListItem","position":3,"name":"Tests und Forschung","item":"https:\/\/www.van-beek.nl\/de\/schneckenfoerderer\/tests-forschung-schneckenfoerderer\/"},{"@type":"ListItem","position":4,"name":"Forschung und Entwicklung"}]},{"@type":"WebSite","@id":"https:\/\/www.van-beek.nl\/de\/#website","url":"https:\/\/www.van-beek.nl\/de\/","name":"Van Beek Schroeftransport","description":"","publisher":{"@id":"https:\/\/www.van-beek.nl\/de\/#organization"},"potentialAction":[{"@type":"SearchAction","target":{"@type":"EntryPoint","urlTemplate":"https:\/\/www.van-beek.nl\/de\/?s={search_term_string}"},"query-input":{"@type":"PropertyValueSpecification","valueRequired":true,"valueName":"search_term_string"}}],"inLanguage":"de"},{"@type":"Organization","@id":"https:\/\/www.van-beek.nl\/de\/#organization","name":"Transportschroeven- en machinefabriek Van Beek B.V.","url":"https:\/\/www.van-beek.nl\/de\/","logo":{"@type":"ImageObject","inLanguage":"de","@id":"https:\/\/www.van-beek.nl\/de\/#\/schema\/logo\/image\/","url":"https:\/\/van-beek.nl\/wp-content\/uploads\/2020\/04\/VanBeek-logo.png","contentUrl":"https:\/\/van-beek.nl\/wp-content\/uploads\/2020\/04\/VanBeek-logo.png","width":116,"height":22,"caption":"Transportschroeven- en machinefabriek Van Beek B.V."},"image":{"@id":"https:\/\/www.van-beek.nl\/de\/#\/schema\/logo\/image\/"}}]}},"_links":{"self":[{"href":"https:\/\/www.van-beek.nl\/de\/wp-json\/wp\/v2\/pages\/13956","targetHints":{"allow":["GET"]}}],"collection":[{"href":"https:\/\/www.van-beek.nl\/de\/wp-json\/wp\/v2\/pages"}],"about":[{"href":"https:\/\/www.van-beek.nl\/de\/wp-json\/wp\/v2\/types\/page"}],"author":[{"embeddable":true,"href":"https:\/\/www.van-beek.nl\/de\/wp-json\/wp\/v2\/users\/5"}],"replies":[{"embeddable":true,"href":"https:\/\/www.van-beek.nl\/de\/wp-json\/wp\/v2\/comments?post=13956"}],"version-history":[{"count":1,"href":"https:\/\/www.van-beek.nl\/de\/wp-json\/wp\/v2\/pages\/13956\/revisions"}],"predecessor-version":[{"id":13957,"href":"https:\/\/www.van-beek.nl\/de\/wp-json\/wp\/v2\/pages\/13956\/revisions\/13957"}],"up":[{"embeddable":true,"href":"https:\/\/www.van-beek.nl\/de\/wp-json\/wp\/v2\/pages\/13605"}],"wp:attachment":[{"href":"https:\/\/www.van-beek.nl\/de\/wp-json\/wp\/v2\/media?parent=13956"}],"curies":[{"name":"wp","href":"https:\/\/api.w.org\/{rel}","templated":true}]}}