{"id":3788,"date":"2020-04-09T08:19:02","date_gmt":"2020-04-09T08:19:02","guid":{"rendered":"https:\/\/van-beek.nl\/volumetrische-dosierung\/"},"modified":"2021-06-09T14:20:01","modified_gmt":"2021-06-09T14:20:01","slug":"volumetrische-dosierung","status":"publish","type":"page","link":"https:\/\/www.van-beek.nl\/de\/schneckenfoerderer\/dosieren\/volumetrische-dosierung\/","title":{"rendered":"Volumetrische Dosierung"},"content":{"rendered":"<p><strong>Van Beek ist bekannt f\u00fcr L\u00f6sungen f\u00fcr die volumetrische und gravimetrische Dosierung. Diese mechanischen Anlagen sind u. a. zur Dosierung im Batch-Verfahren oder kontinuierlichen Prozess von Roh- und Geschmacksstoffen geeignet. Die optionalen R\u00fchrwerke sorgen f\u00fcr frei flie\u00dfende Pulver und ein unterbrechungsfreies Transport-, Dosier- bzw. Mischverfahren mittels Dosierschnecken. <\/strong><\/p>\n<h3>Das Prinzip der volumetrischen Dosierung<\/h3>\n<p>Die Grundlage der volumetrischen Dosierung ist der Volumenstrom eines Mediums. Dabei wird das transportierte Volumen \u00fcber die eingestellte Drehzahl und die Betriebsdauer bestimmt.<\/p>\n<h3><strong>F\u00fcr welche Produkte ist die volumetrische Dosierung geeignet?<\/strong><\/h3>\n<p>Die volumetrische Dosierung ist ein schnelles und zweckm\u00e4\u00dfiges Verfahren zur Dosierung von Trockenstoffen. Der Feuchtigkeitsgehalt, die Str\u00f6mungseigenschaften, die Partikelgr\u00f6\u00dfe und das Sch\u00fcttgewicht des Stoffs beeinflussen den F\u00fcllgrad der Schnecke. Milchpulver zum Beispiel kann haften bleiben und so den Volumenstrom beeintr\u00e4chtigen. Dies l\u00e4sst sich bei der Zufuhr vermeiden, indem das Produkt mit einem R\u00fchrwerk fluidisiert wird. Au\u00dferdem spielen auch Aspekte wie das Lagerverfahren eine Rolle.<\/p>\n<h3><strong>Gravimetrische oder volumetrische Dosierung?<\/strong><\/h3>\n<p>Volumetrische Dosieranlagen sind in der Regel kosteng\u00fcnstiger als gravimetrische Dosieranlagen. Differenzialdosierer sind jedoch etwas pr\u00e4ziser. Sie erm\u00f6glichen die Einhaltung hoher Pr\u00e4zisionsanforderungen. Ein weiterer Vorteil ist, dass Sie dauerhaft Roh- oder Geschmacksstoffe sparen k\u00f6nnen. Nat\u00fcrlich h\u00e4ngt die Entscheidung aber von weiteren Faktoren ab, wie den Eigenschaften Ihres Produkts. Wir betreuen Sie gerne bei der Wahl der L\u00f6sung, die am besten f\u00fcr Ihr Verfahren geeignet ist.<\/p>\n<h3>M\u00f6chten Sie mehr \u00fcber die volumetrische Dosierung erfahren? Bitte <a href=\"\/de\/schneckenfoerderer\/kontakt-van-beek\/\">wenden Sie sich dann an uns<\/a>.<\/h3>\n","protected":false},"excerpt":{"rendered":"<p>Van Beek ist bekannt f\u00fcr L\u00f6sungen f\u00fcr die volumetrische und gravimetrische Dosierung. Diese mechanischen Anlagen sind u. a. zur Dosierung im Batch-Verfahren oder kontinuierlichen Prozess von Roh- und Geschmacksstoffen geeignet. Die optionalen R\u00fchrwerke sorgen f\u00fcr frei flie\u00dfende Pulver und ein unterbrechungsfreies Transport-, Dosier- bzw. Mischverfahren mittels Dosierschnecken. Das Prinzip der volumetrischen Dosierung Die Grundlage der [&hellip;]<\/p>\n","protected":false},"author":2,"featured_media":4354,"parent":3838,"menu_order":0,"comment_status":"closed","ping_status":"closed","template":"product.php","meta":{"_acf_changed":false,"content-type":"","inline_featured_image":false,"footnotes":""},"class_list":["post-3788","page","type-page","status-publish","has-post-thumbnail","hentry"],"acf":[],"yoast_head":"<!-- This site is optimized with the Yoast SEO plugin v27.5 - https:\/\/yoast.com\/product\/yoast-seo-wordpress\/ -->\n<title>Feindosierung f\u00fcr Produkte mit schlechtem Flie\u00dfverhalten | Van Beek<\/title>\n<meta name=\"description\" content=\"Mit unseren Dosieranlagen k\u00f6nnen Sie unter anderem Wei\u00dfmehl, Kakaopulver und Molkepulver sehr pr\u00e4zise dosieren.\" \/>\n<meta name=\"robots\" content=\"index, follow, max-snippet:-1, max-image-preview:large, max-video-preview:-1\" \/>\n<link rel=\"canonical\" href=\"https:\/\/www.van-beek.nl\/de\/schneckenfoerderer\/dosieren\/volumetrische-dosierung\/\" \/>\n<meta property=\"og:locale\" content=\"de_DE\" \/>\n<meta property=\"og:type\" content=\"article\" \/>\n<meta property=\"og:title\" content=\"Feindosierung f\u00fcr Produkte mit schlechtem Flie\u00dfverhalten | Van Beek\" \/>\n<meta property=\"og:description\" content=\"Mit unseren Dosieranlagen k\u00f6nnen Sie unter anderem Wei\u00dfmehl, Kakaopulver und Molkepulver sehr pr\u00e4zise dosieren.\" \/>\n<meta property=\"og:url\" content=\"https:\/\/www.van-beek.nl\/de\/schneckenfoerderer\/dosieren\/volumetrische-dosierung\/\" \/>\n<meta property=\"og:site_name\" content=\"Van Beek Schroeftransport\" \/>\n<meta property=\"article:modified_time\" content=\"2021-06-09T14:20:01+00:00\" \/>\n<meta property=\"og:image\" content=\"https:\/\/www.van-beek.nl\/wp-content\/uploads\/2021\/04\/Weegschroef_zonder_loadcells_2.png\" \/>\n\t<meta property=\"og:image:width\" content=\"3999\" \/>\n\t<meta property=\"og:image:height\" content=\"1980\" \/>\n\t<meta property=\"og:image:type\" content=\"image\/png\" \/>\n<meta name=\"twitter:card\" content=\"summary_large_image\" \/>\n<meta name=\"twitter:label1\" content=\"Gesch\u00e4tzte Lesezeit\" \/>\n\t<meta name=\"twitter:data1\" content=\"2\u00a0Minuten\" \/>\n<script type=\"application\/ld+json\" class=\"yoast-schema-graph\">{\"@context\":\"https:\\\/\\\/schema.org\",\"@graph\":[{\"@type\":\"WebPage\",\"@id\":\"https:\\\/\\\/www.van-beek.nl\\\/de\\\/schneckenfoerderer\\\/dosieren\\\/volumetrische-dosierung\\\/\",\"url\":\"https:\\\/\\\/www.van-beek.nl\\\/de\\\/schneckenfoerderer\\\/dosieren\\\/volumetrische-dosierung\\\/\",\"name\":\"Feindosierung f\u00fcr Produkte mit schlechtem Flie\u00dfverhalten | Van Beek\",\"isPartOf\":{\"@id\":\"https:\\\/\\\/www.van-beek.nl\\\/de\\\/#website\"},\"primaryImageOfPage\":{\"@id\":\"https:\\\/\\\/www.van-beek.nl\\\/de\\\/schneckenfoerderer\\\/dosieren\\\/volumetrische-dosierung\\\/#primaryimage\"},\"image\":{\"@id\":\"https:\\\/\\\/www.van-beek.nl\\\/de\\\/schneckenfoerderer\\\/dosieren\\\/volumetrische-dosierung\\\/#primaryimage\"},\"thumbnailUrl\":\"https:\\\/\\\/www.van-beek.nl\\\/wp-content\\\/uploads\\\/2021\\\/04\\\/Weegschroef_zonder_loadcells_2.png\",\"datePublished\":\"2020-04-09T08:19:02+00:00\",\"dateModified\":\"2021-06-09T14:20:01+00:00\",\"description\":\"Mit unseren Dosieranlagen k\u00f6nnen Sie unter anderem Wei\u00dfmehl, Kakaopulver und Molkepulver sehr pr\u00e4zise dosieren.\",\"breadcrumb\":{\"@id\":\"https:\\\/\\\/www.van-beek.nl\\\/de\\\/schneckenfoerderer\\\/dosieren\\\/volumetrische-dosierung\\\/#breadcrumb\"},\"inLanguage\":\"de\",\"potentialAction\":[{\"@type\":\"ReadAction\",\"target\":[\"https:\\\/\\\/www.van-beek.nl\\\/de\\\/schneckenfoerderer\\\/dosieren\\\/volumetrische-dosierung\\\/\"]}]},{\"@type\":\"ImageObject\",\"inLanguage\":\"de\",\"@id\":\"https:\\\/\\\/www.van-beek.nl\\\/de\\\/schneckenfoerderer\\\/dosieren\\\/volumetrische-dosierung\\\/#primaryimage\",\"url\":\"https:\\\/\\\/www.van-beek.nl\\\/wp-content\\\/uploads\\\/2021\\\/04\\\/Weegschroef_zonder_loadcells_2.png\",\"contentUrl\":\"https:\\\/\\\/www.van-beek.nl\\\/wp-content\\\/uploads\\\/2021\\\/04\\\/Weegschroef_zonder_loadcells_2.png\",\"width\":3999,\"height\":1980,\"caption\":\"Weegschroeven zijn geschikt voor het in batch of continu doseren van onder meer grondstoffen en smaakstoffen.\"},{\"@type\":\"BreadcrumbList\",\"@id\":\"https:\\\/\\\/www.van-beek.nl\\\/de\\\/schneckenfoerderer\\\/dosieren\\\/volumetrische-dosierung\\\/#breadcrumb\",\"itemListElement\":[{\"@type\":\"ListItem\",\"position\":1,\"name\":\"Home\",\"item\":\"https:\\\/\\\/www.van-beek.nl\\\/de\\\/\"},{\"@type\":\"ListItem\",\"position\":2,\"name\":\"Schneckenf\u00f6rderer\",\"item\":\"https:\\\/\\\/www.van-beek.nl\\\/de\\\/schneckenfoerderer\\\/\"},{\"@type\":\"ListItem\",\"position\":3,\"name\":\"Dosieren\",\"item\":\"https:\\\/\\\/www.van-beek.nl\\\/de\\\/schroeftransporteurs\\\/doseren\\\/\"},{\"@type\":\"ListItem\",\"position\":4,\"name\":\"Volumetrische Dosierung\"}]},{\"@type\":\"WebSite\",\"@id\":\"https:\\\/\\\/www.van-beek.nl\\\/de\\\/#website\",\"url\":\"https:\\\/\\\/www.van-beek.nl\\\/de\\\/\",\"name\":\"Van Beek Schroeftransport\",\"description\":\"\",\"publisher\":{\"@id\":\"https:\\\/\\\/www.van-beek.nl\\\/de\\\/#organization\"},\"potentialAction\":[{\"@type\":\"SearchAction\",\"target\":{\"@type\":\"EntryPoint\",\"urlTemplate\":\"https:\\\/\\\/www.van-beek.nl\\\/de\\\/?s={search_term_string}\"},\"query-input\":{\"@type\":\"PropertyValueSpecification\",\"valueRequired\":true,\"valueName\":\"search_term_string\"}}],\"inLanguage\":\"de\"},{\"@type\":\"Organization\",\"@id\":\"https:\\\/\\\/www.van-beek.nl\\\/de\\\/#organization\",\"name\":\"Transportschroeven- en machinefabriek Van Beek B.V.\",\"url\":\"https:\\\/\\\/www.van-beek.nl\\\/de\\\/\",\"logo\":{\"@type\":\"ImageObject\",\"inLanguage\":\"de\",\"@id\":\"https:\\\/\\\/www.van-beek.nl\\\/de\\\/#\\\/schema\\\/logo\\\/image\\\/\",\"url\":\"https:\\\/\\\/van-beek.nl\\\/wp-content\\\/uploads\\\/2020\\\/04\\\/VanBeek-logo.png\",\"contentUrl\":\"https:\\\/\\\/van-beek.nl\\\/wp-content\\\/uploads\\\/2020\\\/04\\\/VanBeek-logo.png\",\"width\":116,\"height\":22,\"caption\":\"Transportschroeven- en machinefabriek Van Beek B.V.\"},\"image\":{\"@id\":\"https:\\\/\\\/www.van-beek.nl\\\/de\\\/#\\\/schema\\\/logo\\\/image\\\/\"}}]}<\/script>\n<!-- \/ Yoast SEO plugin. -->","yoast_head_json":{"title":"Feindosierung f\u00fcr Produkte mit schlechtem Flie\u00dfverhalten | Van Beek","description":"Mit unseren Dosieranlagen k\u00f6nnen Sie unter anderem Wei\u00dfmehl, Kakaopulver und Molkepulver sehr pr\u00e4zise dosieren.","robots":{"index":"index","follow":"follow","max-snippet":"max-snippet:-1","max-image-preview":"max-image-preview:large","max-video-preview":"max-video-preview:-1"},"canonical":"https:\/\/www.van-beek.nl\/de\/schneckenfoerderer\/dosieren\/volumetrische-dosierung\/","og_locale":"de_DE","og_type":"article","og_title":"Feindosierung f\u00fcr Produkte mit schlechtem Flie\u00dfverhalten | Van Beek","og_description":"Mit unseren Dosieranlagen k\u00f6nnen Sie unter anderem Wei\u00dfmehl, Kakaopulver und Molkepulver sehr pr\u00e4zise dosieren.","og_url":"https:\/\/www.van-beek.nl\/de\/schneckenfoerderer\/dosieren\/volumetrische-dosierung\/","og_site_name":"Van Beek Schroeftransport","article_modified_time":"2021-06-09T14:20:01+00:00","og_image":[{"width":3999,"height":1980,"url":"https:\/\/www.van-beek.nl\/wp-content\/uploads\/2021\/04\/Weegschroef_zonder_loadcells_2.png","type":"image\/png"}],"twitter_card":"summary_large_image","twitter_misc":{"Gesch\u00e4tzte Lesezeit":"2\u00a0Minuten"},"schema":{"@context":"https:\/\/schema.org","@graph":[{"@type":"WebPage","@id":"https:\/\/www.van-beek.nl\/de\/schneckenfoerderer\/dosieren\/volumetrische-dosierung\/","url":"https:\/\/www.van-beek.nl\/de\/schneckenfoerderer\/dosieren\/volumetrische-dosierung\/","name":"Feindosierung f\u00fcr Produkte mit schlechtem Flie\u00dfverhalten | Van Beek","isPartOf":{"@id":"https:\/\/www.van-beek.nl\/de\/#website"},"primaryImageOfPage":{"@id":"https:\/\/www.van-beek.nl\/de\/schneckenfoerderer\/dosieren\/volumetrische-dosierung\/#primaryimage"},"image":{"@id":"https:\/\/www.van-beek.nl\/de\/schneckenfoerderer\/dosieren\/volumetrische-dosierung\/#primaryimage"},"thumbnailUrl":"https:\/\/www.van-beek.nl\/wp-content\/uploads\/2021\/04\/Weegschroef_zonder_loadcells_2.png","datePublished":"2020-04-09T08:19:02+00:00","dateModified":"2021-06-09T14:20:01+00:00","description":"Mit unseren Dosieranlagen k\u00f6nnen Sie unter anderem Wei\u00dfmehl, Kakaopulver und Molkepulver sehr pr\u00e4zise dosieren.","breadcrumb":{"@id":"https:\/\/www.van-beek.nl\/de\/schneckenfoerderer\/dosieren\/volumetrische-dosierung\/#breadcrumb"},"inLanguage":"de","potentialAction":[{"@type":"ReadAction","target":["https:\/\/www.van-beek.nl\/de\/schneckenfoerderer\/dosieren\/volumetrische-dosierung\/"]}]},{"@type":"ImageObject","inLanguage":"de","@id":"https:\/\/www.van-beek.nl\/de\/schneckenfoerderer\/dosieren\/volumetrische-dosierung\/#primaryimage","url":"https:\/\/www.van-beek.nl\/wp-content\/uploads\/2021\/04\/Weegschroef_zonder_loadcells_2.png","contentUrl":"https:\/\/www.van-beek.nl\/wp-content\/uploads\/2021\/04\/Weegschroef_zonder_loadcells_2.png","width":3999,"height":1980,"caption":"Weegschroeven zijn geschikt voor het in batch of continu doseren van onder meer grondstoffen en smaakstoffen."},{"@type":"BreadcrumbList","@id":"https:\/\/www.van-beek.nl\/de\/schneckenfoerderer\/dosieren\/volumetrische-dosierung\/#breadcrumb","itemListElement":[{"@type":"ListItem","position":1,"name":"Home","item":"https:\/\/www.van-beek.nl\/de\/"},{"@type":"ListItem","position":2,"name":"Schneckenf\u00f6rderer","item":"https:\/\/www.van-beek.nl\/de\/schneckenfoerderer\/"},{"@type":"ListItem","position":3,"name":"Dosieren","item":"https:\/\/www.van-beek.nl\/de\/schroeftransporteurs\/doseren\/"},{"@type":"ListItem","position":4,"name":"Volumetrische Dosierung"}]},{"@type":"WebSite","@id":"https:\/\/www.van-beek.nl\/de\/#website","url":"https:\/\/www.van-beek.nl\/de\/","name":"Van Beek Schroeftransport","description":"","publisher":{"@id":"https:\/\/www.van-beek.nl\/de\/#organization"},"potentialAction":[{"@type":"SearchAction","target":{"@type":"EntryPoint","urlTemplate":"https:\/\/www.van-beek.nl\/de\/?s={search_term_string}"},"query-input":{"@type":"PropertyValueSpecification","valueRequired":true,"valueName":"search_term_string"}}],"inLanguage":"de"},{"@type":"Organization","@id":"https:\/\/www.van-beek.nl\/de\/#organization","name":"Transportschroeven- en machinefabriek Van Beek B.V.","url":"https:\/\/www.van-beek.nl\/de\/","logo":{"@type":"ImageObject","inLanguage":"de","@id":"https:\/\/www.van-beek.nl\/de\/#\/schema\/logo\/image\/","url":"https:\/\/van-beek.nl\/wp-content\/uploads\/2020\/04\/VanBeek-logo.png","contentUrl":"https:\/\/van-beek.nl\/wp-content\/uploads\/2020\/04\/VanBeek-logo.png","width":116,"height":22,"caption":"Transportschroeven- en machinefabriek Van Beek B.V."},"image":{"@id":"https:\/\/www.van-beek.nl\/de\/#\/schema\/logo\/image\/"}}]}},"_links":{"self":[{"href":"https:\/\/www.van-beek.nl\/de\/wp-json\/wp\/v2\/pages\/3788","targetHints":{"allow":["GET"]}}],"collection":[{"href":"https:\/\/www.van-beek.nl\/de\/wp-json\/wp\/v2\/pages"}],"about":[{"href":"https:\/\/www.van-beek.nl\/de\/wp-json\/wp\/v2\/types\/page"}],"author":[{"embeddable":true,"href":"https:\/\/www.van-beek.nl\/de\/wp-json\/wp\/v2\/users\/2"}],"replies":[{"embeddable":true,"href":"https:\/\/www.van-beek.nl\/de\/wp-json\/wp\/v2\/comments?post=3788"}],"version-history":[{"count":3,"href":"https:\/\/www.van-beek.nl\/de\/wp-json\/wp\/v2\/pages\/3788\/revisions"}],"predecessor-version":[{"id":8030,"href":"https:\/\/www.van-beek.nl\/de\/wp-json\/wp\/v2\/pages\/3788\/revisions\/8030"}],"up":[{"embeddable":true,"href":"https:\/\/www.van-beek.nl\/de\/wp-json\/wp\/v2\/pages\/3838"}],"wp:featuredmedia":[{"embeddable":true,"href":"https:\/\/www.van-beek.nl\/de\/wp-json\/wp\/v2\/media\/4354"}],"wp:attachment":[{"href":"https:\/\/www.van-beek.nl\/de\/wp-json\/wp\/v2\/media?parent=3788"}],"curies":[{"name":"wp","href":"https:\/\/api.w.org\/{rel}","templated":true}]}}