{"id":3789,"date":"2020-04-09T08:19:56","date_gmt":"2020-04-09T08:19:56","guid":{"rendered":"https:\/\/van-beek.nl\/gravimetrische-differentialdosierung\/"},"modified":"2023-06-16T10:01:59","modified_gmt":"2023-06-16T08:01:59","slug":"gravimetrische-differentialdosierung","status":"publish","type":"page","link":"https:\/\/www.van-beek.nl\/de\/schneckenfoerderer\/dosieren\/gravimetrische-differentialdosierung\/","title":{"rendered":"Gravimetrische Differentialdosierung"},"content":{"rendered":"<p><strong>Van Beek ist bekannt f\u00fcr L\u00f6sungen f\u00fcr die volumetrische und gravimetrische Dosierung. Diese mechanischen Anlagen sind u. a. zur Dosierung im Batch-Verfahren oder kontinuierlichen Prozess von Roh- und Geschmacksstoffen geeignet. Die optionalen R\u00fchrwerke sorgen f\u00fcr frei flie\u00dfende Pulver und ein unterbrechungsfreies Transport-, Dosier- bzw. Mischverfahren mittels Dosierschnecken. <\/strong><\/p>\n<h3><strong>Das Prinzip der gravimetrischen Dosierung<\/strong><\/h3>\n<p>Wenn ein (volumetrisches) Dosiersystem mit einer Wiegeanlage ausgestattet wird, handelt es sich um ein gravimetrisches System. Die Gewichtsverminderung der mit dem Produkt gef\u00fcllten Schnecke bestimmt dann die Materialabgabemenge und damit auch die Geschwindigkeit der Schnecke. Sie k\u00f6nnen auch vorgeben, dass der Prozess beim Erreichen eines bestimmten Gewichts anh\u00e4lt oder dass die Schnecke sich zun\u00e4chst entleeren und dann anhalten soll. Dieses Verfahren wird Differentialdosierung (LIW, Loss in Weight) genannt.<\/p>\n<h3><strong>Differentialdosierer f\u00fcr einen kontinuierlichen Produktstrom<\/strong><\/h3>\n<p>Die Differentialdosierung f\u00fchrt zu einem kontinuierlichen Produktstrom, der st\u00e4ndig einem Prozess zugef\u00fchrt wird. Ein optionales R\u00fchrwerk verhindert die Br\u00fcckenbildung von schlecht flie\u00dfenden Produkten wie Molkepulver, Kakaopulver und Wei\u00dfmehl.<\/p>\n<h3><strong>Sehr pr\u00e4zise wiegen und dosieren<\/strong><\/h3>\n<p>Gravimetrische Differentialdosierer werden insbesondere zum Abf\u00fcllen kleiner Verpackungen im Batch-Verfahren oder kontinuierlichen Prozess eingesetzt. So l\u00e4sst sich zum Beispiel St\u00e4rkepulver zur Verhinderung der Klumpenbildung pr\u00e4zise in T\u00fcten mit geriebenem K\u00e4se dosieren, oder das W\u00fcrzmittel Salz zu Pommes frites. Eine weitere Anwendung ist die Zuf\u00fcgung von Pigmenten zu Ziegeln oder Kacheln.<\/p>\n<h3><strong>Gravimetrische oder volumetrische Dosierung?<\/strong><\/h3>\n<p>Volumetrische Dosieranlagen sind in der Regel kosteng\u00fcnstiger als gravimetrische Dosieranlagen. Differenzialdosierer sind jedoch etwas pr\u00e4ziser. Sie erm\u00f6glichen die Einhaltung hoher Pr\u00e4zisionsanforderungen. Ein weiterer Vorteil ist, dass Sie dauerhaft Roh- oder Geschmacksstoffe sparen k\u00f6nnen. Nat\u00fcrlich h\u00e4ngt die Entscheidung aber von weiteren Faktoren ab, wie den Eigenschaften Ihres Produkts. Wir betreuen Sie gerne bei der Wahl der L\u00f6sung, die am besten f\u00fcr Ihr Verfahren geeignet ist.<\/p>\n<h3>M\u00f6chten Sie mehr \u00fcber die gravimetrische Dosierung erfahren? Bitte <a href=\"\/de\/schneckenfoerderer\/kontakt-van-beek\/\">wenden Sie sich dann an uns<\/a>.<\/h3>\n","protected":false},"excerpt":{"rendered":"<p>Van Beek ist bekannt f\u00fcr L\u00f6sungen f\u00fcr die volumetrische und gravimetrische Dosierung. Diese mechanischen Anlagen sind u. a. zur Dosierung im Batch-Verfahren oder kontinuierlichen Prozess von Roh- und Geschmacksstoffen geeignet. Die optionalen R\u00fchrwerke sorgen f\u00fcr frei flie\u00dfende Pulver und ein unterbrechungsfreies Transport-, Dosier- bzw. Mischverfahren mittels Dosierschnecken. Das Prinzip der gravimetrischen Dosierung Wenn ein (volumetrisches) [&hellip;]<\/p>\n","protected":false},"author":2,"featured_media":1282,"parent":3838,"menu_order":0,"comment_status":"closed","ping_status":"closed","template":"product.php","meta":{"_acf_changed":false,"content-type":"","inline_featured_image":false,"footnotes":""},"class_list":["post-3789","page","type-page","status-publish","has-post-thumbnail","hentry"],"acf":[],"yoast_head":"<!-- This site is optimized with the Yoast SEO plugin v27.5 - https:\/\/yoast.com\/product\/yoast-seo-wordpress\/ -->\n<title>Wiegeschnecken f\u00fcr die pr\u00e4zise Dosierung | Van Beek<\/title>\n<meta name=\"description\" content=\"Mit den einzeln gefertigten gravimetrische Differentialdosierer von Van Beek k\u00f6nnen Sie jederzeit Pulver, Granulate und andere trockene Stoffe dosieren.\" \/>\n<meta name=\"robots\" content=\"index, follow, max-snippet:-1, max-image-preview:large, max-video-preview:-1\" \/>\n<link rel=\"canonical\" href=\"https:\/\/www.van-beek.nl\/de\/schneckenfoerderer\/dosieren\/gravimetrische-differentialdosierung\/\" \/>\n<meta property=\"og:locale\" content=\"de_DE\" \/>\n<meta property=\"og:type\" content=\"article\" \/>\n<meta property=\"og:title\" content=\"Wiegeschnecken f\u00fcr die pr\u00e4zise Dosierung | Van Beek\" \/>\n<meta property=\"og:description\" content=\"Mit den einzeln gefertigten gravimetrische Differentialdosierer von Van Beek k\u00f6nnen Sie jederzeit Pulver, Granulate und andere trockene Stoffe dosieren.\" \/>\n<meta property=\"og:url\" content=\"https:\/\/www.van-beek.nl\/de\/schneckenfoerderer\/dosieren\/gravimetrische-differentialdosierung\/\" \/>\n<meta property=\"og:site_name\" content=\"Van Beek Schroeftransport\" \/>\n<meta property=\"article:modified_time\" content=\"2023-06-16T08:01:59+00:00\" \/>\n<meta property=\"og:image\" content=\"https:\/\/www.van-beek.nl\/wp-content\/uploads\/2020\/06\/Weegschroef.png\" \/>\n\t<meta property=\"og:image:width\" content=\"2000\" \/>\n\t<meta property=\"og:image:height\" content=\"1287\" \/>\n\t<meta property=\"og:image:type\" content=\"image\/png\" \/>\n<meta name=\"twitter:card\" content=\"summary_large_image\" \/>\n<meta name=\"twitter:label1\" content=\"Gesch\u00e4tzte Lesezeit\" \/>\n\t<meta name=\"twitter:data1\" content=\"2\u00a0Minuten\" \/>\n<script type=\"application\/ld+json\" class=\"yoast-schema-graph\">{\"@context\":\"https:\\\/\\\/schema.org\",\"@graph\":[{\"@type\":\"WebPage\",\"@id\":\"https:\\\/\\\/www.van-beek.nl\\\/de\\\/schneckenfoerderer\\\/dosieren\\\/gravimetrische-differentialdosierung\\\/\",\"url\":\"https:\\\/\\\/www.van-beek.nl\\\/de\\\/schneckenfoerderer\\\/dosieren\\\/gravimetrische-differentialdosierung\\\/\",\"name\":\"Wiegeschnecken f\u00fcr die pr\u00e4zise Dosierung | Van Beek\",\"isPartOf\":{\"@id\":\"https:\\\/\\\/www.van-beek.nl\\\/de\\\/#website\"},\"primaryImageOfPage\":{\"@id\":\"https:\\\/\\\/www.van-beek.nl\\\/de\\\/schneckenfoerderer\\\/dosieren\\\/gravimetrische-differentialdosierung\\\/#primaryimage\"},\"image\":{\"@id\":\"https:\\\/\\\/www.van-beek.nl\\\/de\\\/schneckenfoerderer\\\/dosieren\\\/gravimetrische-differentialdosierung\\\/#primaryimage\"},\"thumbnailUrl\":\"https:\\\/\\\/www.van-beek.nl\\\/wp-content\\\/uploads\\\/2020\\\/06\\\/Weegschroef.png\",\"datePublished\":\"2020-04-09T08:19:56+00:00\",\"dateModified\":\"2023-06-16T08:01:59+00:00\",\"description\":\"Mit den einzeln gefertigten gravimetrische Differentialdosierer von Van Beek k\u00f6nnen Sie jederzeit Pulver, Granulate und andere trockene Stoffe dosieren.\",\"breadcrumb\":{\"@id\":\"https:\\\/\\\/www.van-beek.nl\\\/de\\\/schneckenfoerderer\\\/dosieren\\\/gravimetrische-differentialdosierung\\\/#breadcrumb\"},\"inLanguage\":\"de\",\"potentialAction\":[{\"@type\":\"ReadAction\",\"target\":[\"https:\\\/\\\/www.van-beek.nl\\\/de\\\/schneckenfoerderer\\\/dosieren\\\/gravimetrische-differentialdosierung\\\/\"]}]},{\"@type\":\"ImageObject\",\"inLanguage\":\"de\",\"@id\":\"https:\\\/\\\/www.van-beek.nl\\\/de\\\/schneckenfoerderer\\\/dosieren\\\/gravimetrische-differentialdosierung\\\/#primaryimage\",\"url\":\"https:\\\/\\\/www.van-beek.nl\\\/wp-content\\\/uploads\\\/2020\\\/06\\\/Weegschroef.png\",\"contentUrl\":\"https:\\\/\\\/www.van-beek.nl\\\/wp-content\\\/uploads\\\/2020\\\/06\\\/Weegschroef.png\",\"width\":2000,\"height\":1287,\"caption\":\"Wiegeschnecke\"},{\"@type\":\"BreadcrumbList\",\"@id\":\"https:\\\/\\\/www.van-beek.nl\\\/de\\\/schneckenfoerderer\\\/dosieren\\\/gravimetrische-differentialdosierung\\\/#breadcrumb\",\"itemListElement\":[{\"@type\":\"ListItem\",\"position\":1,\"name\":\"Home\",\"item\":\"https:\\\/\\\/www.van-beek.nl\\\/de\\\/\"},{\"@type\":\"ListItem\",\"position\":2,\"name\":\"Schneckenf\u00f6rderer\",\"item\":\"https:\\\/\\\/www.van-beek.nl\\\/de\\\/schneckenfoerderer\\\/\"},{\"@type\":\"ListItem\",\"position\":3,\"name\":\"Dosieren\",\"item\":\"https:\\\/\\\/www.van-beek.nl\\\/de\\\/schroeftransporteurs\\\/doseren\\\/\"},{\"@type\":\"ListItem\",\"position\":4,\"name\":\"Gravimetrische Differentialdosierung\"}]},{\"@type\":\"WebSite\",\"@id\":\"https:\\\/\\\/www.van-beek.nl\\\/de\\\/#website\",\"url\":\"https:\\\/\\\/www.van-beek.nl\\\/de\\\/\",\"name\":\"Van Beek Schroeftransport\",\"description\":\"\",\"publisher\":{\"@id\":\"https:\\\/\\\/www.van-beek.nl\\\/de\\\/#organization\"},\"potentialAction\":[{\"@type\":\"SearchAction\",\"target\":{\"@type\":\"EntryPoint\",\"urlTemplate\":\"https:\\\/\\\/www.van-beek.nl\\\/de\\\/?s={search_term_string}\"},\"query-input\":{\"@type\":\"PropertyValueSpecification\",\"valueRequired\":true,\"valueName\":\"search_term_string\"}}],\"inLanguage\":\"de\"},{\"@type\":\"Organization\",\"@id\":\"https:\\\/\\\/www.van-beek.nl\\\/de\\\/#organization\",\"name\":\"Transportschroeven- en machinefabriek Van Beek B.V.\",\"url\":\"https:\\\/\\\/www.van-beek.nl\\\/de\\\/\",\"logo\":{\"@type\":\"ImageObject\",\"inLanguage\":\"de\",\"@id\":\"https:\\\/\\\/www.van-beek.nl\\\/de\\\/#\\\/schema\\\/logo\\\/image\\\/\",\"url\":\"https:\\\/\\\/van-beek.nl\\\/wp-content\\\/uploads\\\/2020\\\/04\\\/VanBeek-logo.png\",\"contentUrl\":\"https:\\\/\\\/van-beek.nl\\\/wp-content\\\/uploads\\\/2020\\\/04\\\/VanBeek-logo.png\",\"width\":116,\"height\":22,\"caption\":\"Transportschroeven- en machinefabriek Van Beek B.V.\"},\"image\":{\"@id\":\"https:\\\/\\\/www.van-beek.nl\\\/de\\\/#\\\/schema\\\/logo\\\/image\\\/\"}}]}<\/script>\n<!-- \/ Yoast SEO plugin. -->","yoast_head_json":{"title":"Wiegeschnecken f\u00fcr die pr\u00e4zise Dosierung | Van Beek","description":"Mit den einzeln gefertigten gravimetrische Differentialdosierer von Van Beek k\u00f6nnen Sie jederzeit Pulver, Granulate und andere trockene Stoffe dosieren.","robots":{"index":"index","follow":"follow","max-snippet":"max-snippet:-1","max-image-preview":"max-image-preview:large","max-video-preview":"max-video-preview:-1"},"canonical":"https:\/\/www.van-beek.nl\/de\/schneckenfoerderer\/dosieren\/gravimetrische-differentialdosierung\/","og_locale":"de_DE","og_type":"article","og_title":"Wiegeschnecken f\u00fcr die pr\u00e4zise Dosierung | Van Beek","og_description":"Mit den einzeln gefertigten gravimetrische Differentialdosierer von Van Beek k\u00f6nnen Sie jederzeit Pulver, Granulate und andere trockene Stoffe dosieren.","og_url":"https:\/\/www.van-beek.nl\/de\/schneckenfoerderer\/dosieren\/gravimetrische-differentialdosierung\/","og_site_name":"Van Beek Schroeftransport","article_modified_time":"2023-06-16T08:01:59+00:00","og_image":[{"width":2000,"height":1287,"url":"https:\/\/www.van-beek.nl\/wp-content\/uploads\/2020\/06\/Weegschroef.png","type":"image\/png"}],"twitter_card":"summary_large_image","twitter_misc":{"Gesch\u00e4tzte Lesezeit":"2\u00a0Minuten"},"schema":{"@context":"https:\/\/schema.org","@graph":[{"@type":"WebPage","@id":"https:\/\/www.van-beek.nl\/de\/schneckenfoerderer\/dosieren\/gravimetrische-differentialdosierung\/","url":"https:\/\/www.van-beek.nl\/de\/schneckenfoerderer\/dosieren\/gravimetrische-differentialdosierung\/","name":"Wiegeschnecken f\u00fcr die pr\u00e4zise Dosierung | Van Beek","isPartOf":{"@id":"https:\/\/www.van-beek.nl\/de\/#website"},"primaryImageOfPage":{"@id":"https:\/\/www.van-beek.nl\/de\/schneckenfoerderer\/dosieren\/gravimetrische-differentialdosierung\/#primaryimage"},"image":{"@id":"https:\/\/www.van-beek.nl\/de\/schneckenfoerderer\/dosieren\/gravimetrische-differentialdosierung\/#primaryimage"},"thumbnailUrl":"https:\/\/www.van-beek.nl\/wp-content\/uploads\/2020\/06\/Weegschroef.png","datePublished":"2020-04-09T08:19:56+00:00","dateModified":"2023-06-16T08:01:59+00:00","description":"Mit den einzeln gefertigten gravimetrische Differentialdosierer von Van Beek k\u00f6nnen Sie jederzeit Pulver, Granulate und andere trockene Stoffe dosieren.","breadcrumb":{"@id":"https:\/\/www.van-beek.nl\/de\/schneckenfoerderer\/dosieren\/gravimetrische-differentialdosierung\/#breadcrumb"},"inLanguage":"de","potentialAction":[{"@type":"ReadAction","target":["https:\/\/www.van-beek.nl\/de\/schneckenfoerderer\/dosieren\/gravimetrische-differentialdosierung\/"]}]},{"@type":"ImageObject","inLanguage":"de","@id":"https:\/\/www.van-beek.nl\/de\/schneckenfoerderer\/dosieren\/gravimetrische-differentialdosierung\/#primaryimage","url":"https:\/\/www.van-beek.nl\/wp-content\/uploads\/2020\/06\/Weegschroef.png","contentUrl":"https:\/\/www.van-beek.nl\/wp-content\/uploads\/2020\/06\/Weegschroef.png","width":2000,"height":1287,"caption":"Wiegeschnecke"},{"@type":"BreadcrumbList","@id":"https:\/\/www.van-beek.nl\/de\/schneckenfoerderer\/dosieren\/gravimetrische-differentialdosierung\/#breadcrumb","itemListElement":[{"@type":"ListItem","position":1,"name":"Home","item":"https:\/\/www.van-beek.nl\/de\/"},{"@type":"ListItem","position":2,"name":"Schneckenf\u00f6rderer","item":"https:\/\/www.van-beek.nl\/de\/schneckenfoerderer\/"},{"@type":"ListItem","position":3,"name":"Dosieren","item":"https:\/\/www.van-beek.nl\/de\/schroeftransporteurs\/doseren\/"},{"@type":"ListItem","position":4,"name":"Gravimetrische Differentialdosierung"}]},{"@type":"WebSite","@id":"https:\/\/www.van-beek.nl\/de\/#website","url":"https:\/\/www.van-beek.nl\/de\/","name":"Van Beek Schroeftransport","description":"","publisher":{"@id":"https:\/\/www.van-beek.nl\/de\/#organization"},"potentialAction":[{"@type":"SearchAction","target":{"@type":"EntryPoint","urlTemplate":"https:\/\/www.van-beek.nl\/de\/?s={search_term_string}"},"query-input":{"@type":"PropertyValueSpecification","valueRequired":true,"valueName":"search_term_string"}}],"inLanguage":"de"},{"@type":"Organization","@id":"https:\/\/www.van-beek.nl\/de\/#organization","name":"Transportschroeven- en machinefabriek Van Beek B.V.","url":"https:\/\/www.van-beek.nl\/de\/","logo":{"@type":"ImageObject","inLanguage":"de","@id":"https:\/\/www.van-beek.nl\/de\/#\/schema\/logo\/image\/","url":"https:\/\/van-beek.nl\/wp-content\/uploads\/2020\/04\/VanBeek-logo.png","contentUrl":"https:\/\/van-beek.nl\/wp-content\/uploads\/2020\/04\/VanBeek-logo.png","width":116,"height":22,"caption":"Transportschroeven- en machinefabriek Van Beek B.V."},"image":{"@id":"https:\/\/www.van-beek.nl\/de\/#\/schema\/logo\/image\/"}}]}},"_links":{"self":[{"href":"https:\/\/www.van-beek.nl\/de\/wp-json\/wp\/v2\/pages\/3789","targetHints":{"allow":["GET"]}}],"collection":[{"href":"https:\/\/www.van-beek.nl\/de\/wp-json\/wp\/v2\/pages"}],"about":[{"href":"https:\/\/www.van-beek.nl\/de\/wp-json\/wp\/v2\/types\/page"}],"author":[{"embeddable":true,"href":"https:\/\/www.van-beek.nl\/de\/wp-json\/wp\/v2\/users\/2"}],"replies":[{"embeddable":true,"href":"https:\/\/www.van-beek.nl\/de\/wp-json\/wp\/v2\/comments?post=3789"}],"version-history":[{"count":3,"href":"https:\/\/www.van-beek.nl\/de\/wp-json\/wp\/v2\/pages\/3789\/revisions"}],"predecessor-version":[{"id":8028,"href":"https:\/\/www.van-beek.nl\/de\/wp-json\/wp\/v2\/pages\/3789\/revisions\/8028"}],"up":[{"embeddable":true,"href":"https:\/\/www.van-beek.nl\/de\/wp-json\/wp\/v2\/pages\/3838"}],"wp:featuredmedia":[{"embeddable":true,"href":"https:\/\/www.van-beek.nl\/de\/wp-json\/wp\/v2\/media\/1282"}],"wp:attachment":[{"href":"https:\/\/www.van-beek.nl\/de\/wp-json\/wp\/v2\/media?parent=3789"}],"curies":[{"name":"wp","href":"https:\/\/api.w.org\/{rel}","templated":true}]}}