{"id":3790,"date":"2020-04-09T08:22:45","date_gmt":"2020-04-09T08:22:45","guid":{"rendered":"https:\/\/van-beek.nl\/ruehrwerke\/"},"modified":"2021-06-14T13:37:03","modified_gmt":"2021-06-14T13:37:03","slug":"ruehrwerke","status":"publish","type":"page","link":"https:\/\/www.van-beek.nl\/de\/schneckenfoerderer\/puffern\/ruehrwerke\/","title":{"rendered":"R\u00fchrwerke"},"content":{"rendered":"<p><strong>Ein R\u00fchrwerk sorgt daf\u00fcr, dass Br\u00fcckenbildung vermieden wird, sodass die (Dosier-)Schnecke gut gef\u00fcllt wird und der Puffer oder Bunker komplett genutzt wird, ohne dass es zu Totzonen kommt.<\/strong><\/p>\n<h2>Ma\u00dfgeschneiderte Fertigung<\/h2>\n<p>Die kundenspezifischen R\u00fchrwerke von Van Beek werden einmalig oder mehrfach gefertigt und auf das F\u00f6rdergut und die Belastung ausgelegt. Auch f\u00fcr quadratische Trichter und Hopper k\u00f6nnen R\u00fchrwerke angeboten werden. Bei der Konstruktion unserer R\u00fchrwerke ber\u00fccksichtigen wir nat\u00fcrlich das Drehmoment, das der R\u00fchrarm zu Beginn und w\u00e4hrend der dauerhaften Bewegung ben\u00f6tigt.<\/p>\n<h3>M\u00f6chten Sie mehr \u00fcber unsere R\u00fchrwerke erfahren? Bitte <a href=\"\/de\/schneckenfoerderer\/kontakt-van-beek\/\">wenden Sie sich dann an uns<\/a>.<\/h3>\n","protected":false},"excerpt":{"rendered":"<p>Ein R\u00fchrwerk sorgt daf\u00fcr, dass Br\u00fcckenbildung vermieden wird, sodass die (Dosier-)Schnecke gut gef\u00fcllt wird und der Puffer oder Bunker komplett genutzt wird, ohne dass es zu Totzonen kommt. Ma\u00dfgeschneiderte Fertigung Die kundenspezifischen R\u00fchrwerke von Van Beek werden einmalig oder mehrfach gefertigt und auf das F\u00f6rdergut und die Belastung ausgelegt. Auch f\u00fcr quadratische Trichter und Hopper [&hellip;]<\/p>\n","protected":false},"author":2,"featured_media":3559,"parent":3840,"menu_order":0,"comment_status":"closed","ping_status":"closed","template":"product.php","meta":{"_acf_changed":false,"content-type":"","inline_featured_image":false,"footnotes":""},"class_list":["post-3790","page","type-page","status-publish","has-post-thumbnail","hentry"],"acf":[],"yoast_head":"<!-- This site is optimized with the Yoast SEO plugin v27.5 - https:\/\/yoast.com\/product\/yoast-seo-wordpress\/ -->\n<title>R\u00fchrwerke zur guten F\u00fcllung einer F\u00f6rderschnecke | Van Beek<\/title>\n<meta name=\"description\" content=\"Ein R\u00fchrwerk sorgt daf\u00fcr, dass die (Dosier-)Schnecke gut gef\u00fcllt wird und der Puffer oder Bunker komplett genutzt wird, ohne dass es zu Totzonen kommt.\" \/>\n<meta name=\"robots\" content=\"index, follow, max-snippet:-1, max-image-preview:large, max-video-preview:-1\" \/>\n<link rel=\"canonical\" href=\"https:\/\/www.van-beek.nl\/de\/schneckenfoerderer\/puffern\/ruehrwerke\/\" \/>\n<meta property=\"og:locale\" content=\"de_DE\" \/>\n<meta property=\"og:type\" content=\"article\" \/>\n<meta property=\"og:title\" content=\"R\u00fchrwerke zur guten F\u00fcllung einer F\u00f6rderschnecke | Van Beek\" \/>\n<meta property=\"og:description\" content=\"Ein R\u00fchrwerk sorgt daf\u00fcr, dass die (Dosier-)Schnecke gut gef\u00fcllt wird und der Puffer oder Bunker komplett genutzt wird, ohne dass es zu Totzonen kommt.\" \/>\n<meta property=\"og:url\" content=\"https:\/\/www.van-beek.nl\/de\/schneckenfoerderer\/puffern\/ruehrwerke\/\" \/>\n<meta property=\"og:site_name\" content=\"Van Beek Schroeftransport\" \/>\n<meta property=\"article:modified_time\" content=\"2021-06-14T13:37:03+00:00\" \/>\n<meta property=\"og:image\" content=\"https:\/\/www.van-beek.nl\/wp-content\/uploads\/2021\/03\/woeler.png\" \/>\n\t<meta property=\"og:image:width\" content=\"3999\" \/>\n\t<meta property=\"og:image:height\" content=\"1980\" \/>\n\t<meta property=\"og:image:type\" content=\"image\/png\" \/>\n<meta name=\"twitter:card\" content=\"summary_large_image\" \/>\n<meta name=\"twitter:label1\" content=\"Gesch\u00e4tzte Lesezeit\" \/>\n\t<meta name=\"twitter:data1\" content=\"1\u00a0Minute\" \/>\n<script type=\"application\/ld+json\" class=\"yoast-schema-graph\">{\"@context\":\"https:\\\/\\\/schema.org\",\"@graph\":[{\"@type\":\"WebPage\",\"@id\":\"https:\\\/\\\/www.van-beek.nl\\\/de\\\/schneckenfoerderer\\\/puffern\\\/ruehrwerke\\\/\",\"url\":\"https:\\\/\\\/www.van-beek.nl\\\/de\\\/schneckenfoerderer\\\/puffern\\\/ruehrwerke\\\/\",\"name\":\"R\u00fchrwerke zur guten F\u00fcllung einer F\u00f6rderschnecke | Van Beek\",\"isPartOf\":{\"@id\":\"https:\\\/\\\/www.van-beek.nl\\\/de\\\/#website\"},\"primaryImageOfPage\":{\"@id\":\"https:\\\/\\\/www.van-beek.nl\\\/de\\\/schneckenfoerderer\\\/puffern\\\/ruehrwerke\\\/#primaryimage\"},\"image\":{\"@id\":\"https:\\\/\\\/www.van-beek.nl\\\/de\\\/schneckenfoerderer\\\/puffern\\\/ruehrwerke\\\/#primaryimage\"},\"thumbnailUrl\":\"https:\\\/\\\/www.van-beek.nl\\\/wp-content\\\/uploads\\\/2021\\\/03\\\/woeler.png\",\"datePublished\":\"2020-04-09T08:22:45+00:00\",\"dateModified\":\"2021-06-14T13:37:03+00:00\",\"description\":\"Ein R\u00fchrwerk sorgt daf\u00fcr, dass die (Dosier-)Schnecke gut gef\u00fcllt wird und der Puffer oder Bunker komplett genutzt wird, ohne dass es zu Totzonen kommt.\",\"breadcrumb\":{\"@id\":\"https:\\\/\\\/www.van-beek.nl\\\/de\\\/schneckenfoerderer\\\/puffern\\\/ruehrwerke\\\/#breadcrumb\"},\"inLanguage\":\"de\",\"potentialAction\":[{\"@type\":\"ReadAction\",\"target\":[\"https:\\\/\\\/www.van-beek.nl\\\/de\\\/schneckenfoerderer\\\/puffern\\\/ruehrwerke\\\/\"]}]},{\"@type\":\"ImageObject\",\"inLanguage\":\"de\",\"@id\":\"https:\\\/\\\/www.van-beek.nl\\\/de\\\/schneckenfoerderer\\\/puffern\\\/ruehrwerke\\\/#primaryimage\",\"url\":\"https:\\\/\\\/www.van-beek.nl\\\/wp-content\\\/uploads\\\/2021\\\/03\\\/woeler.png\",\"contentUrl\":\"https:\\\/\\\/www.van-beek.nl\\\/wp-content\\\/uploads\\\/2021\\\/03\\\/woeler.png\",\"width\":3999,\"height\":1980,\"caption\":\"Agitator voor het\"},{\"@type\":\"BreadcrumbList\",\"@id\":\"https:\\\/\\\/www.van-beek.nl\\\/de\\\/schneckenfoerderer\\\/puffern\\\/ruehrwerke\\\/#breadcrumb\",\"itemListElement\":[{\"@type\":\"ListItem\",\"position\":1,\"name\":\"Home\",\"item\":\"https:\\\/\\\/www.van-beek.nl\\\/de\\\/\"},{\"@type\":\"ListItem\",\"position\":2,\"name\":\"Schneckenf\u00f6rderer\",\"item\":\"https:\\\/\\\/www.van-beek.nl\\\/de\\\/schneckenfoerderer\\\/\"},{\"@type\":\"ListItem\",\"position\":3,\"name\":\"Puffern\",\"item\":\"https:\\\/\\\/www.van-beek.nl\\\/de\\\/schneckenfoerderer\\\/puffern\\\/\"},{\"@type\":\"ListItem\",\"position\":4,\"name\":\"R\u00fchrwerke\"}]},{\"@type\":\"WebSite\",\"@id\":\"https:\\\/\\\/www.van-beek.nl\\\/de\\\/#website\",\"url\":\"https:\\\/\\\/www.van-beek.nl\\\/de\\\/\",\"name\":\"Van Beek Schroeftransport\",\"description\":\"\",\"publisher\":{\"@id\":\"https:\\\/\\\/www.van-beek.nl\\\/de\\\/#organization\"},\"potentialAction\":[{\"@type\":\"SearchAction\",\"target\":{\"@type\":\"EntryPoint\",\"urlTemplate\":\"https:\\\/\\\/www.van-beek.nl\\\/de\\\/?s={search_term_string}\"},\"query-input\":{\"@type\":\"PropertyValueSpecification\",\"valueRequired\":true,\"valueName\":\"search_term_string\"}}],\"inLanguage\":\"de\"},{\"@type\":\"Organization\",\"@id\":\"https:\\\/\\\/www.van-beek.nl\\\/de\\\/#organization\",\"name\":\"Transportschroeven- en machinefabriek Van Beek B.V.\",\"url\":\"https:\\\/\\\/www.van-beek.nl\\\/de\\\/\",\"logo\":{\"@type\":\"ImageObject\",\"inLanguage\":\"de\",\"@id\":\"https:\\\/\\\/www.van-beek.nl\\\/de\\\/#\\\/schema\\\/logo\\\/image\\\/\",\"url\":\"https:\\\/\\\/van-beek.nl\\\/wp-content\\\/uploads\\\/2020\\\/04\\\/VanBeek-logo.png\",\"contentUrl\":\"https:\\\/\\\/van-beek.nl\\\/wp-content\\\/uploads\\\/2020\\\/04\\\/VanBeek-logo.png\",\"width\":116,\"height\":22,\"caption\":\"Transportschroeven- en machinefabriek Van Beek B.V.\"},\"image\":{\"@id\":\"https:\\\/\\\/www.van-beek.nl\\\/de\\\/#\\\/schema\\\/logo\\\/image\\\/\"}}]}<\/script>\n<!-- \/ Yoast SEO plugin. -->","yoast_head_json":{"title":"R\u00fchrwerke zur guten F\u00fcllung einer F\u00f6rderschnecke | Van Beek","description":"Ein R\u00fchrwerk sorgt daf\u00fcr, dass die (Dosier-)Schnecke gut gef\u00fcllt wird und der Puffer oder Bunker komplett genutzt wird, ohne dass es zu Totzonen kommt.","robots":{"index":"index","follow":"follow","max-snippet":"max-snippet:-1","max-image-preview":"max-image-preview:large","max-video-preview":"max-video-preview:-1"},"canonical":"https:\/\/www.van-beek.nl\/de\/schneckenfoerderer\/puffern\/ruehrwerke\/","og_locale":"de_DE","og_type":"article","og_title":"R\u00fchrwerke zur guten F\u00fcllung einer F\u00f6rderschnecke | Van Beek","og_description":"Ein R\u00fchrwerk sorgt daf\u00fcr, dass die (Dosier-)Schnecke gut gef\u00fcllt wird und der Puffer oder Bunker komplett genutzt wird, ohne dass es zu Totzonen kommt.","og_url":"https:\/\/www.van-beek.nl\/de\/schneckenfoerderer\/puffern\/ruehrwerke\/","og_site_name":"Van Beek Schroeftransport","article_modified_time":"2021-06-14T13:37:03+00:00","og_image":[{"width":3999,"height":1980,"url":"https:\/\/www.van-beek.nl\/wp-content\/uploads\/2021\/03\/woeler.png","type":"image\/png"}],"twitter_card":"summary_large_image","twitter_misc":{"Gesch\u00e4tzte Lesezeit":"1\u00a0Minute"},"schema":{"@context":"https:\/\/schema.org","@graph":[{"@type":"WebPage","@id":"https:\/\/www.van-beek.nl\/de\/schneckenfoerderer\/puffern\/ruehrwerke\/","url":"https:\/\/www.van-beek.nl\/de\/schneckenfoerderer\/puffern\/ruehrwerke\/","name":"R\u00fchrwerke zur guten F\u00fcllung einer F\u00f6rderschnecke | Van Beek","isPartOf":{"@id":"https:\/\/www.van-beek.nl\/de\/#website"},"primaryImageOfPage":{"@id":"https:\/\/www.van-beek.nl\/de\/schneckenfoerderer\/puffern\/ruehrwerke\/#primaryimage"},"image":{"@id":"https:\/\/www.van-beek.nl\/de\/schneckenfoerderer\/puffern\/ruehrwerke\/#primaryimage"},"thumbnailUrl":"https:\/\/www.van-beek.nl\/wp-content\/uploads\/2021\/03\/woeler.png","datePublished":"2020-04-09T08:22:45+00:00","dateModified":"2021-06-14T13:37:03+00:00","description":"Ein R\u00fchrwerk sorgt daf\u00fcr, dass die (Dosier-)Schnecke gut gef\u00fcllt wird und der Puffer oder Bunker komplett genutzt wird, ohne dass es zu Totzonen kommt.","breadcrumb":{"@id":"https:\/\/www.van-beek.nl\/de\/schneckenfoerderer\/puffern\/ruehrwerke\/#breadcrumb"},"inLanguage":"de","potentialAction":[{"@type":"ReadAction","target":["https:\/\/www.van-beek.nl\/de\/schneckenfoerderer\/puffern\/ruehrwerke\/"]}]},{"@type":"ImageObject","inLanguage":"de","@id":"https:\/\/www.van-beek.nl\/de\/schneckenfoerderer\/puffern\/ruehrwerke\/#primaryimage","url":"https:\/\/www.van-beek.nl\/wp-content\/uploads\/2021\/03\/woeler.png","contentUrl":"https:\/\/www.van-beek.nl\/wp-content\/uploads\/2021\/03\/woeler.png","width":3999,"height":1980,"caption":"Agitator voor het"},{"@type":"BreadcrumbList","@id":"https:\/\/www.van-beek.nl\/de\/schneckenfoerderer\/puffern\/ruehrwerke\/#breadcrumb","itemListElement":[{"@type":"ListItem","position":1,"name":"Home","item":"https:\/\/www.van-beek.nl\/de\/"},{"@type":"ListItem","position":2,"name":"Schneckenf\u00f6rderer","item":"https:\/\/www.van-beek.nl\/de\/schneckenfoerderer\/"},{"@type":"ListItem","position":3,"name":"Puffern","item":"https:\/\/www.van-beek.nl\/de\/schneckenfoerderer\/puffern\/"},{"@type":"ListItem","position":4,"name":"R\u00fchrwerke"}]},{"@type":"WebSite","@id":"https:\/\/www.van-beek.nl\/de\/#website","url":"https:\/\/www.van-beek.nl\/de\/","name":"Van Beek Schroeftransport","description":"","publisher":{"@id":"https:\/\/www.van-beek.nl\/de\/#organization"},"potentialAction":[{"@type":"SearchAction","target":{"@type":"EntryPoint","urlTemplate":"https:\/\/www.van-beek.nl\/de\/?s={search_term_string}"},"query-input":{"@type":"PropertyValueSpecification","valueRequired":true,"valueName":"search_term_string"}}],"inLanguage":"de"},{"@type":"Organization","@id":"https:\/\/www.van-beek.nl\/de\/#organization","name":"Transportschroeven- en machinefabriek Van Beek B.V.","url":"https:\/\/www.van-beek.nl\/de\/","logo":{"@type":"ImageObject","inLanguage":"de","@id":"https:\/\/www.van-beek.nl\/de\/#\/schema\/logo\/image\/","url":"https:\/\/van-beek.nl\/wp-content\/uploads\/2020\/04\/VanBeek-logo.png","contentUrl":"https:\/\/van-beek.nl\/wp-content\/uploads\/2020\/04\/VanBeek-logo.png","width":116,"height":22,"caption":"Transportschroeven- en machinefabriek Van Beek B.V."},"image":{"@id":"https:\/\/www.van-beek.nl\/de\/#\/schema\/logo\/image\/"}}]}},"_links":{"self":[{"href":"https:\/\/www.van-beek.nl\/de\/wp-json\/wp\/v2\/pages\/3790","targetHints":{"allow":["GET"]}}],"collection":[{"href":"https:\/\/www.van-beek.nl\/de\/wp-json\/wp\/v2\/pages"}],"about":[{"href":"https:\/\/www.van-beek.nl\/de\/wp-json\/wp\/v2\/types\/page"}],"author":[{"embeddable":true,"href":"https:\/\/www.van-beek.nl\/de\/wp-json\/wp\/v2\/users\/2"}],"replies":[{"embeddable":true,"href":"https:\/\/www.van-beek.nl\/de\/wp-json\/wp\/v2\/comments?post=3790"}],"version-history":[{"count":4,"href":"https:\/\/www.van-beek.nl\/de\/wp-json\/wp\/v2\/pages\/3790\/revisions"}],"predecessor-version":[{"id":8058,"href":"https:\/\/www.van-beek.nl\/de\/wp-json\/wp\/v2\/pages\/3790\/revisions\/8058"}],"up":[{"embeddable":true,"href":"https:\/\/www.van-beek.nl\/de\/wp-json\/wp\/v2\/pages\/3840"}],"wp:featuredmedia":[{"embeddable":true,"href":"https:\/\/www.van-beek.nl\/de\/wp-json\/wp\/v2\/media\/3559"}],"wp:attachment":[{"href":"https:\/\/www.van-beek.nl\/de\/wp-json\/wp\/v2\/media?parent=3790"}],"curies":[{"name":"wp","href":"https:\/\/api.w.org\/{rel}","templated":true}]}}