{"id":3792,"date":"2020-04-09T08:27:08","date_gmt":"2020-04-09T08:27:08","guid":{"rendered":"https:\/\/van-beek.nl\/austragsboeden\/"},"modified":"2021-06-16T08:07:26","modified_gmt":"2021-06-16T08:07:26","slug":"austragsboeden","status":"publish","type":"page","link":"https:\/\/www.van-beek.nl\/de\/schneckenfoerderer\/puffern\/austragsboeden\/","title":{"rendered":"Austragsb\u00f6den"},"content":{"rendered":"<p><strong>Austragsb\u00f6den sind Anlagen mit (je nach Projekt) mehreren Schnecken, die schlecht flie\u00dfendes Sch\u00fcttgut kontrolliert aus einem Bunker oder Silo dosieren oder austragen.<\/strong><\/p>\n<h2>Wann werden Austragsb\u00f6den eingesetzt?<\/h2>\n<ul>\n<li>Zur Dosierung von <strong>stark zur Br\u00fcckenbildung neigenden Stoffen<\/strong> aus Puffern.<br \/>\nSo wird der Inhalt des gesamten Puffers fluidisiert, wodurch Totzonen vermieden werden.<\/li>\n<li>Wenn eine gro\u00dfe Produktmenge <strong>raumsparend<\/strong> gepuffert werden soll und Sie die Kapazit\u00e4t des vorhandenen Raums vollst\u00e4ndig nutzen wollen.<\/li>\n<\/ul>\n<h2>Austragsb\u00f6den in Einzelanfertigung<\/h2>\n<p>Wir entwickeln und liefern auch Austragsb\u00f6den f\u00fcr Pulver, K\u00f6rner, Flocken oder Granulat\u00a0 mit einem niedrigen Sch\u00fcttgewicht. Die Anlagen sind in diversen Breiten und Anwendungen f\u00fcr runde, quadratische und rechteckige Vorratsbunker lieferbar.<\/p>\n<h3>M\u00f6chten Sie mehr \u00fcber unsere Austragsb\u00f6den erfahren? <a href=\"\/de\/schneckenfoerderer\/kontakt-van-beek\/\">Bitte wenden Sie sich dann an uns<\/a>.<\/h3>\n","protected":false},"excerpt":{"rendered":"<p>Austragsb\u00f6den sind Anlagen mit (je nach Projekt) mehreren Schnecken, die schlecht flie\u00dfendes Sch\u00fcttgut kontrolliert aus einem Bunker oder Silo dosieren oder austragen. Wann werden Austragsb\u00f6den eingesetzt? Zur Dosierung von stark zur Br\u00fcckenbildung neigenden Stoffen aus Puffern. So wird der Inhalt des gesamten Puffers fluidisiert, wodurch Totzonen vermieden werden. Wenn eine gro\u00dfe Produktmenge raumsparend gepuffert werden [&hellip;]<\/p>\n","protected":false},"author":2,"featured_media":3228,"parent":3840,"menu_order":0,"comment_status":"closed","ping_status":"closed","template":"product.php","meta":{"_acf_changed":false,"content-type":"","inline_featured_image":false,"footnotes":""},"class_list":["post-3792","page","type-page","status-publish","has-post-thumbnail","hentry"],"acf":[],"yoast_head":"<!-- This site is optimized with the Yoast SEO plugin v27.5 - https:\/\/yoast.com\/product\/yoast-seo-wordpress\/ -->\n<title>Austragsb\u00f6den f\u00fcr eine kontrollierte Dosierung | Van Beek<\/title>\n<meta name=\"description\" content=\"Austragsb\u00f6den sind Anlagen mit mehreren Schnecken, die schlecht flie\u00dfendes Sch\u00fcttgut kontrolliert aus einem Bunker oder Silo dosieren oder austragen.\" \/>\n<meta name=\"robots\" content=\"index, follow, max-snippet:-1, max-image-preview:large, max-video-preview:-1\" \/>\n<link rel=\"canonical\" href=\"https:\/\/www.van-beek.nl\/de\/schneckenfoerderer\/puffern\/austragsboeden\/\" \/>\n<meta property=\"og:locale\" content=\"de_DE\" \/>\n<meta property=\"og:type\" content=\"article\" \/>\n<meta property=\"og:title\" content=\"Austragsb\u00f6den f\u00fcr eine kontrollierte Dosierung | Van Beek\" \/>\n<meta property=\"og:description\" content=\"Austragsb\u00f6den sind Anlagen mit mehreren Schnecken, die schlecht flie\u00dfendes Sch\u00fcttgut kontrolliert aus einem Bunker oder Silo dosieren oder austragen.\" \/>\n<meta property=\"og:url\" content=\"https:\/\/www.van-beek.nl\/de\/schneckenfoerderer\/puffern\/austragsboeden\/\" \/>\n<meta property=\"og:site_name\" content=\"Van Beek Schroeftransport\" \/>\n<meta property=\"article:modified_time\" content=\"2021-06-16T08:07:26+00:00\" \/>\n<meta property=\"og:image\" content=\"https:\/\/www.van-beek.nl\/wp-content\/uploads\/2021\/03\/Losbodems_2.png\" \/>\n\t<meta property=\"og:image:width\" content=\"3999\" \/>\n\t<meta property=\"og:image:height\" content=\"2479\" \/>\n\t<meta property=\"og:image:type\" content=\"image\/png\" \/>\n<meta name=\"twitter:card\" content=\"summary_large_image\" \/>\n<meta name=\"twitter:label1\" content=\"Gesch\u00e4tzte Lesezeit\" \/>\n\t<meta name=\"twitter:data1\" content=\"1\u00a0Minute\" \/>\n<script type=\"application\/ld+json\" class=\"yoast-schema-graph\">{\"@context\":\"https:\\\/\\\/schema.org\",\"@graph\":[{\"@type\":\"WebPage\",\"@id\":\"https:\\\/\\\/www.van-beek.nl\\\/de\\\/schneckenfoerderer\\\/puffern\\\/austragsboeden\\\/\",\"url\":\"https:\\\/\\\/www.van-beek.nl\\\/de\\\/schneckenfoerderer\\\/puffern\\\/austragsboeden\\\/\",\"name\":\"Austragsb\u00f6den f\u00fcr eine kontrollierte Dosierung | Van Beek\",\"isPartOf\":{\"@id\":\"https:\\\/\\\/www.van-beek.nl\\\/de\\\/#website\"},\"primaryImageOfPage\":{\"@id\":\"https:\\\/\\\/www.van-beek.nl\\\/de\\\/schneckenfoerderer\\\/puffern\\\/austragsboeden\\\/#primaryimage\"},\"image\":{\"@id\":\"https:\\\/\\\/www.van-beek.nl\\\/de\\\/schneckenfoerderer\\\/puffern\\\/austragsboeden\\\/#primaryimage\"},\"thumbnailUrl\":\"https:\\\/\\\/www.van-beek.nl\\\/wp-content\\\/uploads\\\/2021\\\/03\\\/Losbodems_2.png\",\"datePublished\":\"2020-04-09T08:27:08+00:00\",\"dateModified\":\"2021-06-16T08:07:26+00:00\",\"description\":\"Austragsb\u00f6den sind Anlagen mit mehreren Schnecken, die schlecht flie\u00dfendes Sch\u00fcttgut kontrolliert aus einem Bunker oder Silo dosieren oder austragen.\",\"breadcrumb\":{\"@id\":\"https:\\\/\\\/www.van-beek.nl\\\/de\\\/schneckenfoerderer\\\/puffern\\\/austragsboeden\\\/#breadcrumb\"},\"inLanguage\":\"de\",\"potentialAction\":[{\"@type\":\"ReadAction\",\"target\":[\"https:\\\/\\\/www.van-beek.nl\\\/de\\\/schneckenfoerderer\\\/puffern\\\/austragsboeden\\\/\"]}]},{\"@type\":\"ImageObject\",\"inLanguage\":\"de\",\"@id\":\"https:\\\/\\\/www.van-beek.nl\\\/de\\\/schneckenfoerderer\\\/puffern\\\/austragsboeden\\\/#primaryimage\",\"url\":\"https:\\\/\\\/www.van-beek.nl\\\/wp-content\\\/uploads\\\/2021\\\/03\\\/Losbodems_2.png\",\"contentUrl\":\"https:\\\/\\\/www.van-beek.nl\\\/wp-content\\\/uploads\\\/2021\\\/03\\\/Losbodems_2.png\",\"width\":3999,\"height\":2479,\"caption\":\"Losbodem\"},{\"@type\":\"BreadcrumbList\",\"@id\":\"https:\\\/\\\/www.van-beek.nl\\\/de\\\/schneckenfoerderer\\\/puffern\\\/austragsboeden\\\/#breadcrumb\",\"itemListElement\":[{\"@type\":\"ListItem\",\"position\":1,\"name\":\"Home\",\"item\":\"https:\\\/\\\/www.van-beek.nl\\\/de\\\/\"},{\"@type\":\"ListItem\",\"position\":2,\"name\":\"Schneckenf\u00f6rderer\",\"item\":\"https:\\\/\\\/www.van-beek.nl\\\/de\\\/schneckenfoerderer\\\/\"},{\"@type\":\"ListItem\",\"position\":3,\"name\":\"Puffern\",\"item\":\"https:\\\/\\\/www.van-beek.nl\\\/de\\\/schneckenfoerderer\\\/puffern\\\/\"},{\"@type\":\"ListItem\",\"position\":4,\"name\":\"Austragsb\u00f6den\"}]},{\"@type\":\"WebSite\",\"@id\":\"https:\\\/\\\/www.van-beek.nl\\\/de\\\/#website\",\"url\":\"https:\\\/\\\/www.van-beek.nl\\\/de\\\/\",\"name\":\"Van Beek Schroeftransport\",\"description\":\"\",\"publisher\":{\"@id\":\"https:\\\/\\\/www.van-beek.nl\\\/de\\\/#organization\"},\"potentialAction\":[{\"@type\":\"SearchAction\",\"target\":{\"@type\":\"EntryPoint\",\"urlTemplate\":\"https:\\\/\\\/www.van-beek.nl\\\/de\\\/?s={search_term_string}\"},\"query-input\":{\"@type\":\"PropertyValueSpecification\",\"valueRequired\":true,\"valueName\":\"search_term_string\"}}],\"inLanguage\":\"de\"},{\"@type\":\"Organization\",\"@id\":\"https:\\\/\\\/www.van-beek.nl\\\/de\\\/#organization\",\"name\":\"Transportschroeven- en machinefabriek Van Beek B.V.\",\"url\":\"https:\\\/\\\/www.van-beek.nl\\\/de\\\/\",\"logo\":{\"@type\":\"ImageObject\",\"inLanguage\":\"de\",\"@id\":\"https:\\\/\\\/www.van-beek.nl\\\/de\\\/#\\\/schema\\\/logo\\\/image\\\/\",\"url\":\"https:\\\/\\\/van-beek.nl\\\/wp-content\\\/uploads\\\/2020\\\/04\\\/VanBeek-logo.png\",\"contentUrl\":\"https:\\\/\\\/van-beek.nl\\\/wp-content\\\/uploads\\\/2020\\\/04\\\/VanBeek-logo.png\",\"width\":116,\"height\":22,\"caption\":\"Transportschroeven- en machinefabriek Van Beek B.V.\"},\"image\":{\"@id\":\"https:\\\/\\\/www.van-beek.nl\\\/de\\\/#\\\/schema\\\/logo\\\/image\\\/\"}}]}<\/script>\n<!-- \/ Yoast SEO plugin. -->","yoast_head_json":{"title":"Austragsb\u00f6den f\u00fcr eine kontrollierte Dosierung | Van Beek","description":"Austragsb\u00f6den sind Anlagen mit mehreren Schnecken, die schlecht flie\u00dfendes Sch\u00fcttgut kontrolliert aus einem Bunker oder Silo dosieren oder austragen.","robots":{"index":"index","follow":"follow","max-snippet":"max-snippet:-1","max-image-preview":"max-image-preview:large","max-video-preview":"max-video-preview:-1"},"canonical":"https:\/\/www.van-beek.nl\/de\/schneckenfoerderer\/puffern\/austragsboeden\/","og_locale":"de_DE","og_type":"article","og_title":"Austragsb\u00f6den f\u00fcr eine kontrollierte Dosierung | Van Beek","og_description":"Austragsb\u00f6den sind Anlagen mit mehreren Schnecken, die schlecht flie\u00dfendes Sch\u00fcttgut kontrolliert aus einem Bunker oder Silo dosieren oder austragen.","og_url":"https:\/\/www.van-beek.nl\/de\/schneckenfoerderer\/puffern\/austragsboeden\/","og_site_name":"Van Beek Schroeftransport","article_modified_time":"2021-06-16T08:07:26+00:00","og_image":[{"width":3999,"height":2479,"url":"https:\/\/www.van-beek.nl\/wp-content\/uploads\/2021\/03\/Losbodems_2.png","type":"image\/png"}],"twitter_card":"summary_large_image","twitter_misc":{"Gesch\u00e4tzte Lesezeit":"1\u00a0Minute"},"schema":{"@context":"https:\/\/schema.org","@graph":[{"@type":"WebPage","@id":"https:\/\/www.van-beek.nl\/de\/schneckenfoerderer\/puffern\/austragsboeden\/","url":"https:\/\/www.van-beek.nl\/de\/schneckenfoerderer\/puffern\/austragsboeden\/","name":"Austragsb\u00f6den f\u00fcr eine kontrollierte Dosierung | Van Beek","isPartOf":{"@id":"https:\/\/www.van-beek.nl\/de\/#website"},"primaryImageOfPage":{"@id":"https:\/\/www.van-beek.nl\/de\/schneckenfoerderer\/puffern\/austragsboeden\/#primaryimage"},"image":{"@id":"https:\/\/www.van-beek.nl\/de\/schneckenfoerderer\/puffern\/austragsboeden\/#primaryimage"},"thumbnailUrl":"https:\/\/www.van-beek.nl\/wp-content\/uploads\/2021\/03\/Losbodems_2.png","datePublished":"2020-04-09T08:27:08+00:00","dateModified":"2021-06-16T08:07:26+00:00","description":"Austragsb\u00f6den sind Anlagen mit mehreren Schnecken, die schlecht flie\u00dfendes Sch\u00fcttgut kontrolliert aus einem Bunker oder Silo dosieren oder austragen.","breadcrumb":{"@id":"https:\/\/www.van-beek.nl\/de\/schneckenfoerderer\/puffern\/austragsboeden\/#breadcrumb"},"inLanguage":"de","potentialAction":[{"@type":"ReadAction","target":["https:\/\/www.van-beek.nl\/de\/schneckenfoerderer\/puffern\/austragsboeden\/"]}]},{"@type":"ImageObject","inLanguage":"de","@id":"https:\/\/www.van-beek.nl\/de\/schneckenfoerderer\/puffern\/austragsboeden\/#primaryimage","url":"https:\/\/www.van-beek.nl\/wp-content\/uploads\/2021\/03\/Losbodems_2.png","contentUrl":"https:\/\/www.van-beek.nl\/wp-content\/uploads\/2021\/03\/Losbodems_2.png","width":3999,"height":2479,"caption":"Losbodem"},{"@type":"BreadcrumbList","@id":"https:\/\/www.van-beek.nl\/de\/schneckenfoerderer\/puffern\/austragsboeden\/#breadcrumb","itemListElement":[{"@type":"ListItem","position":1,"name":"Home","item":"https:\/\/www.van-beek.nl\/de\/"},{"@type":"ListItem","position":2,"name":"Schneckenf\u00f6rderer","item":"https:\/\/www.van-beek.nl\/de\/schneckenfoerderer\/"},{"@type":"ListItem","position":3,"name":"Puffern","item":"https:\/\/www.van-beek.nl\/de\/schneckenfoerderer\/puffern\/"},{"@type":"ListItem","position":4,"name":"Austragsb\u00f6den"}]},{"@type":"WebSite","@id":"https:\/\/www.van-beek.nl\/de\/#website","url":"https:\/\/www.van-beek.nl\/de\/","name":"Van Beek Schroeftransport","description":"","publisher":{"@id":"https:\/\/www.van-beek.nl\/de\/#organization"},"potentialAction":[{"@type":"SearchAction","target":{"@type":"EntryPoint","urlTemplate":"https:\/\/www.van-beek.nl\/de\/?s={search_term_string}"},"query-input":{"@type":"PropertyValueSpecification","valueRequired":true,"valueName":"search_term_string"}}],"inLanguage":"de"},{"@type":"Organization","@id":"https:\/\/www.van-beek.nl\/de\/#organization","name":"Transportschroeven- en machinefabriek Van Beek B.V.","url":"https:\/\/www.van-beek.nl\/de\/","logo":{"@type":"ImageObject","inLanguage":"de","@id":"https:\/\/www.van-beek.nl\/de\/#\/schema\/logo\/image\/","url":"https:\/\/van-beek.nl\/wp-content\/uploads\/2020\/04\/VanBeek-logo.png","contentUrl":"https:\/\/van-beek.nl\/wp-content\/uploads\/2020\/04\/VanBeek-logo.png","width":116,"height":22,"caption":"Transportschroeven- en machinefabriek Van Beek B.V."},"image":{"@id":"https:\/\/www.van-beek.nl\/de\/#\/schema\/logo\/image\/"}}]}},"_links":{"self":[{"href":"https:\/\/www.van-beek.nl\/de\/wp-json\/wp\/v2\/pages\/3792","targetHints":{"allow":["GET"]}}],"collection":[{"href":"https:\/\/www.van-beek.nl\/de\/wp-json\/wp\/v2\/pages"}],"about":[{"href":"https:\/\/www.van-beek.nl\/de\/wp-json\/wp\/v2\/types\/page"}],"author":[{"embeddable":true,"href":"https:\/\/www.van-beek.nl\/de\/wp-json\/wp\/v2\/users\/2"}],"replies":[{"embeddable":true,"href":"https:\/\/www.van-beek.nl\/de\/wp-json\/wp\/v2\/comments?post=3792"}],"version-history":[{"count":5,"href":"https:\/\/www.van-beek.nl\/de\/wp-json\/wp\/v2\/pages\/3792\/revisions"}],"predecessor-version":[{"id":8093,"href":"https:\/\/www.van-beek.nl\/de\/wp-json\/wp\/v2\/pages\/3792\/revisions\/8093"}],"up":[{"embeddable":true,"href":"https:\/\/www.van-beek.nl\/de\/wp-json\/wp\/v2\/pages\/3840"}],"wp:featuredmedia":[{"embeddable":true,"href":"https:\/\/www.van-beek.nl\/de\/wp-json\/wp\/v2\/media\/3228"}],"wp:attachment":[{"href":"https:\/\/www.van-beek.nl\/de\/wp-json\/wp\/v2\/media?parent=3792"}],"curies":[{"name":"wp","href":"https:\/\/api.w.org\/{rel}","templated":true}]}}