{"id":3793,"date":"2020-03-18T12:46:26","date_gmt":"2020-03-18T12:46:26","guid":{"rendered":"https:\/\/van-beek.nl\/dino-silowagenfuellanlagen\/"},"modified":"2023-01-23T12:44:19","modified_gmt":"2023-01-23T10:44:19","slug":"silowagenfuellanlagen","status":"publish","type":"page","link":"https:\/\/www.van-beek.nl\/de\/silowagenfuellanlagen\/","title":{"rendered":"Dino Silowagenf\u00fcllanlagen"},"content":{"rendered":"<p><strong>Silowagenf\u00fcllanlagen werden h\u00e4ufig in der Chemieindustrie, von logistischen Dienstleistern, Lager- und Umschlagbetrieben, Massengut-Transportunternehmen, Recyclingbetrieben sowie in der Zement- und Lebensmittelindustrie eingesetzt. Es ist nicht \u00fcberraschend. Die Anschaffung einer Ladeanlage zur sicheren und effizienten Verladung von Masseng\u00fctern ist eine gute und nachhaltige Investition mit einer kurzen Amortisationszeit.<\/strong><\/p>\n<h2>Was ist eine Silowagenf\u00fcllanlage?<\/h2>\n<p><img loading=\"lazy\" decoding=\"async\" class=\" wp-image-11585 alignleft\" src=\"https:\/\/van-beek.nl\/wp-content\/uploads\/2023\/01\/2100016-18-Van-Beek-Dino-illustratie-laden-lossen-1024px-1-300x173.jpg\" alt=\"\" width=\"401\" height=\"231\" srcset=\"https:\/\/www.van-beek.nl\/wp-content\/uploads\/2023\/01\/2100016-18-Van-Beek-Dino-illustratie-laden-lossen-1024px-1-300x173.jpg 300w, https:\/\/www.van-beek.nl\/wp-content\/uploads\/2023\/01\/2100016-18-Van-Beek-Dino-illustratie-laden-lossen-1024px-1-768x443.jpg 768w, https:\/\/www.van-beek.nl\/wp-content\/uploads\/2023\/01\/2100016-18-Van-Beek-Dino-illustratie-laden-lossen-1024px-1.jpg 1024w\" sizes=\"auto, (max-width: 401px) 100vw, 401px\" \/>Eine Ladeanlage erm\u00f6glicht es Ihnen, Produkte aus Bigbags oder auch Masseng\u00fcter aus loser Sch\u00fcttung automatisiert und staubarm z. B. in Silofahrzeuge zu verladen. Au\u00dfer mit Bigbags oder loser Sch\u00fcttung l\u00e4sst sich die Dino Silowagenf\u00fcllanlage auch mit Oktabins oder Sackwaren (25 kg) bef\u00fcllen, oder es kann ein Schaufellader, Bobcat oder Frontlader verwendet werden. Dabei k\u00f6nnen H\u00f6henunterschiede von 4 bis 6 Metern \u00fcberbr\u00fcckt werden. Mit einer Silowagenf\u00fcllanlage kann ein Silofahrzeug als Element optimierter logistischer Abl\u00e4ufe in weniger als 30 Minuten bef\u00fcllt werden.<\/p>\n<h2>Welche Typen von Silowagenf\u00fcllanlagen gibt es?<\/h2>\n<ul>\n<li><strong>Fest installierte und mobile Anlagen<\/strong>. Mobile Silowagenf\u00fcllanlagen lassen sich einfach bewegen. So k\u00f6nnen Sie einfach an verschiedenen Stellen auf Ihrem Gel\u00e4nde Silofahrzeuge beladen, oder den Dino mit einem Gabelstapler zur Waschanlage fahren.<\/li>\n<li><strong>Ausf\u00fchrung aus Stahl oder Edelstahl<\/strong> Silowagenf\u00fcllanlagen mit einer F\u00f6rderanlage aus Edelstahl sind sehr korrosionsfest und widerstehen \u00e4tzenden (chemischen) Substanzen. Edelstahlanlagen sind generell in schwierigen Umgebungen verwendbar, w\u00e4hrend die Anlagen aus Stahl verschlei\u00dffester sind. Auch das gew\u00fcnschte Reinigungsverfahren beeinflusst die Materialwahl. Wenn Sie z. B. die Silowagenf\u00fcllanlage am liebsten mit Wasser reinigen m\u00f6chten, empfehlen wir einen Edelstahl-Dino.<\/li>\n<li>Silowagenf\u00fcllanlagen<strong> f\u00fcr das Verladen <\/strong><strong>eines Produkts<\/strong> und<strong> das Verladen mehrerer Produkte<\/strong>. Dabei kommt es darauf an, dass die Teile der Silowagenf\u00fcllanlage einfach reinigbar sind. Die Standardausf\u00fchrung des Dino ist daher mit einem hochklappbaren oberen Deckel versehen, sodass das Innere der Hebeschnecke einfach gereinigt oder inspiziert werden kann.<\/li>\n<li><strong>Silowagenf\u00fcllanlagen mit einer Grundkapazit\u00e4t<\/strong> von 40 m\u00b3 pro Stunde und <strong>einer sehr hohen Kapazit\u00e4t<\/strong> von 80 m\u00b3 pro Stunde.<\/li>\n<li>Silowagenf\u00fcllanlagen f\u00fcr spezielle Produkte wie <strong>Zement und zement\u00e4hnliche Stoffe, <\/strong>wie z. B. Kalkstein, Natriumkarbonat oder Bentonit.<\/li>\n<li><strong>ATEX Silowagenf\u00fcllanlagen<\/strong> f\u00fcr explosionsgef\u00e4hrliche Stoffe wahlweise f\u00fcr unterschiedliche ATEX Zonen, z. B. innen Zone 20, 21 oder 22 und au\u00dfen Zone 21 oder 22.<\/li>\n<li>Silowagenf\u00fcllanlagen f\u00fcr <strong>hohe hygienische Anforderungen <\/strong>mit einem Lebensmittelsicherheitszertifikat f\u00fcr Kunststoffe gem\u00e4\u00df Verordnung (EG) Nr. 1935\/2004 sowie zus\u00e4tzlichen Werkstoffzertifikaten zu den Edelstahlteilen, die in Ber\u00fchrung mit dem F\u00f6rdergut kommen. <strong><br \/>\n<\/strong><\/li>\n<\/ul>\n<h2>Anwendungen f\u00fcr eine Silowagenf\u00fcllanlage<\/h2>\n<p>Silowagenf\u00fcllanlagen sind in unterschiedlichen H\u00f6hen verf\u00fcgbar und k\u00f6nnen mit Zusatzausstattungen versehen werden, die z. B. der Staubentwicklung entgegenwirken oder den Durchfluss des Produkts f\u00f6rdern. So l\u00e4sst sich fast jedes trockene Massengut sicher und effizient verladen. Einige Beispiele w\u00e4ren:<\/p>\n<ul>\n<li>Bahnwaggons z. B. mit Kunststoffpellets beladen<\/li>\n<li>Chemische Pulver verladen<\/li>\n<li>Mehl in Bigbags verladen<\/li>\n<li>Recycelte Stoffe liefern<\/li>\n<\/ul>\n<h2>Vorteile einer Silowagenf\u00fcllanlage<img loading=\"lazy\" decoding=\"async\" class=\"size-medium wp-image-11590 alignright\" src=\"https:\/\/van-beek.nl\/wp-content\/uploads\/2023\/01\/Dino-Mussafah_Abu-Dhabi-Damco-300x225.jpg\" alt=\"\" width=\"300\" height=\"225\" srcset=\"https:\/\/www.van-beek.nl\/wp-content\/uploads\/2023\/01\/Dino-Mussafah_Abu-Dhabi-Damco-300x225.jpg 300w, https:\/\/www.van-beek.nl\/wp-content\/uploads\/2023\/01\/Dino-Mussafah_Abu-Dhabi-Damco.jpg 640w\" sizes=\"auto, (max-width: 300px) 100vw, 300px\" \/><\/h2>\n<p>Mit einer Silowagenf\u00fcllanlage wird die Arbeitssicherheit betr\u00e4chtlich erh\u00f6ht. Zudem k\u00f6nnen Sie mit ihr in einer geringeren Zeit eine gr\u00f6\u00dfere Kapazit\u00e4t erzielen. Mit unseren Ladeanlagen in Einzelanfertigung k\u00f6nnen bestimmte W\u00fcnsche wie die hygienische oder staubfreie Verladung einfach erf\u00fcllt werden. Mit den modularen Dino Silowagenf\u00fcllanlagen von Van Beek k\u00f6nnen Sie jederzeit flexibel auf ge\u00e4nderte Umst\u00e4nde reagieren, ohne eine neue Maschine anschaffen zu m\u00fcssen. Jeder Dino kann noch Jahre nach der Anschaffung mit der gew\u00fcnschten Ausstattung erweitert werden.<\/p>\n<h3>M\u00f6chten Sie sich n\u00e4her \u00fcber die Dino Silowagenf\u00fcllanlage informieren? Bitte <a href=\"\/de\/dino-silowagenfuellanlagen\/kontakt-dino\/\">wenden Sie sich dann an uns<\/a>.<\/h3>\n","protected":false},"excerpt":{"rendered":"<p>Silowagenf\u00fcllanlagen werden h\u00e4ufig in der Chemieindustrie, von logistischen Dienstleistern, Lager- und Umschlagbetrieben, Massengut-Transportunternehmen, Recyclingbetrieben sowie in der Zement- und Lebensmittelindustrie eingesetzt. Es ist nicht \u00fcberraschend. Die Anschaffung einer Ladeanlage zur sicheren und effizienten Verladung von Masseng\u00fctern ist eine gute und nachhaltige Investition mit einer kurzen Amortisationszeit. Was ist eine Silowagenf\u00fcllanlage? Eine Ladeanlage erm\u00f6glicht es Ihnen, [&hellip;]<\/p>\n","protected":false},"author":1,"featured_media":0,"parent":0,"menu_order":0,"comment_status":"closed","ping_status":"closed","template":"silo-home.php","meta":{"_acf_changed":false,"content-type":"","inline_featured_image":false,"footnotes":""},"class_list":["post-3793","page","type-page","status-publish","hentry"],"acf":[],"yoast_head":"<!-- This site is optimized with the Yoast SEO plugin v27.5 - https:\/\/yoast.com\/product\/yoast-seo-wordpress\/ -->\n<title>- Van Beek Schroeftransport<\/title>\n<meta name=\"robots\" content=\"index, follow, max-snippet:-1, max-image-preview:large, max-video-preview:-1\" \/>\n<link rel=\"canonical\" href=\"https:\/\/www.van-beek.nl\/de\/silowagenfuellanlagen\/\" \/>\n<meta property=\"og:locale\" content=\"de_DE\" \/>\n<meta property=\"og:type\" content=\"article\" \/>\n<meta property=\"og:title\" content=\"- Van Beek Schroeftransport\" \/>\n<meta property=\"og:description\" content=\"Silowagenf\u00fcllanlagen werden h\u00e4ufig in der Chemieindustrie, von logistischen Dienstleistern, Lager- und Umschlagbetrieben, Massengut-Transportunternehmen, Recyclingbetrieben sowie in der Zement- und Lebensmittelindustrie eingesetzt. Es ist nicht \u00fcberraschend. Die Anschaffung einer Ladeanlage zur sicheren und effizienten Verladung von Masseng\u00fctern ist eine gute und nachhaltige Investition mit einer kurzen Amortisationszeit. Was ist eine Silowagenf\u00fcllanlage? Eine Ladeanlage erm\u00f6glicht es Ihnen, [&hellip;]\" \/>\n<meta property=\"og:url\" content=\"https:\/\/www.van-beek.nl\/de\/silowagenfuellanlagen\/\" \/>\n<meta property=\"og:site_name\" content=\"Van Beek Schroeftransport\" \/>\n<meta property=\"article:modified_time\" content=\"2023-01-23T10:44:19+00:00\" \/>\n<meta property=\"og:image\" content=\"https:\/\/van-beek.nl\/wp-content\/uploads\/2023\/01\/2100016-18-Van-Beek-Dino-illustratie-laden-lossen-1024px-1-300x173.jpg\" \/>\n<meta name=\"twitter:card\" content=\"summary_large_image\" \/>\n<meta name=\"twitter:label1\" content=\"Gesch\u00e4tzte Lesezeit\" \/>\n\t<meta name=\"twitter:data1\" content=\"3\u00a0Minuten\" \/>\n<script type=\"application\/ld+json\" class=\"yoast-schema-graph\">{\"@context\":\"https:\\\/\\\/schema.org\",\"@graph\":[{\"@type\":\"WebPage\",\"@id\":\"https:\\\/\\\/www.van-beek.nl\\\/de\\\/silowagenfuellanlagen\\\/\",\"url\":\"https:\\\/\\\/www.van-beek.nl\\\/de\\\/silowagenfuellanlagen\\\/\",\"name\":\"- Van Beek Schroeftransport\",\"isPartOf\":{\"@id\":\"https:\\\/\\\/www.van-beek.nl\\\/de\\\/#website\"},\"primaryImageOfPage\":{\"@id\":\"https:\\\/\\\/www.van-beek.nl\\\/de\\\/silowagenfuellanlagen\\\/#primaryimage\"},\"image\":{\"@id\":\"https:\\\/\\\/www.van-beek.nl\\\/de\\\/silowagenfuellanlagen\\\/#primaryimage\"},\"thumbnailUrl\":\"https:\\\/\\\/van-beek.nl\\\/wp-content\\\/uploads\\\/2023\\\/01\\\/2100016-18-Van-Beek-Dino-illustratie-laden-lossen-1024px-1-300x173.jpg\",\"datePublished\":\"2020-03-18T12:46:26+00:00\",\"dateModified\":\"2023-01-23T10:44:19+00:00\",\"breadcrumb\":{\"@id\":\"https:\\\/\\\/www.van-beek.nl\\\/de\\\/silowagenfuellanlagen\\\/#breadcrumb\"},\"inLanguage\":\"de\",\"potentialAction\":[{\"@type\":\"ReadAction\",\"target\":[\"https:\\\/\\\/www.van-beek.nl\\\/de\\\/silowagenfuellanlagen\\\/\"]}]},{\"@type\":\"ImageObject\",\"inLanguage\":\"de\",\"@id\":\"https:\\\/\\\/www.van-beek.nl\\\/de\\\/silowagenfuellanlagen\\\/#primaryimage\",\"url\":\"https:\\\/\\\/van-beek.nl\\\/wp-content\\\/uploads\\\/2023\\\/01\\\/2100016-18-Van-Beek-Dino-illustratie-laden-lossen-1024px-1-300x173.jpg\",\"contentUrl\":\"https:\\\/\\\/van-beek.nl\\\/wp-content\\\/uploads\\\/2023\\\/01\\\/2100016-18-Van-Beek-Dino-illustratie-laden-lossen-1024px-1-300x173.jpg\"},{\"@type\":\"BreadcrumbList\",\"@id\":\"https:\\\/\\\/www.van-beek.nl\\\/de\\\/silowagenfuellanlagen\\\/#breadcrumb\",\"itemListElement\":[{\"@type\":\"ListItem\",\"position\":1,\"name\":\"Home\",\"item\":\"https:\\\/\\\/www.van-beek.nl\\\/de\\\/\"},{\"@type\":\"ListItem\",\"position\":2,\"name\":\"Dino Silowagenf\u00fcllanlagen\"}]},{\"@type\":\"WebSite\",\"@id\":\"https:\\\/\\\/www.van-beek.nl\\\/de\\\/#website\",\"url\":\"https:\\\/\\\/www.van-beek.nl\\\/de\\\/\",\"name\":\"Van Beek Schroeftransport\",\"description\":\"\",\"publisher\":{\"@id\":\"https:\\\/\\\/www.van-beek.nl\\\/de\\\/#organization\"},\"potentialAction\":[{\"@type\":\"SearchAction\",\"target\":{\"@type\":\"EntryPoint\",\"urlTemplate\":\"https:\\\/\\\/www.van-beek.nl\\\/de\\\/?s={search_term_string}\"},\"query-input\":{\"@type\":\"PropertyValueSpecification\",\"valueRequired\":true,\"valueName\":\"search_term_string\"}}],\"inLanguage\":\"de\"},{\"@type\":\"Organization\",\"@id\":\"https:\\\/\\\/www.van-beek.nl\\\/de\\\/#organization\",\"name\":\"Transportschroeven- en machinefabriek Van Beek B.V.\",\"url\":\"https:\\\/\\\/www.van-beek.nl\\\/de\\\/\",\"logo\":{\"@type\":\"ImageObject\",\"inLanguage\":\"de\",\"@id\":\"https:\\\/\\\/www.van-beek.nl\\\/de\\\/#\\\/schema\\\/logo\\\/image\\\/\",\"url\":\"https:\\\/\\\/van-beek.nl\\\/wp-content\\\/uploads\\\/2020\\\/04\\\/VanBeek-logo.png\",\"contentUrl\":\"https:\\\/\\\/van-beek.nl\\\/wp-content\\\/uploads\\\/2020\\\/04\\\/VanBeek-logo.png\",\"width\":116,\"height\":22,\"caption\":\"Transportschroeven- en machinefabriek Van Beek B.V.\"},\"image\":{\"@id\":\"https:\\\/\\\/www.van-beek.nl\\\/de\\\/#\\\/schema\\\/logo\\\/image\\\/\"}}]}<\/script>\n<!-- \/ Yoast SEO plugin. -->","yoast_head_json":{"title":"- Van Beek Schroeftransport","robots":{"index":"index","follow":"follow","max-snippet":"max-snippet:-1","max-image-preview":"max-image-preview:large","max-video-preview":"max-video-preview:-1"},"canonical":"https:\/\/www.van-beek.nl\/de\/silowagenfuellanlagen\/","og_locale":"de_DE","og_type":"article","og_title":"- Van Beek Schroeftransport","og_description":"Silowagenf\u00fcllanlagen werden h\u00e4ufig in der Chemieindustrie, von logistischen Dienstleistern, Lager- und Umschlagbetrieben, Massengut-Transportunternehmen, Recyclingbetrieben sowie in der Zement- und Lebensmittelindustrie eingesetzt. Es ist nicht \u00fcberraschend. Die Anschaffung einer Ladeanlage zur sicheren und effizienten Verladung von Masseng\u00fctern ist eine gute und nachhaltige Investition mit einer kurzen Amortisationszeit. Was ist eine Silowagenf\u00fcllanlage? Eine Ladeanlage erm\u00f6glicht es Ihnen, [&hellip;]","og_url":"https:\/\/www.van-beek.nl\/de\/silowagenfuellanlagen\/","og_site_name":"Van Beek Schroeftransport","article_modified_time":"2023-01-23T10:44:19+00:00","og_image":[{"url":"https:\/\/van-beek.nl\/wp-content\/uploads\/2023\/01\/2100016-18-Van-Beek-Dino-illustratie-laden-lossen-1024px-1-300x173.jpg","type":"","width":"","height":""}],"twitter_card":"summary_large_image","twitter_misc":{"Gesch\u00e4tzte Lesezeit":"3\u00a0Minuten"},"schema":{"@context":"https:\/\/schema.org","@graph":[{"@type":"WebPage","@id":"https:\/\/www.van-beek.nl\/de\/silowagenfuellanlagen\/","url":"https:\/\/www.van-beek.nl\/de\/silowagenfuellanlagen\/","name":"- Van Beek Schroeftransport","isPartOf":{"@id":"https:\/\/www.van-beek.nl\/de\/#website"},"primaryImageOfPage":{"@id":"https:\/\/www.van-beek.nl\/de\/silowagenfuellanlagen\/#primaryimage"},"image":{"@id":"https:\/\/www.van-beek.nl\/de\/silowagenfuellanlagen\/#primaryimage"},"thumbnailUrl":"https:\/\/van-beek.nl\/wp-content\/uploads\/2023\/01\/2100016-18-Van-Beek-Dino-illustratie-laden-lossen-1024px-1-300x173.jpg","datePublished":"2020-03-18T12:46:26+00:00","dateModified":"2023-01-23T10:44:19+00:00","breadcrumb":{"@id":"https:\/\/www.van-beek.nl\/de\/silowagenfuellanlagen\/#breadcrumb"},"inLanguage":"de","potentialAction":[{"@type":"ReadAction","target":["https:\/\/www.van-beek.nl\/de\/silowagenfuellanlagen\/"]}]},{"@type":"ImageObject","inLanguage":"de","@id":"https:\/\/www.van-beek.nl\/de\/silowagenfuellanlagen\/#primaryimage","url":"https:\/\/van-beek.nl\/wp-content\/uploads\/2023\/01\/2100016-18-Van-Beek-Dino-illustratie-laden-lossen-1024px-1-300x173.jpg","contentUrl":"https:\/\/van-beek.nl\/wp-content\/uploads\/2023\/01\/2100016-18-Van-Beek-Dino-illustratie-laden-lossen-1024px-1-300x173.jpg"},{"@type":"BreadcrumbList","@id":"https:\/\/www.van-beek.nl\/de\/silowagenfuellanlagen\/#breadcrumb","itemListElement":[{"@type":"ListItem","position":1,"name":"Home","item":"https:\/\/www.van-beek.nl\/de\/"},{"@type":"ListItem","position":2,"name":"Dino Silowagenf\u00fcllanlagen"}]},{"@type":"WebSite","@id":"https:\/\/www.van-beek.nl\/de\/#website","url":"https:\/\/www.van-beek.nl\/de\/","name":"Van Beek Schroeftransport","description":"","publisher":{"@id":"https:\/\/www.van-beek.nl\/de\/#organization"},"potentialAction":[{"@type":"SearchAction","target":{"@type":"EntryPoint","urlTemplate":"https:\/\/www.van-beek.nl\/de\/?s={search_term_string}"},"query-input":{"@type":"PropertyValueSpecification","valueRequired":true,"valueName":"search_term_string"}}],"inLanguage":"de"},{"@type":"Organization","@id":"https:\/\/www.van-beek.nl\/de\/#organization","name":"Transportschroeven- en machinefabriek Van Beek B.V.","url":"https:\/\/www.van-beek.nl\/de\/","logo":{"@type":"ImageObject","inLanguage":"de","@id":"https:\/\/www.van-beek.nl\/de\/#\/schema\/logo\/image\/","url":"https:\/\/van-beek.nl\/wp-content\/uploads\/2020\/04\/VanBeek-logo.png","contentUrl":"https:\/\/van-beek.nl\/wp-content\/uploads\/2020\/04\/VanBeek-logo.png","width":116,"height":22,"caption":"Transportschroeven- en machinefabriek Van Beek B.V."},"image":{"@id":"https:\/\/www.van-beek.nl\/de\/#\/schema\/logo\/image\/"}}]}},"_links":{"self":[{"href":"https:\/\/www.van-beek.nl\/de\/wp-json\/wp\/v2\/pages\/3793","targetHints":{"allow":["GET"]}}],"collection":[{"href":"https:\/\/www.van-beek.nl\/de\/wp-json\/wp\/v2\/pages"}],"about":[{"href":"https:\/\/www.van-beek.nl\/de\/wp-json\/wp\/v2\/types\/page"}],"author":[{"embeddable":true,"href":"https:\/\/www.van-beek.nl\/de\/wp-json\/wp\/v2\/users\/1"}],"replies":[{"embeddable":true,"href":"https:\/\/www.van-beek.nl\/de\/wp-json\/wp\/v2\/comments?post=3793"}],"version-history":[{"count":12,"href":"https:\/\/www.van-beek.nl\/de\/wp-json\/wp\/v2\/pages\/3793\/revisions"}],"predecessor-version":[{"id":11593,"href":"https:\/\/www.van-beek.nl\/de\/wp-json\/wp\/v2\/pages\/3793\/revisions\/11593"}],"wp:attachment":[{"href":"https:\/\/www.van-beek.nl\/de\/wp-json\/wp\/v2\/media?parent=3793"}],"curies":[{"name":"wp","href":"https:\/\/api.w.org\/{rel}","templated":true}]}}