{"id":3794,"date":"2020-04-09T08:27:33","date_gmt":"2020-04-09T08:27:33","guid":{"rendered":"https:\/\/van-beek.nl\/bunker\/"},"modified":"2023-01-25T13:03:11","modified_gmt":"2023-01-25T11:03:11","slug":"bunker","status":"publish","type":"page","link":"https:\/\/www.van-beek.nl\/de\/schneckenfoerderer\/puffern\/bunker\/","title":{"rendered":"Bunker"},"content":{"rendered":"<p><strong>Mit Bunkern lassen sich Ausf\u00e4lle bei schwankender Materialversorgung oder St\u00f6rungen ausgleichen. So wird die Gew\u00e4hrleistung der Materialversorgung, ohne die Produktion stilllegen zu m\u00fcssen, einfach m\u00f6glich.<\/strong><\/p>\n<h2>Bunker in diversen Formen<\/h2>\n<p>Ganz gleich, ob Sie runde, quadratische oder rechteckige Bunker suchen, Van Beek bietet immer eine passende und kundenspezifische L\u00f6sung.<\/p>\n<h2>Bunker als Entladeanlagen<\/h2>\n<p>Bunker werden h\u00e4ufig mit einem Schneckenf\u00f6rderer zum Austragen des Materials kombiniert. Bei Produkten, die zur Br\u00fcckenbildung neigen, kann der Bunker mit einem R\u00fchrwerk kombiniert werden. Auch die Kombination mit einzelnen oder doppelten Schnecken ist m\u00f6glich.<\/p>\n<h2>Bunker mit Wiegefunktion<\/h2>\n<p>Bei schwierig flie\u00dfenden Produkten oder Material, das zur Br\u00fcckenbildung neigt, kann der Bunker mit einem Austragsboden entleert werden. Eine Wiegefunktion kann zur genaueren Vorratskontrolle und Dosierung in den Bunker integriert werden.<\/p>\n<h3>M\u00f6chten Sie mehr \u00fcber Bunker erfahren? Bitte <a href=\"\/de\/schneckenfoerderer\/kontakt-van-beek\/\">wenden Sie sich dann an uns<\/a>.<\/h3>\n","protected":false},"excerpt":{"rendered":"<p>Mit Bunkern lassen sich Ausf\u00e4lle bei schwankender Materialversorgung oder St\u00f6rungen ausgleichen. So wird die Gew\u00e4hrleistung der Materialversorgung, ohne die Produktion stilllegen zu m\u00fcssen, einfach m\u00f6glich. Bunker in diversen Formen Ganz gleich, ob Sie runde, quadratische oder rechteckige Bunker suchen, Van Beek bietet immer eine passende und kundenspezifische L\u00f6sung. Bunker als Entladeanlagen Bunker werden h\u00e4ufig mit [&hellip;]<\/p>\n","protected":false},"author":2,"featured_media":4374,"parent":3840,"menu_order":0,"comment_status":"closed","ping_status":"closed","template":"product.php","meta":{"_acf_changed":false,"content-type":"","inline_featured_image":false,"footnotes":""},"class_list":["post-3794","page","type-page","status-publish","has-post-thumbnail","hentry"],"acf":[],"yoast_head":"<!-- This site is optimized with the Yoast SEO plugin v27.5 - https:\/\/yoast.com\/product\/yoast-seo-wordpress\/ -->\n<title>R\u00fcckgriff auf Bunker bei St\u00f6rungen | Van Beek<\/title>\n<meta name=\"description\" content=\"Mit Bunkern lassen sich Ausf\u00e4lle bei schwankender Materialversorgung oder St\u00f6rungen ausgleichen. So k\u00f6nnen Sie die Materialversorgung gew\u00e4hrleisten, ohne die Produktion stilllegen zu m\u00fcssen.\" \/>\n<meta name=\"robots\" content=\"index, follow, max-snippet:-1, max-image-preview:large, max-video-preview:-1\" \/>\n<link rel=\"canonical\" href=\"https:\/\/www.van-beek.nl\/de\/schneckenfoerderer\/puffern\/bunker\/\" \/>\n<meta property=\"og:locale\" content=\"de_DE\" \/>\n<meta property=\"og:type\" content=\"article\" \/>\n<meta property=\"og:title\" content=\"R\u00fcckgriff auf Bunker bei St\u00f6rungen | Van Beek\" \/>\n<meta property=\"og:description\" content=\"Mit Bunkern lassen sich Ausf\u00e4lle bei schwankender Materialversorgung oder St\u00f6rungen ausgleichen. So k\u00f6nnen Sie die Materialversorgung gew\u00e4hrleisten, ohne die Produktion stilllegen zu m\u00fcssen.\" \/>\n<meta property=\"og:url\" content=\"https:\/\/www.van-beek.nl\/de\/schneckenfoerderer\/puffern\/bunker\/\" \/>\n<meta property=\"og:site_name\" content=\"Van Beek Schroeftransport\" \/>\n<meta property=\"article:modified_time\" content=\"2023-01-25T11:03:11+00:00\" \/>\n<meta property=\"og:image\" content=\"https:\/\/www.van-beek.nl\/wp-content\/uploads\/2021\/04\/Bunker.png\" \/>\n\t<meta property=\"og:image:width\" content=\"3999\" \/>\n\t<meta property=\"og:image:height\" content=\"1980\" \/>\n\t<meta property=\"og:image:type\" content=\"image\/png\" \/>\n<meta name=\"twitter:card\" content=\"summary_large_image\" \/>\n<meta name=\"twitter:label1\" content=\"Gesch\u00e4tzte Lesezeit\" \/>\n\t<meta name=\"twitter:data1\" content=\"1\u00a0Minute\" \/>\n<script type=\"application\/ld+json\" class=\"yoast-schema-graph\">{\"@context\":\"https:\\\/\\\/schema.org\",\"@graph\":[{\"@type\":\"WebPage\",\"@id\":\"https:\\\/\\\/www.van-beek.nl\\\/de\\\/schneckenfoerderer\\\/puffern\\\/bunker\\\/\",\"url\":\"https:\\\/\\\/www.van-beek.nl\\\/de\\\/schneckenfoerderer\\\/puffern\\\/bunker\\\/\",\"name\":\"R\u00fcckgriff auf Bunker bei St\u00f6rungen | Van Beek\",\"isPartOf\":{\"@id\":\"https:\\\/\\\/www.van-beek.nl\\\/de\\\/#website\"},\"primaryImageOfPage\":{\"@id\":\"https:\\\/\\\/www.van-beek.nl\\\/de\\\/schneckenfoerderer\\\/puffern\\\/bunker\\\/#primaryimage\"},\"image\":{\"@id\":\"https:\\\/\\\/www.van-beek.nl\\\/de\\\/schneckenfoerderer\\\/puffern\\\/bunker\\\/#primaryimage\"},\"thumbnailUrl\":\"https:\\\/\\\/www.van-beek.nl\\\/wp-content\\\/uploads\\\/2021\\\/04\\\/Bunker.png\",\"datePublished\":\"2020-04-09T08:27:33+00:00\",\"dateModified\":\"2023-01-25T11:03:11+00:00\",\"description\":\"Mit Bunkern lassen sich Ausf\u00e4lle bei schwankender Materialversorgung oder St\u00f6rungen ausgleichen. So k\u00f6nnen Sie die Materialversorgung gew\u00e4hrleisten, ohne die Produktion stilllegen zu m\u00fcssen.\",\"breadcrumb\":{\"@id\":\"https:\\\/\\\/www.van-beek.nl\\\/de\\\/schneckenfoerderer\\\/puffern\\\/bunker\\\/#breadcrumb\"},\"inLanguage\":\"de\",\"potentialAction\":[{\"@type\":\"ReadAction\",\"target\":[\"https:\\\/\\\/www.van-beek.nl\\\/de\\\/schneckenfoerderer\\\/puffern\\\/bunker\\\/\"]}]},{\"@type\":\"ImageObject\",\"inLanguage\":\"de\",\"@id\":\"https:\\\/\\\/www.van-beek.nl\\\/de\\\/schneckenfoerderer\\\/puffern\\\/bunker\\\/#primaryimage\",\"url\":\"https:\\\/\\\/www.van-beek.nl\\\/wp-content\\\/uploads\\\/2021\\\/04\\\/Bunker.png\",\"contentUrl\":\"https:\\\/\\\/www.van-beek.nl\\\/wp-content\\\/uploads\\\/2021\\\/04\\\/Bunker.png\",\"width\":3999,\"height\":1980,\"caption\":\"Rechthoekige bunker\"},{\"@type\":\"BreadcrumbList\",\"@id\":\"https:\\\/\\\/www.van-beek.nl\\\/de\\\/schneckenfoerderer\\\/puffern\\\/bunker\\\/#breadcrumb\",\"itemListElement\":[{\"@type\":\"ListItem\",\"position\":1,\"name\":\"Home\",\"item\":\"https:\\\/\\\/www.van-beek.nl\\\/de\\\/\"},{\"@type\":\"ListItem\",\"position\":2,\"name\":\"Schneckenf\u00f6rderer\",\"item\":\"https:\\\/\\\/www.van-beek.nl\\\/de\\\/schneckenfoerderer\\\/\"},{\"@type\":\"ListItem\",\"position\":3,\"name\":\"Puffern\",\"item\":\"https:\\\/\\\/www.van-beek.nl\\\/de\\\/schneckenfoerderer\\\/puffern\\\/\"},{\"@type\":\"ListItem\",\"position\":4,\"name\":\"Bunker\"}]},{\"@type\":\"WebSite\",\"@id\":\"https:\\\/\\\/www.van-beek.nl\\\/de\\\/#website\",\"url\":\"https:\\\/\\\/www.van-beek.nl\\\/de\\\/\",\"name\":\"Van Beek Schroeftransport\",\"description\":\"\",\"publisher\":{\"@id\":\"https:\\\/\\\/www.van-beek.nl\\\/de\\\/#organization\"},\"potentialAction\":[{\"@type\":\"SearchAction\",\"target\":{\"@type\":\"EntryPoint\",\"urlTemplate\":\"https:\\\/\\\/www.van-beek.nl\\\/de\\\/?s={search_term_string}\"},\"query-input\":{\"@type\":\"PropertyValueSpecification\",\"valueRequired\":true,\"valueName\":\"search_term_string\"}}],\"inLanguage\":\"de\"},{\"@type\":\"Organization\",\"@id\":\"https:\\\/\\\/www.van-beek.nl\\\/de\\\/#organization\",\"name\":\"Transportschroeven- en machinefabriek Van Beek B.V.\",\"url\":\"https:\\\/\\\/www.van-beek.nl\\\/de\\\/\",\"logo\":{\"@type\":\"ImageObject\",\"inLanguage\":\"de\",\"@id\":\"https:\\\/\\\/www.van-beek.nl\\\/de\\\/#\\\/schema\\\/logo\\\/image\\\/\",\"url\":\"https:\\\/\\\/van-beek.nl\\\/wp-content\\\/uploads\\\/2020\\\/04\\\/VanBeek-logo.png\",\"contentUrl\":\"https:\\\/\\\/van-beek.nl\\\/wp-content\\\/uploads\\\/2020\\\/04\\\/VanBeek-logo.png\",\"width\":116,\"height\":22,\"caption\":\"Transportschroeven- en machinefabriek Van Beek B.V.\"},\"image\":{\"@id\":\"https:\\\/\\\/www.van-beek.nl\\\/de\\\/#\\\/schema\\\/logo\\\/image\\\/\"}}]}<\/script>\n<!-- \/ Yoast SEO plugin. -->","yoast_head_json":{"title":"R\u00fcckgriff auf Bunker bei St\u00f6rungen | Van Beek","description":"Mit Bunkern lassen sich Ausf\u00e4lle bei schwankender Materialversorgung oder St\u00f6rungen ausgleichen. So k\u00f6nnen Sie die Materialversorgung gew\u00e4hrleisten, ohne die Produktion stilllegen zu m\u00fcssen.","robots":{"index":"index","follow":"follow","max-snippet":"max-snippet:-1","max-image-preview":"max-image-preview:large","max-video-preview":"max-video-preview:-1"},"canonical":"https:\/\/www.van-beek.nl\/de\/schneckenfoerderer\/puffern\/bunker\/","og_locale":"de_DE","og_type":"article","og_title":"R\u00fcckgriff auf Bunker bei St\u00f6rungen | Van Beek","og_description":"Mit Bunkern lassen sich Ausf\u00e4lle bei schwankender Materialversorgung oder St\u00f6rungen ausgleichen. So k\u00f6nnen Sie die Materialversorgung gew\u00e4hrleisten, ohne die Produktion stilllegen zu m\u00fcssen.","og_url":"https:\/\/www.van-beek.nl\/de\/schneckenfoerderer\/puffern\/bunker\/","og_site_name":"Van Beek Schroeftransport","article_modified_time":"2023-01-25T11:03:11+00:00","og_image":[{"width":3999,"height":1980,"url":"https:\/\/www.van-beek.nl\/wp-content\/uploads\/2021\/04\/Bunker.png","type":"image\/png"}],"twitter_card":"summary_large_image","twitter_misc":{"Gesch\u00e4tzte Lesezeit":"1\u00a0Minute"},"schema":{"@context":"https:\/\/schema.org","@graph":[{"@type":"WebPage","@id":"https:\/\/www.van-beek.nl\/de\/schneckenfoerderer\/puffern\/bunker\/","url":"https:\/\/www.van-beek.nl\/de\/schneckenfoerderer\/puffern\/bunker\/","name":"R\u00fcckgriff auf Bunker bei St\u00f6rungen | Van Beek","isPartOf":{"@id":"https:\/\/www.van-beek.nl\/de\/#website"},"primaryImageOfPage":{"@id":"https:\/\/www.van-beek.nl\/de\/schneckenfoerderer\/puffern\/bunker\/#primaryimage"},"image":{"@id":"https:\/\/www.van-beek.nl\/de\/schneckenfoerderer\/puffern\/bunker\/#primaryimage"},"thumbnailUrl":"https:\/\/www.van-beek.nl\/wp-content\/uploads\/2021\/04\/Bunker.png","datePublished":"2020-04-09T08:27:33+00:00","dateModified":"2023-01-25T11:03:11+00:00","description":"Mit Bunkern lassen sich Ausf\u00e4lle bei schwankender Materialversorgung oder St\u00f6rungen ausgleichen. So k\u00f6nnen Sie die Materialversorgung gew\u00e4hrleisten, ohne die Produktion stilllegen zu m\u00fcssen.","breadcrumb":{"@id":"https:\/\/www.van-beek.nl\/de\/schneckenfoerderer\/puffern\/bunker\/#breadcrumb"},"inLanguage":"de","potentialAction":[{"@type":"ReadAction","target":["https:\/\/www.van-beek.nl\/de\/schneckenfoerderer\/puffern\/bunker\/"]}]},{"@type":"ImageObject","inLanguage":"de","@id":"https:\/\/www.van-beek.nl\/de\/schneckenfoerderer\/puffern\/bunker\/#primaryimage","url":"https:\/\/www.van-beek.nl\/wp-content\/uploads\/2021\/04\/Bunker.png","contentUrl":"https:\/\/www.van-beek.nl\/wp-content\/uploads\/2021\/04\/Bunker.png","width":3999,"height":1980,"caption":"Rechthoekige bunker"},{"@type":"BreadcrumbList","@id":"https:\/\/www.van-beek.nl\/de\/schneckenfoerderer\/puffern\/bunker\/#breadcrumb","itemListElement":[{"@type":"ListItem","position":1,"name":"Home","item":"https:\/\/www.van-beek.nl\/de\/"},{"@type":"ListItem","position":2,"name":"Schneckenf\u00f6rderer","item":"https:\/\/www.van-beek.nl\/de\/schneckenfoerderer\/"},{"@type":"ListItem","position":3,"name":"Puffern","item":"https:\/\/www.van-beek.nl\/de\/schneckenfoerderer\/puffern\/"},{"@type":"ListItem","position":4,"name":"Bunker"}]},{"@type":"WebSite","@id":"https:\/\/www.van-beek.nl\/de\/#website","url":"https:\/\/www.van-beek.nl\/de\/","name":"Van Beek Schroeftransport","description":"","publisher":{"@id":"https:\/\/www.van-beek.nl\/de\/#organization"},"potentialAction":[{"@type":"SearchAction","target":{"@type":"EntryPoint","urlTemplate":"https:\/\/www.van-beek.nl\/de\/?s={search_term_string}"},"query-input":{"@type":"PropertyValueSpecification","valueRequired":true,"valueName":"search_term_string"}}],"inLanguage":"de"},{"@type":"Organization","@id":"https:\/\/www.van-beek.nl\/de\/#organization","name":"Transportschroeven- en machinefabriek Van Beek B.V.","url":"https:\/\/www.van-beek.nl\/de\/","logo":{"@type":"ImageObject","inLanguage":"de","@id":"https:\/\/www.van-beek.nl\/de\/#\/schema\/logo\/image\/","url":"https:\/\/van-beek.nl\/wp-content\/uploads\/2020\/04\/VanBeek-logo.png","contentUrl":"https:\/\/van-beek.nl\/wp-content\/uploads\/2020\/04\/VanBeek-logo.png","width":116,"height":22,"caption":"Transportschroeven- en machinefabriek Van Beek B.V."},"image":{"@id":"https:\/\/www.van-beek.nl\/de\/#\/schema\/logo\/image\/"}}]}},"_links":{"self":[{"href":"https:\/\/www.van-beek.nl\/de\/wp-json\/wp\/v2\/pages\/3794","targetHints":{"allow":["GET"]}}],"collection":[{"href":"https:\/\/www.van-beek.nl\/de\/wp-json\/wp\/v2\/pages"}],"about":[{"href":"https:\/\/www.van-beek.nl\/de\/wp-json\/wp\/v2\/types\/page"}],"author":[{"embeddable":true,"href":"https:\/\/www.van-beek.nl\/de\/wp-json\/wp\/v2\/users\/2"}],"replies":[{"embeddable":true,"href":"https:\/\/www.van-beek.nl\/de\/wp-json\/wp\/v2\/comments?post=3794"}],"version-history":[{"count":4,"href":"https:\/\/www.van-beek.nl\/de\/wp-json\/wp\/v2\/pages\/3794\/revisions"}],"predecessor-version":[{"id":11690,"href":"https:\/\/www.van-beek.nl\/de\/wp-json\/wp\/v2\/pages\/3794\/revisions\/11690"}],"up":[{"embeddable":true,"href":"https:\/\/www.van-beek.nl\/de\/wp-json\/wp\/v2\/pages\/3840"}],"wp:featuredmedia":[{"embeddable":true,"href":"https:\/\/www.van-beek.nl\/de\/wp-json\/wp\/v2\/media\/4374"}],"wp:attachment":[{"href":"https:\/\/www.van-beek.nl\/de\/wp-json\/wp\/v2\/media?parent=3794"}],"curies":[{"name":"wp","href":"https:\/\/api.w.org\/{rel}","templated":true}]}}