{"id":3795,"date":"2021-03-25T09:05:54","date_gmt":"2021-03-25T09:05:54","guid":{"rendered":"https:\/\/van-beek.nl\/entleerstationen\/"},"modified":"2021-06-14T14:41:10","modified_gmt":"2021-06-14T14:41:10","slug":"entleerstationen","status":"publish","type":"page","link":"https:\/\/www.van-beek.nl\/de\/schneckenfoerderer\/spezialanfertigungen\/entleerstationen\/","title":{"rendered":"Entleerstationen"},"content":{"rendered":"<p><strong>Die kundenspezifisch gefertigten Entleerstationen von Van Beek bieten immer die passende L\u00f6sung. Aber auch unsere Standardmodelle gew\u00e4hrleisten die staubarme Verladung von trockenem Sch\u00fcttgut, die Einhaltung von Arbeitssicherheitsvorschriften sowie die Vermeidung von Produktverlusten. Sie tragen zudem zur Sicherheit Ihres Produktverfahrens bei.<\/strong><\/p>\n<h2>Sackentleerstation mit Staubabsaugung<\/h2>\n<p>Die Feinstaubmenge, die beim Verladen von Sch\u00fcttgut freigesetzt wird, darf nicht untersch\u00e4tzt werden, ganz gleich, ob das Verladen mit einer Schaufel aus einem Sack, Bigbag oder Schaufellader erfolgt. Die Verwendung einer Entleerstation mit Staubabsaugung erh\u00f6ht die Arbeitssicherheit wegen der geringeren Staubbelastung. Durch den Einsatz einer Entleerstation mit Staubabsaugung kann ein Nicht-Ex-Bereich entstehen. Die Zone kann auch nach Pr\u00fcfung durch eine notifizierte Stelle als sicherer eingestuft werden (z.\u00a0B. von ATEX\u00a021 auf ATEX\u00a022).<\/p>\n<h2>Entleerstation und Bigbags<\/h2>\n<p>Bei Kombination Ihrer Entleerstation mit einer Anschlussvorrichtung k\u00f6nnen Sie nicht nur Sackware, sondern auch Bigbags einfach und staubarm entleeren. M\u00f6chten Sie die Entleerung lieber per Hand vornehmen? Wir sorgen daf\u00fcr, dass dies in einer ergonomischen Arbeitsh\u00f6he und auf sichere Weise erfolgen kann.<\/p>\n<h2>Sackentleerstation mit Zusatzausstattung<\/h2>\n<p>Die Ausf\u00fchrungen und die Zusatzausstattung k\u00f6nnen die Sicherheit und Effizienz verbessern und Ihr Verfahren weitgehend optimieren, sodass Sie Zeit und Kosten sparen. Dabei kann es sich um die folgenden Ausf\u00fchrungen und Ausstattungen handeln:<\/p>\n<ul>\n<li>Melder f\u00fcr das \u00d6ffnen\/Schlie\u00dfen der Klappe<\/li>\n<li>Elektronisches Schloss auf der Klappe<\/li>\n<li>Integrierter Staubfilter<\/li>\n<li>Reinigungsluke<\/li>\n<li>Ferromagnetischer Abscheider<\/li>\n<li>Pr\u00fcfsieb<\/li>\n<li>Klumpenzerkleinerer<\/li>\n<li>Leersackverdichter<\/li>\n<li>Auflagefl\u00e4che\/-tisch f\u00fcr die S\u00e4cke<\/li>\n<\/ul>\n<p>Wir suchen gerne gemeinsam mit Ihnen die optimale L\u00f6sung.<\/p>\n<h3>M\u00f6chten Sie mehr \u00fcber Entleerstationen oder Zusatzausstattung erfahren? Bitte <a href=\"\/de\/schneckenfoerderer\/kontakt-van-beek\/\">wenden Sie sich dann an uns<\/a>.<\/h3>\n","protected":false},"excerpt":{"rendered":"<p>Die kundenspezifisch gefertigten Entleerstationen von Van Beek bieten immer die passende L\u00f6sung. Aber auch unsere Standardmodelle gew\u00e4hrleisten die staubarme Verladung von trockenem Sch\u00fcttgut, die Einhaltung von Arbeitssicherheitsvorschriften sowie die Vermeidung von Produktverlusten. Sie tragen zudem zur Sicherheit Ihres Produktverfahrens bei. Sackentleerstation mit Staubabsaugung Die Feinstaubmenge, die beim Verladen von Sch\u00fcttgut freigesetzt wird, darf nicht untersch\u00e4tzt [&hellip;]<\/p>\n","protected":false},"author":2,"featured_media":1756,"parent":3820,"menu_order":0,"comment_status":"closed","ping_status":"closed","template":"product.php","meta":{"_acf_changed":false,"content-type":"","inline_featured_image":false,"footnotes":""},"class_list":["post-3795","page","type-page","status-publish","has-post-thumbnail","hentry"],"acf":[],"yoast_head":"<!-- This site is optimized with the Yoast SEO plugin v27.5 - https:\/\/yoast.com\/product\/yoast-seo-wordpress\/ -->\n<title>Entleerstation f\u00fcr die Verladung von trockenem Sch\u00fcttgut | Van Beek<\/title>\n<meta name=\"description\" content=\"Unsere Entleerstationen gew\u00e4hrleisten staubarme Verladung von trockenem Sch\u00fcttgut, die Einhaltung der Arbeitssicherheitsvorschriften sowie die Vermeidung von Produktverlusten.\" \/>\n<meta name=\"robots\" content=\"index, follow, max-snippet:-1, max-image-preview:large, max-video-preview:-1\" \/>\n<link rel=\"canonical\" href=\"https:\/\/www.van-beek.nl\/de\/schneckenfoerderer\/spezialanfertigungen\/entleerstationen\/\" \/>\n<meta property=\"og:locale\" content=\"de_DE\" \/>\n<meta property=\"og:type\" content=\"article\" \/>\n<meta property=\"og:title\" content=\"Entleerstation f\u00fcr die Verladung von trockenem Sch\u00fcttgut | Van Beek\" \/>\n<meta property=\"og:description\" content=\"Unsere Entleerstationen gew\u00e4hrleisten staubarme Verladung von trockenem Sch\u00fcttgut, die Einhaltung der Arbeitssicherheitsvorschriften sowie die Vermeidung von Produktverlusten.\" \/>\n<meta property=\"og:url\" content=\"https:\/\/www.van-beek.nl\/de\/schneckenfoerderer\/spezialanfertigungen\/entleerstationen\/\" \/>\n<meta property=\"og:site_name\" content=\"Van Beek Schroeftransport\" \/>\n<meta property=\"article:modified_time\" content=\"2021-06-14T14:41:10+00:00\" \/>\n<meta property=\"og:image\" content=\"https:\/\/www.van-beek.nl\/wp-content\/uploads\/2020\/09\/Stortkabinet.png\" \/>\n\t<meta property=\"og:image:width\" content=\"2000\" \/>\n\t<meta property=\"og:image:height\" content=\"1287\" \/>\n\t<meta property=\"og:image:type\" content=\"image\/png\" \/>\n<meta name=\"twitter:card\" content=\"summary_large_image\" \/>\n<meta name=\"twitter:label1\" content=\"Gesch\u00e4tzte Lesezeit\" \/>\n\t<meta name=\"twitter:data1\" content=\"2\u00a0Minuten\" \/>\n<script type=\"application\/ld+json\" class=\"yoast-schema-graph\">{\"@context\":\"https:\\\/\\\/schema.org\",\"@graph\":[{\"@type\":\"WebPage\",\"@id\":\"https:\\\/\\\/www.van-beek.nl\\\/de\\\/schneckenfoerderer\\\/spezialanfertigungen\\\/entleerstationen\\\/\",\"url\":\"https:\\\/\\\/www.van-beek.nl\\\/de\\\/schneckenfoerderer\\\/spezialanfertigungen\\\/entleerstationen\\\/\",\"name\":\"Entleerstation f\u00fcr die Verladung von trockenem Sch\u00fcttgut | Van Beek\",\"isPartOf\":{\"@id\":\"https:\\\/\\\/www.van-beek.nl\\\/de\\\/#website\"},\"primaryImageOfPage\":{\"@id\":\"https:\\\/\\\/www.van-beek.nl\\\/de\\\/schneckenfoerderer\\\/spezialanfertigungen\\\/entleerstationen\\\/#primaryimage\"},\"image\":{\"@id\":\"https:\\\/\\\/www.van-beek.nl\\\/de\\\/schneckenfoerderer\\\/spezialanfertigungen\\\/entleerstationen\\\/#primaryimage\"},\"thumbnailUrl\":\"https:\\\/\\\/www.van-beek.nl\\\/wp-content\\\/uploads\\\/2020\\\/09\\\/Stortkabinet.png\",\"datePublished\":\"2021-03-25T09:05:54+00:00\",\"dateModified\":\"2021-06-14T14:41:10+00:00\",\"description\":\"Unsere Entleerstationen gew\u00e4hrleisten staubarme Verladung von trockenem Sch\u00fcttgut, die Einhaltung der Arbeitssicherheitsvorschriften sowie die Vermeidung von Produktverlusten.\",\"breadcrumb\":{\"@id\":\"https:\\\/\\\/www.van-beek.nl\\\/de\\\/schneckenfoerderer\\\/spezialanfertigungen\\\/entleerstationen\\\/#breadcrumb\"},\"inLanguage\":\"de\",\"potentialAction\":[{\"@type\":\"ReadAction\",\"target\":[\"https:\\\/\\\/www.van-beek.nl\\\/de\\\/schneckenfoerderer\\\/spezialanfertigungen\\\/entleerstationen\\\/\"]}]},{\"@type\":\"ImageObject\",\"inLanguage\":\"de\",\"@id\":\"https:\\\/\\\/www.van-beek.nl\\\/de\\\/schneckenfoerderer\\\/spezialanfertigungen\\\/entleerstationen\\\/#primaryimage\",\"url\":\"https:\\\/\\\/www.van-beek.nl\\\/wp-content\\\/uploads\\\/2020\\\/09\\\/Stortkabinet.png\",\"contentUrl\":\"https:\\\/\\\/www.van-beek.nl\\\/wp-content\\\/uploads\\\/2020\\\/09\\\/Stortkabinet.png\",\"width\":2000,\"height\":1287,\"caption\":\"Stofarm en arbo-veilig verladen van droog stortgoed doet u met onze stortkabinetten.\"},{\"@type\":\"BreadcrumbList\",\"@id\":\"https:\\\/\\\/www.van-beek.nl\\\/de\\\/schneckenfoerderer\\\/spezialanfertigungen\\\/entleerstationen\\\/#breadcrumb\",\"itemListElement\":[{\"@type\":\"ListItem\",\"position\":1,\"name\":\"Home\",\"item\":\"https:\\\/\\\/www.van-beek.nl\\\/de\\\/\"},{\"@type\":\"ListItem\",\"position\":2,\"name\":\"Schneckenf\u00f6rderer\",\"item\":\"https:\\\/\\\/www.van-beek.nl\\\/de\\\/schneckenfoerderer\\\/\"},{\"@type\":\"ListItem\",\"position\":3,\"name\":\"Spezialanfertigungen\",\"item\":\"https:\\\/\\\/www.van-beek.nl\\\/de\\\/schneckenfoerderer\\\/spezialanfertigungen\\\/\"},{\"@type\":\"ListItem\",\"position\":4,\"name\":\"Entleerstationen\"}]},{\"@type\":\"WebSite\",\"@id\":\"https:\\\/\\\/www.van-beek.nl\\\/de\\\/#website\",\"url\":\"https:\\\/\\\/www.van-beek.nl\\\/de\\\/\",\"name\":\"Van Beek Schroeftransport\",\"description\":\"\",\"publisher\":{\"@id\":\"https:\\\/\\\/www.van-beek.nl\\\/de\\\/#organization\"},\"potentialAction\":[{\"@type\":\"SearchAction\",\"target\":{\"@type\":\"EntryPoint\",\"urlTemplate\":\"https:\\\/\\\/www.van-beek.nl\\\/de\\\/?s={search_term_string}\"},\"query-input\":{\"@type\":\"PropertyValueSpecification\",\"valueRequired\":true,\"valueName\":\"search_term_string\"}}],\"inLanguage\":\"de\"},{\"@type\":\"Organization\",\"@id\":\"https:\\\/\\\/www.van-beek.nl\\\/de\\\/#organization\",\"name\":\"Transportschroeven- en machinefabriek Van Beek B.V.\",\"url\":\"https:\\\/\\\/www.van-beek.nl\\\/de\\\/\",\"logo\":{\"@type\":\"ImageObject\",\"inLanguage\":\"de\",\"@id\":\"https:\\\/\\\/www.van-beek.nl\\\/de\\\/#\\\/schema\\\/logo\\\/image\\\/\",\"url\":\"https:\\\/\\\/van-beek.nl\\\/wp-content\\\/uploads\\\/2020\\\/04\\\/VanBeek-logo.png\",\"contentUrl\":\"https:\\\/\\\/van-beek.nl\\\/wp-content\\\/uploads\\\/2020\\\/04\\\/VanBeek-logo.png\",\"width\":116,\"height\":22,\"caption\":\"Transportschroeven- en machinefabriek Van Beek B.V.\"},\"image\":{\"@id\":\"https:\\\/\\\/www.van-beek.nl\\\/de\\\/#\\\/schema\\\/logo\\\/image\\\/\"}}]}<\/script>\n<!-- \/ Yoast SEO plugin. -->","yoast_head_json":{"title":"Entleerstation f\u00fcr die Verladung von trockenem Sch\u00fcttgut | Van Beek","description":"Unsere Entleerstationen gew\u00e4hrleisten staubarme Verladung von trockenem Sch\u00fcttgut, die Einhaltung der Arbeitssicherheitsvorschriften sowie die Vermeidung von Produktverlusten.","robots":{"index":"index","follow":"follow","max-snippet":"max-snippet:-1","max-image-preview":"max-image-preview:large","max-video-preview":"max-video-preview:-1"},"canonical":"https:\/\/www.van-beek.nl\/de\/schneckenfoerderer\/spezialanfertigungen\/entleerstationen\/","og_locale":"de_DE","og_type":"article","og_title":"Entleerstation f\u00fcr die Verladung von trockenem Sch\u00fcttgut | Van Beek","og_description":"Unsere Entleerstationen gew\u00e4hrleisten staubarme Verladung von trockenem Sch\u00fcttgut, die Einhaltung der Arbeitssicherheitsvorschriften sowie die Vermeidung von Produktverlusten.","og_url":"https:\/\/www.van-beek.nl\/de\/schneckenfoerderer\/spezialanfertigungen\/entleerstationen\/","og_site_name":"Van Beek Schroeftransport","article_modified_time":"2021-06-14T14:41:10+00:00","og_image":[{"width":2000,"height":1287,"url":"https:\/\/www.van-beek.nl\/wp-content\/uploads\/2020\/09\/Stortkabinet.png","type":"image\/png"}],"twitter_card":"summary_large_image","twitter_misc":{"Gesch\u00e4tzte Lesezeit":"2\u00a0Minuten"},"schema":{"@context":"https:\/\/schema.org","@graph":[{"@type":"WebPage","@id":"https:\/\/www.van-beek.nl\/de\/schneckenfoerderer\/spezialanfertigungen\/entleerstationen\/","url":"https:\/\/www.van-beek.nl\/de\/schneckenfoerderer\/spezialanfertigungen\/entleerstationen\/","name":"Entleerstation f\u00fcr die Verladung von trockenem Sch\u00fcttgut | Van Beek","isPartOf":{"@id":"https:\/\/www.van-beek.nl\/de\/#website"},"primaryImageOfPage":{"@id":"https:\/\/www.van-beek.nl\/de\/schneckenfoerderer\/spezialanfertigungen\/entleerstationen\/#primaryimage"},"image":{"@id":"https:\/\/www.van-beek.nl\/de\/schneckenfoerderer\/spezialanfertigungen\/entleerstationen\/#primaryimage"},"thumbnailUrl":"https:\/\/www.van-beek.nl\/wp-content\/uploads\/2020\/09\/Stortkabinet.png","datePublished":"2021-03-25T09:05:54+00:00","dateModified":"2021-06-14T14:41:10+00:00","description":"Unsere Entleerstationen gew\u00e4hrleisten staubarme Verladung von trockenem Sch\u00fcttgut, die Einhaltung der Arbeitssicherheitsvorschriften sowie die Vermeidung von Produktverlusten.","breadcrumb":{"@id":"https:\/\/www.van-beek.nl\/de\/schneckenfoerderer\/spezialanfertigungen\/entleerstationen\/#breadcrumb"},"inLanguage":"de","potentialAction":[{"@type":"ReadAction","target":["https:\/\/www.van-beek.nl\/de\/schneckenfoerderer\/spezialanfertigungen\/entleerstationen\/"]}]},{"@type":"ImageObject","inLanguage":"de","@id":"https:\/\/www.van-beek.nl\/de\/schneckenfoerderer\/spezialanfertigungen\/entleerstationen\/#primaryimage","url":"https:\/\/www.van-beek.nl\/wp-content\/uploads\/2020\/09\/Stortkabinet.png","contentUrl":"https:\/\/www.van-beek.nl\/wp-content\/uploads\/2020\/09\/Stortkabinet.png","width":2000,"height":1287,"caption":"Stofarm en arbo-veilig verladen van droog stortgoed doet u met onze stortkabinetten."},{"@type":"BreadcrumbList","@id":"https:\/\/www.van-beek.nl\/de\/schneckenfoerderer\/spezialanfertigungen\/entleerstationen\/#breadcrumb","itemListElement":[{"@type":"ListItem","position":1,"name":"Home","item":"https:\/\/www.van-beek.nl\/de\/"},{"@type":"ListItem","position":2,"name":"Schneckenf\u00f6rderer","item":"https:\/\/www.van-beek.nl\/de\/schneckenfoerderer\/"},{"@type":"ListItem","position":3,"name":"Spezialanfertigungen","item":"https:\/\/www.van-beek.nl\/de\/schneckenfoerderer\/spezialanfertigungen\/"},{"@type":"ListItem","position":4,"name":"Entleerstationen"}]},{"@type":"WebSite","@id":"https:\/\/www.van-beek.nl\/de\/#website","url":"https:\/\/www.van-beek.nl\/de\/","name":"Van Beek Schroeftransport","description":"","publisher":{"@id":"https:\/\/www.van-beek.nl\/de\/#organization"},"potentialAction":[{"@type":"SearchAction","target":{"@type":"EntryPoint","urlTemplate":"https:\/\/www.van-beek.nl\/de\/?s={search_term_string}"},"query-input":{"@type":"PropertyValueSpecification","valueRequired":true,"valueName":"search_term_string"}}],"inLanguage":"de"},{"@type":"Organization","@id":"https:\/\/www.van-beek.nl\/de\/#organization","name":"Transportschroeven- en machinefabriek Van Beek B.V.","url":"https:\/\/www.van-beek.nl\/de\/","logo":{"@type":"ImageObject","inLanguage":"de","@id":"https:\/\/www.van-beek.nl\/de\/#\/schema\/logo\/image\/","url":"https:\/\/van-beek.nl\/wp-content\/uploads\/2020\/04\/VanBeek-logo.png","contentUrl":"https:\/\/van-beek.nl\/wp-content\/uploads\/2020\/04\/VanBeek-logo.png","width":116,"height":22,"caption":"Transportschroeven- en machinefabriek Van Beek B.V."},"image":{"@id":"https:\/\/www.van-beek.nl\/de\/#\/schema\/logo\/image\/"}}]}},"_links":{"self":[{"href":"https:\/\/www.van-beek.nl\/de\/wp-json\/wp\/v2\/pages\/3795","targetHints":{"allow":["GET"]}}],"collection":[{"href":"https:\/\/www.van-beek.nl\/de\/wp-json\/wp\/v2\/pages"}],"about":[{"href":"https:\/\/www.van-beek.nl\/de\/wp-json\/wp\/v2\/types\/page"}],"author":[{"embeddable":true,"href":"https:\/\/www.van-beek.nl\/de\/wp-json\/wp\/v2\/users\/2"}],"replies":[{"embeddable":true,"href":"https:\/\/www.van-beek.nl\/de\/wp-json\/wp\/v2\/comments?post=3795"}],"version-history":[{"count":2,"href":"https:\/\/www.van-beek.nl\/de\/wp-json\/wp\/v2\/pages\/3795\/revisions"}],"predecessor-version":[{"id":8063,"href":"https:\/\/www.van-beek.nl\/de\/wp-json\/wp\/v2\/pages\/3795\/revisions\/8063"}],"up":[{"embeddable":true,"href":"https:\/\/www.van-beek.nl\/de\/wp-json\/wp\/v2\/pages\/3820"}],"wp:featuredmedia":[{"embeddable":true,"href":"https:\/\/www.van-beek.nl\/de\/wp-json\/wp\/v2\/media\/1756"}],"wp:attachment":[{"href":"https:\/\/www.van-beek.nl\/de\/wp-json\/wp\/v2\/media?parent=3795"}],"curies":[{"name":"wp","href":"https:\/\/api.w.org\/{rel}","templated":true}]}}