{"id":3796,"date":"2021-03-25T09:05:54","date_gmt":"2021-03-25T09:05:54","guid":{"rendered":"https:\/\/van-beek.nl\/leersackverdichter\/"},"modified":"2021-06-15T08:21:19","modified_gmt":"2021-06-15T08:21:19","slug":"leersackverdichter","status":"publish","type":"page","link":"https:\/\/www.van-beek.nl\/de\/schneckenfoerderer\/spezialanfertigungen\/leersackverdichter\/","title":{"rendered":"Leersackverdichter"},"content":{"rendered":"<p><strong>Suchen Sie eine effizientere, preisg\u00fcnstigere und umweltfreundlichere Anlage als die Hydraulikpresse oder Ballenpresse? W\u00e4hlen Sie dann einen Leersackverdichter von Van Beek. Er ist aus Edelstahl 304, 316 und in einer stahlbeschichteten Ausf\u00fchrung verf\u00fcgbar. Auch eine ATEX-Ausf\u00fchrung ist m\u00f6glich.<\/strong><\/p>\n<h2>Leers\u00e4cke verdichten<\/h2>\n<p>Der Leersackverdichter komprimiert Kunststoff- und Jutes\u00e4cke, Papiers\u00e4cke und S\u00e4cke aus Kombinationen dieser Stoffe. Ihr Volumen wird dabei um 60-80\u00a0Prozent gesenkt.<\/p>\n<h2>St\u00e4ndige Zufuhr und Verdichtung von S\u00e4cken<\/h2>\n<p>Unserem Leersackverdichter mit Sch\u00fcttrohr k\u00f6nnen Sie Ihre S\u00e4cke kontinuierlich zuf\u00fchren.<\/p>\n<h2>Wie funktioniert der Van Beek Leersackverdichter?<\/h2>\n<p>Die S\u00e4cke fallen durch das Sch\u00fcttrohr oder die Entleerstation auf eine Pressschnecke. Die S\u00e4cke werden von der Schnecke durch das Rohr gepresst und durch den Druck der Schnecke komprimiert. Anschlie\u00dfend dr\u00fcckt die Schnecke die komprimierten S\u00e4cke in einen Endlossack (einen Folienschlauch), der mit einem Klemmring am Auslauf befestigt ist.<\/p>\n<p>Der Endlossack befindet sich in einem Schutzk\u00e4fig. Sobald der Schutzk\u00e4fig ge\u00f6ffnet wird, h\u00e4lt die Schneckenwelle an, sodass der Folienschlauch sicher abgeschnitten und entfernt werden kann. Anschlie\u00dfend kann das Bedienungspersonal einen neuen Folienschlauch \u00fcber dem Auslauf anbringen. Sobald der K\u00e4fig geschlossen ist, kann der Prozess wieder gestartet werden.<\/p>\n<h2>Sicher arbeiten mit CE-Kennzeichnung<\/h2>\n<p>Van Beek kann einen Schaltschrank auf der Maschine mit dem erforderlichen Steuerschaltkreis versehen, der Kunde kann die Maschine jedoch auch von seiner zentralen Steuerung aus regeln. Der Sicherheitsschalter im Steuerschaltkreis des Motors muss die Schneckenwelle beim \u00d6ffnen des Schutzk\u00e4figs stoppen.<\/p>\n<h3>M\u00f6chten Sie mehr \u00fcber Leersackverdichter erfahren? Bitte <a href=\"\/de\/schneckenfoerderer\/kontakt-van-beek\/\">wenden Sie sich dann an uns<\/a>.<\/h3>\n","protected":false},"excerpt":{"rendered":"<p>Suchen Sie eine effizientere, preisg\u00fcnstigere und umweltfreundlichere Anlage als die Hydraulikpresse oder Ballenpresse? W\u00e4hlen Sie dann einen Leersackverdichter von Van Beek. Er ist aus Edelstahl 304, 316 und in einer stahlbeschichteten Ausf\u00fchrung verf\u00fcgbar. Auch eine ATEX-Ausf\u00fchrung ist m\u00f6glich. Leers\u00e4cke verdichten Der Leersackverdichter komprimiert Kunststoff- und Jutes\u00e4cke, Papiers\u00e4cke und S\u00e4cke aus Kombinationen dieser Stoffe. Ihr Volumen [&hellip;]<\/p>\n","protected":false},"author":2,"featured_media":1763,"parent":3820,"menu_order":0,"comment_status":"closed","ping_status":"closed","template":"product.php","meta":{"_acf_changed":false,"content-type":"","inline_featured_image":false,"footnotes":""},"class_list":["post-3796","page","type-page","status-publish","has-post-thumbnail","hentry"],"acf":[],"yoast_head":"<!-- This site is optimized with the Yoast SEO plugin v27.5 - https:\/\/yoast.com\/product\/yoast-seo-wordpress\/ -->\n<title>Leersackverdichter zum Verdichten von leeren S\u00e4cken | Van Beek<\/title>\n<meta name=\"description\" content=\"Der Leersackverdichter kann Bigbags oder Kunststoffs\u00e4cke und Kombinationen davon verarbeiten. Ihr Volumen wird dabei um 60-80\u00a0Prozent gesenkt.\" \/>\n<meta name=\"robots\" content=\"index, follow, max-snippet:-1, max-image-preview:large, max-video-preview:-1\" \/>\n<link rel=\"canonical\" href=\"https:\/\/www.van-beek.nl\/de\/schneckenfoerderer\/spezialanfertigungen\/leersackverdichter\/\" \/>\n<meta property=\"og:locale\" content=\"de_DE\" \/>\n<meta property=\"og:type\" content=\"article\" \/>\n<meta property=\"og:title\" content=\"Leersackverdichter zum Verdichten von leeren S\u00e4cken | Van Beek\" \/>\n<meta property=\"og:description\" content=\"Der Leersackverdichter kann Bigbags oder Kunststoffs\u00e4cke und Kombinationen davon verarbeiten. Ihr Volumen wird dabei um 60-80\u00a0Prozent gesenkt.\" \/>\n<meta property=\"og:url\" content=\"https:\/\/www.van-beek.nl\/de\/schneckenfoerderer\/spezialanfertigungen\/leersackverdichter\/\" \/>\n<meta property=\"og:site_name\" content=\"Van Beek Schroeftransport\" \/>\n<meta property=\"article:modified_time\" content=\"2021-06-15T08:21:19+00:00\" \/>\n<meta property=\"og:image\" content=\"https:\/\/www.van-beek.nl\/wp-content\/uploads\/2020\/09\/Zakkenverdichter.png\" \/>\n\t<meta property=\"og:image:width\" content=\"2000\" \/>\n\t<meta property=\"og:image:height\" content=\"1287\" \/>\n\t<meta property=\"og:image:type\" content=\"image\/png\" \/>\n<meta name=\"twitter:card\" content=\"summary_large_image\" \/>\n<meta name=\"twitter:label1\" content=\"Gesch\u00e4tzte Lesezeit\" \/>\n\t<meta name=\"twitter:data1\" content=\"2\u00a0Minuten\" \/>\n<script type=\"application\/ld+json\" class=\"yoast-schema-graph\">{\"@context\":\"https:\\\/\\\/schema.org\",\"@graph\":[{\"@type\":\"WebPage\",\"@id\":\"https:\\\/\\\/www.van-beek.nl\\\/de\\\/schneckenfoerderer\\\/spezialanfertigungen\\\/leersackverdichter\\\/\",\"url\":\"https:\\\/\\\/www.van-beek.nl\\\/de\\\/schneckenfoerderer\\\/spezialanfertigungen\\\/leersackverdichter\\\/\",\"name\":\"Leersackverdichter zum Verdichten von leeren S\u00e4cken | Van Beek\",\"isPartOf\":{\"@id\":\"https:\\\/\\\/www.van-beek.nl\\\/de\\\/#website\"},\"primaryImageOfPage\":{\"@id\":\"https:\\\/\\\/www.van-beek.nl\\\/de\\\/schneckenfoerderer\\\/spezialanfertigungen\\\/leersackverdichter\\\/#primaryimage\"},\"image\":{\"@id\":\"https:\\\/\\\/www.van-beek.nl\\\/de\\\/schneckenfoerderer\\\/spezialanfertigungen\\\/leersackverdichter\\\/#primaryimage\"},\"thumbnailUrl\":\"https:\\\/\\\/www.van-beek.nl\\\/wp-content\\\/uploads\\\/2020\\\/09\\\/Zakkenverdichter.png\",\"datePublished\":\"2021-03-25T09:05:54+00:00\",\"dateModified\":\"2021-06-15T08:21:19+00:00\",\"description\":\"Der Leersackverdichter kann Bigbags oder Kunststoffs\u00e4cke und Kombinationen davon verarbeiten. Ihr Volumen wird dabei um 60-80\u00a0Prozent gesenkt.\",\"breadcrumb\":{\"@id\":\"https:\\\/\\\/www.van-beek.nl\\\/de\\\/schneckenfoerderer\\\/spezialanfertigungen\\\/leersackverdichter\\\/#breadcrumb\"},\"inLanguage\":\"de\",\"potentialAction\":[{\"@type\":\"ReadAction\",\"target\":[\"https:\\\/\\\/www.van-beek.nl\\\/de\\\/schneckenfoerderer\\\/spezialanfertigungen\\\/leersackverdichter\\\/\"]}]},{\"@type\":\"ImageObject\",\"inLanguage\":\"de\",\"@id\":\"https:\\\/\\\/www.van-beek.nl\\\/de\\\/schneckenfoerderer\\\/spezialanfertigungen\\\/leersackverdichter\\\/#primaryimage\",\"url\":\"https:\\\/\\\/www.van-beek.nl\\\/wp-content\\\/uploads\\\/2020\\\/09\\\/Zakkenverdichter.png\",\"contentUrl\":\"https:\\\/\\\/www.van-beek.nl\\\/wp-content\\\/uploads\\\/2020\\\/09\\\/Zakkenverdichter.png\",\"width\":2000,\"height\":1287,\"caption\":\"Zoekt u een effici\u00ebntere, goedkopere en milieuvriendelijkere optie dan een hydraulische pers of balenpers? Kies dan voor een zakkenverdichter van Van Beek.\"},{\"@type\":\"BreadcrumbList\",\"@id\":\"https:\\\/\\\/www.van-beek.nl\\\/de\\\/schneckenfoerderer\\\/spezialanfertigungen\\\/leersackverdichter\\\/#breadcrumb\",\"itemListElement\":[{\"@type\":\"ListItem\",\"position\":1,\"name\":\"Home\",\"item\":\"https:\\\/\\\/www.van-beek.nl\\\/de\\\/\"},{\"@type\":\"ListItem\",\"position\":2,\"name\":\"Schneckenf\u00f6rderer\",\"item\":\"https:\\\/\\\/www.van-beek.nl\\\/de\\\/schneckenfoerderer\\\/\"},{\"@type\":\"ListItem\",\"position\":3,\"name\":\"Spezialanfertigungen\",\"item\":\"https:\\\/\\\/www.van-beek.nl\\\/de\\\/schneckenfoerderer\\\/spezialanfertigungen\\\/\"},{\"@type\":\"ListItem\",\"position\":4,\"name\":\"Leersackverdichter\"}]},{\"@type\":\"WebSite\",\"@id\":\"https:\\\/\\\/www.van-beek.nl\\\/de\\\/#website\",\"url\":\"https:\\\/\\\/www.van-beek.nl\\\/de\\\/\",\"name\":\"Van Beek Schroeftransport\",\"description\":\"\",\"publisher\":{\"@id\":\"https:\\\/\\\/www.van-beek.nl\\\/de\\\/#organization\"},\"potentialAction\":[{\"@type\":\"SearchAction\",\"target\":{\"@type\":\"EntryPoint\",\"urlTemplate\":\"https:\\\/\\\/www.van-beek.nl\\\/de\\\/?s={search_term_string}\"},\"query-input\":{\"@type\":\"PropertyValueSpecification\",\"valueRequired\":true,\"valueName\":\"search_term_string\"}}],\"inLanguage\":\"de\"},{\"@type\":\"Organization\",\"@id\":\"https:\\\/\\\/www.van-beek.nl\\\/de\\\/#organization\",\"name\":\"Transportschroeven- en machinefabriek Van Beek B.V.\",\"url\":\"https:\\\/\\\/www.van-beek.nl\\\/de\\\/\",\"logo\":{\"@type\":\"ImageObject\",\"inLanguage\":\"de\",\"@id\":\"https:\\\/\\\/www.van-beek.nl\\\/de\\\/#\\\/schema\\\/logo\\\/image\\\/\",\"url\":\"https:\\\/\\\/van-beek.nl\\\/wp-content\\\/uploads\\\/2020\\\/04\\\/VanBeek-logo.png\",\"contentUrl\":\"https:\\\/\\\/van-beek.nl\\\/wp-content\\\/uploads\\\/2020\\\/04\\\/VanBeek-logo.png\",\"width\":116,\"height\":22,\"caption\":\"Transportschroeven- en machinefabriek Van Beek B.V.\"},\"image\":{\"@id\":\"https:\\\/\\\/www.van-beek.nl\\\/de\\\/#\\\/schema\\\/logo\\\/image\\\/\"}}]}<\/script>\n<!-- \/ Yoast SEO plugin. -->","yoast_head_json":{"title":"Leersackverdichter zum Verdichten von leeren S\u00e4cken | Van Beek","description":"Der Leersackverdichter kann Bigbags oder Kunststoffs\u00e4cke und Kombinationen davon verarbeiten. Ihr Volumen wird dabei um 60-80\u00a0Prozent gesenkt.","robots":{"index":"index","follow":"follow","max-snippet":"max-snippet:-1","max-image-preview":"max-image-preview:large","max-video-preview":"max-video-preview:-1"},"canonical":"https:\/\/www.van-beek.nl\/de\/schneckenfoerderer\/spezialanfertigungen\/leersackverdichter\/","og_locale":"de_DE","og_type":"article","og_title":"Leersackverdichter zum Verdichten von leeren S\u00e4cken | Van Beek","og_description":"Der Leersackverdichter kann Bigbags oder Kunststoffs\u00e4cke und Kombinationen davon verarbeiten. Ihr Volumen wird dabei um 60-80\u00a0Prozent gesenkt.","og_url":"https:\/\/www.van-beek.nl\/de\/schneckenfoerderer\/spezialanfertigungen\/leersackverdichter\/","og_site_name":"Van Beek Schroeftransport","article_modified_time":"2021-06-15T08:21:19+00:00","og_image":[{"width":2000,"height":1287,"url":"https:\/\/www.van-beek.nl\/wp-content\/uploads\/2020\/09\/Zakkenverdichter.png","type":"image\/png"}],"twitter_card":"summary_large_image","twitter_misc":{"Gesch\u00e4tzte Lesezeit":"2\u00a0Minuten"},"schema":{"@context":"https:\/\/schema.org","@graph":[{"@type":"WebPage","@id":"https:\/\/www.van-beek.nl\/de\/schneckenfoerderer\/spezialanfertigungen\/leersackverdichter\/","url":"https:\/\/www.van-beek.nl\/de\/schneckenfoerderer\/spezialanfertigungen\/leersackverdichter\/","name":"Leersackverdichter zum Verdichten von leeren S\u00e4cken | Van Beek","isPartOf":{"@id":"https:\/\/www.van-beek.nl\/de\/#website"},"primaryImageOfPage":{"@id":"https:\/\/www.van-beek.nl\/de\/schneckenfoerderer\/spezialanfertigungen\/leersackverdichter\/#primaryimage"},"image":{"@id":"https:\/\/www.van-beek.nl\/de\/schneckenfoerderer\/spezialanfertigungen\/leersackverdichter\/#primaryimage"},"thumbnailUrl":"https:\/\/www.van-beek.nl\/wp-content\/uploads\/2020\/09\/Zakkenverdichter.png","datePublished":"2021-03-25T09:05:54+00:00","dateModified":"2021-06-15T08:21:19+00:00","description":"Der Leersackverdichter kann Bigbags oder Kunststoffs\u00e4cke und Kombinationen davon verarbeiten. Ihr Volumen wird dabei um 60-80\u00a0Prozent gesenkt.","breadcrumb":{"@id":"https:\/\/www.van-beek.nl\/de\/schneckenfoerderer\/spezialanfertigungen\/leersackverdichter\/#breadcrumb"},"inLanguage":"de","potentialAction":[{"@type":"ReadAction","target":["https:\/\/www.van-beek.nl\/de\/schneckenfoerderer\/spezialanfertigungen\/leersackverdichter\/"]}]},{"@type":"ImageObject","inLanguage":"de","@id":"https:\/\/www.van-beek.nl\/de\/schneckenfoerderer\/spezialanfertigungen\/leersackverdichter\/#primaryimage","url":"https:\/\/www.van-beek.nl\/wp-content\/uploads\/2020\/09\/Zakkenverdichter.png","contentUrl":"https:\/\/www.van-beek.nl\/wp-content\/uploads\/2020\/09\/Zakkenverdichter.png","width":2000,"height":1287,"caption":"Zoekt u een effici\u00ebntere, goedkopere en milieuvriendelijkere optie dan een hydraulische pers of balenpers? Kies dan voor een zakkenverdichter van Van Beek."},{"@type":"BreadcrumbList","@id":"https:\/\/www.van-beek.nl\/de\/schneckenfoerderer\/spezialanfertigungen\/leersackverdichter\/#breadcrumb","itemListElement":[{"@type":"ListItem","position":1,"name":"Home","item":"https:\/\/www.van-beek.nl\/de\/"},{"@type":"ListItem","position":2,"name":"Schneckenf\u00f6rderer","item":"https:\/\/www.van-beek.nl\/de\/schneckenfoerderer\/"},{"@type":"ListItem","position":3,"name":"Spezialanfertigungen","item":"https:\/\/www.van-beek.nl\/de\/schneckenfoerderer\/spezialanfertigungen\/"},{"@type":"ListItem","position":4,"name":"Leersackverdichter"}]},{"@type":"WebSite","@id":"https:\/\/www.van-beek.nl\/de\/#website","url":"https:\/\/www.van-beek.nl\/de\/","name":"Van Beek Schroeftransport","description":"","publisher":{"@id":"https:\/\/www.van-beek.nl\/de\/#organization"},"potentialAction":[{"@type":"SearchAction","target":{"@type":"EntryPoint","urlTemplate":"https:\/\/www.van-beek.nl\/de\/?s={search_term_string}"},"query-input":{"@type":"PropertyValueSpecification","valueRequired":true,"valueName":"search_term_string"}}],"inLanguage":"de"},{"@type":"Organization","@id":"https:\/\/www.van-beek.nl\/de\/#organization","name":"Transportschroeven- en machinefabriek Van Beek B.V.","url":"https:\/\/www.van-beek.nl\/de\/","logo":{"@type":"ImageObject","inLanguage":"de","@id":"https:\/\/www.van-beek.nl\/de\/#\/schema\/logo\/image\/","url":"https:\/\/van-beek.nl\/wp-content\/uploads\/2020\/04\/VanBeek-logo.png","contentUrl":"https:\/\/van-beek.nl\/wp-content\/uploads\/2020\/04\/VanBeek-logo.png","width":116,"height":22,"caption":"Transportschroeven- en machinefabriek Van Beek B.V."},"image":{"@id":"https:\/\/www.van-beek.nl\/de\/#\/schema\/logo\/image\/"}}]}},"_links":{"self":[{"href":"https:\/\/www.van-beek.nl\/de\/wp-json\/wp\/v2\/pages\/3796","targetHints":{"allow":["GET"]}}],"collection":[{"href":"https:\/\/www.van-beek.nl\/de\/wp-json\/wp\/v2\/pages"}],"about":[{"href":"https:\/\/www.van-beek.nl\/de\/wp-json\/wp\/v2\/types\/page"}],"author":[{"embeddable":true,"href":"https:\/\/www.van-beek.nl\/de\/wp-json\/wp\/v2\/users\/2"}],"replies":[{"embeddable":true,"href":"https:\/\/www.van-beek.nl\/de\/wp-json\/wp\/v2\/comments?post=3796"}],"version-history":[{"count":1,"href":"https:\/\/www.van-beek.nl\/de\/wp-json\/wp\/v2\/pages\/3796\/revisions"}],"predecessor-version":[{"id":8064,"href":"https:\/\/www.van-beek.nl\/de\/wp-json\/wp\/v2\/pages\/3796\/revisions\/8064"}],"up":[{"embeddable":true,"href":"https:\/\/www.van-beek.nl\/de\/wp-json\/wp\/v2\/pages\/3820"}],"wp:featuredmedia":[{"embeddable":true,"href":"https:\/\/www.van-beek.nl\/de\/wp-json\/wp\/v2\/media\/1763"}],"wp:attachment":[{"href":"https:\/\/www.van-beek.nl\/de\/wp-json\/wp\/v2\/media?parent=3796"}],"curies":[{"name":"wp","href":"https:\/\/api.w.org\/{rel}","templated":true}]}}