{"id":3800,"date":"2020-04-09T08:55:10","date_gmt":"2020-04-09T08:55:10","guid":{"rendered":"https:\/\/van-beek.nl\/bigbag-entleerstationen\/"},"modified":"2023-06-12T12:53:09","modified_gmt":"2023-06-12T10:53:09","slug":"bigbag-entleerstationen","status":"publish","type":"page","link":"https:\/\/www.van-beek.nl\/de\/schneckenfoerderer\/hoehentransport\/bigbag-entleerstationen\/","title":{"rendered":"Bigbag-Entleerstationen"},"content":{"rendered":"<p><strong>Eine Bigbag-Entleerstation von Van Beek, die zus\u00e4tzlich mit einer vertikalen oder horizontalen F\u00f6rderschnecke <\/strong><strong>ausgestattet ist, erm\u00f6glicht die schnelle, automatische, ergonomische und sichere Verladung und Dosierung verpackter Sch\u00fcttg\u00fcter. Stellen Sie auf einen anderen FIBC-, Bigbag- oder Sch\u00fcttgut-Sacktyp um? M\u00f6chten Sie k\u00fcnftig Produkte mit schlechter Flie\u00dff\u00e4higkeit verladen und dosieren? Dann k\u00f6nnen wir Ihre bestehende Anschlussvorrichtung entsprechend \u00e4ndern. <\/strong><\/p>\n<h2><strong>Big bag entleerung in diversen Ausf\u00fchrungen<\/strong><\/h2>\n<p>Van Beek bietet Bigbag-Entleerstationen in drei Ausf\u00fchrungen an, die f\u00fcr die meistvorkommenden Anwendungen geeignet sind. Unsere Bigbag-Entleerstationen sind in drei Ausf\u00fchrungen verf\u00fcgbar:<\/p>\n<ul>\n<li>Stahl<\/li>\n<li>Edelstahl<\/li>\n<li>Edelstahl Hygieneausf\u00fchrung<\/li>\n<\/ul>\n<h2><strong>Bigbag-Entleerstationen mit optionaler Ausstattung <\/strong><\/h2>\n<p>Jede Van Beek Bigbag-Entleerstation wird m\u00f6glichst unkompliziert und hygienisch gefertigt. Die Konstruktion besteht aus m\u00f6glichst wenigen Komponenten und ist komplett verschwei\u00dft, um Verunreinigungen zu vermeiden. Runde Sch\u00e4chte minimieren die Gefahr, das R\u00fcckst\u00e4nde zur\u00fcckbleiben. Die sehr geringe Auflagefl\u00e4che verringert das Risiko der Verunreinigung. Nat\u00fcrlich entsprechen unsere Anlagen den Arbeitsschutzvorschriften. Sie sind mit fundierten Festigkeitsberechnungen CE-zertifiziert und erf\u00fcllen die Vorschriften zu Hebe- und Traget\u00e4tigkeiten.<\/p>\n<p>Die Entleerstationen von Van Beek wurden f\u00fcr eine lange Lebensdauer konzipiert. Sie werden standardm\u00e4\u00dfig mit\u00a0 einem Steuerschrank geliefert. Die umfassenden Ausstattungsm\u00f6glichkeiten erm\u00f6glichen es, die Anlage genau f\u00fcr Ihre W\u00fcnsche und Verfahren zu konfigurieren. So k\u00f6nnen Sie unter zwei H\u00f6hen w\u00e4hlen. M\u00f6chten Sie einen Hebezug f\u00fcr 1,2 Tonnen oder lieber f\u00fcr 2 Tonnen? Diese und weitere Wahlm\u00f6glichkeiten gelten nat\u00fcrlich auch f\u00fcr unsere individuell gefertigten Anlagen. So k\u00f6nnen Sie die Entleerstation jederzeit an \u00c4nderungen Ihrer Betriebsabl\u00e4ufe anpassen.<\/p>\n<h2><strong>Der Br\u00fcckenbildung entgegenwirken <\/strong><\/h2>\n<p>Stoffe wie St\u00e4rkepulver, Wei\u00dfmehl, Carbon Black und Gew\u00fcrzmischungen neigen zur Br\u00fcckenbildung. Das \u00e4u\u00dfert sich oft in Flie\u00dfproblemen w\u00e4hrend der Entladung. Eine Bigbag-Entleerstation ist standardm\u00e4\u00dfig mit einem statischen Sicherheitsgestell ausgestattet, auf dem der Bigbag steht. Die sichere <strong>Variante mit R\u00fcttelgestell,<\/strong> die auch \u201eWalkgestell\u201c genannt wird, l\u00f6st das Problem der Br\u00fcckenbildung und tr\u00e4gt zu einer optimalen Kontrolle der Produktstr\u00f6me bei.<\/p>\n<h2><strong>Dosierung des Auslaufs<\/strong><\/h2>\n<p>Gelegentlich soll Material dosiert in einen Bunker oder Hopper laufen, z. B., um \u00dcberf\u00fcllung zu verhindern oder angeschlossene Anlagen, wie eine Drehschleuse oder pneumatischen F\u00f6rderer zu schonen. Dies ist mit einer Entleerstation mit Membranventil m\u00f6glich, wobei der Auslauf(-schlauch) des Bigbag mit dem manuell bedienbaren Membranventil verschlie\u00dfbar ist. Diese Variante kann mit einem Brecher ausgestattet werden, welcher der Klumpenbildung im Material entgegenwirkt.<\/p>\n<h2><strong>Bigbags staubfrei und sicher entleeren<\/strong><\/h2>\n<p>Bei ATEX-Umgebungen oder der Verladung gef\u00e4hrlicher Stoffe muss eine Entladestation mit Bigbag-Anschlussvorrichtung verwendet werden. Auf diese Weise k\u00f6nnen (toxische) Pulver nicht entweichen. Die Mitarbeiter:innen k\u00f6nnen die Anschlussvorrichtung ohne Sicherheitsrisiken anbringen. Sie m\u00fcssen die Bedienungstasten mit beiden H\u00e4nden gleichzeitig bet\u00e4tigen. Diese Vorgehensweise verhindert, dass sie eingeklemmt werden. Sie behalten zudem die \u00dcbersicht \u00fcber die Arbeitsumgebung.<\/p>\n<h2><strong>Ma\u00dfgeschneiderte Entleerstationen<br \/>\n<\/strong><\/h2>\n<p>Unsere kundenspezifischen Entleerstationen werden h\u00e4ufig in der Chemie- und Lebensmittelindustrie eingesetzt. Dabei werden alternative Ma\u00dfe, multiple Entleerstationen oder der Anschluss an bereits vorhandene Hebewerkzeuge gefordert.<\/p>\n<h2><strong>Ausf\u00fchrungen und Zusatzausstattung <\/strong><\/h2>\n<p>Folgende Ausf\u00fchrungen der Entleerstationen sind verf\u00fcgbar:<\/p>\n<ul>\n<li>mit <strong>Hebezug f\u00fcr 1,2 oder 2 Tonnen<\/strong><\/li>\n<li>mit <strong>unterschiedlichen H\u00f6hen<\/strong><\/li>\n<li>mit <strong>Hebebalken und Hebezug oder mit Hebegestell<\/strong>, um die Bigbags direkt oben auf der Entleerstation abzustellen<\/li>\n<li>eventuell eine <strong>Kombination mit Steigschnecken oder (bereits vorhandenen) Hoppern<\/strong><\/li>\n<li>eine <strong>Einzelanlage<\/strong> oder <strong>mehrere Anlagen nebeneinander, die in einem Gestell integriert sind<\/strong><\/li>\n<li><strong>als<\/strong> <strong>Untergestell<\/strong>, wenn bereits ein Kran im Werk vorhanden ist<\/li>\n<\/ul>\n<h2><strong>Bigbag-Entleerstationen als Teil einer Prozesslinie<\/strong><\/h2>\n<p>Wir sorgen daf\u00fcr, dass die Bigbag-Entleerstation perfekt an bereits vorhandene Anlagen anschlie\u00dft, wie Schneckenf\u00f6rderer bzw. Dosierschnecken. Wir k\u00f6nnen die Bigbag-Entleerstation problemlos z. B. an Austrags- und Durchblasschleusen, pneumatische F\u00f6rderer und Elevatoren anschlie\u00dfen<strong>.\u00a0 <\/strong><\/p>\n<h3><strong>M\u00f6chten Sie mehr \u00fcber unsere Bigbag-Entleerstationen erfahren? Bitte <\/strong><a href=\"\/de\/schneckenfoerderer\/kontakt-van-beek\/\"><strong>wenden Sie sich dann an uns<\/strong><\/a><strong>.<\/strong><\/h3>\n","protected":false},"excerpt":{"rendered":"<p>Eine Bigbag-Entleerstation von Van Beek, die zus\u00e4tzlich mit einer vertikalen oder horizontalen F\u00f6rderschnecke ausgestattet ist, erm\u00f6glicht die schnelle, automatische, ergonomische und sichere Verladung und Dosierung verpackter Sch\u00fcttg\u00fcter. Stellen Sie auf einen anderen FIBC-, Bigbag- oder Sch\u00fcttgut-Sacktyp um? M\u00f6chten Sie k\u00fcnftig Produkte mit schlechter Flie\u00dff\u00e4higkeit verladen und dosieren? Dann k\u00f6nnen wir Ihre bestehende Anschlussvorrichtung entsprechend \u00e4ndern. [&hellip;]<\/p>\n","protected":false},"author":2,"featured_media":3567,"parent":3839,"menu_order":0,"comment_status":"closed","ping_status":"closed","template":"product.php","meta":{"_acf_changed":false,"content-type":"","inline_featured_image":false,"footnotes":""},"class_list":["post-3800","page","type-page","status-publish","has-post-thumbnail","hentry"],"acf":[],"yoast_head":"<!-- This site is optimized with the Yoast SEO plugin v27.5 - https:\/\/yoast.com\/product\/yoast-seo-wordpress\/ -->\n<title>Individuell gefertigte Bigbag-Entleerstationen<\/title>\n<meta name=\"description\" content=\"Big bag entleerstationen mit vertikalen- oder horizontalen Schneckenf\u00f6rderern. Entdecken Sie hier unsere L\u00f6sung.\" \/>\n<meta name=\"robots\" content=\"index, follow, max-snippet:-1, max-image-preview:large, max-video-preview:-1\" \/>\n<link rel=\"canonical\" href=\"https:\/\/www.van-beek.nl\/de\/schneckenfoerderer\/hoehentransport\/bigbag-entleerstationen\/\" \/>\n<meta property=\"og:locale\" content=\"de_DE\" \/>\n<meta property=\"og:type\" content=\"article\" \/>\n<meta property=\"og:title\" content=\"Individuell gefertigte Bigbag-Entleerstationen\" \/>\n<meta property=\"og:description\" content=\"Big bag entleerstationen mit vertikalen- oder horizontalen Schneckenf\u00f6rderern. Entdecken Sie hier unsere L\u00f6sung.\" \/>\n<meta property=\"og:url\" content=\"https:\/\/www.van-beek.nl\/de\/schneckenfoerderer\/hoehentransport\/bigbag-entleerstationen\/\" \/>\n<meta property=\"og:site_name\" content=\"Van Beek Schroeftransport\" \/>\n<meta property=\"article:modified_time\" content=\"2023-06-12T10:53:09+00:00\" \/>\n<meta property=\"og:image\" content=\"https:\/\/www.van-beek.nl\/wp-content\/uploads\/2021\/03\/bigbag_losstation.png\" \/>\n\t<meta property=\"og:image:width\" content=\"3999\" \/>\n\t<meta property=\"og:image:height\" content=\"1980\" \/>\n\t<meta property=\"og:image:type\" content=\"image\/png\" \/>\n<meta name=\"twitter:card\" content=\"summary_large_image\" \/>\n<meta name=\"twitter:label1\" content=\"Gesch\u00e4tzte Lesezeit\" \/>\n\t<meta name=\"twitter:data1\" content=\"3\u00a0Minuten\" \/>\n<script type=\"application\/ld+json\" class=\"yoast-schema-graph\">{\"@context\":\"https:\\\/\\\/schema.org\",\"@graph\":[{\"@type\":\"WebPage\",\"@id\":\"https:\\\/\\\/www.van-beek.nl\\\/de\\\/schneckenfoerderer\\\/hoehentransport\\\/bigbag-entleerstationen\\\/\",\"url\":\"https:\\\/\\\/www.van-beek.nl\\\/de\\\/schneckenfoerderer\\\/hoehentransport\\\/bigbag-entleerstationen\\\/\",\"name\":\"Individuell gefertigte Bigbag-Entleerstationen\",\"isPartOf\":{\"@id\":\"https:\\\/\\\/www.van-beek.nl\\\/de\\\/#website\"},\"primaryImageOfPage\":{\"@id\":\"https:\\\/\\\/www.van-beek.nl\\\/de\\\/schneckenfoerderer\\\/hoehentransport\\\/bigbag-entleerstationen\\\/#primaryimage\"},\"image\":{\"@id\":\"https:\\\/\\\/www.van-beek.nl\\\/de\\\/schneckenfoerderer\\\/hoehentransport\\\/bigbag-entleerstationen\\\/#primaryimage\"},\"thumbnailUrl\":\"https:\\\/\\\/www.van-beek.nl\\\/wp-content\\\/uploads\\\/2021\\\/03\\\/bigbag_losstation.png\",\"datePublished\":\"2020-04-09T08:55:10+00:00\",\"dateModified\":\"2023-06-12T10:53:09+00:00\",\"description\":\"Big bag entleerstationen mit vertikalen- oder horizontalen Schneckenf\u00f6rderern. Entdecken Sie hier unsere L\u00f6sung.\",\"breadcrumb\":{\"@id\":\"https:\\\/\\\/www.van-beek.nl\\\/de\\\/schneckenfoerderer\\\/hoehentransport\\\/bigbag-entleerstationen\\\/#breadcrumb\"},\"inLanguage\":\"de\",\"potentialAction\":[{\"@type\":\"ReadAction\",\"target\":[\"https:\\\/\\\/www.van-beek.nl\\\/de\\\/schneckenfoerderer\\\/hoehentransport\\\/bigbag-entleerstationen\\\/\"]}]},{\"@type\":\"ImageObject\",\"inLanguage\":\"de\",\"@id\":\"https:\\\/\\\/www.van-beek.nl\\\/de\\\/schneckenfoerderer\\\/hoehentransport\\\/bigbag-entleerstationen\\\/#primaryimage\",\"url\":\"https:\\\/\\\/www.van-beek.nl\\\/wp-content\\\/uploads\\\/2021\\\/03\\\/bigbag_losstation.png\",\"contentUrl\":\"https:\\\/\\\/www.van-beek.nl\\\/wp-content\\\/uploads\\\/2021\\\/03\\\/bigbag_losstation.png\",\"width\":3999,\"height\":1980,\"caption\":\"Een big bag losstation met daarbij een opvoer- of horizontale schroef\"},{\"@type\":\"BreadcrumbList\",\"@id\":\"https:\\\/\\\/www.van-beek.nl\\\/de\\\/schneckenfoerderer\\\/hoehentransport\\\/bigbag-entleerstationen\\\/#breadcrumb\",\"itemListElement\":[{\"@type\":\"ListItem\",\"position\":1,\"name\":\"Home\",\"item\":\"https:\\\/\\\/www.van-beek.nl\\\/de\\\/\"},{\"@type\":\"ListItem\",\"position\":2,\"name\":\"Schneckenf\u00f6rderer\",\"item\":\"https:\\\/\\\/www.van-beek.nl\\\/de\\\/schneckenfoerderer\\\/\"},{\"@type\":\"ListItem\",\"position\":3,\"name\":\"H\u00f6hentransport\",\"item\":\"https:\\\/\\\/www.van-beek.nl\\\/de\\\/schneckenfoerderer\\\/hoehentransport\\\/\"},{\"@type\":\"ListItem\",\"position\":4,\"name\":\"Bigbag-Entleerstationen\"}]},{\"@type\":\"WebSite\",\"@id\":\"https:\\\/\\\/www.van-beek.nl\\\/de\\\/#website\",\"url\":\"https:\\\/\\\/www.van-beek.nl\\\/de\\\/\",\"name\":\"Van Beek Schroeftransport\",\"description\":\"\",\"publisher\":{\"@id\":\"https:\\\/\\\/www.van-beek.nl\\\/de\\\/#organization\"},\"potentialAction\":[{\"@type\":\"SearchAction\",\"target\":{\"@type\":\"EntryPoint\",\"urlTemplate\":\"https:\\\/\\\/www.van-beek.nl\\\/de\\\/?s={search_term_string}\"},\"query-input\":{\"@type\":\"PropertyValueSpecification\",\"valueRequired\":true,\"valueName\":\"search_term_string\"}}],\"inLanguage\":\"de\"},{\"@type\":\"Organization\",\"@id\":\"https:\\\/\\\/www.van-beek.nl\\\/de\\\/#organization\",\"name\":\"Transportschroeven- en machinefabriek Van Beek B.V.\",\"url\":\"https:\\\/\\\/www.van-beek.nl\\\/de\\\/\",\"logo\":{\"@type\":\"ImageObject\",\"inLanguage\":\"de\",\"@id\":\"https:\\\/\\\/www.van-beek.nl\\\/de\\\/#\\\/schema\\\/logo\\\/image\\\/\",\"url\":\"https:\\\/\\\/van-beek.nl\\\/wp-content\\\/uploads\\\/2020\\\/04\\\/VanBeek-logo.png\",\"contentUrl\":\"https:\\\/\\\/van-beek.nl\\\/wp-content\\\/uploads\\\/2020\\\/04\\\/VanBeek-logo.png\",\"width\":116,\"height\":22,\"caption\":\"Transportschroeven- en machinefabriek Van Beek B.V.\"},\"image\":{\"@id\":\"https:\\\/\\\/www.van-beek.nl\\\/de\\\/#\\\/schema\\\/logo\\\/image\\\/\"}}]}<\/script>\n<!-- \/ Yoast SEO plugin. -->","yoast_head_json":{"title":"Individuell gefertigte Bigbag-Entleerstationen","description":"Big bag entleerstationen mit vertikalen- oder horizontalen Schneckenf\u00f6rderern. Entdecken Sie hier unsere L\u00f6sung.","robots":{"index":"index","follow":"follow","max-snippet":"max-snippet:-1","max-image-preview":"max-image-preview:large","max-video-preview":"max-video-preview:-1"},"canonical":"https:\/\/www.van-beek.nl\/de\/schneckenfoerderer\/hoehentransport\/bigbag-entleerstationen\/","og_locale":"de_DE","og_type":"article","og_title":"Individuell gefertigte Bigbag-Entleerstationen","og_description":"Big bag entleerstationen mit vertikalen- oder horizontalen Schneckenf\u00f6rderern. Entdecken Sie hier unsere L\u00f6sung.","og_url":"https:\/\/www.van-beek.nl\/de\/schneckenfoerderer\/hoehentransport\/bigbag-entleerstationen\/","og_site_name":"Van Beek Schroeftransport","article_modified_time":"2023-06-12T10:53:09+00:00","og_image":[{"width":3999,"height":1980,"url":"https:\/\/www.van-beek.nl\/wp-content\/uploads\/2021\/03\/bigbag_losstation.png","type":"image\/png"}],"twitter_card":"summary_large_image","twitter_misc":{"Gesch\u00e4tzte Lesezeit":"3\u00a0Minuten"},"schema":{"@context":"https:\/\/schema.org","@graph":[{"@type":"WebPage","@id":"https:\/\/www.van-beek.nl\/de\/schneckenfoerderer\/hoehentransport\/bigbag-entleerstationen\/","url":"https:\/\/www.van-beek.nl\/de\/schneckenfoerderer\/hoehentransport\/bigbag-entleerstationen\/","name":"Individuell gefertigte Bigbag-Entleerstationen","isPartOf":{"@id":"https:\/\/www.van-beek.nl\/de\/#website"},"primaryImageOfPage":{"@id":"https:\/\/www.van-beek.nl\/de\/schneckenfoerderer\/hoehentransport\/bigbag-entleerstationen\/#primaryimage"},"image":{"@id":"https:\/\/www.van-beek.nl\/de\/schneckenfoerderer\/hoehentransport\/bigbag-entleerstationen\/#primaryimage"},"thumbnailUrl":"https:\/\/www.van-beek.nl\/wp-content\/uploads\/2021\/03\/bigbag_losstation.png","datePublished":"2020-04-09T08:55:10+00:00","dateModified":"2023-06-12T10:53:09+00:00","description":"Big bag entleerstationen mit vertikalen- oder horizontalen Schneckenf\u00f6rderern. Entdecken Sie hier unsere L\u00f6sung.","breadcrumb":{"@id":"https:\/\/www.van-beek.nl\/de\/schneckenfoerderer\/hoehentransport\/bigbag-entleerstationen\/#breadcrumb"},"inLanguage":"de","potentialAction":[{"@type":"ReadAction","target":["https:\/\/www.van-beek.nl\/de\/schneckenfoerderer\/hoehentransport\/bigbag-entleerstationen\/"]}]},{"@type":"ImageObject","inLanguage":"de","@id":"https:\/\/www.van-beek.nl\/de\/schneckenfoerderer\/hoehentransport\/bigbag-entleerstationen\/#primaryimage","url":"https:\/\/www.van-beek.nl\/wp-content\/uploads\/2021\/03\/bigbag_losstation.png","contentUrl":"https:\/\/www.van-beek.nl\/wp-content\/uploads\/2021\/03\/bigbag_losstation.png","width":3999,"height":1980,"caption":"Een big bag losstation met daarbij een opvoer- of horizontale schroef"},{"@type":"BreadcrumbList","@id":"https:\/\/www.van-beek.nl\/de\/schneckenfoerderer\/hoehentransport\/bigbag-entleerstationen\/#breadcrumb","itemListElement":[{"@type":"ListItem","position":1,"name":"Home","item":"https:\/\/www.van-beek.nl\/de\/"},{"@type":"ListItem","position":2,"name":"Schneckenf\u00f6rderer","item":"https:\/\/www.van-beek.nl\/de\/schneckenfoerderer\/"},{"@type":"ListItem","position":3,"name":"H\u00f6hentransport","item":"https:\/\/www.van-beek.nl\/de\/schneckenfoerderer\/hoehentransport\/"},{"@type":"ListItem","position":4,"name":"Bigbag-Entleerstationen"}]},{"@type":"WebSite","@id":"https:\/\/www.van-beek.nl\/de\/#website","url":"https:\/\/www.van-beek.nl\/de\/","name":"Van Beek Schroeftransport","description":"","publisher":{"@id":"https:\/\/www.van-beek.nl\/de\/#organization"},"potentialAction":[{"@type":"SearchAction","target":{"@type":"EntryPoint","urlTemplate":"https:\/\/www.van-beek.nl\/de\/?s={search_term_string}"},"query-input":{"@type":"PropertyValueSpecification","valueRequired":true,"valueName":"search_term_string"}}],"inLanguage":"de"},{"@type":"Organization","@id":"https:\/\/www.van-beek.nl\/de\/#organization","name":"Transportschroeven- en machinefabriek Van Beek B.V.","url":"https:\/\/www.van-beek.nl\/de\/","logo":{"@type":"ImageObject","inLanguage":"de","@id":"https:\/\/www.van-beek.nl\/de\/#\/schema\/logo\/image\/","url":"https:\/\/van-beek.nl\/wp-content\/uploads\/2020\/04\/VanBeek-logo.png","contentUrl":"https:\/\/van-beek.nl\/wp-content\/uploads\/2020\/04\/VanBeek-logo.png","width":116,"height":22,"caption":"Transportschroeven- en machinefabriek Van Beek B.V."},"image":{"@id":"https:\/\/www.van-beek.nl\/de\/#\/schema\/logo\/image\/"}}]}},"_links":{"self":[{"href":"https:\/\/www.van-beek.nl\/de\/wp-json\/wp\/v2\/pages\/3800","targetHints":{"allow":["GET"]}}],"collection":[{"href":"https:\/\/www.van-beek.nl\/de\/wp-json\/wp\/v2\/pages"}],"about":[{"href":"https:\/\/www.van-beek.nl\/de\/wp-json\/wp\/v2\/types\/page"}],"author":[{"embeddable":true,"href":"https:\/\/www.van-beek.nl\/de\/wp-json\/wp\/v2\/users\/2"}],"replies":[{"embeddable":true,"href":"https:\/\/www.van-beek.nl\/de\/wp-json\/wp\/v2\/comments?post=3800"}],"version-history":[{"count":9,"href":"https:\/\/www.van-beek.nl\/de\/wp-json\/wp\/v2\/pages\/3800\/revisions"}],"predecessor-version":[{"id":11352,"href":"https:\/\/www.van-beek.nl\/de\/wp-json\/wp\/v2\/pages\/3800\/revisions\/11352"}],"up":[{"embeddable":true,"href":"https:\/\/www.van-beek.nl\/de\/wp-json\/wp\/v2\/pages\/3839"}],"wp:featuredmedia":[{"embeddable":true,"href":"https:\/\/www.van-beek.nl\/de\/wp-json\/wp\/v2\/media\/3567"}],"wp:attachment":[{"href":"https:\/\/www.van-beek.nl\/de\/wp-json\/wp\/v2\/media?parent=3800"}],"curies":[{"name":"wp","href":"https:\/\/api.w.org\/{rel}","templated":true}]}}