{"id":3801,"date":"2020-04-09T08:58:08","date_gmt":"2020-04-09T08:58:08","guid":{"rendered":"https:\/\/van-beek.nl\/speedclean\/"},"modified":"2021-06-14T12:35:41","modified_gmt":"2021-06-14T12:35:41","slug":"speedclean","status":"publish","type":"page","link":"https:\/\/www.van-beek.nl\/de\/schneckenfoerderer\/hygienische-foerderanlagen\/speedclean\/","title":{"rendered":"SpeedClean"},"content":{"rendered":"<p><strong>Da CIP (Cleaning in Place) und andere Reinigungsverfahren sehr zeitintensiv sein k\u00f6nnen, hat Van Beek das SpeedClean-Konzept entwickelt. Dieses patentierte innovative Reinigungsverfahren f\u00fcr Schneckenf\u00f6rderer erm\u00f6glicht eine gr\u00fcndlichere, ergonomischere und schnellere Reinigung, und somit eine Kostenersparnis und die Vermeidung einer eventuellen Verunreinigung und Kreuzkontamination.<\/strong><\/p>\n<h2>Schnelle Reinigung von Schneckenf\u00f6rderern und Schneckenw\u00e4rmetauschern<\/h2>\n<p>SpeedClean erm\u00f6glicht die schnelle Reinigung von Schneckenf\u00f6rderern\/Schneckenw\u00e4rmetauschern, da der Trog, die Schnecke, die Lager und Dichtungen im Reinigungsstand komplett f\u00fcr die Reinigung und Inspektion zug\u00e4nglich sind.<\/p>\n<h2>SpeedClean: wie funktioniert es?<\/h2>\n<p>In einer durchgehenden vertikalen und drehenden Bewegung hebt sich die Schnecke des SpeedClean in den Reinigungsstand. Dies erfolgt auf eine benutzerfreundliche und ergonomisch vertretbare Weise. Nach der Reinigung und Inspektion senkt sich die Schnecke wieder in ihre urspr\u00fcngliche Position zur\u00fcck.<\/p>\n<h3>M\u00f6chten Sie SpeedClean testen? Vereinbaren Sie dann einen <a href=\"\/de\/schneckenfoerderer\/kontakt-van-beek\/\">Termin<\/a> mit uns im Testzentrum <a href=\"\/de\/know-how\/testzentrum-the-blue-zone\/\">The Blue Zone<\/a>!<\/h3>\n","protected":false},"excerpt":{"rendered":"<p>Da CIP (Cleaning in Place) und andere Reinigungsverfahren sehr zeitintensiv sein k\u00f6nnen, hat Van Beek das SpeedClean-Konzept entwickelt. Dieses patentierte innovative Reinigungsverfahren f\u00fcr Schneckenf\u00f6rderer erm\u00f6glicht eine gr\u00fcndlichere, ergonomischere und schnellere Reinigung, und somit eine Kostenersparnis und die Vermeidung einer eventuellen Verunreinigung und Kreuzkontamination. Schnelle Reinigung von Schneckenf\u00f6rderern und Schneckenw\u00e4rmetauschern SpeedClean erm\u00f6glicht die schnelle Reinigung von [&hellip;]<\/p>\n","protected":false},"author":2,"featured_media":3262,"parent":3841,"menu_order":0,"comment_status":"closed","ping_status":"closed","template":"product.php","meta":{"_acf_changed":false,"content-type":"","inline_featured_image":false,"footnotes":""},"class_list":["post-3801","page","type-page","status-publish","has-post-thumbnail","hentry"],"acf":[],"yoast_head":"<!-- This site is optimized with the Yoast SEO plugin v27.5 - https:\/\/yoast.com\/product\/yoast-seo-wordpress\/ -->\n<title>Reinigungstechnik SpeedClean | Van Beek<\/title>\n<meta name=\"description\" content=\"Das patentierte innovative Reinigungsverfahren f\u00fcr Schneckenf\u00f6rderer erm\u00f6glicht eine schnellere Reinigung, und somit eine Kostenersparnis und die Vermeidung einer eventuellen Kontamination.\" \/>\n<meta name=\"robots\" content=\"index, follow, max-snippet:-1, max-image-preview:large, max-video-preview:-1\" \/>\n<link rel=\"canonical\" href=\"https:\/\/www.van-beek.nl\/de\/schneckenfoerderer\/hygienische-foerderanlagen\/speedclean\/\" \/>\n<meta property=\"og:locale\" content=\"de_DE\" \/>\n<meta property=\"og:type\" content=\"article\" \/>\n<meta property=\"og:title\" content=\"Reinigungstechnik SpeedClean | Van Beek\" \/>\n<meta property=\"og:description\" content=\"Das patentierte innovative Reinigungsverfahren f\u00fcr Schneckenf\u00f6rderer erm\u00f6glicht eine schnellere Reinigung, und somit eine Kostenersparnis und die Vermeidung einer eventuellen Kontamination.\" \/>\n<meta property=\"og:url\" content=\"https:\/\/www.van-beek.nl\/de\/schneckenfoerderer\/hygienische-foerderanlagen\/speedclean\/\" \/>\n<meta property=\"og:site_name\" content=\"Van Beek Schroeftransport\" \/>\n<meta property=\"article:modified_time\" content=\"2021-06-14T12:35:41+00:00\" \/>\n<meta property=\"og:image\" content=\"https:\/\/www.van-beek.nl\/wp-content\/uploads\/2021\/03\/speedclean_1.png\" \/>\n\t<meta property=\"og:image:width\" content=\"3999\" \/>\n\t<meta property=\"og:image:height\" content=\"2479\" \/>\n\t<meta property=\"og:image:type\" content=\"image\/png\" \/>\n<meta name=\"twitter:card\" content=\"summary_large_image\" \/>\n<meta name=\"twitter:label1\" content=\"Gesch\u00e4tzte Lesezeit\" \/>\n\t<meta name=\"twitter:data1\" content=\"1\u00a0Minute\" \/>\n<script type=\"application\/ld+json\" class=\"yoast-schema-graph\">{\"@context\":\"https:\\\/\\\/schema.org\",\"@graph\":[{\"@type\":\"WebPage\",\"@id\":\"https:\\\/\\\/www.van-beek.nl\\\/de\\\/schneckenfoerderer\\\/hygienische-foerderanlagen\\\/speedclean\\\/\",\"url\":\"https:\\\/\\\/www.van-beek.nl\\\/de\\\/schneckenfoerderer\\\/hygienische-foerderanlagen\\\/speedclean\\\/\",\"name\":\"Reinigungstechnik SpeedClean | Van Beek\",\"isPartOf\":{\"@id\":\"https:\\\/\\\/www.van-beek.nl\\\/de\\\/#website\"},\"primaryImageOfPage\":{\"@id\":\"https:\\\/\\\/www.van-beek.nl\\\/de\\\/schneckenfoerderer\\\/hygienische-foerderanlagen\\\/speedclean\\\/#primaryimage\"},\"image\":{\"@id\":\"https:\\\/\\\/www.van-beek.nl\\\/de\\\/schneckenfoerderer\\\/hygienische-foerderanlagen\\\/speedclean\\\/#primaryimage\"},\"thumbnailUrl\":\"https:\\\/\\\/www.van-beek.nl\\\/wp-content\\\/uploads\\\/2021\\\/03\\\/speedclean_1.png\",\"datePublished\":\"2020-04-09T08:58:08+00:00\",\"dateModified\":\"2021-06-14T12:35:41+00:00\",\"description\":\"Das patentierte innovative Reinigungsverfahren f\u00fcr Schneckenf\u00f6rderer erm\u00f6glicht eine schnellere Reinigung, und somit eine Kostenersparnis und die Vermeidung einer eventuellen Kontamination.\",\"breadcrumb\":{\"@id\":\"https:\\\/\\\/www.van-beek.nl\\\/de\\\/schneckenfoerderer\\\/hygienische-foerderanlagen\\\/speedclean\\\/#breadcrumb\"},\"inLanguage\":\"de\",\"potentialAction\":[{\"@type\":\"ReadAction\",\"target\":[\"https:\\\/\\\/www.van-beek.nl\\\/de\\\/schneckenfoerderer\\\/hygienische-foerderanlagen\\\/speedclean\\\/\"]}]},{\"@type\":\"ImageObject\",\"inLanguage\":\"de\",\"@id\":\"https:\\\/\\\/www.van-beek.nl\\\/de\\\/schneckenfoerderer\\\/hygienische-foerderanlagen\\\/speedclean\\\/#primaryimage\",\"url\":\"https:\\\/\\\/www.van-beek.nl\\\/wp-content\\\/uploads\\\/2021\\\/03\\\/speedclean_1.png\",\"contentUrl\":\"https:\\\/\\\/www.van-beek.nl\\\/wp-content\\\/uploads\\\/2021\\\/03\\\/speedclean_1.png\",\"width\":3999,\"height\":2479,\"caption\":\"SpeedClean, onze gepatenteerde innovatieve reinigingsmethode voor schroeven.\"},{\"@type\":\"BreadcrumbList\",\"@id\":\"https:\\\/\\\/www.van-beek.nl\\\/de\\\/schneckenfoerderer\\\/hygienische-foerderanlagen\\\/speedclean\\\/#breadcrumb\",\"itemListElement\":[{\"@type\":\"ListItem\",\"position\":1,\"name\":\"Home\",\"item\":\"https:\\\/\\\/www.van-beek.nl\\\/de\\\/\"},{\"@type\":\"ListItem\",\"position\":2,\"name\":\"Schneckenf\u00f6rderer\",\"item\":\"https:\\\/\\\/www.van-beek.nl\\\/de\\\/schneckenfoerderer\\\/\"},{\"@type\":\"ListItem\",\"position\":3,\"name\":\"Hygienische F\u00f6rderanlagen\",\"item\":\"https:\\\/\\\/www.van-beek.nl\\\/de\\\/schroeftransporteurs\\\/hypreme-hygienische-transporteurs\\\/\"},{\"@type\":\"ListItem\",\"position\":4,\"name\":\"SpeedClean\"}]},{\"@type\":\"WebSite\",\"@id\":\"https:\\\/\\\/www.van-beek.nl\\\/de\\\/#website\",\"url\":\"https:\\\/\\\/www.van-beek.nl\\\/de\\\/\",\"name\":\"Van Beek Schroeftransport\",\"description\":\"\",\"publisher\":{\"@id\":\"https:\\\/\\\/www.van-beek.nl\\\/de\\\/#organization\"},\"potentialAction\":[{\"@type\":\"SearchAction\",\"target\":{\"@type\":\"EntryPoint\",\"urlTemplate\":\"https:\\\/\\\/www.van-beek.nl\\\/de\\\/?s={search_term_string}\"},\"query-input\":{\"@type\":\"PropertyValueSpecification\",\"valueRequired\":true,\"valueName\":\"search_term_string\"}}],\"inLanguage\":\"de\"},{\"@type\":\"Organization\",\"@id\":\"https:\\\/\\\/www.van-beek.nl\\\/de\\\/#organization\",\"name\":\"Transportschroeven- en machinefabriek Van Beek B.V.\",\"url\":\"https:\\\/\\\/www.van-beek.nl\\\/de\\\/\",\"logo\":{\"@type\":\"ImageObject\",\"inLanguage\":\"de\",\"@id\":\"https:\\\/\\\/www.van-beek.nl\\\/de\\\/#\\\/schema\\\/logo\\\/image\\\/\",\"url\":\"https:\\\/\\\/van-beek.nl\\\/wp-content\\\/uploads\\\/2020\\\/04\\\/VanBeek-logo.png\",\"contentUrl\":\"https:\\\/\\\/van-beek.nl\\\/wp-content\\\/uploads\\\/2020\\\/04\\\/VanBeek-logo.png\",\"width\":116,\"height\":22,\"caption\":\"Transportschroeven- en machinefabriek Van Beek B.V.\"},\"image\":{\"@id\":\"https:\\\/\\\/www.van-beek.nl\\\/de\\\/#\\\/schema\\\/logo\\\/image\\\/\"}}]}<\/script>\n<!-- \/ Yoast SEO plugin. -->","yoast_head_json":{"title":"Reinigungstechnik SpeedClean | Van Beek","description":"Das patentierte innovative Reinigungsverfahren f\u00fcr Schneckenf\u00f6rderer erm\u00f6glicht eine schnellere Reinigung, und somit eine Kostenersparnis und die Vermeidung einer eventuellen Kontamination.","robots":{"index":"index","follow":"follow","max-snippet":"max-snippet:-1","max-image-preview":"max-image-preview:large","max-video-preview":"max-video-preview:-1"},"canonical":"https:\/\/www.van-beek.nl\/de\/schneckenfoerderer\/hygienische-foerderanlagen\/speedclean\/","og_locale":"de_DE","og_type":"article","og_title":"Reinigungstechnik SpeedClean | Van Beek","og_description":"Das patentierte innovative Reinigungsverfahren f\u00fcr Schneckenf\u00f6rderer erm\u00f6glicht eine schnellere Reinigung, und somit eine Kostenersparnis und die Vermeidung einer eventuellen Kontamination.","og_url":"https:\/\/www.van-beek.nl\/de\/schneckenfoerderer\/hygienische-foerderanlagen\/speedclean\/","og_site_name":"Van Beek Schroeftransport","article_modified_time":"2021-06-14T12:35:41+00:00","og_image":[{"width":3999,"height":2479,"url":"https:\/\/www.van-beek.nl\/wp-content\/uploads\/2021\/03\/speedclean_1.png","type":"image\/png"}],"twitter_card":"summary_large_image","twitter_misc":{"Gesch\u00e4tzte Lesezeit":"1\u00a0Minute"},"schema":{"@context":"https:\/\/schema.org","@graph":[{"@type":"WebPage","@id":"https:\/\/www.van-beek.nl\/de\/schneckenfoerderer\/hygienische-foerderanlagen\/speedclean\/","url":"https:\/\/www.van-beek.nl\/de\/schneckenfoerderer\/hygienische-foerderanlagen\/speedclean\/","name":"Reinigungstechnik SpeedClean | Van Beek","isPartOf":{"@id":"https:\/\/www.van-beek.nl\/de\/#website"},"primaryImageOfPage":{"@id":"https:\/\/www.van-beek.nl\/de\/schneckenfoerderer\/hygienische-foerderanlagen\/speedclean\/#primaryimage"},"image":{"@id":"https:\/\/www.van-beek.nl\/de\/schneckenfoerderer\/hygienische-foerderanlagen\/speedclean\/#primaryimage"},"thumbnailUrl":"https:\/\/www.van-beek.nl\/wp-content\/uploads\/2021\/03\/speedclean_1.png","datePublished":"2020-04-09T08:58:08+00:00","dateModified":"2021-06-14T12:35:41+00:00","description":"Das patentierte innovative Reinigungsverfahren f\u00fcr Schneckenf\u00f6rderer erm\u00f6glicht eine schnellere Reinigung, und somit eine Kostenersparnis und die Vermeidung einer eventuellen Kontamination.","breadcrumb":{"@id":"https:\/\/www.van-beek.nl\/de\/schneckenfoerderer\/hygienische-foerderanlagen\/speedclean\/#breadcrumb"},"inLanguage":"de","potentialAction":[{"@type":"ReadAction","target":["https:\/\/www.van-beek.nl\/de\/schneckenfoerderer\/hygienische-foerderanlagen\/speedclean\/"]}]},{"@type":"ImageObject","inLanguage":"de","@id":"https:\/\/www.van-beek.nl\/de\/schneckenfoerderer\/hygienische-foerderanlagen\/speedclean\/#primaryimage","url":"https:\/\/www.van-beek.nl\/wp-content\/uploads\/2021\/03\/speedclean_1.png","contentUrl":"https:\/\/www.van-beek.nl\/wp-content\/uploads\/2021\/03\/speedclean_1.png","width":3999,"height":2479,"caption":"SpeedClean, onze gepatenteerde innovatieve reinigingsmethode voor schroeven."},{"@type":"BreadcrumbList","@id":"https:\/\/www.van-beek.nl\/de\/schneckenfoerderer\/hygienische-foerderanlagen\/speedclean\/#breadcrumb","itemListElement":[{"@type":"ListItem","position":1,"name":"Home","item":"https:\/\/www.van-beek.nl\/de\/"},{"@type":"ListItem","position":2,"name":"Schneckenf\u00f6rderer","item":"https:\/\/www.van-beek.nl\/de\/schneckenfoerderer\/"},{"@type":"ListItem","position":3,"name":"Hygienische F\u00f6rderanlagen","item":"https:\/\/www.van-beek.nl\/de\/schroeftransporteurs\/hypreme-hygienische-transporteurs\/"},{"@type":"ListItem","position":4,"name":"SpeedClean"}]},{"@type":"WebSite","@id":"https:\/\/www.van-beek.nl\/de\/#website","url":"https:\/\/www.van-beek.nl\/de\/","name":"Van Beek Schroeftransport","description":"","publisher":{"@id":"https:\/\/www.van-beek.nl\/de\/#organization"},"potentialAction":[{"@type":"SearchAction","target":{"@type":"EntryPoint","urlTemplate":"https:\/\/www.van-beek.nl\/de\/?s={search_term_string}"},"query-input":{"@type":"PropertyValueSpecification","valueRequired":true,"valueName":"search_term_string"}}],"inLanguage":"de"},{"@type":"Organization","@id":"https:\/\/www.van-beek.nl\/de\/#organization","name":"Transportschroeven- en machinefabriek Van Beek B.V.","url":"https:\/\/www.van-beek.nl\/de\/","logo":{"@type":"ImageObject","inLanguage":"de","@id":"https:\/\/www.van-beek.nl\/de\/#\/schema\/logo\/image\/","url":"https:\/\/van-beek.nl\/wp-content\/uploads\/2020\/04\/VanBeek-logo.png","contentUrl":"https:\/\/van-beek.nl\/wp-content\/uploads\/2020\/04\/VanBeek-logo.png","width":116,"height":22,"caption":"Transportschroeven- en machinefabriek Van Beek B.V."},"image":{"@id":"https:\/\/www.van-beek.nl\/de\/#\/schema\/logo\/image\/"}}]}},"_links":{"self":[{"href":"https:\/\/www.van-beek.nl\/de\/wp-json\/wp\/v2\/pages\/3801","targetHints":{"allow":["GET"]}}],"collection":[{"href":"https:\/\/www.van-beek.nl\/de\/wp-json\/wp\/v2\/pages"}],"about":[{"href":"https:\/\/www.van-beek.nl\/de\/wp-json\/wp\/v2\/types\/page"}],"author":[{"embeddable":true,"href":"https:\/\/www.van-beek.nl\/de\/wp-json\/wp\/v2\/users\/2"}],"replies":[{"embeddable":true,"href":"https:\/\/www.van-beek.nl\/de\/wp-json\/wp\/v2\/comments?post=3801"}],"version-history":[{"count":4,"href":"https:\/\/www.van-beek.nl\/de\/wp-json\/wp\/v2\/pages\/3801\/revisions"}],"predecessor-version":[{"id":8049,"href":"https:\/\/www.van-beek.nl\/de\/wp-json\/wp\/v2\/pages\/3801\/revisions\/8049"}],"up":[{"embeddable":true,"href":"https:\/\/www.van-beek.nl\/de\/wp-json\/wp\/v2\/pages\/3841"}],"wp:featuredmedia":[{"embeddable":true,"href":"https:\/\/www.van-beek.nl\/de\/wp-json\/wp\/v2\/media\/3262"}],"wp:attachment":[{"href":"https:\/\/www.van-beek.nl\/de\/wp-json\/wp\/v2\/media?parent=3801"}],"curies":[{"name":"wp","href":"https:\/\/api.w.org\/{rel}","templated":true}]}}