{"id":3802,"date":"2020-04-09T08:58:39","date_gmt":"2020-04-09T08:58:39","guid":{"rendered":"https:\/\/van-beek.nl\/easyclean\/"},"modified":"2021-06-14T12:33:14","modified_gmt":"2021-06-14T12:33:14","slug":"easyclean","status":"publish","type":"page","link":"https:\/\/www.van-beek.nl\/de\/schneckenfoerderer\/hygienische-foerderanlagen\/easyclean\/","title":{"rendered":"EasyClean"},"content":{"rendered":"<p><strong>In der Lebensmittel-, Pharma- und Chemieindustrie kommt es darauf an, dass Schneckenf\u00f6rderer sich leicht reinigen und inspizieren lassen. Daher haben wir das EasyClean-Konzept entwickelt.<\/strong><\/p>\n<h2>Ausfahrbare Schnecke<\/h2>\n<p>Die F\u00f6rderschnecke ist dabei meistens einseitig gelagert und l\u00e4sst sich komplett \u00fcber Schienen (Linearf\u00fchrung) auf einem integrierten Rahmen l\u00e4ngs der Achse aus dem Schneckenf\u00f6rderer ziehen. Die gesamte Schnecke kann linear aus dem Rumpf des EasyClean Schneckenf\u00f6rderers fahren.<\/p>\n<h2>EasyClean f\u00fcr Doppelschnecken<\/h2>\n<p>Mit einem Tragrahmen l\u00e4sst sich auch eine Doppelschnecke l\u00e4ngs der Achse aus dem Rumpf fahren.<\/p>\n<h2>Noch einfachere Reinigung<\/h2>\n<p>EasyClean mit Schwenkarm macht die Reinigung und Inspektion noch leichter. Die Schnecke wird dann horizontal herausgezogen und komplett vom F\u00f6rderer weggeschwenkt, sodass sowohl die Schnecke, als auch der Rumpf f\u00fcr das Bedienungspersonal komplett zug\u00e4nglich sind.<\/p>\n<h3>M\u00f6chten Sie mehr \u00fcber EasyClean erfahren? Bitte <a href=\"\/de\/schneckenfoerderer\/kontakt-van-beek\/\">wenden Sie sich dann an uns<\/a>.<\/h3>\n","protected":false},"excerpt":{"rendered":"<p>In der Lebensmittel-, Pharma- und Chemieindustrie kommt es darauf an, dass Schneckenf\u00f6rderer sich leicht reinigen und inspizieren lassen. Daher haben wir das EasyClean-Konzept entwickelt. Ausfahrbare Schnecke Die F\u00f6rderschnecke ist dabei meistens einseitig gelagert und l\u00e4sst sich komplett \u00fcber Schienen (Linearf\u00fchrung) auf einem integrierten Rahmen l\u00e4ngs der Achse aus dem Schneckenf\u00f6rderer ziehen. Die gesamte Schnecke kann [&hellip;]<\/p>\n","protected":false},"author":2,"featured_media":3402,"parent":3841,"menu_order":0,"comment_status":"closed","ping_status":"closed","template":"product.php","meta":{"_acf_changed":false,"content-type":"","inline_featured_image":false,"footnotes":""},"class_list":["post-3802","page","type-page","status-publish","has-post-thumbnail","hentry"],"acf":[],"yoast_head":"<!-- This site is optimized with the Yoast SEO plugin v27.5 - https:\/\/yoast.com\/product\/yoast-seo-wordpress\/ -->\n<title>Reinigungstechnik EasyClean | Van Beek<\/title>\n<meta name=\"description\" content=\"In der Lebensmittel-, Pharma- und Chemieindustrie kommt es darauf an, dass Schneckenf\u00f6rderer sich leicht reinigen und inspizieren lassen. Das EasyClean-Konzept\" \/>\n<meta name=\"robots\" content=\"index, follow, max-snippet:-1, max-image-preview:large, max-video-preview:-1\" \/>\n<link rel=\"canonical\" href=\"https:\/\/www.van-beek.nl\/de\/schneckenfoerderer\/hygienische-foerderanlagen\/easyclean\/\" \/>\n<meta property=\"og:locale\" content=\"de_DE\" \/>\n<meta property=\"og:type\" content=\"article\" \/>\n<meta property=\"og:title\" content=\"Reinigungstechnik EasyClean | Van Beek\" \/>\n<meta property=\"og:description\" content=\"In der Lebensmittel-, Pharma- und Chemieindustrie kommt es darauf an, dass Schneckenf\u00f6rderer sich leicht reinigen und inspizieren lassen. Das EasyClean-Konzept\" \/>\n<meta property=\"og:url\" content=\"https:\/\/www.van-beek.nl\/de\/schneckenfoerderer\/hygienische-foerderanlagen\/easyclean\/\" \/>\n<meta property=\"og:site_name\" content=\"Van Beek Schroeftransport\" \/>\n<meta property=\"article:modified_time\" content=\"2021-06-14T12:33:14+00:00\" \/>\n<meta property=\"og:image\" content=\"https:\/\/www.van-beek.nl\/wp-content\/uploads\/2021\/03\/easyclean_1.png\" \/>\n\t<meta property=\"og:image:width\" content=\"3999\" \/>\n\t<meta property=\"og:image:height\" content=\"2479\" \/>\n\t<meta property=\"og:image:type\" content=\"image\/png\" \/>\n<meta name=\"twitter:card\" content=\"summary_large_image\" \/>\n<meta name=\"twitter:label1\" content=\"Gesch\u00e4tzte Lesezeit\" \/>\n\t<meta name=\"twitter:data1\" content=\"1\u00a0Minute\" \/>\n<script type=\"application\/ld+json\" class=\"yoast-schema-graph\">{\"@context\":\"https:\\\/\\\/schema.org\",\"@graph\":[{\"@type\":\"WebPage\",\"@id\":\"https:\\\/\\\/www.van-beek.nl\\\/de\\\/schneckenfoerderer\\\/hygienische-foerderanlagen\\\/easyclean\\\/\",\"url\":\"https:\\\/\\\/www.van-beek.nl\\\/de\\\/schneckenfoerderer\\\/hygienische-foerderanlagen\\\/easyclean\\\/\",\"name\":\"Reinigungstechnik EasyClean | Van Beek\",\"isPartOf\":{\"@id\":\"https:\\\/\\\/www.van-beek.nl\\\/de\\\/#website\"},\"primaryImageOfPage\":{\"@id\":\"https:\\\/\\\/www.van-beek.nl\\\/de\\\/schneckenfoerderer\\\/hygienische-foerderanlagen\\\/easyclean\\\/#primaryimage\"},\"image\":{\"@id\":\"https:\\\/\\\/www.van-beek.nl\\\/de\\\/schneckenfoerderer\\\/hygienische-foerderanlagen\\\/easyclean\\\/#primaryimage\"},\"thumbnailUrl\":\"https:\\\/\\\/www.van-beek.nl\\\/wp-content\\\/uploads\\\/2021\\\/03\\\/easyclean_1.png\",\"datePublished\":\"2020-04-09T08:58:39+00:00\",\"dateModified\":\"2021-06-14T12:33:14+00:00\",\"description\":\"In der Lebensmittel-, Pharma- und Chemieindustrie kommt es darauf an, dass Schneckenf\u00f6rderer sich leicht reinigen und inspizieren lassen. Das EasyClean-Konzept\",\"breadcrumb\":{\"@id\":\"https:\\\/\\\/www.van-beek.nl\\\/de\\\/schneckenfoerderer\\\/hygienische-foerderanlagen\\\/easyclean\\\/#breadcrumb\"},\"inLanguage\":\"de\",\"potentialAction\":[{\"@type\":\"ReadAction\",\"target\":[\"https:\\\/\\\/www.van-beek.nl\\\/de\\\/schneckenfoerderer\\\/hygienische-foerderanlagen\\\/easyclean\\\/\"]}]},{\"@type\":\"ImageObject\",\"inLanguage\":\"de\",\"@id\":\"https:\\\/\\\/www.van-beek.nl\\\/de\\\/schneckenfoerderer\\\/hygienische-foerderanlagen\\\/easyclean\\\/#primaryimage\",\"url\":\"https:\\\/\\\/www.van-beek.nl\\\/wp-content\\\/uploads\\\/2021\\\/03\\\/easyclean_1.png\",\"contentUrl\":\"https:\\\/\\\/www.van-beek.nl\\\/wp-content\\\/uploads\\\/2021\\\/03\\\/easyclean_1.png\",\"width\":3999,\"height\":2479,\"caption\":\"EasyClean met zwenkarm maakt reiniging en inspectie nog eenvoudiger.\"},{\"@type\":\"BreadcrumbList\",\"@id\":\"https:\\\/\\\/www.van-beek.nl\\\/de\\\/schneckenfoerderer\\\/hygienische-foerderanlagen\\\/easyclean\\\/#breadcrumb\",\"itemListElement\":[{\"@type\":\"ListItem\",\"position\":1,\"name\":\"Home\",\"item\":\"https:\\\/\\\/www.van-beek.nl\\\/de\\\/\"},{\"@type\":\"ListItem\",\"position\":2,\"name\":\"Schneckenf\u00f6rderer\",\"item\":\"https:\\\/\\\/www.van-beek.nl\\\/de\\\/schneckenfoerderer\\\/\"},{\"@type\":\"ListItem\",\"position\":3,\"name\":\"Hygienische F\u00f6rderanlagen\",\"item\":\"https:\\\/\\\/www.van-beek.nl\\\/de\\\/schroeftransporteurs\\\/hypreme-hygienische-transporteurs\\\/\"},{\"@type\":\"ListItem\",\"position\":4,\"name\":\"EasyClean\"}]},{\"@type\":\"WebSite\",\"@id\":\"https:\\\/\\\/www.van-beek.nl\\\/de\\\/#website\",\"url\":\"https:\\\/\\\/www.van-beek.nl\\\/de\\\/\",\"name\":\"Van Beek Schroeftransport\",\"description\":\"\",\"publisher\":{\"@id\":\"https:\\\/\\\/www.van-beek.nl\\\/de\\\/#organization\"},\"potentialAction\":[{\"@type\":\"SearchAction\",\"target\":{\"@type\":\"EntryPoint\",\"urlTemplate\":\"https:\\\/\\\/www.van-beek.nl\\\/de\\\/?s={search_term_string}\"},\"query-input\":{\"@type\":\"PropertyValueSpecification\",\"valueRequired\":true,\"valueName\":\"search_term_string\"}}],\"inLanguage\":\"de\"},{\"@type\":\"Organization\",\"@id\":\"https:\\\/\\\/www.van-beek.nl\\\/de\\\/#organization\",\"name\":\"Transportschroeven- en machinefabriek Van Beek B.V.\",\"url\":\"https:\\\/\\\/www.van-beek.nl\\\/de\\\/\",\"logo\":{\"@type\":\"ImageObject\",\"inLanguage\":\"de\",\"@id\":\"https:\\\/\\\/www.van-beek.nl\\\/de\\\/#\\\/schema\\\/logo\\\/image\\\/\",\"url\":\"https:\\\/\\\/van-beek.nl\\\/wp-content\\\/uploads\\\/2020\\\/04\\\/VanBeek-logo.png\",\"contentUrl\":\"https:\\\/\\\/van-beek.nl\\\/wp-content\\\/uploads\\\/2020\\\/04\\\/VanBeek-logo.png\",\"width\":116,\"height\":22,\"caption\":\"Transportschroeven- en machinefabriek Van Beek B.V.\"},\"image\":{\"@id\":\"https:\\\/\\\/www.van-beek.nl\\\/de\\\/#\\\/schema\\\/logo\\\/image\\\/\"}}]}<\/script>\n<!-- \/ Yoast SEO plugin. -->","yoast_head_json":{"title":"Reinigungstechnik EasyClean | Van Beek","description":"In der Lebensmittel-, Pharma- und Chemieindustrie kommt es darauf an, dass Schneckenf\u00f6rderer sich leicht reinigen und inspizieren lassen. Das EasyClean-Konzept","robots":{"index":"index","follow":"follow","max-snippet":"max-snippet:-1","max-image-preview":"max-image-preview:large","max-video-preview":"max-video-preview:-1"},"canonical":"https:\/\/www.van-beek.nl\/de\/schneckenfoerderer\/hygienische-foerderanlagen\/easyclean\/","og_locale":"de_DE","og_type":"article","og_title":"Reinigungstechnik EasyClean | Van Beek","og_description":"In der Lebensmittel-, Pharma- und Chemieindustrie kommt es darauf an, dass Schneckenf\u00f6rderer sich leicht reinigen und inspizieren lassen. Das EasyClean-Konzept","og_url":"https:\/\/www.van-beek.nl\/de\/schneckenfoerderer\/hygienische-foerderanlagen\/easyclean\/","og_site_name":"Van Beek Schroeftransport","article_modified_time":"2021-06-14T12:33:14+00:00","og_image":[{"width":3999,"height":2479,"url":"https:\/\/www.van-beek.nl\/wp-content\/uploads\/2021\/03\/easyclean_1.png","type":"image\/png"}],"twitter_card":"summary_large_image","twitter_misc":{"Gesch\u00e4tzte Lesezeit":"1\u00a0Minute"},"schema":{"@context":"https:\/\/schema.org","@graph":[{"@type":"WebPage","@id":"https:\/\/www.van-beek.nl\/de\/schneckenfoerderer\/hygienische-foerderanlagen\/easyclean\/","url":"https:\/\/www.van-beek.nl\/de\/schneckenfoerderer\/hygienische-foerderanlagen\/easyclean\/","name":"Reinigungstechnik EasyClean | Van Beek","isPartOf":{"@id":"https:\/\/www.van-beek.nl\/de\/#website"},"primaryImageOfPage":{"@id":"https:\/\/www.van-beek.nl\/de\/schneckenfoerderer\/hygienische-foerderanlagen\/easyclean\/#primaryimage"},"image":{"@id":"https:\/\/www.van-beek.nl\/de\/schneckenfoerderer\/hygienische-foerderanlagen\/easyclean\/#primaryimage"},"thumbnailUrl":"https:\/\/www.van-beek.nl\/wp-content\/uploads\/2021\/03\/easyclean_1.png","datePublished":"2020-04-09T08:58:39+00:00","dateModified":"2021-06-14T12:33:14+00:00","description":"In der Lebensmittel-, Pharma- und Chemieindustrie kommt es darauf an, dass Schneckenf\u00f6rderer sich leicht reinigen und inspizieren lassen. Das EasyClean-Konzept","breadcrumb":{"@id":"https:\/\/www.van-beek.nl\/de\/schneckenfoerderer\/hygienische-foerderanlagen\/easyclean\/#breadcrumb"},"inLanguage":"de","potentialAction":[{"@type":"ReadAction","target":["https:\/\/www.van-beek.nl\/de\/schneckenfoerderer\/hygienische-foerderanlagen\/easyclean\/"]}]},{"@type":"ImageObject","inLanguage":"de","@id":"https:\/\/www.van-beek.nl\/de\/schneckenfoerderer\/hygienische-foerderanlagen\/easyclean\/#primaryimage","url":"https:\/\/www.van-beek.nl\/wp-content\/uploads\/2021\/03\/easyclean_1.png","contentUrl":"https:\/\/www.van-beek.nl\/wp-content\/uploads\/2021\/03\/easyclean_1.png","width":3999,"height":2479,"caption":"EasyClean met zwenkarm maakt reiniging en inspectie nog eenvoudiger."},{"@type":"BreadcrumbList","@id":"https:\/\/www.van-beek.nl\/de\/schneckenfoerderer\/hygienische-foerderanlagen\/easyclean\/#breadcrumb","itemListElement":[{"@type":"ListItem","position":1,"name":"Home","item":"https:\/\/www.van-beek.nl\/de\/"},{"@type":"ListItem","position":2,"name":"Schneckenf\u00f6rderer","item":"https:\/\/www.van-beek.nl\/de\/schneckenfoerderer\/"},{"@type":"ListItem","position":3,"name":"Hygienische F\u00f6rderanlagen","item":"https:\/\/www.van-beek.nl\/de\/schroeftransporteurs\/hypreme-hygienische-transporteurs\/"},{"@type":"ListItem","position":4,"name":"EasyClean"}]},{"@type":"WebSite","@id":"https:\/\/www.van-beek.nl\/de\/#website","url":"https:\/\/www.van-beek.nl\/de\/","name":"Van Beek Schroeftransport","description":"","publisher":{"@id":"https:\/\/www.van-beek.nl\/de\/#organization"},"potentialAction":[{"@type":"SearchAction","target":{"@type":"EntryPoint","urlTemplate":"https:\/\/www.van-beek.nl\/de\/?s={search_term_string}"},"query-input":{"@type":"PropertyValueSpecification","valueRequired":true,"valueName":"search_term_string"}}],"inLanguage":"de"},{"@type":"Organization","@id":"https:\/\/www.van-beek.nl\/de\/#organization","name":"Transportschroeven- en machinefabriek Van Beek B.V.","url":"https:\/\/www.van-beek.nl\/de\/","logo":{"@type":"ImageObject","inLanguage":"de","@id":"https:\/\/www.van-beek.nl\/de\/#\/schema\/logo\/image\/","url":"https:\/\/van-beek.nl\/wp-content\/uploads\/2020\/04\/VanBeek-logo.png","contentUrl":"https:\/\/van-beek.nl\/wp-content\/uploads\/2020\/04\/VanBeek-logo.png","width":116,"height":22,"caption":"Transportschroeven- en machinefabriek Van Beek B.V."},"image":{"@id":"https:\/\/www.van-beek.nl\/de\/#\/schema\/logo\/image\/"}}]}},"_links":{"self":[{"href":"https:\/\/www.van-beek.nl\/de\/wp-json\/wp\/v2\/pages\/3802","targetHints":{"allow":["GET"]}}],"collection":[{"href":"https:\/\/www.van-beek.nl\/de\/wp-json\/wp\/v2\/pages"}],"about":[{"href":"https:\/\/www.van-beek.nl\/de\/wp-json\/wp\/v2\/types\/page"}],"author":[{"embeddable":true,"href":"https:\/\/www.van-beek.nl\/de\/wp-json\/wp\/v2\/users\/2"}],"replies":[{"embeddable":true,"href":"https:\/\/www.van-beek.nl\/de\/wp-json\/wp\/v2\/comments?post=3802"}],"version-history":[{"count":3,"href":"https:\/\/www.van-beek.nl\/de\/wp-json\/wp\/v2\/pages\/3802\/revisions"}],"predecessor-version":[{"id":8047,"href":"https:\/\/www.van-beek.nl\/de\/wp-json\/wp\/v2\/pages\/3802\/revisions\/8047"}],"up":[{"embeddable":true,"href":"https:\/\/www.van-beek.nl\/de\/wp-json\/wp\/v2\/pages\/3841"}],"wp:featuredmedia":[{"embeddable":true,"href":"https:\/\/www.van-beek.nl\/de\/wp-json\/wp\/v2\/media\/3402"}],"wp:attachment":[{"href":"https:\/\/www.van-beek.nl\/de\/wp-json\/wp\/v2\/media?parent=3802"}],"curies":[{"name":"wp","href":"https:\/\/api.w.org\/{rel}","templated":true}]}}