{"id":3803,"date":"2020-04-09T08:59:03","date_gmt":"2020-04-09T08:59:03","guid":{"rendered":"https:\/\/van-beek.nl\/schneckenprobenehmer\/"},"modified":"2021-06-15T09:15:34","modified_gmt":"2021-06-15T09:15:34","slug":"schneckenprobenehmer","status":"publish","type":"page","link":"https:\/\/www.van-beek.nl\/de\/schneckenfoerderer\/spezialanfertigungen\/schneckenprobenehmer\/","title":{"rendered":"Schneckenprobenehmer"},"content":{"rendered":"<p><strong>Nat\u00fcrlich finden Sie bei Van Beek auch Schneckenprobenehmer f\u00fcr die Entnahme von Produktmustern aus Silos, Bunkern, Hoppern oder der Produktionslinie. Wir besch\u00e4ftigen uns Tag f\u00fcr Tag mit der Integrierung solcher Ger\u00e4te in bestehende Prozesse. Der einzigartige Vorteil unserer Schneckenprobenehmer ist, dass sie schnell und vollst\u00e4ndig reinigbar sind.<\/strong><\/p>\n<h2>Entnahme von Proben aus Pulvern, Flocken, Granulaten und Pellets<\/h2>\n<p>Aufgrund der einstellbaren Probengr\u00f6\u00dfe und -frequenz sind unsere Probenehmer vor allem f\u00fcr die Lebensmittel-, Pharma- und Chemieindustrie interessant.<\/p>\n<h2>Einfach integrierbare Probenehmer von Van Beek<\/h2>\n<p>F\u00fcr die Installation unserer Schneckenprobenehmer in Bunker, Silos, Hopper oder Massengutumschlaganlagen muss nur ein kleiner Durchlass in der Wand angebracht werden. Die nicht angetriebene Seite des Schneckenprobenehmers reicht durch den Durchlass in den Beh\u00e4lter, w\u00e4hrend sich der Druckluft- oder Elektromotor mit dem Getriebe, der den Probenehmer antreibt, au\u00dferhalb befindet.<\/p>\n<h2>Probenehmer f\u00fcr hygienische Anwendungen<\/h2>\n<p>Wir stellen einfach demontierbare Schneckenprobenehmer her, welche die Hygienevorschriften erf\u00fcllen, u. a. f\u00fcr die Fleisch- und Lebensmittelindustrie, Pharma- und Chemieunternehmen.<\/p>\n<h3>M\u00f6chten Sie mehr \u00fcber unsere Schneckenprobenehmer erfahren? Bitte <a href=\"\/de\/schneckenfoerderer\/kontakt-van-beek\/\">wenden Sie sich dann an uns<\/a>.<\/h3>\n","protected":false},"excerpt":{"rendered":"<p>Nat\u00fcrlich finden Sie bei Van Beek auch Schneckenprobenehmer f\u00fcr die Entnahme von Produktmustern aus Silos, Bunkern, Hoppern oder der Produktionslinie. Wir besch\u00e4ftigen uns Tag f\u00fcr Tag mit der Integrierung solcher Ger\u00e4te in bestehende Prozesse. Der einzigartige Vorteil unserer Schneckenprobenehmer ist, dass sie schnell und vollst\u00e4ndig reinigbar sind. Entnahme von Proben aus Pulvern, Flocken, Granulaten und [&hellip;]<\/p>\n","protected":false},"author":2,"featured_media":3266,"parent":3820,"menu_order":0,"comment_status":"closed","ping_status":"closed","template":"product.php","meta":{"_acf_changed":false,"content-type":"","inline_featured_image":false,"footnotes":""},"class_list":["post-3803","page","type-page","status-publish","has-post-thumbnail","hentry"],"acf":[],"yoast_head":"<!-- This site is optimized with the Yoast SEO plugin v27.5 - https:\/\/yoast.com\/product\/yoast-seo-wordpress\/ -->\n<title>Probenehmer: Schneckenprobenehmer | Van Beek<\/title>\n<meta name=\"description\" content=\"Nat\u00fcrlich finden Sie bei Van Beek auch Schneckenprobenehmer f\u00fcr die Entnahme von Produktmustern aus F\u00e4ssern, Hoppern oder der Produktionslinie.\" \/>\n<meta name=\"robots\" content=\"index, follow, max-snippet:-1, max-image-preview:large, max-video-preview:-1\" \/>\n<link rel=\"canonical\" href=\"https:\/\/www.van-beek.nl\/de\/schneckenfoerderer\/spezialanfertigungen\/schneckenprobenehmer\/\" \/>\n<meta property=\"og:locale\" content=\"de_DE\" \/>\n<meta property=\"og:type\" content=\"article\" \/>\n<meta property=\"og:title\" content=\"Probenehmer: Schneckenprobenehmer | Van Beek\" \/>\n<meta property=\"og:description\" content=\"Nat\u00fcrlich finden Sie bei Van Beek auch Schneckenprobenehmer f\u00fcr die Entnahme von Produktmustern aus F\u00e4ssern, Hoppern oder der Produktionslinie.\" \/>\n<meta property=\"og:url\" content=\"https:\/\/www.van-beek.nl\/de\/schneckenfoerderer\/spezialanfertigungen\/schneckenprobenehmer\/\" \/>\n<meta property=\"og:site_name\" content=\"Van Beek Schroeftransport\" \/>\n<meta property=\"article:modified_time\" content=\"2021-06-15T09:15:34+00:00\" \/>\n<meta property=\"og:image\" content=\"https:\/\/www.van-beek.nl\/wp-content\/uploads\/2021\/03\/monsternameschroef_1.png\" \/>\n\t<meta property=\"og:image:width\" content=\"3999\" \/>\n\t<meta property=\"og:image:height\" content=\"1980\" \/>\n\t<meta property=\"og:image:type\" content=\"image\/png\" \/>\n<meta name=\"twitter:card\" content=\"summary_large_image\" \/>\n<meta name=\"twitter:label1\" content=\"Gesch\u00e4tzte Lesezeit\" \/>\n\t<meta name=\"twitter:data1\" content=\"1\u00a0Minute\" \/>\n<script type=\"application\/ld+json\" class=\"yoast-schema-graph\">{\"@context\":\"https:\\\/\\\/schema.org\",\"@graph\":[{\"@type\":\"WebPage\",\"@id\":\"https:\\\/\\\/www.van-beek.nl\\\/de\\\/schneckenfoerderer\\\/spezialanfertigungen\\\/schneckenprobenehmer\\\/\",\"url\":\"https:\\\/\\\/www.van-beek.nl\\\/de\\\/schneckenfoerderer\\\/spezialanfertigungen\\\/schneckenprobenehmer\\\/\",\"name\":\"Probenehmer: Schneckenprobenehmer | Van Beek\",\"isPartOf\":{\"@id\":\"https:\\\/\\\/www.van-beek.nl\\\/de\\\/#website\"},\"primaryImageOfPage\":{\"@id\":\"https:\\\/\\\/www.van-beek.nl\\\/de\\\/schneckenfoerderer\\\/spezialanfertigungen\\\/schneckenprobenehmer\\\/#primaryimage\"},\"image\":{\"@id\":\"https:\\\/\\\/www.van-beek.nl\\\/de\\\/schneckenfoerderer\\\/spezialanfertigungen\\\/schneckenprobenehmer\\\/#primaryimage\"},\"thumbnailUrl\":\"https:\\\/\\\/www.van-beek.nl\\\/wp-content\\\/uploads\\\/2021\\\/03\\\/monsternameschroef_1.png\",\"datePublished\":\"2020-04-09T08:59:03+00:00\",\"dateModified\":\"2021-06-15T09:15:34+00:00\",\"description\":\"Nat\u00fcrlich finden Sie bei Van Beek auch Schneckenprobenehmer f\u00fcr die Entnahme von Produktmustern aus F\u00e4ssern, Hoppern oder der Produktionslinie.\",\"breadcrumb\":{\"@id\":\"https:\\\/\\\/www.van-beek.nl\\\/de\\\/schneckenfoerderer\\\/spezialanfertigungen\\\/schneckenprobenehmer\\\/#breadcrumb\"},\"inLanguage\":\"de\",\"potentialAction\":[{\"@type\":\"ReadAction\",\"target\":[\"https:\\\/\\\/www.van-beek.nl\\\/de\\\/schneckenfoerderer\\\/spezialanfertigungen\\\/schneckenprobenehmer\\\/\"]}]},{\"@type\":\"ImageObject\",\"inLanguage\":\"de\",\"@id\":\"https:\\\/\\\/www.van-beek.nl\\\/de\\\/schneckenfoerderer\\\/spezialanfertigungen\\\/schneckenprobenehmer\\\/#primaryimage\",\"url\":\"https:\\\/\\\/www.van-beek.nl\\\/wp-content\\\/uploads\\\/2021\\\/03\\\/monsternameschroef_1.png\",\"contentUrl\":\"https:\\\/\\\/www.van-beek.nl\\\/wp-content\\\/uploads\\\/2021\\\/03\\\/monsternameschroef_1.png\",\"width\":3999,\"height\":1980,\"caption\":\"Monsternameschroeven voor het nemen van productmonsters uit silo\u2019s, bunkers of hoppers of in-line.\"},{\"@type\":\"BreadcrumbList\",\"@id\":\"https:\\\/\\\/www.van-beek.nl\\\/de\\\/schneckenfoerderer\\\/spezialanfertigungen\\\/schneckenprobenehmer\\\/#breadcrumb\",\"itemListElement\":[{\"@type\":\"ListItem\",\"position\":1,\"name\":\"Home\",\"item\":\"https:\\\/\\\/www.van-beek.nl\\\/de\\\/\"},{\"@type\":\"ListItem\",\"position\":2,\"name\":\"Schneckenf\u00f6rderer\",\"item\":\"https:\\\/\\\/www.van-beek.nl\\\/de\\\/schneckenfoerderer\\\/\"},{\"@type\":\"ListItem\",\"position\":3,\"name\":\"Spezialanfertigungen\",\"item\":\"https:\\\/\\\/www.van-beek.nl\\\/de\\\/schneckenfoerderer\\\/spezialanfertigungen\\\/\"},{\"@type\":\"ListItem\",\"position\":4,\"name\":\"Schneckenprobenehmer\"}]},{\"@type\":\"WebSite\",\"@id\":\"https:\\\/\\\/www.van-beek.nl\\\/de\\\/#website\",\"url\":\"https:\\\/\\\/www.van-beek.nl\\\/de\\\/\",\"name\":\"Van Beek Schroeftransport\",\"description\":\"\",\"publisher\":{\"@id\":\"https:\\\/\\\/www.van-beek.nl\\\/de\\\/#organization\"},\"potentialAction\":[{\"@type\":\"SearchAction\",\"target\":{\"@type\":\"EntryPoint\",\"urlTemplate\":\"https:\\\/\\\/www.van-beek.nl\\\/de\\\/?s={search_term_string}\"},\"query-input\":{\"@type\":\"PropertyValueSpecification\",\"valueRequired\":true,\"valueName\":\"search_term_string\"}}],\"inLanguage\":\"de\"},{\"@type\":\"Organization\",\"@id\":\"https:\\\/\\\/www.van-beek.nl\\\/de\\\/#organization\",\"name\":\"Transportschroeven- en machinefabriek Van Beek B.V.\",\"url\":\"https:\\\/\\\/www.van-beek.nl\\\/de\\\/\",\"logo\":{\"@type\":\"ImageObject\",\"inLanguage\":\"de\",\"@id\":\"https:\\\/\\\/www.van-beek.nl\\\/de\\\/#\\\/schema\\\/logo\\\/image\\\/\",\"url\":\"https:\\\/\\\/van-beek.nl\\\/wp-content\\\/uploads\\\/2020\\\/04\\\/VanBeek-logo.png\",\"contentUrl\":\"https:\\\/\\\/van-beek.nl\\\/wp-content\\\/uploads\\\/2020\\\/04\\\/VanBeek-logo.png\",\"width\":116,\"height\":22,\"caption\":\"Transportschroeven- en machinefabriek Van Beek B.V.\"},\"image\":{\"@id\":\"https:\\\/\\\/www.van-beek.nl\\\/de\\\/#\\\/schema\\\/logo\\\/image\\\/\"}}]}<\/script>\n<!-- \/ Yoast SEO plugin. -->","yoast_head_json":{"title":"Probenehmer: Schneckenprobenehmer | Van Beek","description":"Nat\u00fcrlich finden Sie bei Van Beek auch Schneckenprobenehmer f\u00fcr die Entnahme von Produktmustern aus F\u00e4ssern, Hoppern oder der Produktionslinie.","robots":{"index":"index","follow":"follow","max-snippet":"max-snippet:-1","max-image-preview":"max-image-preview:large","max-video-preview":"max-video-preview:-1"},"canonical":"https:\/\/www.van-beek.nl\/de\/schneckenfoerderer\/spezialanfertigungen\/schneckenprobenehmer\/","og_locale":"de_DE","og_type":"article","og_title":"Probenehmer: Schneckenprobenehmer | Van Beek","og_description":"Nat\u00fcrlich finden Sie bei Van Beek auch Schneckenprobenehmer f\u00fcr die Entnahme von Produktmustern aus F\u00e4ssern, Hoppern oder der Produktionslinie.","og_url":"https:\/\/www.van-beek.nl\/de\/schneckenfoerderer\/spezialanfertigungen\/schneckenprobenehmer\/","og_site_name":"Van Beek Schroeftransport","article_modified_time":"2021-06-15T09:15:34+00:00","og_image":[{"width":3999,"height":1980,"url":"https:\/\/www.van-beek.nl\/wp-content\/uploads\/2021\/03\/monsternameschroef_1.png","type":"image\/png"}],"twitter_card":"summary_large_image","twitter_misc":{"Gesch\u00e4tzte Lesezeit":"1\u00a0Minute"},"schema":{"@context":"https:\/\/schema.org","@graph":[{"@type":"WebPage","@id":"https:\/\/www.van-beek.nl\/de\/schneckenfoerderer\/spezialanfertigungen\/schneckenprobenehmer\/","url":"https:\/\/www.van-beek.nl\/de\/schneckenfoerderer\/spezialanfertigungen\/schneckenprobenehmer\/","name":"Probenehmer: Schneckenprobenehmer | Van Beek","isPartOf":{"@id":"https:\/\/www.van-beek.nl\/de\/#website"},"primaryImageOfPage":{"@id":"https:\/\/www.van-beek.nl\/de\/schneckenfoerderer\/spezialanfertigungen\/schneckenprobenehmer\/#primaryimage"},"image":{"@id":"https:\/\/www.van-beek.nl\/de\/schneckenfoerderer\/spezialanfertigungen\/schneckenprobenehmer\/#primaryimage"},"thumbnailUrl":"https:\/\/www.van-beek.nl\/wp-content\/uploads\/2021\/03\/monsternameschroef_1.png","datePublished":"2020-04-09T08:59:03+00:00","dateModified":"2021-06-15T09:15:34+00:00","description":"Nat\u00fcrlich finden Sie bei Van Beek auch Schneckenprobenehmer f\u00fcr die Entnahme von Produktmustern aus F\u00e4ssern, Hoppern oder der Produktionslinie.","breadcrumb":{"@id":"https:\/\/www.van-beek.nl\/de\/schneckenfoerderer\/spezialanfertigungen\/schneckenprobenehmer\/#breadcrumb"},"inLanguage":"de","potentialAction":[{"@type":"ReadAction","target":["https:\/\/www.van-beek.nl\/de\/schneckenfoerderer\/spezialanfertigungen\/schneckenprobenehmer\/"]}]},{"@type":"ImageObject","inLanguage":"de","@id":"https:\/\/www.van-beek.nl\/de\/schneckenfoerderer\/spezialanfertigungen\/schneckenprobenehmer\/#primaryimage","url":"https:\/\/www.van-beek.nl\/wp-content\/uploads\/2021\/03\/monsternameschroef_1.png","contentUrl":"https:\/\/www.van-beek.nl\/wp-content\/uploads\/2021\/03\/monsternameschroef_1.png","width":3999,"height":1980,"caption":"Monsternameschroeven voor het nemen van productmonsters uit silo\u2019s, bunkers of hoppers of in-line."},{"@type":"BreadcrumbList","@id":"https:\/\/www.van-beek.nl\/de\/schneckenfoerderer\/spezialanfertigungen\/schneckenprobenehmer\/#breadcrumb","itemListElement":[{"@type":"ListItem","position":1,"name":"Home","item":"https:\/\/www.van-beek.nl\/de\/"},{"@type":"ListItem","position":2,"name":"Schneckenf\u00f6rderer","item":"https:\/\/www.van-beek.nl\/de\/schneckenfoerderer\/"},{"@type":"ListItem","position":3,"name":"Spezialanfertigungen","item":"https:\/\/www.van-beek.nl\/de\/schneckenfoerderer\/spezialanfertigungen\/"},{"@type":"ListItem","position":4,"name":"Schneckenprobenehmer"}]},{"@type":"WebSite","@id":"https:\/\/www.van-beek.nl\/de\/#website","url":"https:\/\/www.van-beek.nl\/de\/","name":"Van Beek Schroeftransport","description":"","publisher":{"@id":"https:\/\/www.van-beek.nl\/de\/#organization"},"potentialAction":[{"@type":"SearchAction","target":{"@type":"EntryPoint","urlTemplate":"https:\/\/www.van-beek.nl\/de\/?s={search_term_string}"},"query-input":{"@type":"PropertyValueSpecification","valueRequired":true,"valueName":"search_term_string"}}],"inLanguage":"de"},{"@type":"Organization","@id":"https:\/\/www.van-beek.nl\/de\/#organization","name":"Transportschroeven- en machinefabriek Van Beek B.V.","url":"https:\/\/www.van-beek.nl\/de\/","logo":{"@type":"ImageObject","inLanguage":"de","@id":"https:\/\/www.van-beek.nl\/de\/#\/schema\/logo\/image\/","url":"https:\/\/van-beek.nl\/wp-content\/uploads\/2020\/04\/VanBeek-logo.png","contentUrl":"https:\/\/van-beek.nl\/wp-content\/uploads\/2020\/04\/VanBeek-logo.png","width":116,"height":22,"caption":"Transportschroeven- en machinefabriek Van Beek B.V."},"image":{"@id":"https:\/\/www.van-beek.nl\/de\/#\/schema\/logo\/image\/"}}]}},"_links":{"self":[{"href":"https:\/\/www.van-beek.nl\/de\/wp-json\/wp\/v2\/pages\/3803","targetHints":{"allow":["GET"]}}],"collection":[{"href":"https:\/\/www.van-beek.nl\/de\/wp-json\/wp\/v2\/pages"}],"about":[{"href":"https:\/\/www.van-beek.nl\/de\/wp-json\/wp\/v2\/types\/page"}],"author":[{"embeddable":true,"href":"https:\/\/www.van-beek.nl\/de\/wp-json\/wp\/v2\/users\/2"}],"replies":[{"embeddable":true,"href":"https:\/\/www.van-beek.nl\/de\/wp-json\/wp\/v2\/comments?post=3803"}],"version-history":[{"count":4,"href":"https:\/\/www.van-beek.nl\/de\/wp-json\/wp\/v2\/pages\/3803\/revisions"}],"predecessor-version":[{"id":8067,"href":"https:\/\/www.van-beek.nl\/de\/wp-json\/wp\/v2\/pages\/3803\/revisions\/8067"}],"up":[{"embeddable":true,"href":"https:\/\/www.van-beek.nl\/de\/wp-json\/wp\/v2\/pages\/3820"}],"wp:featuredmedia":[{"embeddable":true,"href":"https:\/\/www.van-beek.nl\/de\/wp-json\/wp\/v2\/media\/3266"}],"wp:attachment":[{"href":"https:\/\/www.van-beek.nl\/de\/wp-json\/wp\/v2\/media?parent=3803"}],"curies":[{"name":"wp","href":"https:\/\/api.w.org\/{rel}","templated":true}]}}