{"id":3804,"date":"2020-03-18T12:46:50","date_gmt":"2020-03-18T12:46:50","guid":{"rendered":"https:\/\/van-beek.nl\/celsius-schneckenwaermetauscher\/"},"modified":"2025-01-09T12:31:13","modified_gmt":"2025-01-09T10:31:13","slug":"celsius-schneckenwaermetauscher","status":"publish","type":"page","link":"https:\/\/www.van-beek.nl\/de\/celsius-schneckenwaermetauscher\/","title":{"rendered":"Celsius Schneckenw\u00e4rmetauscher"},"content":{"rendered":"<p><strong>Schneckenw\u00e4rmetauscher werden h\u00e4ufig in der Chemie-, Pharma-, Recycling- und Lebensmittelindustrie eingesetzt. So l\u00e4sst sich die kontrollierte K\u00fchlung, Erhitzung bzw. Trocknung und gleichzeitige Bef\u00f6rderung von Produkten auf eine effiziente und zudem ger\u00e4uscharme, energiesparende sowie staubfreie Weise ideal l\u00f6sen.<\/strong><\/p>\n<h2>Was ist ein Schneckenw\u00e4rmetauscher?<\/h2>\n<p><img loading=\"lazy\" decoding=\"async\" class=\"size-medium wp-image-11615 alignleft\" src=\"https:\/\/van-beek.nl\/wp-content\/uploads\/2023\/01\/MG_2208-300x200.jpg\" alt=\"\" width=\"300\" height=\"200\" srcset=\"https:\/\/www.van-beek.nl\/wp-content\/uploads\/2023\/01\/MG_2208-300x200.jpg 300w, https:\/\/www.van-beek.nl\/wp-content\/uploads\/2023\/01\/MG_2208-1024x683.jpg 1024w, https:\/\/www.van-beek.nl\/wp-content\/uploads\/2023\/01\/MG_2208-768x512.jpg 768w, https:\/\/www.van-beek.nl\/wp-content\/uploads\/2023\/01\/MG_2208-1536x1024.jpg 1536w, https:\/\/www.van-beek.nl\/wp-content\/uploads\/2023\/01\/MG_2208-2048x1365.jpg 2048w\" sizes=\"auto, (max-width: 300px) 100vw, 300px\" \/><\/p>\n<p>Ein Schneckenw\u00e4rmetauscher, d.\u00a0h. ein thermischer Schneckenf\u00f6rderer, ist eine Maschine, die W\u00e4rme von einem Medium (z.\u00a0B. Wasser, \u00d6l, Stickstoff oder Dampf) auf ein Produkt \u00fcbertr\u00e4gt, das zeitgleich von einer Schnecke bef\u00f6rdert wird. Diese Anlage enth\u00e4lt eine oder mehrere Schnecken mit einem doppelwandigen Innengeh\u00e4use und einem doppelwandigen Au\u00dfengeh\u00e4use, die f\u00fcr eine effiziente W\u00e4rme\u00fcbertragung von einem W\u00e4rmetr\u00e4ger durchflossen werden. Schneckenw\u00e4rmetauscher werden h\u00e4ufig bei Prozessen eingesetzt, bei denen feste, past\u00f6se oder klebrige Stoffe w\u00e4hrend der Bef\u00f6rderung erhitzt, getrocknet oder gek\u00fchlt werden m\u00fcssen oder deren Temperatur konstant bleiben soll.<\/p>\n<p>Zus\u00e4tzlich zum herk\u00f6mmlichen Schneckenw\u00e4rmetauscher hat Celsius seit neuestem eine komplett elektrische Variante entwickelt, die Celsius Volta hei\u00dft. Der Celsius Volta, der zum Erhitzen oder Trocknen von festen, past\u00f6sen oder klebrigen Stoffen einsetzbar ist, f\u00fchrt gegen\u00fcber dem herk\u00f6mmlichen Schneckenw\u00e4rmetauscher zu einer Energieeinsparung von mindestens 25\u00a0%. Dank der individuell regelbaren Temperaturzonen ist die Prozesssteuerung optimal. Da es keinen W\u00e4rmetr\u00e4ger gibt, wird das Risiko der Produktkontamination aufgrund eventueller Leckagen ausgeschlossen.<\/p>\n<h2>Welche Ausf\u00fchrungsvarianten gibt es?<\/h2>\n<p>Schneckenw\u00e4rmetauscher k\u00f6nnen aus Stahl, Edelstahl oder Spezialwerkstoffen wie Duplexstahl gefertigt werden. Der Durchmesser der F\u00f6rderschnecke, die Steigung der Wendel, die Drehzahl und noch vieles mehr sind variabel. L\u00e4nge und Durchmesser der gesamten Anlage k\u00f6nnen auf das Produktionsverfahren und den verf\u00fcgbaren Platz abgestimmt werden. Mit der Drehzahl ist die Geschwindigkeit der F\u00f6rderschnecke regelbar. Als W\u00e4rmetr\u00e4ger kommen meistens Wasser, Wasser-Glykol-Gemische, Stickstoff und \u00d6l zum Einsatz. Gelegentlich wird Dampf als W\u00e4rmetr\u00e4ger verwendet. Welcher Tr\u00e4ger gew\u00e4hlt wird, h\u00e4ngt vom Produkttyp, der Umgebung, dem Prozess, der vorhandenen Infrastruktur f\u00fcr einen bestimmten Tr\u00e4ger und den sonstigen W\u00fcnschen und Anforderungen ab. Au\u00dfer dem herk\u00f6mmlichen Schneckenw\u00e4rmetauscher mit W\u00e4rmetr\u00e4ger ist auch die elektrische Variante Celsius Volta zum Erhitzen oder Trocknen von Stoffen verf\u00fcgbar.<\/p>\n<h2>Anwendungen f\u00fcr einen thermischen Schneckenf\u00f6rderer<\/h2>\n<p>Schneckenw\u00e4rmetauscher k\u00f6nnen f\u00fcr viele Produkte und Anwendungen eingesetzt werden: vom K\u00fchlen von Sand bis zum Trocknen von Speisest\u00e4rke. Schneckenw\u00e4rmetauscher lassen sich in ein Verfahren integrieren, k\u00f6nnen perfekt auf bestehende Produktionslinien abgestimmt werden, sind aber ohne Weiteres auch als Stand-Alone-Anwendung denkbar.<\/p>\n<h2>Die Vorteile eines Schneckenw\u00e4rmetauschers<\/h2>\n<p>Die Kombination der Bef\u00f6rderung und gleichzeitigen K\u00fchlung, Erhitzung, des Mischens bzw. Trocknens von Produkten ist eine der St\u00e4rken von Schneckenw\u00e4rmetauschern. Diese Anlagen punkten jedoch noch mit vielen weiteren Eigenschaften:<\/p>\n<ul>\n<li>Dank der indirekten W\u00e4rme\u00fcbertragung kann der W\u00e4rmetr\u00e4ger wiederverwendet werden<\/li>\n<li>Past\u00f6se Massen k\u00f6nnen auch verarbeitet werden<\/li>\n<li>Auch kleinste Partikelgr\u00f6\u00dfen k\u00f6nnen verarbeitet werden<\/li>\n<li>Die Kontamination durch toxische Stoffe, Dampf und Staub wird vermieden<\/li>\n<li>Geringe bis keine Beeintr\u00e4chtigung des Produkts<\/li>\n<li>Kontinuierlicher Prozess statt Batch-Verfahren<\/li>\n<li>Wartungsfreundlich<\/li>\n<li>Niedriger Energieverbrauch<\/li>\n<li>Es wird eine Pufferm\u00f6glichkeit geboten<\/li>\n<\/ul>\n<h3>Die Vorteile von Celsius Volta<\/h3>\n<p>Au\u00dfer den Vorteilen des herk\u00f6mmlichen Schneckenw\u00e4rmetauschers bietet der Celsius Volta beim Erhitzen oder Trocknen eines Produkts weitere Vorz\u00fcge:<\/p>\n<ul>\n<li>Eine mindestens 25\u00a0%ige Energieeinsparung gegen\u00fcber herk\u00f6mmlichen Schneckenw\u00e4rmetauschern<\/li>\n<li>Es wird kein W\u00e4rmetr\u00e4ger ben\u00f6tigt, das Risiko der Produktkontamination aufgrund eventueller Leckagen wird somit ausgeschlossen<\/li>\n<li>Die Temperaturzonen sind individuell regelbar und bieten eine optimale Prozesssteuerung.<\/li>\n<\/ul>\n<h2>Tests mit einem Schneckenw\u00e4rmetauscher in der Blue Zone<\/h2>\n<p><img loading=\"lazy\" decoding=\"async\" class=\"size-medium wp-image-11622 alignleft\" src=\"https:\/\/van-beek.nl\/wp-content\/uploads\/2023\/01\/CWS500_zonder_birgit-300x136.jpg\" alt=\"\" width=\"300\" height=\"136\" srcset=\"https:\/\/www.van-beek.nl\/wp-content\/uploads\/2023\/01\/CWS500_zonder_birgit-300x136.jpg 300w, https:\/\/www.van-beek.nl\/wp-content\/uploads\/2023\/01\/CWS500_zonder_birgit-1024x465.jpg 1024w, https:\/\/www.van-beek.nl\/wp-content\/uploads\/2023\/01\/CWS500_zonder_birgit-768x349.jpg 768w, https:\/\/www.van-beek.nl\/wp-content\/uploads\/2023\/01\/CWS500_zonder_birgit-1536x697.jpg 1536w, https:\/\/www.van-beek.nl\/wp-content\/uploads\/2023\/01\/CWS500_zonder_birgit-2048x930.jpg 2048w\" sizes=\"auto, (max-width: 300px) 100vw, 300px\" \/>Unsere Testanlage <a href=\"\/de\/know-how\/testzentrum-the-blue-zone\/\">\u201eBlue Zone\u201c<\/a> ist ein blau abgegrenzter Bereich unseres Betriebs, in dem wir Produkte testen, analysieren und \u00fcberpr\u00fcfen. Im abgeschlossenen \u201eTest Room\u201c testen wir die Flie\u00dff\u00e4higkeit, die Klebrigkeit oder F\u00f6rderbarkeit verschiedener Produkte. So k\u00f6nnen wir pr\u00fcfen, welche Auswirkungen ein Schneckenw\u00e4rmetauscher auf bestimmte Produkte hat. Diese Tests k\u00f6nnen 5 Minuten in Anspruch nehmen, aber auch einen ganzen Tag dauern. Wir suchen gemeinsam mit Ihnen die beste L\u00f6sung f\u00fcr ein optimales Endergebnis. Unsere Testmaschinen k\u00f6nnen auch f\u00fcr Tests in Ihrem eigenen Produktionsprozess gemietet werden.<\/p>\n<h3><\/h3>\n<h3>M\u00f6chten Sie mehr \u00fcber unsere Schneckenw\u00e4rmetauscher oder Testm\u00f6glichkeiten erfahren? Bitte <a href=\"\/de\/celsius-schneckenwaermetauscher\/kontakt-celsius\/\">wenden Sie sich dann an uns<\/a>.<\/h3>\n","protected":false},"excerpt":{"rendered":"<p>Schneckenw\u00e4rmetauscher werden h\u00e4ufig in der Chemie-, Pharma-, Recycling- und Lebensmittelindustrie eingesetzt. So l\u00e4sst sich die kontrollierte K\u00fchlung, Erhitzung bzw. Trocknung und gleichzeitige Bef\u00f6rderung von Produkten auf eine effiziente und zudem ger\u00e4uscharme, energiesparende sowie staubfreie Weise ideal l\u00f6sen. Was ist ein Schneckenw\u00e4rmetauscher? Ein Schneckenw\u00e4rmetauscher, d.\u00a0h. ein thermischer Schneckenf\u00f6rderer, ist eine Maschine, die W\u00e4rme von einem Medium [&hellip;]<\/p>\n","protected":false},"author":1,"featured_media":0,"parent":0,"menu_order":0,"comment_status":"closed","ping_status":"closed","template":"silo-home.php","meta":{"_acf_changed":false,"content-type":"","inline_featured_image":false,"footnotes":""},"class_list":["post-3804","page","type-page","status-publish","hentry"],"acf":[],"yoast_head":"<!-- This site is optimized with the Yoast SEO plugin v27.5 - https:\/\/yoast.com\/product\/yoast-seo-wordpress\/ -->\n<title>Schneckenw\u00e4rmetauscher: alle Informationen auf einen Blick | Van Beek<\/title>\n<meta name=\"description\" content=\"Thermische Schneckenf\u00f6rderer bzw. Schneckenw\u00e4rmetauscher sind indirekte W\u00e4rmetauscher, die auf einer F\u00f6rderschnecke basieren.\" \/>\n<meta name=\"robots\" content=\"index, follow, max-snippet:-1, max-image-preview:large, max-video-preview:-1\" \/>\n<link rel=\"canonical\" href=\"https:\/\/www.van-beek.nl\/de\/celsius-schneckenwaermetauscher\/\" \/>\n<meta property=\"og:locale\" content=\"de_DE\" \/>\n<meta property=\"og:type\" content=\"article\" \/>\n<meta property=\"og:title\" content=\"Schneckenw\u00e4rmetauscher: alle Informationen auf einen Blick | Van Beek\" \/>\n<meta property=\"og:description\" content=\"Thermische Schneckenf\u00f6rderer bzw. Schneckenw\u00e4rmetauscher sind indirekte W\u00e4rmetauscher, die auf einer F\u00f6rderschnecke basieren.\" \/>\n<meta property=\"og:url\" content=\"https:\/\/www.van-beek.nl\/de\/celsius-schneckenwaermetauscher\/\" \/>\n<meta property=\"og:site_name\" content=\"Van Beek Schroeftransport\" \/>\n<meta property=\"article:modified_time\" content=\"2025-01-09T10:31:13+00:00\" \/>\n<meta property=\"og:image\" content=\"https:\/\/van-beek.nl\/wp-content\/uploads\/2023\/01\/MG_2208-300x200.jpg\" \/>\n<meta name=\"twitter:card\" content=\"summary_large_image\" \/>\n<meta name=\"twitter:label1\" content=\"Gesch\u00e4tzte Lesezeit\" \/>\n\t<meta name=\"twitter:data1\" content=\"4\u00a0Minuten\" \/>\n<script type=\"application\/ld+json\" class=\"yoast-schema-graph\">{\"@context\":\"https:\\\/\\\/schema.org\",\"@graph\":[{\"@type\":\"WebPage\",\"@id\":\"https:\\\/\\\/www.van-beek.nl\\\/de\\\/celsius-schneckenwaermetauscher\\\/\",\"url\":\"https:\\\/\\\/www.van-beek.nl\\\/de\\\/celsius-schneckenwaermetauscher\\\/\",\"name\":\"Schneckenw\u00e4rmetauscher: alle Informationen auf einen Blick | Van Beek\",\"isPartOf\":{\"@id\":\"https:\\\/\\\/www.van-beek.nl\\\/de\\\/#website\"},\"primaryImageOfPage\":{\"@id\":\"https:\\\/\\\/www.van-beek.nl\\\/de\\\/celsius-schneckenwaermetauscher\\\/#primaryimage\"},\"image\":{\"@id\":\"https:\\\/\\\/www.van-beek.nl\\\/de\\\/celsius-schneckenwaermetauscher\\\/#primaryimage\"},\"thumbnailUrl\":\"https:\\\/\\\/van-beek.nl\\\/wp-content\\\/uploads\\\/2023\\\/01\\\/MG_2208-300x200.jpg\",\"datePublished\":\"2020-03-18T12:46:50+00:00\",\"dateModified\":\"2025-01-09T10:31:13+00:00\",\"description\":\"Thermische Schneckenf\u00f6rderer bzw. Schneckenw\u00e4rmetauscher sind indirekte W\u00e4rmetauscher, die auf einer F\u00f6rderschnecke basieren.\",\"breadcrumb\":{\"@id\":\"https:\\\/\\\/www.van-beek.nl\\\/de\\\/celsius-schneckenwaermetauscher\\\/#breadcrumb\"},\"inLanguage\":\"de\",\"potentialAction\":[{\"@type\":\"ReadAction\",\"target\":[\"https:\\\/\\\/www.van-beek.nl\\\/de\\\/celsius-schneckenwaermetauscher\\\/\"]}]},{\"@type\":\"ImageObject\",\"inLanguage\":\"de\",\"@id\":\"https:\\\/\\\/www.van-beek.nl\\\/de\\\/celsius-schneckenwaermetauscher\\\/#primaryimage\",\"url\":\"https:\\\/\\\/van-beek.nl\\\/wp-content\\\/uploads\\\/2023\\\/01\\\/MG_2208-300x200.jpg\",\"contentUrl\":\"https:\\\/\\\/van-beek.nl\\\/wp-content\\\/uploads\\\/2023\\\/01\\\/MG_2208-300x200.jpg\"},{\"@type\":\"BreadcrumbList\",\"@id\":\"https:\\\/\\\/www.van-beek.nl\\\/de\\\/celsius-schneckenwaermetauscher\\\/#breadcrumb\",\"itemListElement\":[{\"@type\":\"ListItem\",\"position\":1,\"name\":\"Home\",\"item\":\"https:\\\/\\\/www.van-beek.nl\\\/de\\\/\"},{\"@type\":\"ListItem\",\"position\":2,\"name\":\"Celsius Schneckenw\u00e4rmetauscher\"}]},{\"@type\":\"WebSite\",\"@id\":\"https:\\\/\\\/www.van-beek.nl\\\/de\\\/#website\",\"url\":\"https:\\\/\\\/www.van-beek.nl\\\/de\\\/\",\"name\":\"Van Beek Schroeftransport\",\"description\":\"\",\"publisher\":{\"@id\":\"https:\\\/\\\/www.van-beek.nl\\\/de\\\/#organization\"},\"potentialAction\":[{\"@type\":\"SearchAction\",\"target\":{\"@type\":\"EntryPoint\",\"urlTemplate\":\"https:\\\/\\\/www.van-beek.nl\\\/de\\\/?s={search_term_string}\"},\"query-input\":{\"@type\":\"PropertyValueSpecification\",\"valueRequired\":true,\"valueName\":\"search_term_string\"}}],\"inLanguage\":\"de\"},{\"@type\":\"Organization\",\"@id\":\"https:\\\/\\\/www.van-beek.nl\\\/de\\\/#organization\",\"name\":\"Transportschroeven- en machinefabriek Van Beek B.V.\",\"url\":\"https:\\\/\\\/www.van-beek.nl\\\/de\\\/\",\"logo\":{\"@type\":\"ImageObject\",\"inLanguage\":\"de\",\"@id\":\"https:\\\/\\\/www.van-beek.nl\\\/de\\\/#\\\/schema\\\/logo\\\/image\\\/\",\"url\":\"https:\\\/\\\/van-beek.nl\\\/wp-content\\\/uploads\\\/2020\\\/04\\\/VanBeek-logo.png\",\"contentUrl\":\"https:\\\/\\\/van-beek.nl\\\/wp-content\\\/uploads\\\/2020\\\/04\\\/VanBeek-logo.png\",\"width\":116,\"height\":22,\"caption\":\"Transportschroeven- en machinefabriek Van Beek B.V.\"},\"image\":{\"@id\":\"https:\\\/\\\/www.van-beek.nl\\\/de\\\/#\\\/schema\\\/logo\\\/image\\\/\"}}]}<\/script>\n<!-- \/ Yoast SEO plugin. -->","yoast_head_json":{"title":"Schneckenw\u00e4rmetauscher: alle Informationen auf einen Blick | Van Beek","description":"Thermische Schneckenf\u00f6rderer bzw. Schneckenw\u00e4rmetauscher sind indirekte W\u00e4rmetauscher, die auf einer F\u00f6rderschnecke basieren.","robots":{"index":"index","follow":"follow","max-snippet":"max-snippet:-1","max-image-preview":"max-image-preview:large","max-video-preview":"max-video-preview:-1"},"canonical":"https:\/\/www.van-beek.nl\/de\/celsius-schneckenwaermetauscher\/","og_locale":"de_DE","og_type":"article","og_title":"Schneckenw\u00e4rmetauscher: alle Informationen auf einen Blick | Van Beek","og_description":"Thermische Schneckenf\u00f6rderer bzw. Schneckenw\u00e4rmetauscher sind indirekte W\u00e4rmetauscher, die auf einer F\u00f6rderschnecke basieren.","og_url":"https:\/\/www.van-beek.nl\/de\/celsius-schneckenwaermetauscher\/","og_site_name":"Van Beek Schroeftransport","article_modified_time":"2025-01-09T10:31:13+00:00","og_image":[{"url":"https:\/\/van-beek.nl\/wp-content\/uploads\/2023\/01\/MG_2208-300x200.jpg","type":"","width":"","height":""}],"twitter_card":"summary_large_image","twitter_misc":{"Gesch\u00e4tzte Lesezeit":"4\u00a0Minuten"},"schema":{"@context":"https:\/\/schema.org","@graph":[{"@type":"WebPage","@id":"https:\/\/www.van-beek.nl\/de\/celsius-schneckenwaermetauscher\/","url":"https:\/\/www.van-beek.nl\/de\/celsius-schneckenwaermetauscher\/","name":"Schneckenw\u00e4rmetauscher: alle Informationen auf einen Blick | Van Beek","isPartOf":{"@id":"https:\/\/www.van-beek.nl\/de\/#website"},"primaryImageOfPage":{"@id":"https:\/\/www.van-beek.nl\/de\/celsius-schneckenwaermetauscher\/#primaryimage"},"image":{"@id":"https:\/\/www.van-beek.nl\/de\/celsius-schneckenwaermetauscher\/#primaryimage"},"thumbnailUrl":"https:\/\/van-beek.nl\/wp-content\/uploads\/2023\/01\/MG_2208-300x200.jpg","datePublished":"2020-03-18T12:46:50+00:00","dateModified":"2025-01-09T10:31:13+00:00","description":"Thermische Schneckenf\u00f6rderer bzw. Schneckenw\u00e4rmetauscher sind indirekte W\u00e4rmetauscher, die auf einer F\u00f6rderschnecke basieren.","breadcrumb":{"@id":"https:\/\/www.van-beek.nl\/de\/celsius-schneckenwaermetauscher\/#breadcrumb"},"inLanguage":"de","potentialAction":[{"@type":"ReadAction","target":["https:\/\/www.van-beek.nl\/de\/celsius-schneckenwaermetauscher\/"]}]},{"@type":"ImageObject","inLanguage":"de","@id":"https:\/\/www.van-beek.nl\/de\/celsius-schneckenwaermetauscher\/#primaryimage","url":"https:\/\/van-beek.nl\/wp-content\/uploads\/2023\/01\/MG_2208-300x200.jpg","contentUrl":"https:\/\/van-beek.nl\/wp-content\/uploads\/2023\/01\/MG_2208-300x200.jpg"},{"@type":"BreadcrumbList","@id":"https:\/\/www.van-beek.nl\/de\/celsius-schneckenwaermetauscher\/#breadcrumb","itemListElement":[{"@type":"ListItem","position":1,"name":"Home","item":"https:\/\/www.van-beek.nl\/de\/"},{"@type":"ListItem","position":2,"name":"Celsius Schneckenw\u00e4rmetauscher"}]},{"@type":"WebSite","@id":"https:\/\/www.van-beek.nl\/de\/#website","url":"https:\/\/www.van-beek.nl\/de\/","name":"Van Beek Schroeftransport","description":"","publisher":{"@id":"https:\/\/www.van-beek.nl\/de\/#organization"},"potentialAction":[{"@type":"SearchAction","target":{"@type":"EntryPoint","urlTemplate":"https:\/\/www.van-beek.nl\/de\/?s={search_term_string}"},"query-input":{"@type":"PropertyValueSpecification","valueRequired":true,"valueName":"search_term_string"}}],"inLanguage":"de"},{"@type":"Organization","@id":"https:\/\/www.van-beek.nl\/de\/#organization","name":"Transportschroeven- en machinefabriek Van Beek B.V.","url":"https:\/\/www.van-beek.nl\/de\/","logo":{"@type":"ImageObject","inLanguage":"de","@id":"https:\/\/www.van-beek.nl\/de\/#\/schema\/logo\/image\/","url":"https:\/\/van-beek.nl\/wp-content\/uploads\/2020\/04\/VanBeek-logo.png","contentUrl":"https:\/\/van-beek.nl\/wp-content\/uploads\/2020\/04\/VanBeek-logo.png","width":116,"height":22,"caption":"Transportschroeven- en machinefabriek Van Beek B.V."},"image":{"@id":"https:\/\/www.van-beek.nl\/de\/#\/schema\/logo\/image\/"}}]}},"_links":{"self":[{"href":"https:\/\/www.van-beek.nl\/de\/wp-json\/wp\/v2\/pages\/3804","targetHints":{"allow":["GET"]}}],"collection":[{"href":"https:\/\/www.van-beek.nl\/de\/wp-json\/wp\/v2\/pages"}],"about":[{"href":"https:\/\/www.van-beek.nl\/de\/wp-json\/wp\/v2\/types\/page"}],"author":[{"embeddable":true,"href":"https:\/\/www.van-beek.nl\/de\/wp-json\/wp\/v2\/users\/1"}],"replies":[{"embeddable":true,"href":"https:\/\/www.van-beek.nl\/de\/wp-json\/wp\/v2\/comments?post=3804"}],"version-history":[{"count":9,"href":"https:\/\/www.van-beek.nl\/de\/wp-json\/wp\/v2\/pages\/3804\/revisions"}],"predecessor-version":[{"id":12986,"href":"https:\/\/www.van-beek.nl\/de\/wp-json\/wp\/v2\/pages\/3804\/revisions\/12986"}],"wp:attachment":[{"href":"https:\/\/www.van-beek.nl\/de\/wp-json\/wp\/v2\/media?parent=3804"}],"curies":[{"name":"wp","href":"https:\/\/api.w.org\/{rel}","templated":true}]}}