{"id":3805,"date":"2020-04-09T09:01:58","date_gmt":"2020-04-09T09:01:58","guid":{"rendered":"https:\/\/van-beek.nl\/installation-und-wartung\/"},"modified":"2021-06-15T12:16:19","modified_gmt":"2021-06-15T12:16:19","slug":"installation-und-wartung","status":"publish","type":"page","link":"https:\/\/www.van-beek.nl\/de\/service\/installation-und-wartung\/","title":{"rendered":"Installation und Wartung"},"content":{"rendered":"<p><strong>Die Installation eines Schneckenf\u00f6rderers kann komplex und zeitraubend sein. Da wir \u00fcber reichhaltige Erfahrungen in diesem Bereich verf\u00fcgen, k\u00f6nnen Sie sich darauf verlassen, dass Ihre neue oder angepasste Anlage nach der Installation sofort betriebsbereit und st\u00f6rungsfrei ist. Wir k\u00f6nnen Sie auch bei der Wartung der Maschine gerne unterst\u00fctzen oder die Wartung komplett f\u00fcr Sie \u00fcbernehmen.<\/strong><\/p>\n<h2>Die Wartung von Schneckenf\u00f6rderern<\/h2>\n<p>Schneckenf\u00f6rderer sind bekanntlich wartungsarm. Aufgrund der mechanischen Belastung des Antriebs sowie der (Zwischen-)Lager und Dichtungen m\u00fcssen sie jedoch regelm\u00e4\u00dfig gewartet werden. Schlecht gewartete Schneckenf\u00f6rderer sind st\u00f6rungsanf\u00e4lliger, gef\u00e4hrden die Arbeitssicherheit und haben eine k\u00fcrzere Lebensdauer. Dies l\u00e4sst sich durch regelm\u00e4\u00dfige Wartung vermeiden.<\/p>\n<h2>Wartung und Reinigung von Schneckenf\u00f6rderern in Eigenregie<\/h2>\n<p>M\u00f6chten Sie die Installation nach der Wartung oder Reinigung selbst vornehmen, eventuell unter Anleitung? Da wir Ihren einzeln gefertigten Schneckenf\u00f6rderer wie unsere Westentasche kennen, k\u00f6nnen wir Sie dabei unterst\u00fctzen. Gemeinsam mit unserem Monteur kommen Sie schneller voran und k\u00f6nnen nach kurzer Zeit wieder mit einer reibungslos funktionierenden Anlage weiterarbeiten. Bei der Wartung in Eigenregie halten Sie sich an die im Lieferumfang der Maschine enthaltenen Wartungsvorschriften. Nat\u00fcrlich k\u00f6nnen Sie sich auch dann immer bei Fragen oder f\u00fcr die Bestellung von Ersatzteilen an uns wenden.<\/p>\n<h2>Was bietet die Wartung durch Van Beek?<\/h2>\n<p>Unser Grundsatz ist, dass gute Wartung f\u00fcr eine lange Lebensdauer und f\u00fcr ungest\u00f6rten Betrieb sorgt. Daher reparieren und ersetzen wir w\u00e4hrend der Wartung nicht nur Verschlei\u00dfteile, sondern erhalten Sie von uns auch einen Bericht \u00fcber den Zustand Ihrer Anlage. Dies tun wir, um k\u00fcnftige Probleme, wie St\u00f6rungen, Sch\u00e4den oder Ausf\u00e4lle zu vermeiden. Nat\u00fcrlich sch\u00e4tzen Sie anhand des Berichts eventuelle Risiken ein und entscheiden, welche Reparaturen vorgenommen oder Teile ersetzt werden. Wir suchen gerne gemeinsam mit Ihnen die beste L\u00f6sung.<\/p>\n<h2>\u00dcberholung oder Wartung w\u00e4hrend der Betriebsferien<\/h2>\n<p>Der Sommer ist eine gute Zeit f\u00fcr die erforderliche Wartung und \u00dcberholung Ihrer Maschinen. Unser Serviceteam ist auch w\u00e4hrend dieser Zeit rund um die Uhr f\u00fcr Sie da. Wenn Sie Ihre Betriebsferien rechtzeitig bei uns melden, k\u00f6nnen wir Ihre Serviceanfrage zeitnah bearbeiten und Sie optimal bedienen.<\/p>\n<h2>Ihr Schneckenf\u00f6rderer in guten H\u00e4nden<\/h2>\n<ul>\n<li>Wenn Sie unseren Service nutzen, k\u00f6nnen Sie sich auf Folgendes verlassen:<\/li>\n<li>Reibungsloser Betrieb Ihrer Schneckenf\u00f6rderer<\/li>\n<li>Optimale Verl\u00e4ngerung der Lebensdauer Ihrer Maschinen<\/li>\n<li>Sicherere Arbeitsumst\u00e4nde<\/li>\n<\/ul>\n","protected":false},"excerpt":{"rendered":"<p>Die Installation eines Schneckenf\u00f6rderers kann komplex und zeitraubend sein. Da wir \u00fcber reichhaltige Erfahrungen in diesem Bereich verf\u00fcgen, k\u00f6nnen Sie sich darauf verlassen, dass Ihre neue oder angepasste Anlage nach der Installation sofort betriebsbereit und st\u00f6rungsfrei ist. Wir k\u00f6nnen Sie auch bei der Wartung der Maschine gerne unterst\u00fctzen oder die Wartung komplett f\u00fcr Sie \u00fcbernehmen. [&hellip;]<\/p>\n","protected":false},"author":2,"featured_media":0,"parent":3826,"menu_order":0,"comment_status":"closed","ping_status":"closed","template":"breed.php","meta":{"_acf_changed":false,"content-type":"","inline_featured_image":false,"footnotes":""},"class_list":["post-3805","page","type-page","status-publish","hentry"],"acf":[],"yoast_head":"<!-- This site is optimized with the Yoast SEO plugin v27.5 - https:\/\/yoast.com\/product\/yoast-seo-wordpress\/ -->\n<title>Installation und Wartung von Schneckenf\u00f6rderern | Van Beek<\/title>\n<meta name=\"description\" content=\"Wir verf\u00fcgen \u00fcber reichhaltige Erfahrungen mit der Installation von Schneckenf\u00f6rderern. Ihre Anlage ist daher nach der Installation sofort betriebsbereit und st\u00f6rungsfrei.\" \/>\n<meta name=\"robots\" content=\"index, follow, max-snippet:-1, max-image-preview:large, max-video-preview:-1\" \/>\n<link rel=\"canonical\" href=\"https:\/\/www.van-beek.nl\/de\/service\/installation-und-wartung\/\" \/>\n<meta property=\"og:locale\" content=\"de_DE\" \/>\n<meta property=\"og:type\" content=\"article\" \/>\n<meta property=\"og:title\" content=\"Installation und Wartung von Schneckenf\u00f6rderern | Van Beek\" \/>\n<meta property=\"og:description\" content=\"Wir verf\u00fcgen \u00fcber reichhaltige Erfahrungen mit der Installation von Schneckenf\u00f6rderern. Ihre Anlage ist daher nach der Installation sofort betriebsbereit und st\u00f6rungsfrei.\" \/>\n<meta property=\"og:url\" content=\"https:\/\/www.van-beek.nl\/de\/service\/installation-und-wartung\/\" \/>\n<meta property=\"og:site_name\" content=\"Van Beek Schroeftransport\" \/>\n<meta property=\"article:modified_time\" content=\"2021-06-15T12:16:19+00:00\" \/>\n<meta name=\"twitter:card\" content=\"summary_large_image\" \/>\n<meta name=\"twitter:label1\" content=\"Gesch\u00e4tzte Lesezeit\" \/>\n\t<meta name=\"twitter:data1\" content=\"2\u00a0Minuten\" \/>\n<script type=\"application\/ld+json\" class=\"yoast-schema-graph\">{\"@context\":\"https:\\\/\\\/schema.org\",\"@graph\":[{\"@type\":\"WebPage\",\"@id\":\"https:\\\/\\\/www.van-beek.nl\\\/de\\\/service\\\/installation-und-wartung\\\/\",\"url\":\"https:\\\/\\\/www.van-beek.nl\\\/de\\\/service\\\/installation-und-wartung\\\/\",\"name\":\"Installation und Wartung von Schneckenf\u00f6rderern | Van Beek\",\"isPartOf\":{\"@id\":\"https:\\\/\\\/www.van-beek.nl\\\/de\\\/#website\"},\"datePublished\":\"2020-04-09T09:01:58+00:00\",\"dateModified\":\"2021-06-15T12:16:19+00:00\",\"description\":\"Wir verf\u00fcgen \u00fcber reichhaltige Erfahrungen mit der Installation von Schneckenf\u00f6rderern. Ihre Anlage ist daher nach der Installation sofort betriebsbereit und st\u00f6rungsfrei.\",\"breadcrumb\":{\"@id\":\"https:\\\/\\\/www.van-beek.nl\\\/de\\\/service\\\/installation-und-wartung\\\/#breadcrumb\"},\"inLanguage\":\"de\",\"potentialAction\":[{\"@type\":\"ReadAction\",\"target\":[\"https:\\\/\\\/www.van-beek.nl\\\/de\\\/service\\\/installation-und-wartung\\\/\"]}]},{\"@type\":\"BreadcrumbList\",\"@id\":\"https:\\\/\\\/www.van-beek.nl\\\/de\\\/service\\\/installation-und-wartung\\\/#breadcrumb\",\"itemListElement\":[{\"@type\":\"ListItem\",\"position\":1,\"name\":\"Home\",\"item\":\"https:\\\/\\\/www.van-beek.nl\\\/de\\\/\"},{\"@type\":\"ListItem\",\"position\":2,\"name\":\"Service\",\"item\":\"https:\\\/\\\/www.van-beek.nl\\\/de\\\/service\\\/\"},{\"@type\":\"ListItem\",\"position\":3,\"name\":\"Installation und Wartung\"}]},{\"@type\":\"WebSite\",\"@id\":\"https:\\\/\\\/www.van-beek.nl\\\/de\\\/#website\",\"url\":\"https:\\\/\\\/www.van-beek.nl\\\/de\\\/\",\"name\":\"Van Beek Schroeftransport\",\"description\":\"\",\"publisher\":{\"@id\":\"https:\\\/\\\/www.van-beek.nl\\\/de\\\/#organization\"},\"potentialAction\":[{\"@type\":\"SearchAction\",\"target\":{\"@type\":\"EntryPoint\",\"urlTemplate\":\"https:\\\/\\\/www.van-beek.nl\\\/de\\\/?s={search_term_string}\"},\"query-input\":{\"@type\":\"PropertyValueSpecification\",\"valueRequired\":true,\"valueName\":\"search_term_string\"}}],\"inLanguage\":\"de\"},{\"@type\":\"Organization\",\"@id\":\"https:\\\/\\\/www.van-beek.nl\\\/de\\\/#organization\",\"name\":\"Transportschroeven- en machinefabriek Van Beek B.V.\",\"url\":\"https:\\\/\\\/www.van-beek.nl\\\/de\\\/\",\"logo\":{\"@type\":\"ImageObject\",\"inLanguage\":\"de\",\"@id\":\"https:\\\/\\\/www.van-beek.nl\\\/de\\\/#\\\/schema\\\/logo\\\/image\\\/\",\"url\":\"https:\\\/\\\/van-beek.nl\\\/wp-content\\\/uploads\\\/2020\\\/04\\\/VanBeek-logo.png\",\"contentUrl\":\"https:\\\/\\\/van-beek.nl\\\/wp-content\\\/uploads\\\/2020\\\/04\\\/VanBeek-logo.png\",\"width\":116,\"height\":22,\"caption\":\"Transportschroeven- en machinefabriek Van Beek B.V.\"},\"image\":{\"@id\":\"https:\\\/\\\/www.van-beek.nl\\\/de\\\/#\\\/schema\\\/logo\\\/image\\\/\"}}]}<\/script>\n<!-- \/ Yoast SEO plugin. -->","yoast_head_json":{"title":"Installation und Wartung von Schneckenf\u00f6rderern | Van Beek","description":"Wir verf\u00fcgen \u00fcber reichhaltige Erfahrungen mit der Installation von Schneckenf\u00f6rderern. Ihre Anlage ist daher nach der Installation sofort betriebsbereit und st\u00f6rungsfrei.","robots":{"index":"index","follow":"follow","max-snippet":"max-snippet:-1","max-image-preview":"max-image-preview:large","max-video-preview":"max-video-preview:-1"},"canonical":"https:\/\/www.van-beek.nl\/de\/service\/installation-und-wartung\/","og_locale":"de_DE","og_type":"article","og_title":"Installation und Wartung von Schneckenf\u00f6rderern | Van Beek","og_description":"Wir verf\u00fcgen \u00fcber reichhaltige Erfahrungen mit der Installation von Schneckenf\u00f6rderern. Ihre Anlage ist daher nach der Installation sofort betriebsbereit und st\u00f6rungsfrei.","og_url":"https:\/\/www.van-beek.nl\/de\/service\/installation-und-wartung\/","og_site_name":"Van Beek Schroeftransport","article_modified_time":"2021-06-15T12:16:19+00:00","twitter_card":"summary_large_image","twitter_misc":{"Gesch\u00e4tzte Lesezeit":"2\u00a0Minuten"},"schema":{"@context":"https:\/\/schema.org","@graph":[{"@type":"WebPage","@id":"https:\/\/www.van-beek.nl\/de\/service\/installation-und-wartung\/","url":"https:\/\/www.van-beek.nl\/de\/service\/installation-und-wartung\/","name":"Installation und Wartung von Schneckenf\u00f6rderern | Van Beek","isPartOf":{"@id":"https:\/\/www.van-beek.nl\/de\/#website"},"datePublished":"2020-04-09T09:01:58+00:00","dateModified":"2021-06-15T12:16:19+00:00","description":"Wir verf\u00fcgen \u00fcber reichhaltige Erfahrungen mit der Installation von Schneckenf\u00f6rderern. Ihre Anlage ist daher nach der Installation sofort betriebsbereit und st\u00f6rungsfrei.","breadcrumb":{"@id":"https:\/\/www.van-beek.nl\/de\/service\/installation-und-wartung\/#breadcrumb"},"inLanguage":"de","potentialAction":[{"@type":"ReadAction","target":["https:\/\/www.van-beek.nl\/de\/service\/installation-und-wartung\/"]}]},{"@type":"BreadcrumbList","@id":"https:\/\/www.van-beek.nl\/de\/service\/installation-und-wartung\/#breadcrumb","itemListElement":[{"@type":"ListItem","position":1,"name":"Home","item":"https:\/\/www.van-beek.nl\/de\/"},{"@type":"ListItem","position":2,"name":"Service","item":"https:\/\/www.van-beek.nl\/de\/service\/"},{"@type":"ListItem","position":3,"name":"Installation und Wartung"}]},{"@type":"WebSite","@id":"https:\/\/www.van-beek.nl\/de\/#website","url":"https:\/\/www.van-beek.nl\/de\/","name":"Van Beek Schroeftransport","description":"","publisher":{"@id":"https:\/\/www.van-beek.nl\/de\/#organization"},"potentialAction":[{"@type":"SearchAction","target":{"@type":"EntryPoint","urlTemplate":"https:\/\/www.van-beek.nl\/de\/?s={search_term_string}"},"query-input":{"@type":"PropertyValueSpecification","valueRequired":true,"valueName":"search_term_string"}}],"inLanguage":"de"},{"@type":"Organization","@id":"https:\/\/www.van-beek.nl\/de\/#organization","name":"Transportschroeven- en machinefabriek Van Beek B.V.","url":"https:\/\/www.van-beek.nl\/de\/","logo":{"@type":"ImageObject","inLanguage":"de","@id":"https:\/\/www.van-beek.nl\/de\/#\/schema\/logo\/image\/","url":"https:\/\/van-beek.nl\/wp-content\/uploads\/2020\/04\/VanBeek-logo.png","contentUrl":"https:\/\/van-beek.nl\/wp-content\/uploads\/2020\/04\/VanBeek-logo.png","width":116,"height":22,"caption":"Transportschroeven- en machinefabriek Van Beek B.V."},"image":{"@id":"https:\/\/www.van-beek.nl\/de\/#\/schema\/logo\/image\/"}}]}},"_links":{"self":[{"href":"https:\/\/www.van-beek.nl\/de\/wp-json\/wp\/v2\/pages\/3805","targetHints":{"allow":["GET"]}}],"collection":[{"href":"https:\/\/www.van-beek.nl\/de\/wp-json\/wp\/v2\/pages"}],"about":[{"href":"https:\/\/www.van-beek.nl\/de\/wp-json\/wp\/v2\/types\/page"}],"author":[{"embeddable":true,"href":"https:\/\/www.van-beek.nl\/de\/wp-json\/wp\/v2\/users\/2"}],"replies":[{"embeddable":true,"href":"https:\/\/www.van-beek.nl\/de\/wp-json\/wp\/v2\/comments?post=3805"}],"version-history":[{"count":2,"href":"https:\/\/www.van-beek.nl\/de\/wp-json\/wp\/v2\/pages\/3805\/revisions"}],"predecessor-version":[{"id":7856,"href":"https:\/\/www.van-beek.nl\/de\/wp-json\/wp\/v2\/pages\/3805\/revisions\/7856"}],"up":[{"embeddable":true,"href":"https:\/\/www.van-beek.nl\/de\/wp-json\/wp\/v2\/pages\/3826"}],"wp:attachment":[{"href":"https:\/\/www.van-beek.nl\/de\/wp-json\/wp\/v2\/media?parent=3805"}],"curies":[{"name":"wp","href":"https:\/\/api.w.org\/{rel}","templated":true}]}}