{"id":3806,"date":"2020-04-09T09:02:21","date_gmt":"2020-04-09T09:02:21","guid":{"rendered":"https:\/\/van-beek.nl\/stoerungsdienst-rund-um-die-uhr\/"},"modified":"2021-06-15T12:16:52","modified_gmt":"2021-06-15T12:16:52","slug":"stoerungsdienst-rund-um-die-uhr","status":"publish","type":"page","link":"https:\/\/www.van-beek.nl\/de\/service\/stoerungsdienst-rund-um-die-uhr\/","title":{"rendered":"St\u00f6rungsdienst rund um die Uhr"},"content":{"rendered":"<p><strong>Wenn eine St\u00f6rung auftritt, ist dies unangenehm und kann sehr kostspielig werden. Wenn Sie sich an uns wenden, tun wir unser Bestes, um die St\u00f6rung schnell zu beheben. Aufgrund unserer langj\u00e4hrigen Erfahrung k\u00f6nnen wir auch die komplexesten Probleme l\u00f6sen <\/strong><\/p>\n<h2>Behebung der St\u00f6rungen an Ihrem Schneckenf\u00f6rderer<\/h2>\n<p>Wenn St\u00f6rungen an Schneckenf\u00f6rderern auftreten, ist der Grund daf\u00fcr meistens entweder \u00dcberbelastung oder ein Wartungsr\u00fcckstand. Wenn z. B. zu viel F\u00f6rdergut zugef\u00fchrt wird, kann der Antrieb aussetzen. Aber auch besch\u00e4digte oder verschlissene Dichtungen k\u00f6nnen daf\u00fcr sorgen, dass das F\u00f6rdergut die Lager ber\u00fchrt und die einwandfreie Funktion beeintr\u00e4chtigt.<\/p>\n<h2>Rund-um-die-Uhr-Service<\/h2>\n<p>Unsere Serviceabteilung ist f\u00fcr Sie rund um die Uhr erreichbar. Rufen Sie uns unter <u>+31 (0)416 37 52 25<\/u> an oder f\u00fcllen Sie das <a href=\"\/de\/schneckenfoerderer\/kontakt-van-beek\/\"><u>Kontaktformular<\/u><\/a> aus. Wir wenden uns dann schnell an Sie. Tritt eine St\u00f6rung au\u00dferhalb der Gesch\u00e4ftszeiten auf? Wenden Sie sich dann \u00fcber die direkte Servicenummer <u>+31 (0)6 53 28 72 58<\/u> an uns, unter dieser Nummer sind wir rund um die Uhr erreichbar.<\/p>\n<h2>Arbeitssicherheit<\/h2>\n<p>Genau wie Sie m\u00f6chten wir Betriebsunf\u00e4lle weitestgehend vermeiden. Daher besitzen alle unsere Servicemitarbeiter:innen ein SGU-Zertifikat. Das bedeutet, dass sie s\u00e4mtliche relevanten Sicherheitsvorschriften kennen. Auch unser Unternehmen ist SGU-zertifiziert.<\/p>\n","protected":false},"excerpt":{"rendered":"<p>Wenn eine St\u00f6rung auftritt, ist dies unangenehm und kann sehr kostspielig werden. Wenn Sie sich an uns wenden, tun wir unser Bestes, um die St\u00f6rung schnell zu beheben. Aufgrund unserer langj\u00e4hrigen Erfahrung k\u00f6nnen wir auch die komplexesten Probleme l\u00f6sen Behebung der St\u00f6rungen an Ihrem Schneckenf\u00f6rderer Wenn St\u00f6rungen an Schneckenf\u00f6rderern auftreten, ist der Grund daf\u00fcr meistens [&hellip;]<\/p>\n","protected":false},"author":2,"featured_media":0,"parent":3826,"menu_order":0,"comment_status":"closed","ping_status":"closed","template":"breed.php","meta":{"_acf_changed":false,"content-type":"","inline_featured_image":false,"footnotes":""},"class_list":["post-3806","page","type-page","status-publish","hentry"],"acf":[],"yoast_head":"<!-- This site is optimized with the Yoast SEO plugin v27.5 - https:\/\/yoast.com\/product\/yoast-seo-wordpress\/ -->\n<title>St\u00f6rungsdienst rund um die Uhr | Van Beek<\/title>\n<meta name=\"description\" content=\"Wenn eine St\u00f6rung auftritt, ist dies unangenehm und kann sehr kostspielig werden. Wenn Sie sich an uns wenden, tun wir unser Bestes, um die St\u00f6rung schnell zu beheben.\" \/>\n<meta name=\"robots\" content=\"index, follow, max-snippet:-1, max-image-preview:large, max-video-preview:-1\" \/>\n<link rel=\"canonical\" href=\"https:\/\/www.van-beek.nl\/de\/service\/stoerungsdienst-rund-um-die-uhr\/\" \/>\n<meta property=\"og:locale\" content=\"de_DE\" \/>\n<meta property=\"og:type\" content=\"article\" \/>\n<meta property=\"og:title\" content=\"St\u00f6rungsdienst rund um die Uhr | Van Beek\" \/>\n<meta property=\"og:description\" content=\"Wenn eine St\u00f6rung auftritt, ist dies unangenehm und kann sehr kostspielig werden. Wenn Sie sich an uns wenden, tun wir unser Bestes, um die St\u00f6rung schnell zu beheben.\" \/>\n<meta property=\"og:url\" content=\"https:\/\/www.van-beek.nl\/de\/service\/stoerungsdienst-rund-um-die-uhr\/\" \/>\n<meta property=\"og:site_name\" content=\"Van Beek Schroeftransport\" \/>\n<meta property=\"article:modified_time\" content=\"2021-06-15T12:16:52+00:00\" \/>\n<meta name=\"twitter:card\" content=\"summary_large_image\" \/>\n<meta name=\"twitter:label1\" content=\"Gesch\u00e4tzte Lesezeit\" \/>\n\t<meta name=\"twitter:data1\" content=\"1\u00a0Minute\" \/>\n<script type=\"application\/ld+json\" class=\"yoast-schema-graph\">{\"@context\":\"https:\\\/\\\/schema.org\",\"@graph\":[{\"@type\":\"WebPage\",\"@id\":\"https:\\\/\\\/www.van-beek.nl\\\/de\\\/service\\\/stoerungsdienst-rund-um-die-uhr\\\/\",\"url\":\"https:\\\/\\\/www.van-beek.nl\\\/de\\\/service\\\/stoerungsdienst-rund-um-die-uhr\\\/\",\"name\":\"St\u00f6rungsdienst rund um die Uhr | Van Beek\",\"isPartOf\":{\"@id\":\"https:\\\/\\\/www.van-beek.nl\\\/de\\\/#website\"},\"datePublished\":\"2020-04-09T09:02:21+00:00\",\"dateModified\":\"2021-06-15T12:16:52+00:00\",\"description\":\"Wenn eine St\u00f6rung auftritt, ist dies unangenehm und kann sehr kostspielig werden. Wenn Sie sich an uns wenden, tun wir unser Bestes, um die St\u00f6rung schnell zu beheben.\",\"breadcrumb\":{\"@id\":\"https:\\\/\\\/www.van-beek.nl\\\/de\\\/service\\\/stoerungsdienst-rund-um-die-uhr\\\/#breadcrumb\"},\"inLanguage\":\"de\",\"potentialAction\":[{\"@type\":\"ReadAction\",\"target\":[\"https:\\\/\\\/www.van-beek.nl\\\/de\\\/service\\\/stoerungsdienst-rund-um-die-uhr\\\/\"]}]},{\"@type\":\"BreadcrumbList\",\"@id\":\"https:\\\/\\\/www.van-beek.nl\\\/de\\\/service\\\/stoerungsdienst-rund-um-die-uhr\\\/#breadcrumb\",\"itemListElement\":[{\"@type\":\"ListItem\",\"position\":1,\"name\":\"Home\",\"item\":\"https:\\\/\\\/www.van-beek.nl\\\/de\\\/\"},{\"@type\":\"ListItem\",\"position\":2,\"name\":\"Service\",\"item\":\"https:\\\/\\\/www.van-beek.nl\\\/de\\\/service\\\/\"},{\"@type\":\"ListItem\",\"position\":3,\"name\":\"St\u00f6rungsdienst rund um die Uhr\"}]},{\"@type\":\"WebSite\",\"@id\":\"https:\\\/\\\/www.van-beek.nl\\\/de\\\/#website\",\"url\":\"https:\\\/\\\/www.van-beek.nl\\\/de\\\/\",\"name\":\"Van Beek Schroeftransport\",\"description\":\"\",\"publisher\":{\"@id\":\"https:\\\/\\\/www.van-beek.nl\\\/de\\\/#organization\"},\"potentialAction\":[{\"@type\":\"SearchAction\",\"target\":{\"@type\":\"EntryPoint\",\"urlTemplate\":\"https:\\\/\\\/www.van-beek.nl\\\/de\\\/?s={search_term_string}\"},\"query-input\":{\"@type\":\"PropertyValueSpecification\",\"valueRequired\":true,\"valueName\":\"search_term_string\"}}],\"inLanguage\":\"de\"},{\"@type\":\"Organization\",\"@id\":\"https:\\\/\\\/www.van-beek.nl\\\/de\\\/#organization\",\"name\":\"Transportschroeven- en machinefabriek Van Beek B.V.\",\"url\":\"https:\\\/\\\/www.van-beek.nl\\\/de\\\/\",\"logo\":{\"@type\":\"ImageObject\",\"inLanguage\":\"de\",\"@id\":\"https:\\\/\\\/www.van-beek.nl\\\/de\\\/#\\\/schema\\\/logo\\\/image\\\/\",\"url\":\"https:\\\/\\\/van-beek.nl\\\/wp-content\\\/uploads\\\/2020\\\/04\\\/VanBeek-logo.png\",\"contentUrl\":\"https:\\\/\\\/van-beek.nl\\\/wp-content\\\/uploads\\\/2020\\\/04\\\/VanBeek-logo.png\",\"width\":116,\"height\":22,\"caption\":\"Transportschroeven- en machinefabriek Van Beek B.V.\"},\"image\":{\"@id\":\"https:\\\/\\\/www.van-beek.nl\\\/de\\\/#\\\/schema\\\/logo\\\/image\\\/\"}}]}<\/script>\n<!-- \/ Yoast SEO plugin. -->","yoast_head_json":{"title":"St\u00f6rungsdienst rund um die Uhr | Van Beek","description":"Wenn eine St\u00f6rung auftritt, ist dies unangenehm und kann sehr kostspielig werden. Wenn Sie sich an uns wenden, tun wir unser Bestes, um die St\u00f6rung schnell zu beheben.","robots":{"index":"index","follow":"follow","max-snippet":"max-snippet:-1","max-image-preview":"max-image-preview:large","max-video-preview":"max-video-preview:-1"},"canonical":"https:\/\/www.van-beek.nl\/de\/service\/stoerungsdienst-rund-um-die-uhr\/","og_locale":"de_DE","og_type":"article","og_title":"St\u00f6rungsdienst rund um die Uhr | Van Beek","og_description":"Wenn eine St\u00f6rung auftritt, ist dies unangenehm und kann sehr kostspielig werden. Wenn Sie sich an uns wenden, tun wir unser Bestes, um die St\u00f6rung schnell zu beheben.","og_url":"https:\/\/www.van-beek.nl\/de\/service\/stoerungsdienst-rund-um-die-uhr\/","og_site_name":"Van Beek Schroeftransport","article_modified_time":"2021-06-15T12:16:52+00:00","twitter_card":"summary_large_image","twitter_misc":{"Gesch\u00e4tzte Lesezeit":"1\u00a0Minute"},"schema":{"@context":"https:\/\/schema.org","@graph":[{"@type":"WebPage","@id":"https:\/\/www.van-beek.nl\/de\/service\/stoerungsdienst-rund-um-die-uhr\/","url":"https:\/\/www.van-beek.nl\/de\/service\/stoerungsdienst-rund-um-die-uhr\/","name":"St\u00f6rungsdienst rund um die Uhr | Van Beek","isPartOf":{"@id":"https:\/\/www.van-beek.nl\/de\/#website"},"datePublished":"2020-04-09T09:02:21+00:00","dateModified":"2021-06-15T12:16:52+00:00","description":"Wenn eine St\u00f6rung auftritt, ist dies unangenehm und kann sehr kostspielig werden. Wenn Sie sich an uns wenden, tun wir unser Bestes, um die St\u00f6rung schnell zu beheben.","breadcrumb":{"@id":"https:\/\/www.van-beek.nl\/de\/service\/stoerungsdienst-rund-um-die-uhr\/#breadcrumb"},"inLanguage":"de","potentialAction":[{"@type":"ReadAction","target":["https:\/\/www.van-beek.nl\/de\/service\/stoerungsdienst-rund-um-die-uhr\/"]}]},{"@type":"BreadcrumbList","@id":"https:\/\/www.van-beek.nl\/de\/service\/stoerungsdienst-rund-um-die-uhr\/#breadcrumb","itemListElement":[{"@type":"ListItem","position":1,"name":"Home","item":"https:\/\/www.van-beek.nl\/de\/"},{"@type":"ListItem","position":2,"name":"Service","item":"https:\/\/www.van-beek.nl\/de\/service\/"},{"@type":"ListItem","position":3,"name":"St\u00f6rungsdienst rund um die Uhr"}]},{"@type":"WebSite","@id":"https:\/\/www.van-beek.nl\/de\/#website","url":"https:\/\/www.van-beek.nl\/de\/","name":"Van Beek Schroeftransport","description":"","publisher":{"@id":"https:\/\/www.van-beek.nl\/de\/#organization"},"potentialAction":[{"@type":"SearchAction","target":{"@type":"EntryPoint","urlTemplate":"https:\/\/www.van-beek.nl\/de\/?s={search_term_string}"},"query-input":{"@type":"PropertyValueSpecification","valueRequired":true,"valueName":"search_term_string"}}],"inLanguage":"de"},{"@type":"Organization","@id":"https:\/\/www.van-beek.nl\/de\/#organization","name":"Transportschroeven- en machinefabriek Van Beek B.V.","url":"https:\/\/www.van-beek.nl\/de\/","logo":{"@type":"ImageObject","inLanguage":"de","@id":"https:\/\/www.van-beek.nl\/de\/#\/schema\/logo\/image\/","url":"https:\/\/van-beek.nl\/wp-content\/uploads\/2020\/04\/VanBeek-logo.png","contentUrl":"https:\/\/van-beek.nl\/wp-content\/uploads\/2020\/04\/VanBeek-logo.png","width":116,"height":22,"caption":"Transportschroeven- en machinefabriek Van Beek B.V."},"image":{"@id":"https:\/\/www.van-beek.nl\/de\/#\/schema\/logo\/image\/"}}]}},"_links":{"self":[{"href":"https:\/\/www.van-beek.nl\/de\/wp-json\/wp\/v2\/pages\/3806","targetHints":{"allow":["GET"]}}],"collection":[{"href":"https:\/\/www.van-beek.nl\/de\/wp-json\/wp\/v2\/pages"}],"about":[{"href":"https:\/\/www.van-beek.nl\/de\/wp-json\/wp\/v2\/types\/page"}],"author":[{"embeddable":true,"href":"https:\/\/www.van-beek.nl\/de\/wp-json\/wp\/v2\/users\/2"}],"replies":[{"embeddable":true,"href":"https:\/\/www.van-beek.nl\/de\/wp-json\/wp\/v2\/comments?post=3806"}],"version-history":[{"count":3,"href":"https:\/\/www.van-beek.nl\/de\/wp-json\/wp\/v2\/pages\/3806\/revisions"}],"predecessor-version":[{"id":8080,"href":"https:\/\/www.van-beek.nl\/de\/wp-json\/wp\/v2\/pages\/3806\/revisions\/8080"}],"up":[{"embeddable":true,"href":"https:\/\/www.van-beek.nl\/de\/wp-json\/wp\/v2\/pages\/3826"}],"wp:attachment":[{"href":"https:\/\/www.van-beek.nl\/de\/wp-json\/wp\/v2\/media?parent=3806"}],"curies":[{"name":"wp","href":"https:\/\/api.w.org\/{rel}","templated":true}]}}