{"id":3807,"date":"2020-04-09T09:02:48","date_gmt":"2020-04-09T09:02:48","guid":{"rendered":"https:\/\/van-beek.nl\/bestellung-von-ersatzteilen\/"},"modified":"2021-06-15T12:13:00","modified_gmt":"2021-06-15T12:13:00","slug":"bestellung-von-ersatzteilen","status":"publish","type":"page","link":"https:\/\/www.van-beek.nl\/de\/service\/bestellung-von-ersatzteilen\/","title":{"rendered":"Bestellung von Ersatzteilen"},"content":{"rendered":"<p><strong>Bestimmte Teile von Schneckenf\u00f6rderern sind verschlei\u00dfanf\u00e4llig, wie z. B. Lager und Dichtungen. Diese Teile werden in unserem Verwaltungssystem gef\u00fchrt. Wenn Ihr Werk sich in den Niederlanden befindet, erhalten Sie bestellte Teile meistens am n\u00e4chsten Tag oder sogar noch am gleichen Tag.<br \/>\n<\/strong><\/p>\n<h2>Ersatzteile von Schneckenf\u00f6rderern vorr\u00e4tig<\/h2>\n<p>Wenn Sie die Wartung Ihrer Maschinen in Eigenregie durchf\u00fchren, m\u00fcssen Sie sich auf die schnelle Lieferung von Ersatzteilen wie Lagern und Dichtungen verlassen k\u00f6nnen. H\u00e4ufig ben\u00f6tigte Ersatzteile haben wir standardm\u00e4\u00dfig auf Vorrat. Ansonsten k\u00f6nnen Sie die Lieferung so schnell wie m\u00f6glich erwarten. Es gibt auch Unternehmen, welche die wichtigsten Verschlei\u00dfteile selbst auf Lager haben m\u00f6chten, sodass sie sie bei St\u00f6rungen sofort ersetzen k\u00f6nnen. M\u00f6chten Sie zur Vorratshaltung von Ersatzteilen beraten werden? Bitte <a href=\"\/de\/schneckenfoerderer\/kontakt-van-beek\/\"><u>wenden Sie sich dann an uns<\/u><\/a>.<\/p>\n<h2>Die richtigen Ersatzteile immer in Reichweite<\/h2>\n<p>Es kann viel Zeit kosten, die richtigen Ersatzteile zu finden, vor allem, wenn die Angaben \u00fcber sie fehlen. Sie k\u00f6nnen sich jedoch darauf verlassen, dass die Liste mit den Ersatzteilen auch viele Jahre nach der Anschaffung einer Maschine bei uns in unserem System steht. Sie k\u00f6nnen diese Angaben per <a href=\"mailto:info@van-beek.nl\">E-<u>Mail<\/u><\/a> oder <a href=\"\/de\/schneckenfoerderer\/kontakt-van-beek\/\"><u>Telefon<\/u><\/a> bei uns anfordern.<\/p>\n","protected":false},"excerpt":{"rendered":"<p>Bestimmte Teile von Schneckenf\u00f6rderern sind verschlei\u00dfanf\u00e4llig, wie z. B. Lager und Dichtungen. Diese Teile werden in unserem Verwaltungssystem gef\u00fchrt. Wenn Ihr Werk sich in den Niederlanden befindet, erhalten Sie bestellte Teile meistens am n\u00e4chsten Tag oder sogar noch am gleichen Tag. Ersatzteile von Schneckenf\u00f6rderern vorr\u00e4tig Wenn Sie die Wartung Ihrer Maschinen in Eigenregie durchf\u00fchren, m\u00fcssen [&hellip;]<\/p>\n","protected":false},"author":2,"featured_media":0,"parent":3826,"menu_order":0,"comment_status":"closed","ping_status":"closed","template":"breed.php","meta":{"_acf_changed":false,"content-type":"","inline_featured_image":false,"footnotes":""},"class_list":["post-3807","page","type-page","status-publish","hentry"],"acf":[],"yoast_head":"<!-- This site is optimized with the Yoast SEO plugin v27.5 - https:\/\/yoast.com\/product\/yoast-seo-wordpress\/ -->\n<title>Ersatzteile f\u00fcr Schneckenf\u00f6rderer bestellen | Van Beek.<\/title>\n<meta name=\"description\" content=\"Die Verschlei\u00dfteile Ihrer Maschine sind in unserem Verwaltungssystem enthalten. In den meisten F\u00e4llen sind sie bereits am n\u00e4chsten Tag bei Ihnen.\" \/>\n<meta name=\"robots\" content=\"index, follow, max-snippet:-1, max-image-preview:large, max-video-preview:-1\" \/>\n<link rel=\"canonical\" href=\"https:\/\/www.van-beek.nl\/de\/service\/bestellung-von-ersatzteilen\/\" \/>\n<meta property=\"og:locale\" content=\"de_DE\" \/>\n<meta property=\"og:type\" content=\"article\" \/>\n<meta property=\"og:title\" content=\"Ersatzteile f\u00fcr Schneckenf\u00f6rderer bestellen | Van Beek.\" \/>\n<meta property=\"og:description\" content=\"Die Verschlei\u00dfteile Ihrer Maschine sind in unserem Verwaltungssystem enthalten. In den meisten F\u00e4llen sind sie bereits am n\u00e4chsten Tag bei Ihnen.\" \/>\n<meta property=\"og:url\" content=\"https:\/\/www.van-beek.nl\/de\/service\/bestellung-von-ersatzteilen\/\" \/>\n<meta property=\"og:site_name\" content=\"Van Beek Schroeftransport\" \/>\n<meta property=\"article:modified_time\" content=\"2021-06-15T12:13:00+00:00\" \/>\n<meta name=\"twitter:card\" content=\"summary_large_image\" \/>\n<meta name=\"twitter:label1\" content=\"Gesch\u00e4tzte Lesezeit\" \/>\n\t<meta name=\"twitter:data1\" content=\"1\u00a0Minute\" \/>\n<script type=\"application\/ld+json\" class=\"yoast-schema-graph\">{\"@context\":\"https:\\\/\\\/schema.org\",\"@graph\":[{\"@type\":\"WebPage\",\"@id\":\"https:\\\/\\\/www.van-beek.nl\\\/de\\\/service\\\/bestellung-von-ersatzteilen\\\/\",\"url\":\"https:\\\/\\\/www.van-beek.nl\\\/de\\\/service\\\/bestellung-von-ersatzteilen\\\/\",\"name\":\"Ersatzteile f\u00fcr Schneckenf\u00f6rderer bestellen | Van Beek.\",\"isPartOf\":{\"@id\":\"https:\\\/\\\/www.van-beek.nl\\\/de\\\/#website\"},\"datePublished\":\"2020-04-09T09:02:48+00:00\",\"dateModified\":\"2021-06-15T12:13:00+00:00\",\"description\":\"Die Verschlei\u00dfteile Ihrer Maschine sind in unserem Verwaltungssystem enthalten. In den meisten F\u00e4llen sind sie bereits am n\u00e4chsten Tag bei Ihnen.\",\"breadcrumb\":{\"@id\":\"https:\\\/\\\/www.van-beek.nl\\\/de\\\/service\\\/bestellung-von-ersatzteilen\\\/#breadcrumb\"},\"inLanguage\":\"de\",\"potentialAction\":[{\"@type\":\"ReadAction\",\"target\":[\"https:\\\/\\\/www.van-beek.nl\\\/de\\\/service\\\/bestellung-von-ersatzteilen\\\/\"]}]},{\"@type\":\"BreadcrumbList\",\"@id\":\"https:\\\/\\\/www.van-beek.nl\\\/de\\\/service\\\/bestellung-von-ersatzteilen\\\/#breadcrumb\",\"itemListElement\":[{\"@type\":\"ListItem\",\"position\":1,\"name\":\"Home\",\"item\":\"https:\\\/\\\/www.van-beek.nl\\\/de\\\/\"},{\"@type\":\"ListItem\",\"position\":2,\"name\":\"Service\",\"item\":\"https:\\\/\\\/www.van-beek.nl\\\/de\\\/service\\\/\"},{\"@type\":\"ListItem\",\"position\":3,\"name\":\"Bestellung von Ersatzteilen\"}]},{\"@type\":\"WebSite\",\"@id\":\"https:\\\/\\\/www.van-beek.nl\\\/de\\\/#website\",\"url\":\"https:\\\/\\\/www.van-beek.nl\\\/de\\\/\",\"name\":\"Van Beek Schroeftransport\",\"description\":\"\",\"publisher\":{\"@id\":\"https:\\\/\\\/www.van-beek.nl\\\/de\\\/#organization\"},\"potentialAction\":[{\"@type\":\"SearchAction\",\"target\":{\"@type\":\"EntryPoint\",\"urlTemplate\":\"https:\\\/\\\/www.van-beek.nl\\\/de\\\/?s={search_term_string}\"},\"query-input\":{\"@type\":\"PropertyValueSpecification\",\"valueRequired\":true,\"valueName\":\"search_term_string\"}}],\"inLanguage\":\"de\"},{\"@type\":\"Organization\",\"@id\":\"https:\\\/\\\/www.van-beek.nl\\\/de\\\/#organization\",\"name\":\"Transportschroeven- en machinefabriek Van Beek B.V.\",\"url\":\"https:\\\/\\\/www.van-beek.nl\\\/de\\\/\",\"logo\":{\"@type\":\"ImageObject\",\"inLanguage\":\"de\",\"@id\":\"https:\\\/\\\/www.van-beek.nl\\\/de\\\/#\\\/schema\\\/logo\\\/image\\\/\",\"url\":\"https:\\\/\\\/van-beek.nl\\\/wp-content\\\/uploads\\\/2020\\\/04\\\/VanBeek-logo.png\",\"contentUrl\":\"https:\\\/\\\/van-beek.nl\\\/wp-content\\\/uploads\\\/2020\\\/04\\\/VanBeek-logo.png\",\"width\":116,\"height\":22,\"caption\":\"Transportschroeven- en machinefabriek Van Beek B.V.\"},\"image\":{\"@id\":\"https:\\\/\\\/www.van-beek.nl\\\/de\\\/#\\\/schema\\\/logo\\\/image\\\/\"}}]}<\/script>\n<!-- \/ Yoast SEO plugin. -->","yoast_head_json":{"title":"Ersatzteile f\u00fcr Schneckenf\u00f6rderer bestellen | Van Beek.","description":"Die Verschlei\u00dfteile Ihrer Maschine sind in unserem Verwaltungssystem enthalten. In den meisten F\u00e4llen sind sie bereits am n\u00e4chsten Tag bei Ihnen.","robots":{"index":"index","follow":"follow","max-snippet":"max-snippet:-1","max-image-preview":"max-image-preview:large","max-video-preview":"max-video-preview:-1"},"canonical":"https:\/\/www.van-beek.nl\/de\/service\/bestellung-von-ersatzteilen\/","og_locale":"de_DE","og_type":"article","og_title":"Ersatzteile f\u00fcr Schneckenf\u00f6rderer bestellen | Van Beek.","og_description":"Die Verschlei\u00dfteile Ihrer Maschine sind in unserem Verwaltungssystem enthalten. In den meisten F\u00e4llen sind sie bereits am n\u00e4chsten Tag bei Ihnen.","og_url":"https:\/\/www.van-beek.nl\/de\/service\/bestellung-von-ersatzteilen\/","og_site_name":"Van Beek Schroeftransport","article_modified_time":"2021-06-15T12:13:00+00:00","twitter_card":"summary_large_image","twitter_misc":{"Gesch\u00e4tzte Lesezeit":"1\u00a0Minute"},"schema":{"@context":"https:\/\/schema.org","@graph":[{"@type":"WebPage","@id":"https:\/\/www.van-beek.nl\/de\/service\/bestellung-von-ersatzteilen\/","url":"https:\/\/www.van-beek.nl\/de\/service\/bestellung-von-ersatzteilen\/","name":"Ersatzteile f\u00fcr Schneckenf\u00f6rderer bestellen | Van Beek.","isPartOf":{"@id":"https:\/\/www.van-beek.nl\/de\/#website"},"datePublished":"2020-04-09T09:02:48+00:00","dateModified":"2021-06-15T12:13:00+00:00","description":"Die Verschlei\u00dfteile Ihrer Maschine sind in unserem Verwaltungssystem enthalten. In den meisten F\u00e4llen sind sie bereits am n\u00e4chsten Tag bei Ihnen.","breadcrumb":{"@id":"https:\/\/www.van-beek.nl\/de\/service\/bestellung-von-ersatzteilen\/#breadcrumb"},"inLanguage":"de","potentialAction":[{"@type":"ReadAction","target":["https:\/\/www.van-beek.nl\/de\/service\/bestellung-von-ersatzteilen\/"]}]},{"@type":"BreadcrumbList","@id":"https:\/\/www.van-beek.nl\/de\/service\/bestellung-von-ersatzteilen\/#breadcrumb","itemListElement":[{"@type":"ListItem","position":1,"name":"Home","item":"https:\/\/www.van-beek.nl\/de\/"},{"@type":"ListItem","position":2,"name":"Service","item":"https:\/\/www.van-beek.nl\/de\/service\/"},{"@type":"ListItem","position":3,"name":"Bestellung von Ersatzteilen"}]},{"@type":"WebSite","@id":"https:\/\/www.van-beek.nl\/de\/#website","url":"https:\/\/www.van-beek.nl\/de\/","name":"Van Beek Schroeftransport","description":"","publisher":{"@id":"https:\/\/www.van-beek.nl\/de\/#organization"},"potentialAction":[{"@type":"SearchAction","target":{"@type":"EntryPoint","urlTemplate":"https:\/\/www.van-beek.nl\/de\/?s={search_term_string}"},"query-input":{"@type":"PropertyValueSpecification","valueRequired":true,"valueName":"search_term_string"}}],"inLanguage":"de"},{"@type":"Organization","@id":"https:\/\/www.van-beek.nl\/de\/#organization","name":"Transportschroeven- en machinefabriek Van Beek B.V.","url":"https:\/\/www.van-beek.nl\/de\/","logo":{"@type":"ImageObject","inLanguage":"de","@id":"https:\/\/www.van-beek.nl\/de\/#\/schema\/logo\/image\/","url":"https:\/\/van-beek.nl\/wp-content\/uploads\/2020\/04\/VanBeek-logo.png","contentUrl":"https:\/\/van-beek.nl\/wp-content\/uploads\/2020\/04\/VanBeek-logo.png","width":116,"height":22,"caption":"Transportschroeven- en machinefabriek Van Beek B.V."},"image":{"@id":"https:\/\/www.van-beek.nl\/de\/#\/schema\/logo\/image\/"}}]}},"_links":{"self":[{"href":"https:\/\/www.van-beek.nl\/de\/wp-json\/wp\/v2\/pages\/3807","targetHints":{"allow":["GET"]}}],"collection":[{"href":"https:\/\/www.van-beek.nl\/de\/wp-json\/wp\/v2\/pages"}],"about":[{"href":"https:\/\/www.van-beek.nl\/de\/wp-json\/wp\/v2\/types\/page"}],"author":[{"embeddable":true,"href":"https:\/\/www.van-beek.nl\/de\/wp-json\/wp\/v2\/users\/2"}],"replies":[{"embeddable":true,"href":"https:\/\/www.van-beek.nl\/de\/wp-json\/wp\/v2\/comments?post=3807"}],"version-history":[{"count":4,"href":"https:\/\/www.van-beek.nl\/de\/wp-json\/wp\/v2\/pages\/3807\/revisions"}],"predecessor-version":[{"id":8079,"href":"https:\/\/www.van-beek.nl\/de\/wp-json\/wp\/v2\/pages\/3807\/revisions\/8079"}],"up":[{"embeddable":true,"href":"https:\/\/www.van-beek.nl\/de\/wp-json\/wp\/v2\/pages\/3826"}],"wp:attachment":[{"href":"https:\/\/www.van-beek.nl\/de\/wp-json\/wp\/v2\/media?parent=3807"}],"curies":[{"name":"wp","href":"https:\/\/api.w.org\/{rel}","templated":true}]}}