{"id":3808,"date":"2020-04-09T09:04:38","date_gmt":"2020-04-09T09:04:38","guid":{"rendered":"https:\/\/van-beek.nl\/der-standard-fuer-schneckenfoerderer\/"},"modified":"2022-02-02T14:09:31","modified_gmt":"2022-02-02T13:09:31","slug":"der-standard-fuer-schneckenfoerderer","status":"publish","type":"page","link":"https:\/\/www.van-beek.nl\/de\/ueber-uns\/der-standard-fuer-schneckenfoerderer\/","title":{"rendered":"Unsere Kernwerte"},"content":{"rendered":"<p><strong>Wir sagen nicht nur, dass wir auf Schneckenf\u00f6rderer spezialisiert sind, wir handeln auch danach! Das bedeutet, dass wir uns mit Schneckenf\u00f6rderertechnologie als innovative L\u00f6sung zur Verbesserung der Produktionsverfahren unserer Kunden besch\u00e4ftigen, von der Bef\u00f6rderung \u00fcber den vertikalen Transport bis hin zur Verarbeitung von Masseng\u00fctern.<\/strong><\/p>\n<h2>Van Beek: der Standard f\u00fcr individuell gefertigte Schneckenf\u00f6rderer<\/h2>\n<p>Einwandfreie Verarbeitung, \u00fcberdurchschnittliche Lebensdauer, optimale Qualit\u00e4t der Werkstoffe und ein guter Service kennzeichnen unsere Arbeit und unsere Schneckenf\u00f6rderer. Wir m\u00f6chten, dass Sie sich \u2013 abgesehen von der guten Wartung \u2013 nicht um unsere Schneckenf\u00f6rderanlagen k\u00fcmmern m\u00fcssen. Unsere Kunden sollen Schneckenf\u00f6rderer haben, die reibungslos laufen, jahrein, jahraus.<\/p>\n<h2>An der Spitze, gemeinsam mit unseren Kunden<\/h2>\n<p>Wir setzen uns f\u00fcr langfriste L\u00f6sungen und Beziehungen ein. Das bedeutet, dass wir bez\u00fcglich der Qualit\u00e4t unserer L\u00f6sungen und Dienstleistungen eine Zusage erteilen. F\u00fcr dieses Ziel halten wir uns an die folgenden Kernwerte:<\/p>\n<h3>Einzelanfertigungen<\/h3>\n<p>Wir fertigen f\u00fcr jeden Kunden ein einzigartiges Produkt. Mit unserer langj\u00e4hrigen Erfahrung k\u00f6nnen wir Sie bei Ihrem Entscheidungsprozess unterst\u00fctzen. Nicht nur unsere Maschinen werden einzeln gefertigt, auch auf unsere Kunden gehen wir im weitesten Sinne des Wortes individuell ein. F\u00fcr uns ist jeder Kunde einzigartig!<\/p>\n<h3>Transparenz<\/h3>\n<p>Unseren Kunden gegen\u00fcber und untereinander sind wir ehrlich \u00fcber unsere F\u00e4higkeiten. Wir wissen genau, was wir voneinander erwarten k\u00f6nnen. Auch unsere Prozesse sind transparent: so hat jeder in unserem Betrieb Zugriff auf das ERP-System, sodass wir unseren Kunden schnell und gut weiterhelfen k\u00f6nnen. Sogar unsere Gesch\u00e4ftsstelle ist mit seinen Glasfassaden transparent!<\/p>\n<h3>Vorsprung<\/h3>\n<p>Wir sind auf innovative Technologie mit Schneckenf\u00f6rderern spezialisiert. Das bedeutet, dass wir aktuelle Erkenntnisse zugrundelegen, uns an die geltenden Rechtsvorschriften halten und immer kundenspezifisch vorgehen. Wir haben eigene Produktlinien entwickelt, wie die <u>Dino Silowagenf\u00fcllanlagen<\/u> und die <u>Celsius Schneckenw\u00e4rmetauscher<\/u>. Wir legen aber auch gro\u00dfen Wert auf die weitreichende Digitalisierung in unserer Werkshalle und im B\u00fcro. Dies tr\u00e4gt zu k\u00fcrzeren Lieferzeiten und zur deutlichen Kommunikation mit unseren Kunden bei.<\/p>\n<h3>Verantwortung<\/h3>\n<p>Das gro\u00dfe Verantwortungsgef\u00fchl bei allen Mitarbeiter:innen von Van Beek zeigt sich in der hochwertigen Verarbeitung unserer Maschinen, aber auch im gebotenen Service. Wir sind gemeinsam f\u00fcr die Erzielung der besten Ergebnisse, f\u00fcr das Einsetzen und Verst\u00e4rken unserer F\u00e4higkeiten und die Lieferung der besten Qualit\u00e4t verantwortlich. Kurzum: Wenn wir etwas anfangen, dann ziehen wir es bis zum Ende durch!<\/p>\n<h3>Pragmatismus<\/h3>\n<p>Unsere 50 Mitarbeiter:innen haben vielseitige Aufgabengebiete. Dank dieser Vielseitigkeit k\u00f6nnen wir schnell zu L\u00f6sungen kommen. Wir denken in L\u00f6sungen f\u00fcr unsere Kunden. Wir sind kreativ, konkret, deutlich und pragmatisch. Dabei verlassen wir auch gerne die gebahnten Wege.<\/p>\n<h3>Kooperation<\/h3>\n<p>Einige beschreiben es als Familiengef\u00fchl. Es ist unstrittig, dass diejenigen, die zu Van Beek kommen, nicht so schnell wieder gehen. Wer mit Spa\u00df und Motivation arbeitet, gibt nicht so schnell auf, sondern unternimmt den entscheidenden n\u00e4chsten Schritt zur ben\u00f6tigten L\u00f6sung. Wir schaffen die Grundlagen einer angenehmen und respektvollen Zusammenarbeit. Au\u00dferdem stehen die Kunden bei uns immer an erster Stelle! In unserem Team arbeiten wir mit Toleranz, Verst\u00e4ndnis und gegenseitigem Respekt miteinander. Wir sind stolz auf unser Produkt, unser Unternehmen und unsere Mitarbeiter:innen.<\/p>\n<p>Sind Sie neugierig auf unser Unternehmen und unsere Produkte geworden? Bitte <a href=\"\/de\/schneckenfoerderer\/kontakt-van-beek\/\">wenden Sie sich dann an uns<\/a>.<\/p>\n","protected":false},"excerpt":{"rendered":"<p>Wir sagen nicht nur, dass wir auf Schneckenf\u00f6rderer spezialisiert sind, wir handeln auch danach! Das bedeutet, dass wir uns mit Schneckenf\u00f6rderertechnologie als innovative L\u00f6sung zur Verbesserung der Produktionsverfahren unserer Kunden besch\u00e4ftigen, von der Bef\u00f6rderung \u00fcber den vertikalen Transport bis hin zur Verarbeitung von Masseng\u00fctern. Van Beek: der Standard f\u00fcr individuell gefertigte Schneckenf\u00f6rderer Einwandfreie Verarbeitung, \u00fcberdurchschnittliche [&hellip;]<\/p>\n","protected":false},"author":2,"featured_media":0,"parent":3829,"menu_order":0,"comment_status":"closed","ping_status":"closed","template":"breed.php","meta":{"_acf_changed":false,"content-type":"","inline_featured_image":false,"footnotes":""},"class_list":["post-3808","page","type-page","status-publish","hentry"],"acf":[],"yoast_head":"<!-- This site is optimized with the Yoast SEO plugin v27.5 - https:\/\/yoast.com\/product\/yoast-seo-wordpress\/ -->\n<title>Der Standard f\u00fcr individuell gefertigte Schneckenf\u00f6rderer | Van Beek<\/title>\n<meta name=\"description\" content=\"Wir besch\u00e4ftigen uns mit Schneckenf\u00f6rderertechnologie als innovative L\u00f6sung zur Verbesserung der Produktionsverfahren unserer Kunden. Entdecken Sie mehr!\" \/>\n<meta name=\"robots\" content=\"index, follow, max-snippet:-1, max-image-preview:large, max-video-preview:-1\" \/>\n<link rel=\"canonical\" href=\"https:\/\/www.van-beek.nl\/de\/ueber-uns\/der-standard-fuer-schneckenfoerderer\/\" \/>\n<meta property=\"og:locale\" content=\"de_DE\" \/>\n<meta property=\"og:type\" content=\"article\" \/>\n<meta property=\"og:title\" content=\"Der Standard f\u00fcr individuell gefertigte Schneckenf\u00f6rderer | Van Beek\" \/>\n<meta property=\"og:description\" content=\"Wir besch\u00e4ftigen uns mit Schneckenf\u00f6rderertechnologie als innovative L\u00f6sung zur Verbesserung der Produktionsverfahren unserer Kunden. Entdecken Sie mehr!\" \/>\n<meta property=\"og:url\" content=\"https:\/\/www.van-beek.nl\/de\/ueber-uns\/der-standard-fuer-schneckenfoerderer\/\" \/>\n<meta property=\"og:site_name\" content=\"Van Beek Schroeftransport\" \/>\n<meta property=\"article:modified_time\" content=\"2022-02-02T13:09:31+00:00\" \/>\n<meta name=\"twitter:card\" content=\"summary_large_image\" \/>\n<meta name=\"twitter:label1\" content=\"Gesch\u00e4tzte Lesezeit\" \/>\n\t<meta name=\"twitter:data1\" content=\"3\u00a0Minuten\" \/>\n<script type=\"application\/ld+json\" class=\"yoast-schema-graph\">{\"@context\":\"https:\\\/\\\/schema.org\",\"@graph\":[{\"@type\":\"WebPage\",\"@id\":\"https:\\\/\\\/www.van-beek.nl\\\/de\\\/ueber-uns\\\/der-standard-fuer-schneckenfoerderer\\\/\",\"url\":\"https:\\\/\\\/www.van-beek.nl\\\/de\\\/ueber-uns\\\/der-standard-fuer-schneckenfoerderer\\\/\",\"name\":\"Der Standard f\u00fcr individuell gefertigte Schneckenf\u00f6rderer | Van Beek\",\"isPartOf\":{\"@id\":\"https:\\\/\\\/www.van-beek.nl\\\/de\\\/#website\"},\"datePublished\":\"2020-04-09T09:04:38+00:00\",\"dateModified\":\"2022-02-02T13:09:31+00:00\",\"description\":\"Wir besch\u00e4ftigen uns mit Schneckenf\u00f6rderertechnologie als innovative L\u00f6sung zur Verbesserung der Produktionsverfahren unserer Kunden. Entdecken Sie mehr!\",\"breadcrumb\":{\"@id\":\"https:\\\/\\\/www.van-beek.nl\\\/de\\\/ueber-uns\\\/der-standard-fuer-schneckenfoerderer\\\/#breadcrumb\"},\"inLanguage\":\"de\",\"potentialAction\":[{\"@type\":\"ReadAction\",\"target\":[\"https:\\\/\\\/www.van-beek.nl\\\/de\\\/ueber-uns\\\/der-standard-fuer-schneckenfoerderer\\\/\"]}]},{\"@type\":\"BreadcrumbList\",\"@id\":\"https:\\\/\\\/www.van-beek.nl\\\/de\\\/ueber-uns\\\/der-standard-fuer-schneckenfoerderer\\\/#breadcrumb\",\"itemListElement\":[{\"@type\":\"ListItem\",\"position\":1,\"name\":\"Home\",\"item\":\"https:\\\/\\\/www.van-beek.nl\\\/de\\\/\"},{\"@type\":\"ListItem\",\"position\":2,\"name\":\"\u00dcber uns\",\"item\":\"https:\\\/\\\/www.van-beek.nl\\\/de\\\/ueber-uns\\\/\"},{\"@type\":\"ListItem\",\"position\":3,\"name\":\"Unsere Kernwerte\"}]},{\"@type\":\"WebSite\",\"@id\":\"https:\\\/\\\/www.van-beek.nl\\\/de\\\/#website\",\"url\":\"https:\\\/\\\/www.van-beek.nl\\\/de\\\/\",\"name\":\"Van Beek Schroeftransport\",\"description\":\"\",\"publisher\":{\"@id\":\"https:\\\/\\\/www.van-beek.nl\\\/de\\\/#organization\"},\"potentialAction\":[{\"@type\":\"SearchAction\",\"target\":{\"@type\":\"EntryPoint\",\"urlTemplate\":\"https:\\\/\\\/www.van-beek.nl\\\/de\\\/?s={search_term_string}\"},\"query-input\":{\"@type\":\"PropertyValueSpecification\",\"valueRequired\":true,\"valueName\":\"search_term_string\"}}],\"inLanguage\":\"de\"},{\"@type\":\"Organization\",\"@id\":\"https:\\\/\\\/www.van-beek.nl\\\/de\\\/#organization\",\"name\":\"Transportschroeven- en machinefabriek Van Beek B.V.\",\"url\":\"https:\\\/\\\/www.van-beek.nl\\\/de\\\/\",\"logo\":{\"@type\":\"ImageObject\",\"inLanguage\":\"de\",\"@id\":\"https:\\\/\\\/www.van-beek.nl\\\/de\\\/#\\\/schema\\\/logo\\\/image\\\/\",\"url\":\"https:\\\/\\\/van-beek.nl\\\/wp-content\\\/uploads\\\/2020\\\/04\\\/VanBeek-logo.png\",\"contentUrl\":\"https:\\\/\\\/van-beek.nl\\\/wp-content\\\/uploads\\\/2020\\\/04\\\/VanBeek-logo.png\",\"width\":116,\"height\":22,\"caption\":\"Transportschroeven- en machinefabriek Van Beek B.V.\"},\"image\":{\"@id\":\"https:\\\/\\\/www.van-beek.nl\\\/de\\\/#\\\/schema\\\/logo\\\/image\\\/\"}}]}<\/script>\n<!-- \/ Yoast SEO plugin. -->","yoast_head_json":{"title":"Der Standard f\u00fcr individuell gefertigte Schneckenf\u00f6rderer | Van Beek","description":"Wir besch\u00e4ftigen uns mit Schneckenf\u00f6rderertechnologie als innovative L\u00f6sung zur Verbesserung der Produktionsverfahren unserer Kunden. Entdecken Sie mehr!","robots":{"index":"index","follow":"follow","max-snippet":"max-snippet:-1","max-image-preview":"max-image-preview:large","max-video-preview":"max-video-preview:-1"},"canonical":"https:\/\/www.van-beek.nl\/de\/ueber-uns\/der-standard-fuer-schneckenfoerderer\/","og_locale":"de_DE","og_type":"article","og_title":"Der Standard f\u00fcr individuell gefertigte Schneckenf\u00f6rderer | Van Beek","og_description":"Wir besch\u00e4ftigen uns mit Schneckenf\u00f6rderertechnologie als innovative L\u00f6sung zur Verbesserung der Produktionsverfahren unserer Kunden. Entdecken Sie mehr!","og_url":"https:\/\/www.van-beek.nl\/de\/ueber-uns\/der-standard-fuer-schneckenfoerderer\/","og_site_name":"Van Beek Schroeftransport","article_modified_time":"2022-02-02T13:09:31+00:00","twitter_card":"summary_large_image","twitter_misc":{"Gesch\u00e4tzte Lesezeit":"3\u00a0Minuten"},"schema":{"@context":"https:\/\/schema.org","@graph":[{"@type":"WebPage","@id":"https:\/\/www.van-beek.nl\/de\/ueber-uns\/der-standard-fuer-schneckenfoerderer\/","url":"https:\/\/www.van-beek.nl\/de\/ueber-uns\/der-standard-fuer-schneckenfoerderer\/","name":"Der Standard f\u00fcr individuell gefertigte Schneckenf\u00f6rderer | Van Beek","isPartOf":{"@id":"https:\/\/www.van-beek.nl\/de\/#website"},"datePublished":"2020-04-09T09:04:38+00:00","dateModified":"2022-02-02T13:09:31+00:00","description":"Wir besch\u00e4ftigen uns mit Schneckenf\u00f6rderertechnologie als innovative L\u00f6sung zur Verbesserung der Produktionsverfahren unserer Kunden. Entdecken Sie mehr!","breadcrumb":{"@id":"https:\/\/www.van-beek.nl\/de\/ueber-uns\/der-standard-fuer-schneckenfoerderer\/#breadcrumb"},"inLanguage":"de","potentialAction":[{"@type":"ReadAction","target":["https:\/\/www.van-beek.nl\/de\/ueber-uns\/der-standard-fuer-schneckenfoerderer\/"]}]},{"@type":"BreadcrumbList","@id":"https:\/\/www.van-beek.nl\/de\/ueber-uns\/der-standard-fuer-schneckenfoerderer\/#breadcrumb","itemListElement":[{"@type":"ListItem","position":1,"name":"Home","item":"https:\/\/www.van-beek.nl\/de\/"},{"@type":"ListItem","position":2,"name":"\u00dcber uns","item":"https:\/\/www.van-beek.nl\/de\/ueber-uns\/"},{"@type":"ListItem","position":3,"name":"Unsere Kernwerte"}]},{"@type":"WebSite","@id":"https:\/\/www.van-beek.nl\/de\/#website","url":"https:\/\/www.van-beek.nl\/de\/","name":"Van Beek Schroeftransport","description":"","publisher":{"@id":"https:\/\/www.van-beek.nl\/de\/#organization"},"potentialAction":[{"@type":"SearchAction","target":{"@type":"EntryPoint","urlTemplate":"https:\/\/www.van-beek.nl\/de\/?s={search_term_string}"},"query-input":{"@type":"PropertyValueSpecification","valueRequired":true,"valueName":"search_term_string"}}],"inLanguage":"de"},{"@type":"Organization","@id":"https:\/\/www.van-beek.nl\/de\/#organization","name":"Transportschroeven- en machinefabriek Van Beek B.V.","url":"https:\/\/www.van-beek.nl\/de\/","logo":{"@type":"ImageObject","inLanguage":"de","@id":"https:\/\/www.van-beek.nl\/de\/#\/schema\/logo\/image\/","url":"https:\/\/van-beek.nl\/wp-content\/uploads\/2020\/04\/VanBeek-logo.png","contentUrl":"https:\/\/van-beek.nl\/wp-content\/uploads\/2020\/04\/VanBeek-logo.png","width":116,"height":22,"caption":"Transportschroeven- en machinefabriek Van Beek B.V."},"image":{"@id":"https:\/\/www.van-beek.nl\/de\/#\/schema\/logo\/image\/"}}]}},"_links":{"self":[{"href":"https:\/\/www.van-beek.nl\/de\/wp-json\/wp\/v2\/pages\/3808","targetHints":{"allow":["GET"]}}],"collection":[{"href":"https:\/\/www.van-beek.nl\/de\/wp-json\/wp\/v2\/pages"}],"about":[{"href":"https:\/\/www.van-beek.nl\/de\/wp-json\/wp\/v2\/types\/page"}],"author":[{"embeddable":true,"href":"https:\/\/www.van-beek.nl\/de\/wp-json\/wp\/v2\/users\/2"}],"replies":[{"embeddable":true,"href":"https:\/\/www.van-beek.nl\/de\/wp-json\/wp\/v2\/comments?post=3808"}],"version-history":[{"count":5,"href":"https:\/\/www.van-beek.nl\/de\/wp-json\/wp\/v2\/pages\/3808\/revisions"}],"predecessor-version":[{"id":10111,"href":"https:\/\/www.van-beek.nl\/de\/wp-json\/wp\/v2\/pages\/3808\/revisions\/10111"}],"up":[{"embeddable":true,"href":"https:\/\/www.van-beek.nl\/de\/wp-json\/wp\/v2\/pages\/3829"}],"wp:attachment":[{"href":"https:\/\/www.van-beek.nl\/de\/wp-json\/wp\/v2\/media?parent=3808"}],"curies":[{"name":"wp","href":"https:\/\/api.w.org\/{rel}","templated":true}]}}