{"id":3809,"date":"2020-04-09T09:04:56","date_gmt":"2020-04-09T09:04:56","guid":{"rendered":"https:\/\/van-beek.nl\/vorgehensweise\/"},"modified":"2021-06-15T14:13:33","modified_gmt":"2021-06-15T14:13:33","slug":"vorgehensweise","status":"publish","type":"page","link":"https:\/\/www.van-beek.nl\/de\/ueber-uns\/vorgehensweise\/","title":{"rendered":"Vorgehensweise"},"content":{"rendered":"<p><strong>Unsere Sales Engineers sind die zentralen Koordinatoren. Sie sind Ihre Ansprechpartner und st\u00e4ndig intern im Kontakt mit unseren Project Engineers.<\/strong><\/p>\n<h2>Die Entwurfs- und Konstruktionsphase<\/h2>\n<p>Die Konstruktionszeichnungen sind aber erst der Anfang. Mindestens so wichtig wie die Ingenieure sind die Fachleute in unserer Werkstatt, die Ihre Maschine in Einzelanfertigung herstellen. Dank unserer hochmodernen Software kann die Werkstatt papierlos arbeiten, sodass die aktuellen Zeichnungen Ihrer Maschine jederzeit verf\u00fcgbar sind.<\/p>\n<p>Mit Kontrollen, Tests und Analysen in unserem Kompetenzzentrum <a href=\"\/de\/know-how\/testzentrum-the-blue-zone\/\"><u>The Blue Zone<\/u><\/a> \u00fcberwachen wir st\u00e4ndig, ob Ihr Schneckenf\u00f6rderer den Konstruktionsangaben entspricht oder ob \u00c4nderungen vorgenommen werden m\u00fcssen.<\/p>\n<p>Sie werden The Blue Zone mit dem Test Room und Brain Room auch kennenlernen. Hier testen wir z. B. die Flie\u00dff\u00e4higkeit von Stoffen. Als Kunde k\u00f6nnen Sie alle Testergebnisse sofort einsehen, analysieren und mit uns besprechen.<\/p>\n<h2>Die Abnahme im \u201eTake-off\u201c-Raum<\/h2>\n<p>Die offizielle Abnahme der Maschine ist ein spezieller Moment, den wir feierlich begehen. In The Blue Zone ist daf\u00fcr ein spezieller Bereich reserviert: der Take-off-Raum. Hier k\u00f6nnen wir das Projekt gemeinsam in aller Ruhe abschlie\u00dfen.<\/p>\n<h2>Unser Serviceteam steht f\u00fcr Sie bereit<\/h2>\n<p>Nach der Abnahme des Schneckenf\u00f6rderers k\u00f6nnen Sie sich auf ein engagiertes Serviceteam verlassen, dass Ihre Prozesse und die gelieferte Anlage genau kennt. Sollte eine unerwartete Situation auftreten, dann reicht meistens schon eine Andeutung und Ihnen wird weitergeholfen.<\/p>\n<h2>St\u00e4ndig verf\u00fcgbares Online-Kundenportal<\/h2>\n<p>Dank unserem Softwaresystem k\u00f6nnen Sie Dokumente wie Betriebsanleitungen, Ersatzteillisten und Zertifikate \u00fcber unser Online-Kundenportal rund um die Uhr schnell und einfach einsehen, nicht nur w\u00e4hrend des Produktionsverfahrens, sondern auch nach der Lieferung und w\u00e4hrend der k\u00fcnftigen Servicet\u00e4tigkeiten. W\u00e4hrend Gesch\u00e4ftszeiten sind wir nat\u00fcrlich telefonisch erreichbar.<\/p>\n<p>M\u00f6chten Sie mehr \u00fcber unsere Vorgehensweise erfahren? Bitte <a href=\"\/de\/schneckenfoerderer\/kontakt-van-beek\/\">wenden Sie sich dann an uns<\/a>.<\/p>\n","protected":false},"excerpt":{"rendered":"<p>Unsere Sales Engineers sind die zentralen Koordinatoren. Sie sind Ihre Ansprechpartner und st\u00e4ndig intern im Kontakt mit unseren Project Engineers. Die Entwurfs- und Konstruktionsphase Die Konstruktionszeichnungen sind aber erst der Anfang. Mindestens so wichtig wie die Ingenieure sind die Fachleute in unserer Werkstatt, die Ihre Maschine in Einzelanfertigung herstellen. Dank unserer hochmodernen Software kann die [&hellip;]<\/p>\n","protected":false},"author":2,"featured_media":0,"parent":3829,"menu_order":0,"comment_status":"closed","ping_status":"closed","template":"breed.php","meta":{"_acf_changed":false,"content-type":"","inline_featured_image":false,"footnotes":""},"class_list":["post-3809","page","type-page","status-publish","hentry"],"acf":[],"yoast_head":"<!-- This site is optimized with the Yoast SEO plugin v27.5 - https:\/\/yoast.com\/product\/yoast-seo-wordpress\/ -->\n<title>Was Ihnen unsere Vorgehensweise bietet | Van Beek<\/title>\n<meta name=\"description\" content=\"Erfahren Sie mehr \u00fcber unsere Vorgehensweise, von der Entwurfs- und Konstruktionsphase bis hin zur Endabnahme.\" \/>\n<meta name=\"robots\" content=\"index, follow, max-snippet:-1, max-image-preview:large, max-video-preview:-1\" \/>\n<link rel=\"canonical\" href=\"https:\/\/www.van-beek.nl\/de\/ueber-uns\/vorgehensweise\/\" \/>\n<meta property=\"og:locale\" content=\"de_DE\" \/>\n<meta property=\"og:type\" content=\"article\" \/>\n<meta property=\"og:title\" content=\"Was Ihnen unsere Vorgehensweise bietet | Van Beek\" \/>\n<meta property=\"og:description\" content=\"Erfahren Sie mehr \u00fcber unsere Vorgehensweise, von der Entwurfs- und Konstruktionsphase bis hin zur Endabnahme.\" \/>\n<meta property=\"og:url\" content=\"https:\/\/www.van-beek.nl\/de\/ueber-uns\/vorgehensweise\/\" \/>\n<meta property=\"og:site_name\" content=\"Van Beek Schroeftransport\" \/>\n<meta property=\"article:modified_time\" content=\"2021-06-15T14:13:33+00:00\" \/>\n<meta name=\"twitter:card\" content=\"summary_large_image\" \/>\n<meta name=\"twitter:label1\" content=\"Gesch\u00e4tzte Lesezeit\" \/>\n\t<meta name=\"twitter:data1\" content=\"2\u00a0Minuten\" \/>\n<script type=\"application\/ld+json\" class=\"yoast-schema-graph\">{\"@context\":\"https:\\\/\\\/schema.org\",\"@graph\":[{\"@type\":\"WebPage\",\"@id\":\"https:\\\/\\\/www.van-beek.nl\\\/de\\\/ueber-uns\\\/vorgehensweise\\\/\",\"url\":\"https:\\\/\\\/www.van-beek.nl\\\/de\\\/ueber-uns\\\/vorgehensweise\\\/\",\"name\":\"Was Ihnen unsere Vorgehensweise bietet | Van Beek\",\"isPartOf\":{\"@id\":\"https:\\\/\\\/www.van-beek.nl\\\/de\\\/#website\"},\"datePublished\":\"2020-04-09T09:04:56+00:00\",\"dateModified\":\"2021-06-15T14:13:33+00:00\",\"description\":\"Erfahren Sie mehr \u00fcber unsere Vorgehensweise, von der Entwurfs- und Konstruktionsphase bis hin zur Endabnahme.\",\"breadcrumb\":{\"@id\":\"https:\\\/\\\/www.van-beek.nl\\\/de\\\/ueber-uns\\\/vorgehensweise\\\/#breadcrumb\"},\"inLanguage\":\"de\",\"potentialAction\":[{\"@type\":\"ReadAction\",\"target\":[\"https:\\\/\\\/www.van-beek.nl\\\/de\\\/ueber-uns\\\/vorgehensweise\\\/\"]}]},{\"@type\":\"BreadcrumbList\",\"@id\":\"https:\\\/\\\/www.van-beek.nl\\\/de\\\/ueber-uns\\\/vorgehensweise\\\/#breadcrumb\",\"itemListElement\":[{\"@type\":\"ListItem\",\"position\":1,\"name\":\"Home\",\"item\":\"https:\\\/\\\/www.van-beek.nl\\\/de\\\/\"},{\"@type\":\"ListItem\",\"position\":2,\"name\":\"\u00dcber uns\",\"item\":\"https:\\\/\\\/www.van-beek.nl\\\/de\\\/ueber-uns\\\/\"},{\"@type\":\"ListItem\",\"position\":3,\"name\":\"Vorgehensweise\"}]},{\"@type\":\"WebSite\",\"@id\":\"https:\\\/\\\/www.van-beek.nl\\\/de\\\/#website\",\"url\":\"https:\\\/\\\/www.van-beek.nl\\\/de\\\/\",\"name\":\"Van Beek Schroeftransport\",\"description\":\"\",\"publisher\":{\"@id\":\"https:\\\/\\\/www.van-beek.nl\\\/de\\\/#organization\"},\"potentialAction\":[{\"@type\":\"SearchAction\",\"target\":{\"@type\":\"EntryPoint\",\"urlTemplate\":\"https:\\\/\\\/www.van-beek.nl\\\/de\\\/?s={search_term_string}\"},\"query-input\":{\"@type\":\"PropertyValueSpecification\",\"valueRequired\":true,\"valueName\":\"search_term_string\"}}],\"inLanguage\":\"de\"},{\"@type\":\"Organization\",\"@id\":\"https:\\\/\\\/www.van-beek.nl\\\/de\\\/#organization\",\"name\":\"Transportschroeven- en machinefabriek Van Beek B.V.\",\"url\":\"https:\\\/\\\/www.van-beek.nl\\\/de\\\/\",\"logo\":{\"@type\":\"ImageObject\",\"inLanguage\":\"de\",\"@id\":\"https:\\\/\\\/www.van-beek.nl\\\/de\\\/#\\\/schema\\\/logo\\\/image\\\/\",\"url\":\"https:\\\/\\\/van-beek.nl\\\/wp-content\\\/uploads\\\/2020\\\/04\\\/VanBeek-logo.png\",\"contentUrl\":\"https:\\\/\\\/van-beek.nl\\\/wp-content\\\/uploads\\\/2020\\\/04\\\/VanBeek-logo.png\",\"width\":116,\"height\":22,\"caption\":\"Transportschroeven- en machinefabriek Van Beek B.V.\"},\"image\":{\"@id\":\"https:\\\/\\\/www.van-beek.nl\\\/de\\\/#\\\/schema\\\/logo\\\/image\\\/\"}}]}<\/script>\n<!-- \/ Yoast SEO plugin. -->","yoast_head_json":{"title":"Was Ihnen unsere Vorgehensweise bietet | Van Beek","description":"Erfahren Sie mehr \u00fcber unsere Vorgehensweise, von der Entwurfs- und Konstruktionsphase bis hin zur Endabnahme.","robots":{"index":"index","follow":"follow","max-snippet":"max-snippet:-1","max-image-preview":"max-image-preview:large","max-video-preview":"max-video-preview:-1"},"canonical":"https:\/\/www.van-beek.nl\/de\/ueber-uns\/vorgehensweise\/","og_locale":"de_DE","og_type":"article","og_title":"Was Ihnen unsere Vorgehensweise bietet | Van Beek","og_description":"Erfahren Sie mehr \u00fcber unsere Vorgehensweise, von der Entwurfs- und Konstruktionsphase bis hin zur Endabnahme.","og_url":"https:\/\/www.van-beek.nl\/de\/ueber-uns\/vorgehensweise\/","og_site_name":"Van Beek Schroeftransport","article_modified_time":"2021-06-15T14:13:33+00:00","twitter_card":"summary_large_image","twitter_misc":{"Gesch\u00e4tzte Lesezeit":"2\u00a0Minuten"},"schema":{"@context":"https:\/\/schema.org","@graph":[{"@type":"WebPage","@id":"https:\/\/www.van-beek.nl\/de\/ueber-uns\/vorgehensweise\/","url":"https:\/\/www.van-beek.nl\/de\/ueber-uns\/vorgehensweise\/","name":"Was Ihnen unsere Vorgehensweise bietet | Van Beek","isPartOf":{"@id":"https:\/\/www.van-beek.nl\/de\/#website"},"datePublished":"2020-04-09T09:04:56+00:00","dateModified":"2021-06-15T14:13:33+00:00","description":"Erfahren Sie mehr \u00fcber unsere Vorgehensweise, von der Entwurfs- und Konstruktionsphase bis hin zur Endabnahme.","breadcrumb":{"@id":"https:\/\/www.van-beek.nl\/de\/ueber-uns\/vorgehensweise\/#breadcrumb"},"inLanguage":"de","potentialAction":[{"@type":"ReadAction","target":["https:\/\/www.van-beek.nl\/de\/ueber-uns\/vorgehensweise\/"]}]},{"@type":"BreadcrumbList","@id":"https:\/\/www.van-beek.nl\/de\/ueber-uns\/vorgehensweise\/#breadcrumb","itemListElement":[{"@type":"ListItem","position":1,"name":"Home","item":"https:\/\/www.van-beek.nl\/de\/"},{"@type":"ListItem","position":2,"name":"\u00dcber uns","item":"https:\/\/www.van-beek.nl\/de\/ueber-uns\/"},{"@type":"ListItem","position":3,"name":"Vorgehensweise"}]},{"@type":"WebSite","@id":"https:\/\/www.van-beek.nl\/de\/#website","url":"https:\/\/www.van-beek.nl\/de\/","name":"Van Beek Schroeftransport","description":"","publisher":{"@id":"https:\/\/www.van-beek.nl\/de\/#organization"},"potentialAction":[{"@type":"SearchAction","target":{"@type":"EntryPoint","urlTemplate":"https:\/\/www.van-beek.nl\/de\/?s={search_term_string}"},"query-input":{"@type":"PropertyValueSpecification","valueRequired":true,"valueName":"search_term_string"}}],"inLanguage":"de"},{"@type":"Organization","@id":"https:\/\/www.van-beek.nl\/de\/#organization","name":"Transportschroeven- en machinefabriek Van Beek B.V.","url":"https:\/\/www.van-beek.nl\/de\/","logo":{"@type":"ImageObject","inLanguage":"de","@id":"https:\/\/www.van-beek.nl\/de\/#\/schema\/logo\/image\/","url":"https:\/\/van-beek.nl\/wp-content\/uploads\/2020\/04\/VanBeek-logo.png","contentUrl":"https:\/\/van-beek.nl\/wp-content\/uploads\/2020\/04\/VanBeek-logo.png","width":116,"height":22,"caption":"Transportschroeven- en machinefabriek Van Beek B.V."},"image":{"@id":"https:\/\/www.van-beek.nl\/de\/#\/schema\/logo\/image\/"}}]}},"_links":{"self":[{"href":"https:\/\/www.van-beek.nl\/de\/wp-json\/wp\/v2\/pages\/3809","targetHints":{"allow":["GET"]}}],"collection":[{"href":"https:\/\/www.van-beek.nl\/de\/wp-json\/wp\/v2\/pages"}],"about":[{"href":"https:\/\/www.van-beek.nl\/de\/wp-json\/wp\/v2\/types\/page"}],"author":[{"embeddable":true,"href":"https:\/\/www.van-beek.nl\/de\/wp-json\/wp\/v2\/users\/2"}],"replies":[{"embeddable":true,"href":"https:\/\/www.van-beek.nl\/de\/wp-json\/wp\/v2\/comments?post=3809"}],"version-history":[{"count":4,"href":"https:\/\/www.van-beek.nl\/de\/wp-json\/wp\/v2\/pages\/3809\/revisions"}],"predecessor-version":[{"id":8092,"href":"https:\/\/www.van-beek.nl\/de\/wp-json\/wp\/v2\/pages\/3809\/revisions\/8092"}],"up":[{"embeddable":true,"href":"https:\/\/www.van-beek.nl\/de\/wp-json\/wp\/v2\/pages\/3829"}],"wp:attachment":[{"href":"https:\/\/www.van-beek.nl\/de\/wp-json\/wp\/v2\/media?parent=3809"}],"curies":[{"name":"wp","href":"https:\/\/api.w.org\/{rel}","templated":true}]}}