{"id":3810,"date":"2020-04-09T09:19:56","date_gmt":"2020-04-09T09:19:56","guid":{"rendered":"https:\/\/van-beek.nl\/marken\/"},"modified":"2021-06-15T13:44:08","modified_gmt":"2021-06-15T13:44:08","slug":"marken","status":"publish","type":"page","link":"https:\/\/www.van-beek.nl\/de\/ueber-uns\/marken\/","title":{"rendered":"Marken"},"content":{"rendered":"<p><strong>Sie finden bei Van Beek traditionelle Schneckenf\u00f6rderer, thermische Schneckenf\u00f6rderer und Silowagenf\u00fcllanlagen. Diese drei Produktlinien tragen jeweils eigene Namen und haben besondere Kennzeichen: Van Beek Classics, Celsius und Dino. Ihnen ist gemein, dass jede Anlage kundenspezifisch hergestellt wird. Genau dies sch\u00e4tzen die Kunden an Van Beek!<\/strong><\/p>\n<h2>Celsius \u2013 Thermische Schneckenf\u00f6rderer<\/h2>\n<p><a href=\"\/de\/celsius-schneckenwaermetauscher\/\"><u>Celsius<\/u><\/a> ist der Markenname f\u00fcr thermische Schneckenf\u00f6rderer, die wir aufgrund von Anfragen unserer Kunden in Eigenregie entwickelt haben. Celsius ist die Antwort auf den Bedarf, Stoffe w\u00e4hrend des Transports effizient und zuverl\u00e4ssig in einem kontinuierlichen Prozess staubfrei zu k\u00fchlen, zu heizen oder ihre Temperatur aufrecht zu erhalten.<\/p>\n<h2>Dino \u2013 Silowagenf\u00fcllanlagen<\/h2>\n<p><a href=\"\/de\/dino-silowagenfuellanlagen\/\"><u>Dino<\/u><\/a> ist der Markenname f\u00fcr Silowagenf\u00fcllanlagen. Die obersten Ziele bei ihrer Konstruktion waren die Nutzung der Flie\u00dff\u00e4higkeit von trockenen Massenprodukten, die Sicherheit der Benutzer und eine lange Lebensdauer. So sind modulare Verladeanlagen entstanden, die auch nach der Anschaffung an neue Anwendungen und Anforderungen anpassbar sind. Daher sind sie ein nachhaltiges und wertbest\u00e4ndiges Betriebsmittel, mit dem Sie t\u00e4glich Pulver, K\u00f6rner, Granulate, Flocken, Klumpen oder andere trockene Massenprodukte verladen.<\/p>\n<h2>Van Beek Classics \u2013 traditionelle Schneckenf\u00f6rderer<\/h2>\n<p>\u201eVan Beek Classics\u201c steht f\u00fcr traditionelle <a href=\"\/de\/schneckenfoerderer\/\"><u>Schneckenf\u00f6rderer<\/u><\/a>: geschlossene F\u00f6rderanlagen mit allem Zubeh\u00f6r f\u00fcr die Zu- und Abfuhr sowie die Bef\u00f6rderung ihrer trockenen Massenprodukte auf die von Ihnen gew\u00fcnschte Weise. Unser Wissen \u00fcber Schneckenf\u00f6rdertechnologie entwickelt sich st\u00e4ndig weiter und f\u00fchrt zu Produkten wie der Dino Silowagenf\u00fcllanlage und den thermischen Schneckenf\u00f6rderer von Celsius.<\/p>\n<h2>Kombinationen<\/h2>\n<p>Unser Know-how, unsere Erfahrung und die Anforderungen unserer Kunden k\u00f6nnen zu Einzelanlagen, aber auch integrierten Projekten f\u00fchren, bei denen Dutzende von Schneckenf\u00f6rderanlagen aufeinander und die Prozesse abzustimmen sind. Mit unserer Technologie erhalten Sie unser Fachwissen und unsere Garantie.<\/p>\n<h3>M\u00f6chten Sie mehr \u00fcber unsere Marken erfahren? Bitte <a href=\"\/de\/schneckenfoerderer\/kontakt-van-beek\/\">wenden Sie sich dann an uns<\/a>.<\/h3>\n","protected":false},"excerpt":{"rendered":"<p>Sie finden bei Van Beek traditionelle Schneckenf\u00f6rderer, thermische Schneckenf\u00f6rderer und Silowagenf\u00fcllanlagen. Diese drei Produktlinien tragen jeweils eigene Namen und haben besondere Kennzeichen: Van Beek Classics, Celsius und Dino. Ihnen ist gemein, dass jede Anlage kundenspezifisch hergestellt wird. Genau dies sch\u00e4tzen die Kunden an Van Beek! Celsius \u2013 Thermische Schneckenf\u00f6rderer Celsius ist der Markenname f\u00fcr thermische [&hellip;]<\/p>\n","protected":false},"author":2,"featured_media":0,"parent":3829,"menu_order":0,"comment_status":"closed","ping_status":"closed","template":"breed.php","meta":{"_acf_changed":false,"content-type":"","inline_featured_image":false,"footnotes":""},"class_list":["post-3810","page","type-page","status-publish","hentry"],"acf":[],"yoast_head":"<!-- This site is optimized with the Yoast SEO plugin v27.5 - https:\/\/yoast.com\/product\/yoast-seo-wordpress\/ -->\n<title>Unsere Marken: Celsius, Dino und Van Beek Classics | Van Beek<\/title>\n<meta name=\"description\" content=\"M\u00f6chten Sie einen Celsius, Dino oder Van Beek Classic? Sie finden bei Van Beek traditionelle Schneckenf\u00f6rderer, thermische Schneckenf\u00f6rderer und Silowagenf\u00fcllanlagen.\" \/>\n<meta name=\"robots\" content=\"index, follow, max-snippet:-1, max-image-preview:large, max-video-preview:-1\" \/>\n<link rel=\"canonical\" href=\"https:\/\/www.van-beek.nl\/de\/ueber-uns\/marken\/\" \/>\n<meta property=\"og:locale\" content=\"de_DE\" \/>\n<meta property=\"og:type\" content=\"article\" \/>\n<meta property=\"og:title\" content=\"Unsere Marken: Celsius, Dino und Van Beek Classics | Van Beek\" \/>\n<meta property=\"og:description\" content=\"M\u00f6chten Sie einen Celsius, Dino oder Van Beek Classic? Sie finden bei Van Beek traditionelle Schneckenf\u00f6rderer, thermische Schneckenf\u00f6rderer und Silowagenf\u00fcllanlagen.\" \/>\n<meta property=\"og:url\" content=\"https:\/\/www.van-beek.nl\/de\/ueber-uns\/marken\/\" \/>\n<meta property=\"og:site_name\" content=\"Van Beek Schroeftransport\" \/>\n<meta property=\"article:modified_time\" content=\"2021-06-15T13:44:08+00:00\" \/>\n<meta name=\"twitter:card\" content=\"summary_large_image\" \/>\n<meta name=\"twitter:label1\" content=\"Gesch\u00e4tzte Lesezeit\" \/>\n\t<meta name=\"twitter:data1\" content=\"2\u00a0Minuten\" \/>\n<script type=\"application\/ld+json\" class=\"yoast-schema-graph\">{\"@context\":\"https:\\\/\\\/schema.org\",\"@graph\":[{\"@type\":\"WebPage\",\"@id\":\"https:\\\/\\\/www.van-beek.nl\\\/de\\\/ueber-uns\\\/marken\\\/\",\"url\":\"https:\\\/\\\/www.van-beek.nl\\\/de\\\/ueber-uns\\\/marken\\\/\",\"name\":\"Unsere Marken: Celsius, Dino und Van Beek Classics | Van Beek\",\"isPartOf\":{\"@id\":\"https:\\\/\\\/www.van-beek.nl\\\/de\\\/#website\"},\"datePublished\":\"2020-04-09T09:19:56+00:00\",\"dateModified\":\"2021-06-15T13:44:08+00:00\",\"description\":\"M\u00f6chten Sie einen Celsius, Dino oder Van Beek Classic? Sie finden bei Van Beek traditionelle Schneckenf\u00f6rderer, thermische Schneckenf\u00f6rderer und Silowagenf\u00fcllanlagen.\",\"breadcrumb\":{\"@id\":\"https:\\\/\\\/www.van-beek.nl\\\/de\\\/ueber-uns\\\/marken\\\/#breadcrumb\"},\"inLanguage\":\"de\",\"potentialAction\":[{\"@type\":\"ReadAction\",\"target\":[\"https:\\\/\\\/www.van-beek.nl\\\/de\\\/ueber-uns\\\/marken\\\/\"]}]},{\"@type\":\"BreadcrumbList\",\"@id\":\"https:\\\/\\\/www.van-beek.nl\\\/de\\\/ueber-uns\\\/marken\\\/#breadcrumb\",\"itemListElement\":[{\"@type\":\"ListItem\",\"position\":1,\"name\":\"Home\",\"item\":\"https:\\\/\\\/www.van-beek.nl\\\/de\\\/\"},{\"@type\":\"ListItem\",\"position\":2,\"name\":\"\u00dcber uns\",\"item\":\"https:\\\/\\\/www.van-beek.nl\\\/de\\\/ueber-uns\\\/\"},{\"@type\":\"ListItem\",\"position\":3,\"name\":\"Marken\"}]},{\"@type\":\"WebSite\",\"@id\":\"https:\\\/\\\/www.van-beek.nl\\\/de\\\/#website\",\"url\":\"https:\\\/\\\/www.van-beek.nl\\\/de\\\/\",\"name\":\"Van Beek Schroeftransport\",\"description\":\"\",\"publisher\":{\"@id\":\"https:\\\/\\\/www.van-beek.nl\\\/de\\\/#organization\"},\"potentialAction\":[{\"@type\":\"SearchAction\",\"target\":{\"@type\":\"EntryPoint\",\"urlTemplate\":\"https:\\\/\\\/www.van-beek.nl\\\/de\\\/?s={search_term_string}\"},\"query-input\":{\"@type\":\"PropertyValueSpecification\",\"valueRequired\":true,\"valueName\":\"search_term_string\"}}],\"inLanguage\":\"de\"},{\"@type\":\"Organization\",\"@id\":\"https:\\\/\\\/www.van-beek.nl\\\/de\\\/#organization\",\"name\":\"Transportschroeven- en machinefabriek Van Beek B.V.\",\"url\":\"https:\\\/\\\/www.van-beek.nl\\\/de\\\/\",\"logo\":{\"@type\":\"ImageObject\",\"inLanguage\":\"de\",\"@id\":\"https:\\\/\\\/www.van-beek.nl\\\/de\\\/#\\\/schema\\\/logo\\\/image\\\/\",\"url\":\"https:\\\/\\\/van-beek.nl\\\/wp-content\\\/uploads\\\/2020\\\/04\\\/VanBeek-logo.png\",\"contentUrl\":\"https:\\\/\\\/van-beek.nl\\\/wp-content\\\/uploads\\\/2020\\\/04\\\/VanBeek-logo.png\",\"width\":116,\"height\":22,\"caption\":\"Transportschroeven- en machinefabriek Van Beek B.V.\"},\"image\":{\"@id\":\"https:\\\/\\\/www.van-beek.nl\\\/de\\\/#\\\/schema\\\/logo\\\/image\\\/\"}}]}<\/script>\n<!-- \/ Yoast SEO plugin. -->","yoast_head_json":{"title":"Unsere Marken: Celsius, Dino und Van Beek Classics | Van Beek","description":"M\u00f6chten Sie einen Celsius, Dino oder Van Beek Classic? Sie finden bei Van Beek traditionelle Schneckenf\u00f6rderer, thermische Schneckenf\u00f6rderer und Silowagenf\u00fcllanlagen.","robots":{"index":"index","follow":"follow","max-snippet":"max-snippet:-1","max-image-preview":"max-image-preview:large","max-video-preview":"max-video-preview:-1"},"canonical":"https:\/\/www.van-beek.nl\/de\/ueber-uns\/marken\/","og_locale":"de_DE","og_type":"article","og_title":"Unsere Marken: Celsius, Dino und Van Beek Classics | Van Beek","og_description":"M\u00f6chten Sie einen Celsius, Dino oder Van Beek Classic? Sie finden bei Van Beek traditionelle Schneckenf\u00f6rderer, thermische Schneckenf\u00f6rderer und Silowagenf\u00fcllanlagen.","og_url":"https:\/\/www.van-beek.nl\/de\/ueber-uns\/marken\/","og_site_name":"Van Beek Schroeftransport","article_modified_time":"2021-06-15T13:44:08+00:00","twitter_card":"summary_large_image","twitter_misc":{"Gesch\u00e4tzte Lesezeit":"2\u00a0Minuten"},"schema":{"@context":"https:\/\/schema.org","@graph":[{"@type":"WebPage","@id":"https:\/\/www.van-beek.nl\/de\/ueber-uns\/marken\/","url":"https:\/\/www.van-beek.nl\/de\/ueber-uns\/marken\/","name":"Unsere Marken: Celsius, Dino und Van Beek Classics | Van Beek","isPartOf":{"@id":"https:\/\/www.van-beek.nl\/de\/#website"},"datePublished":"2020-04-09T09:19:56+00:00","dateModified":"2021-06-15T13:44:08+00:00","description":"M\u00f6chten Sie einen Celsius, Dino oder Van Beek Classic? Sie finden bei Van Beek traditionelle Schneckenf\u00f6rderer, thermische Schneckenf\u00f6rderer und Silowagenf\u00fcllanlagen.","breadcrumb":{"@id":"https:\/\/www.van-beek.nl\/de\/ueber-uns\/marken\/#breadcrumb"},"inLanguage":"de","potentialAction":[{"@type":"ReadAction","target":["https:\/\/www.van-beek.nl\/de\/ueber-uns\/marken\/"]}]},{"@type":"BreadcrumbList","@id":"https:\/\/www.van-beek.nl\/de\/ueber-uns\/marken\/#breadcrumb","itemListElement":[{"@type":"ListItem","position":1,"name":"Home","item":"https:\/\/www.van-beek.nl\/de\/"},{"@type":"ListItem","position":2,"name":"\u00dcber uns","item":"https:\/\/www.van-beek.nl\/de\/ueber-uns\/"},{"@type":"ListItem","position":3,"name":"Marken"}]},{"@type":"WebSite","@id":"https:\/\/www.van-beek.nl\/de\/#website","url":"https:\/\/www.van-beek.nl\/de\/","name":"Van Beek Schroeftransport","description":"","publisher":{"@id":"https:\/\/www.van-beek.nl\/de\/#organization"},"potentialAction":[{"@type":"SearchAction","target":{"@type":"EntryPoint","urlTemplate":"https:\/\/www.van-beek.nl\/de\/?s={search_term_string}"},"query-input":{"@type":"PropertyValueSpecification","valueRequired":true,"valueName":"search_term_string"}}],"inLanguage":"de"},{"@type":"Organization","@id":"https:\/\/www.van-beek.nl\/de\/#organization","name":"Transportschroeven- en machinefabriek Van Beek B.V.","url":"https:\/\/www.van-beek.nl\/de\/","logo":{"@type":"ImageObject","inLanguage":"de","@id":"https:\/\/www.van-beek.nl\/de\/#\/schema\/logo\/image\/","url":"https:\/\/van-beek.nl\/wp-content\/uploads\/2020\/04\/VanBeek-logo.png","contentUrl":"https:\/\/van-beek.nl\/wp-content\/uploads\/2020\/04\/VanBeek-logo.png","width":116,"height":22,"caption":"Transportschroeven- en machinefabriek Van Beek B.V."},"image":{"@id":"https:\/\/www.van-beek.nl\/de\/#\/schema\/logo\/image\/"}}]}},"_links":{"self":[{"href":"https:\/\/www.van-beek.nl\/de\/wp-json\/wp\/v2\/pages\/3810","targetHints":{"allow":["GET"]}}],"collection":[{"href":"https:\/\/www.van-beek.nl\/de\/wp-json\/wp\/v2\/pages"}],"about":[{"href":"https:\/\/www.van-beek.nl\/de\/wp-json\/wp\/v2\/types\/page"}],"author":[{"embeddable":true,"href":"https:\/\/www.van-beek.nl\/de\/wp-json\/wp\/v2\/users\/2"}],"replies":[{"embeddable":true,"href":"https:\/\/www.van-beek.nl\/de\/wp-json\/wp\/v2\/comments?post=3810"}],"version-history":[{"count":4,"href":"https:\/\/www.van-beek.nl\/de\/wp-json\/wp\/v2\/pages\/3810\/revisions"}],"predecessor-version":[{"id":8088,"href":"https:\/\/www.van-beek.nl\/de\/wp-json\/wp\/v2\/pages\/3810\/revisions\/8088"}],"up":[{"embeddable":true,"href":"https:\/\/www.van-beek.nl\/de\/wp-json\/wp\/v2\/pages\/3829"}],"wp:attachment":[{"href":"https:\/\/www.van-beek.nl\/de\/wp-json\/wp\/v2\/media?parent=3810"}],"curies":[{"name":"wp","href":"https:\/\/api.w.org\/{rel}","templated":true}]}}