{"id":3812,"date":"2020-04-09T09:22:21","date_gmt":"2020-04-09T09:22:21","guid":{"rendered":"https:\/\/van-beek.nl\/branchen\/"},"modified":"2021-06-15T12:42:10","modified_gmt":"2021-06-15T12:42:10","slug":"branchen","status":"publish","type":"page","link":"https:\/\/www.van-beek.nl\/de\/ueber-uns\/branchen\/","title":{"rendered":"Branchen"},"content":{"rendered":"<p><strong>Schneckenf\u00f6rderer werden nicht nur in Nahrungsmittel-, Chemie-, Umwelt- und Recyclingindustrie eingesetzt. Wir entwickeln auch Maschinen f\u00fcr S\u00fc\u00dfwaren-, Teppich- und Textilhersteller.\u00a0<\/strong><\/p>\n<h2>Lebensmittelbranche<\/h2>\n<p>Viele Unternehmen der Lebensmittelindustrie setzen unsere Schneckenf\u00f6rderer ein f\u00fcr z. B.<\/p>\n<ul>\n<li>den Transport von St\u00e4rkepulver<\/li>\n<li>die Dosierung von Zucker<\/li>\n<li>den Transport von Fleisch<\/li>\n<li>den vertikalen Transport von Kakaopulver<\/li>\n<li>das Zuf\u00fcgen von Salzen<\/li>\n<li>den vertikalen Transport von Zwiebeln<\/li>\n<li>den Transport von Kartoffelprodukten<\/li>\n<li>die Verarbeitung von Kaffee<\/li>\n<li>den Transport von Eierschalen<\/li>\n<li>das Zuf\u00fcgen von Gew\u00fcrzmischungen<\/li>\n<\/ul>\n<p>Ihre Anforderungen werden mit der Erfahrung unseres Teams kombiniert. Daher k\u00f6nnen wir eine Garantie f\u00fcr die Technik der Schneckenf\u00f6rderanlage abgeben. H\u00f6chste hygienische Anforderungen erf\u00fcllen u. a. unsere <u>Hypreme-Produkte<\/u>, die einfach reinigbar sind.<\/p>\n<h2>Chemiebranche<\/h2>\n<p>Unsere Schneckenf\u00f6rderer werden h\u00e4ufig in der Chemieindustrie eingesetzt. Wir k\u00f6nnen die schwierigen Anforderungen erf\u00fcllen, die abrasive Salze an Werkstoffe stellen. Auch mit der Qualit\u00e4t von Schwei\u00dfn\u00e4hten, staubfreien Anwendungen und L\u00f6sungen f\u00fcr die produktber\u00fchrenden Teile eines Schneckenf\u00f6rderers, wie spezielle Werkstoffbehandlungen, haben wir reichhaltige Erfahrungen gesammelt.<\/p>\n<h2>Umweltbranche<\/h2>\n<p>In der Umwelt- und Recyclingindustrie sind unsere Schneckenf\u00f6rderer eine h\u00e4ufig eingesetzte L\u00f6sung f\u00fcr z. B.<\/p>\n<ul>\n<li>den Transport von Reifengranulat f\u00fcr das Recycling<\/li>\n<li>die Abfuhr der R\u00fcckst\u00e4nde aus der Abwasserreinigung (Rechengut)<\/li>\n<li>den Transport von Biomasse<\/li>\n<li>den Transport und das Mischen von Kunststoffrezyklat<\/li>\n<li>den horizontaler und vertikaler Transport leerer PET-Flaschen<\/li>\n<li>die Verarbeitung von Kl\u00e4rschlamm<\/li>\n<\/ul>\n<p>Diese Branche entwickelt sich rasant, legen Sie uns daher ruhig Ihre Probleme vor. Aufgrund unserer reichen Erfahrung ist es sehr wahrscheinlich, dass wir eine geeignete und einmalige L\u00f6sung bieten k\u00f6nnen.<\/p>\n<h3>Haben Sie Fragen oder k\u00f6nnen wir Ihnen vielleicht weiterhelfen? Bitte <a href=\"\/de\/schneckenfoerderer\/kontakt-van-beek\/\">wenden Sie sich dann an uns<\/a>.<\/h3>\n","protected":false},"excerpt":{"rendered":"<p>Schneckenf\u00f6rderer werden nicht nur in Nahrungsmittel-, Chemie-, Umwelt- und Recyclingindustrie eingesetzt. Wir entwickeln auch Maschinen f\u00fcr S\u00fc\u00dfwaren-, Teppich- und Textilhersteller.\u00a0 Lebensmittelbranche Viele Unternehmen der Lebensmittelindustrie setzen unsere Schneckenf\u00f6rderer ein f\u00fcr z. B. den Transport von St\u00e4rkepulver die Dosierung von Zucker den Transport von Fleisch den vertikalen Transport von Kakaopulver das Zuf\u00fcgen von Salzen den vertikalen [&hellip;]<\/p>\n","protected":false},"author":2,"featured_media":0,"parent":3829,"menu_order":0,"comment_status":"closed","ping_status":"closed","template":"over-branches.php","meta":{"_acf_changed":false,"content-type":"","inline_featured_image":false,"footnotes":""},"class_list":["post-3812","page","type-page","status-publish","hentry"],"acf":[],"yoast_head":"<!-- This site is optimized with the Yoast SEO plugin v27.5 - https:\/\/yoast.com\/product\/yoast-seo-wordpress\/ -->\n<title>Bediente Branchen | Van Beek<\/title>\n<meta name=\"description\" content=\"Wir bedienen Unternehmen in der Nahrungsmittel-, Chemie-, Umwelt- und Recyclingindustrie. Fragen Sie sich, ob wir Ihnen weiterhelfen k\u00f6nnen?\" \/>\n<meta name=\"robots\" content=\"index, follow, max-snippet:-1, max-image-preview:large, max-video-preview:-1\" \/>\n<link rel=\"canonical\" href=\"https:\/\/www.van-beek.nl\/de\/ueber-uns\/branchen\/\" \/>\n<meta property=\"og:locale\" content=\"de_DE\" \/>\n<meta property=\"og:type\" content=\"article\" \/>\n<meta property=\"og:title\" content=\"Bediente Branchen | Van Beek\" \/>\n<meta property=\"og:description\" content=\"Wir bedienen Unternehmen in der Nahrungsmittel-, Chemie-, Umwelt- und Recyclingindustrie. Fragen Sie sich, ob wir Ihnen weiterhelfen k\u00f6nnen?\" \/>\n<meta property=\"og:url\" content=\"https:\/\/www.van-beek.nl\/de\/ueber-uns\/branchen\/\" \/>\n<meta property=\"og:site_name\" content=\"Van Beek Schroeftransport\" \/>\n<meta property=\"article:modified_time\" content=\"2021-06-15T12:42:10+00:00\" \/>\n<meta name=\"twitter:card\" content=\"summary_large_image\" \/>\n<meta name=\"twitter:label1\" content=\"Gesch\u00e4tzte Lesezeit\" \/>\n\t<meta name=\"twitter:data1\" content=\"2\u00a0Minuten\" \/>\n<script type=\"application\/ld+json\" class=\"yoast-schema-graph\">{\"@context\":\"https:\\\/\\\/schema.org\",\"@graph\":[{\"@type\":\"WebPage\",\"@id\":\"https:\\\/\\\/www.van-beek.nl\\\/de\\\/ueber-uns\\\/branchen\\\/\",\"url\":\"https:\\\/\\\/www.van-beek.nl\\\/de\\\/ueber-uns\\\/branchen\\\/\",\"name\":\"Bediente Branchen | Van Beek\",\"isPartOf\":{\"@id\":\"https:\\\/\\\/www.van-beek.nl\\\/de\\\/#website\"},\"datePublished\":\"2020-04-09T09:22:21+00:00\",\"dateModified\":\"2021-06-15T12:42:10+00:00\",\"description\":\"Wir bedienen Unternehmen in der Nahrungsmittel-, Chemie-, Umwelt- und Recyclingindustrie. Fragen Sie sich, ob wir Ihnen weiterhelfen k\u00f6nnen?\",\"breadcrumb\":{\"@id\":\"https:\\\/\\\/www.van-beek.nl\\\/de\\\/ueber-uns\\\/branchen\\\/#breadcrumb\"},\"inLanguage\":\"de\",\"potentialAction\":[{\"@type\":\"ReadAction\",\"target\":[\"https:\\\/\\\/www.van-beek.nl\\\/de\\\/ueber-uns\\\/branchen\\\/\"]}]},{\"@type\":\"BreadcrumbList\",\"@id\":\"https:\\\/\\\/www.van-beek.nl\\\/de\\\/ueber-uns\\\/branchen\\\/#breadcrumb\",\"itemListElement\":[{\"@type\":\"ListItem\",\"position\":1,\"name\":\"Home\",\"item\":\"https:\\\/\\\/www.van-beek.nl\\\/de\\\/\"},{\"@type\":\"ListItem\",\"position\":2,\"name\":\"\u00dcber uns\",\"item\":\"https:\\\/\\\/www.van-beek.nl\\\/de\\\/ueber-uns\\\/\"},{\"@type\":\"ListItem\",\"position\":3,\"name\":\"Branchen\"}]},{\"@type\":\"WebSite\",\"@id\":\"https:\\\/\\\/www.van-beek.nl\\\/de\\\/#website\",\"url\":\"https:\\\/\\\/www.van-beek.nl\\\/de\\\/\",\"name\":\"Van Beek Schroeftransport\",\"description\":\"\",\"publisher\":{\"@id\":\"https:\\\/\\\/www.van-beek.nl\\\/de\\\/#organization\"},\"potentialAction\":[{\"@type\":\"SearchAction\",\"target\":{\"@type\":\"EntryPoint\",\"urlTemplate\":\"https:\\\/\\\/www.van-beek.nl\\\/de\\\/?s={search_term_string}\"},\"query-input\":{\"@type\":\"PropertyValueSpecification\",\"valueRequired\":true,\"valueName\":\"search_term_string\"}}],\"inLanguage\":\"de\"},{\"@type\":\"Organization\",\"@id\":\"https:\\\/\\\/www.van-beek.nl\\\/de\\\/#organization\",\"name\":\"Transportschroeven- en machinefabriek Van Beek B.V.\",\"url\":\"https:\\\/\\\/www.van-beek.nl\\\/de\\\/\",\"logo\":{\"@type\":\"ImageObject\",\"inLanguage\":\"de\",\"@id\":\"https:\\\/\\\/www.van-beek.nl\\\/de\\\/#\\\/schema\\\/logo\\\/image\\\/\",\"url\":\"https:\\\/\\\/van-beek.nl\\\/wp-content\\\/uploads\\\/2020\\\/04\\\/VanBeek-logo.png\",\"contentUrl\":\"https:\\\/\\\/van-beek.nl\\\/wp-content\\\/uploads\\\/2020\\\/04\\\/VanBeek-logo.png\",\"width\":116,\"height\":22,\"caption\":\"Transportschroeven- en machinefabriek Van Beek B.V.\"},\"image\":{\"@id\":\"https:\\\/\\\/www.van-beek.nl\\\/de\\\/#\\\/schema\\\/logo\\\/image\\\/\"}}]}<\/script>\n<!-- \/ Yoast SEO plugin. -->","yoast_head_json":{"title":"Bediente Branchen | Van Beek","description":"Wir bedienen Unternehmen in der Nahrungsmittel-, Chemie-, Umwelt- und Recyclingindustrie. Fragen Sie sich, ob wir Ihnen weiterhelfen k\u00f6nnen?","robots":{"index":"index","follow":"follow","max-snippet":"max-snippet:-1","max-image-preview":"max-image-preview:large","max-video-preview":"max-video-preview:-1"},"canonical":"https:\/\/www.van-beek.nl\/de\/ueber-uns\/branchen\/","og_locale":"de_DE","og_type":"article","og_title":"Bediente Branchen | Van Beek","og_description":"Wir bedienen Unternehmen in der Nahrungsmittel-, Chemie-, Umwelt- und Recyclingindustrie. Fragen Sie sich, ob wir Ihnen weiterhelfen k\u00f6nnen?","og_url":"https:\/\/www.van-beek.nl\/de\/ueber-uns\/branchen\/","og_site_name":"Van Beek Schroeftransport","article_modified_time":"2021-06-15T12:42:10+00:00","twitter_card":"summary_large_image","twitter_misc":{"Gesch\u00e4tzte Lesezeit":"2\u00a0Minuten"},"schema":{"@context":"https:\/\/schema.org","@graph":[{"@type":"WebPage","@id":"https:\/\/www.van-beek.nl\/de\/ueber-uns\/branchen\/","url":"https:\/\/www.van-beek.nl\/de\/ueber-uns\/branchen\/","name":"Bediente Branchen | Van Beek","isPartOf":{"@id":"https:\/\/www.van-beek.nl\/de\/#website"},"datePublished":"2020-04-09T09:22:21+00:00","dateModified":"2021-06-15T12:42:10+00:00","description":"Wir bedienen Unternehmen in der Nahrungsmittel-, Chemie-, Umwelt- und Recyclingindustrie. Fragen Sie sich, ob wir Ihnen weiterhelfen k\u00f6nnen?","breadcrumb":{"@id":"https:\/\/www.van-beek.nl\/de\/ueber-uns\/branchen\/#breadcrumb"},"inLanguage":"de","potentialAction":[{"@type":"ReadAction","target":["https:\/\/www.van-beek.nl\/de\/ueber-uns\/branchen\/"]}]},{"@type":"BreadcrumbList","@id":"https:\/\/www.van-beek.nl\/de\/ueber-uns\/branchen\/#breadcrumb","itemListElement":[{"@type":"ListItem","position":1,"name":"Home","item":"https:\/\/www.van-beek.nl\/de\/"},{"@type":"ListItem","position":2,"name":"\u00dcber uns","item":"https:\/\/www.van-beek.nl\/de\/ueber-uns\/"},{"@type":"ListItem","position":3,"name":"Branchen"}]},{"@type":"WebSite","@id":"https:\/\/www.van-beek.nl\/de\/#website","url":"https:\/\/www.van-beek.nl\/de\/","name":"Van Beek Schroeftransport","description":"","publisher":{"@id":"https:\/\/www.van-beek.nl\/de\/#organization"},"potentialAction":[{"@type":"SearchAction","target":{"@type":"EntryPoint","urlTemplate":"https:\/\/www.van-beek.nl\/de\/?s={search_term_string}"},"query-input":{"@type":"PropertyValueSpecification","valueRequired":true,"valueName":"search_term_string"}}],"inLanguage":"de"},{"@type":"Organization","@id":"https:\/\/www.van-beek.nl\/de\/#organization","name":"Transportschroeven- en machinefabriek Van Beek B.V.","url":"https:\/\/www.van-beek.nl\/de\/","logo":{"@type":"ImageObject","inLanguage":"de","@id":"https:\/\/www.van-beek.nl\/de\/#\/schema\/logo\/image\/","url":"https:\/\/van-beek.nl\/wp-content\/uploads\/2020\/04\/VanBeek-logo.png","contentUrl":"https:\/\/van-beek.nl\/wp-content\/uploads\/2020\/04\/VanBeek-logo.png","width":116,"height":22,"caption":"Transportschroeven- en machinefabriek Van Beek B.V."},"image":{"@id":"https:\/\/www.van-beek.nl\/de\/#\/schema\/logo\/image\/"}}]}},"_links":{"self":[{"href":"https:\/\/www.van-beek.nl\/de\/wp-json\/wp\/v2\/pages\/3812","targetHints":{"allow":["GET"]}}],"collection":[{"href":"https:\/\/www.van-beek.nl\/de\/wp-json\/wp\/v2\/pages"}],"about":[{"href":"https:\/\/www.van-beek.nl\/de\/wp-json\/wp\/v2\/types\/page"}],"author":[{"embeddable":true,"href":"https:\/\/www.van-beek.nl\/de\/wp-json\/wp\/v2\/users\/2"}],"replies":[{"embeddable":true,"href":"https:\/\/www.van-beek.nl\/de\/wp-json\/wp\/v2\/comments?post=3812"}],"version-history":[{"count":3,"href":"https:\/\/www.van-beek.nl\/de\/wp-json\/wp\/v2\/pages\/3812\/revisions"}],"predecessor-version":[{"id":8084,"href":"https:\/\/www.van-beek.nl\/de\/wp-json\/wp\/v2\/pages\/3812\/revisions\/8084"}],"up":[{"embeddable":true,"href":"https:\/\/www.van-beek.nl\/de\/wp-json\/wp\/v2\/pages\/3829"}],"wp:attachment":[{"href":"https:\/\/www.van-beek.nl\/de\/wp-json\/wp\/v2\/media?parent=3812"}],"curies":[{"name":"wp","href":"https:\/\/api.w.org\/{rel}","templated":true}]}}