{"id":3814,"date":"2020-04-09T09:30:25","date_gmt":"2020-04-09T09:30:25","guid":{"rendered":"https:\/\/van-beek.nl\/testzentrum-the-blue-zone\/"},"modified":"2021-06-09T12:53:00","modified_gmt":"2021-06-09T12:53:00","slug":"testzentrum-the-blue-zone","status":"publish","type":"page","link":"https:\/\/www.van-beek.nl\/de\/know-how\/testzentrum-the-blue-zone\/","title":{"rendered":"Testzentrum The Blue Zone"},"content":{"rendered":"<p><strong>Wir ermitteln in unserer Testanlage Probleme beim Transport von Massenprodukten. So k\u00f6nnen wir bereits vor Projektbeginn die beste Anwendung f\u00fcr Ihre Betriebsprozesse bestimmen.<\/strong><\/p>\n<h2>Kompetenzzentrum f\u00fcr Schneckenf\u00f6rderer<\/h2>\n<p>The Blue Zone ist ein blau abgegrenzter Bereich unserer Betriebshalle, in dem wir Produkte testen, analysieren und \u00fcberpr\u00fcfen. In diesem auf Innovation und Professionalisierung ausgerichteten Bereich findet auch die Abnahme unserer Produkte statt. Gro\u00dfe bewegliche Leinw\u00e4nde und Stellw\u00e4nde sorgen f\u00fcr eine noch bessere optische Abgrenzung dieses Raums. Diese Leinw\u00e4nde bilden au\u00dferdem die Kulisse f\u00fcr die einheitliche Pr\u00e4sentation unserer neuen Produkte.<\/p>\n<h2>Das Flie\u00dfverhalten von Produkten testen<\/h2>\n<p>The Blue Zone ist in drei Bereiche unterteilt: The Test Room, The Brain Room und The Take-off. Im abgeschlossenen \u201eTest Room\u201c testen wir die Flie\u00dff\u00e4higkeit, die Klebrigkeit oder F\u00f6rderbarkeit verschiedener Produkte. So k\u00f6nnen wir testen, welche Auswirkungen ein Schneckenf\u00f6rderer auf bestimmte Produkte hat. Diese Tests k\u00f6nnen 5 Minuten in Anspruch nehmen, aber auch einen ganzen Tag dauern. Wir suchen gemeinsam mit Ihnen die beste L\u00f6sung f\u00fcr ein optimales Endergebnis. Die Testmaschinen k\u00f6nnen auch f\u00fcr Tests in Ihrem Produktionsprozess gemietet werden.<\/p>\n<h2>Testergebnisse einsehen und analysieren<\/h2>\n<p>In The Brain Room k\u00f6nnen Sie alle Testergebnisse sofort einsehen, analysieren und besprechen. Jeder Test wird gefilmt und analysiert. Au\u00dferdem speichern wir Muster aller Tests in einer Datenbank, um das Verhalten des Produkts in einer bestimmten Maschine vorhersagen zu k\u00f6nnen. Mit diesem Wissen k\u00f6nnen wir bereits im Vorfeld absch\u00e4tzen, welcher Schneckenf\u00f6rderer sich f\u00fcr Sie und Ihr Produkt am besten eignet. W\u00e4hrend des Projekts brauchen wir daher keine weiteren Versuche mehr durchzuf\u00fchren. Wir vergr\u00f6\u00dfern auf diese Weise st\u00e4ndig unser Know-how und bieten Ihnen so die bestm\u00f6gliche L\u00f6sung.<\/p>\n<h2>Die Abnahme von Anlagen<\/h2>\n<p>Im Raum The Take-off in The Blue Zone findet die offizielle Abnahme von Maschinen statt. Hier k\u00f6nnen wir mit Ihnen das Projekt feierlich abschlie\u00dfen.<\/p>\n<h2>Verbesserung Ihres Produktionsprozesses<\/h2>\n<p>Geschlossene Schneckenf\u00f6rderer sind aufgrund der niedrigeren Explosionsgefahr wesentlich zuverl\u00e4ssiger als z. B. Druckluft- oder Bandf\u00f6rderer. Versuche mit fragilen oder empfindlichen Produkten wie N\u00fcssen oder Kaffee ergeben, ob ein Schneckenf\u00f6rderer eine gute Alternative f\u00fcr Ihr Produktionsverfahren ist.<\/p>\n<h2>Sind Sie an The Blue Zone interessiert?<\/h2>\n<p>M\u00f6chten Sie mehr dar\u00fcber erfahren, welche M\u00f6glichkeiten Ihnen die Blue Zone zu bieten hat? <a href=\"\/de\/schneckenfoerderer\/kontakt-van-beek\/\">Kontaktieren<\/a> Sie uns! Sie sind herzlich willkommen.<\/p>\n","protected":false},"excerpt":{"rendered":"<p>Wir ermitteln in unserer Testanlage Probleme beim Transport von Massenprodukten. So k\u00f6nnen wir bereits vor Projektbeginn die beste Anwendung f\u00fcr Ihre Betriebsprozesse bestimmen. Kompetenzzentrum f\u00fcr Schneckenf\u00f6rderer The Blue Zone ist ein blau abgegrenzter Bereich unserer Betriebshalle, in dem wir Produkte testen, analysieren und \u00fcberpr\u00fcfen. In diesem auf Innovation und Professionalisierung ausgerichteten Bereich findet auch die [&hellip;]<\/p>\n","protected":false},"author":2,"featured_media":0,"parent":3827,"menu_order":0,"comment_status":"closed","ping_status":"closed","template":"","meta":{"_acf_changed":false,"content-type":"","inline_featured_image":false,"footnotes":""},"class_list":["post-3814","page","type-page","status-publish","hentry"],"acf":[],"yoast_head":"<!-- This site is optimized with the Yoast SEO plugin v27.5 - https:\/\/yoast.com\/product\/yoast-seo-wordpress\/ -->\n<title>Testzentrum The Blue Zone | Van Beek<\/title>\n<meta name=\"description\" content=\"Wir ermitteln in unserer Testanlage Probleme beim Transport von Massenprodukten. So k\u00f6nnen wir die beste Anwendung f\u00fcr Ihre Betriebsprozesse bestimmen.\" \/>\n<meta name=\"robots\" content=\"index, follow, max-snippet:-1, max-image-preview:large, max-video-preview:-1\" \/>\n<link rel=\"canonical\" href=\"https:\/\/www.van-beek.nl\/de\/know-how\/testzentrum-the-blue-zone\/\" \/>\n<meta property=\"og:locale\" content=\"de_DE\" \/>\n<meta property=\"og:type\" content=\"article\" \/>\n<meta property=\"og:title\" content=\"Testzentrum The Blue Zone | Van Beek\" \/>\n<meta property=\"og:description\" content=\"Wir ermitteln in unserer Testanlage Probleme beim Transport von Massenprodukten. So k\u00f6nnen wir die beste Anwendung f\u00fcr Ihre Betriebsprozesse bestimmen.\" \/>\n<meta property=\"og:url\" content=\"https:\/\/www.van-beek.nl\/de\/know-how\/testzentrum-the-blue-zone\/\" \/>\n<meta property=\"og:site_name\" content=\"Van Beek Schroeftransport\" \/>\n<meta property=\"article:modified_time\" content=\"2021-06-09T12:53:00+00:00\" \/>\n<meta name=\"twitter:card\" content=\"summary_large_image\" \/>\n<meta name=\"twitter:label1\" content=\"Gesch\u00e4tzte Lesezeit\" \/>\n\t<meta name=\"twitter:data1\" content=\"2\u00a0Minuten\" \/>\n<script type=\"application\/ld+json\" class=\"yoast-schema-graph\">{\"@context\":\"https:\\\/\\\/schema.org\",\"@graph\":[{\"@type\":\"WebPage\",\"@id\":\"https:\\\/\\\/www.van-beek.nl\\\/de\\\/know-how\\\/testzentrum-the-blue-zone\\\/\",\"url\":\"https:\\\/\\\/www.van-beek.nl\\\/de\\\/know-how\\\/testzentrum-the-blue-zone\\\/\",\"name\":\"Testzentrum The Blue Zone | Van Beek\",\"isPartOf\":{\"@id\":\"https:\\\/\\\/www.van-beek.nl\\\/de\\\/#website\"},\"datePublished\":\"2020-04-09T09:30:25+00:00\",\"dateModified\":\"2021-06-09T12:53:00+00:00\",\"description\":\"Wir ermitteln in unserer Testanlage Probleme beim Transport von Massenprodukten. So k\u00f6nnen wir die beste Anwendung f\u00fcr Ihre Betriebsprozesse bestimmen.\",\"breadcrumb\":{\"@id\":\"https:\\\/\\\/www.van-beek.nl\\\/de\\\/know-how\\\/testzentrum-the-blue-zone\\\/#breadcrumb\"},\"inLanguage\":\"de\",\"potentialAction\":[{\"@type\":\"ReadAction\",\"target\":[\"https:\\\/\\\/www.van-beek.nl\\\/de\\\/know-how\\\/testzentrum-the-blue-zone\\\/\"]}]},{\"@type\":\"BreadcrumbList\",\"@id\":\"https:\\\/\\\/www.van-beek.nl\\\/de\\\/know-how\\\/testzentrum-the-blue-zone\\\/#breadcrumb\",\"itemListElement\":[{\"@type\":\"ListItem\",\"position\":1,\"name\":\"Home\",\"item\":\"https:\\\/\\\/www.van-beek.nl\\\/de\\\/\"},{\"@type\":\"ListItem\",\"position\":2,\"name\":\"Know-how\",\"item\":\"https:\\\/\\\/www.van-beek.nl\\\/de\\\/kennis\\\/\"},{\"@type\":\"ListItem\",\"position\":3,\"name\":\"Testzentrum The Blue Zone\"}]},{\"@type\":\"WebSite\",\"@id\":\"https:\\\/\\\/www.van-beek.nl\\\/de\\\/#website\",\"url\":\"https:\\\/\\\/www.van-beek.nl\\\/de\\\/\",\"name\":\"Van Beek Schroeftransport\",\"description\":\"\",\"publisher\":{\"@id\":\"https:\\\/\\\/www.van-beek.nl\\\/de\\\/#organization\"},\"potentialAction\":[{\"@type\":\"SearchAction\",\"target\":{\"@type\":\"EntryPoint\",\"urlTemplate\":\"https:\\\/\\\/www.van-beek.nl\\\/de\\\/?s={search_term_string}\"},\"query-input\":{\"@type\":\"PropertyValueSpecification\",\"valueRequired\":true,\"valueName\":\"search_term_string\"}}],\"inLanguage\":\"de\"},{\"@type\":\"Organization\",\"@id\":\"https:\\\/\\\/www.van-beek.nl\\\/de\\\/#organization\",\"name\":\"Transportschroeven- en machinefabriek Van Beek B.V.\",\"url\":\"https:\\\/\\\/www.van-beek.nl\\\/de\\\/\",\"logo\":{\"@type\":\"ImageObject\",\"inLanguage\":\"de\",\"@id\":\"https:\\\/\\\/www.van-beek.nl\\\/de\\\/#\\\/schema\\\/logo\\\/image\\\/\",\"url\":\"https:\\\/\\\/van-beek.nl\\\/wp-content\\\/uploads\\\/2020\\\/04\\\/VanBeek-logo.png\",\"contentUrl\":\"https:\\\/\\\/van-beek.nl\\\/wp-content\\\/uploads\\\/2020\\\/04\\\/VanBeek-logo.png\",\"width\":116,\"height\":22,\"caption\":\"Transportschroeven- en machinefabriek Van Beek B.V.\"},\"image\":{\"@id\":\"https:\\\/\\\/www.van-beek.nl\\\/de\\\/#\\\/schema\\\/logo\\\/image\\\/\"}}]}<\/script>\n<!-- \/ Yoast SEO plugin. -->","yoast_head_json":{"title":"Testzentrum The Blue Zone | Van Beek","description":"Wir ermitteln in unserer Testanlage Probleme beim Transport von Massenprodukten. So k\u00f6nnen wir die beste Anwendung f\u00fcr Ihre Betriebsprozesse bestimmen.","robots":{"index":"index","follow":"follow","max-snippet":"max-snippet:-1","max-image-preview":"max-image-preview:large","max-video-preview":"max-video-preview:-1"},"canonical":"https:\/\/www.van-beek.nl\/de\/know-how\/testzentrum-the-blue-zone\/","og_locale":"de_DE","og_type":"article","og_title":"Testzentrum The Blue Zone | Van Beek","og_description":"Wir ermitteln in unserer Testanlage Probleme beim Transport von Massenprodukten. So k\u00f6nnen wir die beste Anwendung f\u00fcr Ihre Betriebsprozesse bestimmen.","og_url":"https:\/\/www.van-beek.nl\/de\/know-how\/testzentrum-the-blue-zone\/","og_site_name":"Van Beek Schroeftransport","article_modified_time":"2021-06-09T12:53:00+00:00","twitter_card":"summary_large_image","twitter_misc":{"Gesch\u00e4tzte Lesezeit":"2\u00a0Minuten"},"schema":{"@context":"https:\/\/schema.org","@graph":[{"@type":"WebPage","@id":"https:\/\/www.van-beek.nl\/de\/know-how\/testzentrum-the-blue-zone\/","url":"https:\/\/www.van-beek.nl\/de\/know-how\/testzentrum-the-blue-zone\/","name":"Testzentrum The Blue Zone | Van Beek","isPartOf":{"@id":"https:\/\/www.van-beek.nl\/de\/#website"},"datePublished":"2020-04-09T09:30:25+00:00","dateModified":"2021-06-09T12:53:00+00:00","description":"Wir ermitteln in unserer Testanlage Probleme beim Transport von Massenprodukten. So k\u00f6nnen wir die beste Anwendung f\u00fcr Ihre Betriebsprozesse bestimmen.","breadcrumb":{"@id":"https:\/\/www.van-beek.nl\/de\/know-how\/testzentrum-the-blue-zone\/#breadcrumb"},"inLanguage":"de","potentialAction":[{"@type":"ReadAction","target":["https:\/\/www.van-beek.nl\/de\/know-how\/testzentrum-the-blue-zone\/"]}]},{"@type":"BreadcrumbList","@id":"https:\/\/www.van-beek.nl\/de\/know-how\/testzentrum-the-blue-zone\/#breadcrumb","itemListElement":[{"@type":"ListItem","position":1,"name":"Home","item":"https:\/\/www.van-beek.nl\/de\/"},{"@type":"ListItem","position":2,"name":"Know-how","item":"https:\/\/www.van-beek.nl\/de\/kennis\/"},{"@type":"ListItem","position":3,"name":"Testzentrum The Blue Zone"}]},{"@type":"WebSite","@id":"https:\/\/www.van-beek.nl\/de\/#website","url":"https:\/\/www.van-beek.nl\/de\/","name":"Van Beek Schroeftransport","description":"","publisher":{"@id":"https:\/\/www.van-beek.nl\/de\/#organization"},"potentialAction":[{"@type":"SearchAction","target":{"@type":"EntryPoint","urlTemplate":"https:\/\/www.van-beek.nl\/de\/?s={search_term_string}"},"query-input":{"@type":"PropertyValueSpecification","valueRequired":true,"valueName":"search_term_string"}}],"inLanguage":"de"},{"@type":"Organization","@id":"https:\/\/www.van-beek.nl\/de\/#organization","name":"Transportschroeven- en machinefabriek Van Beek B.V.","url":"https:\/\/www.van-beek.nl\/de\/","logo":{"@type":"ImageObject","inLanguage":"de","@id":"https:\/\/www.van-beek.nl\/de\/#\/schema\/logo\/image\/","url":"https:\/\/van-beek.nl\/wp-content\/uploads\/2020\/04\/VanBeek-logo.png","contentUrl":"https:\/\/van-beek.nl\/wp-content\/uploads\/2020\/04\/VanBeek-logo.png","width":116,"height":22,"caption":"Transportschroeven- en machinefabriek Van Beek B.V."},"image":{"@id":"https:\/\/www.van-beek.nl\/de\/#\/schema\/logo\/image\/"}}]}},"_links":{"self":[{"href":"https:\/\/www.van-beek.nl\/de\/wp-json\/wp\/v2\/pages\/3814","targetHints":{"allow":["GET"]}}],"collection":[{"href":"https:\/\/www.van-beek.nl\/de\/wp-json\/wp\/v2\/pages"}],"about":[{"href":"https:\/\/www.van-beek.nl\/de\/wp-json\/wp\/v2\/types\/page"}],"author":[{"embeddable":true,"href":"https:\/\/www.van-beek.nl\/de\/wp-json\/wp\/v2\/users\/2"}],"replies":[{"embeddable":true,"href":"https:\/\/www.van-beek.nl\/de\/wp-json\/wp\/v2\/comments?post=3814"}],"version-history":[{"count":3,"href":"https:\/\/www.van-beek.nl\/de\/wp-json\/wp\/v2\/pages\/3814\/revisions"}],"predecessor-version":[{"id":8025,"href":"https:\/\/www.van-beek.nl\/de\/wp-json\/wp\/v2\/pages\/3814\/revisions\/8025"}],"up":[{"embeddable":true,"href":"https:\/\/www.van-beek.nl\/de\/wp-json\/wp\/v2\/pages\/3827"}],"wp:attachment":[{"href":"https:\/\/www.van-beek.nl\/de\/wp-json\/wp\/v2\/media?parent=3814"}],"curies":[{"name":"wp","href":"https:\/\/api.w.org\/{rel}","templated":true}]}}