{"id":3815,"date":"2020-03-18T12:47:40","date_gmt":"2020-03-18T12:47:40","guid":{"rendered":"https:\/\/van-beek.nl\/transport\/"},"modified":"2022-10-17T17:08:04","modified_gmt":"2022-10-17T15:08:04","slug":"massenguttransport","status":"publish","type":"page","link":"https:\/\/www.van-beek.nl\/de\/schneckenfoerderer\/massenguttransport\/","title":{"rendered":"Massenguttransport"},"content":{"rendered":"<p><strong>Feststoffe k\u00f6nnen mit unterschiedlichen Massenguttransport-Verfahren \u00a0zur weiteren Verarbeitung oder Produktion transportiert werden.<br \/>\n<\/strong><\/p>\n<h2>Unterschiedliche Maschinen<\/h2>\n<p>F\u00fcr den Transport von Feststoffen stehen diverse mechanische und pneumatische Anlagen zur Wahl. Sie kennen sie bestimmt: F\u00f6rderb\u00e4nder, Scheibenf\u00f6rderer, R\u00fcttelf\u00f6rderer, Elevatoren, aeromechanische F\u00f6rderer, Spiralf\u00f6rderer, Vakuumf\u00f6rderer und pneumatische F\u00f6rderer. Welche dieser L\u00f6sungen f\u00fcr Sie am besten geeignet ist, h\u00e4ngt unter anderem vom Produkt, dem verf\u00fcgbaren Platz und der Umgebung ab.<\/p>\n<h2>Vor- und Nachteile von Masseguttransport<\/h2>\n<p>Jedes Transportverfahren hat Vor- und Nachteile. Anlagen, die auf der Grundlage von Luftstr\u00f6men arbeiten, sind effektiv und effizient, aber in den meisten F\u00e4llen nur f\u00fcr den innerbetrieblichen Transport von Pulvern und eventuell Granulaten mit guten Flie\u00dfeigenschaften geeignet. F\u00f6rderb\u00e4nder sind eine relativ preisg\u00fcnstige L\u00f6sung, es gibt bei ihnen jedoch das Risiko des Schieflaufs, von Versch\u00fctten (an der Auslaufseite), St\u00f6rungen und in deren Folge eventueller kostspieliger Reparaturen.<\/p>\n<table width=\"739\">\n<tbody>\n<tr>\n<td width=\"181\"><b>Bandf\u00f6rderer<\/b><\/td>\n<td width=\"181\"><b>Becherf\u00f6rderer<\/b><\/td>\n<td width=\"200\"><b>Pneumatische F\u00f6rderer<\/b><\/td>\n<td width=\"177\"><b>Schneckenf\u00f6rderer<\/b><\/td>\n<\/tr>\n<tr>\n<td width=\"181\"><span style=\"color: #339966;\">Niedrige L\u00e4rmemissionen<\/span><\/td>\n<td width=\"181\"><span style=\"color: #339966;\">Niedrige L\u00e4rmemissionen<\/span><\/td>\n<td width=\"200\"><span style=\"color: #c90c0c;\">Hohe L\u00e4rmemissionen<\/span><\/td>\n<td width=\"177\"><span style=\"color: #339966;\">Niedrige L\u00e4rmemissionen<\/span><\/td>\n<\/tr>\n<tr>\n<td width=\"181\"><span style=\"color: #c90c0c;\">Bis 20\u00b0<\/span><\/td>\n<td width=\"181\"><span style=\"color: #339966;\">Alle Steigungswinkel<\/span><\/td>\n<td width=\"200\"><span style=\"color: #339966;\">Alle Steigungswinkel<\/span><\/td>\n<td width=\"177\"><span style=\"color: #339966;\">Alle Steigungswinkel<\/span><\/td>\n<\/tr>\n<tr>\n<td width=\"181\"><span style=\"color: #339966;\">Niedriger Energieverbrauch<\/span><\/td>\n<td width=\"181\"><span style=\"color: #339966;\">Niedriger Energieverbrauch<\/span><\/td>\n<td width=\"200\"><span style=\"color: #c90c0c;\">Hoher Energieverbrauch<\/span><\/td>\n<td width=\"177\"><span style=\"color: #339966;\">Niedriger Energieverbrauch<\/span><\/td>\n<\/tr>\n<tr>\n<td width=\"181\"><span style=\"color: #c90c0c;\">Schwierige Reinigung<\/span><\/td>\n<td width=\"181\"><span style=\"color: #c90c0c;\">Schwierige Reinigung<\/span><\/td>\n<td width=\"200\"><span style=\"color: #339966;\">Einfache Reinigung<\/span><\/td>\n<td width=\"177\"><span style=\"color: #db8a0f;\">Reinigbar<\/span><\/td>\n<\/tr>\n<tr>\n<td width=\"181\"><span style=\"color: #c90c0c;\">Unhygienisch<\/span><\/td>\n<td width=\"181\"><span style=\"color: #c90c0c;\">Unhygienisch<\/span><\/td>\n<td width=\"200\"><span style=\"color: #339966;\">Hygienisch<\/span><\/td>\n<td width=\"177\"><span style=\"color: #db8a0f;\">Hygienisch<\/span><\/td>\n<\/tr>\n<tr>\n<td width=\"181\"><span style=\"color: #c90c0c;\">H\u00e4ufige Wartung<\/span><\/td>\n<td width=\"181\"><span style=\"color: #c90c0c;\">H\u00e4ufige Wartung<\/span><\/td>\n<td width=\"200\"><span style=\"color: #339966;\">Wartungsarm<\/span><\/td>\n<td width=\"177\"><span style=\"color: #339966;\">Wartungsarm<\/span><\/td>\n<\/tr>\n<\/tbody>\n<\/table>\n<h2>Die Schneckenf\u00f6rderer fur Massentransport<\/h2>\n<p>Mit den diversen Schneckenf\u00f6rderern von Van Beek lassen sich fast alle Feststoffe intern transportieren, auch vertikal um 90 Grad. Auch der Transport von Stoffen \u00fcber l\u00e4ngere Abst\u00e4nde ist m\u00f6glich, unsere <a href=\"\/de\/schneckenfoerderer\/schluesselfertige-projekte\/\">schl\u00fcsselfertigen Projekte<\/a> zeigen, wie Schneckenf\u00f6rderer komplett auf einander und das Verfahren abgestimmt werden k\u00f6nnen.<\/p>\n<h2>Hygienischer Massenguttransport<\/h2>\n<p>Der Transport mit hygienischen Schneckenf\u00f6rderern, die auch mit CIP (Cleaning in Place, ortsgebundene Reinigung) ausgestattet sein k\u00f6nnen, wirkt mikrobakteriellem Befall entgegen. Daher werden die <a href=\"\/de\/schneckenfoerderer\/\"><u>Schneckenf\u00f6rderer<\/u><\/a> von Van Beek h\u00e4ufig in der Lebensmittel-, Pharma- und Chemieindustrie eingesetzt, z. B. f\u00fcr den Transport von Babynahrung, Milch- und St\u00e4rkepulver, die Dosierung von Zucker, die Bef\u00f6rderung von Fleisch, den H\u00f6hentransport von Kakaopulver und die Zuf\u00fcgung von Salzen. Schauen Sie sich unsere <a href=\"\/de\/schneckenfoerderer\/hygienische-foerderanlagen\/\">Hypreme-Produkte<\/a> an, bei denen weiterer Nachdruck auf der Hygiene liegt.<\/p>\n<h2>Materialtransport ohne Produktverluste in die Umgebung<\/h2>\n<p>Mit unseren <a href=\"https:\/\/van-beek.nl\/de\/schneckenfoerderer\/massenguttransport\/rohrschnecken\/\"><u>Rohrschnecken<\/u><\/a>, <a href=\"https:\/\/van-beek.nl\/de\/schneckenfoerderer\/massenguttransport\/trogschnecken\/\"><u>Trogschnecken<\/u><\/a> und <a href=\"https:\/\/van-beek.nl\/de\/schneckenfoerderer\/massenguttransport\/wellenlose-foerderer\/\"><u>wellenlosen F\u00f6rderern<\/u><\/a> k\u00f6nnen Sie Masseng\u00fcter ohne Produktverluste in der Umgebung der Maschine transportieren. Dies spielt insbesondere bei explosionsgef\u00e4hrlichen, toxischen oder kostbaren Produkten wie Mehl, Milchpulver, Goldstaub, Kobaltpulver oder Pflanzenschutzmitteln eine Rolle. Die geschlossenen Schneckenf\u00f6rderer von Van Beek wurden speziell f\u00fcr diese Aufgabe konzipiert.<\/p>\n<h2>K\u00fchlen, Trocknen und Heizen w\u00e4hrend des Transports<\/h2>\n<p>Thermischer Transport mit unseren <a href=\"\/de\/celsius-schneckenwaermetauscher\/\" rel=\"nofollow\">Celsius Schneckenw\u00e4rmetauschern<\/a>, die gem\u00e4\u00df der Situation in Ihrem Betrieb konfiguriert sind: Van Beek macht es m\u00f6glich. So k\u00f6nnen Sie Stoffe wie Glasfasern, Sand und Bitumen oder Produkte wie Kakaopulver oder Eierschalen oder die Rohstoffe f\u00fcr M\u00fcsliriegel k\u00fchlen, heizen, trocknen oder ihre Temperatur aufrechterhalten w\u00e4hrend des Transports.<\/p>\n<h3>M\u00f6chten Sie mehr \u00fcber masseguttransport erfahren? Bitte <a href=\"\/de\/schneckenfoerderer\/kontakt-van-beek\/\">wenden Sie sich dann an uns<\/a>.<\/h3>\n","protected":false},"excerpt":{"rendered":"<p>Feststoffe k\u00f6nnen mit unterschiedlichen Massenguttransport-Verfahren \u00a0zur weiteren Verarbeitung oder Produktion transportiert werden. Unterschiedliche Maschinen F\u00fcr den Transport von Feststoffen stehen diverse mechanische und pneumatische Anlagen zur Wahl. Sie kennen sie bestimmt: F\u00f6rderb\u00e4nder, Scheibenf\u00f6rderer, R\u00fcttelf\u00f6rderer, Elevatoren, aeromechanische F\u00f6rderer, Spiralf\u00f6rderer, Vakuumf\u00f6rderer und pneumatische F\u00f6rderer. Welche dieser L\u00f6sungen f\u00fcr Sie am besten geeignet ist, h\u00e4ngt unter anderem vom [&hellip;]<\/p>\n","protected":false},"author":1,"featured_media":0,"parent":3864,"menu_order":0,"comment_status":"closed","ping_status":"closed","template":"subpage.php","meta":{"_acf_changed":false,"content-type":"","inline_featured_image":false,"footnotes":""},"class_list":["post-3815","page","type-page","status-publish","hentry"],"acf":[],"yoast_head":"<!-- This site is optimized with the Yoast SEO plugin v27.5 - https:\/\/yoast.com\/product\/yoast-seo-wordpress\/ -->\n<title>Masseguttransport: Alle informationen auf einen Blick | Van Beek<\/title>\n<meta name=\"description\" content=\"Entdecken Sie hier unsere Massentransportmethoden und machen Sie Ihren Logistikprozess effizienter.\" \/>\n<meta name=\"robots\" content=\"index, follow, max-snippet:-1, max-image-preview:large, max-video-preview:-1\" \/>\n<link rel=\"canonical\" href=\"https:\/\/www.van-beek.nl\/de\/schneckenfoerderer\/massenguttransport\/\" \/>\n<meta property=\"og:locale\" content=\"de_DE\" \/>\n<meta property=\"og:type\" content=\"article\" \/>\n<meta property=\"og:title\" content=\"Masseguttransport: Alle informationen auf einen Blick | Van Beek\" \/>\n<meta property=\"og:description\" content=\"Entdecken Sie hier unsere Massentransportmethoden und machen Sie Ihren Logistikprozess effizienter.\" \/>\n<meta property=\"og:url\" content=\"https:\/\/www.van-beek.nl\/de\/schneckenfoerderer\/massenguttransport\/\" \/>\n<meta property=\"og:site_name\" content=\"Van Beek Schroeftransport\" \/>\n<meta property=\"article:modified_time\" content=\"2022-10-17T15:08:04+00:00\" \/>\n<meta name=\"twitter:card\" content=\"summary_large_image\" \/>\n<meta name=\"twitter:label1\" content=\"Gesch\u00e4tzte Lesezeit\" \/>\n\t<meta name=\"twitter:data1\" content=\"3\u00a0Minuten\" \/>\n<script type=\"application\/ld+json\" class=\"yoast-schema-graph\">{\"@context\":\"https:\\\/\\\/schema.org\",\"@graph\":[{\"@type\":\"WebPage\",\"@id\":\"https:\\\/\\\/www.van-beek.nl\\\/de\\\/schneckenfoerderer\\\/massenguttransport\\\/\",\"url\":\"https:\\\/\\\/www.van-beek.nl\\\/de\\\/schneckenfoerderer\\\/massenguttransport\\\/\",\"name\":\"Masseguttransport: Alle informationen auf einen Blick | Van Beek\",\"isPartOf\":{\"@id\":\"https:\\\/\\\/www.van-beek.nl\\\/de\\\/#website\"},\"datePublished\":\"2020-03-18T12:47:40+00:00\",\"dateModified\":\"2022-10-17T15:08:04+00:00\",\"description\":\"Entdecken Sie hier unsere Massentransportmethoden und machen Sie Ihren Logistikprozess effizienter.\",\"breadcrumb\":{\"@id\":\"https:\\\/\\\/www.van-beek.nl\\\/de\\\/schneckenfoerderer\\\/massenguttransport\\\/#breadcrumb\"},\"inLanguage\":\"de\",\"potentialAction\":[{\"@type\":\"ReadAction\",\"target\":[\"https:\\\/\\\/www.van-beek.nl\\\/de\\\/schneckenfoerderer\\\/massenguttransport\\\/\"]}]},{\"@type\":\"BreadcrumbList\",\"@id\":\"https:\\\/\\\/www.van-beek.nl\\\/de\\\/schneckenfoerderer\\\/massenguttransport\\\/#breadcrumb\",\"itemListElement\":[{\"@type\":\"ListItem\",\"position\":1,\"name\":\"Home\",\"item\":\"https:\\\/\\\/www.van-beek.nl\\\/de\\\/\"},{\"@type\":\"ListItem\",\"position\":2,\"name\":\"Schneckenf\u00f6rderer\",\"item\":\"https:\\\/\\\/www.van-beek.nl\\\/de\\\/schneckenfoerderer\\\/\"},{\"@type\":\"ListItem\",\"position\":3,\"name\":\"Massenguttransport\"}]},{\"@type\":\"WebSite\",\"@id\":\"https:\\\/\\\/www.van-beek.nl\\\/de\\\/#website\",\"url\":\"https:\\\/\\\/www.van-beek.nl\\\/de\\\/\",\"name\":\"Van Beek Schroeftransport\",\"description\":\"\",\"publisher\":{\"@id\":\"https:\\\/\\\/www.van-beek.nl\\\/de\\\/#organization\"},\"potentialAction\":[{\"@type\":\"SearchAction\",\"target\":{\"@type\":\"EntryPoint\",\"urlTemplate\":\"https:\\\/\\\/www.van-beek.nl\\\/de\\\/?s={search_term_string}\"},\"query-input\":{\"@type\":\"PropertyValueSpecification\",\"valueRequired\":true,\"valueName\":\"search_term_string\"}}],\"inLanguage\":\"de\"},{\"@type\":\"Organization\",\"@id\":\"https:\\\/\\\/www.van-beek.nl\\\/de\\\/#organization\",\"name\":\"Transportschroeven- en machinefabriek Van Beek B.V.\",\"url\":\"https:\\\/\\\/www.van-beek.nl\\\/de\\\/\",\"logo\":{\"@type\":\"ImageObject\",\"inLanguage\":\"de\",\"@id\":\"https:\\\/\\\/www.van-beek.nl\\\/de\\\/#\\\/schema\\\/logo\\\/image\\\/\",\"url\":\"https:\\\/\\\/van-beek.nl\\\/wp-content\\\/uploads\\\/2020\\\/04\\\/VanBeek-logo.png\",\"contentUrl\":\"https:\\\/\\\/van-beek.nl\\\/wp-content\\\/uploads\\\/2020\\\/04\\\/VanBeek-logo.png\",\"width\":116,\"height\":22,\"caption\":\"Transportschroeven- en machinefabriek Van Beek B.V.\"},\"image\":{\"@id\":\"https:\\\/\\\/www.van-beek.nl\\\/de\\\/#\\\/schema\\\/logo\\\/image\\\/\"}}]}<\/script>\n<!-- \/ Yoast SEO plugin. -->","yoast_head_json":{"title":"Masseguttransport: Alle informationen auf einen Blick | Van Beek","description":"Entdecken Sie hier unsere Massentransportmethoden und machen Sie Ihren Logistikprozess effizienter.","robots":{"index":"index","follow":"follow","max-snippet":"max-snippet:-1","max-image-preview":"max-image-preview:large","max-video-preview":"max-video-preview:-1"},"canonical":"https:\/\/www.van-beek.nl\/de\/schneckenfoerderer\/massenguttransport\/","og_locale":"de_DE","og_type":"article","og_title":"Masseguttransport: Alle informationen auf einen Blick | Van Beek","og_description":"Entdecken Sie hier unsere Massentransportmethoden und machen Sie Ihren Logistikprozess effizienter.","og_url":"https:\/\/www.van-beek.nl\/de\/schneckenfoerderer\/massenguttransport\/","og_site_name":"Van Beek Schroeftransport","article_modified_time":"2022-10-17T15:08:04+00:00","twitter_card":"summary_large_image","twitter_misc":{"Gesch\u00e4tzte Lesezeit":"3\u00a0Minuten"},"schema":{"@context":"https:\/\/schema.org","@graph":[{"@type":"WebPage","@id":"https:\/\/www.van-beek.nl\/de\/schneckenfoerderer\/massenguttransport\/","url":"https:\/\/www.van-beek.nl\/de\/schneckenfoerderer\/massenguttransport\/","name":"Masseguttransport: Alle informationen auf einen Blick | Van Beek","isPartOf":{"@id":"https:\/\/www.van-beek.nl\/de\/#website"},"datePublished":"2020-03-18T12:47:40+00:00","dateModified":"2022-10-17T15:08:04+00:00","description":"Entdecken Sie hier unsere Massentransportmethoden und machen Sie Ihren Logistikprozess effizienter.","breadcrumb":{"@id":"https:\/\/www.van-beek.nl\/de\/schneckenfoerderer\/massenguttransport\/#breadcrumb"},"inLanguage":"de","potentialAction":[{"@type":"ReadAction","target":["https:\/\/www.van-beek.nl\/de\/schneckenfoerderer\/massenguttransport\/"]}]},{"@type":"BreadcrumbList","@id":"https:\/\/www.van-beek.nl\/de\/schneckenfoerderer\/massenguttransport\/#breadcrumb","itemListElement":[{"@type":"ListItem","position":1,"name":"Home","item":"https:\/\/www.van-beek.nl\/de\/"},{"@type":"ListItem","position":2,"name":"Schneckenf\u00f6rderer","item":"https:\/\/www.van-beek.nl\/de\/schneckenfoerderer\/"},{"@type":"ListItem","position":3,"name":"Massenguttransport"}]},{"@type":"WebSite","@id":"https:\/\/www.van-beek.nl\/de\/#website","url":"https:\/\/www.van-beek.nl\/de\/","name":"Van Beek Schroeftransport","description":"","publisher":{"@id":"https:\/\/www.van-beek.nl\/de\/#organization"},"potentialAction":[{"@type":"SearchAction","target":{"@type":"EntryPoint","urlTemplate":"https:\/\/www.van-beek.nl\/de\/?s={search_term_string}"},"query-input":{"@type":"PropertyValueSpecification","valueRequired":true,"valueName":"search_term_string"}}],"inLanguage":"de"},{"@type":"Organization","@id":"https:\/\/www.van-beek.nl\/de\/#organization","name":"Transportschroeven- en machinefabriek Van Beek B.V.","url":"https:\/\/www.van-beek.nl\/de\/","logo":{"@type":"ImageObject","inLanguage":"de","@id":"https:\/\/www.van-beek.nl\/de\/#\/schema\/logo\/image\/","url":"https:\/\/van-beek.nl\/wp-content\/uploads\/2020\/04\/VanBeek-logo.png","contentUrl":"https:\/\/van-beek.nl\/wp-content\/uploads\/2020\/04\/VanBeek-logo.png","width":116,"height":22,"caption":"Transportschroeven- en machinefabriek Van Beek B.V."},"image":{"@id":"https:\/\/www.van-beek.nl\/de\/#\/schema\/logo\/image\/"}}]}},"_links":{"self":[{"href":"https:\/\/www.van-beek.nl\/de\/wp-json\/wp\/v2\/pages\/3815","targetHints":{"allow":["GET"]}}],"collection":[{"href":"https:\/\/www.van-beek.nl\/de\/wp-json\/wp\/v2\/pages"}],"about":[{"href":"https:\/\/www.van-beek.nl\/de\/wp-json\/wp\/v2\/types\/page"}],"author":[{"embeddable":true,"href":"https:\/\/www.van-beek.nl\/de\/wp-json\/wp\/v2\/users\/1"}],"replies":[{"embeddable":true,"href":"https:\/\/www.van-beek.nl\/de\/wp-json\/wp\/v2\/comments?post=3815"}],"version-history":[{"count":10,"href":"https:\/\/www.van-beek.nl\/de\/wp-json\/wp\/v2\/pages\/3815\/revisions"}],"predecessor-version":[{"id":11219,"href":"https:\/\/www.van-beek.nl\/de\/wp-json\/wp\/v2\/pages\/3815\/revisions\/11219"}],"up":[{"embeddable":true,"href":"https:\/\/www.van-beek.nl\/de\/wp-json\/wp\/v2\/pages\/3864"}],"wp:attachment":[{"href":"https:\/\/www.van-beek.nl\/de\/wp-json\/wp\/v2\/media?parent=3815"}],"curies":[{"name":"wp","href":"https:\/\/api.w.org\/{rel}","templated":true}]}}