{"id":3817,"date":"2020-08-31T08:58:45","date_gmt":"2020-08-31T08:58:45","guid":{"rendered":"https:\/\/van-beek.nl\/eierschalentrockner\/"},"modified":"2024-01-10T11:46:48","modified_gmt":"2024-01-10T09:46:48","slug":"eierschalentrockner","status":"publish","type":"page","link":"https:\/\/www.van-beek.nl\/de\/celsius-schneckenwaermetauscher\/trocknen\/eierschalentrockner\/","title":{"rendered":"Eierschalentrockner"},"content":{"rendered":"<p><strong>Der Celsius Eierschalentrockner wurde speziell zum Trocknen gebrochener Eierschalen in einem kontinuierlichen Prozess entwickelt. Das Endprodukt ist keimfreier, feink\u00f6rniger und hochwertiger Kalk mit einem Feuchtigkeitsgehalt von h\u00f6chstens 1 %.<\/strong><\/p>\n<h2>Eierschalen als Abfall<\/h2>\n<p>In der Lebensmittelindustrie gelten Eierschalen als tierische Nebenprodukte der Kategorie 3, f\u00fcr deren Entsorgung der Hersteller zust\u00e4ndig ist. Ihre Beseitigung oder Wiederverwendung kann eine m\u00fchsame und kostspielige Angelegenheit werden, w\u00e4hrend die Schalen komplett recycelbar und wiederverwendbar sind und es gute Anwendungen mit einer entsprechenden Nachfrage f\u00fcr sie gibt.<\/p>\n<h2>Vorteile eines Eierschalentrockners<\/h2>\n<p>Die Lagerung, der Transport und die Beseitigung von unbehandelten Eierschalen sind problematisch und mit erheblichen Kosten verbunden. Zudem k\u00f6nnen die Schalen zur Geruchsbel\u00e4stigung f\u00fchren. Wenn sie mittels eines Eierschalentrockners sofort getrocknet werden, wird das Geruchsproblem gel\u00f6st und erh\u00e4lt Ihr Abfall einen Marktwert.<\/p>\n<h2>Woraus besteht der Eierschalentrockner?<\/h2>\n<p>Die Basis des Eierschalentrockners ist ein Schneckenw\u00e4rmetauscher mit einem trogf\u00f6rmigen doppelwandigen Rumpf und einer doppelwandigen Wendel. Der F\u00f6rderwinkel betr\u00e4gt 15 Grad. Die Zu- und Abfuhr des thermischen \u00d6ls f\u00fcr die Wendel und den Rumpf werden von mehreren Steuerventilen geregelt.<\/p>\n<h2>Zusatzausstattung f\u00fcr den Eierschalentrockner<\/h2>\n<p>Zum Basismodul des Eierschalentrockners sind folgende Komponenten als Erweiterung erh\u00e4ltlich:<br \/>\n&#8211; thermischer gasbefeuerter \u00d6lkessel<br \/>\n&#8211; Luftabsaugung\/Gasw\u00e4scher<br \/>\n&#8211; Schneckenf\u00f6rderanlagen f\u00fcr den H\u00f6hentransport<br \/>\n&#8211; Brecher<br \/>\n&#8211; Anlage f\u00fcr die Ozoneinspritzung zur Reduzierung der Geruchsemissionen<br \/>\n&#8211; Vorratsbunker<br \/>\n&#8211; Schneckenf\u00f6rderanlagen als Verbindungsglieder<\/p>\n<h2>Die Kapazit\u00e4t eines Eierschalentrockners<\/h2>\n<p>Der Eierschalentrockner ist mit drei Kapazit\u00e4ten von st\u00fcndlich 500, 1000 und 2000 kg trockenen Schalen verf\u00fcgbar.<\/p>\n<h2>Vermarktung pasteurisierter Eierschalen<\/h2>\n<p>Die Temperatur der Eierschalen steigt w\u00e4hrend der Trocknung auf ca. 110 Grad, so dass sie gleichzeitig hygienisiert werden k\u00f6nnen. Die Hygienisierung der Eierschalen muss jedoch von der Kontrollstelle in Ihrem Land validiert werden. Der ESD entspricht damit den europ\u00e4ischen Verordnungen EG 1069\/2009 und EU 142\/2011, die ein Abfallprodukt der Kategorie 3 zu einem wertvollen Endprodukt aufwerten, das z.B. als Bodenverbesserungsmittel oder als Kalk f\u00fcr die Futtermittel- oder Zementindustrie vermarktet werden kann.<\/p>\n<h2>M\u00f6chten Sie mehr \u00fcber unseren Eierschalentrockner erfahren? Bitte <a href=\"\/de\/celsius-schneckenwaermetauscher\/kontakt-celsius\/\">wenden Sie sich dann an uns<\/a>.<\/h2>\n","protected":false},"excerpt":{"rendered":"<p>Der Celsius Eierschalentrockner wurde speziell zum Trocknen gebrochener Eierschalen in einem kontinuierlichen Prozess entwickelt. Das Endprodukt ist keimfreier, feink\u00f6rniger und hochwertiger Kalk mit einem Feuchtigkeitsgehalt von h\u00f6chstens 1 %. Eierschalen als Abfall In der Lebensmittelindustrie gelten Eierschalen als tierische Nebenprodukte der Kategorie 3, f\u00fcr deren Entsorgung der Hersteller zust\u00e4ndig ist. Ihre Beseitigung oder Wiederverwendung kann [&hellip;]<\/p>\n","protected":false},"author":2,"featured_media":4406,"parent":3849,"menu_order":0,"comment_status":"closed","ping_status":"closed","template":"product.php","meta":{"_acf_changed":false,"content-type":"","inline_featured_image":false,"footnotes":""},"class_list":["post-3817","page","type-page","status-publish","has-post-thumbnail","hentry"],"acf":[],"yoast_head":"<!-- This site is optimized with the Yoast SEO plugin v27.5 - https:\/\/yoast.com\/product\/yoast-seo-wordpress\/ -->\n<title>Eierschalentrockner | Van Beek<\/title>\n<meta name=\"description\" content=\"Mit dem Eierschalentrockner von Van Beek k\u00f6nnen gebrochene Eierschalen in einem kontinuierlichen Prozess getrocknet werden. Entdecken Sie mehr!\" \/>\n<meta name=\"robots\" content=\"index, follow, max-snippet:-1, max-image-preview:large, max-video-preview:-1\" \/>\n<link rel=\"canonical\" href=\"https:\/\/www.van-beek.nl\/de\/celsius-schneckenwaermetauscher\/trocknen\/eierschalentrockner\/\" \/>\n<meta property=\"og:locale\" content=\"de_DE\" \/>\n<meta property=\"og:type\" content=\"article\" \/>\n<meta property=\"og:title\" content=\"Eierschalentrockner | Van Beek\" \/>\n<meta property=\"og:description\" content=\"Mit dem Eierschalentrockner von Van Beek k\u00f6nnen gebrochene Eierschalen in einem kontinuierlichen Prozess getrocknet werden. Entdecken Sie mehr!\" \/>\n<meta property=\"og:url\" content=\"https:\/\/www.van-beek.nl\/de\/celsius-schneckenwaermetauscher\/trocknen\/eierschalentrockner\/\" \/>\n<meta property=\"og:site_name\" content=\"Van Beek Schroeftransport\" \/>\n<meta property=\"article:modified_time\" content=\"2024-01-10T09:46:48+00:00\" \/>\n<meta property=\"og:image\" content=\"https:\/\/www.van-beek.nl\/wp-content\/uploads\/2021\/04\/Eggshelldryer.png\" \/>\n\t<meta property=\"og:image:width\" content=\"3999\" \/>\n\t<meta property=\"og:image:height\" content=\"1980\" \/>\n\t<meta property=\"og:image:type\" content=\"image\/png\" \/>\n<meta name=\"twitter:card\" content=\"summary_large_image\" \/>\n<meta name=\"twitter:label1\" content=\"Gesch\u00e4tzte Lesezeit\" \/>\n\t<meta name=\"twitter:data1\" content=\"2\u00a0Minuten\" \/>\n<script type=\"application\/ld+json\" class=\"yoast-schema-graph\">{\"@context\":\"https:\\\/\\\/schema.org\",\"@graph\":[{\"@type\":\"WebPage\",\"@id\":\"https:\\\/\\\/www.van-beek.nl\\\/de\\\/celsius-schneckenwaermetauscher\\\/trocknen\\\/eierschalentrockner\\\/\",\"url\":\"https:\\\/\\\/www.van-beek.nl\\\/de\\\/celsius-schneckenwaermetauscher\\\/trocknen\\\/eierschalentrockner\\\/\",\"name\":\"Eierschalentrockner | Van Beek\",\"isPartOf\":{\"@id\":\"https:\\\/\\\/www.van-beek.nl\\\/de\\\/#website\"},\"primaryImageOfPage\":{\"@id\":\"https:\\\/\\\/www.van-beek.nl\\\/de\\\/celsius-schneckenwaermetauscher\\\/trocknen\\\/eierschalentrockner\\\/#primaryimage\"},\"image\":{\"@id\":\"https:\\\/\\\/www.van-beek.nl\\\/de\\\/celsius-schneckenwaermetauscher\\\/trocknen\\\/eierschalentrockner\\\/#primaryimage\"},\"thumbnailUrl\":\"https:\\\/\\\/www.van-beek.nl\\\/wp-content\\\/uploads\\\/2021\\\/04\\\/Eggshelldryer.png\",\"datePublished\":\"2020-08-31T08:58:45+00:00\",\"dateModified\":\"2024-01-10T09:46:48+00:00\",\"description\":\"Mit dem Eierschalentrockner von Van Beek k\u00f6nnen gebrochene Eierschalen in einem kontinuierlichen Prozess getrocknet werden. Entdecken Sie mehr!\",\"breadcrumb\":{\"@id\":\"https:\\\/\\\/www.van-beek.nl\\\/de\\\/celsius-schneckenwaermetauscher\\\/trocknen\\\/eierschalentrockner\\\/#breadcrumb\"},\"inLanguage\":\"de\",\"potentialAction\":[{\"@type\":\"ReadAction\",\"target\":[\"https:\\\/\\\/www.van-beek.nl\\\/de\\\/celsius-schneckenwaermetauscher\\\/trocknen\\\/eierschalentrockner\\\/\"]}]},{\"@type\":\"ImageObject\",\"inLanguage\":\"de\",\"@id\":\"https:\\\/\\\/www.van-beek.nl\\\/de\\\/celsius-schneckenwaermetauscher\\\/trocknen\\\/eierschalentrockner\\\/#primaryimage\",\"url\":\"https:\\\/\\\/www.van-beek.nl\\\/wp-content\\\/uploads\\\/2021\\\/04\\\/Eggshelldryer.png\",\"contentUrl\":\"https:\\\/\\\/www.van-beek.nl\\\/wp-content\\\/uploads\\\/2021\\\/04\\\/Eggshelldryer.png\",\"width\":3999,\"height\":1980,\"caption\":\"Thermische schroef voor het drogen van eierschalen\"},{\"@type\":\"BreadcrumbList\",\"@id\":\"https:\\\/\\\/www.van-beek.nl\\\/de\\\/celsius-schneckenwaermetauscher\\\/trocknen\\\/eierschalentrockner\\\/#breadcrumb\",\"itemListElement\":[{\"@type\":\"ListItem\",\"position\":1,\"name\":\"Home\",\"item\":\"https:\\\/\\\/www.van-beek.nl\\\/de\\\/\"},{\"@type\":\"ListItem\",\"position\":2,\"name\":\"Celsius Schneckenw\u00e4rmetauscher\",\"item\":\"https:\\\/\\\/www.van-beek.nl\\\/de\\\/celsius-schneckenwaermetauscher\\\/\"},{\"@type\":\"ListItem\",\"position\":3,\"name\":\"Trocknen\",\"item\":\"https:\\\/\\\/www.van-beek.nl\\\/de\\\/schroefwarmtewisselaars\\\/drogen\\\/\"},{\"@type\":\"ListItem\",\"position\":4,\"name\":\"Eierschalentrockner\"}]},{\"@type\":\"WebSite\",\"@id\":\"https:\\\/\\\/www.van-beek.nl\\\/de\\\/#website\",\"url\":\"https:\\\/\\\/www.van-beek.nl\\\/de\\\/\",\"name\":\"Van Beek Schroeftransport\",\"description\":\"\",\"publisher\":{\"@id\":\"https:\\\/\\\/www.van-beek.nl\\\/de\\\/#organization\"},\"potentialAction\":[{\"@type\":\"SearchAction\",\"target\":{\"@type\":\"EntryPoint\",\"urlTemplate\":\"https:\\\/\\\/www.van-beek.nl\\\/de\\\/?s={search_term_string}\"},\"query-input\":{\"@type\":\"PropertyValueSpecification\",\"valueRequired\":true,\"valueName\":\"search_term_string\"}}],\"inLanguage\":\"de\"},{\"@type\":\"Organization\",\"@id\":\"https:\\\/\\\/www.van-beek.nl\\\/de\\\/#organization\",\"name\":\"Transportschroeven- en machinefabriek Van Beek B.V.\",\"url\":\"https:\\\/\\\/www.van-beek.nl\\\/de\\\/\",\"logo\":{\"@type\":\"ImageObject\",\"inLanguage\":\"de\",\"@id\":\"https:\\\/\\\/www.van-beek.nl\\\/de\\\/#\\\/schema\\\/logo\\\/image\\\/\",\"url\":\"https:\\\/\\\/van-beek.nl\\\/wp-content\\\/uploads\\\/2020\\\/04\\\/VanBeek-logo.png\",\"contentUrl\":\"https:\\\/\\\/van-beek.nl\\\/wp-content\\\/uploads\\\/2020\\\/04\\\/VanBeek-logo.png\",\"width\":116,\"height\":22,\"caption\":\"Transportschroeven- en machinefabriek Van Beek B.V.\"},\"image\":{\"@id\":\"https:\\\/\\\/www.van-beek.nl\\\/de\\\/#\\\/schema\\\/logo\\\/image\\\/\"}}]}<\/script>\n<!-- \/ Yoast SEO plugin. -->","yoast_head_json":{"title":"Eierschalentrockner | Van Beek","description":"Mit dem Eierschalentrockner von Van Beek k\u00f6nnen gebrochene Eierschalen in einem kontinuierlichen Prozess getrocknet werden. Entdecken Sie mehr!","robots":{"index":"index","follow":"follow","max-snippet":"max-snippet:-1","max-image-preview":"max-image-preview:large","max-video-preview":"max-video-preview:-1"},"canonical":"https:\/\/www.van-beek.nl\/de\/celsius-schneckenwaermetauscher\/trocknen\/eierschalentrockner\/","og_locale":"de_DE","og_type":"article","og_title":"Eierschalentrockner | Van Beek","og_description":"Mit dem Eierschalentrockner von Van Beek k\u00f6nnen gebrochene Eierschalen in einem kontinuierlichen Prozess getrocknet werden. Entdecken Sie mehr!","og_url":"https:\/\/www.van-beek.nl\/de\/celsius-schneckenwaermetauscher\/trocknen\/eierschalentrockner\/","og_site_name":"Van Beek Schroeftransport","article_modified_time":"2024-01-10T09:46:48+00:00","og_image":[{"width":3999,"height":1980,"url":"https:\/\/www.van-beek.nl\/wp-content\/uploads\/2021\/04\/Eggshelldryer.png","type":"image\/png"}],"twitter_card":"summary_large_image","twitter_misc":{"Gesch\u00e4tzte Lesezeit":"2\u00a0Minuten"},"schema":{"@context":"https:\/\/schema.org","@graph":[{"@type":"WebPage","@id":"https:\/\/www.van-beek.nl\/de\/celsius-schneckenwaermetauscher\/trocknen\/eierschalentrockner\/","url":"https:\/\/www.van-beek.nl\/de\/celsius-schneckenwaermetauscher\/trocknen\/eierschalentrockner\/","name":"Eierschalentrockner | Van Beek","isPartOf":{"@id":"https:\/\/www.van-beek.nl\/de\/#website"},"primaryImageOfPage":{"@id":"https:\/\/www.van-beek.nl\/de\/celsius-schneckenwaermetauscher\/trocknen\/eierschalentrockner\/#primaryimage"},"image":{"@id":"https:\/\/www.van-beek.nl\/de\/celsius-schneckenwaermetauscher\/trocknen\/eierschalentrockner\/#primaryimage"},"thumbnailUrl":"https:\/\/www.van-beek.nl\/wp-content\/uploads\/2021\/04\/Eggshelldryer.png","datePublished":"2020-08-31T08:58:45+00:00","dateModified":"2024-01-10T09:46:48+00:00","description":"Mit dem Eierschalentrockner von Van Beek k\u00f6nnen gebrochene Eierschalen in einem kontinuierlichen Prozess getrocknet werden. Entdecken Sie mehr!","breadcrumb":{"@id":"https:\/\/www.van-beek.nl\/de\/celsius-schneckenwaermetauscher\/trocknen\/eierschalentrockner\/#breadcrumb"},"inLanguage":"de","potentialAction":[{"@type":"ReadAction","target":["https:\/\/www.van-beek.nl\/de\/celsius-schneckenwaermetauscher\/trocknen\/eierschalentrockner\/"]}]},{"@type":"ImageObject","inLanguage":"de","@id":"https:\/\/www.van-beek.nl\/de\/celsius-schneckenwaermetauscher\/trocknen\/eierschalentrockner\/#primaryimage","url":"https:\/\/www.van-beek.nl\/wp-content\/uploads\/2021\/04\/Eggshelldryer.png","contentUrl":"https:\/\/www.van-beek.nl\/wp-content\/uploads\/2021\/04\/Eggshelldryer.png","width":3999,"height":1980,"caption":"Thermische schroef voor het drogen van eierschalen"},{"@type":"BreadcrumbList","@id":"https:\/\/www.van-beek.nl\/de\/celsius-schneckenwaermetauscher\/trocknen\/eierschalentrockner\/#breadcrumb","itemListElement":[{"@type":"ListItem","position":1,"name":"Home","item":"https:\/\/www.van-beek.nl\/de\/"},{"@type":"ListItem","position":2,"name":"Celsius Schneckenw\u00e4rmetauscher","item":"https:\/\/www.van-beek.nl\/de\/celsius-schneckenwaermetauscher\/"},{"@type":"ListItem","position":3,"name":"Trocknen","item":"https:\/\/www.van-beek.nl\/de\/schroefwarmtewisselaars\/drogen\/"},{"@type":"ListItem","position":4,"name":"Eierschalentrockner"}]},{"@type":"WebSite","@id":"https:\/\/www.van-beek.nl\/de\/#website","url":"https:\/\/www.van-beek.nl\/de\/","name":"Van Beek Schroeftransport","description":"","publisher":{"@id":"https:\/\/www.van-beek.nl\/de\/#organization"},"potentialAction":[{"@type":"SearchAction","target":{"@type":"EntryPoint","urlTemplate":"https:\/\/www.van-beek.nl\/de\/?s={search_term_string}"},"query-input":{"@type":"PropertyValueSpecification","valueRequired":true,"valueName":"search_term_string"}}],"inLanguage":"de"},{"@type":"Organization","@id":"https:\/\/www.van-beek.nl\/de\/#organization","name":"Transportschroeven- en machinefabriek Van Beek B.V.","url":"https:\/\/www.van-beek.nl\/de\/","logo":{"@type":"ImageObject","inLanguage":"de","@id":"https:\/\/www.van-beek.nl\/de\/#\/schema\/logo\/image\/","url":"https:\/\/van-beek.nl\/wp-content\/uploads\/2020\/04\/VanBeek-logo.png","contentUrl":"https:\/\/van-beek.nl\/wp-content\/uploads\/2020\/04\/VanBeek-logo.png","width":116,"height":22,"caption":"Transportschroeven- en machinefabriek Van Beek B.V."},"image":{"@id":"https:\/\/www.van-beek.nl\/de\/#\/schema\/logo\/image\/"}}]}},"_links":{"self":[{"href":"https:\/\/www.van-beek.nl\/de\/wp-json\/wp\/v2\/pages\/3817","targetHints":{"allow":["GET"]}}],"collection":[{"href":"https:\/\/www.van-beek.nl\/de\/wp-json\/wp\/v2\/pages"}],"about":[{"href":"https:\/\/www.van-beek.nl\/de\/wp-json\/wp\/v2\/types\/page"}],"author":[{"embeddable":true,"href":"https:\/\/www.van-beek.nl\/de\/wp-json\/wp\/v2\/users\/2"}],"replies":[{"embeddable":true,"href":"https:\/\/www.van-beek.nl\/de\/wp-json\/wp\/v2\/comments?post=3817"}],"version-history":[{"count":5,"href":"https:\/\/www.van-beek.nl\/de\/wp-json\/wp\/v2\/pages\/3817\/revisions"}],"predecessor-version":[{"id":12592,"href":"https:\/\/www.van-beek.nl\/de\/wp-json\/wp\/v2\/pages\/3817\/revisions\/12592"}],"up":[{"embeddable":true,"href":"https:\/\/www.van-beek.nl\/de\/wp-json\/wp\/v2\/pages\/3849"}],"wp:featuredmedia":[{"embeddable":true,"href":"https:\/\/www.van-beek.nl\/de\/wp-json\/wp\/v2\/media\/4406"}],"wp:attachment":[{"href":"https:\/\/www.van-beek.nl\/de\/wp-json\/wp\/v2\/media?parent=3817"}],"curies":[{"name":"wp","href":"https:\/\/api.w.org\/{rel}","templated":true}]}}