{"id":3818,"date":"2020-08-31T09:12:41","date_gmt":"2020-08-31T09:12:41","guid":{"rendered":"https:\/\/van-beek.nl\/stickstoffkuehler\/"},"modified":"2021-06-08T13:40:07","modified_gmt":"2021-06-08T13:40:07","slug":"stickstoffkuehler","status":"publish","type":"page","link":"https:\/\/www.van-beek.nl\/de\/celsius-schneckenwaermetauscher\/kuehlen\/stickstoffkuehler\/","title":{"rendered":"Stickstoffk\u00fchler"},"content":{"rendered":"<p><strong>Sch\u00fcttgutprodukte lassen sich in kurzer Zeit mit den (kundenspezifisch gefertigten) Celsius kryogenen K\u00fchlschnecken abk\u00fchlen und tiefgefrieren. Diese Schnecken lassen sich zudem einfach reinigen und es gilt eine Prozessgarantie f\u00fcr sie.<\/strong><\/p>\n<h2>H\u00e4ufig in der Lebensmittel- und Chemieindustrie eingesetzt<\/h2>\n<p>\u201eKryogen\u201c bedeutet Abk\u00fchlen auf sehr niedrige Temperaturen und bezieht sich auf Technologien, mit denen sich Produkte schnell abk\u00fchlen oder tiefgefrieren lassen. Sie werden u. a. in der Lebensmittel-, Chemie-, Fertigungs- und Pharmaindustrie verwendet.<\/p>\n<h2>Die Vorteile der Celsius kryogenen K\u00fchlschnecke<\/h2>\n<p>Zum Produkt wird fl\u00fcssiger Stickstoff mit einer Temperatur von -196 \u00b0C injiziert und anschlie\u00dfend untergemischt. Dadurch wird sehr schnell die gew\u00fcnschte Endtemperatur und eine effiziente Energie\u00fcbertragung erreicht, zudem werden die negativen Folgen von Temperaturschwankungen vermieden und hohe Produktionsgeschwindigkeiten geschafft. Die Anlage kann auch zum H\u00e4rten von Elastomeren und Gummi mittels Tiefgefrieren eingesetzt werden. Diese Stoffe lassen sich anschlie\u00dfend in einem Brecher oder einer M\u00fchle zerkleinern.<\/p>\n<h2>Woraus besteht die K\u00fchlschnecke von Van Beek?<\/h2>\n<p>Der Stickstoffk\u00fchler ist eine F\u00f6rderschnecke mit einem (vakuum-)isolierten Geh\u00e4use. Fl\u00fcssiger Stickstoff wird von Spr\u00fchd\u00fcsen an mehreren Stellen auf das Produkt injiziert und mit Schaufeln vermischt. Die thermische Energie wird w\u00e4hrend des Aufenthalts in der K\u00fchlschnecke komplett \u00fcbertragen. Die Anlage ist mit einer manuell herausziehbaren Schnecke lieferbar, was die Reinigung wesentlich vereinfacht. Die Schneckendurchmesser sind skalierbar zwischen 50 und 400 Millimeter.<\/p>\n<h2>Prozessgarantie<\/h2>\n<p><a href=\"https:\/\/dohmeyer.com\/products\/equipment-4\/screw-conveyor\/\"><img loading=\"lazy\" decoding=\"async\" class=\"wp-image-2064 alignright\" src=\"https:\/\/van-beek.nl\/wp-content\/uploads\/2020\/11\/dohmeyer_logo_2018-e1605704984615.png\" alt=\"\" width=\"211\" height=\"55\" \/><\/a>Wir arbeiten mit <a href=\"https:\/\/dohmeyer.com\/products\/equipment-4\/screw-conveyor\/\">Dohmeyer NV<\/a>, einem Spezialunternehmen f\u00fcr kryogene Prozesse zusammen. Daher k\u00f6nnen wir unser Know-how und die Erfahrung zur Anlagenkonstruktion und -herstellung mit Dohmeyer kombinieren und eine Prozessgarantie f\u00fcr Ihre K\u00fchlschnecke abgeben. Wir \u00fcbertragen Ihre Anfragen f\u00fcr kryogene K\u00fchlschnecken an Dohmeyer. Dieses Unternehmen ist f\u00fcr die gesch\u00e4ftlichen Abl\u00e4ufe vom Angebot bis zur Lieferung zust\u00e4ndig, w\u00e4hrend Van Beek f\u00fcr den Entwurf und die Konstruktion verantwortlich ist.<\/p>\n<h3>M\u00f6chten Sie mehr \u00fcber unseren Stickstoffk\u00fchler erfahren? Bitte <a href=\"\/de\/celsius-schneckenwaermetauscher\/kontakt-celsius\/\">wenden Sie sich dann an uns<\/a>.<\/h3>\n","protected":false},"excerpt":{"rendered":"<p>Sch\u00fcttgutprodukte lassen sich in kurzer Zeit mit den (kundenspezifisch gefertigten) Celsius kryogenen K\u00fchlschnecken abk\u00fchlen und tiefgefrieren. Diese Schnecken lassen sich zudem einfach reinigen und es gilt eine Prozessgarantie f\u00fcr sie. H\u00e4ufig in der Lebensmittel- und Chemieindustrie eingesetzt \u201eKryogen\u201c bedeutet Abk\u00fchlen auf sehr niedrige Temperaturen und bezieht sich auf Technologien, mit denen sich Produkte schnell abk\u00fchlen [&hellip;]<\/p>\n","protected":false},"author":5,"featured_media":4378,"parent":3847,"menu_order":0,"comment_status":"closed","ping_status":"closed","template":"product.php","meta":{"_acf_changed":false,"content-type":"","inline_featured_image":false,"footnotes":""},"class_list":["post-3818","page","type-page","status-publish","has-post-thumbnail","hentry"],"acf":[],"yoast_head":"<!-- This site is optimized with the Yoast SEO plugin v27.5 - https:\/\/yoast.com\/product\/yoast-seo-wordpress\/ -->\n<title>Stickstoffk\u00fchler | Van Beek<\/title>\n<meta name=\"description\" content=\"Mit dem Stickstoffk\u00fchler von Van Beek k\u00f6nnen Sie Sch\u00fcttgutprodukte in kurzer Zeit abk\u00fchlen und tiefgefrieren. Entdecken Sie mehr.\" \/>\n<meta name=\"robots\" content=\"index, follow, max-snippet:-1, max-image-preview:large, max-video-preview:-1\" \/>\n<link rel=\"canonical\" href=\"https:\/\/www.van-beek.nl\/de\/celsius-schneckenwaermetauscher\/kuehlen\/stickstoffkuehler\/\" \/>\n<meta property=\"og:locale\" content=\"de_DE\" \/>\n<meta property=\"og:type\" content=\"article\" \/>\n<meta property=\"og:title\" content=\"Stickstoffk\u00fchler | Van Beek\" \/>\n<meta property=\"og:description\" content=\"Mit dem Stickstoffk\u00fchler von Van Beek k\u00f6nnen Sie Sch\u00fcttgutprodukte in kurzer Zeit abk\u00fchlen und tiefgefrieren. Entdecken Sie mehr.\" \/>\n<meta property=\"og:url\" content=\"https:\/\/www.van-beek.nl\/de\/celsius-schneckenwaermetauscher\/kuehlen\/stickstoffkuehler\/\" \/>\n<meta property=\"og:site_name\" content=\"Van Beek Schroeftransport\" \/>\n<meta property=\"article:modified_time\" content=\"2021-06-08T13:40:07+00:00\" \/>\n<meta property=\"og:image\" content=\"https:\/\/www.van-beek.nl\/wp-content\/uploads\/2021\/04\/stikstof_koeler.png\" \/>\n\t<meta property=\"og:image:width\" content=\"3999\" \/>\n\t<meta property=\"og:image:height\" content=\"1980\" \/>\n\t<meta property=\"og:image:type\" content=\"image\/png\" \/>\n<meta name=\"twitter:card\" content=\"summary_large_image\" \/>\n<meta name=\"twitter:label1\" content=\"Gesch\u00e4tzte Lesezeit\" \/>\n\t<meta name=\"twitter:data1\" content=\"2\u00a0Minuten\" \/>\n<script type=\"application\/ld+json\" class=\"yoast-schema-graph\">{\"@context\":\"https:\\\/\\\/schema.org\",\"@graph\":[{\"@type\":\"WebPage\",\"@id\":\"https:\\\/\\\/www.van-beek.nl\\\/de\\\/celsius-schneckenwaermetauscher\\\/kuehlen\\\/stickstoffkuehler\\\/\",\"url\":\"https:\\\/\\\/www.van-beek.nl\\\/de\\\/celsius-schneckenwaermetauscher\\\/kuehlen\\\/stickstoffkuehler\\\/\",\"name\":\"Stickstoffk\u00fchler | Van Beek\",\"isPartOf\":{\"@id\":\"https:\\\/\\\/www.van-beek.nl\\\/de\\\/#website\"},\"primaryImageOfPage\":{\"@id\":\"https:\\\/\\\/www.van-beek.nl\\\/de\\\/celsius-schneckenwaermetauscher\\\/kuehlen\\\/stickstoffkuehler\\\/#primaryimage\"},\"image\":{\"@id\":\"https:\\\/\\\/www.van-beek.nl\\\/de\\\/celsius-schneckenwaermetauscher\\\/kuehlen\\\/stickstoffkuehler\\\/#primaryimage\"},\"thumbnailUrl\":\"https:\\\/\\\/www.van-beek.nl\\\/wp-content\\\/uploads\\\/2021\\\/04\\\/stikstof_koeler.png\",\"datePublished\":\"2020-08-31T09:12:41+00:00\",\"dateModified\":\"2021-06-08T13:40:07+00:00\",\"description\":\"Mit dem Stickstoffk\u00fchler von Van Beek k\u00f6nnen Sie Sch\u00fcttgutprodukte in kurzer Zeit abk\u00fchlen und tiefgefrieren. Entdecken Sie mehr.\",\"breadcrumb\":{\"@id\":\"https:\\\/\\\/www.van-beek.nl\\\/de\\\/celsius-schneckenwaermetauscher\\\/kuehlen\\\/stickstoffkuehler\\\/#breadcrumb\"},\"inLanguage\":\"de\",\"potentialAction\":[{\"@type\":\"ReadAction\",\"target\":[\"https:\\\/\\\/www.van-beek.nl\\\/de\\\/celsius-schneckenwaermetauscher\\\/kuehlen\\\/stickstoffkuehler\\\/\"]}]},{\"@type\":\"ImageObject\",\"inLanguage\":\"de\",\"@id\":\"https:\\\/\\\/www.van-beek.nl\\\/de\\\/celsius-schneckenwaermetauscher\\\/kuehlen\\\/stickstoffkuehler\\\/#primaryimage\",\"url\":\"https:\\\/\\\/www.van-beek.nl\\\/wp-content\\\/uploads\\\/2021\\\/04\\\/stikstof_koeler.png\",\"contentUrl\":\"https:\\\/\\\/www.van-beek.nl\\\/wp-content\\\/uploads\\\/2021\\\/04\\\/stikstof_koeler.png\",\"width\":3999,\"height\":1980,\"caption\":\"Koelen van vaste stoffen door middel van stikstof\"},{\"@type\":\"BreadcrumbList\",\"@id\":\"https:\\\/\\\/www.van-beek.nl\\\/de\\\/celsius-schneckenwaermetauscher\\\/kuehlen\\\/stickstoffkuehler\\\/#breadcrumb\",\"itemListElement\":[{\"@type\":\"ListItem\",\"position\":1,\"name\":\"Home\",\"item\":\"https:\\\/\\\/www.van-beek.nl\\\/de\\\/\"},{\"@type\":\"ListItem\",\"position\":2,\"name\":\"Celsius Schneckenw\u00e4rmetauscher\",\"item\":\"https:\\\/\\\/www.van-beek.nl\\\/de\\\/celsius-schneckenwaermetauscher\\\/\"},{\"@type\":\"ListItem\",\"position\":3,\"name\":\"K\u00fchlen\",\"item\":\"https:\\\/\\\/www.van-beek.nl\\\/de\\\/schroefwarmtewisselaars\\\/koelen\\\/\"},{\"@type\":\"ListItem\",\"position\":4,\"name\":\"Stickstoffk\u00fchler\"}]},{\"@type\":\"WebSite\",\"@id\":\"https:\\\/\\\/www.van-beek.nl\\\/de\\\/#website\",\"url\":\"https:\\\/\\\/www.van-beek.nl\\\/de\\\/\",\"name\":\"Van Beek Schroeftransport\",\"description\":\"\",\"publisher\":{\"@id\":\"https:\\\/\\\/www.van-beek.nl\\\/de\\\/#organization\"},\"potentialAction\":[{\"@type\":\"SearchAction\",\"target\":{\"@type\":\"EntryPoint\",\"urlTemplate\":\"https:\\\/\\\/www.van-beek.nl\\\/de\\\/?s={search_term_string}\"},\"query-input\":{\"@type\":\"PropertyValueSpecification\",\"valueRequired\":true,\"valueName\":\"search_term_string\"}}],\"inLanguage\":\"de\"},{\"@type\":\"Organization\",\"@id\":\"https:\\\/\\\/www.van-beek.nl\\\/de\\\/#organization\",\"name\":\"Transportschroeven- en machinefabriek Van Beek B.V.\",\"url\":\"https:\\\/\\\/www.van-beek.nl\\\/de\\\/\",\"logo\":{\"@type\":\"ImageObject\",\"inLanguage\":\"de\",\"@id\":\"https:\\\/\\\/www.van-beek.nl\\\/de\\\/#\\\/schema\\\/logo\\\/image\\\/\",\"url\":\"https:\\\/\\\/van-beek.nl\\\/wp-content\\\/uploads\\\/2020\\\/04\\\/VanBeek-logo.png\",\"contentUrl\":\"https:\\\/\\\/van-beek.nl\\\/wp-content\\\/uploads\\\/2020\\\/04\\\/VanBeek-logo.png\",\"width\":116,\"height\":22,\"caption\":\"Transportschroeven- en machinefabriek Van Beek B.V.\"},\"image\":{\"@id\":\"https:\\\/\\\/www.van-beek.nl\\\/de\\\/#\\\/schema\\\/logo\\\/image\\\/\"}}]}<\/script>\n<!-- \/ Yoast SEO plugin. -->","yoast_head_json":{"title":"Stickstoffk\u00fchler | Van Beek","description":"Mit dem Stickstoffk\u00fchler von Van Beek k\u00f6nnen Sie Sch\u00fcttgutprodukte in kurzer Zeit abk\u00fchlen und tiefgefrieren. Entdecken Sie mehr.","robots":{"index":"index","follow":"follow","max-snippet":"max-snippet:-1","max-image-preview":"max-image-preview:large","max-video-preview":"max-video-preview:-1"},"canonical":"https:\/\/www.van-beek.nl\/de\/celsius-schneckenwaermetauscher\/kuehlen\/stickstoffkuehler\/","og_locale":"de_DE","og_type":"article","og_title":"Stickstoffk\u00fchler | Van Beek","og_description":"Mit dem Stickstoffk\u00fchler von Van Beek k\u00f6nnen Sie Sch\u00fcttgutprodukte in kurzer Zeit abk\u00fchlen und tiefgefrieren. Entdecken Sie mehr.","og_url":"https:\/\/www.van-beek.nl\/de\/celsius-schneckenwaermetauscher\/kuehlen\/stickstoffkuehler\/","og_site_name":"Van Beek Schroeftransport","article_modified_time":"2021-06-08T13:40:07+00:00","og_image":[{"width":3999,"height":1980,"url":"https:\/\/www.van-beek.nl\/wp-content\/uploads\/2021\/04\/stikstof_koeler.png","type":"image\/png"}],"twitter_card":"summary_large_image","twitter_misc":{"Gesch\u00e4tzte Lesezeit":"2\u00a0Minuten"},"schema":{"@context":"https:\/\/schema.org","@graph":[{"@type":"WebPage","@id":"https:\/\/www.van-beek.nl\/de\/celsius-schneckenwaermetauscher\/kuehlen\/stickstoffkuehler\/","url":"https:\/\/www.van-beek.nl\/de\/celsius-schneckenwaermetauscher\/kuehlen\/stickstoffkuehler\/","name":"Stickstoffk\u00fchler | Van Beek","isPartOf":{"@id":"https:\/\/www.van-beek.nl\/de\/#website"},"primaryImageOfPage":{"@id":"https:\/\/www.van-beek.nl\/de\/celsius-schneckenwaermetauscher\/kuehlen\/stickstoffkuehler\/#primaryimage"},"image":{"@id":"https:\/\/www.van-beek.nl\/de\/celsius-schneckenwaermetauscher\/kuehlen\/stickstoffkuehler\/#primaryimage"},"thumbnailUrl":"https:\/\/www.van-beek.nl\/wp-content\/uploads\/2021\/04\/stikstof_koeler.png","datePublished":"2020-08-31T09:12:41+00:00","dateModified":"2021-06-08T13:40:07+00:00","description":"Mit dem Stickstoffk\u00fchler von Van Beek k\u00f6nnen Sie Sch\u00fcttgutprodukte in kurzer Zeit abk\u00fchlen und tiefgefrieren. Entdecken Sie mehr.","breadcrumb":{"@id":"https:\/\/www.van-beek.nl\/de\/celsius-schneckenwaermetauscher\/kuehlen\/stickstoffkuehler\/#breadcrumb"},"inLanguage":"de","potentialAction":[{"@type":"ReadAction","target":["https:\/\/www.van-beek.nl\/de\/celsius-schneckenwaermetauscher\/kuehlen\/stickstoffkuehler\/"]}]},{"@type":"ImageObject","inLanguage":"de","@id":"https:\/\/www.van-beek.nl\/de\/celsius-schneckenwaermetauscher\/kuehlen\/stickstoffkuehler\/#primaryimage","url":"https:\/\/www.van-beek.nl\/wp-content\/uploads\/2021\/04\/stikstof_koeler.png","contentUrl":"https:\/\/www.van-beek.nl\/wp-content\/uploads\/2021\/04\/stikstof_koeler.png","width":3999,"height":1980,"caption":"Koelen van vaste stoffen door middel van stikstof"},{"@type":"BreadcrumbList","@id":"https:\/\/www.van-beek.nl\/de\/celsius-schneckenwaermetauscher\/kuehlen\/stickstoffkuehler\/#breadcrumb","itemListElement":[{"@type":"ListItem","position":1,"name":"Home","item":"https:\/\/www.van-beek.nl\/de\/"},{"@type":"ListItem","position":2,"name":"Celsius Schneckenw\u00e4rmetauscher","item":"https:\/\/www.van-beek.nl\/de\/celsius-schneckenwaermetauscher\/"},{"@type":"ListItem","position":3,"name":"K\u00fchlen","item":"https:\/\/www.van-beek.nl\/de\/schroefwarmtewisselaars\/koelen\/"},{"@type":"ListItem","position":4,"name":"Stickstoffk\u00fchler"}]},{"@type":"WebSite","@id":"https:\/\/www.van-beek.nl\/de\/#website","url":"https:\/\/www.van-beek.nl\/de\/","name":"Van Beek Schroeftransport","description":"","publisher":{"@id":"https:\/\/www.van-beek.nl\/de\/#organization"},"potentialAction":[{"@type":"SearchAction","target":{"@type":"EntryPoint","urlTemplate":"https:\/\/www.van-beek.nl\/de\/?s={search_term_string}"},"query-input":{"@type":"PropertyValueSpecification","valueRequired":true,"valueName":"search_term_string"}}],"inLanguage":"de"},{"@type":"Organization","@id":"https:\/\/www.van-beek.nl\/de\/#organization","name":"Transportschroeven- en machinefabriek Van Beek B.V.","url":"https:\/\/www.van-beek.nl\/de\/","logo":{"@type":"ImageObject","inLanguage":"de","@id":"https:\/\/www.van-beek.nl\/de\/#\/schema\/logo\/image\/","url":"https:\/\/van-beek.nl\/wp-content\/uploads\/2020\/04\/VanBeek-logo.png","contentUrl":"https:\/\/van-beek.nl\/wp-content\/uploads\/2020\/04\/VanBeek-logo.png","width":116,"height":22,"caption":"Transportschroeven- en machinefabriek Van Beek B.V."},"image":{"@id":"https:\/\/www.van-beek.nl\/de\/#\/schema\/logo\/image\/"}}]}},"_links":{"self":[{"href":"https:\/\/www.van-beek.nl\/de\/wp-json\/wp\/v2\/pages\/3818","targetHints":{"allow":["GET"]}}],"collection":[{"href":"https:\/\/www.van-beek.nl\/de\/wp-json\/wp\/v2\/pages"}],"about":[{"href":"https:\/\/www.van-beek.nl\/de\/wp-json\/wp\/v2\/types\/page"}],"author":[{"embeddable":true,"href":"https:\/\/www.van-beek.nl\/de\/wp-json\/wp\/v2\/users\/5"}],"replies":[{"embeddable":true,"href":"https:\/\/www.van-beek.nl\/de\/wp-json\/wp\/v2\/comments?post=3818"}],"version-history":[{"count":4,"href":"https:\/\/www.van-beek.nl\/de\/wp-json\/wp\/v2\/pages\/3818\/revisions"}],"predecessor-version":[{"id":8008,"href":"https:\/\/www.van-beek.nl\/de\/wp-json\/wp\/v2\/pages\/3818\/revisions\/8008"}],"up":[{"embeddable":true,"href":"https:\/\/www.van-beek.nl\/de\/wp-json\/wp\/v2\/pages\/3847"}],"wp:featuredmedia":[{"embeddable":true,"href":"https:\/\/www.van-beek.nl\/de\/wp-json\/wp\/v2\/media\/4378"}],"wp:attachment":[{"href":"https:\/\/www.van-beek.nl\/de\/wp-json\/wp\/v2\/media?parent=3818"}],"curies":[{"name":"wp","href":"https:\/\/api.w.org\/{rel}","templated":true}]}}