{"id":3819,"date":"2020-09-28T09:21:06","date_gmt":"2020-09-28T09:21:06","guid":{"rendered":"https:\/\/van-beek.nl\/wiegeschnecke\/"},"modified":"2021-06-09T14:20:33","modified_gmt":"2021-06-09T14:20:33","slug":"wiegeschnecke","status":"publish","type":"page","link":"https:\/\/www.van-beek.nl\/de\/schneckenfoerderer\/dosieren\/wiegeschnecke\/","title":{"rendered":"Wiegeschnecke"},"content":{"rendered":"<p><strong>Mit einer Wiegeschnecke k\u00f6nnen Sie bestimmen und verfolgen, welche Produktmenge transportiert und verarbeitet wird. Dieses Verfahren ist z. B. f\u00fcr das Recycling von Kunststoffflaschen (PET-Flaschen) geeignet. <\/strong><\/p>\n<h3>Wiegen w\u00e4hrend kontinuierlicher Prozesse<\/h3>\n<p>Brauchen Sie keine pr\u00e4zise Dosierung, da Sie z. B. LKW-Anh\u00e4nger f\u00fcllen m\u00f6chten? Wollen Sie aber dennoch die zu transportierende Produktmenge im Auge behalten? Dann ist eine Wiegeschnecke eine gute Wahl. Auch wenn eine Wiegeschnecke f\u00fcr kontinuierliche Prozesse vorgesehen ist, k\u00f6nnen Sie die Zufuhr mit ihr vor\u00fcbergehend unterbrechen, um z. B. einen gef\u00fcllten LKW gegen einen leeren auszutauschen. Die Wiegeschnecke ist haupts\u00e4chlich f\u00fcr grobe Wiegevorg\u00e4nge vorgesehen. Sie eignet sich z. B. ideal f\u00fcr den kontrollierten Transport von Flocken.<\/p>\n<h3>Kontinuierliche \u00dcberwachung des Transports von Trockenstoffen<\/h3>\n<p>W\u00e4hrend des Betriebs zeigt die Wiegeschnecke den Materialdurchsatz in Meter pro Sekunde an. Ferner wird die bereits transportierte Materialmenge \u00a0in Kilogramm und die Steuerung der Mengenregelung von 0 bis 100 % angegeben. Dies ist m\u00f6glich, da die Masse der Schnecke und ihres Inhalts mit speziellen Kraftaufnehmern bestimmt wird. Die \u00dcberwachung erfolgt \u00fcber einen Anschlusskasten.<\/p>\n<h3>Wiegeschnecken in Einzelanfertigung<\/h3>\n<p>Unsere Wiegeschnecken sind \u2013 z. B. bez\u00fcglich der L\u00e4nge und Ausf\u00fchrung \u2013 optimal auf Ihre Prozesse und die Betriebsumgebung abgestimmt. Wir k\u00f6nnen f\u00fcr Sie auch die Integration in Ihr Produktionsverfahren \u00fcbernehmen.<\/p>\n<h3>\u00a0M\u00f6chten Sie mehr \u00fcber Wiegeschnecken erfahren? Bitte <a href=\"\/de\/schneckenfoerderer\/kontakt-van-beek\/\">wenden Sie sich dann an uns<\/a>.<\/h3>\n","protected":false},"excerpt":{"rendered":"<p>Mit einer Wiegeschnecke k\u00f6nnen Sie bestimmen und verfolgen, welche Produktmenge transportiert und verarbeitet wird. Dieses Verfahren ist z. B. f\u00fcr das Recycling von Kunststoffflaschen (PET-Flaschen) geeignet. Wiegen w\u00e4hrend kontinuierlicher Prozesse Brauchen Sie keine pr\u00e4zise Dosierung, da Sie z. B. LKW-Anh\u00e4nger f\u00fcllen m\u00f6chten? Wollen Sie aber dennoch die zu transportierende Produktmenge im Auge behalten? Dann ist [&hellip;]<\/p>\n","protected":false},"author":5,"featured_media":3555,"parent":3838,"menu_order":0,"comment_status":"closed","ping_status":"closed","template":"product.php","meta":{"_acf_changed":false,"content-type":"","inline_featured_image":false,"footnotes":""},"class_list":["post-3819","page","type-page","status-publish","has-post-thumbnail","hentry"],"acf":[],"yoast_head":"<!-- This site is optimized with the Yoast SEO plugin v27.5 - https:\/\/yoast.com\/product\/yoast-seo-wordpress\/ -->\n<title>- Van Beek Schroeftransport<\/title>\n<meta name=\"description\" content=\"Mit den einzeln gefertigten Wiegeschnecken von Van Beek k\u00f6nnen Sie jederzeit Pulver, Granulate und andere trockene Stoffe dosieren.\" \/>\n<meta name=\"robots\" content=\"index, follow, max-snippet:-1, max-image-preview:large, max-video-preview:-1\" \/>\n<link rel=\"canonical\" href=\"https:\/\/www.van-beek.nl\/de\/schneckenfoerderer\/dosieren\/wiegeschnecke\/\" \/>\n<meta property=\"og:locale\" content=\"de_DE\" \/>\n<meta property=\"og:type\" content=\"article\" \/>\n<meta property=\"og:title\" content=\"- Van Beek Schroeftransport\" \/>\n<meta property=\"og:description\" content=\"Mit den einzeln gefertigten Wiegeschnecken von Van Beek k\u00f6nnen Sie jederzeit Pulver, Granulate und andere trockene Stoffe dosieren.\" \/>\n<meta property=\"og:url\" content=\"https:\/\/www.van-beek.nl\/de\/schneckenfoerderer\/dosieren\/wiegeschnecke\/\" \/>\n<meta property=\"og:site_name\" content=\"Van Beek Schroeftransport\" \/>\n<meta property=\"article:modified_time\" content=\"2021-06-09T14:20:33+00:00\" \/>\n<meta property=\"og:image\" content=\"https:\/\/www.van-beek.nl\/wp-content\/uploads\/2021\/03\/weeg_schroef.png\" \/>\n\t<meta property=\"og:image:width\" content=\"3999\" \/>\n\t<meta property=\"og:image:height\" content=\"1980\" \/>\n\t<meta property=\"og:image:type\" content=\"image\/png\" \/>\n<meta name=\"twitter:card\" content=\"summary_large_image\" \/>\n<meta name=\"twitter:label1\" content=\"Gesch\u00e4tzte Lesezeit\" \/>\n\t<meta name=\"twitter:data1\" content=\"1\u00a0Minute\" \/>\n<script type=\"application\/ld+json\" class=\"yoast-schema-graph\">{\"@context\":\"https:\\\/\\\/schema.org\",\"@graph\":[{\"@type\":\"WebPage\",\"@id\":\"https:\\\/\\\/www.van-beek.nl\\\/de\\\/schneckenfoerderer\\\/dosieren\\\/wiegeschnecke\\\/\",\"url\":\"https:\\\/\\\/www.van-beek.nl\\\/de\\\/schneckenfoerderer\\\/dosieren\\\/wiegeschnecke\\\/\",\"name\":\"- Van Beek Schroeftransport\",\"isPartOf\":{\"@id\":\"https:\\\/\\\/www.van-beek.nl\\\/de\\\/#website\"},\"primaryImageOfPage\":{\"@id\":\"https:\\\/\\\/www.van-beek.nl\\\/de\\\/schneckenfoerderer\\\/dosieren\\\/wiegeschnecke\\\/#primaryimage\"},\"image\":{\"@id\":\"https:\\\/\\\/www.van-beek.nl\\\/de\\\/schneckenfoerderer\\\/dosieren\\\/wiegeschnecke\\\/#primaryimage\"},\"thumbnailUrl\":\"https:\\\/\\\/www.van-beek.nl\\\/wp-content\\\/uploads\\\/2021\\\/03\\\/weeg_schroef.png\",\"datePublished\":\"2020-09-28T09:21:06+00:00\",\"dateModified\":\"2021-06-09T14:20:33+00:00\",\"description\":\"Mit den einzeln gefertigten Wiegeschnecken von Van Beek k\u00f6nnen Sie jederzeit Pulver, Granulate und andere trockene Stoffe dosieren.\",\"breadcrumb\":{\"@id\":\"https:\\\/\\\/www.van-beek.nl\\\/de\\\/schneckenfoerderer\\\/dosieren\\\/wiegeschnecke\\\/#breadcrumb\"},\"inLanguage\":\"de\",\"potentialAction\":[{\"@type\":\"ReadAction\",\"target\":[\"https:\\\/\\\/www.van-beek.nl\\\/de\\\/schneckenfoerderer\\\/dosieren\\\/wiegeschnecke\\\/\"]}]},{\"@type\":\"ImageObject\",\"inLanguage\":\"de\",\"@id\":\"https:\\\/\\\/www.van-beek.nl\\\/de\\\/schneckenfoerderer\\\/dosieren\\\/wiegeschnecke\\\/#primaryimage\",\"url\":\"https:\\\/\\\/www.van-beek.nl\\\/wp-content\\\/uploads\\\/2021\\\/03\\\/weeg_schroef.png\",\"contentUrl\":\"https:\\\/\\\/www.van-beek.nl\\\/wp-content\\\/uploads\\\/2021\\\/03\\\/weeg_schroef.png\",\"width\":3999,\"height\":1980,\"caption\":\"Weegschroef voor recycling proces van plastic (PET) flessen\"},{\"@type\":\"BreadcrumbList\",\"@id\":\"https:\\\/\\\/www.van-beek.nl\\\/de\\\/schneckenfoerderer\\\/dosieren\\\/wiegeschnecke\\\/#breadcrumb\",\"itemListElement\":[{\"@type\":\"ListItem\",\"position\":1,\"name\":\"Home\",\"item\":\"https:\\\/\\\/www.van-beek.nl\\\/de\\\/\"},{\"@type\":\"ListItem\",\"position\":2,\"name\":\"Schneckenf\u00f6rderer\",\"item\":\"https:\\\/\\\/www.van-beek.nl\\\/de\\\/schneckenfoerderer\\\/\"},{\"@type\":\"ListItem\",\"position\":3,\"name\":\"Dosieren\",\"item\":\"https:\\\/\\\/www.van-beek.nl\\\/de\\\/schroeftransporteurs\\\/doseren\\\/\"},{\"@type\":\"ListItem\",\"position\":4,\"name\":\"Wiegeschnecke\"}]},{\"@type\":\"WebSite\",\"@id\":\"https:\\\/\\\/www.van-beek.nl\\\/de\\\/#website\",\"url\":\"https:\\\/\\\/www.van-beek.nl\\\/de\\\/\",\"name\":\"Van Beek Schroeftransport\",\"description\":\"\",\"publisher\":{\"@id\":\"https:\\\/\\\/www.van-beek.nl\\\/de\\\/#organization\"},\"potentialAction\":[{\"@type\":\"SearchAction\",\"target\":{\"@type\":\"EntryPoint\",\"urlTemplate\":\"https:\\\/\\\/www.van-beek.nl\\\/de\\\/?s={search_term_string}\"},\"query-input\":{\"@type\":\"PropertyValueSpecification\",\"valueRequired\":true,\"valueName\":\"search_term_string\"}}],\"inLanguage\":\"de\"},{\"@type\":\"Organization\",\"@id\":\"https:\\\/\\\/www.van-beek.nl\\\/de\\\/#organization\",\"name\":\"Transportschroeven- en machinefabriek Van Beek B.V.\",\"url\":\"https:\\\/\\\/www.van-beek.nl\\\/de\\\/\",\"logo\":{\"@type\":\"ImageObject\",\"inLanguage\":\"de\",\"@id\":\"https:\\\/\\\/www.van-beek.nl\\\/de\\\/#\\\/schema\\\/logo\\\/image\\\/\",\"url\":\"https:\\\/\\\/van-beek.nl\\\/wp-content\\\/uploads\\\/2020\\\/04\\\/VanBeek-logo.png\",\"contentUrl\":\"https:\\\/\\\/van-beek.nl\\\/wp-content\\\/uploads\\\/2020\\\/04\\\/VanBeek-logo.png\",\"width\":116,\"height\":22,\"caption\":\"Transportschroeven- en machinefabriek Van Beek B.V.\"},\"image\":{\"@id\":\"https:\\\/\\\/www.van-beek.nl\\\/de\\\/#\\\/schema\\\/logo\\\/image\\\/\"}}]}<\/script>\n<!-- \/ Yoast SEO plugin. -->","yoast_head_json":{"title":"- Van Beek Schroeftransport","description":"Mit den einzeln gefertigten Wiegeschnecken von Van Beek k\u00f6nnen Sie jederzeit Pulver, Granulate und andere trockene Stoffe dosieren.","robots":{"index":"index","follow":"follow","max-snippet":"max-snippet:-1","max-image-preview":"max-image-preview:large","max-video-preview":"max-video-preview:-1"},"canonical":"https:\/\/www.van-beek.nl\/de\/schneckenfoerderer\/dosieren\/wiegeschnecke\/","og_locale":"de_DE","og_type":"article","og_title":"- Van Beek Schroeftransport","og_description":"Mit den einzeln gefertigten Wiegeschnecken von Van Beek k\u00f6nnen Sie jederzeit Pulver, Granulate und andere trockene Stoffe dosieren.","og_url":"https:\/\/www.van-beek.nl\/de\/schneckenfoerderer\/dosieren\/wiegeschnecke\/","og_site_name":"Van Beek Schroeftransport","article_modified_time":"2021-06-09T14:20:33+00:00","og_image":[{"width":3999,"height":1980,"url":"https:\/\/www.van-beek.nl\/wp-content\/uploads\/2021\/03\/weeg_schroef.png","type":"image\/png"}],"twitter_card":"summary_large_image","twitter_misc":{"Gesch\u00e4tzte Lesezeit":"1\u00a0Minute"},"schema":{"@context":"https:\/\/schema.org","@graph":[{"@type":"WebPage","@id":"https:\/\/www.van-beek.nl\/de\/schneckenfoerderer\/dosieren\/wiegeschnecke\/","url":"https:\/\/www.van-beek.nl\/de\/schneckenfoerderer\/dosieren\/wiegeschnecke\/","name":"- Van Beek Schroeftransport","isPartOf":{"@id":"https:\/\/www.van-beek.nl\/de\/#website"},"primaryImageOfPage":{"@id":"https:\/\/www.van-beek.nl\/de\/schneckenfoerderer\/dosieren\/wiegeschnecke\/#primaryimage"},"image":{"@id":"https:\/\/www.van-beek.nl\/de\/schneckenfoerderer\/dosieren\/wiegeschnecke\/#primaryimage"},"thumbnailUrl":"https:\/\/www.van-beek.nl\/wp-content\/uploads\/2021\/03\/weeg_schroef.png","datePublished":"2020-09-28T09:21:06+00:00","dateModified":"2021-06-09T14:20:33+00:00","description":"Mit den einzeln gefertigten Wiegeschnecken von Van Beek k\u00f6nnen Sie jederzeit Pulver, Granulate und andere trockene Stoffe dosieren.","breadcrumb":{"@id":"https:\/\/www.van-beek.nl\/de\/schneckenfoerderer\/dosieren\/wiegeschnecke\/#breadcrumb"},"inLanguage":"de","potentialAction":[{"@type":"ReadAction","target":["https:\/\/www.van-beek.nl\/de\/schneckenfoerderer\/dosieren\/wiegeschnecke\/"]}]},{"@type":"ImageObject","inLanguage":"de","@id":"https:\/\/www.van-beek.nl\/de\/schneckenfoerderer\/dosieren\/wiegeschnecke\/#primaryimage","url":"https:\/\/www.van-beek.nl\/wp-content\/uploads\/2021\/03\/weeg_schroef.png","contentUrl":"https:\/\/www.van-beek.nl\/wp-content\/uploads\/2021\/03\/weeg_schroef.png","width":3999,"height":1980,"caption":"Weegschroef voor recycling proces van plastic (PET) flessen"},{"@type":"BreadcrumbList","@id":"https:\/\/www.van-beek.nl\/de\/schneckenfoerderer\/dosieren\/wiegeschnecke\/#breadcrumb","itemListElement":[{"@type":"ListItem","position":1,"name":"Home","item":"https:\/\/www.van-beek.nl\/de\/"},{"@type":"ListItem","position":2,"name":"Schneckenf\u00f6rderer","item":"https:\/\/www.van-beek.nl\/de\/schneckenfoerderer\/"},{"@type":"ListItem","position":3,"name":"Dosieren","item":"https:\/\/www.van-beek.nl\/de\/schroeftransporteurs\/doseren\/"},{"@type":"ListItem","position":4,"name":"Wiegeschnecke"}]},{"@type":"WebSite","@id":"https:\/\/www.van-beek.nl\/de\/#website","url":"https:\/\/www.van-beek.nl\/de\/","name":"Van Beek Schroeftransport","description":"","publisher":{"@id":"https:\/\/www.van-beek.nl\/de\/#organization"},"potentialAction":[{"@type":"SearchAction","target":{"@type":"EntryPoint","urlTemplate":"https:\/\/www.van-beek.nl\/de\/?s={search_term_string}"},"query-input":{"@type":"PropertyValueSpecification","valueRequired":true,"valueName":"search_term_string"}}],"inLanguage":"de"},{"@type":"Organization","@id":"https:\/\/www.van-beek.nl\/de\/#organization","name":"Transportschroeven- en machinefabriek Van Beek B.V.","url":"https:\/\/www.van-beek.nl\/de\/","logo":{"@type":"ImageObject","inLanguage":"de","@id":"https:\/\/www.van-beek.nl\/de\/#\/schema\/logo\/image\/","url":"https:\/\/van-beek.nl\/wp-content\/uploads\/2020\/04\/VanBeek-logo.png","contentUrl":"https:\/\/van-beek.nl\/wp-content\/uploads\/2020\/04\/VanBeek-logo.png","width":116,"height":22,"caption":"Transportschroeven- en machinefabriek Van Beek B.V."},"image":{"@id":"https:\/\/www.van-beek.nl\/de\/#\/schema\/logo\/image\/"}}]}},"_links":{"self":[{"href":"https:\/\/www.van-beek.nl\/de\/wp-json\/wp\/v2\/pages\/3819","targetHints":{"allow":["GET"]}}],"collection":[{"href":"https:\/\/www.van-beek.nl\/de\/wp-json\/wp\/v2\/pages"}],"about":[{"href":"https:\/\/www.van-beek.nl\/de\/wp-json\/wp\/v2\/types\/page"}],"author":[{"embeddable":true,"href":"https:\/\/www.van-beek.nl\/de\/wp-json\/wp\/v2\/users\/5"}],"replies":[{"embeddable":true,"href":"https:\/\/www.van-beek.nl\/de\/wp-json\/wp\/v2\/comments?post=3819"}],"version-history":[{"count":3,"href":"https:\/\/www.van-beek.nl\/de\/wp-json\/wp\/v2\/pages\/3819\/revisions"}],"predecessor-version":[{"id":8031,"href":"https:\/\/www.van-beek.nl\/de\/wp-json\/wp\/v2\/pages\/3819\/revisions\/8031"}],"up":[{"embeddable":true,"href":"https:\/\/www.van-beek.nl\/de\/wp-json\/wp\/v2\/pages\/3838"}],"wp:featuredmedia":[{"embeddable":true,"href":"https:\/\/www.van-beek.nl\/de\/wp-json\/wp\/v2\/media\/3555"}],"wp:attachment":[{"href":"https:\/\/www.van-beek.nl\/de\/wp-json\/wp\/v2\/media?parent=3819"}],"curies":[{"name":"wp","href":"https:\/\/api.w.org\/{rel}","templated":true}]}}