{"id":3820,"date":"2020-10-22T13:21:21","date_gmt":"2020-10-22T13:21:21","guid":{"rendered":"https:\/\/van-beek.nl\/spezialanfertigungen\/"},"modified":"2023-11-16T10:10:10","modified_gmt":"2023-11-16T08:10:10","slug":"spezialanfertigungen","status":"publish","type":"page","link":"https:\/\/www.van-beek.nl\/de\/schneckenfoerderer\/spezialanfertigungen\/","title":{"rendered":"Spezialanfertigungen"},"content":{"rendered":"<p><strong>Mit unseren Spezialanfertigungen ist die sichere und effiziente Zu- und Abfuhr sowie Probenahme von Sch\u00fcttgut unter allen Umst\u00e4nden m\u00f6glich.<\/strong><\/p>\n<h2>Entleerstationen<\/h2>\n<p><span style=\"font-weight: 400;\">Die Entleerung von Sackware und Bigbags kann mit unseren einzeln gefertigten <a href=\"https:\/\/van-beek.nl\/de\/schneckenfoerderer\/speciale-toepassingen\/entleerstationen\/\">Sackentleerstationen<\/a> einfach und staubarm erfolgen.<\/span><\/p>\n<h2>Leersackverdichter<\/h2>\n<p><span style=\"font-weight: 400;\">Mit dieser kosteng\u00fcnstigen Alternative f\u00fcr eine hydraulische Presse oder Ballenpresse k\u00f6nnen Sie <a href=\"https:\/\/van-beek.nl\/de\/schneckenfoerderer\/speciale-toepassingen\/leersackverdichter\/\">kontinuierlich S\u00e4cke zuf\u00fchren und pressen<\/a>. <\/span><\/p>\n<h2>Schneckenprobenehmer<\/h2>\n<p><span style=\"font-weight: 400;\">Schnell und einfach reinigbare <a href=\"https:\/\/van-beek.nl\/schroeftransporteurs\/speciale-toepassingen\/monstername-schroeven\/\">Probenehmer<\/a>, die wir t\u00e4glich in Silos, Bunker, Hopper oder inline installieren. <\/span><\/p>\n<h2>Containerbeladeschnecken<\/h2>\n<p><span style=\"font-weight: 400;\">Die effiziente Alternative f\u00fcr Gebl\u00e4se und Silofahrzeuge, mit der Sie innerhalb einer halben Stunde <a href=\"https:\/\/van-beek.nl\/de\/schneckenfoerderer\/speciale-toepassingen\/containerbeladeschnecke\/\">20-Fu\u00df-Container randvoll f\u00fcllen k\u00f6nnen.\u00a0<\/a><\/span><\/p>\n<h2>Liner Filler<\/h2>\n<p><span style=\"font-weight: 400;\">Die Bef\u00fcllung eines 20-Fu\u00df-Liner-Containers mit trockenem Sch\u00fcttgut geht mit einer <a href=\"https:\/\/van-beek.nl\/de\/schneckenfoerderer\/speciale-toepassingen\/liner-filler\/\">horizontal montierten F\u00f6rderschnecke<\/a> reibungslos vonstatten.\u00a0<\/span><\/p>\n<h3>M\u00f6chten Sie mehr \u00fcber unsere Spezialanfertigungen erfahren? <a href=\"https:\/\/van-beek.nl\/de\/kontakt\/\">Bitte wenden Sie sich dann an uns<\/a>.<\/h3>\n<p><strong>\u00a0<\/strong><\/p>\n","protected":false},"excerpt":{"rendered":"<p>Mit unseren Spezialanfertigungen ist die sichere und effiziente Zu- und Abfuhr sowie Probenahme von Sch\u00fcttgut unter allen Umst\u00e4nden m\u00f6glich. Entleerstationen Die Entleerung von Sackware und Bigbags kann mit unseren einzeln gefertigten Sackentleerstationen einfach und staubarm erfolgen. Leersackverdichter Mit dieser kosteng\u00fcnstigen Alternative f\u00fcr eine hydraulische Presse oder Ballenpresse k\u00f6nnen Sie kontinuierlich S\u00e4cke zuf\u00fchren und pressen. Schneckenprobenehmer [&hellip;]<\/p>\n","protected":false},"author":5,"featured_media":0,"parent":3864,"menu_order":0,"comment_status":"closed","ping_status":"closed","template":"subpage.php","meta":{"_acf_changed":false,"content-type":"","inline_featured_image":false,"footnotes":""},"class_list":["post-3820","page","type-page","status-publish","hentry"],"acf":[],"yoast_head":"<!-- This site is optimized with the Yoast SEO plugin v27.5 - https:\/\/yoast.com\/product\/yoast-seo-wordpress\/ -->\n<title>Spezialanfertigungen - Van Beek Schroeftransport<\/title>\n<meta name=\"description\" content=\"Mit unseren Spezialanfertigungen ist die sichere und effiziente Zu- und Abfuhr sowie Probenahme von Sch\u00fcttgut unter allen Umst\u00e4nden m\u00f6glich.\" \/>\n<meta name=\"robots\" content=\"index, follow, max-snippet:-1, max-image-preview:large, max-video-preview:-1\" \/>\n<link rel=\"canonical\" href=\"https:\/\/www.van-beek.nl\/de\/schneckenfoerderer\/spezialanfertigungen\/\" \/>\n<meta property=\"og:locale\" content=\"de_DE\" \/>\n<meta property=\"og:type\" content=\"article\" \/>\n<meta property=\"og:title\" content=\"Spezialanfertigungen - Van Beek Schroeftransport\" \/>\n<meta property=\"og:description\" content=\"Mit unseren Spezialanfertigungen ist die sichere und effiziente Zu- und Abfuhr sowie Probenahme von Sch\u00fcttgut unter allen Umst\u00e4nden m\u00f6glich.\" \/>\n<meta property=\"og:url\" content=\"https:\/\/www.van-beek.nl\/de\/schneckenfoerderer\/spezialanfertigungen\/\" \/>\n<meta property=\"og:site_name\" content=\"Van Beek Schroeftransport\" \/>\n<meta property=\"article:modified_time\" content=\"2023-11-16T08:10:10+00:00\" \/>\n<meta name=\"twitter:card\" content=\"summary_large_image\" \/>\n<meta name=\"twitter:label1\" content=\"Gesch\u00e4tzte Lesezeit\" \/>\n\t<meta name=\"twitter:data1\" content=\"1\u00a0Minute\" \/>\n<script type=\"application\/ld+json\" class=\"yoast-schema-graph\">{\"@context\":\"https:\\\/\\\/schema.org\",\"@graph\":[{\"@type\":\"WebPage\",\"@id\":\"https:\\\/\\\/www.van-beek.nl\\\/de\\\/schneckenfoerderer\\\/spezialanfertigungen\\\/\",\"url\":\"https:\\\/\\\/www.van-beek.nl\\\/de\\\/schneckenfoerderer\\\/spezialanfertigungen\\\/\",\"name\":\"Spezialanfertigungen - Van Beek Schroeftransport\",\"isPartOf\":{\"@id\":\"https:\\\/\\\/www.van-beek.nl\\\/de\\\/#website\"},\"datePublished\":\"2020-10-22T13:21:21+00:00\",\"dateModified\":\"2023-11-16T08:10:10+00:00\",\"description\":\"Mit unseren Spezialanfertigungen ist die sichere und effiziente Zu- und Abfuhr sowie Probenahme von Sch\u00fcttgut unter allen Umst\u00e4nden m\u00f6glich.\",\"breadcrumb\":{\"@id\":\"https:\\\/\\\/www.van-beek.nl\\\/de\\\/schneckenfoerderer\\\/spezialanfertigungen\\\/#breadcrumb\"},\"inLanguage\":\"de\",\"potentialAction\":[{\"@type\":\"ReadAction\",\"target\":[\"https:\\\/\\\/www.van-beek.nl\\\/de\\\/schneckenfoerderer\\\/spezialanfertigungen\\\/\"]}]},{\"@type\":\"BreadcrumbList\",\"@id\":\"https:\\\/\\\/www.van-beek.nl\\\/de\\\/schneckenfoerderer\\\/spezialanfertigungen\\\/#breadcrumb\",\"itemListElement\":[{\"@type\":\"ListItem\",\"position\":1,\"name\":\"Home\",\"item\":\"https:\\\/\\\/www.van-beek.nl\\\/de\\\/\"},{\"@type\":\"ListItem\",\"position\":2,\"name\":\"Schneckenf\u00f6rderer\",\"item\":\"https:\\\/\\\/www.van-beek.nl\\\/de\\\/schneckenfoerderer\\\/\"},{\"@type\":\"ListItem\",\"position\":3,\"name\":\"Spezialanfertigungen\"}]},{\"@type\":\"WebSite\",\"@id\":\"https:\\\/\\\/www.van-beek.nl\\\/de\\\/#website\",\"url\":\"https:\\\/\\\/www.van-beek.nl\\\/de\\\/\",\"name\":\"Van Beek Schroeftransport\",\"description\":\"\",\"publisher\":{\"@id\":\"https:\\\/\\\/www.van-beek.nl\\\/de\\\/#organization\"},\"potentialAction\":[{\"@type\":\"SearchAction\",\"target\":{\"@type\":\"EntryPoint\",\"urlTemplate\":\"https:\\\/\\\/www.van-beek.nl\\\/de\\\/?s={search_term_string}\"},\"query-input\":{\"@type\":\"PropertyValueSpecification\",\"valueRequired\":true,\"valueName\":\"search_term_string\"}}],\"inLanguage\":\"de\"},{\"@type\":\"Organization\",\"@id\":\"https:\\\/\\\/www.van-beek.nl\\\/de\\\/#organization\",\"name\":\"Transportschroeven- en machinefabriek Van Beek B.V.\",\"url\":\"https:\\\/\\\/www.van-beek.nl\\\/de\\\/\",\"logo\":{\"@type\":\"ImageObject\",\"inLanguage\":\"de\",\"@id\":\"https:\\\/\\\/www.van-beek.nl\\\/de\\\/#\\\/schema\\\/logo\\\/image\\\/\",\"url\":\"https:\\\/\\\/van-beek.nl\\\/wp-content\\\/uploads\\\/2020\\\/04\\\/VanBeek-logo.png\",\"contentUrl\":\"https:\\\/\\\/van-beek.nl\\\/wp-content\\\/uploads\\\/2020\\\/04\\\/VanBeek-logo.png\",\"width\":116,\"height\":22,\"caption\":\"Transportschroeven- en machinefabriek Van Beek B.V.\"},\"image\":{\"@id\":\"https:\\\/\\\/www.van-beek.nl\\\/de\\\/#\\\/schema\\\/logo\\\/image\\\/\"}}]}<\/script>\n<!-- \/ Yoast SEO plugin. -->","yoast_head_json":{"title":"Spezialanfertigungen - Van Beek Schroeftransport","description":"Mit unseren Spezialanfertigungen ist die sichere und effiziente Zu- und Abfuhr sowie Probenahme von Sch\u00fcttgut unter allen Umst\u00e4nden m\u00f6glich.","robots":{"index":"index","follow":"follow","max-snippet":"max-snippet:-1","max-image-preview":"max-image-preview:large","max-video-preview":"max-video-preview:-1"},"canonical":"https:\/\/www.van-beek.nl\/de\/schneckenfoerderer\/spezialanfertigungen\/","og_locale":"de_DE","og_type":"article","og_title":"Spezialanfertigungen - Van Beek Schroeftransport","og_description":"Mit unseren Spezialanfertigungen ist die sichere und effiziente Zu- und Abfuhr sowie Probenahme von Sch\u00fcttgut unter allen Umst\u00e4nden m\u00f6glich.","og_url":"https:\/\/www.van-beek.nl\/de\/schneckenfoerderer\/spezialanfertigungen\/","og_site_name":"Van Beek Schroeftransport","article_modified_time":"2023-11-16T08:10:10+00:00","twitter_card":"summary_large_image","twitter_misc":{"Gesch\u00e4tzte Lesezeit":"1\u00a0Minute"},"schema":{"@context":"https:\/\/schema.org","@graph":[{"@type":"WebPage","@id":"https:\/\/www.van-beek.nl\/de\/schneckenfoerderer\/spezialanfertigungen\/","url":"https:\/\/www.van-beek.nl\/de\/schneckenfoerderer\/spezialanfertigungen\/","name":"Spezialanfertigungen - Van Beek Schroeftransport","isPartOf":{"@id":"https:\/\/www.van-beek.nl\/de\/#website"},"datePublished":"2020-10-22T13:21:21+00:00","dateModified":"2023-11-16T08:10:10+00:00","description":"Mit unseren Spezialanfertigungen ist die sichere und effiziente Zu- und Abfuhr sowie Probenahme von Sch\u00fcttgut unter allen Umst\u00e4nden m\u00f6glich.","breadcrumb":{"@id":"https:\/\/www.van-beek.nl\/de\/schneckenfoerderer\/spezialanfertigungen\/#breadcrumb"},"inLanguage":"de","potentialAction":[{"@type":"ReadAction","target":["https:\/\/www.van-beek.nl\/de\/schneckenfoerderer\/spezialanfertigungen\/"]}]},{"@type":"BreadcrumbList","@id":"https:\/\/www.van-beek.nl\/de\/schneckenfoerderer\/spezialanfertigungen\/#breadcrumb","itemListElement":[{"@type":"ListItem","position":1,"name":"Home","item":"https:\/\/www.van-beek.nl\/de\/"},{"@type":"ListItem","position":2,"name":"Schneckenf\u00f6rderer","item":"https:\/\/www.van-beek.nl\/de\/schneckenfoerderer\/"},{"@type":"ListItem","position":3,"name":"Spezialanfertigungen"}]},{"@type":"WebSite","@id":"https:\/\/www.van-beek.nl\/de\/#website","url":"https:\/\/www.van-beek.nl\/de\/","name":"Van Beek Schroeftransport","description":"","publisher":{"@id":"https:\/\/www.van-beek.nl\/de\/#organization"},"potentialAction":[{"@type":"SearchAction","target":{"@type":"EntryPoint","urlTemplate":"https:\/\/www.van-beek.nl\/de\/?s={search_term_string}"},"query-input":{"@type":"PropertyValueSpecification","valueRequired":true,"valueName":"search_term_string"}}],"inLanguage":"de"},{"@type":"Organization","@id":"https:\/\/www.van-beek.nl\/de\/#organization","name":"Transportschroeven- en machinefabriek Van Beek B.V.","url":"https:\/\/www.van-beek.nl\/de\/","logo":{"@type":"ImageObject","inLanguage":"de","@id":"https:\/\/www.van-beek.nl\/de\/#\/schema\/logo\/image\/","url":"https:\/\/van-beek.nl\/wp-content\/uploads\/2020\/04\/VanBeek-logo.png","contentUrl":"https:\/\/van-beek.nl\/wp-content\/uploads\/2020\/04\/VanBeek-logo.png","width":116,"height":22,"caption":"Transportschroeven- en machinefabriek Van Beek B.V."},"image":{"@id":"https:\/\/www.van-beek.nl\/de\/#\/schema\/logo\/image\/"}}]}},"_links":{"self":[{"href":"https:\/\/www.van-beek.nl\/de\/wp-json\/wp\/v2\/pages\/3820","targetHints":{"allow":["GET"]}}],"collection":[{"href":"https:\/\/www.van-beek.nl\/de\/wp-json\/wp\/v2\/pages"}],"about":[{"href":"https:\/\/www.van-beek.nl\/de\/wp-json\/wp\/v2\/types\/page"}],"author":[{"embeddable":true,"href":"https:\/\/www.van-beek.nl\/de\/wp-json\/wp\/v2\/users\/5"}],"replies":[{"embeddable":true,"href":"https:\/\/www.van-beek.nl\/de\/wp-json\/wp\/v2\/comments?post=3820"}],"version-history":[{"count":5,"href":"https:\/\/www.van-beek.nl\/de\/wp-json\/wp\/v2\/pages\/3820\/revisions"}],"predecessor-version":[{"id":8159,"href":"https:\/\/www.van-beek.nl\/de\/wp-json\/wp\/v2\/pages\/3820\/revisions\/8159"}],"up":[{"embeddable":true,"href":"https:\/\/www.van-beek.nl\/de\/wp-json\/wp\/v2\/pages\/3864"}],"wp:attachment":[{"href":"https:\/\/www.van-beek.nl\/de\/wp-json\/wp\/v2\/media?parent=3820"}],"curies":[{"name":"wp","href":"https:\/\/api.w.org\/{rel}","templated":true}]}}