{"id":3821,"date":"2021-03-25T09:05:56","date_gmt":"2021-03-25T09:05:56","guid":{"rendered":"https:\/\/van-beek.nl\/spezialanfertigungen\/liner-filler\/"},"modified":"2021-11-17T10:49:42","modified_gmt":"2021-11-17T10:49:42","slug":"liner-filler","status":"publish","type":"page","link":"https:\/\/www.van-beek.nl\/de\/schneckenfoerderer\/spezialanfertigungen\/liner-filler\/","title":{"rendered":"Liner Filler (20ft)"},"content":{"rendered":"<p><strong>Wie wird ein Container Liner mit trockenen Masseng\u00fctern gef\u00fcllt? Nat\u00fcrlich mit einem Schneckenf\u00f6rderer, der speziell f\u00fcr Container Liner entwickelt wurde! Diese horizontale F\u00f6rderschnecke mit offener Unterseite wird durch die \u00d6ffnung des Liner gef\u00fchrt. Aufgrund der Konstruktion werden Produktverluste verhindert. Ein 20-Fu\u00df-Container l\u00e4sst sich in einer halben Stunde zu mehr als 80 % f\u00fcllen.<\/strong><\/p>\n<h2><strong>Trockenstoffe in einen 20-Fu\u00df-Container mit Liner verladen<\/strong><\/h2>\n<p>Trockene Masseng\u00fcter lassen sich ausgezeichnet mit einem Schneckenf\u00f6rderer in einen Container verladen. Dies gilt auch f\u00fcr Container, die mit einem Liner ausgekleidet sind, einem gro\u00dfen Sack, der die W\u00e4nde des Containers innen bedeckt. Speziell zu diesem Zweck haben wir den Container Liner Filler entwickelt.<\/p>\n<h2><strong>Was ist ein Container Liner Filler?<\/strong><\/h2>\n<p>Der Liner Filler ist ein horizontal montierter Schneckenf\u00f6rderer, mit dem sich 20-Fu\u00df-Container mit Granulat (Kunststoffgranulat), Pulvern (z. B. Mehl) und Flocken f\u00fcllen lassen. Die Schnecke wird aus einem oberhalb angebrachten Sch\u00fcttkasten oder \u00fcber eine \u00d6ffnung beschickt. Der Sch\u00fcttkasten kann von einem Silo, einer Silowagenf\u00fcllanlage, mit S\u00e4cken oder von einem Schaufellader bef\u00fcllt werden.<\/p>\n<h2><strong>Wahlweise in mobiler Ausf\u00fchrung<\/strong><\/h2>\n<p>Das Podest, auf dem die Beladeschnecke montiert ist, kann gegebenenfalls mit R\u00e4dern ausgestattet werden. Dann kann der Liner Filler von einem Gabelstapler an den gew\u00fcnschten Einsatzort gefahren werden.<\/p>\n<h2><strong>Wie funktioniert die Beladeschnecke f\u00fcr Container Liner?<\/strong><\/h2>\n<p>Ein LKW mit einem 20-Fu\u00df-Container f\u00e4hrt r\u00fcckw\u00e4rts und l\u00e4sst so den Schneckenauslauf in die \u00d6ffnung des Containers gleiten. Sobald die Schnecke sich komplett im Container befindet, kann der Ladevorgang beginnen. Bei ung\u00fcnstigen Lichtverh\u00e4ltnissen kann eine \u00fcber einen Schaltschrank bedienbare Baulampe Licht spenden. Das F\u00f6rdergut wird durch den offenen Boden der Schecke zuerst im hinteren Bereich des Containers abgeworfen und bildet dort einen Sch\u00fcttkegel. Das Sch\u00fcttgut f\u00e4llt, wenn dies die H\u00f6he der Schnecke erreicht hat, von selbst immer weiter nach vorne in den Container. Am Ende der Schnecke ist ein F\u00fcllsensor angebracht. Die Schnecke wird daher automatisch gestoppt, wenn der Container voll ist. Ein um die Schnecke angebrachter Schlauch verhindert Produktverluste.<\/p>\n<h2><strong>Die Alternative f\u00fcr Druckluft oder Abwurfb\u00e4nder<\/strong><\/h2>\n<p>Pulver und Granulate werden h\u00e4ufig mit Gebl\u00e4sen bef\u00f6rdert, was ein sehr energieaufw\u00e4ndiges Verfahren ist. F\u00f6rderb\u00e4nder sorgen h\u00e4ufig f\u00fcr das Versch\u00fctten des Produkts und unerw\u00fcnschte Luftstr\u00f6me. Daher sind Schneckenf\u00f6rderer eine interessante Wahl. Aufgrund ihres mechanischen Antriebs sind sie in den meisten F\u00e4llen kosteneffizienter als Druckluft. Die gesamte Konstruktion ist im Gegensatz zu F\u00f6rderb\u00e4ndern auf die Vermeidung von Produktverlusten ausgerichtet. Sie k\u00f6nnen sich daher auf eine saubere und sichere Arbeitsumgebung verlassen.<\/p>\n<h2>M\u00f6chten Sie mehr \u00fcber den Van Beek Container Liner Filler erfahren? Bitte <a href=\"\/de\/schneckenfoerderer\/kontakt-van-beek\/\">wenden Sie sich dann an uns<\/a>.<\/h2>\n<p><strong>\u00a0<\/strong><\/p>\n","protected":false},"excerpt":{"rendered":"<p>Wie wird ein Container Liner mit trockenen Masseng\u00fctern gef\u00fcllt? Nat\u00fcrlich mit einem Schneckenf\u00f6rderer, der speziell f\u00fcr Container Liner entwickelt wurde! Diese horizontale F\u00f6rderschnecke mit offener Unterseite wird durch die \u00d6ffnung des Liner gef\u00fchrt. Aufgrund der Konstruktion werden Produktverluste verhindert. Ein 20-Fu\u00df-Container l\u00e4sst sich in einer halben Stunde zu mehr als 80 % f\u00fcllen. Trockenstoffe in [&hellip;]<\/p>\n","protected":false},"author":5,"featured_media":3270,"parent":3820,"menu_order":0,"comment_status":"closed","ping_status":"closed","template":"product.php","meta":{"_acf_changed":false,"content-type":"","inline_featured_image":false,"footnotes":""},"class_list":["post-3821","page","type-page","status-publish","has-post-thumbnail","hentry"],"acf":[],"yoast_head":"<!-- This site is optimized with the Yoast SEO plugin v27.5 - https:\/\/yoast.com\/product\/yoast-seo-wordpress\/ -->\n<title>- Van Beek Schroeftransport<\/title>\n<meta name=\"robots\" content=\"index, follow, max-snippet:-1, max-image-preview:large, max-video-preview:-1\" \/>\n<link rel=\"canonical\" href=\"https:\/\/www.van-beek.nl\/de\/schneckenfoerderer\/spezialanfertigungen\/liner-filler\/\" \/>\n<meta property=\"og:locale\" content=\"de_DE\" \/>\n<meta property=\"og:type\" content=\"article\" \/>\n<meta property=\"og:title\" content=\"- Van Beek Schroeftransport\" \/>\n<meta property=\"og:description\" content=\"Wie wird ein Container Liner mit trockenen Masseng\u00fctern gef\u00fcllt? Nat\u00fcrlich mit einem Schneckenf\u00f6rderer, der speziell f\u00fcr Container Liner entwickelt wurde! Diese horizontale F\u00f6rderschnecke mit offener Unterseite wird durch die \u00d6ffnung des Liner gef\u00fchrt. Aufgrund der Konstruktion werden Produktverluste verhindert. Ein 20-Fu\u00df-Container l\u00e4sst sich in einer halben Stunde zu mehr als 80 % f\u00fcllen. Trockenstoffe in [&hellip;]\" \/>\n<meta property=\"og:url\" content=\"https:\/\/www.van-beek.nl\/de\/schneckenfoerderer\/spezialanfertigungen\/liner-filler\/\" \/>\n<meta property=\"og:site_name\" content=\"Van Beek Schroeftransport\" \/>\n<meta property=\"article:modified_time\" content=\"2021-11-17T10:49:42+00:00\" \/>\n<meta property=\"og:image\" content=\"https:\/\/www.van-beek.nl\/wp-content\/uploads\/2021\/03\/Liner_filler_2.png\" \/>\n\t<meta property=\"og:image:width\" content=\"3999\" \/>\n\t<meta property=\"og:image:height\" content=\"1980\" \/>\n\t<meta property=\"og:image:type\" content=\"image\/png\" \/>\n<meta name=\"twitter:card\" content=\"summary_large_image\" \/>\n<meta name=\"twitter:label1\" content=\"Gesch\u00e4tzte Lesezeit\" \/>\n\t<meta name=\"twitter:data1\" content=\"2\u00a0Minuten\" \/>\n<script type=\"application\/ld+json\" class=\"yoast-schema-graph\">{\"@context\":\"https:\\\/\\\/schema.org\",\"@graph\":[{\"@type\":\"WebPage\",\"@id\":\"https:\\\/\\\/www.van-beek.nl\\\/de\\\/schneckenfoerderer\\\/spezialanfertigungen\\\/liner-filler\\\/\",\"url\":\"https:\\\/\\\/www.van-beek.nl\\\/de\\\/schneckenfoerderer\\\/spezialanfertigungen\\\/liner-filler\\\/\",\"name\":\"- Van Beek Schroeftransport\",\"isPartOf\":{\"@id\":\"https:\\\/\\\/www.van-beek.nl\\\/de\\\/#website\"},\"primaryImageOfPage\":{\"@id\":\"https:\\\/\\\/www.van-beek.nl\\\/de\\\/schneckenfoerderer\\\/spezialanfertigungen\\\/liner-filler\\\/#primaryimage\"},\"image\":{\"@id\":\"https:\\\/\\\/www.van-beek.nl\\\/de\\\/schneckenfoerderer\\\/spezialanfertigungen\\\/liner-filler\\\/#primaryimage\"},\"thumbnailUrl\":\"https:\\\/\\\/www.van-beek.nl\\\/wp-content\\\/uploads\\\/2021\\\/03\\\/Liner_filler_2.png\",\"datePublished\":\"2021-03-25T09:05:56+00:00\",\"dateModified\":\"2021-11-17T10:49:42+00:00\",\"breadcrumb\":{\"@id\":\"https:\\\/\\\/www.van-beek.nl\\\/de\\\/schneckenfoerderer\\\/spezialanfertigungen\\\/liner-filler\\\/#breadcrumb\"},\"inLanguage\":\"de\",\"potentialAction\":[{\"@type\":\"ReadAction\",\"target\":[\"https:\\\/\\\/www.van-beek.nl\\\/de\\\/schneckenfoerderer\\\/spezialanfertigungen\\\/liner-filler\\\/\"]}]},{\"@type\":\"ImageObject\",\"inLanguage\":\"de\",\"@id\":\"https:\\\/\\\/www.van-beek.nl\\\/de\\\/schneckenfoerderer\\\/spezialanfertigungen\\\/liner-filler\\\/#primaryimage\",\"url\":\"https:\\\/\\\/www.van-beek.nl\\\/wp-content\\\/uploads\\\/2021\\\/03\\\/Liner_filler_2.png\",\"contentUrl\":\"https:\\\/\\\/www.van-beek.nl\\\/wp-content\\\/uploads\\\/2021\\\/03\\\/Liner_filler_2.png\",\"width\":3999,\"height\":1980,\"caption\":\"Liner container filler, een container vuller voor vaste stoffen\"},{\"@type\":\"BreadcrumbList\",\"@id\":\"https:\\\/\\\/www.van-beek.nl\\\/de\\\/schneckenfoerderer\\\/spezialanfertigungen\\\/liner-filler\\\/#breadcrumb\",\"itemListElement\":[{\"@type\":\"ListItem\",\"position\":1,\"name\":\"Home\",\"item\":\"https:\\\/\\\/www.van-beek.nl\\\/de\\\/\"},{\"@type\":\"ListItem\",\"position\":2,\"name\":\"Schneckenf\u00f6rderer\",\"item\":\"https:\\\/\\\/www.van-beek.nl\\\/de\\\/schneckenfoerderer\\\/\"},{\"@type\":\"ListItem\",\"position\":3,\"name\":\"Spezialanfertigungen\",\"item\":\"https:\\\/\\\/www.van-beek.nl\\\/de\\\/schneckenfoerderer\\\/spezialanfertigungen\\\/\"},{\"@type\":\"ListItem\",\"position\":4,\"name\":\"Liner Filler (20ft)\"}]},{\"@type\":\"WebSite\",\"@id\":\"https:\\\/\\\/www.van-beek.nl\\\/de\\\/#website\",\"url\":\"https:\\\/\\\/www.van-beek.nl\\\/de\\\/\",\"name\":\"Van Beek Schroeftransport\",\"description\":\"\",\"publisher\":{\"@id\":\"https:\\\/\\\/www.van-beek.nl\\\/de\\\/#organization\"},\"potentialAction\":[{\"@type\":\"SearchAction\",\"target\":{\"@type\":\"EntryPoint\",\"urlTemplate\":\"https:\\\/\\\/www.van-beek.nl\\\/de\\\/?s={search_term_string}\"},\"query-input\":{\"@type\":\"PropertyValueSpecification\",\"valueRequired\":true,\"valueName\":\"search_term_string\"}}],\"inLanguage\":\"de\"},{\"@type\":\"Organization\",\"@id\":\"https:\\\/\\\/www.van-beek.nl\\\/de\\\/#organization\",\"name\":\"Transportschroeven- en machinefabriek Van Beek B.V.\",\"url\":\"https:\\\/\\\/www.van-beek.nl\\\/de\\\/\",\"logo\":{\"@type\":\"ImageObject\",\"inLanguage\":\"de\",\"@id\":\"https:\\\/\\\/www.van-beek.nl\\\/de\\\/#\\\/schema\\\/logo\\\/image\\\/\",\"url\":\"https:\\\/\\\/van-beek.nl\\\/wp-content\\\/uploads\\\/2020\\\/04\\\/VanBeek-logo.png\",\"contentUrl\":\"https:\\\/\\\/van-beek.nl\\\/wp-content\\\/uploads\\\/2020\\\/04\\\/VanBeek-logo.png\",\"width\":116,\"height\":22,\"caption\":\"Transportschroeven- en machinefabriek Van Beek B.V.\"},\"image\":{\"@id\":\"https:\\\/\\\/www.van-beek.nl\\\/de\\\/#\\\/schema\\\/logo\\\/image\\\/\"}}]}<\/script>\n<!-- \/ Yoast SEO plugin. -->","yoast_head_json":{"title":"- Van Beek Schroeftransport","robots":{"index":"index","follow":"follow","max-snippet":"max-snippet:-1","max-image-preview":"max-image-preview:large","max-video-preview":"max-video-preview:-1"},"canonical":"https:\/\/www.van-beek.nl\/de\/schneckenfoerderer\/spezialanfertigungen\/liner-filler\/","og_locale":"de_DE","og_type":"article","og_title":"- Van Beek Schroeftransport","og_description":"Wie wird ein Container Liner mit trockenen Masseng\u00fctern gef\u00fcllt? Nat\u00fcrlich mit einem Schneckenf\u00f6rderer, der speziell f\u00fcr Container Liner entwickelt wurde! Diese horizontale F\u00f6rderschnecke mit offener Unterseite wird durch die \u00d6ffnung des Liner gef\u00fchrt. Aufgrund der Konstruktion werden Produktverluste verhindert. Ein 20-Fu\u00df-Container l\u00e4sst sich in einer halben Stunde zu mehr als 80 % f\u00fcllen. Trockenstoffe in [&hellip;]","og_url":"https:\/\/www.van-beek.nl\/de\/schneckenfoerderer\/spezialanfertigungen\/liner-filler\/","og_site_name":"Van Beek Schroeftransport","article_modified_time":"2021-11-17T10:49:42+00:00","og_image":[{"width":3999,"height":1980,"url":"https:\/\/www.van-beek.nl\/wp-content\/uploads\/2021\/03\/Liner_filler_2.png","type":"image\/png"}],"twitter_card":"summary_large_image","twitter_misc":{"Gesch\u00e4tzte Lesezeit":"2\u00a0Minuten"},"schema":{"@context":"https:\/\/schema.org","@graph":[{"@type":"WebPage","@id":"https:\/\/www.van-beek.nl\/de\/schneckenfoerderer\/spezialanfertigungen\/liner-filler\/","url":"https:\/\/www.van-beek.nl\/de\/schneckenfoerderer\/spezialanfertigungen\/liner-filler\/","name":"- Van Beek Schroeftransport","isPartOf":{"@id":"https:\/\/www.van-beek.nl\/de\/#website"},"primaryImageOfPage":{"@id":"https:\/\/www.van-beek.nl\/de\/schneckenfoerderer\/spezialanfertigungen\/liner-filler\/#primaryimage"},"image":{"@id":"https:\/\/www.van-beek.nl\/de\/schneckenfoerderer\/spezialanfertigungen\/liner-filler\/#primaryimage"},"thumbnailUrl":"https:\/\/www.van-beek.nl\/wp-content\/uploads\/2021\/03\/Liner_filler_2.png","datePublished":"2021-03-25T09:05:56+00:00","dateModified":"2021-11-17T10:49:42+00:00","breadcrumb":{"@id":"https:\/\/www.van-beek.nl\/de\/schneckenfoerderer\/spezialanfertigungen\/liner-filler\/#breadcrumb"},"inLanguage":"de","potentialAction":[{"@type":"ReadAction","target":["https:\/\/www.van-beek.nl\/de\/schneckenfoerderer\/spezialanfertigungen\/liner-filler\/"]}]},{"@type":"ImageObject","inLanguage":"de","@id":"https:\/\/www.van-beek.nl\/de\/schneckenfoerderer\/spezialanfertigungen\/liner-filler\/#primaryimage","url":"https:\/\/www.van-beek.nl\/wp-content\/uploads\/2021\/03\/Liner_filler_2.png","contentUrl":"https:\/\/www.van-beek.nl\/wp-content\/uploads\/2021\/03\/Liner_filler_2.png","width":3999,"height":1980,"caption":"Liner container filler, een container vuller voor vaste stoffen"},{"@type":"BreadcrumbList","@id":"https:\/\/www.van-beek.nl\/de\/schneckenfoerderer\/spezialanfertigungen\/liner-filler\/#breadcrumb","itemListElement":[{"@type":"ListItem","position":1,"name":"Home","item":"https:\/\/www.van-beek.nl\/de\/"},{"@type":"ListItem","position":2,"name":"Schneckenf\u00f6rderer","item":"https:\/\/www.van-beek.nl\/de\/schneckenfoerderer\/"},{"@type":"ListItem","position":3,"name":"Spezialanfertigungen","item":"https:\/\/www.van-beek.nl\/de\/schneckenfoerderer\/spezialanfertigungen\/"},{"@type":"ListItem","position":4,"name":"Liner Filler (20ft)"}]},{"@type":"WebSite","@id":"https:\/\/www.van-beek.nl\/de\/#website","url":"https:\/\/www.van-beek.nl\/de\/","name":"Van Beek Schroeftransport","description":"","publisher":{"@id":"https:\/\/www.van-beek.nl\/de\/#organization"},"potentialAction":[{"@type":"SearchAction","target":{"@type":"EntryPoint","urlTemplate":"https:\/\/www.van-beek.nl\/de\/?s={search_term_string}"},"query-input":{"@type":"PropertyValueSpecification","valueRequired":true,"valueName":"search_term_string"}}],"inLanguage":"de"},{"@type":"Organization","@id":"https:\/\/www.van-beek.nl\/de\/#organization","name":"Transportschroeven- en machinefabriek Van Beek B.V.","url":"https:\/\/www.van-beek.nl\/de\/","logo":{"@type":"ImageObject","inLanguage":"de","@id":"https:\/\/www.van-beek.nl\/de\/#\/schema\/logo\/image\/","url":"https:\/\/van-beek.nl\/wp-content\/uploads\/2020\/04\/VanBeek-logo.png","contentUrl":"https:\/\/van-beek.nl\/wp-content\/uploads\/2020\/04\/VanBeek-logo.png","width":116,"height":22,"caption":"Transportschroeven- en machinefabriek Van Beek B.V."},"image":{"@id":"https:\/\/www.van-beek.nl\/de\/#\/schema\/logo\/image\/"}}]}},"_links":{"self":[{"href":"https:\/\/www.van-beek.nl\/de\/wp-json\/wp\/v2\/pages\/3821","targetHints":{"allow":["GET"]}}],"collection":[{"href":"https:\/\/www.van-beek.nl\/de\/wp-json\/wp\/v2\/pages"}],"about":[{"href":"https:\/\/www.van-beek.nl\/de\/wp-json\/wp\/v2\/types\/page"}],"author":[{"embeddable":true,"href":"https:\/\/www.van-beek.nl\/de\/wp-json\/wp\/v2\/users\/5"}],"replies":[{"embeddable":true,"href":"https:\/\/www.van-beek.nl\/de\/wp-json\/wp\/v2\/comments?post=3821"}],"version-history":[{"count":3,"href":"https:\/\/www.van-beek.nl\/de\/wp-json\/wp\/v2\/pages\/3821\/revisions"}],"predecessor-version":[{"id":9689,"href":"https:\/\/www.van-beek.nl\/de\/wp-json\/wp\/v2\/pages\/3821\/revisions\/9689"}],"up":[{"embeddable":true,"href":"https:\/\/www.van-beek.nl\/de\/wp-json\/wp\/v2\/pages\/3820"}],"wp:featuredmedia":[{"embeddable":true,"href":"https:\/\/www.van-beek.nl\/de\/wp-json\/wp\/v2\/media\/3270"}],"wp:attachment":[{"href":"https:\/\/www.van-beek.nl\/de\/wp-json\/wp\/v2\/media?parent=3821"}],"curies":[{"name":"wp","href":"https:\/\/api.w.org\/{rel}","templated":true}]}}