{"id":3822,"date":"2021-03-25T09:05:56","date_gmt":"2021-03-25T09:05:56","guid":{"rendered":"https:\/\/van-beek.nl\/spezialanfertigungen\/containerbeladeschnecke\/"},"modified":"2021-11-17T10:58:13","modified_gmt":"2021-11-17T10:58:13","slug":"containerbeladeschnecke","status":"publish","type":"page","link":"https:\/\/www.van-beek.nl\/de\/schneckenfoerderer\/spezialanfertigungen\/containerbeladeschnecke\/","title":{"rendered":"Containerbeladeschnecke (20ft)"},"content":{"rendered":"<p><strong>Container Filler sind eine schnelle und effiziente Alternative zu Gebl\u00e4sen und Silofahrzeugen. Ein 20-Fu\u00df-Container l\u00e4sst sich in einer halben Stunde mit trockenen Masseng\u00fctern f\u00fcllen. Da die Beladeschnecke das F\u00f6rdergut nicht nur bef\u00f6rdert, sondern auch komprimiert, k\u00f6nnen Sie den Beh\u00e4lter komplett f\u00fcllen.<\/strong><\/p>\n<h2>Container f\u00fcr den Massenguttransport<\/h2>\n<p>Container eignen sich ideal f\u00fcr den Massenguttransport. Sie haben eine gr\u00f6\u00dfere Kapazit\u00e4t als Silofahrzeuge. Au\u00dferdem lassen sie sich einfach per Bahn, LKW oder Schiff transportieren. Beladen Sie t\u00e4glich zwei oder mehr 20-Fu\u00df-Container? Dann ist ein Container Filler eine gute Wahl.<\/p>\n<h2><strong>Was ist ein Container Filler?<\/strong><\/h2>\n<p>Der Container Filler ist eine F\u00f6rderschnecke, mit dem sich 20-Fu\u00df-Container mit Granulat (z.\u00a0B. aus Kunststoff), Pulvern (z.\u00a0B. Mehl) und Flocken f\u00fcllen lassen. Die F\u00f6rderschnecke ist auf einer Scherenhebeb\u00fchne montiert. Damit kann die H\u00f6he der Anlage einfach auf die unterschiedlichen Fahrgestellh\u00f6hen der LKWs abgestimmt werden.<\/p>\n<h2><strong>Ihre Container optimal f\u00fcllen<\/strong><\/h2>\n<p>Die Containerbeladeschnecke ist in einer schwenkbaren Ausf\u00fchrung lieferbar, welche die optimale Beladung Ihre Container mit Ihrem Produkt erm\u00f6glicht. Die Bedienung ist kinderleicht. Das Bedienungspersonal steuert die Schnecke mit einem Joystick. Die Schnecke kann so nach links oder rechts geschwenkt werden, um den Container optimal zu f\u00fcllen. Der Abstand der Schnecke von der Containerwand wird \u00fcberwacht und ist daher immer gewahrt.<\/p>\n<h2><strong>F\u00fcllen ohne Versch\u00fctten<\/strong><\/h2>\n<p>Der Verladebereich des Produkts ist geschlossen. Das bedeutet, dass kaum F\u00f6rdergut versch\u00fcttet wird, auch nicht, wenn der LKW losf\u00e4hrt.<\/p>\n<h2><strong>Sie bestimmen den Einsatzort<\/strong><\/h2>\n<p>Der Container Filler wird standardm\u00e4\u00dfig mit einer Scherenhebeb\u00fchne geliefert. Die fahrbare Plattform erm\u00f6glicht es, die Schnecke auch an anderen Standorten einzusetzen. Ein weiterer Vorteil ist, dass die Gabelstapler f\u00fcr andere Aufgaben verf\u00fcgbar sind.<\/p>\n<h2><strong>Wie funktioniert die Beladeschnecke f\u00fcr Container?<\/strong><\/h2>\n<p>Ein LKW mit einem 20-Fu\u00df-Container f\u00e4hrt r\u00fcckw\u00e4rts bis zur Plattform. Das Bedienungspersonal auf der Plattform schaltet die Beladeschnecke ein. Es sorgt gemeinsam mit den Fahrer:innen daf\u00fcr, dass der LKW m\u00f6glichst gut gef\u00fcllt wird. Der LKW verl\u00e4sst die Anlage vorsichtig. Auf diese Weise l\u00e4sst sich ein Container in einer halben Stunde zu 85\u00a0% f\u00fcllen.<\/p>\n<h2><strong>M\u00f6chten Sie mehr \u00fcber den Van Beek Container Filler erfahren? Bitte <a href=\"\/de\/schneckenfoerderer\/kontakt-van-beek\/\">wenden Sie sich dann an uns<\/a>.<br \/>\n<\/strong><\/h2>\n","protected":false},"excerpt":{"rendered":"<p>Container Filler sind eine schnelle und effiziente Alternative zu Gebl\u00e4sen und Silofahrzeugen. Ein 20-Fu\u00df-Container l\u00e4sst sich in einer halben Stunde mit trockenen Masseng\u00fctern f\u00fcllen. Da die Beladeschnecke das F\u00f6rdergut nicht nur bef\u00f6rdert, sondern auch komprimiert, k\u00f6nnen Sie den Beh\u00e4lter komplett f\u00fcllen. Container f\u00fcr den Massenguttransport Container eignen sich ideal f\u00fcr den Massenguttransport. Sie haben eine [&hellip;]<\/p>\n","protected":false},"author":5,"featured_media":3274,"parent":3820,"menu_order":0,"comment_status":"closed","ping_status":"closed","template":"product.php","meta":{"_acf_changed":false,"content-type":"","inline_featured_image":false,"footnotes":""},"class_list":["post-3822","page","type-page","status-publish","has-post-thumbnail","hentry"],"acf":[],"yoast_head":"<!-- This site is optimized with the Yoast SEO plugin v27.5 - https:\/\/yoast.com\/product\/yoast-seo-wordpress\/ -->\n<title>- Van Beek Schroeftransport<\/title>\n<meta name=\"robots\" content=\"index, follow, max-snippet:-1, max-image-preview:large, max-video-preview:-1\" \/>\n<link rel=\"canonical\" href=\"https:\/\/www.van-beek.nl\/de\/schneckenfoerderer\/spezialanfertigungen\/containerbeladeschnecke\/\" \/>\n<meta property=\"og:locale\" content=\"de_DE\" \/>\n<meta property=\"og:type\" content=\"article\" \/>\n<meta property=\"og:title\" content=\"- Van Beek Schroeftransport\" \/>\n<meta property=\"og:description\" content=\"Container Filler sind eine schnelle und effiziente Alternative zu Gebl\u00e4sen und Silofahrzeugen. Ein 20-Fu\u00df-Container l\u00e4sst sich in einer halben Stunde mit trockenen Masseng\u00fctern f\u00fcllen. Da die Beladeschnecke das F\u00f6rdergut nicht nur bef\u00f6rdert, sondern auch komprimiert, k\u00f6nnen Sie den Beh\u00e4lter komplett f\u00fcllen. Container f\u00fcr den Massenguttransport Container eignen sich ideal f\u00fcr den Massenguttransport. Sie haben eine [&hellip;]\" \/>\n<meta property=\"og:url\" content=\"https:\/\/www.van-beek.nl\/de\/schneckenfoerderer\/spezialanfertigungen\/containerbeladeschnecke\/\" \/>\n<meta property=\"og:site_name\" content=\"Van Beek Schroeftransport\" \/>\n<meta property=\"article:modified_time\" content=\"2021-11-17T10:58:13+00:00\" \/>\n<meta property=\"og:image\" content=\"https:\/\/www.van-beek.nl\/wp-content\/uploads\/2021\/03\/Render-Liner-Filler-2.png\" \/>\n\t<meta property=\"og:image:width\" content=\"3999\" \/>\n\t<meta property=\"og:image:height\" content=\"2326\" \/>\n\t<meta property=\"og:image:type\" content=\"image\/png\" \/>\n<meta name=\"twitter:card\" content=\"summary_large_image\" \/>\n<meta name=\"twitter:label1\" content=\"Gesch\u00e4tzte Lesezeit\" \/>\n\t<meta name=\"twitter:data1\" content=\"2\u00a0Minuten\" \/>\n<script type=\"application\/ld+json\" class=\"yoast-schema-graph\">{\"@context\":\"https:\\\/\\\/schema.org\",\"@graph\":[{\"@type\":\"WebPage\",\"@id\":\"https:\\\/\\\/www.van-beek.nl\\\/de\\\/schneckenfoerderer\\\/spezialanfertigungen\\\/containerbeladeschnecke\\\/\",\"url\":\"https:\\\/\\\/www.van-beek.nl\\\/de\\\/schneckenfoerderer\\\/spezialanfertigungen\\\/containerbeladeschnecke\\\/\",\"name\":\"- Van Beek Schroeftransport\",\"isPartOf\":{\"@id\":\"https:\\\/\\\/www.van-beek.nl\\\/de\\\/#website\"},\"primaryImageOfPage\":{\"@id\":\"https:\\\/\\\/www.van-beek.nl\\\/de\\\/schneckenfoerderer\\\/spezialanfertigungen\\\/containerbeladeschnecke\\\/#primaryimage\"},\"image\":{\"@id\":\"https:\\\/\\\/www.van-beek.nl\\\/de\\\/schneckenfoerderer\\\/spezialanfertigungen\\\/containerbeladeschnecke\\\/#primaryimage\"},\"thumbnailUrl\":\"https:\\\/\\\/www.van-beek.nl\\\/wp-content\\\/uploads\\\/2021\\\/03\\\/Render-Liner-Filler-2.png\",\"datePublished\":\"2021-03-25T09:05:56+00:00\",\"dateModified\":\"2021-11-17T10:58:13+00:00\",\"breadcrumb\":{\"@id\":\"https:\\\/\\\/www.van-beek.nl\\\/de\\\/schneckenfoerderer\\\/spezialanfertigungen\\\/containerbeladeschnecke\\\/#breadcrumb\"},\"inLanguage\":\"de\",\"potentialAction\":[{\"@type\":\"ReadAction\",\"target\":[\"https:\\\/\\\/www.van-beek.nl\\\/de\\\/schneckenfoerderer\\\/spezialanfertigungen\\\/containerbeladeschnecke\\\/\"]}]},{\"@type\":\"ImageObject\",\"inLanguage\":\"de\",\"@id\":\"https:\\\/\\\/www.van-beek.nl\\\/de\\\/schneckenfoerderer\\\/spezialanfertigungen\\\/containerbeladeschnecke\\\/#primaryimage\",\"url\":\"https:\\\/\\\/www.van-beek.nl\\\/wp-content\\\/uploads\\\/2021\\\/03\\\/Render-Liner-Filler-2.png\",\"contentUrl\":\"https:\\\/\\\/www.van-beek.nl\\\/wp-content\\\/uploads\\\/2021\\\/03\\\/Render-Liner-Filler-2.png\",\"width\":3999,\"height\":2326,\"caption\":\"Container fillers zijn een snel en effici\u00ebnt alternatief voor blaassystemen en bulkwagens.\"},{\"@type\":\"BreadcrumbList\",\"@id\":\"https:\\\/\\\/www.van-beek.nl\\\/de\\\/schneckenfoerderer\\\/spezialanfertigungen\\\/containerbeladeschnecke\\\/#breadcrumb\",\"itemListElement\":[{\"@type\":\"ListItem\",\"position\":1,\"name\":\"Home\",\"item\":\"https:\\\/\\\/www.van-beek.nl\\\/de\\\/\"},{\"@type\":\"ListItem\",\"position\":2,\"name\":\"Schneckenf\u00f6rderer\",\"item\":\"https:\\\/\\\/www.van-beek.nl\\\/de\\\/schneckenfoerderer\\\/\"},{\"@type\":\"ListItem\",\"position\":3,\"name\":\"Spezialanfertigungen\",\"item\":\"https:\\\/\\\/www.van-beek.nl\\\/de\\\/schneckenfoerderer\\\/spezialanfertigungen\\\/\"},{\"@type\":\"ListItem\",\"position\":4,\"name\":\"Containerbeladeschnecke (20ft)\"}]},{\"@type\":\"WebSite\",\"@id\":\"https:\\\/\\\/www.van-beek.nl\\\/de\\\/#website\",\"url\":\"https:\\\/\\\/www.van-beek.nl\\\/de\\\/\",\"name\":\"Van Beek Schroeftransport\",\"description\":\"\",\"publisher\":{\"@id\":\"https:\\\/\\\/www.van-beek.nl\\\/de\\\/#organization\"},\"potentialAction\":[{\"@type\":\"SearchAction\",\"target\":{\"@type\":\"EntryPoint\",\"urlTemplate\":\"https:\\\/\\\/www.van-beek.nl\\\/de\\\/?s={search_term_string}\"},\"query-input\":{\"@type\":\"PropertyValueSpecification\",\"valueRequired\":true,\"valueName\":\"search_term_string\"}}],\"inLanguage\":\"de\"},{\"@type\":\"Organization\",\"@id\":\"https:\\\/\\\/www.van-beek.nl\\\/de\\\/#organization\",\"name\":\"Transportschroeven- en machinefabriek Van Beek B.V.\",\"url\":\"https:\\\/\\\/www.van-beek.nl\\\/de\\\/\",\"logo\":{\"@type\":\"ImageObject\",\"inLanguage\":\"de\",\"@id\":\"https:\\\/\\\/www.van-beek.nl\\\/de\\\/#\\\/schema\\\/logo\\\/image\\\/\",\"url\":\"https:\\\/\\\/van-beek.nl\\\/wp-content\\\/uploads\\\/2020\\\/04\\\/VanBeek-logo.png\",\"contentUrl\":\"https:\\\/\\\/van-beek.nl\\\/wp-content\\\/uploads\\\/2020\\\/04\\\/VanBeek-logo.png\",\"width\":116,\"height\":22,\"caption\":\"Transportschroeven- en machinefabriek Van Beek B.V.\"},\"image\":{\"@id\":\"https:\\\/\\\/www.van-beek.nl\\\/de\\\/#\\\/schema\\\/logo\\\/image\\\/\"}}]}<\/script>\n<!-- \/ Yoast SEO plugin. -->","yoast_head_json":{"title":"- Van Beek Schroeftransport","robots":{"index":"index","follow":"follow","max-snippet":"max-snippet:-1","max-image-preview":"max-image-preview:large","max-video-preview":"max-video-preview:-1"},"canonical":"https:\/\/www.van-beek.nl\/de\/schneckenfoerderer\/spezialanfertigungen\/containerbeladeschnecke\/","og_locale":"de_DE","og_type":"article","og_title":"- Van Beek Schroeftransport","og_description":"Container Filler sind eine schnelle und effiziente Alternative zu Gebl\u00e4sen und Silofahrzeugen. Ein 20-Fu\u00df-Container l\u00e4sst sich in einer halben Stunde mit trockenen Masseng\u00fctern f\u00fcllen. Da die Beladeschnecke das F\u00f6rdergut nicht nur bef\u00f6rdert, sondern auch komprimiert, k\u00f6nnen Sie den Beh\u00e4lter komplett f\u00fcllen. Container f\u00fcr den Massenguttransport Container eignen sich ideal f\u00fcr den Massenguttransport. Sie haben eine [&hellip;]","og_url":"https:\/\/www.van-beek.nl\/de\/schneckenfoerderer\/spezialanfertigungen\/containerbeladeschnecke\/","og_site_name":"Van Beek Schroeftransport","article_modified_time":"2021-11-17T10:58:13+00:00","og_image":[{"width":3999,"height":2326,"url":"https:\/\/www.van-beek.nl\/wp-content\/uploads\/2021\/03\/Render-Liner-Filler-2.png","type":"image\/png"}],"twitter_card":"summary_large_image","twitter_misc":{"Gesch\u00e4tzte Lesezeit":"2\u00a0Minuten"},"schema":{"@context":"https:\/\/schema.org","@graph":[{"@type":"WebPage","@id":"https:\/\/www.van-beek.nl\/de\/schneckenfoerderer\/spezialanfertigungen\/containerbeladeschnecke\/","url":"https:\/\/www.van-beek.nl\/de\/schneckenfoerderer\/spezialanfertigungen\/containerbeladeschnecke\/","name":"- Van Beek Schroeftransport","isPartOf":{"@id":"https:\/\/www.van-beek.nl\/de\/#website"},"primaryImageOfPage":{"@id":"https:\/\/www.van-beek.nl\/de\/schneckenfoerderer\/spezialanfertigungen\/containerbeladeschnecke\/#primaryimage"},"image":{"@id":"https:\/\/www.van-beek.nl\/de\/schneckenfoerderer\/spezialanfertigungen\/containerbeladeschnecke\/#primaryimage"},"thumbnailUrl":"https:\/\/www.van-beek.nl\/wp-content\/uploads\/2021\/03\/Render-Liner-Filler-2.png","datePublished":"2021-03-25T09:05:56+00:00","dateModified":"2021-11-17T10:58:13+00:00","breadcrumb":{"@id":"https:\/\/www.van-beek.nl\/de\/schneckenfoerderer\/spezialanfertigungen\/containerbeladeschnecke\/#breadcrumb"},"inLanguage":"de","potentialAction":[{"@type":"ReadAction","target":["https:\/\/www.van-beek.nl\/de\/schneckenfoerderer\/spezialanfertigungen\/containerbeladeschnecke\/"]}]},{"@type":"ImageObject","inLanguage":"de","@id":"https:\/\/www.van-beek.nl\/de\/schneckenfoerderer\/spezialanfertigungen\/containerbeladeschnecke\/#primaryimage","url":"https:\/\/www.van-beek.nl\/wp-content\/uploads\/2021\/03\/Render-Liner-Filler-2.png","contentUrl":"https:\/\/www.van-beek.nl\/wp-content\/uploads\/2021\/03\/Render-Liner-Filler-2.png","width":3999,"height":2326,"caption":"Container fillers zijn een snel en effici\u00ebnt alternatief voor blaassystemen en bulkwagens."},{"@type":"BreadcrumbList","@id":"https:\/\/www.van-beek.nl\/de\/schneckenfoerderer\/spezialanfertigungen\/containerbeladeschnecke\/#breadcrumb","itemListElement":[{"@type":"ListItem","position":1,"name":"Home","item":"https:\/\/www.van-beek.nl\/de\/"},{"@type":"ListItem","position":2,"name":"Schneckenf\u00f6rderer","item":"https:\/\/www.van-beek.nl\/de\/schneckenfoerderer\/"},{"@type":"ListItem","position":3,"name":"Spezialanfertigungen","item":"https:\/\/www.van-beek.nl\/de\/schneckenfoerderer\/spezialanfertigungen\/"},{"@type":"ListItem","position":4,"name":"Containerbeladeschnecke (20ft)"}]},{"@type":"WebSite","@id":"https:\/\/www.van-beek.nl\/de\/#website","url":"https:\/\/www.van-beek.nl\/de\/","name":"Van Beek Schroeftransport","description":"","publisher":{"@id":"https:\/\/www.van-beek.nl\/de\/#organization"},"potentialAction":[{"@type":"SearchAction","target":{"@type":"EntryPoint","urlTemplate":"https:\/\/www.van-beek.nl\/de\/?s={search_term_string}"},"query-input":{"@type":"PropertyValueSpecification","valueRequired":true,"valueName":"search_term_string"}}],"inLanguage":"de"},{"@type":"Organization","@id":"https:\/\/www.van-beek.nl\/de\/#organization","name":"Transportschroeven- en machinefabriek Van Beek B.V.","url":"https:\/\/www.van-beek.nl\/de\/","logo":{"@type":"ImageObject","inLanguage":"de","@id":"https:\/\/www.van-beek.nl\/de\/#\/schema\/logo\/image\/","url":"https:\/\/van-beek.nl\/wp-content\/uploads\/2020\/04\/VanBeek-logo.png","contentUrl":"https:\/\/van-beek.nl\/wp-content\/uploads\/2020\/04\/VanBeek-logo.png","width":116,"height":22,"caption":"Transportschroeven- en machinefabriek Van Beek B.V."},"image":{"@id":"https:\/\/www.van-beek.nl\/de\/#\/schema\/logo\/image\/"}}]}},"_links":{"self":[{"href":"https:\/\/www.van-beek.nl\/de\/wp-json\/wp\/v2\/pages\/3822","targetHints":{"allow":["GET"]}}],"collection":[{"href":"https:\/\/www.van-beek.nl\/de\/wp-json\/wp\/v2\/pages"}],"about":[{"href":"https:\/\/www.van-beek.nl\/de\/wp-json\/wp\/v2\/types\/page"}],"author":[{"embeddable":true,"href":"https:\/\/www.van-beek.nl\/de\/wp-json\/wp\/v2\/users\/5"}],"replies":[{"embeddable":true,"href":"https:\/\/www.van-beek.nl\/de\/wp-json\/wp\/v2\/comments?post=3822"}],"version-history":[{"count":3,"href":"https:\/\/www.van-beek.nl\/de\/wp-json\/wp\/v2\/pages\/3822\/revisions"}],"predecessor-version":[{"id":9691,"href":"https:\/\/www.van-beek.nl\/de\/wp-json\/wp\/v2\/pages\/3822\/revisions\/9691"}],"up":[{"embeddable":true,"href":"https:\/\/www.van-beek.nl\/de\/wp-json\/wp\/v2\/pages\/3820"}],"wp:featuredmedia":[{"embeddable":true,"href":"https:\/\/www.van-beek.nl\/de\/wp-json\/wp\/v2\/media\/3274"}],"wp:attachment":[{"href":"https:\/\/www.van-beek.nl\/de\/wp-json\/wp\/v2\/media?parent=3822"}],"curies":[{"name":"wp","href":"https:\/\/api.w.org\/{rel}","templated":true}]}}