{"id":3823,"date":"2020-03-18T12:48:44","date_gmt":"2020-03-18T12:48:44","guid":{"rendered":"https:\/\/van-beek.nl\/transport\/trogschnecken\/"},"modified":"2023-05-03T15:11:26","modified_gmt":"2023-05-03T13:11:26","slug":"trogschnecken","status":"publish","type":"page","link":"https:\/\/www.van-beek.nl\/de\/schneckenfoerderer\/massenguttransport\/trogschnecken\/","title":{"rendered":"Trogschnecken"},"content":{"rendered":"<p><strong>Die offenen und geschlossenen Trogschneckenf\u00f6rderer von Van Beek lassen sich \u00fcber die schwenkbaren oder abschraubbaren Trogdeckel einfach reinigen.<\/strong><\/p>\n<h2>Schnell und effizient reinigbare Schneckenf\u00f6rderer<\/h2>\n<p>Zielgerichtete, hygienische und schnelle Reinigung und Cleaning in Place (CIP): unsere Trogschnecken machen es m\u00f6glich. Sie sind dazu mit abschraubbaren oder schwenkbaren Deckeln und Schnellverschl\u00fcssen versehen. Die Sicherungsschalter auf den Trogdeckeln sorgen daf\u00fcr, dass Ihre Mitarbeiter:innen die Trogschnecken gefahrlos inspizieren bzw. reinigen k\u00f6nnen. Optional kann die Ablassleitung f\u00fcr die Reinigungsfl\u00fcssigkeit (die CIP-Leitung) mit einem hygienischen Absperrventil versehen werden, sodass es nicht zu Totzonen kommt.<\/p>\n<h2>Trogschneckenf\u00f6rderer f\u00fcr den Transport von Lebensmitteln, Futtermitteln sowie chemische, pharmazeutische und Kunststofferzeugnisse<\/h2>\n<p>Bei Unternehmen der Lebensmittel- und Futtermittelbranche werden h\u00e4ufig geschlossene Trogschnecken eingesetzt. Die Granulate, Pulver und K\u00f6rner k\u00f6nnen mit diesen geschlossenen Trogschneckenf\u00f6rderern hygienisch und staubfrei transportiert werden. So lassen sich z. B. Lebensmittel horizontal zu einem Mischer bef\u00f6rdern. Trogschnecken werden auch vielf\u00e4ltig in der Chemie-, Pharma- und Kunststoffindustrie eingesetzt. Da die Anlage geschlossen ist, bleiben Geschmack, Temperatur und Feuchtigkeitsgehalt des F\u00f6rderguts erhalten. Ein weiterer Vorteil der geschlossenen Anlage ist, dass es weder zu Produktverlusten von innen nach au\u00dfen kommen kann, noch Verunreinigungen von au\u00dfen eindringen k\u00f6nnen.<\/p>\n<h2>Komplett gem\u00e4\u00df den Richtlinien der EHEDG und des Hygienic Design Network (HDN)<\/h2>\n<p>Sicherheit und Qualit\u00e4t haben in der Lebensmittelindustrie Top-Priorit\u00e4t. Wir konstruieren und liefern <a href=\"\/de\/schneckenfoerderer\/hygienische-foerderanlagen\/\">Hypreme Trogschnecken<\/a>, die den Richtlinien der <a href=\"https:\/\/ehedg.de\/\"><u>EHEDG<\/u><\/a> und des <a href=\"https:\/\/www.hdn4food.com\/\">HDN<\/a> entsprechen. Unsere Anlagen erf\u00fcllen somit alle Anforderungen, die an hygienische Konstruktionen gestellt werden, wie der Verordnung (EG) Nr. 1935\/2004, der FDA und GMP+.<\/p>\n<h2>Einzeln gefertigte Schneckenf\u00f6rderer<\/h2>\n<p>Schneckenf\u00f6rderer sind Bestandteil eines integralen Fertigungsverfahrens. Zur Vermessung der Situation bei Ihnen vor Ort k\u00f6nnen wir bei Ihnen vorbeikommen. Wir k\u00f6nnen Ihre neue Maschine in 3D in die bestehenden Anlagen integrieren. Unsere s\u00e4mtlichen Maschinen werden nach spezifischen Vorgaben gefertigt. Das bedeutet, dass die Schneckenf\u00f6rderer fast immer integrierbar sind und auf Ihre Anforderungen abgestimmt werden. So k\u00f6nnen die Teile der Trogschnecke, die mit Ihrem Produkt in Ber\u00fchrung kommen, nassgestrahlt oder geschliffen werden, sodass sie sich optimal reinigen lassen. Legen Sie uns Ihre Frage vor, wir denken gerne mit Ihnen mit.<\/p>\n<h2>Die Vorteile von Trogschnecken<\/h2>\n<ul>\n<li>Breit einsetzbar<\/li>\n<li>Hervorragend reinigbar und inspizierbar<\/li>\n<li>Lange Lebensdauer<\/li>\n<li>Wartungsarm<\/li>\n<li>F\u00fcr die staubfreie Produktion geeignet<\/li>\n<li>L\u00e4nge, Kapazit\u00e4t und Werkstoffe nach Wahl<\/li>\n<\/ul>\n<h3>M\u00f6chten Sie mehr \u00fcber Trogschnecken erfahren? Bitte <a href=\"\/de\/schneckenfoerderer\/kontakt-van-beek\/\">wenden Sie sich dann an uns<\/a>.<\/h3>\n","protected":false},"excerpt":{"rendered":"<p>Die offenen und geschlossenen Trogschneckenf\u00f6rderer von Van Beek lassen sich \u00fcber die schwenkbaren oder abschraubbaren Trogdeckel einfach reinigen. Schnell und effizient reinigbare Schneckenf\u00f6rderer Zielgerichtete, hygienische und schnelle Reinigung und Cleaning in Place (CIP): unsere Trogschnecken machen es m\u00f6glich. Sie sind dazu mit abschraubbaren oder schwenkbaren Deckeln und Schnellverschl\u00fcssen versehen. Die Sicherungsschalter auf den Trogdeckeln sorgen [&hellip;]<\/p>\n","protected":false},"author":1,"featured_media":3190,"parent":3815,"menu_order":2,"comment_status":"closed","ping_status":"closed","template":"product.php","meta":{"_acf_changed":false,"content-type":"","inline_featured_image":false,"footnotes":""},"class_list":["post-3823","page","type-page","status-publish","has-post-thumbnail","hentry"],"acf":[],"yoast_head":"<!-- This site is optimized with the Yoast SEO plugin v27.5 - https:\/\/yoast.com\/product\/yoast-seo-wordpress\/ -->\n<title>Geschlossene Trogschneckenf\u00f6rderer | Van Beek<\/title>\n<meta name=\"description\" content=\"Die geschlossenen Trogschneckenf\u00f6rderer von Van Beek sind f\u00fcr einen Steigungswinkel von bis zu 90\u00a0\u00b0 einsetzbar und lassen sich nach \u00d6ffnen der Trogdeckel einfach reinigen.\" \/>\n<meta name=\"robots\" content=\"index, follow, max-snippet:-1, max-image-preview:large, max-video-preview:-1\" \/>\n<link rel=\"canonical\" href=\"https:\/\/www.van-beek.nl\/de\/schneckenfoerderer\/massenguttransport\/trogschnecken\/\" \/>\n<meta property=\"og:locale\" content=\"de_DE\" \/>\n<meta property=\"og:type\" content=\"article\" \/>\n<meta property=\"og:title\" content=\"Geschlossene Trogschneckenf\u00f6rderer | Van Beek\" \/>\n<meta property=\"og:description\" content=\"Die geschlossenen Trogschneckenf\u00f6rderer von Van Beek sind f\u00fcr einen Steigungswinkel von bis zu 90\u00a0\u00b0 einsetzbar und lassen sich nach \u00d6ffnen der Trogdeckel einfach reinigen.\" \/>\n<meta property=\"og:url\" content=\"https:\/\/www.van-beek.nl\/de\/schneckenfoerderer\/massenguttransport\/trogschnecken\/\" \/>\n<meta property=\"og:site_name\" content=\"Van Beek Schroeftransport\" \/>\n<meta property=\"article:modified_time\" content=\"2023-05-03T13:11:26+00:00\" \/>\n<meta property=\"og:image\" content=\"https:\/\/www.van-beek.nl\/wp-content\/uploads\/2021\/03\/Trog2.png\" \/>\n\t<meta property=\"og:image:width\" content=\"3999\" \/>\n\t<meta property=\"og:image:height\" content=\"2479\" \/>\n\t<meta property=\"og:image:type\" content=\"image\/png\" \/>\n<meta name=\"twitter:card\" content=\"summary_large_image\" \/>\n<meta name=\"twitter:label1\" content=\"Gesch\u00e4tzte Lesezeit\" \/>\n\t<meta name=\"twitter:data1\" content=\"2\u00a0Minuten\" \/>\n<script type=\"application\/ld+json\" class=\"yoast-schema-graph\">{\"@context\":\"https:\\\/\\\/schema.org\",\"@graph\":[{\"@type\":\"WebPage\",\"@id\":\"https:\\\/\\\/www.van-beek.nl\\\/de\\\/schneckenfoerderer\\\/massenguttransport\\\/trogschnecken\\\/\",\"url\":\"https:\\\/\\\/www.van-beek.nl\\\/de\\\/schneckenfoerderer\\\/massenguttransport\\\/trogschnecken\\\/\",\"name\":\"Geschlossene Trogschneckenf\u00f6rderer | Van Beek\",\"isPartOf\":{\"@id\":\"https:\\\/\\\/www.van-beek.nl\\\/de\\\/#website\"},\"primaryImageOfPage\":{\"@id\":\"https:\\\/\\\/www.van-beek.nl\\\/de\\\/schneckenfoerderer\\\/massenguttransport\\\/trogschnecken\\\/#primaryimage\"},\"image\":{\"@id\":\"https:\\\/\\\/www.van-beek.nl\\\/de\\\/schneckenfoerderer\\\/massenguttransport\\\/trogschnecken\\\/#primaryimage\"},\"thumbnailUrl\":\"https:\\\/\\\/www.van-beek.nl\\\/wp-content\\\/uploads\\\/2021\\\/03\\\/Trog2.png\",\"datePublished\":\"2020-03-18T12:48:44+00:00\",\"dateModified\":\"2023-05-03T13:11:26+00:00\",\"description\":\"Die geschlossenen Trogschneckenf\u00f6rderer von Van Beek sind f\u00fcr einen Steigungswinkel von bis zu 90\u00a0\u00b0 einsetzbar und lassen sich nach \u00d6ffnen der Trogdeckel einfach reinigen.\",\"breadcrumb\":{\"@id\":\"https:\\\/\\\/www.van-beek.nl\\\/de\\\/schneckenfoerderer\\\/massenguttransport\\\/trogschnecken\\\/#breadcrumb\"},\"inLanguage\":\"de\",\"potentialAction\":[{\"@type\":\"ReadAction\",\"target\":[\"https:\\\/\\\/www.van-beek.nl\\\/de\\\/schneckenfoerderer\\\/massenguttransport\\\/trogschnecken\\\/\"]}]},{\"@type\":\"ImageObject\",\"inLanguage\":\"de\",\"@id\":\"https:\\\/\\\/www.van-beek.nl\\\/de\\\/schneckenfoerderer\\\/massenguttransport\\\/trogschnecken\\\/#primaryimage\",\"url\":\"https:\\\/\\\/www.van-beek.nl\\\/wp-content\\\/uploads\\\/2021\\\/03\\\/Trog2.png\",\"contentUrl\":\"https:\\\/\\\/www.van-beek.nl\\\/wp-content\\\/uploads\\\/2021\\\/03\\\/Trog2.png\",\"width\":3999,\"height\":2479,\"caption\":\"De open en gesloten trogschroeven van Van Beek zijn eenvoudig te reinigen via de scharnierbare of geboute trogdeksels.\"},{\"@type\":\"BreadcrumbList\",\"@id\":\"https:\\\/\\\/www.van-beek.nl\\\/de\\\/schneckenfoerderer\\\/massenguttransport\\\/trogschnecken\\\/#breadcrumb\",\"itemListElement\":[{\"@type\":\"ListItem\",\"position\":1,\"name\":\"Home\",\"item\":\"https:\\\/\\\/www.van-beek.nl\\\/de\\\/\"},{\"@type\":\"ListItem\",\"position\":2,\"name\":\"Schneckenf\u00f6rderer\",\"item\":\"https:\\\/\\\/www.van-beek.nl\\\/de\\\/schneckenfoerderer\\\/\"},{\"@type\":\"ListItem\",\"position\":3,\"name\":\"Massenguttransport\",\"item\":\"https:\\\/\\\/www.van-beek.nl\\\/de\\\/schneckenfoerderer\\\/massenguttransport\\\/\"},{\"@type\":\"ListItem\",\"position\":4,\"name\":\"Trogschnecken\"}]},{\"@type\":\"WebSite\",\"@id\":\"https:\\\/\\\/www.van-beek.nl\\\/de\\\/#website\",\"url\":\"https:\\\/\\\/www.van-beek.nl\\\/de\\\/\",\"name\":\"Van Beek Schroeftransport\",\"description\":\"\",\"publisher\":{\"@id\":\"https:\\\/\\\/www.van-beek.nl\\\/de\\\/#organization\"},\"potentialAction\":[{\"@type\":\"SearchAction\",\"target\":{\"@type\":\"EntryPoint\",\"urlTemplate\":\"https:\\\/\\\/www.van-beek.nl\\\/de\\\/?s={search_term_string}\"},\"query-input\":{\"@type\":\"PropertyValueSpecification\",\"valueRequired\":true,\"valueName\":\"search_term_string\"}}],\"inLanguage\":\"de\"},{\"@type\":\"Organization\",\"@id\":\"https:\\\/\\\/www.van-beek.nl\\\/de\\\/#organization\",\"name\":\"Transportschroeven- en machinefabriek Van Beek B.V.\",\"url\":\"https:\\\/\\\/www.van-beek.nl\\\/de\\\/\",\"logo\":{\"@type\":\"ImageObject\",\"inLanguage\":\"de\",\"@id\":\"https:\\\/\\\/www.van-beek.nl\\\/de\\\/#\\\/schema\\\/logo\\\/image\\\/\",\"url\":\"https:\\\/\\\/van-beek.nl\\\/wp-content\\\/uploads\\\/2020\\\/04\\\/VanBeek-logo.png\",\"contentUrl\":\"https:\\\/\\\/van-beek.nl\\\/wp-content\\\/uploads\\\/2020\\\/04\\\/VanBeek-logo.png\",\"width\":116,\"height\":22,\"caption\":\"Transportschroeven- en machinefabriek Van Beek B.V.\"},\"image\":{\"@id\":\"https:\\\/\\\/www.van-beek.nl\\\/de\\\/#\\\/schema\\\/logo\\\/image\\\/\"}}]}<\/script>\n<!-- \/ Yoast SEO plugin. -->","yoast_head_json":{"title":"Geschlossene Trogschneckenf\u00f6rderer | Van Beek","description":"Die geschlossenen Trogschneckenf\u00f6rderer von Van Beek sind f\u00fcr einen Steigungswinkel von bis zu 90\u00a0\u00b0 einsetzbar und lassen sich nach \u00d6ffnen der Trogdeckel einfach reinigen.","robots":{"index":"index","follow":"follow","max-snippet":"max-snippet:-1","max-image-preview":"max-image-preview:large","max-video-preview":"max-video-preview:-1"},"canonical":"https:\/\/www.van-beek.nl\/de\/schneckenfoerderer\/massenguttransport\/trogschnecken\/","og_locale":"de_DE","og_type":"article","og_title":"Geschlossene Trogschneckenf\u00f6rderer | Van Beek","og_description":"Die geschlossenen Trogschneckenf\u00f6rderer von Van Beek sind f\u00fcr einen Steigungswinkel von bis zu 90\u00a0\u00b0 einsetzbar und lassen sich nach \u00d6ffnen der Trogdeckel einfach reinigen.","og_url":"https:\/\/www.van-beek.nl\/de\/schneckenfoerderer\/massenguttransport\/trogschnecken\/","og_site_name":"Van Beek Schroeftransport","article_modified_time":"2023-05-03T13:11:26+00:00","og_image":[{"width":3999,"height":2479,"url":"https:\/\/www.van-beek.nl\/wp-content\/uploads\/2021\/03\/Trog2.png","type":"image\/png"}],"twitter_card":"summary_large_image","twitter_misc":{"Gesch\u00e4tzte Lesezeit":"2\u00a0Minuten"},"schema":{"@context":"https:\/\/schema.org","@graph":[{"@type":"WebPage","@id":"https:\/\/www.van-beek.nl\/de\/schneckenfoerderer\/massenguttransport\/trogschnecken\/","url":"https:\/\/www.van-beek.nl\/de\/schneckenfoerderer\/massenguttransport\/trogschnecken\/","name":"Geschlossene Trogschneckenf\u00f6rderer | Van Beek","isPartOf":{"@id":"https:\/\/www.van-beek.nl\/de\/#website"},"primaryImageOfPage":{"@id":"https:\/\/www.van-beek.nl\/de\/schneckenfoerderer\/massenguttransport\/trogschnecken\/#primaryimage"},"image":{"@id":"https:\/\/www.van-beek.nl\/de\/schneckenfoerderer\/massenguttransport\/trogschnecken\/#primaryimage"},"thumbnailUrl":"https:\/\/www.van-beek.nl\/wp-content\/uploads\/2021\/03\/Trog2.png","datePublished":"2020-03-18T12:48:44+00:00","dateModified":"2023-05-03T13:11:26+00:00","description":"Die geschlossenen Trogschneckenf\u00f6rderer von Van Beek sind f\u00fcr einen Steigungswinkel von bis zu 90\u00a0\u00b0 einsetzbar und lassen sich nach \u00d6ffnen der Trogdeckel einfach reinigen.","breadcrumb":{"@id":"https:\/\/www.van-beek.nl\/de\/schneckenfoerderer\/massenguttransport\/trogschnecken\/#breadcrumb"},"inLanguage":"de","potentialAction":[{"@type":"ReadAction","target":["https:\/\/www.van-beek.nl\/de\/schneckenfoerderer\/massenguttransport\/trogschnecken\/"]}]},{"@type":"ImageObject","inLanguage":"de","@id":"https:\/\/www.van-beek.nl\/de\/schneckenfoerderer\/massenguttransport\/trogschnecken\/#primaryimage","url":"https:\/\/www.van-beek.nl\/wp-content\/uploads\/2021\/03\/Trog2.png","contentUrl":"https:\/\/www.van-beek.nl\/wp-content\/uploads\/2021\/03\/Trog2.png","width":3999,"height":2479,"caption":"De open en gesloten trogschroeven van Van Beek zijn eenvoudig te reinigen via de scharnierbare of geboute trogdeksels."},{"@type":"BreadcrumbList","@id":"https:\/\/www.van-beek.nl\/de\/schneckenfoerderer\/massenguttransport\/trogschnecken\/#breadcrumb","itemListElement":[{"@type":"ListItem","position":1,"name":"Home","item":"https:\/\/www.van-beek.nl\/de\/"},{"@type":"ListItem","position":2,"name":"Schneckenf\u00f6rderer","item":"https:\/\/www.van-beek.nl\/de\/schneckenfoerderer\/"},{"@type":"ListItem","position":3,"name":"Massenguttransport","item":"https:\/\/www.van-beek.nl\/de\/schneckenfoerderer\/massenguttransport\/"},{"@type":"ListItem","position":4,"name":"Trogschnecken"}]},{"@type":"WebSite","@id":"https:\/\/www.van-beek.nl\/de\/#website","url":"https:\/\/www.van-beek.nl\/de\/","name":"Van Beek Schroeftransport","description":"","publisher":{"@id":"https:\/\/www.van-beek.nl\/de\/#organization"},"potentialAction":[{"@type":"SearchAction","target":{"@type":"EntryPoint","urlTemplate":"https:\/\/www.van-beek.nl\/de\/?s={search_term_string}"},"query-input":{"@type":"PropertyValueSpecification","valueRequired":true,"valueName":"search_term_string"}}],"inLanguage":"de"},{"@type":"Organization","@id":"https:\/\/www.van-beek.nl\/de\/#organization","name":"Transportschroeven- en machinefabriek Van Beek B.V.","url":"https:\/\/www.van-beek.nl\/de\/","logo":{"@type":"ImageObject","inLanguage":"de","@id":"https:\/\/www.van-beek.nl\/de\/#\/schema\/logo\/image\/","url":"https:\/\/van-beek.nl\/wp-content\/uploads\/2020\/04\/VanBeek-logo.png","contentUrl":"https:\/\/van-beek.nl\/wp-content\/uploads\/2020\/04\/VanBeek-logo.png","width":116,"height":22,"caption":"Transportschroeven- en machinefabriek Van Beek B.V."},"image":{"@id":"https:\/\/www.van-beek.nl\/de\/#\/schema\/logo\/image\/"}}]}},"_links":{"self":[{"href":"https:\/\/www.van-beek.nl\/de\/wp-json\/wp\/v2\/pages\/3823","targetHints":{"allow":["GET"]}}],"collection":[{"href":"https:\/\/www.van-beek.nl\/de\/wp-json\/wp\/v2\/pages"}],"about":[{"href":"https:\/\/www.van-beek.nl\/de\/wp-json\/wp\/v2\/types\/page"}],"author":[{"embeddable":true,"href":"https:\/\/www.van-beek.nl\/de\/wp-json\/wp\/v2\/users\/1"}],"replies":[{"embeddable":true,"href":"https:\/\/www.van-beek.nl\/de\/wp-json\/wp\/v2\/comments?post=3823"}],"version-history":[{"count":5,"href":"https:\/\/www.van-beek.nl\/de\/wp-json\/wp\/v2\/pages\/3823\/revisions"}],"predecessor-version":[{"id":12045,"href":"https:\/\/www.van-beek.nl\/de\/wp-json\/wp\/v2\/pages\/3823\/revisions\/12045"}],"up":[{"embeddable":true,"href":"https:\/\/www.van-beek.nl\/de\/wp-json\/wp\/v2\/pages\/3815"}],"wp:featuredmedia":[{"embeddable":true,"href":"https:\/\/www.van-beek.nl\/de\/wp-json\/wp\/v2\/media\/3190"}],"wp:attachment":[{"href":"https:\/\/www.van-beek.nl\/de\/wp-json\/wp\/v2\/media?parent=3823"}],"curies":[{"name":"wp","href":"https:\/\/api.w.org\/{rel}","templated":true}]}}