{"id":3824,"date":"2020-03-18T12:49:04","date_gmt":"2020-03-18T12:49:04","guid":{"rendered":"https:\/\/van-beek.nl\/transport\/wellenlose-foerderer\/"},"modified":"2023-05-03T15:12:14","modified_gmt":"2023-05-03T13:12:14","slug":"wellenlose-foerderer","status":"publish","type":"page","link":"https:\/\/www.van-beek.nl\/de\/schneckenfoerderer\/massenguttransport\/wellenlose-foerderer\/","title":{"rendered":"Wellenlose F\u00f6rderer"},"content":{"rendered":"<p><strong>Mit den wellenlosen Schneckenf\u00f6rderern von Van Beek k\u00f6nnen Sie klebrige, nasse, grobst\u00fcckige oder inhomogene Produkte bef\u00f6rdern, ohne das Risiko, dass die Anlage verstopft oder blockiert.<\/strong><\/p>\n<h2>F\u00fcr Massenprodukte mit einem hohen Feuchtigkeitsgehalt<\/h2>\n<p>Klebrige feste Masseng\u00fcter wie Magnesium, das Abfallprodukt eines Prozesses ist, neigen dazu, an der zentrale Hohlwelle eines Schneckenf\u00f6rderers haften zu bleiben. Mit wellenlosen Schneckenf\u00f6rderern gibt es dieses Problem nicht, weil sie keine Hohlwelle haben. Das Massengut wird ausschlie\u00dflich mit der seelenlosen Spirale bef\u00f6rdert. Daher ist der wellenlose Schneckenf\u00f6rderer eine ideale L\u00f6sung f\u00fcr den H\u00f6hentransport und den Transport \u201eschwieriger\u201c Produkte.<\/p>\n<h2>\u00dcber gr\u00f6\u00dfere Abst\u00e4nde<\/h2>\n<p>Im Vergleich zu Schneckenf\u00f6rderern mit Hohlwelle sind wellenlose Schneckenf\u00f6rderer ideal zum Zur\u00fccklegen von 10 m oder noch gr\u00f6\u00dferen Abst\u00e4nden ohne Zwischenlager.<\/p>\n<h2>Mit einer Steigung von bis zu 90 \u00b0 heben<\/h2>\n<p>Die Schnecke ist in der gesamte L\u00e4nge mit einer verschlei\u00dffesten Kunststoffschicht ausgekleidet. Der wellenlose F\u00f6rderer kann auch hervorragend auf geringem Raum betrieben werden, sogar wenn ein betr\u00e4chtlicher H\u00f6henunterschied \u00fcberwunden werden soll: Er kann einen F\u00f6rderwinkel von bis zu 90 \u00b0 haben.<\/p>\n<h2>Hervorragend f\u00fcr Abfallstr\u00f6me geeignet<\/h2>\n<p>Da der wellenlose F\u00f6rderer keine Hohlwelle hat, werden Materialanh\u00e4ufungen um die Achse, Probleme mit Zwischenlagern und der Verschmutzung der Festlager und Dichtungen vermieden. Daher werden wellenlose F\u00f6rderer sehr oft bei Abfallentsorgern eingesetzt. Schlamm, Hausm\u00fcll, K\u00fcchenabf\u00e4lle und Rechengut lassen sich mit einem wellenlosen F\u00f6rderer problemlos transportieren. Dies ist sogar bei sehr grobst\u00fcckigem Material gut m\u00f6glich.<\/p>\n<h2>Wellenlose F\u00f6rderer in Einzelanfertigung<\/h2>\n<p>Welche Oberfl\u00e4chenbehandlung, welche Durchmesser und welche Ausstattung werden ben\u00f6tigt, um den wellenlosen F\u00f6rderer zu konstruieren, der zu Ihrem Betriebsprozess passt? Aufgrund unserer jahrzehntelanger Erfahrung k\u00f6nnen wir Sie dazu beraten. Wenn Ihre Anlage eine umfangreichere Konstruktion erfordert, z. B. mit einem <a href=\"\/schroeftransporteurs\/bufferen\/bunkers\/\">Bunker<\/a>, dann k\u00f6nnen wir diesen nat\u00fcrlich auch f\u00fcr Sie entwerfen. Gibt es Unklarheiten, z. B. bez\u00fcglich der Flie\u00dfeigenschaften Ihres Produktes? Dann k\u00f6nnen wir dies in unserem Testzentrum <a href=\"\/de\/know-how\/testzentrum-the-blue-zone\/\"><u>The Blue Zone<\/u><\/a> testen und analysieren.<\/p>\n<h2>M\u00f6chten Sie eine Komponente oder eine schl\u00fcsselfertige Anlage?<\/h2>\n<p>Von der Konstruktion bis zur Montage vor Ort: wir sorgen gerne daf\u00fcr, ganz gleich ob Sie wellenlose Schneckenf\u00f6rderer brauchen oder mehrere Anlagentypen wie <a href=\"\/de\/schneckenfoerderer\/dosieren\/\"><u>Dosieranlagen<\/u><\/a>, <a href=\"\/de\/schneckenfoerderer\/puffern\/ruehrwerke\/\"><u>R\u00fchrwerke<\/u> <\/a>oder <a href=\"\/de\/schneckenfoerderer\/puffern\/brecher\/\"><u>Brechanlagen<\/u><\/a> kombinieren m\u00f6chten. S\u00e4mtliche unserer L\u00f6sungen tragen zum effizienten, sicheren und wartungsfreundlichen innerbetrieblichen Transport von Masseng\u00fctern bei.<\/p>\n<h3>M\u00f6chten Sie mehr \u00fcber wellenlose F\u00f6rderer erfahren? Bitte <a href=\"\/de\/schneckenfoerderer\/kontakt-van-beek\/\">wenden Sie sich dann an uns<\/a>.<\/h3>\n","protected":false},"excerpt":{"rendered":"<p>Mit den wellenlosen Schneckenf\u00f6rderern von Van Beek k\u00f6nnen Sie klebrige, nasse, grobst\u00fcckige oder inhomogene Produkte bef\u00f6rdern, ohne das Risiko, dass die Anlage verstopft oder blockiert. F\u00fcr Massenprodukte mit einem hohen Feuchtigkeitsgehalt Klebrige feste Masseng\u00fcter wie Magnesium, das Abfallprodukt eines Prozesses ist, neigen dazu, an der zentrale Hohlwelle eines Schneckenf\u00f6rderers haften zu bleiben. Mit wellenlosen Schneckenf\u00f6rderern [&hellip;]<\/p>\n","protected":false},"author":1,"featured_media":4350,"parent":3815,"menu_order":4,"comment_status":"closed","ping_status":"closed","template":"product.php","meta":{"_acf_changed":false,"content-type":"","inline_featured_image":false,"footnotes":""},"class_list":["post-3824","page","type-page","status-publish","has-post-thumbnail","hentry"],"acf":[],"yoast_head":"<!-- This site is optimized with the Yoast SEO plugin v27.5 - https:\/\/yoast.com\/product\/yoast-seo-wordpress\/ -->\n<title>Wellenlose F\u00f6rderer | Van Beek<\/title>\n<meta name=\"description\" content=\"Mit den wellenlosen Schneckenf\u00f6rderern von Van Beek lassen sich klebrige, nasse oder inhomogene Produkte bef\u00f6rdern, ohne das Risiko des Blockierens.\" \/>\n<meta name=\"robots\" content=\"index, follow, max-snippet:-1, max-image-preview:large, max-video-preview:-1\" \/>\n<link rel=\"canonical\" href=\"https:\/\/www.van-beek.nl\/de\/schneckenfoerderer\/massenguttransport\/wellenlose-foerderer\/\" \/>\n<meta property=\"og:locale\" content=\"de_DE\" \/>\n<meta property=\"og:type\" content=\"article\" \/>\n<meta property=\"og:title\" content=\"Wellenlose F\u00f6rderer | Van Beek\" \/>\n<meta property=\"og:description\" content=\"Mit den wellenlosen Schneckenf\u00f6rderern von Van Beek lassen sich klebrige, nasse oder inhomogene Produkte bef\u00f6rdern, ohne das Risiko des Blockierens.\" \/>\n<meta property=\"og:url\" content=\"https:\/\/www.van-beek.nl\/de\/schneckenfoerderer\/massenguttransport\/wellenlose-foerderer\/\" \/>\n<meta property=\"og:site_name\" content=\"Van Beek Schroeftransport\" \/>\n<meta property=\"article:modified_time\" content=\"2023-05-03T13:12:14+00:00\" \/>\n<meta property=\"og:image\" content=\"https:\/\/www.van-beek.nl\/wp-content\/uploads\/2021\/04\/Asloos_1.png\" \/>\n\t<meta property=\"og:image:width\" content=\"3999\" \/>\n\t<meta property=\"og:image:height\" content=\"1980\" \/>\n\t<meta property=\"og:image:type\" content=\"image\/png\" \/>\n<meta name=\"twitter:card\" content=\"summary_large_image\" \/>\n<meta name=\"twitter:label1\" content=\"Gesch\u00e4tzte Lesezeit\" \/>\n\t<meta name=\"twitter:data1\" content=\"2\u00a0Minuten\" \/>\n<script type=\"application\/ld+json\" class=\"yoast-schema-graph\">{\"@context\":\"https:\\\/\\\/schema.org\",\"@graph\":[{\"@type\":\"WebPage\",\"@id\":\"https:\\\/\\\/www.van-beek.nl\\\/de\\\/schneckenfoerderer\\\/massenguttransport\\\/wellenlose-foerderer\\\/\",\"url\":\"https:\\\/\\\/www.van-beek.nl\\\/de\\\/schneckenfoerderer\\\/massenguttransport\\\/wellenlose-foerderer\\\/\",\"name\":\"Wellenlose F\u00f6rderer | Van Beek\",\"isPartOf\":{\"@id\":\"https:\\\/\\\/www.van-beek.nl\\\/de\\\/#website\"},\"primaryImageOfPage\":{\"@id\":\"https:\\\/\\\/www.van-beek.nl\\\/de\\\/schneckenfoerderer\\\/massenguttransport\\\/wellenlose-foerderer\\\/#primaryimage\"},\"image\":{\"@id\":\"https:\\\/\\\/www.van-beek.nl\\\/de\\\/schneckenfoerderer\\\/massenguttransport\\\/wellenlose-foerderer\\\/#primaryimage\"},\"thumbnailUrl\":\"https:\\\/\\\/www.van-beek.nl\\\/wp-content\\\/uploads\\\/2021\\\/04\\\/Asloos_1.png\",\"datePublished\":\"2020-03-18T12:49:04+00:00\",\"dateModified\":\"2023-05-03T13:12:14+00:00\",\"description\":\"Mit den wellenlosen Schneckenf\u00f6rderern von Van Beek lassen sich klebrige, nasse oder inhomogene Produkte bef\u00f6rdern, ohne das Risiko des Blockierens.\",\"breadcrumb\":{\"@id\":\"https:\\\/\\\/www.van-beek.nl\\\/de\\\/schneckenfoerderer\\\/massenguttransport\\\/wellenlose-foerderer\\\/#breadcrumb\"},\"inLanguage\":\"de\",\"potentialAction\":[{\"@type\":\"ReadAction\",\"target\":[\"https:\\\/\\\/www.van-beek.nl\\\/de\\\/schneckenfoerderer\\\/massenguttransport\\\/wellenlose-foerderer\\\/\"]}]},{\"@type\":\"ImageObject\",\"inLanguage\":\"de\",\"@id\":\"https:\\\/\\\/www.van-beek.nl\\\/de\\\/schneckenfoerderer\\\/massenguttransport\\\/wellenlose-foerderer\\\/#primaryimage\",\"url\":\"https:\\\/\\\/www.van-beek.nl\\\/wp-content\\\/uploads\\\/2021\\\/04\\\/Asloos_1.png\",\"contentUrl\":\"https:\\\/\\\/www.van-beek.nl\\\/wp-content\\\/uploads\\\/2021\\\/04\\\/Asloos_1.png\",\"width\":3999,\"height\":1980,\"caption\":\"Met de asloze schroeftransporteurs van Van Beek kunt u kleverige, natte, grove of onregelmatige producten transporteren zonder risico op verstopping of vastlopen.\"},{\"@type\":\"BreadcrumbList\",\"@id\":\"https:\\\/\\\/www.van-beek.nl\\\/de\\\/schneckenfoerderer\\\/massenguttransport\\\/wellenlose-foerderer\\\/#breadcrumb\",\"itemListElement\":[{\"@type\":\"ListItem\",\"position\":1,\"name\":\"Home\",\"item\":\"https:\\\/\\\/www.van-beek.nl\\\/de\\\/\"},{\"@type\":\"ListItem\",\"position\":2,\"name\":\"Schneckenf\u00f6rderer\",\"item\":\"https:\\\/\\\/www.van-beek.nl\\\/de\\\/schneckenfoerderer\\\/\"},{\"@type\":\"ListItem\",\"position\":3,\"name\":\"Massenguttransport\",\"item\":\"https:\\\/\\\/www.van-beek.nl\\\/de\\\/schneckenfoerderer\\\/massenguttransport\\\/\"},{\"@type\":\"ListItem\",\"position\":4,\"name\":\"Wellenlose F\u00f6rderer\"}]},{\"@type\":\"WebSite\",\"@id\":\"https:\\\/\\\/www.van-beek.nl\\\/de\\\/#website\",\"url\":\"https:\\\/\\\/www.van-beek.nl\\\/de\\\/\",\"name\":\"Van Beek Schroeftransport\",\"description\":\"\",\"publisher\":{\"@id\":\"https:\\\/\\\/www.van-beek.nl\\\/de\\\/#organization\"},\"potentialAction\":[{\"@type\":\"SearchAction\",\"target\":{\"@type\":\"EntryPoint\",\"urlTemplate\":\"https:\\\/\\\/www.van-beek.nl\\\/de\\\/?s={search_term_string}\"},\"query-input\":{\"@type\":\"PropertyValueSpecification\",\"valueRequired\":true,\"valueName\":\"search_term_string\"}}],\"inLanguage\":\"de\"},{\"@type\":\"Organization\",\"@id\":\"https:\\\/\\\/www.van-beek.nl\\\/de\\\/#organization\",\"name\":\"Transportschroeven- en machinefabriek Van Beek B.V.\",\"url\":\"https:\\\/\\\/www.van-beek.nl\\\/de\\\/\",\"logo\":{\"@type\":\"ImageObject\",\"inLanguage\":\"de\",\"@id\":\"https:\\\/\\\/www.van-beek.nl\\\/de\\\/#\\\/schema\\\/logo\\\/image\\\/\",\"url\":\"https:\\\/\\\/van-beek.nl\\\/wp-content\\\/uploads\\\/2020\\\/04\\\/VanBeek-logo.png\",\"contentUrl\":\"https:\\\/\\\/van-beek.nl\\\/wp-content\\\/uploads\\\/2020\\\/04\\\/VanBeek-logo.png\",\"width\":116,\"height\":22,\"caption\":\"Transportschroeven- en machinefabriek Van Beek B.V.\"},\"image\":{\"@id\":\"https:\\\/\\\/www.van-beek.nl\\\/de\\\/#\\\/schema\\\/logo\\\/image\\\/\"}}]}<\/script>\n<!-- \/ Yoast SEO plugin. -->","yoast_head_json":{"title":"Wellenlose F\u00f6rderer | Van Beek","description":"Mit den wellenlosen Schneckenf\u00f6rderern von Van Beek lassen sich klebrige, nasse oder inhomogene Produkte bef\u00f6rdern, ohne das Risiko des Blockierens.","robots":{"index":"index","follow":"follow","max-snippet":"max-snippet:-1","max-image-preview":"max-image-preview:large","max-video-preview":"max-video-preview:-1"},"canonical":"https:\/\/www.van-beek.nl\/de\/schneckenfoerderer\/massenguttransport\/wellenlose-foerderer\/","og_locale":"de_DE","og_type":"article","og_title":"Wellenlose F\u00f6rderer | Van Beek","og_description":"Mit den wellenlosen Schneckenf\u00f6rderern von Van Beek lassen sich klebrige, nasse oder inhomogene Produkte bef\u00f6rdern, ohne das Risiko des Blockierens.","og_url":"https:\/\/www.van-beek.nl\/de\/schneckenfoerderer\/massenguttransport\/wellenlose-foerderer\/","og_site_name":"Van Beek Schroeftransport","article_modified_time":"2023-05-03T13:12:14+00:00","og_image":[{"width":3999,"height":1980,"url":"https:\/\/www.van-beek.nl\/wp-content\/uploads\/2021\/04\/Asloos_1.png","type":"image\/png"}],"twitter_card":"summary_large_image","twitter_misc":{"Gesch\u00e4tzte Lesezeit":"2\u00a0Minuten"},"schema":{"@context":"https:\/\/schema.org","@graph":[{"@type":"WebPage","@id":"https:\/\/www.van-beek.nl\/de\/schneckenfoerderer\/massenguttransport\/wellenlose-foerderer\/","url":"https:\/\/www.van-beek.nl\/de\/schneckenfoerderer\/massenguttransport\/wellenlose-foerderer\/","name":"Wellenlose F\u00f6rderer | Van Beek","isPartOf":{"@id":"https:\/\/www.van-beek.nl\/de\/#website"},"primaryImageOfPage":{"@id":"https:\/\/www.van-beek.nl\/de\/schneckenfoerderer\/massenguttransport\/wellenlose-foerderer\/#primaryimage"},"image":{"@id":"https:\/\/www.van-beek.nl\/de\/schneckenfoerderer\/massenguttransport\/wellenlose-foerderer\/#primaryimage"},"thumbnailUrl":"https:\/\/www.van-beek.nl\/wp-content\/uploads\/2021\/04\/Asloos_1.png","datePublished":"2020-03-18T12:49:04+00:00","dateModified":"2023-05-03T13:12:14+00:00","description":"Mit den wellenlosen Schneckenf\u00f6rderern von Van Beek lassen sich klebrige, nasse oder inhomogene Produkte bef\u00f6rdern, ohne das Risiko des Blockierens.","breadcrumb":{"@id":"https:\/\/www.van-beek.nl\/de\/schneckenfoerderer\/massenguttransport\/wellenlose-foerderer\/#breadcrumb"},"inLanguage":"de","potentialAction":[{"@type":"ReadAction","target":["https:\/\/www.van-beek.nl\/de\/schneckenfoerderer\/massenguttransport\/wellenlose-foerderer\/"]}]},{"@type":"ImageObject","inLanguage":"de","@id":"https:\/\/www.van-beek.nl\/de\/schneckenfoerderer\/massenguttransport\/wellenlose-foerderer\/#primaryimage","url":"https:\/\/www.van-beek.nl\/wp-content\/uploads\/2021\/04\/Asloos_1.png","contentUrl":"https:\/\/www.van-beek.nl\/wp-content\/uploads\/2021\/04\/Asloos_1.png","width":3999,"height":1980,"caption":"Met de asloze schroeftransporteurs van Van Beek kunt u kleverige, natte, grove of onregelmatige producten transporteren zonder risico op verstopping of vastlopen."},{"@type":"BreadcrumbList","@id":"https:\/\/www.van-beek.nl\/de\/schneckenfoerderer\/massenguttransport\/wellenlose-foerderer\/#breadcrumb","itemListElement":[{"@type":"ListItem","position":1,"name":"Home","item":"https:\/\/www.van-beek.nl\/de\/"},{"@type":"ListItem","position":2,"name":"Schneckenf\u00f6rderer","item":"https:\/\/www.van-beek.nl\/de\/schneckenfoerderer\/"},{"@type":"ListItem","position":3,"name":"Massenguttransport","item":"https:\/\/www.van-beek.nl\/de\/schneckenfoerderer\/massenguttransport\/"},{"@type":"ListItem","position":4,"name":"Wellenlose F\u00f6rderer"}]},{"@type":"WebSite","@id":"https:\/\/www.van-beek.nl\/de\/#website","url":"https:\/\/www.van-beek.nl\/de\/","name":"Van Beek Schroeftransport","description":"","publisher":{"@id":"https:\/\/www.van-beek.nl\/de\/#organization"},"potentialAction":[{"@type":"SearchAction","target":{"@type":"EntryPoint","urlTemplate":"https:\/\/www.van-beek.nl\/de\/?s={search_term_string}"},"query-input":{"@type":"PropertyValueSpecification","valueRequired":true,"valueName":"search_term_string"}}],"inLanguage":"de"},{"@type":"Organization","@id":"https:\/\/www.van-beek.nl\/de\/#organization","name":"Transportschroeven- en machinefabriek Van Beek B.V.","url":"https:\/\/www.van-beek.nl\/de\/","logo":{"@type":"ImageObject","inLanguage":"de","@id":"https:\/\/www.van-beek.nl\/de\/#\/schema\/logo\/image\/","url":"https:\/\/van-beek.nl\/wp-content\/uploads\/2020\/04\/VanBeek-logo.png","contentUrl":"https:\/\/van-beek.nl\/wp-content\/uploads\/2020\/04\/VanBeek-logo.png","width":116,"height":22,"caption":"Transportschroeven- en machinefabriek Van Beek B.V."},"image":{"@id":"https:\/\/www.van-beek.nl\/de\/#\/schema\/logo\/image\/"}}]}},"_links":{"self":[{"href":"https:\/\/www.van-beek.nl\/de\/wp-json\/wp\/v2\/pages\/3824","targetHints":{"allow":["GET"]}}],"collection":[{"href":"https:\/\/www.van-beek.nl\/de\/wp-json\/wp\/v2\/pages"}],"about":[{"href":"https:\/\/www.van-beek.nl\/de\/wp-json\/wp\/v2\/types\/page"}],"author":[{"embeddable":true,"href":"https:\/\/www.van-beek.nl\/de\/wp-json\/wp\/v2\/users\/1"}],"replies":[{"embeddable":true,"href":"https:\/\/www.van-beek.nl\/de\/wp-json\/wp\/v2\/comments?post=3824"}],"version-history":[{"count":6,"href":"https:\/\/www.van-beek.nl\/de\/wp-json\/wp\/v2\/pages\/3824\/revisions"}],"predecessor-version":[{"id":12046,"href":"https:\/\/www.van-beek.nl\/de\/wp-json\/wp\/v2\/pages\/3824\/revisions\/12046"}],"up":[{"embeddable":true,"href":"https:\/\/www.van-beek.nl\/de\/wp-json\/wp\/v2\/pages\/3815"}],"wp:featuredmedia":[{"embeddable":true,"href":"https:\/\/www.van-beek.nl\/de\/wp-json\/wp\/v2\/media\/4350"}],"wp:attachment":[{"href":"https:\/\/www.van-beek.nl\/de\/wp-json\/wp\/v2\/media?parent=3824"}],"curies":[{"name":"wp","href":"https:\/\/api.w.org\/{rel}","templated":true}]}}