{"id":3825,"date":"2021-03-25T09:05:57","date_gmt":"2021-03-25T09:05:57","guid":{"rendered":"https:\/\/van-beek.nl\/produktkalkulator-sisca\/"},"modified":"2023-06-16T11:59:50","modified_gmt":"2023-06-16T09:59:50","slug":"produktrechner-sisca","status":"publish","type":"page","link":"https:\/\/www.van-beek.nl\/de\/produktrechner-sisca\/","title":{"rendered":"Hallo, ich bin Sisca, Ihre Online-Ingenieurin"},"content":{"rendered":"<p>Welchen Schneckenf\u00f6rderertyp brauche ich? Was kostet es? Wie schnell wird er geliefert? Ich bin Sisca, Ihre Online-Ingenieurin, und ich helfe Ihnen rund um die Uhr online bei der Konfiguration und Echtzeitberechnung Ihres einzeln gefertigten Schneckenf\u00f6rderers. Gemeinsam mit Ihnen finde ich den f\u00fcr Ihr Produkt und Ihren Prozess geeigneten Schneckenf\u00f6rderertyp.<\/p>\n","protected":false},"excerpt":{"rendered":"<p>Welchen Schneckenf\u00f6rderertyp brauche ich? Was kostet es? Wie schnell wird er geliefert? Ich bin Sisca, Ihre Online-Ingenieurin, und ich helfe Ihnen rund um die Uhr online bei der Konfiguration und Echtzeitberechnung Ihres einzeln gefertigten Schneckenf\u00f6rderers. Gemeinsam mit Ihnen finde ich den f\u00fcr Ihr Produkt und Ihren Prozess geeigneten Schneckenf\u00f6rderertyp.<\/p>\n","protected":false},"author":1,"featured_media":10520,"parent":0,"menu_order":0,"comment_status":"closed","ping_status":"closed","template":"sisca.php","meta":{"_acf_changed":false,"content-type":"","inline_featured_image":false,"footnotes":""},"class_list":["post-3825","page","type-page","status-publish","has-post-thumbnail","hentry"],"acf":[],"yoast_head":"<!-- This site is optimized with the Yoast SEO plugin v27.5 - https:\/\/yoast.com\/product\/yoast-seo-wordpress\/ -->\n<title>Hallo, ich bin Sisca, Ihre Online-Ingenieurin | Van Beek<\/title>\n<meta name=\"description\" content=\"Ich helfe Ihnen rund um die Uhr online bei der Konfiguration und Echtzeitberechnung Ihres einzeln gefertigten Schneckenf\u00f6rderers.\" \/>\n<meta name=\"robots\" content=\"index, follow, max-snippet:-1, max-image-preview:large, max-video-preview:-1\" \/>\n<link rel=\"canonical\" href=\"https:\/\/www.van-beek.nl\/de\/produktrechner-sisca\/\" \/>\n<meta property=\"og:locale\" content=\"de_DE\" \/>\n<meta property=\"og:type\" content=\"article\" \/>\n<meta property=\"og:title\" content=\"Hallo, ich bin Sisca, Ihre Online-Ingenieurin | Van Beek\" \/>\n<meta property=\"og:description\" content=\"Ich helfe Ihnen rund um die Uhr online bei der Konfiguration und Echtzeitberechnung Ihres einzeln gefertigten Schneckenf\u00f6rderers.\" \/>\n<meta property=\"og:url\" content=\"https:\/\/www.van-beek.nl\/de\/produktrechner-sisca\/\" \/>\n<meta property=\"og:site_name\" content=\"Van Beek Schroeftransport\" \/>\n<meta property=\"article:modified_time\" content=\"2023-06-16T09:59:50+00:00\" \/>\n<meta property=\"og:image\" content=\"https:\/\/www.van-beek.nl\/wp-content\/uploads\/2022\/03\/Sisca-plaatje-1024x1024-1.jpg\" \/>\n\t<meta property=\"og:image:width\" content=\"1024\" \/>\n\t<meta property=\"og:image:height\" content=\"1024\" \/>\n\t<meta property=\"og:image:type\" content=\"image\/jpeg\" \/>\n<meta name=\"twitter:card\" content=\"summary_large_image\" \/>\n<meta name=\"twitter:label1\" content=\"Gesch\u00e4tzte Lesezeit\" \/>\n\t<meta name=\"twitter:data1\" content=\"1\u00a0Minute\" \/>\n<script type=\"application\/ld+json\" class=\"yoast-schema-graph\">{\"@context\":\"https:\\\/\\\/schema.org\",\"@graph\":[{\"@type\":\"WebPage\",\"@id\":\"https:\\\/\\\/www.van-beek.nl\\\/de\\\/produktrechner-sisca\\\/\",\"url\":\"https:\\\/\\\/www.van-beek.nl\\\/de\\\/produktrechner-sisca\\\/\",\"name\":\"Hallo, ich bin Sisca, Ihre Online-Ingenieurin | Van Beek\",\"isPartOf\":{\"@id\":\"https:\\\/\\\/www.van-beek.nl\\\/de\\\/#website\"},\"primaryImageOfPage\":{\"@id\":\"https:\\\/\\\/www.van-beek.nl\\\/de\\\/produktrechner-sisca\\\/#primaryimage\"},\"image\":{\"@id\":\"https:\\\/\\\/www.van-beek.nl\\\/de\\\/produktrechner-sisca\\\/#primaryimage\"},\"thumbnailUrl\":\"https:\\\/\\\/www.van-beek.nl\\\/wp-content\\\/uploads\\\/2022\\\/03\\\/Sisca-plaatje-1024x1024-1.jpg\",\"datePublished\":\"2021-03-25T09:05:57+00:00\",\"dateModified\":\"2023-06-16T09:59:50+00:00\",\"description\":\"Ich helfe Ihnen rund um die Uhr online bei der Konfiguration und Echtzeitberechnung Ihres einzeln gefertigten Schneckenf\u00f6rderers.\",\"breadcrumb\":{\"@id\":\"https:\\\/\\\/www.van-beek.nl\\\/de\\\/produktrechner-sisca\\\/#breadcrumb\"},\"inLanguage\":\"de\",\"potentialAction\":[{\"@type\":\"ReadAction\",\"target\":[\"https:\\\/\\\/www.van-beek.nl\\\/de\\\/produktrechner-sisca\\\/\"]}]},{\"@type\":\"ImageObject\",\"inLanguage\":\"de\",\"@id\":\"https:\\\/\\\/www.van-beek.nl\\\/de\\\/produktrechner-sisca\\\/#primaryimage\",\"url\":\"https:\\\/\\\/www.van-beek.nl\\\/wp-content\\\/uploads\\\/2022\\\/03\\\/Sisca-plaatje-1024x1024-1.jpg\",\"contentUrl\":\"https:\\\/\\\/www.van-beek.nl\\\/wp-content\\\/uploads\\\/2022\\\/03\\\/Sisca-plaatje-1024x1024-1.jpg\",\"width\":1024,\"height\":1024},{\"@type\":\"BreadcrumbList\",\"@id\":\"https:\\\/\\\/www.van-beek.nl\\\/de\\\/produktrechner-sisca\\\/#breadcrumb\",\"itemListElement\":[{\"@type\":\"ListItem\",\"position\":1,\"name\":\"Home\",\"item\":\"https:\\\/\\\/www.van-beek.nl\\\/de\\\/\"},{\"@type\":\"ListItem\",\"position\":2,\"name\":\"Sisca\"}]},{\"@type\":\"WebSite\",\"@id\":\"https:\\\/\\\/www.van-beek.nl\\\/de\\\/#website\",\"url\":\"https:\\\/\\\/www.van-beek.nl\\\/de\\\/\",\"name\":\"Van Beek Schroeftransport\",\"description\":\"\",\"publisher\":{\"@id\":\"https:\\\/\\\/www.van-beek.nl\\\/de\\\/#organization\"},\"potentialAction\":[{\"@type\":\"SearchAction\",\"target\":{\"@type\":\"EntryPoint\",\"urlTemplate\":\"https:\\\/\\\/www.van-beek.nl\\\/de\\\/?s={search_term_string}\"},\"query-input\":{\"@type\":\"PropertyValueSpecification\",\"valueRequired\":true,\"valueName\":\"search_term_string\"}}],\"inLanguage\":\"de\"},{\"@type\":\"Organization\",\"@id\":\"https:\\\/\\\/www.van-beek.nl\\\/de\\\/#organization\",\"name\":\"Transportschroeven- en machinefabriek Van Beek B.V.\",\"url\":\"https:\\\/\\\/www.van-beek.nl\\\/de\\\/\",\"logo\":{\"@type\":\"ImageObject\",\"inLanguage\":\"de\",\"@id\":\"https:\\\/\\\/www.van-beek.nl\\\/de\\\/#\\\/schema\\\/logo\\\/image\\\/\",\"url\":\"https:\\\/\\\/van-beek.nl\\\/wp-content\\\/uploads\\\/2020\\\/04\\\/VanBeek-logo.png\",\"contentUrl\":\"https:\\\/\\\/van-beek.nl\\\/wp-content\\\/uploads\\\/2020\\\/04\\\/VanBeek-logo.png\",\"width\":116,\"height\":22,\"caption\":\"Transportschroeven- en machinefabriek Van Beek B.V.\"},\"image\":{\"@id\":\"https:\\\/\\\/www.van-beek.nl\\\/de\\\/#\\\/schema\\\/logo\\\/image\\\/\"}}]}<\/script>\n<!-- \/ Yoast SEO plugin. -->","yoast_head_json":{"title":"Hallo, ich bin Sisca, Ihre Online-Ingenieurin | Van Beek","description":"Ich helfe Ihnen rund um die Uhr online bei der Konfiguration und Echtzeitberechnung Ihres einzeln gefertigten Schneckenf\u00f6rderers.","robots":{"index":"index","follow":"follow","max-snippet":"max-snippet:-1","max-image-preview":"max-image-preview:large","max-video-preview":"max-video-preview:-1"},"canonical":"https:\/\/www.van-beek.nl\/de\/produktrechner-sisca\/","og_locale":"de_DE","og_type":"article","og_title":"Hallo, ich bin Sisca, Ihre Online-Ingenieurin | Van Beek","og_description":"Ich helfe Ihnen rund um die Uhr online bei der Konfiguration und Echtzeitberechnung Ihres einzeln gefertigten Schneckenf\u00f6rderers.","og_url":"https:\/\/www.van-beek.nl\/de\/produktrechner-sisca\/","og_site_name":"Van Beek Schroeftransport","article_modified_time":"2023-06-16T09:59:50+00:00","og_image":[{"width":1024,"height":1024,"url":"https:\/\/www.van-beek.nl\/wp-content\/uploads\/2022\/03\/Sisca-plaatje-1024x1024-1.jpg","type":"image\/jpeg"}],"twitter_card":"summary_large_image","twitter_misc":{"Gesch\u00e4tzte Lesezeit":"1\u00a0Minute"},"schema":{"@context":"https:\/\/schema.org","@graph":[{"@type":"WebPage","@id":"https:\/\/www.van-beek.nl\/de\/produktrechner-sisca\/","url":"https:\/\/www.van-beek.nl\/de\/produktrechner-sisca\/","name":"Hallo, ich bin Sisca, Ihre Online-Ingenieurin | Van Beek","isPartOf":{"@id":"https:\/\/www.van-beek.nl\/de\/#website"},"primaryImageOfPage":{"@id":"https:\/\/www.van-beek.nl\/de\/produktrechner-sisca\/#primaryimage"},"image":{"@id":"https:\/\/www.van-beek.nl\/de\/produktrechner-sisca\/#primaryimage"},"thumbnailUrl":"https:\/\/www.van-beek.nl\/wp-content\/uploads\/2022\/03\/Sisca-plaatje-1024x1024-1.jpg","datePublished":"2021-03-25T09:05:57+00:00","dateModified":"2023-06-16T09:59:50+00:00","description":"Ich helfe Ihnen rund um die Uhr online bei der Konfiguration und Echtzeitberechnung Ihres einzeln gefertigten Schneckenf\u00f6rderers.","breadcrumb":{"@id":"https:\/\/www.van-beek.nl\/de\/produktrechner-sisca\/#breadcrumb"},"inLanguage":"de","potentialAction":[{"@type":"ReadAction","target":["https:\/\/www.van-beek.nl\/de\/produktrechner-sisca\/"]}]},{"@type":"ImageObject","inLanguage":"de","@id":"https:\/\/www.van-beek.nl\/de\/produktrechner-sisca\/#primaryimage","url":"https:\/\/www.van-beek.nl\/wp-content\/uploads\/2022\/03\/Sisca-plaatje-1024x1024-1.jpg","contentUrl":"https:\/\/www.van-beek.nl\/wp-content\/uploads\/2022\/03\/Sisca-plaatje-1024x1024-1.jpg","width":1024,"height":1024},{"@type":"BreadcrumbList","@id":"https:\/\/www.van-beek.nl\/de\/produktrechner-sisca\/#breadcrumb","itemListElement":[{"@type":"ListItem","position":1,"name":"Home","item":"https:\/\/www.van-beek.nl\/de\/"},{"@type":"ListItem","position":2,"name":"Sisca"}]},{"@type":"WebSite","@id":"https:\/\/www.van-beek.nl\/de\/#website","url":"https:\/\/www.van-beek.nl\/de\/","name":"Van Beek Schroeftransport","description":"","publisher":{"@id":"https:\/\/www.van-beek.nl\/de\/#organization"},"potentialAction":[{"@type":"SearchAction","target":{"@type":"EntryPoint","urlTemplate":"https:\/\/www.van-beek.nl\/de\/?s={search_term_string}"},"query-input":{"@type":"PropertyValueSpecification","valueRequired":true,"valueName":"search_term_string"}}],"inLanguage":"de"},{"@type":"Organization","@id":"https:\/\/www.van-beek.nl\/de\/#organization","name":"Transportschroeven- en machinefabriek Van Beek B.V.","url":"https:\/\/www.van-beek.nl\/de\/","logo":{"@type":"ImageObject","inLanguage":"de","@id":"https:\/\/www.van-beek.nl\/de\/#\/schema\/logo\/image\/","url":"https:\/\/van-beek.nl\/wp-content\/uploads\/2020\/04\/VanBeek-logo.png","contentUrl":"https:\/\/van-beek.nl\/wp-content\/uploads\/2020\/04\/VanBeek-logo.png","width":116,"height":22,"caption":"Transportschroeven- en machinefabriek Van Beek B.V."},"image":{"@id":"https:\/\/www.van-beek.nl\/de\/#\/schema\/logo\/image\/"}}]}},"_links":{"self":[{"href":"https:\/\/www.van-beek.nl\/de\/wp-json\/wp\/v2\/pages\/3825","targetHints":{"allow":["GET"]}}],"collection":[{"href":"https:\/\/www.van-beek.nl\/de\/wp-json\/wp\/v2\/pages"}],"about":[{"href":"https:\/\/www.van-beek.nl\/de\/wp-json\/wp\/v2\/types\/page"}],"author":[{"embeddable":true,"href":"https:\/\/www.van-beek.nl\/de\/wp-json\/wp\/v2\/users\/1"}],"replies":[{"embeddable":true,"href":"https:\/\/www.van-beek.nl\/de\/wp-json\/wp\/v2\/comments?post=3825"}],"version-history":[{"count":8,"href":"https:\/\/www.van-beek.nl\/de\/wp-json\/wp\/v2\/pages\/3825\/revisions"}],"predecessor-version":[{"id":10604,"href":"https:\/\/www.van-beek.nl\/de\/wp-json\/wp\/v2\/pages\/3825\/revisions\/10604"}],"wp:featuredmedia":[{"embeddable":true,"href":"https:\/\/www.van-beek.nl\/de\/wp-json\/wp\/v2\/media\/10520"}],"wp:attachment":[{"href":"https:\/\/www.van-beek.nl\/de\/wp-json\/wp\/v2\/media?parent=3825"}],"curies":[{"name":"wp","href":"https:\/\/api.w.org\/{rel}","templated":true}]}}