{"id":3826,"date":"2020-03-18T12:53:20","date_gmt":"2020-03-18T12:53:20","guid":{"rendered":"https:\/\/van-beek.nl\/service\/"},"modified":"2021-06-15T12:11:08","modified_gmt":"2021-06-15T12:11:08","slug":"service","status":"publish","type":"page","link":"https:\/\/www.van-beek.nl\/de\/service\/","title":{"rendered":"Service"},"content":{"rendered":"<p><strong>Mit dem Service von Van Beek wird Ihr Problem oder Ihre St\u00f6rung, ungeachtet des Umfangs, gel\u00f6st. Wir arbeiten daran, bis Sie wieder loslegen k\u00f6nnen. Unsere Stammkunden sind sehr zufrieden mit unserem Service.<\/strong><\/p>\n<p>Sie k\u00f6nnen von uns individuell zugeschnittenen Service f\u00fcr einzeln gefertigte Schneckenf\u00f6rderer erwarten, ganz gleich, ob Sie technische Unterst\u00fctzung brauchen, oder Ihre Maschine gewartet oder repariert werden muss. Wir unterst\u00fctzen und beraten Sie dabei und k\u00f6nnen Ihnen diese Vorg\u00e4nge gegebenenfalls ganz abnehmen. Bei St\u00f6rungen sind wir <a href=\"\/de\/service\/stoerungsdienst-rund-um-die-uhr\/\"><u>rund um die Uhr<\/u><\/a> erreichbar.<\/p>\n<h2>Was k\u00f6nnen Sie von unserem Service erwarten?<\/h2>\n<ul>\n<li>Umfassendes technisches Wissen aufgrund jahrelanger Erfahrung;<\/li>\n<li>Beteiligung an der Planung technischer L\u00f6sungen;<\/li>\n<li>Sicherheit dar\u00fcber, was Sie erwartet;<\/li>\n<li>Eine realistische Einsch\u00e4tzung des Zeitaufwands und der Kosten f\u00fcr Wartung und Reparaturen;<\/li>\n<li>Verf\u00fcgbarkeit unserer technischen Spezialisten f\u00fcr gro\u00dfe und kleine Service-Anfragen;<\/li>\n<li>Gute Beratung aufgrund jahrelanger Erfahrung, sodass die Lebensdauer Ihrer Maschinen verl\u00e4ngert wird;<\/li>\n<li>Aktuelles Wissen \u00fcber Ihre Einzelanfertigungen;<\/li>\n<li>Direkten Kontakt mit den Ansprechpartnern f\u00fcr Ihren Schneckenf\u00f6rderer oder Ihr Projekt;<br \/>\nund:<\/li>\n<li>Jederzeit die Verf\u00fcgung \u00fcber die korrekte Dokumentation Ihrer Maschine;<\/li>\n<li>Verwaltung Ihrer Maschine\/Ihres Projekts, auch nach der Lieferung;<\/li>\n<li>Die Nutzung unseres Testzentrums;<\/li>\n<li>&#8230; und Sie k\u00f6nnen jederzeit auch ohne Termin bei uns hereinschneien.<\/li>\n<\/ul>\n<h3>M\u00f6chten Sie mehr \u00fcber unsere Serviceleistungen erfahren? Bitte <a href=\"\/de\/schneckenfoerderer\/kontakt-van-beek\/\">wenden Sie sich dann an uns<\/a>.<\/h3>\n","protected":false},"excerpt":{"rendered":"<p>Mit dem Service von Van Beek wird Ihr Problem oder Ihre St\u00f6rung, ungeachtet des Umfangs, gel\u00f6st. Wir arbeiten daran, bis Sie wieder loslegen k\u00f6nnen. Unsere Stammkunden sind sehr zufrieden mit unserem Service. Sie k\u00f6nnen von uns individuell zugeschnittenen Service f\u00fcr einzeln gefertigte Schneckenf\u00f6rderer erwarten, ganz gleich, ob Sie technische Unterst\u00fctzung brauchen, oder Ihre Maschine gewartet [&hellip;]<\/p>\n","protected":false},"author":1,"featured_media":0,"parent":0,"menu_order":0,"comment_status":"closed","ping_status":"closed","template":"","meta":{"_acf_changed":false,"content-type":"","inline_featured_image":false,"footnotes":""},"class_list":["post-3826","page","type-page","status-publish","hentry"],"acf":[],"yoast_head":"<!-- This site is optimized with the Yoast SEO plugin v27.5 - https:\/\/yoast.com\/product\/yoast-seo-wordpress\/ -->\n<title>Individuell zugeschnittener Service f\u00fcr einzeln gefertigte Schneckenf\u00f6rderer | Van Beek<\/title>\n<meta name=\"description\" content=\"Mit dem Service von Van Beek wird Ihr Problem oder Ihre St\u00f6rung, ungeachtet des Umfangs, gel\u00f6st. Wir arbeiten daran, bis Sie wieder loslegen k\u00f6nnen.\" \/>\n<meta name=\"robots\" content=\"index, follow, max-snippet:-1, max-image-preview:large, max-video-preview:-1\" \/>\n<link rel=\"canonical\" href=\"https:\/\/www.van-beek.nl\/de\/service\/\" \/>\n<meta property=\"og:locale\" content=\"de_DE\" \/>\n<meta property=\"og:type\" content=\"article\" \/>\n<meta property=\"og:title\" content=\"Individuell zugeschnittener Service f\u00fcr einzeln gefertigte Schneckenf\u00f6rderer | Van Beek\" \/>\n<meta property=\"og:description\" content=\"Mit dem Service von Van Beek wird Ihr Problem oder Ihre St\u00f6rung, ungeachtet des Umfangs, gel\u00f6st. Wir arbeiten daran, bis Sie wieder loslegen k\u00f6nnen.\" \/>\n<meta property=\"og:url\" content=\"https:\/\/www.van-beek.nl\/de\/service\/\" \/>\n<meta property=\"og:site_name\" content=\"Van Beek Schroeftransport\" \/>\n<meta property=\"article:modified_time\" content=\"2021-06-15T12:11:08+00:00\" \/>\n<meta name=\"twitter:card\" content=\"summary_large_image\" \/>\n<meta name=\"twitter:label1\" content=\"Gesch\u00e4tzte Lesezeit\" \/>\n\t<meta name=\"twitter:data1\" content=\"1\u00a0Minute\" \/>\n<script type=\"application\/ld+json\" class=\"yoast-schema-graph\">{\"@context\":\"https:\\\/\\\/schema.org\",\"@graph\":[{\"@type\":\"WebPage\",\"@id\":\"https:\\\/\\\/www.van-beek.nl\\\/de\\\/service\\\/\",\"url\":\"https:\\\/\\\/www.van-beek.nl\\\/de\\\/service\\\/\",\"name\":\"Individuell zugeschnittener Service f\u00fcr einzeln gefertigte Schneckenf\u00f6rderer | Van Beek\",\"isPartOf\":{\"@id\":\"https:\\\/\\\/www.van-beek.nl\\\/de\\\/#website\"},\"datePublished\":\"2020-03-18T12:53:20+00:00\",\"dateModified\":\"2021-06-15T12:11:08+00:00\",\"description\":\"Mit dem Service von Van Beek wird Ihr Problem oder Ihre St\u00f6rung, ungeachtet des Umfangs, gel\u00f6st. Wir arbeiten daran, bis Sie wieder loslegen k\u00f6nnen.\",\"breadcrumb\":{\"@id\":\"https:\\\/\\\/www.van-beek.nl\\\/de\\\/service\\\/#breadcrumb\"},\"inLanguage\":\"de\",\"potentialAction\":[{\"@type\":\"ReadAction\",\"target\":[\"https:\\\/\\\/www.van-beek.nl\\\/de\\\/service\\\/\"]}]},{\"@type\":\"BreadcrumbList\",\"@id\":\"https:\\\/\\\/www.van-beek.nl\\\/de\\\/service\\\/#breadcrumb\",\"itemListElement\":[{\"@type\":\"ListItem\",\"position\":1,\"name\":\"Home\",\"item\":\"https:\\\/\\\/www.van-beek.nl\\\/de\\\/\"},{\"@type\":\"ListItem\",\"position\":2,\"name\":\"Service\"}]},{\"@type\":\"WebSite\",\"@id\":\"https:\\\/\\\/www.van-beek.nl\\\/de\\\/#website\",\"url\":\"https:\\\/\\\/www.van-beek.nl\\\/de\\\/\",\"name\":\"Van Beek Schroeftransport\",\"description\":\"\",\"publisher\":{\"@id\":\"https:\\\/\\\/www.van-beek.nl\\\/de\\\/#organization\"},\"potentialAction\":[{\"@type\":\"SearchAction\",\"target\":{\"@type\":\"EntryPoint\",\"urlTemplate\":\"https:\\\/\\\/www.van-beek.nl\\\/de\\\/?s={search_term_string}\"},\"query-input\":{\"@type\":\"PropertyValueSpecification\",\"valueRequired\":true,\"valueName\":\"search_term_string\"}}],\"inLanguage\":\"de\"},{\"@type\":\"Organization\",\"@id\":\"https:\\\/\\\/www.van-beek.nl\\\/de\\\/#organization\",\"name\":\"Transportschroeven- en machinefabriek Van Beek B.V.\",\"url\":\"https:\\\/\\\/www.van-beek.nl\\\/de\\\/\",\"logo\":{\"@type\":\"ImageObject\",\"inLanguage\":\"de\",\"@id\":\"https:\\\/\\\/www.van-beek.nl\\\/de\\\/#\\\/schema\\\/logo\\\/image\\\/\",\"url\":\"https:\\\/\\\/van-beek.nl\\\/wp-content\\\/uploads\\\/2020\\\/04\\\/VanBeek-logo.png\",\"contentUrl\":\"https:\\\/\\\/van-beek.nl\\\/wp-content\\\/uploads\\\/2020\\\/04\\\/VanBeek-logo.png\",\"width\":116,\"height\":22,\"caption\":\"Transportschroeven- en machinefabriek Van Beek B.V.\"},\"image\":{\"@id\":\"https:\\\/\\\/www.van-beek.nl\\\/de\\\/#\\\/schema\\\/logo\\\/image\\\/\"}}]}<\/script>\n<!-- \/ Yoast SEO plugin. -->","yoast_head_json":{"title":"Individuell zugeschnittener Service f\u00fcr einzeln gefertigte Schneckenf\u00f6rderer | Van Beek","description":"Mit dem Service von Van Beek wird Ihr Problem oder Ihre St\u00f6rung, ungeachtet des Umfangs, gel\u00f6st. Wir arbeiten daran, bis Sie wieder loslegen k\u00f6nnen.","robots":{"index":"index","follow":"follow","max-snippet":"max-snippet:-1","max-image-preview":"max-image-preview:large","max-video-preview":"max-video-preview:-1"},"canonical":"https:\/\/www.van-beek.nl\/de\/service\/","og_locale":"de_DE","og_type":"article","og_title":"Individuell zugeschnittener Service f\u00fcr einzeln gefertigte Schneckenf\u00f6rderer | Van Beek","og_description":"Mit dem Service von Van Beek wird Ihr Problem oder Ihre St\u00f6rung, ungeachtet des Umfangs, gel\u00f6st. Wir arbeiten daran, bis Sie wieder loslegen k\u00f6nnen.","og_url":"https:\/\/www.van-beek.nl\/de\/service\/","og_site_name":"Van Beek Schroeftransport","article_modified_time":"2021-06-15T12:11:08+00:00","twitter_card":"summary_large_image","twitter_misc":{"Gesch\u00e4tzte Lesezeit":"1\u00a0Minute"},"schema":{"@context":"https:\/\/schema.org","@graph":[{"@type":"WebPage","@id":"https:\/\/www.van-beek.nl\/de\/service\/","url":"https:\/\/www.van-beek.nl\/de\/service\/","name":"Individuell zugeschnittener Service f\u00fcr einzeln gefertigte Schneckenf\u00f6rderer | Van Beek","isPartOf":{"@id":"https:\/\/www.van-beek.nl\/de\/#website"},"datePublished":"2020-03-18T12:53:20+00:00","dateModified":"2021-06-15T12:11:08+00:00","description":"Mit dem Service von Van Beek wird Ihr Problem oder Ihre St\u00f6rung, ungeachtet des Umfangs, gel\u00f6st. Wir arbeiten daran, bis Sie wieder loslegen k\u00f6nnen.","breadcrumb":{"@id":"https:\/\/www.van-beek.nl\/de\/service\/#breadcrumb"},"inLanguage":"de","potentialAction":[{"@type":"ReadAction","target":["https:\/\/www.van-beek.nl\/de\/service\/"]}]},{"@type":"BreadcrumbList","@id":"https:\/\/www.van-beek.nl\/de\/service\/#breadcrumb","itemListElement":[{"@type":"ListItem","position":1,"name":"Home","item":"https:\/\/www.van-beek.nl\/de\/"},{"@type":"ListItem","position":2,"name":"Service"}]},{"@type":"WebSite","@id":"https:\/\/www.van-beek.nl\/de\/#website","url":"https:\/\/www.van-beek.nl\/de\/","name":"Van Beek Schroeftransport","description":"","publisher":{"@id":"https:\/\/www.van-beek.nl\/de\/#organization"},"potentialAction":[{"@type":"SearchAction","target":{"@type":"EntryPoint","urlTemplate":"https:\/\/www.van-beek.nl\/de\/?s={search_term_string}"},"query-input":{"@type":"PropertyValueSpecification","valueRequired":true,"valueName":"search_term_string"}}],"inLanguage":"de"},{"@type":"Organization","@id":"https:\/\/www.van-beek.nl\/de\/#organization","name":"Transportschroeven- en machinefabriek Van Beek B.V.","url":"https:\/\/www.van-beek.nl\/de\/","logo":{"@type":"ImageObject","inLanguage":"de","@id":"https:\/\/www.van-beek.nl\/de\/#\/schema\/logo\/image\/","url":"https:\/\/van-beek.nl\/wp-content\/uploads\/2020\/04\/VanBeek-logo.png","contentUrl":"https:\/\/van-beek.nl\/wp-content\/uploads\/2020\/04\/VanBeek-logo.png","width":116,"height":22,"caption":"Transportschroeven- en machinefabriek Van Beek B.V."},"image":{"@id":"https:\/\/www.van-beek.nl\/de\/#\/schema\/logo\/image\/"}}]}},"_links":{"self":[{"href":"https:\/\/www.van-beek.nl\/de\/wp-json\/wp\/v2\/pages\/3826","targetHints":{"allow":["GET"]}}],"collection":[{"href":"https:\/\/www.van-beek.nl\/de\/wp-json\/wp\/v2\/pages"}],"about":[{"href":"https:\/\/www.van-beek.nl\/de\/wp-json\/wp\/v2\/types\/page"}],"author":[{"embeddable":true,"href":"https:\/\/www.van-beek.nl\/de\/wp-json\/wp\/v2\/users\/1"}],"replies":[{"embeddable":true,"href":"https:\/\/www.van-beek.nl\/de\/wp-json\/wp\/v2\/comments?post=3826"}],"version-history":[{"count":4,"href":"https:\/\/www.van-beek.nl\/de\/wp-json\/wp\/v2\/pages\/3826\/revisions"}],"predecessor-version":[{"id":8077,"href":"https:\/\/www.van-beek.nl\/de\/wp-json\/wp\/v2\/pages\/3826\/revisions\/8077"}],"wp:attachment":[{"href":"https:\/\/www.van-beek.nl\/de\/wp-json\/wp\/v2\/media?parent=3826"}],"curies":[{"name":"wp","href":"https:\/\/api.w.org\/{rel}","templated":true}]}}