{"id":3827,"date":"2020-03-18T12:53:32","date_gmt":"2020-03-18T12:53:32","guid":{"rendered":"https:\/\/van-beek.nl\/know-how\/"},"modified":"2021-10-04T07:49:41","modified_gmt":"2021-10-04T07:49:41","slug":"know-how","status":"publish","type":"page","link":"https:\/\/www.van-beek.nl\/de\/know-how\/","title":{"rendered":"Know-how"},"content":{"rendered":"<h2><strong>Das Flie\u00dfverhalten von Produkten testen<\/strong><\/h2>\n<p>In unserem Kompetenzzentrum <a href=\"\/de\/know-how\/testzentrum-the-blue-zone\/\"><u>The Blue Zone<\/u><\/a> k\u00f6nnen wir gemeinsam mit Ihnen die Flie\u00dff\u00e4higkeit, Klebrigkeit oder F\u00f6rderbarkeit eines Produkts in einem Schneckenf\u00f6rderer testen und analysieren.<\/p>\n<h2><strong>Seminare \u00fcber Schneckenf\u00f6rderer<\/strong><\/h2>\n<p>Interne und externe Experten von Van Beek informieren Sie \u00fcber aktuelle Entwicklungen bei Schneckenf\u00f6rderern sowie \u00fcber Themen wie hygienische Konstruktion, ATEX und Oberfl\u00e4chenbehandlungen.<\/p>\n<h2><strong>Informationen \u00fcber Transporttechnologie herunterladen<\/strong><\/h2>\n<p>M\u00f6chten Sie mehr \u00fcber Oberfl\u00e4chenbehandlungen, \u00fcber unterschiedliche Technologien f\u00fcr den Transport trockener Masseng\u00fcter und andere Themen erfahren? Schauen Sie bei unseren <a href=\"\/de\/schneckenfoerderer\/downloads-schneckenfoerderer\/\"><u>Downloads<\/u> <\/a>vorbei, hier k\u00f6nnen Sie Brosch\u00fcren, Whitepaper und andere Unterlagen finden.<\/p>\n<h2><strong>M\u00f6chten Sie mehr dar\u00fcber erfahren? <a href=\"\/de\/kontakt\/\">Bitte wenden Sie sich dann an uns<\/a>.<\/strong><\/h2>\n","protected":false},"excerpt":{"rendered":"<p>Das Flie\u00dfverhalten von Produkten testen In unserem Kompetenzzentrum The Blue Zone k\u00f6nnen wir gemeinsam mit Ihnen die Flie\u00dff\u00e4higkeit, Klebrigkeit oder F\u00f6rderbarkeit eines Produkts in einem Schneckenf\u00f6rderer testen und analysieren. Seminare \u00fcber Schneckenf\u00f6rderer Interne und externe Experten von Van Beek informieren Sie \u00fcber aktuelle Entwicklungen bei Schneckenf\u00f6rderern sowie \u00fcber Themen wie hygienische Konstruktion, ATEX und Oberfl\u00e4chenbehandlungen. [&hellip;]<\/p>\n","protected":false},"author":1,"featured_media":0,"parent":0,"menu_order":0,"comment_status":"closed","ping_status":"closed","template":"kennis.php","meta":{"_acf_changed":false,"content-type":"","inline_featured_image":false,"footnotes":""},"class_list":["post-3827","page","type-page","status-publish","hentry"],"acf":[],"yoast_head":"<!-- This site is optimized with the Yoast SEO plugin v27.5 - https:\/\/yoast.com\/product\/yoast-seo-wordpress\/ -->\n<title>- Van Beek Schroeftransport<\/title>\n<meta name=\"robots\" content=\"index, follow, max-snippet:-1, max-image-preview:large, max-video-preview:-1\" \/>\n<link rel=\"canonical\" href=\"https:\/\/www.van-beek.nl\/de\/know-how\/\" \/>\n<meta property=\"og:locale\" content=\"de_DE\" \/>\n<meta property=\"og:type\" content=\"article\" \/>\n<meta property=\"og:title\" content=\"- Van Beek Schroeftransport\" \/>\n<meta property=\"og:description\" content=\"Das Flie\u00dfverhalten von Produkten testen In unserem Kompetenzzentrum The Blue Zone k\u00f6nnen wir gemeinsam mit Ihnen die Flie\u00dff\u00e4higkeit, Klebrigkeit oder F\u00f6rderbarkeit eines Produkts in einem Schneckenf\u00f6rderer testen und analysieren. Seminare \u00fcber Schneckenf\u00f6rderer Interne und externe Experten von Van Beek informieren Sie \u00fcber aktuelle Entwicklungen bei Schneckenf\u00f6rderern sowie \u00fcber Themen wie hygienische Konstruktion, ATEX und Oberfl\u00e4chenbehandlungen. [&hellip;]\" \/>\n<meta property=\"og:url\" content=\"https:\/\/www.van-beek.nl\/de\/know-how\/\" \/>\n<meta property=\"og:site_name\" content=\"Van Beek Schroeftransport\" \/>\n<meta property=\"article:modified_time\" content=\"2021-10-04T07:49:41+00:00\" \/>\n<meta name=\"twitter:card\" content=\"summary_large_image\" \/>\n<meta name=\"twitter:label1\" content=\"Gesch\u00e4tzte Lesezeit\" \/>\n\t<meta name=\"twitter:data1\" content=\"1\u00a0Minute\" \/>\n<script type=\"application\/ld+json\" class=\"yoast-schema-graph\">{\"@context\":\"https:\\\/\\\/schema.org\",\"@graph\":[{\"@type\":\"WebPage\",\"@id\":\"https:\\\/\\\/www.van-beek.nl\\\/de\\\/know-how\\\/\",\"url\":\"https:\\\/\\\/www.van-beek.nl\\\/de\\\/know-how\\\/\",\"name\":\"- Van Beek Schroeftransport\",\"isPartOf\":{\"@id\":\"https:\\\/\\\/www.van-beek.nl\\\/de\\\/#website\"},\"datePublished\":\"2020-03-18T12:53:32+00:00\",\"dateModified\":\"2021-10-04T07:49:41+00:00\",\"breadcrumb\":{\"@id\":\"https:\\\/\\\/www.van-beek.nl\\\/de\\\/know-how\\\/#breadcrumb\"},\"inLanguage\":\"de\",\"potentialAction\":[{\"@type\":\"ReadAction\",\"target\":[\"https:\\\/\\\/www.van-beek.nl\\\/de\\\/know-how\\\/\"]}]},{\"@type\":\"BreadcrumbList\",\"@id\":\"https:\\\/\\\/www.van-beek.nl\\\/de\\\/know-how\\\/#breadcrumb\",\"itemListElement\":[{\"@type\":\"ListItem\",\"position\":1,\"name\":\"Home\",\"item\":\"https:\\\/\\\/www.van-beek.nl\\\/de\\\/\"},{\"@type\":\"ListItem\",\"position\":2,\"name\":\"Know-how\"}]},{\"@type\":\"WebSite\",\"@id\":\"https:\\\/\\\/www.van-beek.nl\\\/de\\\/#website\",\"url\":\"https:\\\/\\\/www.van-beek.nl\\\/de\\\/\",\"name\":\"Van Beek Schroeftransport\",\"description\":\"\",\"publisher\":{\"@id\":\"https:\\\/\\\/www.van-beek.nl\\\/de\\\/#organization\"},\"potentialAction\":[{\"@type\":\"SearchAction\",\"target\":{\"@type\":\"EntryPoint\",\"urlTemplate\":\"https:\\\/\\\/www.van-beek.nl\\\/de\\\/?s={search_term_string}\"},\"query-input\":{\"@type\":\"PropertyValueSpecification\",\"valueRequired\":true,\"valueName\":\"search_term_string\"}}],\"inLanguage\":\"de\"},{\"@type\":\"Organization\",\"@id\":\"https:\\\/\\\/www.van-beek.nl\\\/de\\\/#organization\",\"name\":\"Transportschroeven- en machinefabriek Van Beek B.V.\",\"url\":\"https:\\\/\\\/www.van-beek.nl\\\/de\\\/\",\"logo\":{\"@type\":\"ImageObject\",\"inLanguage\":\"de\",\"@id\":\"https:\\\/\\\/www.van-beek.nl\\\/de\\\/#\\\/schema\\\/logo\\\/image\\\/\",\"url\":\"https:\\\/\\\/van-beek.nl\\\/wp-content\\\/uploads\\\/2020\\\/04\\\/VanBeek-logo.png\",\"contentUrl\":\"https:\\\/\\\/van-beek.nl\\\/wp-content\\\/uploads\\\/2020\\\/04\\\/VanBeek-logo.png\",\"width\":116,\"height\":22,\"caption\":\"Transportschroeven- en machinefabriek Van Beek B.V.\"},\"image\":{\"@id\":\"https:\\\/\\\/www.van-beek.nl\\\/de\\\/#\\\/schema\\\/logo\\\/image\\\/\"}}]}<\/script>\n<!-- \/ Yoast SEO plugin. -->","yoast_head_json":{"title":"- Van Beek Schroeftransport","robots":{"index":"index","follow":"follow","max-snippet":"max-snippet:-1","max-image-preview":"max-image-preview:large","max-video-preview":"max-video-preview:-1"},"canonical":"https:\/\/www.van-beek.nl\/de\/know-how\/","og_locale":"de_DE","og_type":"article","og_title":"- Van Beek Schroeftransport","og_description":"Das Flie\u00dfverhalten von Produkten testen In unserem Kompetenzzentrum The Blue Zone k\u00f6nnen wir gemeinsam mit Ihnen die Flie\u00dff\u00e4higkeit, Klebrigkeit oder F\u00f6rderbarkeit eines Produkts in einem Schneckenf\u00f6rderer testen und analysieren. Seminare \u00fcber Schneckenf\u00f6rderer Interne und externe Experten von Van Beek informieren Sie \u00fcber aktuelle Entwicklungen bei Schneckenf\u00f6rderern sowie \u00fcber Themen wie hygienische Konstruktion, ATEX und Oberfl\u00e4chenbehandlungen. [&hellip;]","og_url":"https:\/\/www.van-beek.nl\/de\/know-how\/","og_site_name":"Van Beek Schroeftransport","article_modified_time":"2021-10-04T07:49:41+00:00","twitter_card":"summary_large_image","twitter_misc":{"Gesch\u00e4tzte Lesezeit":"1\u00a0Minute"},"schema":{"@context":"https:\/\/schema.org","@graph":[{"@type":"WebPage","@id":"https:\/\/www.van-beek.nl\/de\/know-how\/","url":"https:\/\/www.van-beek.nl\/de\/know-how\/","name":"- Van Beek Schroeftransport","isPartOf":{"@id":"https:\/\/www.van-beek.nl\/de\/#website"},"datePublished":"2020-03-18T12:53:32+00:00","dateModified":"2021-10-04T07:49:41+00:00","breadcrumb":{"@id":"https:\/\/www.van-beek.nl\/de\/know-how\/#breadcrumb"},"inLanguage":"de","potentialAction":[{"@type":"ReadAction","target":["https:\/\/www.van-beek.nl\/de\/know-how\/"]}]},{"@type":"BreadcrumbList","@id":"https:\/\/www.van-beek.nl\/de\/know-how\/#breadcrumb","itemListElement":[{"@type":"ListItem","position":1,"name":"Home","item":"https:\/\/www.van-beek.nl\/de\/"},{"@type":"ListItem","position":2,"name":"Know-how"}]},{"@type":"WebSite","@id":"https:\/\/www.van-beek.nl\/de\/#website","url":"https:\/\/www.van-beek.nl\/de\/","name":"Van Beek Schroeftransport","description":"","publisher":{"@id":"https:\/\/www.van-beek.nl\/de\/#organization"},"potentialAction":[{"@type":"SearchAction","target":{"@type":"EntryPoint","urlTemplate":"https:\/\/www.van-beek.nl\/de\/?s={search_term_string}"},"query-input":{"@type":"PropertyValueSpecification","valueRequired":true,"valueName":"search_term_string"}}],"inLanguage":"de"},{"@type":"Organization","@id":"https:\/\/www.van-beek.nl\/de\/#organization","name":"Transportschroeven- en machinefabriek Van Beek B.V.","url":"https:\/\/www.van-beek.nl\/de\/","logo":{"@type":"ImageObject","inLanguage":"de","@id":"https:\/\/www.van-beek.nl\/de\/#\/schema\/logo\/image\/","url":"https:\/\/van-beek.nl\/wp-content\/uploads\/2020\/04\/VanBeek-logo.png","contentUrl":"https:\/\/van-beek.nl\/wp-content\/uploads\/2020\/04\/VanBeek-logo.png","width":116,"height":22,"caption":"Transportschroeven- en machinefabriek Van Beek B.V."},"image":{"@id":"https:\/\/www.van-beek.nl\/de\/#\/schema\/logo\/image\/"}}]}},"_links":{"self":[{"href":"https:\/\/www.van-beek.nl\/de\/wp-json\/wp\/v2\/pages\/3827","targetHints":{"allow":["GET"]}}],"collection":[{"href":"https:\/\/www.van-beek.nl\/de\/wp-json\/wp\/v2\/pages"}],"about":[{"href":"https:\/\/www.van-beek.nl\/de\/wp-json\/wp\/v2\/types\/page"}],"author":[{"embeddable":true,"href":"https:\/\/www.van-beek.nl\/de\/wp-json\/wp\/v2\/users\/1"}],"replies":[{"embeddable":true,"href":"https:\/\/www.van-beek.nl\/de\/wp-json\/wp\/v2\/comments?post=3827"}],"version-history":[{"count":5,"href":"https:\/\/www.van-beek.nl\/de\/wp-json\/wp\/v2\/pages\/3827\/revisions"}],"predecessor-version":[{"id":9441,"href":"https:\/\/www.van-beek.nl\/de\/wp-json\/wp\/v2\/pages\/3827\/revisions\/9441"}],"wp:attachment":[{"href":"https:\/\/www.van-beek.nl\/de\/wp-json\/wp\/v2\/media?parent=3827"}],"curies":[{"name":"wp","href":"https:\/\/api.w.org\/{rel}","templated":true}]}}