{"id":3829,"date":"2020-03-18T12:54:02","date_gmt":"2020-03-18T12:54:02","guid":{"rendered":"https:\/\/van-beek.nl\/ueber-uns\/"},"modified":"2021-09-28T09:18:10","modified_gmt":"2021-09-28T09:18:10","slug":"ueber-uns","status":"publish","type":"page","link":"https:\/\/www.van-beek.nl\/de\/ueber-uns\/","title":{"rendered":"\u00dcber uns"},"content":{"rendered":"<p><strong>Wenn Schneckenf\u00f6rderer nicht zu Ihrem Wissensschwerpunkt geh\u00f6ren und Ihre Anforderungen hoch sind, m\u00fcssen Sie sich auf ein Unternehmen verlassen k\u00f6nnen, das \u00fcber dieses Expertenwissen verf\u00fcgt und eine nachweisliche Erfolgsbilanz vorweisen kann, wie Van Beek Schneckenf\u00f6rderer. Wir verkaufen, konstruieren und produzieren nach kundenspezifischen Vorgaben <a href=\"\/de\/schneckenfoerderer\/\"><u>Schneckenf\u00f6rderer<\/u><\/a>, <a href=\"\/bulkwagenvullers\"><u>Silowagenf\u00fcllanlagen<\/u> <\/a>und <a href=\"\/schroefwarmtewisselaar\"><u>Schneckenw\u00e4rmetauscher<\/u><\/a>. Wir arbeiten mit einem Team von 50 engagierten und qualifizierten Mitarbeiter:innen in unserer Gesch\u00e4ftszentrale in Drunen.<\/strong><\/p>\n<h2>Van Beek Drunen hat sich auf die Einzelanfertigung von Schneckenf\u00f6rderern spezialisiert.<\/h2>\n<p>Unser Unternehmen wurde 1950 als Maschinenfabrik f\u00fcr Schneckenf\u00f6rderer gegr\u00fcndet. Inzwischen sind wir weltweiter Anbieter von Schneckenf\u00f6rderanlagen insbesondere f\u00fcr die Chemie-, Pharma-, Entsorgungs- und Lebensmittelindustrie. Dabei kann es um so vielf\u00e4ltige Produkte wie unsere <a href=\"\/de\/dino-silowagenfuellanlagen\/\"><u>Dino Silowagenf\u00fcllanlagen<\/u><\/a>, aber auch um den <a href=\"\/de\/celsius-schneckenwaermetauscher\/\"><u>Celsius Schneckenw\u00e4rmetauscher<\/u><\/a> oder die Anlagen der <u><a href=\"\/de\/schneckenfoerderer\/hygienische-foerderanlagen\/\">Hypreme<\/a><\/u>-Serie gehen, die h\u00f6chsten hygienischen Anforderungen entsprechen.<\/p>\n<p>Mit unserer jahrelangen Erfahrung und unserem Know-how k\u00f6nnen wir f\u00fcr kleine und gro\u00dfe Anwendungen die passende L\u00f6sung bieten.<\/p>\n<h2>Besuchen Sie Van Beek<\/h2>\n<p>Wir berichten Ihnen gerne \u00fcber unser Unternehmen und geben Ihnen eine F\u00fchrung. Schauen Sie sich unser Kompetenzzentrum <a href=\"\/de\/know-how\/testzentrum-the-blue-zone\/\"><u>The Blue Zone<\/u><\/a> an. Sie sehen dort, wie Transparenz in unserer Gesch\u00e4ftsstelle wortw\u00f6rtlich genommen wird. D\u00fcrfen wir Sie bald pers\u00f6nlich treffen?<\/p>\n<p><strong>Transportschroeven- en Machinefabriek Van Beek B.V.<\/strong><\/p>\n<p>Christiaan Huygensweg 20<br \/>\n5151 DN Drunen<br \/>\nNiederlande<\/p>\n<p><img loading=\"lazy\" decoding=\"async\" class=\"alignnone size-full wp-image-1600\" src=\"https:\/\/www.van-beek.nl\/wp-content\/uploads\/2020\/08\/Oplaadpunt.png\" alt=\"\" width=\"40\" height=\"36\" \/> Es ist eine Ladestation f\u00fcr Elektroautos verf\u00fcgbar.<\/p>\n<p>Bedrijventerrein Metal Valley: 230<\/p>\n<p><strong>T<\/strong>\u00a0<a href=\"tel:+31416375225\">+31 (0)416 37 52 25<\/a><br \/>\n<strong>F<\/strong>\u00a0<a href=\"fax:+31416378350\">+31 (0)416 37 83 50<\/a><br \/>\n<strong>E<\/strong>\u00a0<a href=\"mailto:info@van-beek.nl\">info@van-beek.nl<\/a><\/p>\n<p>IHK-Nr.: 18109132<br \/>\nUSt-IdNr.:\u00a0NL005523485B02<\/p>\n","protected":false},"excerpt":{"rendered":"<p>Wenn Schneckenf\u00f6rderer nicht zu Ihrem Wissensschwerpunkt geh\u00f6ren und Ihre Anforderungen hoch sind, m\u00fcssen Sie sich auf ein Unternehmen verlassen k\u00f6nnen, das \u00fcber dieses Expertenwissen verf\u00fcgt und eine nachweisliche Erfolgsbilanz vorweisen kann, wie Van Beek Schneckenf\u00f6rderer. Wir verkaufen, konstruieren und produzieren nach kundenspezifischen Vorgaben Schneckenf\u00f6rderer, Silowagenf\u00fcllanlagen und Schneckenw\u00e4rmetauscher. Wir arbeiten mit einem Team von 50 engagierten [&hellip;]<\/p>\n","protected":false},"author":1,"featured_media":0,"parent":0,"menu_order":0,"comment_status":"closed","ping_status":"closed","template":"","meta":{"_acf_changed":false,"content-type":"","inline_featured_image":false,"footnotes":""},"class_list":["post-3829","page","type-page","status-publish","hentry"],"acf":[],"yoast_head":"<!-- This site is optimized with the Yoast SEO plugin v27.5 - https:\/\/yoast.com\/product\/yoast-seo-wordpress\/ -->\n<title>Van Beek Drunen: Der Standard f\u00fcr Schneckenf\u00f6rderer in Einzelanfertigung<\/title>\n<meta name=\"description\" content=\"Wir verkaufen, konstruieren und produzieren nach kundenspezifischen Vorgaben Schneckenf\u00f6rderer, Silowagenf\u00fcllanlagen und Schneckenw\u00e4rmetauscher.\" \/>\n<meta name=\"robots\" content=\"index, follow, max-snippet:-1, max-image-preview:large, max-video-preview:-1\" \/>\n<link rel=\"canonical\" href=\"https:\/\/www.van-beek.nl\/de\/ueber-uns\/\" \/>\n<meta property=\"og:locale\" content=\"de_DE\" \/>\n<meta property=\"og:type\" content=\"article\" \/>\n<meta property=\"og:title\" content=\"Van Beek Drunen: Der Standard f\u00fcr Schneckenf\u00f6rderer in Einzelanfertigung\" \/>\n<meta property=\"og:description\" content=\"Wir verkaufen, konstruieren und produzieren nach kundenspezifischen Vorgaben Schneckenf\u00f6rderer, Silowagenf\u00fcllanlagen und Schneckenw\u00e4rmetauscher.\" \/>\n<meta property=\"og:url\" content=\"https:\/\/www.van-beek.nl\/de\/ueber-uns\/\" \/>\n<meta property=\"og:site_name\" content=\"Van Beek Schroeftransport\" \/>\n<meta property=\"article:modified_time\" content=\"2021-09-28T09:18:10+00:00\" \/>\n<meta property=\"og:image\" content=\"https:\/\/van-beek.nl\/wp-content\/uploads\/2020\/08\/Oplaadpunt.png\" \/>\n<meta name=\"twitter:card\" content=\"summary_large_image\" \/>\n<meta name=\"twitter:label1\" content=\"Gesch\u00e4tzte Lesezeit\" \/>\n\t<meta name=\"twitter:data1\" content=\"2\u00a0Minuten\" \/>\n<script type=\"application\/ld+json\" class=\"yoast-schema-graph\">{\"@context\":\"https:\\\/\\\/schema.org\",\"@graph\":[{\"@type\":\"WebPage\",\"@id\":\"https:\\\/\\\/www.van-beek.nl\\\/de\\\/ueber-uns\\\/\",\"url\":\"https:\\\/\\\/www.van-beek.nl\\\/de\\\/ueber-uns\\\/\",\"name\":\"Van Beek Drunen: Der Standard f\u00fcr Schneckenf\u00f6rderer in Einzelanfertigung\",\"isPartOf\":{\"@id\":\"https:\\\/\\\/www.van-beek.nl\\\/de\\\/#website\"},\"primaryImageOfPage\":{\"@id\":\"https:\\\/\\\/www.van-beek.nl\\\/de\\\/ueber-uns\\\/#primaryimage\"},\"image\":{\"@id\":\"https:\\\/\\\/www.van-beek.nl\\\/de\\\/ueber-uns\\\/#primaryimage\"},\"thumbnailUrl\":\"https:\\\/\\\/www.van-beek.nl\\\/wp-content\\\/uploads\\\/2020\\\/08\\\/Oplaadpunt.png\",\"datePublished\":\"2020-03-18T12:54:02+00:00\",\"dateModified\":\"2021-09-28T09:18:10+00:00\",\"description\":\"Wir verkaufen, konstruieren und produzieren nach kundenspezifischen Vorgaben Schneckenf\u00f6rderer, Silowagenf\u00fcllanlagen und Schneckenw\u00e4rmetauscher.\",\"breadcrumb\":{\"@id\":\"https:\\\/\\\/www.van-beek.nl\\\/de\\\/ueber-uns\\\/#breadcrumb\"},\"inLanguage\":\"de\",\"potentialAction\":[{\"@type\":\"ReadAction\",\"target\":[\"https:\\\/\\\/www.van-beek.nl\\\/de\\\/ueber-uns\\\/\"]}]},{\"@type\":\"ImageObject\",\"inLanguage\":\"de\",\"@id\":\"https:\\\/\\\/www.van-beek.nl\\\/de\\\/ueber-uns\\\/#primaryimage\",\"url\":\"https:\\\/\\\/www.van-beek.nl\\\/wp-content\\\/uploads\\\/2020\\\/08\\\/Oplaadpunt.png\",\"contentUrl\":\"https:\\\/\\\/www.van-beek.nl\\\/wp-content\\\/uploads\\\/2020\\\/08\\\/Oplaadpunt.png\"},{\"@type\":\"BreadcrumbList\",\"@id\":\"https:\\\/\\\/www.van-beek.nl\\\/de\\\/ueber-uns\\\/#breadcrumb\",\"itemListElement\":[{\"@type\":\"ListItem\",\"position\":1,\"name\":\"Home\",\"item\":\"https:\\\/\\\/www.van-beek.nl\\\/de\\\/\"},{\"@type\":\"ListItem\",\"position\":2,\"name\":\"\u00dcber uns\"}]},{\"@type\":\"WebSite\",\"@id\":\"https:\\\/\\\/www.van-beek.nl\\\/de\\\/#website\",\"url\":\"https:\\\/\\\/www.van-beek.nl\\\/de\\\/\",\"name\":\"Van Beek Schroeftransport\",\"description\":\"\",\"publisher\":{\"@id\":\"https:\\\/\\\/www.van-beek.nl\\\/de\\\/#organization\"},\"potentialAction\":[{\"@type\":\"SearchAction\",\"target\":{\"@type\":\"EntryPoint\",\"urlTemplate\":\"https:\\\/\\\/www.van-beek.nl\\\/de\\\/?s={search_term_string}\"},\"query-input\":{\"@type\":\"PropertyValueSpecification\",\"valueRequired\":true,\"valueName\":\"search_term_string\"}}],\"inLanguage\":\"de\"},{\"@type\":\"Organization\",\"@id\":\"https:\\\/\\\/www.van-beek.nl\\\/de\\\/#organization\",\"name\":\"Transportschroeven- en machinefabriek Van Beek B.V.\",\"url\":\"https:\\\/\\\/www.van-beek.nl\\\/de\\\/\",\"logo\":{\"@type\":\"ImageObject\",\"inLanguage\":\"de\",\"@id\":\"https:\\\/\\\/www.van-beek.nl\\\/de\\\/#\\\/schema\\\/logo\\\/image\\\/\",\"url\":\"https:\\\/\\\/van-beek.nl\\\/wp-content\\\/uploads\\\/2020\\\/04\\\/VanBeek-logo.png\",\"contentUrl\":\"https:\\\/\\\/van-beek.nl\\\/wp-content\\\/uploads\\\/2020\\\/04\\\/VanBeek-logo.png\",\"width\":116,\"height\":22,\"caption\":\"Transportschroeven- en machinefabriek Van Beek B.V.\"},\"image\":{\"@id\":\"https:\\\/\\\/www.van-beek.nl\\\/de\\\/#\\\/schema\\\/logo\\\/image\\\/\"}}]}<\/script>\n<!-- \/ Yoast SEO plugin. -->","yoast_head_json":{"title":"Van Beek Drunen: Der Standard f\u00fcr Schneckenf\u00f6rderer in Einzelanfertigung","description":"Wir verkaufen, konstruieren und produzieren nach kundenspezifischen Vorgaben Schneckenf\u00f6rderer, Silowagenf\u00fcllanlagen und Schneckenw\u00e4rmetauscher.","robots":{"index":"index","follow":"follow","max-snippet":"max-snippet:-1","max-image-preview":"max-image-preview:large","max-video-preview":"max-video-preview:-1"},"canonical":"https:\/\/www.van-beek.nl\/de\/ueber-uns\/","og_locale":"de_DE","og_type":"article","og_title":"Van Beek Drunen: Der Standard f\u00fcr Schneckenf\u00f6rderer in Einzelanfertigung","og_description":"Wir verkaufen, konstruieren und produzieren nach kundenspezifischen Vorgaben Schneckenf\u00f6rderer, Silowagenf\u00fcllanlagen und Schneckenw\u00e4rmetauscher.","og_url":"https:\/\/www.van-beek.nl\/de\/ueber-uns\/","og_site_name":"Van Beek Schroeftransport","article_modified_time":"2021-09-28T09:18:10+00:00","og_image":[{"url":"https:\/\/van-beek.nl\/wp-content\/uploads\/2020\/08\/Oplaadpunt.png","type":"","width":"","height":""}],"twitter_card":"summary_large_image","twitter_misc":{"Gesch\u00e4tzte Lesezeit":"2\u00a0Minuten"},"schema":{"@context":"https:\/\/schema.org","@graph":[{"@type":"WebPage","@id":"https:\/\/www.van-beek.nl\/de\/ueber-uns\/","url":"https:\/\/www.van-beek.nl\/de\/ueber-uns\/","name":"Van Beek Drunen: Der Standard f\u00fcr Schneckenf\u00f6rderer in Einzelanfertigung","isPartOf":{"@id":"https:\/\/www.van-beek.nl\/de\/#website"},"primaryImageOfPage":{"@id":"https:\/\/www.van-beek.nl\/de\/ueber-uns\/#primaryimage"},"image":{"@id":"https:\/\/www.van-beek.nl\/de\/ueber-uns\/#primaryimage"},"thumbnailUrl":"https:\/\/www.van-beek.nl\/wp-content\/uploads\/2020\/08\/Oplaadpunt.png","datePublished":"2020-03-18T12:54:02+00:00","dateModified":"2021-09-28T09:18:10+00:00","description":"Wir verkaufen, konstruieren und produzieren nach kundenspezifischen Vorgaben Schneckenf\u00f6rderer, Silowagenf\u00fcllanlagen und Schneckenw\u00e4rmetauscher.","breadcrumb":{"@id":"https:\/\/www.van-beek.nl\/de\/ueber-uns\/#breadcrumb"},"inLanguage":"de","potentialAction":[{"@type":"ReadAction","target":["https:\/\/www.van-beek.nl\/de\/ueber-uns\/"]}]},{"@type":"ImageObject","inLanguage":"de","@id":"https:\/\/www.van-beek.nl\/de\/ueber-uns\/#primaryimage","url":"https:\/\/www.van-beek.nl\/wp-content\/uploads\/2020\/08\/Oplaadpunt.png","contentUrl":"https:\/\/www.van-beek.nl\/wp-content\/uploads\/2020\/08\/Oplaadpunt.png"},{"@type":"BreadcrumbList","@id":"https:\/\/www.van-beek.nl\/de\/ueber-uns\/#breadcrumb","itemListElement":[{"@type":"ListItem","position":1,"name":"Home","item":"https:\/\/www.van-beek.nl\/de\/"},{"@type":"ListItem","position":2,"name":"\u00dcber uns"}]},{"@type":"WebSite","@id":"https:\/\/www.van-beek.nl\/de\/#website","url":"https:\/\/www.van-beek.nl\/de\/","name":"Van Beek Schroeftransport","description":"","publisher":{"@id":"https:\/\/www.van-beek.nl\/de\/#organization"},"potentialAction":[{"@type":"SearchAction","target":{"@type":"EntryPoint","urlTemplate":"https:\/\/www.van-beek.nl\/de\/?s={search_term_string}"},"query-input":{"@type":"PropertyValueSpecification","valueRequired":true,"valueName":"search_term_string"}}],"inLanguage":"de"},{"@type":"Organization","@id":"https:\/\/www.van-beek.nl\/de\/#organization","name":"Transportschroeven- en machinefabriek Van Beek B.V.","url":"https:\/\/www.van-beek.nl\/de\/","logo":{"@type":"ImageObject","inLanguage":"de","@id":"https:\/\/www.van-beek.nl\/de\/#\/schema\/logo\/image\/","url":"https:\/\/van-beek.nl\/wp-content\/uploads\/2020\/04\/VanBeek-logo.png","contentUrl":"https:\/\/van-beek.nl\/wp-content\/uploads\/2020\/04\/VanBeek-logo.png","width":116,"height":22,"caption":"Transportschroeven- en machinefabriek Van Beek B.V."},"image":{"@id":"https:\/\/www.van-beek.nl\/de\/#\/schema\/logo\/image\/"}}]}},"_links":{"self":[{"href":"https:\/\/www.van-beek.nl\/de\/wp-json\/wp\/v2\/pages\/3829","targetHints":{"allow":["GET"]}}],"collection":[{"href":"https:\/\/www.van-beek.nl\/de\/wp-json\/wp\/v2\/pages"}],"about":[{"href":"https:\/\/www.van-beek.nl\/de\/wp-json\/wp\/v2\/types\/page"}],"author":[{"embeddable":true,"href":"https:\/\/www.van-beek.nl\/de\/wp-json\/wp\/v2\/users\/1"}],"replies":[{"embeddable":true,"href":"https:\/\/www.van-beek.nl\/de\/wp-json\/wp\/v2\/comments?post=3829"}],"version-history":[{"count":6,"href":"https:\/\/www.van-beek.nl\/de\/wp-json\/wp\/v2\/pages\/3829\/revisions"}],"predecessor-version":[{"id":9297,"href":"https:\/\/www.van-beek.nl\/de\/wp-json\/wp\/v2\/pages\/3829\/revisions\/9297"}],"wp:attachment":[{"href":"https:\/\/www.van-beek.nl\/de\/wp-json\/wp\/v2\/media?parent=3829"}],"curies":[{"name":"wp","href":"https:\/\/api.w.org\/{rel}","templated":true}]}}