{"id":3831,"date":"2020-03-25T15:20:18","date_gmt":"2020-03-25T15:20:18","guid":{"rendered":"https:\/\/van-beek.nl\/dino-silowagenfuellanlagen\/technische-informationen\/"},"modified":"2023-01-23T13:04:05","modified_gmt":"2023-01-23T11:04:05","slug":"technische-informationen","status":"publish","type":"page","link":"https:\/\/www.van-beek.nl\/de\/silowagenfuellanlagen\/technische-informationen\/","title":{"rendered":"Technische Informationen"},"content":{"rendered":"<p><strong>W\u00e4hrend der letzten Jahrzehnte hat sich der Dino als zuverl\u00e4ssige mobile Verladeanlage f\u00fcr zahlreiche Lebensmittel, Kunststoffe, Baustoffe und chemische Produkte bew\u00e4hrt. Die Anlagen sind weltweit im Einsatz, von den USA bis S\u00fcdkorea, von Norwegen bis S\u00fcdafrika.<br \/>\n<\/strong><\/p>\n<h2>Ein Dino f\u00fcr jeden Produkttyp<\/h2>\n<p>F\u00fcr das Verladen staubender oder explosionsgef\u00e4hrlicher Pulver wie St\u00e4rke gelten nat\u00fcrlich andere technische Vorgaben als f\u00fcr das Verladen von Zement oder Salz. Das Team um den Dino hat im Laufe der Jahrzehnte genug Erfahrungen und Know-how gesammelt, um den Dino perfekt auf Ihre Situation abzustimmen.<\/p>\n<h2>Ein Dino f\u00fcr jede Verladesituation<\/h2>\n<p>Die unten gezeigte Standardausf\u00fchrung bietet f\u00fcr viele Anwendungen sofort eine passende L\u00f6sung. Aufgrund unserer langj\u00e4hrigen Erfahrung wissen wir jedoch, dass f\u00fcr schwierige Verladesituationen h\u00e4ufig ein Dino in Einzelanfertigung die beste L\u00f6sung ist. Sie stellen dann in Zusammenarbeit mit unserem Sales Engineer Ihren eigenen Dino zusammen, der perfekt auf Ihre Situation abgestimmt ist. Anhand der <u><a href=\"\/de\/dino-silowagenfuellanlagen\/ausfuehrungen-und-zusatzausstattung\/\">Zusatzausstattung und Erweiterungen<\/a><\/u> passen wir den Dino an Ihre Verladesituation an.<\/p>\n<h3><\/h3>\n","protected":false},"excerpt":{"rendered":"<p>W\u00e4hrend der letzten Jahrzehnte hat sich der Dino als zuverl\u00e4ssige mobile Verladeanlage f\u00fcr zahlreiche Lebensmittel, Kunststoffe, Baustoffe und chemische Produkte bew\u00e4hrt. Die Anlagen sind weltweit im Einsatz, von den USA bis S\u00fcdkorea, von Norwegen bis S\u00fcdafrika. Ein Dino f\u00fcr jeden Produkttyp F\u00fcr das Verladen staubender oder explosionsgef\u00e4hrlicher Pulver wie St\u00e4rke gelten nat\u00fcrlich andere technische Vorgaben [&hellip;]<\/p>\n","protected":false},"author":1,"featured_media":0,"parent":3793,"menu_order":4,"comment_status":"closed","ping_status":"closed","template":"","meta":{"_acf_changed":false,"content-type":"","inline_featured_image":false,"footnotes":""},"class_list":["post-3831","page","type-page","status-publish","hentry"],"acf":[],"yoast_head":"<!-- This site is optimized with the Yoast SEO plugin v27.5 - https:\/\/yoast.com\/product\/yoast-seo-wordpress\/ -->\n<title>Technische Informationen zur Dino Silowagenf\u00fcllanlage | Van Beek<\/title>\n<meta name=\"description\" content=\"Der Dino ist eine zuverl\u00e4ssige mobile Verladeanlage, die f\u00fcr zahlreiche Lebensmittel, Kunststoffe und chemische Produkte einsetzbar ist.\" \/>\n<meta name=\"robots\" content=\"index, follow, max-snippet:-1, max-image-preview:large, max-video-preview:-1\" \/>\n<link rel=\"canonical\" href=\"https:\/\/www.van-beek.nl\/de\/silowagenfuellanlagen\/technische-informationen\/\" \/>\n<meta property=\"og:locale\" content=\"de_DE\" \/>\n<meta property=\"og:type\" content=\"article\" \/>\n<meta property=\"og:title\" content=\"Technische Informationen zur Dino Silowagenf\u00fcllanlage | Van Beek\" \/>\n<meta property=\"og:description\" content=\"Der Dino ist eine zuverl\u00e4ssige mobile Verladeanlage, die f\u00fcr zahlreiche Lebensmittel, Kunststoffe und chemische Produkte einsetzbar ist.\" \/>\n<meta property=\"og:url\" content=\"https:\/\/www.van-beek.nl\/de\/silowagenfuellanlagen\/technische-informationen\/\" \/>\n<meta property=\"og:site_name\" content=\"Van Beek Schroeftransport\" \/>\n<meta property=\"article:modified_time\" content=\"2023-01-23T11:04:05+00:00\" \/>\n<meta name=\"twitter:card\" content=\"summary_large_image\" \/>\n<meta name=\"twitter:label1\" content=\"Gesch\u00e4tzte Lesezeit\" \/>\n\t<meta name=\"twitter:data1\" content=\"1\u00a0Minute\" \/>\n<script type=\"application\/ld+json\" class=\"yoast-schema-graph\">{\"@context\":\"https:\\\/\\\/schema.org\",\"@graph\":[{\"@type\":\"WebPage\",\"@id\":\"https:\\\/\\\/www.van-beek.nl\\\/de\\\/silowagenfuellanlagen\\\/technische-informationen\\\/\",\"url\":\"https:\\\/\\\/www.van-beek.nl\\\/de\\\/silowagenfuellanlagen\\\/technische-informationen\\\/\",\"name\":\"Technische Informationen zur Dino Silowagenf\u00fcllanlage | Van Beek\",\"isPartOf\":{\"@id\":\"https:\\\/\\\/www.van-beek.nl\\\/de\\\/#website\"},\"datePublished\":\"2020-03-25T15:20:18+00:00\",\"dateModified\":\"2023-01-23T11:04:05+00:00\",\"description\":\"Der Dino ist eine zuverl\u00e4ssige mobile Verladeanlage, die f\u00fcr zahlreiche Lebensmittel, Kunststoffe und chemische Produkte einsetzbar ist.\",\"breadcrumb\":{\"@id\":\"https:\\\/\\\/www.van-beek.nl\\\/de\\\/silowagenfuellanlagen\\\/technische-informationen\\\/#breadcrumb\"},\"inLanguage\":\"de\",\"potentialAction\":[{\"@type\":\"ReadAction\",\"target\":[\"https:\\\/\\\/www.van-beek.nl\\\/de\\\/silowagenfuellanlagen\\\/technische-informationen\\\/\"]}]},{\"@type\":\"BreadcrumbList\",\"@id\":\"https:\\\/\\\/www.van-beek.nl\\\/de\\\/silowagenfuellanlagen\\\/technische-informationen\\\/#breadcrumb\",\"itemListElement\":[{\"@type\":\"ListItem\",\"position\":1,\"name\":\"Home\",\"item\":\"https:\\\/\\\/www.van-beek.nl\\\/de\\\/\"},{\"@type\":\"ListItem\",\"position\":2,\"name\":\"Dino Silowagenf\u00fcllanlagen\",\"item\":\"https:\\\/\\\/www.van-beek.nl\\\/de\\\/silowagenfuellanlagen\\\/\"},{\"@type\":\"ListItem\",\"position\":3,\"name\":\"Technische Informationen\"}]},{\"@type\":\"WebSite\",\"@id\":\"https:\\\/\\\/www.van-beek.nl\\\/de\\\/#website\",\"url\":\"https:\\\/\\\/www.van-beek.nl\\\/de\\\/\",\"name\":\"Van Beek Schroeftransport\",\"description\":\"\",\"publisher\":{\"@id\":\"https:\\\/\\\/www.van-beek.nl\\\/de\\\/#organization\"},\"potentialAction\":[{\"@type\":\"SearchAction\",\"target\":{\"@type\":\"EntryPoint\",\"urlTemplate\":\"https:\\\/\\\/www.van-beek.nl\\\/de\\\/?s={search_term_string}\"},\"query-input\":{\"@type\":\"PropertyValueSpecification\",\"valueRequired\":true,\"valueName\":\"search_term_string\"}}],\"inLanguage\":\"de\"},{\"@type\":\"Organization\",\"@id\":\"https:\\\/\\\/www.van-beek.nl\\\/de\\\/#organization\",\"name\":\"Transportschroeven- en machinefabriek Van Beek B.V.\",\"url\":\"https:\\\/\\\/www.van-beek.nl\\\/de\\\/\",\"logo\":{\"@type\":\"ImageObject\",\"inLanguage\":\"de\",\"@id\":\"https:\\\/\\\/www.van-beek.nl\\\/de\\\/#\\\/schema\\\/logo\\\/image\\\/\",\"url\":\"https:\\\/\\\/van-beek.nl\\\/wp-content\\\/uploads\\\/2020\\\/04\\\/VanBeek-logo.png\",\"contentUrl\":\"https:\\\/\\\/van-beek.nl\\\/wp-content\\\/uploads\\\/2020\\\/04\\\/VanBeek-logo.png\",\"width\":116,\"height\":22,\"caption\":\"Transportschroeven- en machinefabriek Van Beek B.V.\"},\"image\":{\"@id\":\"https:\\\/\\\/www.van-beek.nl\\\/de\\\/#\\\/schema\\\/logo\\\/image\\\/\"}}]}<\/script>\n<!-- \/ Yoast SEO plugin. -->","yoast_head_json":{"title":"Technische Informationen zur Dino Silowagenf\u00fcllanlage | Van Beek","description":"Der Dino ist eine zuverl\u00e4ssige mobile Verladeanlage, die f\u00fcr zahlreiche Lebensmittel, Kunststoffe und chemische Produkte einsetzbar ist.","robots":{"index":"index","follow":"follow","max-snippet":"max-snippet:-1","max-image-preview":"max-image-preview:large","max-video-preview":"max-video-preview:-1"},"canonical":"https:\/\/www.van-beek.nl\/de\/silowagenfuellanlagen\/technische-informationen\/","og_locale":"de_DE","og_type":"article","og_title":"Technische Informationen zur Dino Silowagenf\u00fcllanlage | Van Beek","og_description":"Der Dino ist eine zuverl\u00e4ssige mobile Verladeanlage, die f\u00fcr zahlreiche Lebensmittel, Kunststoffe und chemische Produkte einsetzbar ist.","og_url":"https:\/\/www.van-beek.nl\/de\/silowagenfuellanlagen\/technische-informationen\/","og_site_name":"Van Beek Schroeftransport","article_modified_time":"2023-01-23T11:04:05+00:00","twitter_card":"summary_large_image","twitter_misc":{"Gesch\u00e4tzte Lesezeit":"1\u00a0Minute"},"schema":{"@context":"https:\/\/schema.org","@graph":[{"@type":"WebPage","@id":"https:\/\/www.van-beek.nl\/de\/silowagenfuellanlagen\/technische-informationen\/","url":"https:\/\/www.van-beek.nl\/de\/silowagenfuellanlagen\/technische-informationen\/","name":"Technische Informationen zur Dino Silowagenf\u00fcllanlage | Van Beek","isPartOf":{"@id":"https:\/\/www.van-beek.nl\/de\/#website"},"datePublished":"2020-03-25T15:20:18+00:00","dateModified":"2023-01-23T11:04:05+00:00","description":"Der Dino ist eine zuverl\u00e4ssige mobile Verladeanlage, die f\u00fcr zahlreiche Lebensmittel, Kunststoffe und chemische Produkte einsetzbar ist.","breadcrumb":{"@id":"https:\/\/www.van-beek.nl\/de\/silowagenfuellanlagen\/technische-informationen\/#breadcrumb"},"inLanguage":"de","potentialAction":[{"@type":"ReadAction","target":["https:\/\/www.van-beek.nl\/de\/silowagenfuellanlagen\/technische-informationen\/"]}]},{"@type":"BreadcrumbList","@id":"https:\/\/www.van-beek.nl\/de\/silowagenfuellanlagen\/technische-informationen\/#breadcrumb","itemListElement":[{"@type":"ListItem","position":1,"name":"Home","item":"https:\/\/www.van-beek.nl\/de\/"},{"@type":"ListItem","position":2,"name":"Dino Silowagenf\u00fcllanlagen","item":"https:\/\/www.van-beek.nl\/de\/silowagenfuellanlagen\/"},{"@type":"ListItem","position":3,"name":"Technische Informationen"}]},{"@type":"WebSite","@id":"https:\/\/www.van-beek.nl\/de\/#website","url":"https:\/\/www.van-beek.nl\/de\/","name":"Van Beek Schroeftransport","description":"","publisher":{"@id":"https:\/\/www.van-beek.nl\/de\/#organization"},"potentialAction":[{"@type":"SearchAction","target":{"@type":"EntryPoint","urlTemplate":"https:\/\/www.van-beek.nl\/de\/?s={search_term_string}"},"query-input":{"@type":"PropertyValueSpecification","valueRequired":true,"valueName":"search_term_string"}}],"inLanguage":"de"},{"@type":"Organization","@id":"https:\/\/www.van-beek.nl\/de\/#organization","name":"Transportschroeven- en machinefabriek Van Beek B.V.","url":"https:\/\/www.van-beek.nl\/de\/","logo":{"@type":"ImageObject","inLanguage":"de","@id":"https:\/\/www.van-beek.nl\/de\/#\/schema\/logo\/image\/","url":"https:\/\/van-beek.nl\/wp-content\/uploads\/2020\/04\/VanBeek-logo.png","contentUrl":"https:\/\/van-beek.nl\/wp-content\/uploads\/2020\/04\/VanBeek-logo.png","width":116,"height":22,"caption":"Transportschroeven- en machinefabriek Van Beek B.V."},"image":{"@id":"https:\/\/www.van-beek.nl\/de\/#\/schema\/logo\/image\/"}}]}},"_links":{"self":[{"href":"https:\/\/www.van-beek.nl\/de\/wp-json\/wp\/v2\/pages\/3831","targetHints":{"allow":["GET"]}}],"collection":[{"href":"https:\/\/www.van-beek.nl\/de\/wp-json\/wp\/v2\/pages"}],"about":[{"href":"https:\/\/www.van-beek.nl\/de\/wp-json\/wp\/v2\/types\/page"}],"author":[{"embeddable":true,"href":"https:\/\/www.van-beek.nl\/de\/wp-json\/wp\/v2\/users\/1"}],"replies":[{"embeddable":true,"href":"https:\/\/www.van-beek.nl\/de\/wp-json\/wp\/v2\/comments?post=3831"}],"version-history":[{"count":9,"href":"https:\/\/www.van-beek.nl\/de\/wp-json\/wp\/v2\/pages\/3831\/revisions"}],"predecessor-version":[{"id":11612,"href":"https:\/\/www.van-beek.nl\/de\/wp-json\/wp\/v2\/pages\/3831\/revisions\/11612"}],"up":[{"embeddable":true,"href":"https:\/\/www.van-beek.nl\/de\/wp-json\/wp\/v2\/pages\/3793"}],"wp:attachment":[{"href":"https:\/\/www.van-beek.nl\/de\/wp-json\/wp\/v2\/media?parent=3831"}],"curies":[{"name":"wp","href":"https:\/\/api.w.org\/{rel}","templated":true}]}}