{"id":3832,"date":"2020-03-25T15:20:40","date_gmt":"2020-03-25T15:20:40","guid":{"rendered":"https:\/\/van-beek.nl\/dino-silowagenfuellanlagen\/ausfuehrungen-und-zusatzausstattung\/"},"modified":"2025-05-28T13:49:43","modified_gmt":"2025-05-28T11:49:43","slug":"ausfuehrungen-und-zusatzausstattung","status":"publish","type":"page","link":"https:\/\/www.van-beek.nl\/de\/silowagenfuellanlagen\/ausfuehrungen-und-zusatzausstattung\/","title":{"rendered":"Ausf\u00fchrungen und Zusatzausstattung"},"content":{"rendered":"<p><strong>F\u00fcr den Dino stehen einige vorkonfigurierte Ausf\u00fchrungen zur Wahl, die f\u00fcr viele Anwendungen sofort problemlos einsetzbar sind. Brauchen Sie f\u00fcr Ihre Anwendung eine Spezialanfertigung des Dino? Auch dann k\u00f6nnen wir Ihnen nat\u00fcrlich weiterhelfen.<br \/>\n<\/strong><\/p>\n<p>Mit den Standardkonfigurationen wie der Zement-Version und der ATEX-Version bietet Van Beek vielseitige L\u00f6sungen. Der Dino DS400 Cement wurde speziell f\u00fcr die effiziente Verarbeitung zementartiger Stoffe entwickelt, w\u00e4hrend der ATEX-Dino speziell f\u00fcr gef\u00e4hrliche Arbeitsumgebungen entwickelt wurde und s\u00e4mtliche ATEX-Richtlinien erf\u00fcllt. Dies erm\u00f6glicht den Einsatz in einer ATEX-Zone 20 innen und ATEX-Zone 21 oder 22 au\u00dfen.<\/p>\n<p>Wir behalten die Eigenschaften unterschiedlicher Produkte immer im Hinterkopf. Daher versetzen wir uns gerne in Ihre Lage, um mit Ihnen eine spezifische L\u00f6sung zu entwickeln, die Ihren W\u00fcnschen genau entspricht.<\/p>\n<h2>Die verschiedene Zusatzausstattungen<\/h2>\n","protected":false},"excerpt":{"rendered":"<p>F\u00fcr den Dino stehen einige vorkonfigurierte Ausf\u00fchrungen zur Wahl, die f\u00fcr viele Anwendungen sofort problemlos einsetzbar sind. Brauchen Sie f\u00fcr Ihre Anwendung eine Spezialanfertigung des Dino? Auch dann k\u00f6nnen wir Ihnen nat\u00fcrlich weiterhelfen. Mit den Standardkonfigurationen wie der Zement-Version und der ATEX-Version bietet Van Beek vielseitige L\u00f6sungen. Der Dino DS400 Cement wurde speziell f\u00fcr die [&hellip;]<\/p>\n","protected":false},"author":1,"featured_media":0,"parent":3793,"menu_order":5,"comment_status":"closed","ping_status":"closed","template":"dino-opties.php","meta":{"_acf_changed":false,"content-type":"","inline_featured_image":false,"footnotes":""},"class_list":["post-3832","page","type-page","status-publish","hentry"],"acf":[],"yoast_head":"<!-- This site is optimized with the Yoast SEO plugin v27.5 - https:\/\/yoast.com\/product\/yoast-seo-wordpress\/ -->\n<title>Ausf\u00fchrungen und Zusatzausstattung zur Dino Silowagenf\u00fcllanlage | Van Beek<\/title>\n<meta name=\"description\" content=\"Brauchen Sie f\u00fcr Ihre Anwendung eine Spezialanfertigung des Dino? Sie k\u00f6nnen dann unter diversen Ausf\u00fchrungen und Zusatzausstattung w\u00e4hlen, mit denen Ihr Dino allen Herausforderungen gewachsen ist!\" \/>\n<meta name=\"robots\" content=\"index, follow, max-snippet:-1, max-image-preview:large, max-video-preview:-1\" \/>\n<link rel=\"canonical\" href=\"https:\/\/www.van-beek.nl\/de\/silowagenfuellanlagen\/ausfuehrungen-und-zusatzausstattung\/\" \/>\n<meta property=\"og:locale\" content=\"de_DE\" \/>\n<meta property=\"og:type\" content=\"article\" \/>\n<meta property=\"og:title\" content=\"Ausf\u00fchrungen und Zusatzausstattung zur Dino Silowagenf\u00fcllanlage | Van Beek\" \/>\n<meta property=\"og:description\" content=\"Brauchen Sie f\u00fcr Ihre Anwendung eine Spezialanfertigung des Dino? Sie k\u00f6nnen dann unter diversen Ausf\u00fchrungen und Zusatzausstattung w\u00e4hlen, mit denen Ihr Dino allen Herausforderungen gewachsen ist!\" \/>\n<meta property=\"og:url\" content=\"https:\/\/www.van-beek.nl\/de\/silowagenfuellanlagen\/ausfuehrungen-und-zusatzausstattung\/\" \/>\n<meta property=\"og:site_name\" content=\"Van Beek Schroeftransport\" \/>\n<meta property=\"article:modified_time\" content=\"2025-05-28T11:49:43+00:00\" \/>\n<meta name=\"twitter:card\" content=\"summary_large_image\" \/>\n<meta name=\"twitter:label1\" content=\"Gesch\u00e4tzte Lesezeit\" \/>\n\t<meta name=\"twitter:data1\" content=\"1\u00a0Minute\" \/>\n<script type=\"application\/ld+json\" class=\"yoast-schema-graph\">{\"@context\":\"https:\\\/\\\/schema.org\",\"@graph\":[{\"@type\":\"WebPage\",\"@id\":\"https:\\\/\\\/www.van-beek.nl\\\/de\\\/silowagenfuellanlagen\\\/ausfuehrungen-und-zusatzausstattung\\\/\",\"url\":\"https:\\\/\\\/www.van-beek.nl\\\/de\\\/silowagenfuellanlagen\\\/ausfuehrungen-und-zusatzausstattung\\\/\",\"name\":\"Ausf\u00fchrungen und Zusatzausstattung zur Dino Silowagenf\u00fcllanlage | Van Beek\",\"isPartOf\":{\"@id\":\"https:\\\/\\\/www.van-beek.nl\\\/de\\\/#website\"},\"datePublished\":\"2020-03-25T15:20:40+00:00\",\"dateModified\":\"2025-05-28T11:49:43+00:00\",\"description\":\"Brauchen Sie f\u00fcr Ihre Anwendung eine Spezialanfertigung des Dino? Sie k\u00f6nnen dann unter diversen Ausf\u00fchrungen und Zusatzausstattung w\u00e4hlen, mit denen Ihr Dino allen Herausforderungen gewachsen ist!\",\"breadcrumb\":{\"@id\":\"https:\\\/\\\/www.van-beek.nl\\\/de\\\/silowagenfuellanlagen\\\/ausfuehrungen-und-zusatzausstattung\\\/#breadcrumb\"},\"inLanguage\":\"de\",\"potentialAction\":[{\"@type\":\"ReadAction\",\"target\":[\"https:\\\/\\\/www.van-beek.nl\\\/de\\\/silowagenfuellanlagen\\\/ausfuehrungen-und-zusatzausstattung\\\/\"]}]},{\"@type\":\"BreadcrumbList\",\"@id\":\"https:\\\/\\\/www.van-beek.nl\\\/de\\\/silowagenfuellanlagen\\\/ausfuehrungen-und-zusatzausstattung\\\/#breadcrumb\",\"itemListElement\":[{\"@type\":\"ListItem\",\"position\":1,\"name\":\"Home\",\"item\":\"https:\\\/\\\/www.van-beek.nl\\\/de\\\/\"},{\"@type\":\"ListItem\",\"position\":2,\"name\":\"Dino Silowagenf\u00fcllanlagen\",\"item\":\"https:\\\/\\\/www.van-beek.nl\\\/de\\\/silowagenfuellanlagen\\\/\"},{\"@type\":\"ListItem\",\"position\":3,\"name\":\"Ausf\u00fchrungen und Zusatzausstattung\"}]},{\"@type\":\"WebSite\",\"@id\":\"https:\\\/\\\/www.van-beek.nl\\\/de\\\/#website\",\"url\":\"https:\\\/\\\/www.van-beek.nl\\\/de\\\/\",\"name\":\"Van Beek Schroeftransport\",\"description\":\"\",\"publisher\":{\"@id\":\"https:\\\/\\\/www.van-beek.nl\\\/de\\\/#organization\"},\"potentialAction\":[{\"@type\":\"SearchAction\",\"target\":{\"@type\":\"EntryPoint\",\"urlTemplate\":\"https:\\\/\\\/www.van-beek.nl\\\/de\\\/?s={search_term_string}\"},\"query-input\":{\"@type\":\"PropertyValueSpecification\",\"valueRequired\":true,\"valueName\":\"search_term_string\"}}],\"inLanguage\":\"de\"},{\"@type\":\"Organization\",\"@id\":\"https:\\\/\\\/www.van-beek.nl\\\/de\\\/#organization\",\"name\":\"Transportschroeven- en machinefabriek Van Beek B.V.\",\"url\":\"https:\\\/\\\/www.van-beek.nl\\\/de\\\/\",\"logo\":{\"@type\":\"ImageObject\",\"inLanguage\":\"de\",\"@id\":\"https:\\\/\\\/www.van-beek.nl\\\/de\\\/#\\\/schema\\\/logo\\\/image\\\/\",\"url\":\"https:\\\/\\\/van-beek.nl\\\/wp-content\\\/uploads\\\/2020\\\/04\\\/VanBeek-logo.png\",\"contentUrl\":\"https:\\\/\\\/van-beek.nl\\\/wp-content\\\/uploads\\\/2020\\\/04\\\/VanBeek-logo.png\",\"width\":116,\"height\":22,\"caption\":\"Transportschroeven- en machinefabriek Van Beek B.V.\"},\"image\":{\"@id\":\"https:\\\/\\\/www.van-beek.nl\\\/de\\\/#\\\/schema\\\/logo\\\/image\\\/\"}}]}<\/script>\n<!-- \/ Yoast SEO plugin. -->","yoast_head_json":{"title":"Ausf\u00fchrungen und Zusatzausstattung zur Dino Silowagenf\u00fcllanlage | Van Beek","description":"Brauchen Sie f\u00fcr Ihre Anwendung eine Spezialanfertigung des Dino? Sie k\u00f6nnen dann unter diversen Ausf\u00fchrungen und Zusatzausstattung w\u00e4hlen, mit denen Ihr Dino allen Herausforderungen gewachsen ist!","robots":{"index":"index","follow":"follow","max-snippet":"max-snippet:-1","max-image-preview":"max-image-preview:large","max-video-preview":"max-video-preview:-1"},"canonical":"https:\/\/www.van-beek.nl\/de\/silowagenfuellanlagen\/ausfuehrungen-und-zusatzausstattung\/","og_locale":"de_DE","og_type":"article","og_title":"Ausf\u00fchrungen und Zusatzausstattung zur Dino Silowagenf\u00fcllanlage | Van Beek","og_description":"Brauchen Sie f\u00fcr Ihre Anwendung eine Spezialanfertigung des Dino? Sie k\u00f6nnen dann unter diversen Ausf\u00fchrungen und Zusatzausstattung w\u00e4hlen, mit denen Ihr Dino allen Herausforderungen gewachsen ist!","og_url":"https:\/\/www.van-beek.nl\/de\/silowagenfuellanlagen\/ausfuehrungen-und-zusatzausstattung\/","og_site_name":"Van Beek Schroeftransport","article_modified_time":"2025-05-28T11:49:43+00:00","twitter_card":"summary_large_image","twitter_misc":{"Gesch\u00e4tzte Lesezeit":"1\u00a0Minute"},"schema":{"@context":"https:\/\/schema.org","@graph":[{"@type":"WebPage","@id":"https:\/\/www.van-beek.nl\/de\/silowagenfuellanlagen\/ausfuehrungen-und-zusatzausstattung\/","url":"https:\/\/www.van-beek.nl\/de\/silowagenfuellanlagen\/ausfuehrungen-und-zusatzausstattung\/","name":"Ausf\u00fchrungen und Zusatzausstattung zur Dino Silowagenf\u00fcllanlage | Van Beek","isPartOf":{"@id":"https:\/\/www.van-beek.nl\/de\/#website"},"datePublished":"2020-03-25T15:20:40+00:00","dateModified":"2025-05-28T11:49:43+00:00","description":"Brauchen Sie f\u00fcr Ihre Anwendung eine Spezialanfertigung des Dino? Sie k\u00f6nnen dann unter diversen Ausf\u00fchrungen und Zusatzausstattung w\u00e4hlen, mit denen Ihr Dino allen Herausforderungen gewachsen ist!","breadcrumb":{"@id":"https:\/\/www.van-beek.nl\/de\/silowagenfuellanlagen\/ausfuehrungen-und-zusatzausstattung\/#breadcrumb"},"inLanguage":"de","potentialAction":[{"@type":"ReadAction","target":["https:\/\/www.van-beek.nl\/de\/silowagenfuellanlagen\/ausfuehrungen-und-zusatzausstattung\/"]}]},{"@type":"BreadcrumbList","@id":"https:\/\/www.van-beek.nl\/de\/silowagenfuellanlagen\/ausfuehrungen-und-zusatzausstattung\/#breadcrumb","itemListElement":[{"@type":"ListItem","position":1,"name":"Home","item":"https:\/\/www.van-beek.nl\/de\/"},{"@type":"ListItem","position":2,"name":"Dino Silowagenf\u00fcllanlagen","item":"https:\/\/www.van-beek.nl\/de\/silowagenfuellanlagen\/"},{"@type":"ListItem","position":3,"name":"Ausf\u00fchrungen und Zusatzausstattung"}]},{"@type":"WebSite","@id":"https:\/\/www.van-beek.nl\/de\/#website","url":"https:\/\/www.van-beek.nl\/de\/","name":"Van Beek Schroeftransport","description":"","publisher":{"@id":"https:\/\/www.van-beek.nl\/de\/#organization"},"potentialAction":[{"@type":"SearchAction","target":{"@type":"EntryPoint","urlTemplate":"https:\/\/www.van-beek.nl\/de\/?s={search_term_string}"},"query-input":{"@type":"PropertyValueSpecification","valueRequired":true,"valueName":"search_term_string"}}],"inLanguage":"de"},{"@type":"Organization","@id":"https:\/\/www.van-beek.nl\/de\/#organization","name":"Transportschroeven- en machinefabriek Van Beek B.V.","url":"https:\/\/www.van-beek.nl\/de\/","logo":{"@type":"ImageObject","inLanguage":"de","@id":"https:\/\/www.van-beek.nl\/de\/#\/schema\/logo\/image\/","url":"https:\/\/van-beek.nl\/wp-content\/uploads\/2020\/04\/VanBeek-logo.png","contentUrl":"https:\/\/van-beek.nl\/wp-content\/uploads\/2020\/04\/VanBeek-logo.png","width":116,"height":22,"caption":"Transportschroeven- en machinefabriek Van Beek B.V."},"image":{"@id":"https:\/\/www.van-beek.nl\/de\/#\/schema\/logo\/image\/"}}]}},"_links":{"self":[{"href":"https:\/\/www.van-beek.nl\/de\/wp-json\/wp\/v2\/pages\/3832","targetHints":{"allow":["GET"]}}],"collection":[{"href":"https:\/\/www.van-beek.nl\/de\/wp-json\/wp\/v2\/pages"}],"about":[{"href":"https:\/\/www.van-beek.nl\/de\/wp-json\/wp\/v2\/types\/page"}],"author":[{"embeddable":true,"href":"https:\/\/www.van-beek.nl\/de\/wp-json\/wp\/v2\/users\/1"}],"replies":[{"embeddable":true,"href":"https:\/\/www.van-beek.nl\/de\/wp-json\/wp\/v2\/comments?post=3832"}],"version-history":[{"count":7,"href":"https:\/\/www.van-beek.nl\/de\/wp-json\/wp\/v2\/pages\/3832\/revisions"}],"predecessor-version":[{"id":13281,"href":"https:\/\/www.van-beek.nl\/de\/wp-json\/wp\/v2\/pages\/3832\/revisions\/13281"}],"up":[{"embeddable":true,"href":"https:\/\/www.van-beek.nl\/de\/wp-json\/wp\/v2\/pages\/3793"}],"wp:attachment":[{"href":"https:\/\/www.van-beek.nl\/de\/wp-json\/wp\/v2\/media?parent=3832"}],"curies":[{"name":"wp","href":"https:\/\/api.w.org\/{rel}","templated":true}]}}