{"id":3834,"date":"2020-03-25T15:21:20","date_gmt":"2020-03-25T15:21:20","guid":{"rendered":"https:\/\/van-beek.nl\/dino-silowagenfuellanlagen\/broschueren-silowagenfuellanlagen\/"},"modified":"2023-11-15T18:14:59","modified_gmt":"2023-11-15T16:14:59","slug":"broschueren-silowagenfuellanlagen","status":"publish","type":"page","link":"https:\/\/www.van-beek.nl\/de\/silowagenfuellanlagen\/broschueren-silowagenfuellanlagen\/","title":{"rendered":"Downloads Dino"},"content":{"rendered":"","protected":false},"excerpt":{"rendered":"","protected":false},"author":1,"featured_media":4686,"parent":3793,"menu_order":7,"comment_status":"closed","ping_status":"closed","template":"downloads.php","meta":{"_acf_changed":false,"content-type":"","inline_featured_image":false,"footnotes":""},"class_list":["post-3834","page","type-page","status-publish","has-post-thumbnail","hentry"],"acf":[],"yoast_head":"<!-- This site is optimized with the Yoast SEO plugin v27.5 - https:\/\/yoast.com\/product\/yoast-seo-wordpress\/ -->\n<title>Brosch\u00fcren Dino Silowagenf\u00fcllanlage | Van Beek<\/title>\n<meta name=\"description\" content=\"M\u00f6chten Sie Brosch\u00fcren \u00fcber den Dino herunterladen? Bitte bedienen Sie sich. Klicken Sie auf die gew\u00fcnschte Brosch\u00fcre. Wir k\u00f6nnen Ihnen die Brosch\u00fcren gegebenenfalls auch per Post schicken.\" \/>\n<meta name=\"robots\" content=\"index, follow, max-snippet:-1, max-image-preview:large, max-video-preview:-1\" \/>\n<link rel=\"canonical\" href=\"https:\/\/www.van-beek.nl\/de\/silowagenfuellanlagen\/broschueren-silowagenfuellanlagen\/\" \/>\n<meta property=\"og:locale\" content=\"de_DE\" \/>\n<meta property=\"og:type\" content=\"article\" \/>\n<meta property=\"og:title\" content=\"Brosch\u00fcren Dino Silowagenf\u00fcllanlage | Van Beek\" \/>\n<meta property=\"og:description\" content=\"M\u00f6chten Sie Brosch\u00fcren \u00fcber den Dino herunterladen? Bitte bedienen Sie sich. Klicken Sie auf die gew\u00fcnschte Brosch\u00fcre. Wir k\u00f6nnen Ihnen die Brosch\u00fcren gegebenenfalls auch per Post schicken.\" \/>\n<meta property=\"og:url\" content=\"https:\/\/www.van-beek.nl\/de\/silowagenfuellanlagen\/broschueren-silowagenfuellanlagen\/\" \/>\n<meta property=\"og:site_name\" content=\"Van Beek Schroeftransport\" \/>\n<meta property=\"article:modified_time\" content=\"2023-11-15T16:14:59+00:00\" \/>\n<meta name=\"twitter:card\" content=\"summary_large_image\" \/>\n<script type=\"application\/ld+json\" class=\"yoast-schema-graph\">{\"@context\":\"https:\\\/\\\/schema.org\",\"@graph\":[{\"@type\":\"WebPage\",\"@id\":\"https:\\\/\\\/www.van-beek.nl\\\/de\\\/silowagenfuellanlagen\\\/broschueren-silowagenfuellanlagen\\\/\",\"url\":\"https:\\\/\\\/www.van-beek.nl\\\/de\\\/silowagenfuellanlagen\\\/broschueren-silowagenfuellanlagen\\\/\",\"name\":\"Brosch\u00fcren Dino Silowagenf\u00fcllanlage | Van Beek\",\"isPartOf\":{\"@id\":\"https:\\\/\\\/www.van-beek.nl\\\/de\\\/#website\"},\"primaryImageOfPage\":{\"@id\":\"https:\\\/\\\/www.van-beek.nl\\\/de\\\/silowagenfuellanlagen\\\/broschueren-silowagenfuellanlagen\\\/#primaryimage\"},\"image\":{\"@id\":\"https:\\\/\\\/www.van-beek.nl\\\/de\\\/silowagenfuellanlagen\\\/broschueren-silowagenfuellanlagen\\\/#primaryimage\"},\"thumbnailUrl\":\"https:\\\/\\\/www.van-beek.nl\\\/wp-content\\\/uploads\\\/2021\\\/04\\\/Van-Beek-icoon-website-Oranje-Downloads-Dino-01.jpg\",\"datePublished\":\"2020-03-25T15:21:20+00:00\",\"dateModified\":\"2023-11-15T16:14:59+00:00\",\"description\":\"M\u00f6chten Sie Brosch\u00fcren \u00fcber den Dino herunterladen? Bitte bedienen Sie sich. Klicken Sie auf die gew\u00fcnschte Brosch\u00fcre. Wir k\u00f6nnen Ihnen die Brosch\u00fcren gegebenenfalls auch per Post schicken.\",\"breadcrumb\":{\"@id\":\"https:\\\/\\\/www.van-beek.nl\\\/de\\\/silowagenfuellanlagen\\\/broschueren-silowagenfuellanlagen\\\/#breadcrumb\"},\"inLanguage\":\"de\",\"potentialAction\":[{\"@type\":\"ReadAction\",\"target\":[\"https:\\\/\\\/www.van-beek.nl\\\/de\\\/silowagenfuellanlagen\\\/broschueren-silowagenfuellanlagen\\\/\"]}]},{\"@type\":\"ImageObject\",\"inLanguage\":\"de\",\"@id\":\"https:\\\/\\\/www.van-beek.nl\\\/de\\\/silowagenfuellanlagen\\\/broschueren-silowagenfuellanlagen\\\/#primaryimage\",\"url\":\"https:\\\/\\\/www.van-beek.nl\\\/wp-content\\\/uploads\\\/2021\\\/04\\\/Van-Beek-icoon-website-Oranje-Downloads-Dino-01.jpg\",\"contentUrl\":\"https:\\\/\\\/www.van-beek.nl\\\/wp-content\\\/uploads\\\/2021\\\/04\\\/Van-Beek-icoon-website-Oranje-Downloads-Dino-01.jpg\",\"width\":2084,\"height\":2084},{\"@type\":\"BreadcrumbList\",\"@id\":\"https:\\\/\\\/www.van-beek.nl\\\/de\\\/silowagenfuellanlagen\\\/broschueren-silowagenfuellanlagen\\\/#breadcrumb\",\"itemListElement\":[{\"@type\":\"ListItem\",\"position\":1,\"name\":\"Home\",\"item\":\"https:\\\/\\\/www.van-beek.nl\\\/de\\\/\"},{\"@type\":\"ListItem\",\"position\":2,\"name\":\"Dino Silowagenf\u00fcllanlagen\",\"item\":\"https:\\\/\\\/www.van-beek.nl\\\/de\\\/silowagenfuellanlagen\\\/\"},{\"@type\":\"ListItem\",\"position\":3,\"name\":\"Downloads Dino\"}]},{\"@type\":\"WebSite\",\"@id\":\"https:\\\/\\\/www.van-beek.nl\\\/de\\\/#website\",\"url\":\"https:\\\/\\\/www.van-beek.nl\\\/de\\\/\",\"name\":\"Van Beek Schroeftransport\",\"description\":\"\",\"publisher\":{\"@id\":\"https:\\\/\\\/www.van-beek.nl\\\/de\\\/#organization\"},\"potentialAction\":[{\"@type\":\"SearchAction\",\"target\":{\"@type\":\"EntryPoint\",\"urlTemplate\":\"https:\\\/\\\/www.van-beek.nl\\\/de\\\/?s={search_term_string}\"},\"query-input\":{\"@type\":\"PropertyValueSpecification\",\"valueRequired\":true,\"valueName\":\"search_term_string\"}}],\"inLanguage\":\"de\"},{\"@type\":\"Organization\",\"@id\":\"https:\\\/\\\/www.van-beek.nl\\\/de\\\/#organization\",\"name\":\"Transportschroeven- en machinefabriek Van Beek B.V.\",\"url\":\"https:\\\/\\\/www.van-beek.nl\\\/de\\\/\",\"logo\":{\"@type\":\"ImageObject\",\"inLanguage\":\"de\",\"@id\":\"https:\\\/\\\/www.van-beek.nl\\\/de\\\/#\\\/schema\\\/logo\\\/image\\\/\",\"url\":\"https:\\\/\\\/van-beek.nl\\\/wp-content\\\/uploads\\\/2020\\\/04\\\/VanBeek-logo.png\",\"contentUrl\":\"https:\\\/\\\/van-beek.nl\\\/wp-content\\\/uploads\\\/2020\\\/04\\\/VanBeek-logo.png\",\"width\":116,\"height\":22,\"caption\":\"Transportschroeven- en machinefabriek Van Beek B.V.\"},\"image\":{\"@id\":\"https:\\\/\\\/www.van-beek.nl\\\/de\\\/#\\\/schema\\\/logo\\\/image\\\/\"}}]}<\/script>\n<!-- \/ Yoast SEO plugin. -->","yoast_head_json":{"title":"Brosch\u00fcren Dino Silowagenf\u00fcllanlage | Van Beek","description":"M\u00f6chten Sie Brosch\u00fcren \u00fcber den Dino herunterladen? Bitte bedienen Sie sich. Klicken Sie auf die gew\u00fcnschte Brosch\u00fcre. Wir k\u00f6nnen Ihnen die Brosch\u00fcren gegebenenfalls auch per Post schicken.","robots":{"index":"index","follow":"follow","max-snippet":"max-snippet:-1","max-image-preview":"max-image-preview:large","max-video-preview":"max-video-preview:-1"},"canonical":"https:\/\/www.van-beek.nl\/de\/silowagenfuellanlagen\/broschueren-silowagenfuellanlagen\/","og_locale":"de_DE","og_type":"article","og_title":"Brosch\u00fcren Dino Silowagenf\u00fcllanlage | Van Beek","og_description":"M\u00f6chten Sie Brosch\u00fcren \u00fcber den Dino herunterladen? Bitte bedienen Sie sich. Klicken Sie auf die gew\u00fcnschte Brosch\u00fcre. Wir k\u00f6nnen Ihnen die Brosch\u00fcren gegebenenfalls auch per Post schicken.","og_url":"https:\/\/www.van-beek.nl\/de\/silowagenfuellanlagen\/broschueren-silowagenfuellanlagen\/","og_site_name":"Van Beek Schroeftransport","article_modified_time":"2023-11-15T16:14:59+00:00","twitter_card":"summary_large_image","schema":{"@context":"https:\/\/schema.org","@graph":[{"@type":"WebPage","@id":"https:\/\/www.van-beek.nl\/de\/silowagenfuellanlagen\/broschueren-silowagenfuellanlagen\/","url":"https:\/\/www.van-beek.nl\/de\/silowagenfuellanlagen\/broschueren-silowagenfuellanlagen\/","name":"Brosch\u00fcren Dino Silowagenf\u00fcllanlage | Van Beek","isPartOf":{"@id":"https:\/\/www.van-beek.nl\/de\/#website"},"primaryImageOfPage":{"@id":"https:\/\/www.van-beek.nl\/de\/silowagenfuellanlagen\/broschueren-silowagenfuellanlagen\/#primaryimage"},"image":{"@id":"https:\/\/www.van-beek.nl\/de\/silowagenfuellanlagen\/broschueren-silowagenfuellanlagen\/#primaryimage"},"thumbnailUrl":"https:\/\/www.van-beek.nl\/wp-content\/uploads\/2021\/04\/Van-Beek-icoon-website-Oranje-Downloads-Dino-01.jpg","datePublished":"2020-03-25T15:21:20+00:00","dateModified":"2023-11-15T16:14:59+00:00","description":"M\u00f6chten Sie Brosch\u00fcren \u00fcber den Dino herunterladen? Bitte bedienen Sie sich. Klicken Sie auf die gew\u00fcnschte Brosch\u00fcre. Wir k\u00f6nnen Ihnen die Brosch\u00fcren gegebenenfalls auch per Post schicken.","breadcrumb":{"@id":"https:\/\/www.van-beek.nl\/de\/silowagenfuellanlagen\/broschueren-silowagenfuellanlagen\/#breadcrumb"},"inLanguage":"de","potentialAction":[{"@type":"ReadAction","target":["https:\/\/www.van-beek.nl\/de\/silowagenfuellanlagen\/broschueren-silowagenfuellanlagen\/"]}]},{"@type":"ImageObject","inLanguage":"de","@id":"https:\/\/www.van-beek.nl\/de\/silowagenfuellanlagen\/broschueren-silowagenfuellanlagen\/#primaryimage","url":"https:\/\/www.van-beek.nl\/wp-content\/uploads\/2021\/04\/Van-Beek-icoon-website-Oranje-Downloads-Dino-01.jpg","contentUrl":"https:\/\/www.van-beek.nl\/wp-content\/uploads\/2021\/04\/Van-Beek-icoon-website-Oranje-Downloads-Dino-01.jpg","width":2084,"height":2084},{"@type":"BreadcrumbList","@id":"https:\/\/www.van-beek.nl\/de\/silowagenfuellanlagen\/broschueren-silowagenfuellanlagen\/#breadcrumb","itemListElement":[{"@type":"ListItem","position":1,"name":"Home","item":"https:\/\/www.van-beek.nl\/de\/"},{"@type":"ListItem","position":2,"name":"Dino Silowagenf\u00fcllanlagen","item":"https:\/\/www.van-beek.nl\/de\/silowagenfuellanlagen\/"},{"@type":"ListItem","position":3,"name":"Downloads Dino"}]},{"@type":"WebSite","@id":"https:\/\/www.van-beek.nl\/de\/#website","url":"https:\/\/www.van-beek.nl\/de\/","name":"Van Beek Schroeftransport","description":"","publisher":{"@id":"https:\/\/www.van-beek.nl\/de\/#organization"},"potentialAction":[{"@type":"SearchAction","target":{"@type":"EntryPoint","urlTemplate":"https:\/\/www.van-beek.nl\/de\/?s={search_term_string}"},"query-input":{"@type":"PropertyValueSpecification","valueRequired":true,"valueName":"search_term_string"}}],"inLanguage":"de"},{"@type":"Organization","@id":"https:\/\/www.van-beek.nl\/de\/#organization","name":"Transportschroeven- en machinefabriek Van Beek B.V.","url":"https:\/\/www.van-beek.nl\/de\/","logo":{"@type":"ImageObject","inLanguage":"de","@id":"https:\/\/www.van-beek.nl\/de\/#\/schema\/logo\/image\/","url":"https:\/\/van-beek.nl\/wp-content\/uploads\/2020\/04\/VanBeek-logo.png","contentUrl":"https:\/\/van-beek.nl\/wp-content\/uploads\/2020\/04\/VanBeek-logo.png","width":116,"height":22,"caption":"Transportschroeven- en machinefabriek Van Beek B.V."},"image":{"@id":"https:\/\/www.van-beek.nl\/de\/#\/schema\/logo\/image\/"}}]}},"_links":{"self":[{"href":"https:\/\/www.van-beek.nl\/de\/wp-json\/wp\/v2\/pages\/3834","targetHints":{"allow":["GET"]}}],"collection":[{"href":"https:\/\/www.van-beek.nl\/de\/wp-json\/wp\/v2\/pages"}],"about":[{"href":"https:\/\/www.van-beek.nl\/de\/wp-json\/wp\/v2\/types\/page"}],"author":[{"embeddable":true,"href":"https:\/\/www.van-beek.nl\/de\/wp-json\/wp\/v2\/users\/1"}],"replies":[{"embeddable":true,"href":"https:\/\/www.van-beek.nl\/de\/wp-json\/wp\/v2\/comments?post=3834"}],"version-history":[{"count":9,"href":"https:\/\/www.van-beek.nl\/de\/wp-json\/wp\/v2\/pages\/3834\/revisions"}],"predecessor-version":[{"id":12402,"href":"https:\/\/www.van-beek.nl\/de\/wp-json\/wp\/v2\/pages\/3834\/revisions\/12402"}],"up":[{"embeddable":true,"href":"https:\/\/www.van-beek.nl\/de\/wp-json\/wp\/v2\/pages\/3793"}],"wp:featuredmedia":[{"embeddable":true,"href":"https:\/\/www.van-beek.nl\/de\/wp-json\/wp\/v2\/media\/4686"}],"wp:attachment":[{"href":"https:\/\/www.van-beek.nl\/de\/wp-json\/wp\/v2\/media?parent=3834"}],"curies":[{"name":"wp","href":"https:\/\/api.w.org\/{rel}","templated":true}]}}