{"id":3838,"date":"2020-03-25T15:24:33","date_gmt":"2020-03-25T15:24:33","guid":{"rendered":"https:\/\/van-beek.nl\/dosieren\/"},"modified":"2021-06-09T13:00:39","modified_gmt":"2021-06-09T13:00:39","slug":"dosieren","status":"publish","type":"page","link":"https:\/\/www.van-beek.nl\/de\/schneckenfoerderer\/dosieren\/","title":{"rendered":"Dosieren"},"content":{"rendered":"<p><strong>Mit unseren individuell, auf Ihre Betriebssituation zugeschnittenen Dosierschnecken k\u00f6nnen Sie Pulver und Granulate dosieren sowie Verpackungen und Bigbags mit Trockenstoffen f\u00fcllen. Dabei ist sowohl eine grobe als auch feine Dosierung oder eine Kombination dieser Techniken m\u00f6glich.<\/strong><\/p>\n<h2>Dosiersysteme f\u00fcr die Chemie-, Pharma-, Lebensmittel- und Futtermittelindustrie<\/h2>\n<p>Die Dosieranlagen von Van Beek erm\u00f6glichen sowohl die volumetrische als auch gravimetrische Dosierung von Sch\u00fcttgut, z. B. zur verfahrensm\u00e4\u00dfigen F\u00fcllung von Verpackungen oder die dosierte Zuf\u00fchrung eines Produkts im kontinuierlichen Verfahren. Unsere Dosieranlagen eignen sich ideal zur staubfreien F\u00fcllung kleiner Verpackungen\/von S\u00e4cken und Bigbags im Batch-Verfahren.<\/p>\n<h2>Dosierschnecken in diversen Ausf\u00fchrungen<\/h2>\n<p>Ihre Schneckendosierer k\u00f6nnen aus Stahl (EN 1.0037), Edelstahl AISI 304 (EN 1.4301), AISI 316 (EN 1.4401) oder allen anderen g\u00e4ngigen Stahlsorten hergestellt werden. Auch die zertifizierte explosionssichere Ausf\u00fchrung (ATEX) ist m\u00f6glich. Gegebenenfalls k\u00f6nnen Sie die Schnecke gegen eine andere austauschen, sodass der Dosierbereich Ihrer Anlage erheblich gesteigert wird. Wir k\u00f6nnen Ihnen auch Zuf\u00fchrschnecken anbieten, eventuell auch raumsparend mit einem bestimmten Winkel.<\/p>\n<h2>Dosierschnecken f\u00fcr Produkte mit ung\u00fcnstigen Flie\u00dfeigenschaften<\/h2>\n<p>Dosierschnecken lassen sich jedoch nicht nur zur Dosierung frei flie\u00dfender Pulver und Granulate einsetzen, sondern auch f\u00fcr zusammenhaltende Sch\u00fcttg\u00fcter, eventuell kombiniert mit L\u00f6sungen wie einem <a href=\"\/de\/schneckenfoerderer\/puffern\/ruehrwerke\/\"><u>R\u00fchrwerk<\/u><\/a>.<\/p>\n<h2>Einfach reinigbare und inspizierbare Dosierschnecken<\/h2>\n<p>Dosierschnecken lassen sich zur gr\u00fcndlichen Reinigung und Inspektion schnell und einfach demontieren. Sie eignen sich daher ideal f\u00fcr Prozesse mit h\u00e4ufigen Produktwechseln. Unsere Dosierschnecken haben eine lange Lebensdauer und einen minimalen Wartungsbedarf.<\/p>\n<h2>Problemlose Dosierung<\/h2>\n<p>Unsere kundenspezifischen Dosierschnecken sind genau auf Ihre Prozesse abgestimmt, z. B. hinsichtlich:<\/p>\n<ul>\n<li>des F\u00f6rderguttyps<\/li>\n<li>des Flie\u00dfverhaltens des Sch\u00fcttguts<\/li>\n<li>der Dichte des Massenguts<\/li>\n<li>der minimalen und maximalen Zuf\u00fchrgeschwindigkeit<\/li>\n<li>der Partikelgr\u00f6\u00dfe des Massenguts<\/li>\n<li>der Form und des Inhalts des Trichters<\/li>\n<li>anderer Schneckenf\u00f6rderanlagen.<\/li>\n<\/ul>\n<p>Mit einer ausgekl\u00fcgelt konzipierten Dosierschnecke k\u00f6nnen Probleme bei der Dosierung gel\u00f6st werden. Aufgrund unserer langj\u00e4hrigen Erfahrung und Spezialisierung auf die Schneckenf\u00f6rderertechnologie denken wir gerne mit Ihnen mit.<\/p>\n<h3>M\u00f6chten Sie mehr \u00fcber die Dosierung von Stoffen erfahren? Bitte <a href=\"\/de\/schneckenfoerderer\/kontakt-van-beek\/\">wenden Sie sich dann an uns<\/a>.<\/h3>\n","protected":false},"excerpt":{"rendered":"<p>Mit unseren individuell, auf Ihre Betriebssituation zugeschnittenen Dosierschnecken k\u00f6nnen Sie Pulver und Granulate dosieren sowie Verpackungen und Bigbags mit Trockenstoffen f\u00fcllen. Dabei ist sowohl eine grobe als auch feine Dosierung oder eine Kombination dieser Techniken m\u00f6glich. Dosiersysteme f\u00fcr die Chemie-, Pharma-, Lebensmittel- und Futtermittelindustrie Die Dosieranlagen von Van Beek erm\u00f6glichen sowohl die volumetrische als auch [&hellip;]<\/p>\n","protected":false},"author":1,"featured_media":0,"parent":3864,"menu_order":0,"comment_status":"closed","ping_status":"closed","template":"subpage.php","meta":{"_acf_changed":false,"content-type":"","inline_featured_image":false,"footnotes":""},"class_list":["post-3838","page","type-page","status-publish","hentry"],"acf":[],"yoast_head":"<!-- This site is optimized with the Yoast SEO plugin v27.5 - https:\/\/yoast.com\/product\/yoast-seo-wordpress\/ -->\n<title>Dosierschnecken f\u00fcr diverse Dosierungen | Van Beek<\/title>\n<meta name=\"description\" content=\"Mit unseren individuell gefertigten Dosierschnecken k\u00f6nnen Sie Pulver und Granulate dosieren sowie Verpackungen und Bigbags mit Trockenstoffen f\u00fcllen.\" \/>\n<meta name=\"robots\" content=\"index, follow, max-snippet:-1, max-image-preview:large, max-video-preview:-1\" \/>\n<link rel=\"canonical\" href=\"https:\/\/www.van-beek.nl\/de\/schneckenfoerderer\/dosieren\/\" \/>\n<meta property=\"og:locale\" content=\"de_DE\" \/>\n<meta property=\"og:type\" content=\"article\" \/>\n<meta property=\"og:title\" content=\"Dosierschnecken f\u00fcr diverse Dosierungen | Van Beek\" \/>\n<meta property=\"og:description\" content=\"Mit unseren individuell gefertigten Dosierschnecken k\u00f6nnen Sie Pulver und Granulate dosieren sowie Verpackungen und Bigbags mit Trockenstoffen f\u00fcllen.\" \/>\n<meta property=\"og:url\" content=\"https:\/\/www.van-beek.nl\/de\/schneckenfoerderer\/dosieren\/\" \/>\n<meta property=\"og:site_name\" content=\"Van Beek Schroeftransport\" \/>\n<meta property=\"article:modified_time\" content=\"2021-06-09T13:00:39+00:00\" \/>\n<meta name=\"twitter:card\" content=\"summary_large_image\" \/>\n<meta name=\"twitter:label1\" content=\"Gesch\u00e4tzte Lesezeit\" \/>\n\t<meta name=\"twitter:data1\" content=\"2\u00a0Minuten\" \/>\n<script type=\"application\/ld+json\" class=\"yoast-schema-graph\">{\"@context\":\"https:\\\/\\\/schema.org\",\"@graph\":[{\"@type\":\"WebPage\",\"@id\":\"https:\\\/\\\/www.van-beek.nl\\\/de\\\/schneckenfoerderer\\\/dosieren\\\/\",\"url\":\"https:\\\/\\\/www.van-beek.nl\\\/de\\\/schneckenfoerderer\\\/dosieren\\\/\",\"name\":\"Dosierschnecken f\u00fcr diverse Dosierungen | Van Beek\",\"isPartOf\":{\"@id\":\"https:\\\/\\\/www.van-beek.nl\\\/de\\\/#website\"},\"datePublished\":\"2020-03-25T15:24:33+00:00\",\"dateModified\":\"2021-06-09T13:00:39+00:00\",\"description\":\"Mit unseren individuell gefertigten Dosierschnecken k\u00f6nnen Sie Pulver und Granulate dosieren sowie Verpackungen und Bigbags mit Trockenstoffen f\u00fcllen.\",\"breadcrumb\":{\"@id\":\"https:\\\/\\\/www.van-beek.nl\\\/de\\\/schneckenfoerderer\\\/dosieren\\\/#breadcrumb\"},\"inLanguage\":\"de\",\"potentialAction\":[{\"@type\":\"ReadAction\",\"target\":[\"https:\\\/\\\/www.van-beek.nl\\\/de\\\/schneckenfoerderer\\\/dosieren\\\/\"]}]},{\"@type\":\"BreadcrumbList\",\"@id\":\"https:\\\/\\\/www.van-beek.nl\\\/de\\\/schneckenfoerderer\\\/dosieren\\\/#breadcrumb\",\"itemListElement\":[{\"@type\":\"ListItem\",\"position\":1,\"name\":\"Home\",\"item\":\"https:\\\/\\\/www.van-beek.nl\\\/de\\\/\"},{\"@type\":\"ListItem\",\"position\":2,\"name\":\"Schneckenf\u00f6rderer\",\"item\":\"https:\\\/\\\/www.van-beek.nl\\\/de\\\/schneckenfoerderer\\\/\"},{\"@type\":\"ListItem\",\"position\":3,\"name\":\"Dosieren\"}]},{\"@type\":\"WebSite\",\"@id\":\"https:\\\/\\\/www.van-beek.nl\\\/de\\\/#website\",\"url\":\"https:\\\/\\\/www.van-beek.nl\\\/de\\\/\",\"name\":\"Van Beek Schroeftransport\",\"description\":\"\",\"publisher\":{\"@id\":\"https:\\\/\\\/www.van-beek.nl\\\/de\\\/#organization\"},\"potentialAction\":[{\"@type\":\"SearchAction\",\"target\":{\"@type\":\"EntryPoint\",\"urlTemplate\":\"https:\\\/\\\/www.van-beek.nl\\\/de\\\/?s={search_term_string}\"},\"query-input\":{\"@type\":\"PropertyValueSpecification\",\"valueRequired\":true,\"valueName\":\"search_term_string\"}}],\"inLanguage\":\"de\"},{\"@type\":\"Organization\",\"@id\":\"https:\\\/\\\/www.van-beek.nl\\\/de\\\/#organization\",\"name\":\"Transportschroeven- en machinefabriek Van Beek B.V.\",\"url\":\"https:\\\/\\\/www.van-beek.nl\\\/de\\\/\",\"logo\":{\"@type\":\"ImageObject\",\"inLanguage\":\"de\",\"@id\":\"https:\\\/\\\/www.van-beek.nl\\\/de\\\/#\\\/schema\\\/logo\\\/image\\\/\",\"url\":\"https:\\\/\\\/van-beek.nl\\\/wp-content\\\/uploads\\\/2020\\\/04\\\/VanBeek-logo.png\",\"contentUrl\":\"https:\\\/\\\/van-beek.nl\\\/wp-content\\\/uploads\\\/2020\\\/04\\\/VanBeek-logo.png\",\"width\":116,\"height\":22,\"caption\":\"Transportschroeven- en machinefabriek Van Beek B.V.\"},\"image\":{\"@id\":\"https:\\\/\\\/www.van-beek.nl\\\/de\\\/#\\\/schema\\\/logo\\\/image\\\/\"}}]}<\/script>\n<!-- \/ Yoast SEO plugin. -->","yoast_head_json":{"title":"Dosierschnecken f\u00fcr diverse Dosierungen | Van Beek","description":"Mit unseren individuell gefertigten Dosierschnecken k\u00f6nnen Sie Pulver und Granulate dosieren sowie Verpackungen und Bigbags mit Trockenstoffen f\u00fcllen.","robots":{"index":"index","follow":"follow","max-snippet":"max-snippet:-1","max-image-preview":"max-image-preview:large","max-video-preview":"max-video-preview:-1"},"canonical":"https:\/\/www.van-beek.nl\/de\/schneckenfoerderer\/dosieren\/","og_locale":"de_DE","og_type":"article","og_title":"Dosierschnecken f\u00fcr diverse Dosierungen | Van Beek","og_description":"Mit unseren individuell gefertigten Dosierschnecken k\u00f6nnen Sie Pulver und Granulate dosieren sowie Verpackungen und Bigbags mit Trockenstoffen f\u00fcllen.","og_url":"https:\/\/www.van-beek.nl\/de\/schneckenfoerderer\/dosieren\/","og_site_name":"Van Beek Schroeftransport","article_modified_time":"2021-06-09T13:00:39+00:00","twitter_card":"summary_large_image","twitter_misc":{"Gesch\u00e4tzte Lesezeit":"2\u00a0Minuten"},"schema":{"@context":"https:\/\/schema.org","@graph":[{"@type":"WebPage","@id":"https:\/\/www.van-beek.nl\/de\/schneckenfoerderer\/dosieren\/","url":"https:\/\/www.van-beek.nl\/de\/schneckenfoerderer\/dosieren\/","name":"Dosierschnecken f\u00fcr diverse Dosierungen | Van Beek","isPartOf":{"@id":"https:\/\/www.van-beek.nl\/de\/#website"},"datePublished":"2020-03-25T15:24:33+00:00","dateModified":"2021-06-09T13:00:39+00:00","description":"Mit unseren individuell gefertigten Dosierschnecken k\u00f6nnen Sie Pulver und Granulate dosieren sowie Verpackungen und Bigbags mit Trockenstoffen f\u00fcllen.","breadcrumb":{"@id":"https:\/\/www.van-beek.nl\/de\/schneckenfoerderer\/dosieren\/#breadcrumb"},"inLanguage":"de","potentialAction":[{"@type":"ReadAction","target":["https:\/\/www.van-beek.nl\/de\/schneckenfoerderer\/dosieren\/"]}]},{"@type":"BreadcrumbList","@id":"https:\/\/www.van-beek.nl\/de\/schneckenfoerderer\/dosieren\/#breadcrumb","itemListElement":[{"@type":"ListItem","position":1,"name":"Home","item":"https:\/\/www.van-beek.nl\/de\/"},{"@type":"ListItem","position":2,"name":"Schneckenf\u00f6rderer","item":"https:\/\/www.van-beek.nl\/de\/schneckenfoerderer\/"},{"@type":"ListItem","position":3,"name":"Dosieren"}]},{"@type":"WebSite","@id":"https:\/\/www.van-beek.nl\/de\/#website","url":"https:\/\/www.van-beek.nl\/de\/","name":"Van Beek Schroeftransport","description":"","publisher":{"@id":"https:\/\/www.van-beek.nl\/de\/#organization"},"potentialAction":[{"@type":"SearchAction","target":{"@type":"EntryPoint","urlTemplate":"https:\/\/www.van-beek.nl\/de\/?s={search_term_string}"},"query-input":{"@type":"PropertyValueSpecification","valueRequired":true,"valueName":"search_term_string"}}],"inLanguage":"de"},{"@type":"Organization","@id":"https:\/\/www.van-beek.nl\/de\/#organization","name":"Transportschroeven- en machinefabriek Van Beek B.V.","url":"https:\/\/www.van-beek.nl\/de\/","logo":{"@type":"ImageObject","inLanguage":"de","@id":"https:\/\/www.van-beek.nl\/de\/#\/schema\/logo\/image\/","url":"https:\/\/van-beek.nl\/wp-content\/uploads\/2020\/04\/VanBeek-logo.png","contentUrl":"https:\/\/van-beek.nl\/wp-content\/uploads\/2020\/04\/VanBeek-logo.png","width":116,"height":22,"caption":"Transportschroeven- en machinefabriek Van Beek B.V."},"image":{"@id":"https:\/\/www.van-beek.nl\/de\/#\/schema\/logo\/image\/"}}]}},"_links":{"self":[{"href":"https:\/\/www.van-beek.nl\/de\/wp-json\/wp\/v2\/pages\/3838","targetHints":{"allow":["GET"]}}],"collection":[{"href":"https:\/\/www.van-beek.nl\/de\/wp-json\/wp\/v2\/pages"}],"about":[{"href":"https:\/\/www.van-beek.nl\/de\/wp-json\/wp\/v2\/types\/page"}],"author":[{"embeddable":true,"href":"https:\/\/www.van-beek.nl\/de\/wp-json\/wp\/v2\/users\/1"}],"replies":[{"embeddable":true,"href":"https:\/\/www.van-beek.nl\/de\/wp-json\/wp\/v2\/comments?post=3838"}],"version-history":[{"count":4,"href":"https:\/\/www.van-beek.nl\/de\/wp-json\/wp\/v2\/pages\/3838\/revisions"}],"predecessor-version":[{"id":8027,"href":"https:\/\/www.van-beek.nl\/de\/wp-json\/wp\/v2\/pages\/3838\/revisions\/8027"}],"up":[{"embeddable":true,"href":"https:\/\/www.van-beek.nl\/de\/wp-json\/wp\/v2\/pages\/3864"}],"wp:attachment":[{"href":"https:\/\/www.van-beek.nl\/de\/wp-json\/wp\/v2\/media?parent=3838"}],"curies":[{"name":"wp","href":"https:\/\/api.w.org\/{rel}","templated":true}]}}