{"id":3839,"date":"2020-03-25T15:24:51","date_gmt":"2020-03-25T15:24:51","guid":{"rendered":"https:\/\/van-beek.nl\/hoehentransport\/"},"modified":"2022-02-17T16:31:45","modified_gmt":"2022-02-17T15:31:45","slug":"hoehentransport","status":"publish","type":"page","link":"https:\/\/www.van-beek.nl\/de\/schneckenfoerderer\/hoehentransport\/","title":{"rendered":"H\u00f6hentransport"},"content":{"rendered":"<p><strong>M\u00f6chten Sie problemlos Pulver, Granulate oder andere Rohstoffe auf ein h\u00f6heres Niveau transportieren? Setzen Sie dann die speziell konstruierten Hebeschnecken von Van Beek ein.<\/strong><\/p>\n<h2>Ein breites Sortiment an Hebeschnecken f\u00fcr eine Vielzahl von Anwendungen<\/h2>\n<p>Hebeschnecken sind hervorragend zum Zuf\u00fchren von Rohstoffen, die einem Produktionsverfahren auf eine sichere und effiziente Weise von oben zugef\u00fchrt werden m\u00fcssen, Van Beek bietet mehrere Anlagen zum H\u00f6hentransport von Rohstoffen:<\/p>\n<ul>\n<li><a href=\"\/de\/schneckenfoerderer\/hoehentransport\/hochfuellanlagen\/\"><u>Steigschnecken <\/u><\/a>sind geschlossene F\u00f6rderanlagen, mit denen dosierte Trockenstoffe Abf\u00fclllinien, Silos und Mischtanks zugef\u00fchrt werden k\u00f6nnen.<\/li>\n<li><a href=\"\/de\/schneckenfoerderer\/hoehentransport\/vertikalfoerderer\/\"><u>Vertikalf\u00f6rderer <\/u><\/a>sind die ideale L\u00f6sung f\u00fcr den senkrechten und raumsparenden Transport von Pulvern oder Granulaten.<\/li>\n<li><a href=\"\/de\/schneckenfoerderer\/hoehentransport\/dino-silowagenfuellanlage\/\"><u>Dino Silowagenf\u00fcllanlagen<\/u><\/a> eignen sich zur staubfreien Verladung von Stoffen aus Bigbags oder auch Masseng\u00fctern aus loser Sch\u00fcttung in u. a. Silofahrzeuge, Eisenbahnwaggons oder offene Kippauflieger.<\/li>\n<li><a href=\"\/de\/schneckenfoerderer\/hoehentransport\/bigbag-entleerstationen\/\"><u>Bigbag-Entleerstationen<\/u><\/a> dienen zum Entleeren verpackter Masseng\u00fcter, wie Pulver, Flocken und Granulaten.<\/li>\n<\/ul>\n<p>Bei der <a href=\"\/branches\/chemie-en-farmacie\/\">Chemieindustrie<\/a>, logistischen Dienstleistern, <a href=\"\/branches\/milieu-industrie\/\">Recyclingunternehmen<\/a> und der <a href=\"\/branches\/voedingsmiddelenindustrie\/\">Lebensmittelindustrie<\/a> werden unsere Hebeschnecken h\u00e4ufig f\u00fcr bestimmte Produktionsschritte oder Verfahren eingesetzt, bei denen H\u00f6henunterschiede \u00fcberwunden werden m\u00fcssen. In unseren <a href=\"\/de\/nachrichten\/\"><u>Fallstudien<\/u><\/a> lesen Sie mehr dazu.<\/p>\n<h2>Einzeln gefertigte Hebeschnecken<\/h2>\n<p>Die Hebeschnecken von Van Beek werden genau anhand Ihrer Vorgaben hergestellt. Sie bestimmen gemeinsam mit uns den Durchmsser, die L\u00e4nge und die Oberfl\u00e4chenbehandlung. F\u00fcr all diese L\u00f6sungen sind unterschiedliche Varianten m\u00f6glich. So k\u00f6nnen wir f\u00fcr Sie mobile Anlagen bauen, oder auch Maschinen, die sich \u00fcber die gesamte L\u00e4nge gut reinigen lassen. Da all unsere Anlagen kundenspezifisch hergestellt werden, passen sie perfekt zu Ihrer Betriebssituation. M\u00f6glicherweise spielt bei Ihnen z. B. die Hygiene eine wichtige Rolle. Nat\u00fcrlich ist auch eine Kombination von Anlagen m\u00f6glich. Mit der Zusatzausstattung und Erweiterungen k\u00f6nnen Sie dann auch bei ge\u00e4nderten Umst\u00e4nden problemlos weiterarbeiten. Bitte ber\u00fccksichtigen Sie dabei, dass eine bestimmte Materialmenge in der Schnecke zur\u00fcckbleibt. Eine Hebeschnecke l\u00e4sst sich nicht komplett w\u00e4hrend des Betriebs entleeren.<\/p>\n<h2>Transport ohne Produktverluste<\/h2>\n<p>Unsere geschlossenen Anlagen sorgen daf\u00fcr, dass Ihre Masseng\u00fcter staubfrei zur gew\u00fcnschten Stelle bef\u00f6rdert werden. Dies spielt insbesondere beim Verladen von chemischen Pulvern eine Rolle oder wenn Verluste des F\u00f6rderguts minimiert werden sollen.<\/p>\n<h2>Sicherer und effizienter H\u00f6hentransport<\/h2>\n<p>Nat\u00fcrlich entsprechen unsere Hebeschnecken den Vorschriften zum Arbeitsschutz und sind mit einer CE-Kennzeichnung bez\u00fcglich der Sicherheit versehen. Wir k\u00f6nnen eine Einzelanlage einschlie\u00dflich Schaltschrank liefern, die sofort einsetzbar ist.<\/p>\n<h3>M\u00f6chten Sie mehr \u00fcber unsere Hebeschnecken erfahren? Bitte <a href=\"\/de\/schneckenfoerderer\/kontakt-van-beek\/\">wenden Sie sich dann an uns<\/a>.<\/h3>\n","protected":false},"excerpt":{"rendered":"<p>M\u00f6chten Sie problemlos Pulver, Granulate oder andere Rohstoffe auf ein h\u00f6heres Niveau transportieren? Setzen Sie dann die speziell konstruierten Hebeschnecken von Van Beek ein. Ein breites Sortiment an Hebeschnecken f\u00fcr eine Vielzahl von Anwendungen Hebeschnecken sind hervorragend zum Zuf\u00fchren von Rohstoffen, die einem Produktionsverfahren auf eine sichere und effiziente Weise von oben zugef\u00fchrt werden m\u00fcssen, [&hellip;]<\/p>\n","protected":false},"author":1,"featured_media":0,"parent":3864,"menu_order":0,"comment_status":"closed","ping_status":"closed","template":"subpage.php","meta":{"_acf_changed":false,"content-type":"","inline_featured_image":false,"footnotes":""},"class_list":["post-3839","page","type-page","status-publish","hentry"],"acf":[],"yoast_head":"<!-- This site is optimized with the Yoast SEO plugin v27.5 - https:\/\/yoast.com\/product\/yoast-seo-wordpress\/ -->\n<title>H\u00f6hentransport von Rohstoffen | Van Beek<\/title>\n<meta name=\"description\" content=\"M\u00f6chten Sie problemlos Pulver, Granulate oder andere Rohstoffe auf ein h\u00f6heres Niveau transportieren? Setzen Sie daf\u00fcr unsere speziell konstruierten Hebeschnecken ein.\" \/>\n<meta name=\"robots\" content=\"index, follow, max-snippet:-1, max-image-preview:large, max-video-preview:-1\" \/>\n<link rel=\"canonical\" href=\"https:\/\/www.van-beek.nl\/de\/schneckenfoerderer\/hoehentransport\/\" \/>\n<meta property=\"og:locale\" content=\"de_DE\" \/>\n<meta property=\"og:type\" content=\"article\" \/>\n<meta property=\"og:title\" content=\"H\u00f6hentransport von Rohstoffen | Van Beek\" \/>\n<meta property=\"og:description\" content=\"M\u00f6chten Sie problemlos Pulver, Granulate oder andere Rohstoffe auf ein h\u00f6heres Niveau transportieren? Setzen Sie daf\u00fcr unsere speziell konstruierten Hebeschnecken ein.\" \/>\n<meta property=\"og:url\" content=\"https:\/\/www.van-beek.nl\/de\/schneckenfoerderer\/hoehentransport\/\" \/>\n<meta property=\"og:site_name\" content=\"Van Beek Schroeftransport\" \/>\n<meta property=\"article:modified_time\" content=\"2022-02-17T15:31:45+00:00\" \/>\n<meta name=\"twitter:card\" content=\"summary_large_image\" \/>\n<meta name=\"twitter:label1\" content=\"Gesch\u00e4tzte Lesezeit\" \/>\n\t<meta name=\"twitter:data1\" content=\"2\u00a0Minuten\" \/>\n<script type=\"application\/ld+json\" class=\"yoast-schema-graph\">{\"@context\":\"https:\\\/\\\/schema.org\",\"@graph\":[{\"@type\":\"WebPage\",\"@id\":\"https:\\\/\\\/www.van-beek.nl\\\/de\\\/schneckenfoerderer\\\/hoehentransport\\\/\",\"url\":\"https:\\\/\\\/www.van-beek.nl\\\/de\\\/schneckenfoerderer\\\/hoehentransport\\\/\",\"name\":\"H\u00f6hentransport von Rohstoffen | Van Beek\",\"isPartOf\":{\"@id\":\"https:\\\/\\\/www.van-beek.nl\\\/de\\\/#website\"},\"datePublished\":\"2020-03-25T15:24:51+00:00\",\"dateModified\":\"2022-02-17T15:31:45+00:00\",\"description\":\"M\u00f6chten Sie problemlos Pulver, Granulate oder andere Rohstoffe auf ein h\u00f6heres Niveau transportieren? Setzen Sie daf\u00fcr unsere speziell konstruierten Hebeschnecken ein.\",\"breadcrumb\":{\"@id\":\"https:\\\/\\\/www.van-beek.nl\\\/de\\\/schneckenfoerderer\\\/hoehentransport\\\/#breadcrumb\"},\"inLanguage\":\"de\",\"potentialAction\":[{\"@type\":\"ReadAction\",\"target\":[\"https:\\\/\\\/www.van-beek.nl\\\/de\\\/schneckenfoerderer\\\/hoehentransport\\\/\"]}]},{\"@type\":\"BreadcrumbList\",\"@id\":\"https:\\\/\\\/www.van-beek.nl\\\/de\\\/schneckenfoerderer\\\/hoehentransport\\\/#breadcrumb\",\"itemListElement\":[{\"@type\":\"ListItem\",\"position\":1,\"name\":\"Home\",\"item\":\"https:\\\/\\\/www.van-beek.nl\\\/de\\\/\"},{\"@type\":\"ListItem\",\"position\":2,\"name\":\"Schneckenf\u00f6rderer\",\"item\":\"https:\\\/\\\/www.van-beek.nl\\\/de\\\/schneckenfoerderer\\\/\"},{\"@type\":\"ListItem\",\"position\":3,\"name\":\"H\u00f6hentransport\"}]},{\"@type\":\"WebSite\",\"@id\":\"https:\\\/\\\/www.van-beek.nl\\\/de\\\/#website\",\"url\":\"https:\\\/\\\/www.van-beek.nl\\\/de\\\/\",\"name\":\"Van Beek Schroeftransport\",\"description\":\"\",\"publisher\":{\"@id\":\"https:\\\/\\\/www.van-beek.nl\\\/de\\\/#organization\"},\"potentialAction\":[{\"@type\":\"SearchAction\",\"target\":{\"@type\":\"EntryPoint\",\"urlTemplate\":\"https:\\\/\\\/www.van-beek.nl\\\/de\\\/?s={search_term_string}\"},\"query-input\":{\"@type\":\"PropertyValueSpecification\",\"valueRequired\":true,\"valueName\":\"search_term_string\"}}],\"inLanguage\":\"de\"},{\"@type\":\"Organization\",\"@id\":\"https:\\\/\\\/www.van-beek.nl\\\/de\\\/#organization\",\"name\":\"Transportschroeven- en machinefabriek Van Beek B.V.\",\"url\":\"https:\\\/\\\/www.van-beek.nl\\\/de\\\/\",\"logo\":{\"@type\":\"ImageObject\",\"inLanguage\":\"de\",\"@id\":\"https:\\\/\\\/www.van-beek.nl\\\/de\\\/#\\\/schema\\\/logo\\\/image\\\/\",\"url\":\"https:\\\/\\\/van-beek.nl\\\/wp-content\\\/uploads\\\/2020\\\/04\\\/VanBeek-logo.png\",\"contentUrl\":\"https:\\\/\\\/van-beek.nl\\\/wp-content\\\/uploads\\\/2020\\\/04\\\/VanBeek-logo.png\",\"width\":116,\"height\":22,\"caption\":\"Transportschroeven- en machinefabriek Van Beek B.V.\"},\"image\":{\"@id\":\"https:\\\/\\\/www.van-beek.nl\\\/de\\\/#\\\/schema\\\/logo\\\/image\\\/\"}}]}<\/script>\n<!-- \/ Yoast SEO plugin. -->","yoast_head_json":{"title":"H\u00f6hentransport von Rohstoffen | Van Beek","description":"M\u00f6chten Sie problemlos Pulver, Granulate oder andere Rohstoffe auf ein h\u00f6heres Niveau transportieren? Setzen Sie daf\u00fcr unsere speziell konstruierten Hebeschnecken ein.","robots":{"index":"index","follow":"follow","max-snippet":"max-snippet:-1","max-image-preview":"max-image-preview:large","max-video-preview":"max-video-preview:-1"},"canonical":"https:\/\/www.van-beek.nl\/de\/schneckenfoerderer\/hoehentransport\/","og_locale":"de_DE","og_type":"article","og_title":"H\u00f6hentransport von Rohstoffen | Van Beek","og_description":"M\u00f6chten Sie problemlos Pulver, Granulate oder andere Rohstoffe auf ein h\u00f6heres Niveau transportieren? Setzen Sie daf\u00fcr unsere speziell konstruierten Hebeschnecken ein.","og_url":"https:\/\/www.van-beek.nl\/de\/schneckenfoerderer\/hoehentransport\/","og_site_name":"Van Beek Schroeftransport","article_modified_time":"2022-02-17T15:31:45+00:00","twitter_card":"summary_large_image","twitter_misc":{"Gesch\u00e4tzte Lesezeit":"2\u00a0Minuten"},"schema":{"@context":"https:\/\/schema.org","@graph":[{"@type":"WebPage","@id":"https:\/\/www.van-beek.nl\/de\/schneckenfoerderer\/hoehentransport\/","url":"https:\/\/www.van-beek.nl\/de\/schneckenfoerderer\/hoehentransport\/","name":"H\u00f6hentransport von Rohstoffen | Van Beek","isPartOf":{"@id":"https:\/\/www.van-beek.nl\/de\/#website"},"datePublished":"2020-03-25T15:24:51+00:00","dateModified":"2022-02-17T15:31:45+00:00","description":"M\u00f6chten Sie problemlos Pulver, Granulate oder andere Rohstoffe auf ein h\u00f6heres Niveau transportieren? Setzen Sie daf\u00fcr unsere speziell konstruierten Hebeschnecken ein.","breadcrumb":{"@id":"https:\/\/www.van-beek.nl\/de\/schneckenfoerderer\/hoehentransport\/#breadcrumb"},"inLanguage":"de","potentialAction":[{"@type":"ReadAction","target":["https:\/\/www.van-beek.nl\/de\/schneckenfoerderer\/hoehentransport\/"]}]},{"@type":"BreadcrumbList","@id":"https:\/\/www.van-beek.nl\/de\/schneckenfoerderer\/hoehentransport\/#breadcrumb","itemListElement":[{"@type":"ListItem","position":1,"name":"Home","item":"https:\/\/www.van-beek.nl\/de\/"},{"@type":"ListItem","position":2,"name":"Schneckenf\u00f6rderer","item":"https:\/\/www.van-beek.nl\/de\/schneckenfoerderer\/"},{"@type":"ListItem","position":3,"name":"H\u00f6hentransport"}]},{"@type":"WebSite","@id":"https:\/\/www.van-beek.nl\/de\/#website","url":"https:\/\/www.van-beek.nl\/de\/","name":"Van Beek Schroeftransport","description":"","publisher":{"@id":"https:\/\/www.van-beek.nl\/de\/#organization"},"potentialAction":[{"@type":"SearchAction","target":{"@type":"EntryPoint","urlTemplate":"https:\/\/www.van-beek.nl\/de\/?s={search_term_string}"},"query-input":{"@type":"PropertyValueSpecification","valueRequired":true,"valueName":"search_term_string"}}],"inLanguage":"de"},{"@type":"Organization","@id":"https:\/\/www.van-beek.nl\/de\/#organization","name":"Transportschroeven- en machinefabriek Van Beek B.V.","url":"https:\/\/www.van-beek.nl\/de\/","logo":{"@type":"ImageObject","inLanguage":"de","@id":"https:\/\/www.van-beek.nl\/de\/#\/schema\/logo\/image\/","url":"https:\/\/van-beek.nl\/wp-content\/uploads\/2020\/04\/VanBeek-logo.png","contentUrl":"https:\/\/van-beek.nl\/wp-content\/uploads\/2020\/04\/VanBeek-logo.png","width":116,"height":22,"caption":"Transportschroeven- en machinefabriek Van Beek B.V."},"image":{"@id":"https:\/\/www.van-beek.nl\/de\/#\/schema\/logo\/image\/"}}]}},"_links":{"self":[{"href":"https:\/\/www.van-beek.nl\/de\/wp-json\/wp\/v2\/pages\/3839","targetHints":{"allow":["GET"]}}],"collection":[{"href":"https:\/\/www.van-beek.nl\/de\/wp-json\/wp\/v2\/pages"}],"about":[{"href":"https:\/\/www.van-beek.nl\/de\/wp-json\/wp\/v2\/types\/page"}],"author":[{"embeddable":true,"href":"https:\/\/www.van-beek.nl\/de\/wp-json\/wp\/v2\/users\/1"}],"replies":[{"embeddable":true,"href":"https:\/\/www.van-beek.nl\/de\/wp-json\/wp\/v2\/comments?post=3839"}],"version-history":[{"count":7,"href":"https:\/\/www.van-beek.nl\/de\/wp-json\/wp\/v2\/pages\/3839\/revisions"}],"predecessor-version":[{"id":10299,"href":"https:\/\/www.van-beek.nl\/de\/wp-json\/wp\/v2\/pages\/3839\/revisions\/10299"}],"up":[{"embeddable":true,"href":"https:\/\/www.van-beek.nl\/de\/wp-json\/wp\/v2\/pages\/3864"}],"wp:attachment":[{"href":"https:\/\/www.van-beek.nl\/de\/wp-json\/wp\/v2\/media?parent=3839"}],"curies":[{"name":"wp","href":"https:\/\/api.w.org\/{rel}","templated":true}]}}