{"id":3840,"date":"2020-03-25T15:25:47","date_gmt":"2020-03-25T15:25:47","guid":{"rendered":"https:\/\/van-beek.nl\/puffern\/"},"modified":"2022-02-17T16:32:38","modified_gmt":"2022-02-17T15:32:38","slug":"puffern","status":"publish","type":"page","link":"https:\/\/www.van-beek.nl\/de\/schneckenfoerderer\/puffern\/","title":{"rendered":"Puffern"},"content":{"rendered":"<p><strong>Viele Unternehmen der Entsorgungs-, Chemie- Lebensmittel- und Futtermittelindustrie kennen das Problem mit der Entnahme klebriger Stoffe, die br\u00f6ckeln, verfestigt sind oder Br\u00fccken bilden und aus einem Puffer entnommen werden sollen. .<\/strong><\/p>\n<h2>Was ist Pufferung?<\/h2>\n<p>\u201ePufferung\u201c ist die vor\u00fcbergehende Lagerung gro\u00dfer oder kleiner Stoffmengen. Dies erfolgt meistens in einem Bunker, Hopper, Silo oder einer sonstigen Lageranlage. Nach der Pufferung lassen sich nicht alle Stoffe leicht weiterverarbeiten. So k\u00f6nnen Pulver z. B. klumpen und zur Br\u00fcckenbildung neigen.<\/p>\n<h2>Ma\u00dfgeschneiderte Pufferanlagen<\/h2>\n<p>Daher empfiehlt es sich, mit der Entwicklung und Herstellung von Pufferanlagen, bei denen diese Probleme vermieden werden, einen Spezialisten zu beauftragen. Nat\u00fcrlich wird die Anlage in Einzelanfertigung hergestellt, wobei die Eigenschaften des zu puffernden Stoffs ber\u00fccksichtigt werden. Wir ermitteln in unserer Testanlage <a href=\"\/de\/know-how\/testzentrum-the-blue-zone\/\">The Blue Zone<\/a> Probleme beim Transport von Massenprodukten. So k\u00f6nnen wir bereits vor Projektbeginn die beste Anwendung f\u00fcr Ihre Betriebssituation bestimmen.<\/p>\n<h2>Probleme bei der Pufferung vermeiden<\/h2>\n<p>Van Beek verf\u00fcgt \u00fcber viel Know-how und jahrzehntelange Erfahrung mit der Pufferung. Wir konstruieren Pufferbeh\u00e4lter, die f\u00fcr einen problemlosen Auslauf und anschlie\u00dfenden Prozess sorgen. Der Wissensschatz, den unsere Spezialisten mit der Schneckenf\u00f6rderungstechnik bei der Entsorgungs-, Chemie-, Lebensmittel- und Futtermittelindustrie aufgebaut haben, ist dabei ein gro\u00dfer Vorteil.<\/p>\n<h3>M\u00f6chten Sie mehr \u00fcber unsere Pufferstationen erfahren? Bitte <a href=\"\/de\/schneckenfoerderer\/kontakt-van-beek\/\">wenden Sie sich dann an uns<\/a>.<\/h3>\n","protected":false},"excerpt":{"rendered":"<p>Viele Unternehmen der Entsorgungs-, Chemie- Lebensmittel- und Futtermittelindustrie kennen das Problem mit der Entnahme klebriger Stoffe, die br\u00f6ckeln, verfestigt sind oder Br\u00fccken bilden und aus einem Puffer entnommen werden sollen. . Was ist Pufferung? \u201ePufferung\u201c ist die vor\u00fcbergehende Lagerung gro\u00dfer oder kleiner Stoffmengen. Dies erfolgt meistens in einem Bunker, Hopper, Silo oder einer sonstigen Lageranlage. [&hellip;]<\/p>\n","protected":false},"author":1,"featured_media":0,"parent":3864,"menu_order":0,"comment_status":"closed","ping_status":"closed","template":"subpage.php","meta":{"_acf_changed":false,"content-type":"","inline_featured_image":false,"footnotes":""},"class_list":["post-3840","page","type-page","status-publish","hentry"],"acf":[],"yoast_head":"<!-- This site is optimized with the Yoast SEO plugin v27.5 - https:\/\/yoast.com\/product\/yoast-seo-wordpress\/ -->\n<title>Pufferstationen f\u00fcr die problemlose Entnahme diverser Stoffe | Van Beek<\/title>\n<meta name=\"description\" content=\"Eine individuell auf die Betriebssituation zugeschnittene Bigbag-Entleerstation von Van Beek mit eingebauter Steigschnecke erleichtert das Verladen verpackter Masseng\u00fcter wesentlich.\" \/>\n<meta name=\"robots\" content=\"index, follow, max-snippet:-1, max-image-preview:large, max-video-preview:-1\" \/>\n<link rel=\"canonical\" href=\"https:\/\/www.van-beek.nl\/de\/schneckenfoerderer\/puffern\/\" \/>\n<meta property=\"og:locale\" content=\"de_DE\" \/>\n<meta property=\"og:type\" content=\"article\" \/>\n<meta property=\"og:title\" content=\"Pufferstationen f\u00fcr die problemlose Entnahme diverser Stoffe | Van Beek\" \/>\n<meta property=\"og:description\" content=\"Eine individuell auf die Betriebssituation zugeschnittene Bigbag-Entleerstation von Van Beek mit eingebauter Steigschnecke erleichtert das Verladen verpackter Masseng\u00fcter wesentlich.\" \/>\n<meta property=\"og:url\" content=\"https:\/\/www.van-beek.nl\/de\/schneckenfoerderer\/puffern\/\" \/>\n<meta property=\"og:site_name\" content=\"Van Beek Schroeftransport\" \/>\n<meta property=\"article:modified_time\" content=\"2022-02-17T15:32:38+00:00\" \/>\n<meta name=\"twitter:card\" content=\"summary_large_image\" \/>\n<meta name=\"twitter:label1\" content=\"Gesch\u00e4tzte Lesezeit\" \/>\n\t<meta name=\"twitter:data1\" content=\"1\u00a0Minute\" \/>\n<script type=\"application\/ld+json\" class=\"yoast-schema-graph\">{\"@context\":\"https:\\\/\\\/schema.org\",\"@graph\":[{\"@type\":\"WebPage\",\"@id\":\"https:\\\/\\\/www.van-beek.nl\\\/de\\\/schneckenfoerderer\\\/puffern\\\/\",\"url\":\"https:\\\/\\\/www.van-beek.nl\\\/de\\\/schneckenfoerderer\\\/puffern\\\/\",\"name\":\"Pufferstationen f\u00fcr die problemlose Entnahme diverser Stoffe | Van Beek\",\"isPartOf\":{\"@id\":\"https:\\\/\\\/www.van-beek.nl\\\/de\\\/#website\"},\"datePublished\":\"2020-03-25T15:25:47+00:00\",\"dateModified\":\"2022-02-17T15:32:38+00:00\",\"description\":\"Eine individuell auf die Betriebssituation zugeschnittene Bigbag-Entleerstation von Van Beek mit eingebauter Steigschnecke erleichtert das Verladen verpackter Masseng\u00fcter wesentlich.\",\"breadcrumb\":{\"@id\":\"https:\\\/\\\/www.van-beek.nl\\\/de\\\/schneckenfoerderer\\\/puffern\\\/#breadcrumb\"},\"inLanguage\":\"de\",\"potentialAction\":[{\"@type\":\"ReadAction\",\"target\":[\"https:\\\/\\\/www.van-beek.nl\\\/de\\\/schneckenfoerderer\\\/puffern\\\/\"]}]},{\"@type\":\"BreadcrumbList\",\"@id\":\"https:\\\/\\\/www.van-beek.nl\\\/de\\\/schneckenfoerderer\\\/puffern\\\/#breadcrumb\",\"itemListElement\":[{\"@type\":\"ListItem\",\"position\":1,\"name\":\"Home\",\"item\":\"https:\\\/\\\/www.van-beek.nl\\\/de\\\/\"},{\"@type\":\"ListItem\",\"position\":2,\"name\":\"Schneckenf\u00f6rderer\",\"item\":\"https:\\\/\\\/www.van-beek.nl\\\/de\\\/schneckenfoerderer\\\/\"},{\"@type\":\"ListItem\",\"position\":3,\"name\":\"Puffern\"}]},{\"@type\":\"WebSite\",\"@id\":\"https:\\\/\\\/www.van-beek.nl\\\/de\\\/#website\",\"url\":\"https:\\\/\\\/www.van-beek.nl\\\/de\\\/\",\"name\":\"Van Beek Schroeftransport\",\"description\":\"\",\"publisher\":{\"@id\":\"https:\\\/\\\/www.van-beek.nl\\\/de\\\/#organization\"},\"potentialAction\":[{\"@type\":\"SearchAction\",\"target\":{\"@type\":\"EntryPoint\",\"urlTemplate\":\"https:\\\/\\\/www.van-beek.nl\\\/de\\\/?s={search_term_string}\"},\"query-input\":{\"@type\":\"PropertyValueSpecification\",\"valueRequired\":true,\"valueName\":\"search_term_string\"}}],\"inLanguage\":\"de\"},{\"@type\":\"Organization\",\"@id\":\"https:\\\/\\\/www.van-beek.nl\\\/de\\\/#organization\",\"name\":\"Transportschroeven- en machinefabriek Van Beek B.V.\",\"url\":\"https:\\\/\\\/www.van-beek.nl\\\/de\\\/\",\"logo\":{\"@type\":\"ImageObject\",\"inLanguage\":\"de\",\"@id\":\"https:\\\/\\\/www.van-beek.nl\\\/de\\\/#\\\/schema\\\/logo\\\/image\\\/\",\"url\":\"https:\\\/\\\/van-beek.nl\\\/wp-content\\\/uploads\\\/2020\\\/04\\\/VanBeek-logo.png\",\"contentUrl\":\"https:\\\/\\\/van-beek.nl\\\/wp-content\\\/uploads\\\/2020\\\/04\\\/VanBeek-logo.png\",\"width\":116,\"height\":22,\"caption\":\"Transportschroeven- en machinefabriek Van Beek B.V.\"},\"image\":{\"@id\":\"https:\\\/\\\/www.van-beek.nl\\\/de\\\/#\\\/schema\\\/logo\\\/image\\\/\"}}]}<\/script>\n<!-- \/ Yoast SEO plugin. -->","yoast_head_json":{"title":"Pufferstationen f\u00fcr die problemlose Entnahme diverser Stoffe | Van Beek","description":"Eine individuell auf die Betriebssituation zugeschnittene Bigbag-Entleerstation von Van Beek mit eingebauter Steigschnecke erleichtert das Verladen verpackter Masseng\u00fcter wesentlich.","robots":{"index":"index","follow":"follow","max-snippet":"max-snippet:-1","max-image-preview":"max-image-preview:large","max-video-preview":"max-video-preview:-1"},"canonical":"https:\/\/www.van-beek.nl\/de\/schneckenfoerderer\/puffern\/","og_locale":"de_DE","og_type":"article","og_title":"Pufferstationen f\u00fcr die problemlose Entnahme diverser Stoffe | Van Beek","og_description":"Eine individuell auf die Betriebssituation zugeschnittene Bigbag-Entleerstation von Van Beek mit eingebauter Steigschnecke erleichtert das Verladen verpackter Masseng\u00fcter wesentlich.","og_url":"https:\/\/www.van-beek.nl\/de\/schneckenfoerderer\/puffern\/","og_site_name":"Van Beek Schroeftransport","article_modified_time":"2022-02-17T15:32:38+00:00","twitter_card":"summary_large_image","twitter_misc":{"Gesch\u00e4tzte Lesezeit":"1\u00a0Minute"},"schema":{"@context":"https:\/\/schema.org","@graph":[{"@type":"WebPage","@id":"https:\/\/www.van-beek.nl\/de\/schneckenfoerderer\/puffern\/","url":"https:\/\/www.van-beek.nl\/de\/schneckenfoerderer\/puffern\/","name":"Pufferstationen f\u00fcr die problemlose Entnahme diverser Stoffe | Van Beek","isPartOf":{"@id":"https:\/\/www.van-beek.nl\/de\/#website"},"datePublished":"2020-03-25T15:25:47+00:00","dateModified":"2022-02-17T15:32:38+00:00","description":"Eine individuell auf die Betriebssituation zugeschnittene Bigbag-Entleerstation von Van Beek mit eingebauter Steigschnecke erleichtert das Verladen verpackter Masseng\u00fcter wesentlich.","breadcrumb":{"@id":"https:\/\/www.van-beek.nl\/de\/schneckenfoerderer\/puffern\/#breadcrumb"},"inLanguage":"de","potentialAction":[{"@type":"ReadAction","target":["https:\/\/www.van-beek.nl\/de\/schneckenfoerderer\/puffern\/"]}]},{"@type":"BreadcrumbList","@id":"https:\/\/www.van-beek.nl\/de\/schneckenfoerderer\/puffern\/#breadcrumb","itemListElement":[{"@type":"ListItem","position":1,"name":"Home","item":"https:\/\/www.van-beek.nl\/de\/"},{"@type":"ListItem","position":2,"name":"Schneckenf\u00f6rderer","item":"https:\/\/www.van-beek.nl\/de\/schneckenfoerderer\/"},{"@type":"ListItem","position":3,"name":"Puffern"}]},{"@type":"WebSite","@id":"https:\/\/www.van-beek.nl\/de\/#website","url":"https:\/\/www.van-beek.nl\/de\/","name":"Van Beek Schroeftransport","description":"","publisher":{"@id":"https:\/\/www.van-beek.nl\/de\/#organization"},"potentialAction":[{"@type":"SearchAction","target":{"@type":"EntryPoint","urlTemplate":"https:\/\/www.van-beek.nl\/de\/?s={search_term_string}"},"query-input":{"@type":"PropertyValueSpecification","valueRequired":true,"valueName":"search_term_string"}}],"inLanguage":"de"},{"@type":"Organization","@id":"https:\/\/www.van-beek.nl\/de\/#organization","name":"Transportschroeven- en machinefabriek Van Beek B.V.","url":"https:\/\/www.van-beek.nl\/de\/","logo":{"@type":"ImageObject","inLanguage":"de","@id":"https:\/\/www.van-beek.nl\/de\/#\/schema\/logo\/image\/","url":"https:\/\/van-beek.nl\/wp-content\/uploads\/2020\/04\/VanBeek-logo.png","contentUrl":"https:\/\/van-beek.nl\/wp-content\/uploads\/2020\/04\/VanBeek-logo.png","width":116,"height":22,"caption":"Transportschroeven- en machinefabriek Van Beek B.V."},"image":{"@id":"https:\/\/www.van-beek.nl\/de\/#\/schema\/logo\/image\/"}}]}},"_links":{"self":[{"href":"https:\/\/www.van-beek.nl\/de\/wp-json\/wp\/v2\/pages\/3840","targetHints":{"allow":["GET"]}}],"collection":[{"href":"https:\/\/www.van-beek.nl\/de\/wp-json\/wp\/v2\/pages"}],"about":[{"href":"https:\/\/www.van-beek.nl\/de\/wp-json\/wp\/v2\/types\/page"}],"author":[{"embeddable":true,"href":"https:\/\/www.van-beek.nl\/de\/wp-json\/wp\/v2\/users\/1"}],"replies":[{"embeddable":true,"href":"https:\/\/www.van-beek.nl\/de\/wp-json\/wp\/v2\/comments?post=3840"}],"version-history":[{"count":4,"href":"https:\/\/www.van-beek.nl\/de\/wp-json\/wp\/v2\/pages\/3840\/revisions"}],"predecessor-version":[{"id":8051,"href":"https:\/\/www.van-beek.nl\/de\/wp-json\/wp\/v2\/pages\/3840\/revisions\/8051"}],"up":[{"embeddable":true,"href":"https:\/\/www.van-beek.nl\/de\/wp-json\/wp\/v2\/pages\/3864"}],"wp:attachment":[{"href":"https:\/\/www.van-beek.nl\/de\/wp-json\/wp\/v2\/media?parent=3840"}],"curies":[{"name":"wp","href":"https:\/\/api.w.org\/{rel}","templated":true}]}}