{"id":3841,"date":"2020-03-25T15:26:03","date_gmt":"2020-03-25T15:26:03","guid":{"rendered":"https:\/\/van-beek.nl\/hygienische-foerderanlagen\/"},"modified":"2021-06-14T12:31:46","modified_gmt":"2021-06-14T12:31:46","slug":"hygienische-foerderanlagen","status":"publish","type":"page","link":"https:\/\/www.van-beek.nl\/de\/schneckenfoerderer\/hygienische-foerderanlagen\/","title":{"rendered":"Hygienische F\u00f6rderanlagen"},"content":{"rendered":"<p><strong>Van Beek h\u00e4lt sich bei der Konstruktion von hygienischen Anlagen und Maschinen f\u00fcr diverse Bereiche der Lebensmittelproduktion u. a. an die Richtlinien der <a href=\"https:\/\/ehedg.de\/\">European Hygienic Engineering &amp; Design Group (EHEDG)<\/a>, <a href=\"https:\/\/www.hdn4food.com\/\">Hygienic Design Network (HDN)<\/a> und <a href=\"https:\/\/www.nmli.de\/\">Dutch Machinery for the Food Industry (DMFI)<\/a>. Die hygienischen Schneckenf\u00f6rderanlagen von Van Beek bieten Ihnen maximale Zuverl\u00e4ssigkeit. Sie entsprechen den Normen und Richtlinien zur Hygiene, die f\u00fcr Ihre Branche gelten.<\/strong><\/p>\n<p><a href=\"https:\/\/ehedg.de\/\"><img loading=\"lazy\" decoding=\"async\" class=\"alignnone wp-image-2094\" src=\"https:\/\/van-beek.nl\/wp-content\/uploads\/2020\/11\/COMPANY_MEMBER_LOGO_2021_CMYK-300x281.jpg\" alt=\"\" width=\"79\" height=\"74\" srcset=\"https:\/\/www.van-beek.nl\/wp-content\/uploads\/2020\/11\/COMPANY_MEMBER_LOGO_2021_CMYK-300x281.jpg 300w, https:\/\/www.van-beek.nl\/wp-content\/uploads\/2020\/11\/COMPANY_MEMBER_LOGO_2021_CMYK.jpg 655w\" sizes=\"auto, (max-width: 79px) 100vw, 79px\" \/><\/a><a href=\"https:\/\/www.hdn4food.com\/\"> \u00a0 \u00a0 \u00a0 \u00a0 <img loading=\"lazy\" decoding=\"async\" class=\"alignnone wp-image-1778\" src=\"https:\/\/van-beek.nl\/wp-content\/uploads\/2020\/09\/1480434182-HDM-hygienic-design-norm-1.jpg\" alt=\"\" width=\"128\" height=\"72\" \/> \u00a0 \u00a0<\/a><a href=\"https:\/\/www.nmli.de\/\"><img loading=\"lazy\" decoding=\"async\" class=\"wp-image-1775 alignleft\" src=\"https:\/\/van-beek.nl\/wp-content\/uploads\/2020\/09\/1480434182-DMFI-Dutch_Machinery_for_the_Food_Industry-1.jpg\" alt=\"\" width=\"146\" height=\"51\" \/><\/a><\/p>\n<h2>Hypreme Schneckenf\u00f6rderer f\u00fcr Lebensmittel und pharmazeutische Inhaltsstoffe<\/h2>\n<p>Unsere Hypreme Schneckenf\u00f6rderer wurden speziell f\u00fcr unsere Kunden der fleisch- und lebensmittelverarbeitenden Industrie und Pharmabranche entwickelt. Da wir gemeinsam die richtigen Werkstoffe, Oberfl\u00e4chenbehandlung, Lager, Dichtungen, Antriebe und Inspektions- und Reinigungsvorrichtungen w\u00e4hlen, erm\u00f6glicht Hypreme jede gew\u00fcnschte Kombination beim hygienischen Transport mit Schneckenf\u00f6rderern.<\/p>\n<h2>Hochwertige Oberfl\u00e4chenbehandlung<\/h2>\n<p>Sie k\u00f6nnen sich f\u00fcr das sehr feine Abschleifen (bis zu einem Mittenrauwert von RA&lt;0,8 \u00b5m) der Bleche und Schwei\u00dfn\u00e4hte und eventuell anschlie\u00dfendes Nassstrahlen entscheiden. Dadurch entsteht eine sehr glatte Oberfl\u00e4che, welche die Reinigung vereinfacht und das Risiko mikrobakteriellen Wachstums vermindert. Die Wahlm\u00f6glichkeiten h\u00e4ngen vom Produkttyp und dem gew\u00fcnschten Reinigungsverfahren ab.<\/p>\n<h2>Hypreme: ein einzigartiges hygienisches Transportsystem<\/h2>\n<p>Bei der Konstruktion Ihres Hypreme-Produktes stehen Ihr Produktionsverfahren und die geltenden Hygieneanforderungen an oberster Stelle. Wir kombinieren ein halbes Jahrhundert an Erfahrungen mit der Konstruktion und Herstellung von Schneckenf\u00f6rderern mit unserem zuverl\u00e4ssigen Netzwerk ausgew\u00e4hlter Komponenten- und Werkstoffanbieter sowie dem Know-how und den Richtlinien von Instituten wie dem HDN und der EHEDG. Die Teile unserer Maschinen, die zur Ber\u00fchrung von Lebensmitteln vorgesehen sind, k\u00f6nnen den US-amerikanischen FDA-Vorgaben, bzw. auf Ihren Wunsch den Vorschriften der Verordnung (EG) Nr. 1935\/2004 \u00fcber Materialien und Gegenst\u00e4nde, die dazu bestimmt sind, mit Lebensmitteln in Ber\u00fchrung zu kommen, entsprechen.<\/p>\n<h2>Van Beek erf\u00fcllt europ\u00e4ische Normen und Richtlinien \u2013 HDN<\/h2>\n<p>Van Beek ist Mitglied der Gruppe <a href=\"https:\/\/www.nmli.de\/\">Dutch Machinery for the Food Industry (DMFI)<\/a>, des niederl\u00e4ndischen Verbands f\u00fcr Metallbetriebe, welche die Interessen der Anbieter von Maschinen und Anlagen f\u00fcr die Lebensmittelindustrie vertritt. Ferner h\u00e4lt Van Beek die Verfahren des <a href=\"http:\/\/www.hdn4food.com\">Hygienic Design Network (HDN)<\/a> ein. Somit wird Ihnen garantiert, dass s\u00e4mtliche unserer Produkte die europ\u00e4ischen Vorschriften f\u00fcr die Konstruktion, Herstellung und Installation von Maschinen und Prozessanlagen f\u00fcr die lebensmittelverarbeitende Industrie erf\u00fcllen.<\/p>\n<h3>M\u00f6chten Sie mehr \u00fcber unsere hygienischen Hypreme Schneckenf\u00f6rderer erfahren? Bitte <a href=\"\/de\/schneckenfoerderer\/kontakt-van-beek\/\">wenden Sie sich dann an uns<\/a>.<\/h3>\n","protected":false},"excerpt":{"rendered":"<p>Van Beek h\u00e4lt sich bei der Konstruktion von hygienischen Anlagen und Maschinen f\u00fcr diverse Bereiche der Lebensmittelproduktion u. a. an die Richtlinien der European Hygienic Engineering &amp; Design Group (EHEDG), Hygienic Design Network (HDN) und Dutch Machinery for the Food Industry (DMFI). Die hygienischen Schneckenf\u00f6rderanlagen von Van Beek bieten Ihnen maximale Zuverl\u00e4ssigkeit. Sie entsprechen den [&hellip;]<\/p>\n","protected":false},"author":1,"featured_media":0,"parent":3864,"menu_order":0,"comment_status":"closed","ping_status":"closed","template":"subpage.php","meta":{"_acf_changed":false,"content-type":"","inline_featured_image":false,"footnotes":""},"class_list":["post-3841","page","type-page","status-publish","hentry"],"acf":[],"yoast_head":"<!-- This site is optimized with the Yoast SEO plugin v27.5 - https:\/\/yoast.com\/product\/yoast-seo-wordpress\/ -->\n<title>Hypreme Schneckenf\u00f6rderer | Van Beek<\/title>\n<meta name=\"description\" content=\"Unsere Hypreme Schneckenf\u00f6rderer wurden speziell f\u00fcr unsere Kunden der fleisch- und lebensmittelverarbeitenden Industrie und Pharmabranche entwickelt.\" \/>\n<meta name=\"robots\" content=\"index, follow, max-snippet:-1, max-image-preview:large, max-video-preview:-1\" \/>\n<link rel=\"canonical\" href=\"https:\/\/www.van-beek.nl\/de\/schneckenfoerderer\/hygienische-foerderanlagen\/\" \/>\n<meta property=\"og:locale\" content=\"de_DE\" \/>\n<meta property=\"og:type\" content=\"article\" \/>\n<meta property=\"og:title\" content=\"Hypreme Schneckenf\u00f6rderer | Van Beek\" \/>\n<meta property=\"og:description\" content=\"Unsere Hypreme Schneckenf\u00f6rderer wurden speziell f\u00fcr unsere Kunden der fleisch- und lebensmittelverarbeitenden Industrie und Pharmabranche entwickelt.\" \/>\n<meta property=\"og:url\" content=\"https:\/\/www.van-beek.nl\/de\/schneckenfoerderer\/hygienische-foerderanlagen\/\" \/>\n<meta property=\"og:site_name\" content=\"Van Beek Schroeftransport\" \/>\n<meta property=\"article:modified_time\" content=\"2021-06-14T12:31:46+00:00\" \/>\n<meta property=\"og:image\" content=\"https:\/\/van-beek.nl\/wp-content\/uploads\/2020\/11\/COMPANY_MEMBER_LOGO_2021_CMYK-300x281.jpg\" \/>\n<meta name=\"twitter:card\" content=\"summary_large_image\" \/>\n<meta name=\"twitter:label1\" content=\"Gesch\u00e4tzte Lesezeit\" \/>\n\t<meta name=\"twitter:data1\" content=\"3\u00a0Minuten\" \/>\n<script type=\"application\/ld+json\" class=\"yoast-schema-graph\">{\"@context\":\"https:\\\/\\\/schema.org\",\"@graph\":[{\"@type\":\"WebPage\",\"@id\":\"https:\\\/\\\/www.van-beek.nl\\\/de\\\/schneckenfoerderer\\\/hygienische-foerderanlagen\\\/\",\"url\":\"https:\\\/\\\/www.van-beek.nl\\\/de\\\/schneckenfoerderer\\\/hygienische-foerderanlagen\\\/\",\"name\":\"Hypreme Schneckenf\u00f6rderer | Van Beek\",\"isPartOf\":{\"@id\":\"https:\\\/\\\/www.van-beek.nl\\\/de\\\/#website\"},\"primaryImageOfPage\":{\"@id\":\"https:\\\/\\\/www.van-beek.nl\\\/de\\\/schneckenfoerderer\\\/hygienische-foerderanlagen\\\/#primaryimage\"},\"image\":{\"@id\":\"https:\\\/\\\/www.van-beek.nl\\\/de\\\/schneckenfoerderer\\\/hygienische-foerderanlagen\\\/#primaryimage\"},\"thumbnailUrl\":\"https:\\\/\\\/van-beek.nl\\\/wp-content\\\/uploads\\\/2020\\\/11\\\/COMPANY_MEMBER_LOGO_2021_CMYK-300x281.jpg\",\"datePublished\":\"2020-03-25T15:26:03+00:00\",\"dateModified\":\"2021-06-14T12:31:46+00:00\",\"description\":\"Unsere Hypreme Schneckenf\u00f6rderer wurden speziell f\u00fcr unsere Kunden der fleisch- und lebensmittelverarbeitenden Industrie und Pharmabranche entwickelt.\",\"breadcrumb\":{\"@id\":\"https:\\\/\\\/www.van-beek.nl\\\/de\\\/schneckenfoerderer\\\/hygienische-foerderanlagen\\\/#breadcrumb\"},\"inLanguage\":\"de\",\"potentialAction\":[{\"@type\":\"ReadAction\",\"target\":[\"https:\\\/\\\/www.van-beek.nl\\\/de\\\/schneckenfoerderer\\\/hygienische-foerderanlagen\\\/\"]}]},{\"@type\":\"ImageObject\",\"inLanguage\":\"de\",\"@id\":\"https:\\\/\\\/www.van-beek.nl\\\/de\\\/schneckenfoerderer\\\/hygienische-foerderanlagen\\\/#primaryimage\",\"url\":\"https:\\\/\\\/van-beek.nl\\\/wp-content\\\/uploads\\\/2020\\\/11\\\/COMPANY_MEMBER_LOGO_2021_CMYK-300x281.jpg\",\"contentUrl\":\"https:\\\/\\\/van-beek.nl\\\/wp-content\\\/uploads\\\/2020\\\/11\\\/COMPANY_MEMBER_LOGO_2021_CMYK-300x281.jpg\"},{\"@type\":\"BreadcrumbList\",\"@id\":\"https:\\\/\\\/www.van-beek.nl\\\/de\\\/schneckenfoerderer\\\/hygienische-foerderanlagen\\\/#breadcrumb\",\"itemListElement\":[{\"@type\":\"ListItem\",\"position\":1,\"name\":\"Home\",\"item\":\"https:\\\/\\\/www.van-beek.nl\\\/de\\\/\"},{\"@type\":\"ListItem\",\"position\":2,\"name\":\"Schneckenf\u00f6rderer\",\"item\":\"https:\\\/\\\/www.van-beek.nl\\\/de\\\/schneckenfoerderer\\\/\"},{\"@type\":\"ListItem\",\"position\":3,\"name\":\"Hygienische F\u00f6rderanlagen\"}]},{\"@type\":\"WebSite\",\"@id\":\"https:\\\/\\\/www.van-beek.nl\\\/de\\\/#website\",\"url\":\"https:\\\/\\\/www.van-beek.nl\\\/de\\\/\",\"name\":\"Van Beek Schroeftransport\",\"description\":\"\",\"publisher\":{\"@id\":\"https:\\\/\\\/www.van-beek.nl\\\/de\\\/#organization\"},\"potentialAction\":[{\"@type\":\"SearchAction\",\"target\":{\"@type\":\"EntryPoint\",\"urlTemplate\":\"https:\\\/\\\/www.van-beek.nl\\\/de\\\/?s={search_term_string}\"},\"query-input\":{\"@type\":\"PropertyValueSpecification\",\"valueRequired\":true,\"valueName\":\"search_term_string\"}}],\"inLanguage\":\"de\"},{\"@type\":\"Organization\",\"@id\":\"https:\\\/\\\/www.van-beek.nl\\\/de\\\/#organization\",\"name\":\"Transportschroeven- en machinefabriek Van Beek B.V.\",\"url\":\"https:\\\/\\\/www.van-beek.nl\\\/de\\\/\",\"logo\":{\"@type\":\"ImageObject\",\"inLanguage\":\"de\",\"@id\":\"https:\\\/\\\/www.van-beek.nl\\\/de\\\/#\\\/schema\\\/logo\\\/image\\\/\",\"url\":\"https:\\\/\\\/van-beek.nl\\\/wp-content\\\/uploads\\\/2020\\\/04\\\/VanBeek-logo.png\",\"contentUrl\":\"https:\\\/\\\/van-beek.nl\\\/wp-content\\\/uploads\\\/2020\\\/04\\\/VanBeek-logo.png\",\"width\":116,\"height\":22,\"caption\":\"Transportschroeven- en machinefabriek Van Beek B.V.\"},\"image\":{\"@id\":\"https:\\\/\\\/www.van-beek.nl\\\/de\\\/#\\\/schema\\\/logo\\\/image\\\/\"}}]}<\/script>\n<!-- \/ Yoast SEO plugin. -->","yoast_head_json":{"title":"Hypreme Schneckenf\u00f6rderer | Van Beek","description":"Unsere Hypreme Schneckenf\u00f6rderer wurden speziell f\u00fcr unsere Kunden der fleisch- und lebensmittelverarbeitenden Industrie und Pharmabranche entwickelt.","robots":{"index":"index","follow":"follow","max-snippet":"max-snippet:-1","max-image-preview":"max-image-preview:large","max-video-preview":"max-video-preview:-1"},"canonical":"https:\/\/www.van-beek.nl\/de\/schneckenfoerderer\/hygienische-foerderanlagen\/","og_locale":"de_DE","og_type":"article","og_title":"Hypreme Schneckenf\u00f6rderer | Van Beek","og_description":"Unsere Hypreme Schneckenf\u00f6rderer wurden speziell f\u00fcr unsere Kunden der fleisch- und lebensmittelverarbeitenden Industrie und Pharmabranche entwickelt.","og_url":"https:\/\/www.van-beek.nl\/de\/schneckenfoerderer\/hygienische-foerderanlagen\/","og_site_name":"Van Beek Schroeftransport","article_modified_time":"2021-06-14T12:31:46+00:00","og_image":[{"url":"https:\/\/van-beek.nl\/wp-content\/uploads\/2020\/11\/COMPANY_MEMBER_LOGO_2021_CMYK-300x281.jpg","type":"","width":"","height":""}],"twitter_card":"summary_large_image","twitter_misc":{"Gesch\u00e4tzte Lesezeit":"3\u00a0Minuten"},"schema":{"@context":"https:\/\/schema.org","@graph":[{"@type":"WebPage","@id":"https:\/\/www.van-beek.nl\/de\/schneckenfoerderer\/hygienische-foerderanlagen\/","url":"https:\/\/www.van-beek.nl\/de\/schneckenfoerderer\/hygienische-foerderanlagen\/","name":"Hypreme Schneckenf\u00f6rderer | Van Beek","isPartOf":{"@id":"https:\/\/www.van-beek.nl\/de\/#website"},"primaryImageOfPage":{"@id":"https:\/\/www.van-beek.nl\/de\/schneckenfoerderer\/hygienische-foerderanlagen\/#primaryimage"},"image":{"@id":"https:\/\/www.van-beek.nl\/de\/schneckenfoerderer\/hygienische-foerderanlagen\/#primaryimage"},"thumbnailUrl":"https:\/\/van-beek.nl\/wp-content\/uploads\/2020\/11\/COMPANY_MEMBER_LOGO_2021_CMYK-300x281.jpg","datePublished":"2020-03-25T15:26:03+00:00","dateModified":"2021-06-14T12:31:46+00:00","description":"Unsere Hypreme Schneckenf\u00f6rderer wurden speziell f\u00fcr unsere Kunden der fleisch- und lebensmittelverarbeitenden Industrie und Pharmabranche entwickelt.","breadcrumb":{"@id":"https:\/\/www.van-beek.nl\/de\/schneckenfoerderer\/hygienische-foerderanlagen\/#breadcrumb"},"inLanguage":"de","potentialAction":[{"@type":"ReadAction","target":["https:\/\/www.van-beek.nl\/de\/schneckenfoerderer\/hygienische-foerderanlagen\/"]}]},{"@type":"ImageObject","inLanguage":"de","@id":"https:\/\/www.van-beek.nl\/de\/schneckenfoerderer\/hygienische-foerderanlagen\/#primaryimage","url":"https:\/\/van-beek.nl\/wp-content\/uploads\/2020\/11\/COMPANY_MEMBER_LOGO_2021_CMYK-300x281.jpg","contentUrl":"https:\/\/van-beek.nl\/wp-content\/uploads\/2020\/11\/COMPANY_MEMBER_LOGO_2021_CMYK-300x281.jpg"},{"@type":"BreadcrumbList","@id":"https:\/\/www.van-beek.nl\/de\/schneckenfoerderer\/hygienische-foerderanlagen\/#breadcrumb","itemListElement":[{"@type":"ListItem","position":1,"name":"Home","item":"https:\/\/www.van-beek.nl\/de\/"},{"@type":"ListItem","position":2,"name":"Schneckenf\u00f6rderer","item":"https:\/\/www.van-beek.nl\/de\/schneckenfoerderer\/"},{"@type":"ListItem","position":3,"name":"Hygienische F\u00f6rderanlagen"}]},{"@type":"WebSite","@id":"https:\/\/www.van-beek.nl\/de\/#website","url":"https:\/\/www.van-beek.nl\/de\/","name":"Van Beek Schroeftransport","description":"","publisher":{"@id":"https:\/\/www.van-beek.nl\/de\/#organization"},"potentialAction":[{"@type":"SearchAction","target":{"@type":"EntryPoint","urlTemplate":"https:\/\/www.van-beek.nl\/de\/?s={search_term_string}"},"query-input":{"@type":"PropertyValueSpecification","valueRequired":true,"valueName":"search_term_string"}}],"inLanguage":"de"},{"@type":"Organization","@id":"https:\/\/www.van-beek.nl\/de\/#organization","name":"Transportschroeven- en machinefabriek Van Beek B.V.","url":"https:\/\/www.van-beek.nl\/de\/","logo":{"@type":"ImageObject","inLanguage":"de","@id":"https:\/\/www.van-beek.nl\/de\/#\/schema\/logo\/image\/","url":"https:\/\/van-beek.nl\/wp-content\/uploads\/2020\/04\/VanBeek-logo.png","contentUrl":"https:\/\/van-beek.nl\/wp-content\/uploads\/2020\/04\/VanBeek-logo.png","width":116,"height":22,"caption":"Transportschroeven- en machinefabriek Van Beek B.V."},"image":{"@id":"https:\/\/www.van-beek.nl\/de\/#\/schema\/logo\/image\/"}}]}},"_links":{"self":[{"href":"https:\/\/www.van-beek.nl\/de\/wp-json\/wp\/v2\/pages\/3841","targetHints":{"allow":["GET"]}}],"collection":[{"href":"https:\/\/www.van-beek.nl\/de\/wp-json\/wp\/v2\/pages"}],"about":[{"href":"https:\/\/www.van-beek.nl\/de\/wp-json\/wp\/v2\/types\/page"}],"author":[{"embeddable":true,"href":"https:\/\/www.van-beek.nl\/de\/wp-json\/wp\/v2\/users\/1"}],"replies":[{"embeddable":true,"href":"https:\/\/www.van-beek.nl\/de\/wp-json\/wp\/v2\/comments?post=3841"}],"version-history":[{"count":4,"href":"https:\/\/www.van-beek.nl\/de\/wp-json\/wp\/v2\/pages\/3841\/revisions"}],"predecessor-version":[{"id":8046,"href":"https:\/\/www.van-beek.nl\/de\/wp-json\/wp\/v2\/pages\/3841\/revisions\/8046"}],"up":[{"embeddable":true,"href":"https:\/\/www.van-beek.nl\/de\/wp-json\/wp\/v2\/pages\/3864"}],"wp:attachment":[{"href":"https:\/\/www.van-beek.nl\/de\/wp-json\/wp\/v2\/media?parent=3841"}],"curies":[{"name":"wp","href":"https:\/\/api.w.org\/{rel}","templated":true}]}}